{"id":21738,"date":"2026-03-28T21:49:23","date_gmt":"2026-03-28T20:49:23","guid":{"rendered":"https:\/\/www.sempertea.eu\/puissance-verte-bio-the-vert-pur-en-bocal-crystal\/"},"modified":"2026-03-28T23:08:32","modified_gmt":"2026-03-28T22:08:32","slug":"the-vert-bio-premium-en-verre","status":"publish","type":"product","link":"https:\/\/www.sempertea.eu\/fr\/the-vert-bio-premium-en-verre\/","title":{"rendered":"PUISSANCE VERTE bio | Th\u00e9 vert pur en bocal Crystal"},"content":{"rendered":"<h2 data-start=\"4265\" data-end=\"4343\">Puissance Verte bio en bocal Crystal \u2013 la puret\u00e9 d\u2019un th\u00e9 vert \u00e9l\u00e9gant, frais et essentiel<\/h2>\n<p data-start=\"4345\" data-end=\"4569\">Puissance Verte bio incarne tout ce que l\u2019on attend d\u2019un grand th\u00e9 vert nature: de la fra\u00eecheur, de la finesse et une sensation de puret\u00e9 en tasse. Sans ar\u00f4mes ajout\u00e9s ni artifices, ce th\u00e9 vert bio pur met \u00e0 l\u2019honneur l\u2019essentiel: un go\u00fbt propre, v\u00e9g\u00e9tal et \u00e9quilibr\u00e9, pens\u00e9 pour les amateurs de th\u00e9 qui appr\u00e9cient la simplicit\u00e9 lorsqu\u2019elle est r\u00e9ellement bien faite.<\/p>\n<h3 data-start=\"5185\" data-end=\"5264\">Puro, fresco y elegante: un t\u00e9 verde premium para disfrutar todos los d\u00edas<\/h3>\n<p data-start=\"4571\" data-end=\"4857\">En bouche, il d\u00e9voile un profil d\u00e9licat mais pr\u00e9sent, avec une belle fra\u00eecheur, des notes v\u00e9g\u00e9tales douces et une finale nette qui donne envie d\u2019y revenir. C\u2019est un th\u00e9 vert facile \u00e0 aimer et encore plus facile \u00e0 int\u00e9grer dans le quotidien, gr\u00e2ce \u00e0 son caract\u00e8re l\u00e9ger, harmonieux et jamais agressif.<\/p>\n<p data-start=\"4859\" data-end=\"5086\">En su <strong data-start=\"4865\" data-end=\"4882\">tarro Crystal<\/strong>, este t\u00e9 verde se convierte adem\u00e1s en un producto bonito, premium y muy regalable. Una elecci\u00f3n excelente para amantes del t\u00e9, detalles gourmet o peque\u00f1os rituales diarios con m\u00e1s intenci\u00f3n y m\u00e1s estilo.<\/p>\n","protected":false},"excerpt":{"rendered":"<p><strong>Th\u00e9 vert pur qui s\u00e9duit par sa fra\u00eecheur et son \u00e9l\u00e9gance<\/strong><\/p>\n<p>Frais, doux et naturellement raffin\u00e9. Un th\u00e9 vert en vrac au profil net, v\u00e9g\u00e9tal et \u00e9quilibr\u00e9, parfait pour celles et ceux qui recherchent une r\u00e9f\u00e9rence premium \u00e0 savourer au quotidien ou \u00e0 offrir avec go\u00fbt.<\/p>\n","protected":false},"featured_media":21730,"comment_status":"open","ping_status":"closed","template":"","meta":[],"product_brand":[],"product_cat":[309,270,307,283,287,310,312,316],"product_tag":[],"class_list":{"0":"post-21738","1":"product","2":"type-product","3":"status-publish","4":"has-post-thumbnail","6":"product_cat-collections","7":"product_cat-acheter-du-the-en-vrac-emballe","8":"product_cat-the-en-vrac-et-bocal-selection-bio-qualite-superieure-fabricant","9":"product_cat-thes-et-infusions-biologiques-de-qualite","10":"product_cat-the-vert-biologique-ou-acheter","11":"product_cat-tous","12":"product_cat-tous-fr-2","13":"product_cat-uncategorized-fr","15":"first","16":"instock","17":"shipping-taxable","18":"purchasable","19":"product-type-simple"},"yoast_head":"<!-- This site is optimized with the Yoast SEO Premium plugin v27.3 (Yoast SEO v27.4) - https:\/\/yoast.com\/product\/yoast-seo-premium-wordpress\/ -->\n<title>Acheter th\u00e9 VERT BIO pur en ligne | Semper Tea th\u00e9 en verre<\/title>\n<meta name=\"description\" content=\"Un th\u00e9 vert en vrac au profil net, v\u00e9g\u00e9tal et \u00e9quilibr\u00e9, parfait pour celles et ceux qui recherchent une r\u00e9f\u00e9rence premium \u00e0 savourer au quotidien ou \u00e0 offrir avec go\u00fbt.\" \/>\n<meta name=\"robots\" content=\"index, follow, max-snippet:-1, max-image-preview:large, max-video-preview:-1\" \/>\n<link rel=\"canonical\" href=\"https:\/\/www.sempertea.eu\/fr\/the-vert-bio-premium-en-verre\/\" \/>\n<meta property=\"og:locale\" content=\"fr_FR\" \/>\n<meta property=\"og:type\" content=\"article\" \/>\n<meta property=\"og:title\" content=\"PUISSANCE VERTE bio | Th\u00e9 vert pur en bocal Crystal\" \/>\n<meta property=\"og:description\" content=\"Un th\u00e9 vert en vrac au profil net, v\u00e9g\u00e9tal et \u00e9quilibr\u00e9, parfait pour celles et ceux qui recherchent une r\u00e9f\u00e9rence premium \u00e0 savourer au quotidien ou \u00e0 offrir avec go\u00fbt.\" \/>\n<meta property=\"og:url\" content=\"https:\/\/www.sempertea.eu\/fr\/the-vert-bio-premium-en-verre\/\" \/>\n<meta property=\"og:site_name\" content=\"Semper Tea | Mayorista y fabricante de T\u00e9s e Infusiones para hoteles, restaurantes y bares\" \/>\n<meta property=\"article:modified_time\" content=\"2026-03-28T22:08:32+00:00\" \/>\n<meta property=\"og:image\" content=\"https:\/\/www.sempertea.eu\/wp-content\/uploads\/2026\/03\/te-verde-organico-puro-tarro-crystal-semper-tea.jpg\" \/>\n\t<meta property=\"og:image:width\" content=\"1000\" \/>\n\t<meta property=\"og:image:height\" content=\"1000\" \/>\n\t<meta property=\"og:image:type\" content=\"image\/jpeg\" \/>\n<meta name=\"twitter:card\" content=\"summary_large_image\" \/>\n<meta name=\"twitter:label1\" content=\"Dur\u00e9e de lecture estim\u00e9e\" \/>\n\t<meta name=\"twitter:data1\" content=\"2 minutes\" \/>\n<script type=\"application\/ld+json\" class=\"yoast-schema-graph\">{\"@context\":\"https:\\\/\\\/schema.org\",\"@graph\":[{\"@type\":\"WebPage\",\"@id\":\"https:\\\/\\\/www.sempertea.eu\\\/fr\\\/the-vert-bio-premium-en-verre\\\/\",\"url\":\"https:\\\/\\\/www.sempertea.eu\\\/fr\\\/the-vert-bio-premium-en-verre\\\/\",\"name\":\"Acheter th\u00e9 VERT BIO pur en ligne | Semper Tea th\u00e9 en verre\",\"isPartOf\":{\"@id\":\"https:\\\/\\\/www.sempertea.eu\\\/#website\"},\"primaryImageOfPage\":{\"@id\":\"https:\\\/\\\/www.sempertea.eu\\\/fr\\\/the-vert-bio-premium-en-verre\\\/#primaryimage\"},\"image\":{\"@id\":\"https:\\\/\\\/www.sempertea.eu\\\/fr\\\/the-vert-bio-premium-en-verre\\\/#primaryimage\"},\"thumbnailUrl\":\"https:\\\/\\\/www.sempertea.eu\\\/wp-content\\\/uploads\\\/2026\\\/03\\\/te-verde-organico-puro-tarro-crystal-semper-tea.jpg\",\"datePublished\":\"2026-03-28T20:49:23+00:00\",\"dateModified\":\"2026-03-28T22:08:32+00:00\",\"description\":\"Un th\u00e9 vert en vrac au profil net, v\u00e9g\u00e9tal et \u00e9quilibr\u00e9, parfait pour celles et ceux qui recherchent une r\u00e9f\u00e9rence premium \u00e0 savourer au quotidien ou \u00e0 offrir avec go\u00fbt.\",\"breadcrumb\":{\"@id\":\"https:\\\/\\\/www.sempertea.eu\\\/fr\\\/the-vert-bio-premium-en-verre\\\/#breadcrumb\"},\"inLanguage\":\"fr-FR\",\"potentialAction\":[{\"@type\":\"ReadAction\",\"target\":[\"https:\\\/\\\/www.sempertea.eu\\\/fr\\\/the-vert-bio-premium-en-verre\\\/\"]}]},{\"@type\":\"ImageObject\",\"inLanguage\":\"fr-FR\",\"@id\":\"https:\\\/\\\/www.sempertea.eu\\\/fr\\\/the-vert-bio-premium-en-verre\\\/#primaryimage\",\"url\":\"https:\\\/\\\/www.sempertea.eu\\\/wp-content\\\/uploads\\\/2026\\\/03\\\/te-verde-organico-puro-tarro-crystal-semper-tea.jpg\",\"contentUrl\":\"https:\\\/\\\/www.sempertea.eu\\\/wp-content\\\/uploads\\\/2026\\\/03\\\/te-verde-organico-puro-tarro-crystal-semper-tea.jpg\",\"width\":1000,\"height\":1000,\"caption\":\"T\u00e9 verde org\u00e1nico puro en tarro Crystal Semper Tea\"},{\"@type\":\"BreadcrumbList\",\"@id\":\"https:\\\/\\\/www.sempertea.eu\\\/fr\\\/the-vert-bio-premium-en-verre\\\/#breadcrumb\",\"itemListElement\":[{\"@type\":\"ListItem\",\"position\":1,\"name\":\"Portada\",\"item\":\"https:\\\/\\\/www.sempertea.eu\\\/\"},{\"@type\":\"ListItem\",\"position\":2,\"name\":\"Tienda\",\"item\":\"https:\\\/\\\/www.sempertea.eu\\\/tienda\\\/\"},{\"@type\":\"ListItem\",\"position\":3,\"name\":\"PUISSANCE VERTE bio | Th\u00e9 vert pur en bocal Crystal\"}]},{\"@type\":\"WebSite\",\"@id\":\"https:\\\/\\\/www.sempertea.eu\\\/#website\",\"url\":\"https:\\\/\\\/www.sempertea.eu\\\/\",\"name\":\"Semper Tea | Mayorista y fabricante de T\u00e9s e Infusiones para hoteles, restaurantes y bares\",\"description\":\"T\u00e9s e infusiones para hosteler\u00eda, hoteler\u00eda y comercio\",\"potentialAction\":[{\"@type\":\"SearchAction\",\"target\":{\"@type\":\"EntryPoint\",\"urlTemplate\":\"https:\\\/\\\/www.sempertea.eu\\\/?s={search_term_string}\"},\"query-input\":{\"@type\":\"PropertyValueSpecification\",\"valueRequired\":true,\"valueName\":\"search_term_string\"}}],\"inLanguage\":\"fr-FR\"}]}<\/script>\n<!-- \/ Yoast SEO Premium plugin. -->","yoast_head_json":{"title":"Acheter th\u00e9 VERT BIO pur en ligne | Semper Tea th\u00e9 en verre","description":"Un th\u00e9 vert en vrac au profil net, v\u00e9g\u00e9tal et \u00e9quilibr\u00e9, parfait pour celles et ceux qui recherchent une r\u00e9f\u00e9rence premium \u00e0 savourer au quotidien ou \u00e0 offrir avec go\u00fbt.","robots":{"index":"index","follow":"follow","max-snippet":"max-snippet:-1","max-image-preview":"max-image-preview:large","max-video-preview":"max-video-preview:-1"},"canonical":"https:\/\/www.sempertea.eu\/fr\/the-vert-bio-premium-en-verre\/","og_locale":"fr_FR","og_type":"article","og_title":"PUISSANCE VERTE bio | Th\u00e9 vert pur en bocal Crystal","og_description":"Un th\u00e9 vert en vrac au profil net, v\u00e9g\u00e9tal et \u00e9quilibr\u00e9, parfait pour celles et ceux qui recherchent une r\u00e9f\u00e9rence premium \u00e0 savourer au quotidien ou \u00e0 offrir avec go\u00fbt.","og_url":"https:\/\/www.sempertea.eu\/fr\/the-vert-bio-premium-en-verre\/","og_site_name":"Semper Tea | Mayorista y fabricante de T\u00e9s e Infusiones para hoteles, restaurantes y bares","article_modified_time":"2026-03-28T22:08:32+00:00","og_image":[{"width":1000,"height":1000,"url":"https:\/\/www.sempertea.eu\/wp-content\/uploads\/2026\/03\/te-verde-organico-puro-tarro-crystal-semper-tea.jpg","type":"image\/jpeg"}],"twitter_card":"summary_large_image","twitter_misc":{"Dur\u00e9e de lecture estim\u00e9e":"2 minutes"},"schema":{"@context":"https:\/\/schema.org","@graph":[{"@type":"WebPage","@id":"https:\/\/www.sempertea.eu\/fr\/the-vert-bio-premium-en-verre\/","url":"https:\/\/www.sempertea.eu\/fr\/the-vert-bio-premium-en-verre\/","name":"Acheter th\u00e9 VERT BIO pur en ligne | Semper Tea th\u00e9 en verre","isPartOf":{"@id":"https:\/\/www.sempertea.eu\/#website"},"primaryImageOfPage":{"@id":"https:\/\/www.sempertea.eu\/fr\/the-vert-bio-premium-en-verre\/#primaryimage"},"image":{"@id":"https:\/\/www.sempertea.eu\/fr\/the-vert-bio-premium-en-verre\/#primaryimage"},"thumbnailUrl":"https:\/\/www.sempertea.eu\/wp-content\/uploads\/2026\/03\/te-verde-organico-puro-tarro-crystal-semper-tea.jpg","datePublished":"2026-03-28T20:49:23+00:00","dateModified":"2026-03-28T22:08:32+00:00","description":"Un th\u00e9 vert en vrac au profil net, v\u00e9g\u00e9tal et \u00e9quilibr\u00e9, parfait pour celles et ceux qui recherchent une r\u00e9f\u00e9rence premium \u00e0 savourer au quotidien ou \u00e0 offrir avec go\u00fbt.","breadcrumb":{"@id":"https:\/\/www.sempertea.eu\/fr\/the-vert-bio-premium-en-verre\/#breadcrumb"},"inLanguage":"fr-FR","potentialAction":[{"@type":"ReadAction","target":["https:\/\/www.sempertea.eu\/fr\/the-vert-bio-premium-en-verre\/"]}]},{"@type":"ImageObject","inLanguage":"fr-FR","@id":"https:\/\/www.sempertea.eu\/fr\/the-vert-bio-premium-en-verre\/#primaryimage","url":"https:\/\/www.sempertea.eu\/wp-content\/uploads\/2026\/03\/te-verde-organico-puro-tarro-crystal-semper-tea.jpg","contentUrl":"https:\/\/www.sempertea.eu\/wp-content\/uploads\/2026\/03\/te-verde-organico-puro-tarro-crystal-semper-tea.jpg","width":1000,"height":1000,"caption":"T\u00e9 verde org\u00e1nico puro en tarro Crystal Semper Tea"},{"@type":"BreadcrumbList","@id":"https:\/\/www.sempertea.eu\/fr\/the-vert-bio-premium-en-verre\/#breadcrumb","itemListElement":[{"@type":"ListItem","position":1,"name":"Portada","item":"https:\/\/www.sempertea.eu\/"},{"@type":"ListItem","position":2,"name":"Tienda","item":"https:\/\/www.sempertea.eu\/tienda\/"},{"@type":"ListItem","position":3,"name":"PUISSANCE VERTE bio | Th\u00e9 vert pur en bocal Crystal"}]},{"@type":"WebSite","@id":"https:\/\/www.sempertea.eu\/#website","url":"https:\/\/www.sempertea.eu\/","name":"Semper Tea | Mayorista y fabricante de T\u00e9s e Infusiones para hoteles, restaurantes y bares","description":"T\u00e9s e infusiones para hosteler\u00eda, hoteler\u00eda y comercio","potentialAction":[{"@type":"SearchAction","target":{"@type":"EntryPoint","urlTemplate":"https:\/\/www.sempertea.eu\/?s={search_term_string}"},"query-input":{"@type":"PropertyValueSpecification","valueRequired":true,"valueName":"search_term_string"}}],"inLanguage":"fr-FR"}]}},"_links":{"self":[{"href":"https:\/\/www.sempertea.eu\/fr\/wp-json\/wp\/v2\/product\/21738","targetHints":{"allow":["GET"]}}],"collection":[{"href":"https:\/\/www.sempertea.eu\/fr\/wp-json\/wp\/v2\/product"}],"about":[{"href":"https:\/\/www.sempertea.eu\/fr\/wp-json\/wp\/v2\/types\/product"}],"replies":[{"embeddable":true,"href":"https:\/\/www.sempertea.eu\/fr\/wp-json\/wp\/v2\/comments?post=21738"}],"wp:featuredmedia":[{"embeddable":true,"href":"https:\/\/www.sempertea.eu\/fr\/wp-json\/wp\/v2\/media\/21730"}],"wp:attachment":[{"href":"https:\/\/www.sempertea.eu\/fr\/wp-json\/wp\/v2\/media?parent=21738"}],"wp:term":[{"taxonomy":"product_brand","embeddable":true,"href":"https:\/\/www.sempertea.eu\/fr\/wp-json\/wp\/v2\/product_brand?post=21738"},{"taxonomy":"product_cat","embeddable":true,"href":"https:\/\/www.sempertea.eu\/fr\/wp-json\/wp\/v2\/product_cat?post=21738"},{"taxonomy":"product_tag","embeddable":true,"href":"https:\/\/www.sempertea.eu\/fr\/wp-json\/wp\/v2\/product_tag?post=21738"}],"curies":[{"name":"wp","href":"https:\/\/api.w.org\/{rel}","templated":true}]}}