{"id":21464,"date":"2026-03-10T15:31:18","date_gmt":"2026-03-10T14:31:18","guid":{"rendered":"https:\/\/www.sempertea.eu\/fleurs-de-camomille-bio-en-vrac-infusion-50-g-100-g-et-500-g\/"},"modified":"2026-03-10T18:02:24","modified_gmt":"2026-03-10T17:02:24","slug":"acheter-fleurs-de-camomille-bio-en-vrac","status":"publish","type":"product","link":"https:\/\/www.sempertea.eu\/fr\/acheter-fleurs-de-camomille-bio-en-vrac\/","title":{"rendered":"FLEURS DE CAMOMILLE bio en vrac | Infusion 50 g, 100 g et 500 g"},"content":{"rendered":"<div class=\"flex flex-col text-sm pb-25\">\n<article class=\"text-token-text-primary w-full focus:outline-none [--shadow-height:45px] has-data-writing-block:pointer-events-none has-data-writing-block:-mt-(--shadow-height) has-data-writing-block:pt-(--shadow-height) [&amp;:has([data-writing-block])&gt;*]:pointer-events-auto scroll-mt-[calc(var(--header-height)+min(200px,max(70px,20svh)))]\" dir=\"auto\" tabindex=\"-1\" data-turn-id=\"request-WEB:4ea87a68-91c6-40e7-a306-1c6a98eb11c5-100\" data-testid=\"conversation-turn-188\" data-scroll-anchor=\"true\" data-turn=\"assistant\">\n<div class=\"text-base my-auto mx-auto pb-10 [--thread-content-margin:var(--thread-content-margin-xs,calc(var(--spacing)*4))] @w-sm\/main:[--thread-content-margin:var(--thread-content-margin-sm,calc(var(--spacing)*6))] @w-lg\/main:[--thread-content-margin:var(--thread-content-margin-lg,calc(var(--spacing)*16))] px-(--thread-content-margin)\">\n<div class=\"[--thread-content-max-width:40rem] @w-lg\/main:[--thread-content-max-width:48rem] mx-auto max-w-(--thread-content-max-width) flex-1 group\/turn-messages focus-visible:outline-hidden relative flex w-full min-w-0 flex-col agent-turn\" tabindex=\"-1\">\n<div class=\"flex max-w-full flex-col gap-4 grow\">\n<div class=\"min-h-8 text-message relative flex w-full flex-col items-end gap-2 text-start break-words whitespace-normal [.text-message+&amp;]:mt-1\" dir=\"auto\" data-message-author-role=\"assistant\" data-message-id=\"1da7ba3a-253b-41d2-beb6-e24c31275e5c\" data-message-model-slug=\"gpt-5-4-thinking\">\n<div class=\"flex w-full flex-col gap-1 empty:hidden\">\n<div class=\"streaming-animation markdown prose dark:prose-invert w-full wrap-break-word dark markdown-new-styling\">\n<h2 data-start=\"83\" data-end=\"118\">Fleurs de camomille biologiques<\/h2>\n<\/div>\n<\/div>\n<\/div>\n<\/div>\n<\/div>\n<\/div>\n<\/article>\n<\/div>\n<p data-start=\"347\" data-end=\"684\">Les <strong data-start=\"374\" data-end=\"414\">fleurs de camomille bio en vrac<\/strong> sont une infusion classique, appr\u00e9ci\u00e9e pour sa douceur, son ar\u00f4me floral et son effet r\u00e9confortant. Soigneusement s\u00e9lectionn\u00e9es et issues de l\u2019agriculture biologique, elles offrent une tasse nette, d\u00e9licate et naturelle, parfaite pour accompagner des moments de pause \u00e0 tout moment de la journ\u00e9e.<\/p>\n<p data-start=\"686\" data-end=\"1079\">Son profil en tasse est l\u00e9ger et agr\u00e9able, avec de douces notes florales et une sensation \u00e9quilibr\u00e9e qui en fait l\u2019une des infusions les plus appr\u00e9ci\u00e9es par celles et ceux qui recherchent le bien-\u00eatre et la simplicit\u00e9 \u00e0 chaque gorg\u00e9e. La camomille est une option id\u00e9ale apr\u00e8s les repas ou en fin de journ\u00e9e, gr\u00e2ce \u00e0 son caract\u00e8re doux et \u00e0 son association traditionnelle avec le confort digestif et la d\u00e9tente.<\/p>\n<h3 data-start=\"686\" data-end=\"1079\"><span style=\"font-size: 14.4px;\">Infusion bio en vrac au go\u00fbt doux, floral et naturel<\/span><\/h3>\n<p data-start=\"1081\" data-end=\"1447\">Disponible en sachet de 50 g, 100 g et 500 g, cette r\u00e9f\u00e9rence convient aussi bien \u00e0 la consommation individuelle qu\u2019aux <strong data-start=\"1095\" data-end=\"1127\">boutiques bio, \u00e9piceries fines, herboristeries, caf\u00e9s et \u00e9tablissements de restauration<\/strong> souhaitant proposer une <strong data-start=\"1291\" data-end=\"1320\">infusion bio premium.<\/strong> Un incontournable pour toute s\u00e9lection de th\u00e9s et infusions naturelles, avec une pr\u00e9sentation pratique, soign\u00e9e et polyvalente.<\/p>\n","protected":false},"excerpt":{"rendered":"<p><strong>Fleurs de Camomille bio en vrac<\/strong><\/p>\n<p>Fleurs de camomille bio en vrac en sachet, disponibles en 50 g, 100 g et 500 g. Une infusion bio douce, florale et d\u00e9licate, id\u00e9ale pour des moments de calme et de bien-\u00eatre.<\/p>\n<p>Parfaite pour celles et ceux qui recherchent une camomille naturelle de qualit\u00e9 premium, avec un profil en tasse net, d\u00e9licat et agr\u00e9able.<\/p>\n","protected":false},"featured_media":16114,"comment_status":"open","ping_status":"closed","template":"","meta":[],"product_brand":[],"product_cat":[380,309,315,298,289,283,310,311,312,316],"product_tag":[],"class_list":{"0":"post-21464","1":"product","2":"type-product","3":"status-publish","4":"has-post-thumbnail","6":"product_cat-the-bio-en-vrac-grossiste-vente-en-ligne","7":"product_cat-collections","8":"product_cat-acheter-du-the-en-vrac-biologique","9":"product_cat-les-varietes-de-the","10":"product_cat-the-aux-herbes-bio-au-acheter","11":"product_cat-thes-et-infusions-biologiques-de-qualite","12":"product_cat-tous","13":"product_cat-tous-fr","14":"product_cat-tous-fr-2","15":"product_cat-uncategorized-fr","17":"first","18":"instock","19":"shipping-taxable","20":"purchasable","21":"product-type-variable"},"yoast_head":"<!-- This site is optimized with the Yoast SEO Premium plugin v27.3 (Yoast SEO v27.4) - https:\/\/yoast.com\/product\/yoast-seo-premium-wordpress\/ -->\n<title>Acheter Fleurs de Camomille BIO en Vrac 50 g, 100 g et 500 g<\/title>\n<meta name=\"description\" content=\"Fleurs de camomille bio en vrac en sachet, disponibles en 50 g, 100 g et 500 g. Une infusion douce, florale et naturelle, id\u00e9ale pour la d\u00e9tente et le confort digestif.\" \/>\n<meta name=\"robots\" content=\"index, follow, max-snippet:-1, max-image-preview:large, max-video-preview:-1\" \/>\n<link rel=\"canonical\" href=\"https:\/\/www.sempertea.eu\/fr\/acheter-fleurs-de-camomille-bio-en-vrac\/\" \/>\n<meta property=\"og:locale\" content=\"fr_FR\" \/>\n<meta property=\"og:type\" content=\"article\" \/>\n<meta property=\"og:title\" content=\"FLEURS DE CAMOMILLE bio en vrac | Infusion 50 g, 100 g et 500 g\" \/>\n<meta property=\"og:description\" content=\"Fleurs de camomille bio en vrac en sachet, disponibles en 50 g, 100 g et 500 g. Une infusion douce, florale et naturelle, id\u00e9ale pour la d\u00e9tente et le confort digestif.\" \/>\n<meta property=\"og:url\" content=\"https:\/\/www.sempertea.eu\/fr\/acheter-fleurs-de-camomille-bio-en-vrac\/\" \/>\n<meta property=\"og:site_name\" content=\"Semper Tea | Mayorista y fabricante de T\u00e9s e Infusiones para hoteles, restaurantes y bares\" \/>\n<meta property=\"article:modified_time\" content=\"2026-03-10T17:02:24+00:00\" \/>\n<meta property=\"og:image\" content=\"https:\/\/www.sempertea.eu\/wp-content\/uploads\/2025\/06\/infusion-camomila-granel-relajante-profesional-semper-tea.jpg\" \/>\n\t<meta property=\"og:image:width\" content=\"831\" \/>\n\t<meta property=\"og:image:height\" content=\"831\" \/>\n\t<meta property=\"og:image:type\" content=\"image\/jpeg\" \/>\n<meta name=\"twitter:card\" content=\"summary_large_image\" \/>\n<meta name=\"twitter:label1\" content=\"Dur\u00e9e de lecture estim\u00e9e\" \/>\n\t<meta name=\"twitter:data1\" content=\"2 minutes\" \/>\n<script type=\"application\/ld+json\" class=\"yoast-schema-graph\">{\"@context\":\"https:\\\/\\\/schema.org\",\"@graph\":[{\"@type\":\"WebPage\",\"@id\":\"https:\\\/\\\/www.sempertea.eu\\\/fr\\\/acheter-fleurs-de-camomille-bio-en-vrac\\\/\",\"url\":\"https:\\\/\\\/www.sempertea.eu\\\/fr\\\/acheter-fleurs-de-camomille-bio-en-vrac\\\/\",\"name\":\"Acheter Fleurs de Camomille BIO en Vrac 50 g, 100 g et 500 g\",\"isPartOf\":{\"@id\":\"https:\\\/\\\/www.sempertea.eu\\\/#website\"},\"primaryImageOfPage\":{\"@id\":\"https:\\\/\\\/www.sempertea.eu\\\/fr\\\/acheter-fleurs-de-camomille-bio-en-vrac\\\/#primaryimage\"},\"image\":{\"@id\":\"https:\\\/\\\/www.sempertea.eu\\\/fr\\\/acheter-fleurs-de-camomille-bio-en-vrac\\\/#primaryimage\"},\"thumbnailUrl\":\"https:\\\/\\\/www.sempertea.eu\\\/wp-content\\\/uploads\\\/2025\\\/06\\\/infusion-camomila-granel-relajante-profesional-semper-tea.jpg\",\"datePublished\":\"2026-03-10T14:31:18+00:00\",\"dateModified\":\"2026-03-10T17:02:24+00:00\",\"description\":\"Fleurs de camomille bio en vrac en sachet, disponibles en 50 g, 100 g et 500 g. Une infusion douce, florale et naturelle, id\u00e9ale pour la d\u00e9tente et le confort digestif.\",\"breadcrumb\":{\"@id\":\"https:\\\/\\\/www.sempertea.eu\\\/fr\\\/acheter-fleurs-de-camomille-bio-en-vrac\\\/#breadcrumb\"},\"inLanguage\":\"fr-FR\",\"potentialAction\":[{\"@type\":\"ReadAction\",\"target\":[\"https:\\\/\\\/www.sempertea.eu\\\/fr\\\/acheter-fleurs-de-camomille-bio-en-vrac\\\/\"]}]},{\"@type\":\"ImageObject\",\"inLanguage\":\"fr-FR\",\"@id\":\"https:\\\/\\\/www.sempertea.eu\\\/fr\\\/acheter-fleurs-de-camomille-bio-en-vrac\\\/#primaryimage\",\"url\":\"https:\\\/\\\/www.sempertea.eu\\\/wp-content\\\/uploads\\\/2025\\\/06\\\/infusion-camomila-granel-relajante-profesional-semper-tea.jpg\",\"contentUrl\":\"https:\\\/\\\/www.sempertea.eu\\\/wp-content\\\/uploads\\\/2025\\\/06\\\/infusion-camomila-granel-relajante-profesional-semper-tea.jpg\",\"width\":831,\"height\":831,\"caption\":\"infusion camomila granel relajante profesional semper tea\"},{\"@type\":\"BreadcrumbList\",\"@id\":\"https:\\\/\\\/www.sempertea.eu\\\/fr\\\/acheter-fleurs-de-camomille-bio-en-vrac\\\/#breadcrumb\",\"itemListElement\":[{\"@type\":\"ListItem\",\"position\":1,\"name\":\"Portada\",\"item\":\"https:\\\/\\\/www.sempertea.eu\\\/\"},{\"@type\":\"ListItem\",\"position\":2,\"name\":\"Tienda\",\"item\":\"https:\\\/\\\/www.sempertea.eu\\\/tienda\\\/\"},{\"@type\":\"ListItem\",\"position\":3,\"name\":\"FLEURS DE CAMOMILLE bio en vrac | Infusion 50 g, 100 g et 500 g\"}]},{\"@type\":\"WebSite\",\"@id\":\"https:\\\/\\\/www.sempertea.eu\\\/#website\",\"url\":\"https:\\\/\\\/www.sempertea.eu\\\/\",\"name\":\"Semper Tea | Mayorista y fabricante de T\u00e9s e Infusiones para hoteles, restaurantes y bares\",\"description\":\"T\u00e9s e infusiones para hosteler\u00eda, hoteler\u00eda y comercio\",\"potentialAction\":[{\"@type\":\"SearchAction\",\"target\":{\"@type\":\"EntryPoint\",\"urlTemplate\":\"https:\\\/\\\/www.sempertea.eu\\\/?s={search_term_string}\"},\"query-input\":{\"@type\":\"PropertyValueSpecification\",\"valueRequired\":true,\"valueName\":\"search_term_string\"}}],\"inLanguage\":\"fr-FR\"}]}<\/script>\n<!-- \/ Yoast SEO Premium plugin. -->","yoast_head_json":{"title":"Acheter Fleurs de Camomille BIO en Vrac 50 g, 100 g et 500 g","description":"Fleurs de camomille bio en vrac en sachet, disponibles en 50 g, 100 g et 500 g. Une infusion douce, florale et naturelle, id\u00e9ale pour la d\u00e9tente et le confort digestif.","robots":{"index":"index","follow":"follow","max-snippet":"max-snippet:-1","max-image-preview":"max-image-preview:large","max-video-preview":"max-video-preview:-1"},"canonical":"https:\/\/www.sempertea.eu\/fr\/acheter-fleurs-de-camomille-bio-en-vrac\/","og_locale":"fr_FR","og_type":"article","og_title":"FLEURS DE CAMOMILLE bio en vrac | Infusion 50 g, 100 g et 500 g","og_description":"Fleurs de camomille bio en vrac en sachet, disponibles en 50 g, 100 g et 500 g. Une infusion douce, florale et naturelle, id\u00e9ale pour la d\u00e9tente et le confort digestif.","og_url":"https:\/\/www.sempertea.eu\/fr\/acheter-fleurs-de-camomille-bio-en-vrac\/","og_site_name":"Semper Tea | Mayorista y fabricante de T\u00e9s e Infusiones para hoteles, restaurantes y bares","article_modified_time":"2026-03-10T17:02:24+00:00","og_image":[{"width":831,"height":831,"url":"https:\/\/www.sempertea.eu\/wp-content\/uploads\/2025\/06\/infusion-camomila-granel-relajante-profesional-semper-tea.jpg","type":"image\/jpeg"}],"twitter_card":"summary_large_image","twitter_misc":{"Dur\u00e9e de lecture estim\u00e9e":"2 minutes"},"schema":{"@context":"https:\/\/schema.org","@graph":[{"@type":"WebPage","@id":"https:\/\/www.sempertea.eu\/fr\/acheter-fleurs-de-camomille-bio-en-vrac\/","url":"https:\/\/www.sempertea.eu\/fr\/acheter-fleurs-de-camomille-bio-en-vrac\/","name":"Acheter Fleurs de Camomille BIO en Vrac 50 g, 100 g et 500 g","isPartOf":{"@id":"https:\/\/www.sempertea.eu\/#website"},"primaryImageOfPage":{"@id":"https:\/\/www.sempertea.eu\/fr\/acheter-fleurs-de-camomille-bio-en-vrac\/#primaryimage"},"image":{"@id":"https:\/\/www.sempertea.eu\/fr\/acheter-fleurs-de-camomille-bio-en-vrac\/#primaryimage"},"thumbnailUrl":"https:\/\/www.sempertea.eu\/wp-content\/uploads\/2025\/06\/infusion-camomila-granel-relajante-profesional-semper-tea.jpg","datePublished":"2026-03-10T14:31:18+00:00","dateModified":"2026-03-10T17:02:24+00:00","description":"Fleurs de camomille bio en vrac en sachet, disponibles en 50 g, 100 g et 500 g. Une infusion douce, florale et naturelle, id\u00e9ale pour la d\u00e9tente et le confort digestif.","breadcrumb":{"@id":"https:\/\/www.sempertea.eu\/fr\/acheter-fleurs-de-camomille-bio-en-vrac\/#breadcrumb"},"inLanguage":"fr-FR","potentialAction":[{"@type":"ReadAction","target":["https:\/\/www.sempertea.eu\/fr\/acheter-fleurs-de-camomille-bio-en-vrac\/"]}]},{"@type":"ImageObject","inLanguage":"fr-FR","@id":"https:\/\/www.sempertea.eu\/fr\/acheter-fleurs-de-camomille-bio-en-vrac\/#primaryimage","url":"https:\/\/www.sempertea.eu\/wp-content\/uploads\/2025\/06\/infusion-camomila-granel-relajante-profesional-semper-tea.jpg","contentUrl":"https:\/\/www.sempertea.eu\/wp-content\/uploads\/2025\/06\/infusion-camomila-granel-relajante-profesional-semper-tea.jpg","width":831,"height":831,"caption":"infusion camomila granel relajante profesional semper tea"},{"@type":"BreadcrumbList","@id":"https:\/\/www.sempertea.eu\/fr\/acheter-fleurs-de-camomille-bio-en-vrac\/#breadcrumb","itemListElement":[{"@type":"ListItem","position":1,"name":"Portada","item":"https:\/\/www.sempertea.eu\/"},{"@type":"ListItem","position":2,"name":"Tienda","item":"https:\/\/www.sempertea.eu\/tienda\/"},{"@type":"ListItem","position":3,"name":"FLEURS DE CAMOMILLE bio en vrac | Infusion 50 g, 100 g et 500 g"}]},{"@type":"WebSite","@id":"https:\/\/www.sempertea.eu\/#website","url":"https:\/\/www.sempertea.eu\/","name":"Semper Tea | Mayorista y fabricante de T\u00e9s e Infusiones para hoteles, restaurantes y bares","description":"T\u00e9s e infusiones para hosteler\u00eda, hoteler\u00eda y comercio","potentialAction":[{"@type":"SearchAction","target":{"@type":"EntryPoint","urlTemplate":"https:\/\/www.sempertea.eu\/?s={search_term_string}"},"query-input":{"@type":"PropertyValueSpecification","valueRequired":true,"valueName":"search_term_string"}}],"inLanguage":"fr-FR"}]}},"_links":{"self":[{"href":"https:\/\/www.sempertea.eu\/fr\/wp-json\/wp\/v2\/product\/21464","targetHints":{"allow":["GET"]}}],"collection":[{"href":"https:\/\/www.sempertea.eu\/fr\/wp-json\/wp\/v2\/product"}],"about":[{"href":"https:\/\/www.sempertea.eu\/fr\/wp-json\/wp\/v2\/types\/product"}],"replies":[{"embeddable":true,"href":"https:\/\/www.sempertea.eu\/fr\/wp-json\/wp\/v2\/comments?post=21464"}],"wp:featuredmedia":[{"embeddable":true,"href":"https:\/\/www.sempertea.eu\/fr\/wp-json\/wp\/v2\/media\/16114"}],"wp:attachment":[{"href":"https:\/\/www.sempertea.eu\/fr\/wp-json\/wp\/v2\/media?parent=21464"}],"wp:term":[{"taxonomy":"product_brand","embeddable":true,"href":"https:\/\/www.sempertea.eu\/fr\/wp-json\/wp\/v2\/product_brand?post=21464"},{"taxonomy":"product_cat","embeddable":true,"href":"https:\/\/www.sempertea.eu\/fr\/wp-json\/wp\/v2\/product_cat?post=21464"},{"taxonomy":"product_tag","embeddable":true,"href":"https:\/\/www.sempertea.eu\/fr\/wp-json\/wp\/v2\/product_tag?post=21464"}],"curies":[{"name":"wp","href":"https:\/\/api.w.org\/{rel}","templated":true}]}}