{"id":21444,"date":"2026-03-03T10:45:55","date_gmt":"2026-03-03T09:45:55","guid":{"rendered":"https:\/\/www.sempertea.eu\/corps-ame-the-relaxant-bio-lavande-tilleul-et-melisse-50-g-100-g-et-500-g-en-vrac\/"},"modified":"2026-03-10T11:02:58","modified_gmt":"2026-03-10T10:02:58","slug":"the-relaxant-bio-sommeil-lavande-tilleul-melisse","status":"publish","type":"product","link":"https:\/\/www.sempertea.eu\/fr\/the-relaxant-bio-sommeil-lavande-tilleul-melisse\/","title":{"rendered":"CORPS &amp; \u00c2ME th\u00e9 relaxant bio lavande, tilleul et m\u00e9lisse | 50 g, 100 g et 500 g en vrac"},"content":{"rendered":"<h2 data-start=\"262\" data-end=\"364\">Infusion CORPS &amp; \u00c2ME \u00e0 la lavande, au tilleul et \u00e0 la m\u00e9lisse | Th\u00e9 relaxant bio pour le sommeil et la d\u00e9tente<\/h2>\n<p data-start=\"366\" data-end=\"696\">C\u2019est une infusion relaxante sans caf\u00e9ine \u00e9labor\u00e9e \u00e0 partir d\u2019ingr\u00e9dients biologiques qui associent la tradition des plantes au bien-\u00eatre moderne. Son m\u00e9lange harmonieux de lavande, tilleul, m\u00e9lisse, menthe poivr\u00e9e et citronnelle offre un profil doux, floral et citronn\u00e9, id\u00e9al comme th\u00e9 bio pour le sommeil, pour r\u00e9duire le stress ou apaiser les nerfs.<\/p>\n<p data-start=\"698\" data-end=\"1052\">Chaque gorg\u00e9e offre une pause r\u00e9confortante, faisant de cette infusion l\u2019une des plus compl\u00e8tes pour apaiser l\u2019anxi\u00e9t\u00e9 et favoriser un repos profond. Ses ingr\u00e9dients sont soigneusement s\u00e9lectionn\u00e9s pour leurs propri\u00e9t\u00e9s apaisantes et digestives, ce qui en fait aussi une excellente option de th\u00e9 bio contre le stress et l\u2019anxi\u00e9t\u00e9.<\/p>\n<p data-start=\"1054\" data-end=\"1077\"><strong data-start=\"1054\" data-end=\"1077\">Bienfaits<\/strong><\/p>\n<ul data-start=\"1079\" data-end=\"1486\">\n<li data-start=\"1079\" data-end=\"1172\">\n<p data-start=\"1081\" data-end=\"1172\"><strong data-start=\"1081\" data-end=\"1104\">Infusion \u00e0 la lavande<\/strong> : son ar\u00f4me floral aide \u00e0 d\u00e9tendre le syst\u00e8me nerveux et \u00e0 favoriser le sommeil.<\/p>\n<\/li>\n<li data-start=\"1173\" data-end=\"1240\">\n<p data-start=\"1175\" data-end=\"1240\"><strong data-start=\"1175\" data-end=\"1189\">Th\u00e9 au tilleul<\/strong> : un grand classique apaisant qui aide \u00e0 rel\u00e2cher les tensions.<\/p>\n<\/li>\n<li data-start=\"1241\" data-end=\"1324\">\n<p data-start=\"1243\" data-end=\"1324\"><strong data-start=\"1243\" data-end=\"1270\"><a href=\"https:\/\/es.wikipedia.org\/wiki\/Melissa_officinalis\">Th\u00e9 \u00e0 la m\u00e9lisse <\/a><\/strong>: aide \u00e0 soulager l\u2019anxi\u00e9t\u00e9 et \u00e0 am\u00e9liorer la digestion li\u00e9e au stress.<\/p>\n<\/li>\n<li data-start=\"1325\" data-end=\"1390\">\n<p data-start=\"1327\" data-end=\"1390\">Menthe poivr\u00e9e : apporte une touche de fra\u00eecheur sans alt\u00e9rer l\u2019effet relaxant.<\/p>\n<\/li>\n<li data-start=\"1391\" data-end=\"1486\">\n<p data-start=\"1393\" data-end=\"1486\"><strong data-start=\"1393\" data-end=\"1424\">Citronnelle<\/strong> : fra\u00eeche, citronn\u00e9e et \u00e9quilibrante, id\u00e9ale pour harmoniser le corps et l\u2019esprit.<\/p>\n<\/li>\n<\/ul>\n<p data-start=\"1488\" data-end=\"1682\">Sans caf\u00e9ine, sans sucres ajout\u00e9s et enti\u00e8rement biologique, cette infusion est parfaite pour celles et ceux qui recherchent le meilleur th\u00e9 relaxant bio pour le sommeil ou une alternative naturelle pour apaiser l\u2019anxi\u00e9t\u00e9.<\/p>\n<h3 data-start=\"1684\" data-end=\"1734\">Une exp\u00e9rience apaisante \u00e0 l\u2019\u00e9l\u00e9gance naturelle<\/h3>\n<p data-start=\"1736\" data-end=\"2015\">Une alli\u00e9e dans l\u2019univers de l\u2019hospitalit\u00e9 consciente. Id\u00e9ale \u00e0 int\u00e9grer dans des packs de bienvenue, des sets d\u2019accueil, des minibars ou des espaces bien-\u00eatre au sein d\u2019h\u00f4tels, maisons rurales, spas et retraites qui accordent de l\u2019importance aux petits d\u00e9tails et au bien-\u00eatre authentique de leurs h\u00f4tes.<\/p>\n","protected":false},"excerpt":{"rendered":"<p data-start=\"156\" data-end=\"197\"><strong data-start=\"156\" data-end=\"197\">CORPS &amp; \u00c2ME | Infusion relaxante bio sans caf\u00e9ine<\/strong><\/p>\n<p data-start=\"199\" data-end=\"589\">Un m\u00e9lange harmonieux de lavande, tilleul, m\u00e9lisse (\u00e9galement appel\u00e9e m\u00e9lisse citronnelle), menthe poivr\u00e9e et citronnelle. Cette infusion relaxante bio sans caf\u00e9ine r\u00e9unit le meilleur de la nature pour offrir un v\u00e9ritable moment de s\u00e9r\u00e9nit\u00e9 et de repos. Son profil floral et citronn\u00e9 en fait l\u2019une des infusions relaxantes pr\u00e9f\u00e9r\u00e9es pour apaiser les nerfs et se d\u00e9connecter du stress quotidien.<\/p>\n<p data-start=\"591\" data-end=\"947\">CORPS &amp; \u00c2ME est le th\u00e9 relaxant id\u00e9al pour favoriser un sommeil profond, apaiser l\u2019anxi\u00e9t\u00e9 et accompagner les rituels de bien-\u00eatre.<\/p>\n","protected":false},"featured_media":16126,"comment_status":"open","ping_status":"closed","template":"","meta":[],"product_brand":[],"product_cat":[380,309,315,298,289,283,310,311,312],"product_tag":[],"class_list":{"0":"post-21444","1":"product","2":"type-product","3":"status-publish","4":"has-post-thumbnail","6":"product_cat-the-bio-en-vrac-grossiste-vente-en-ligne","7":"product_cat-collections","8":"product_cat-acheter-du-the-en-vrac-biologique","9":"product_cat-les-varietes-de-the","10":"product_cat-the-aux-herbes-bio-au-acheter","11":"product_cat-thes-et-infusions-biologiques-de-qualite","12":"product_cat-tous","13":"product_cat-tous-fr","14":"product_cat-tous-fr-2","16":"first","17":"instock","18":"shipping-taxable","19":"purchasable","20":"product-type-variable"},"yoast_head":"<!-- This site is optimized with the Yoast SEO Premium plugin v27.3 (Yoast SEO v27.4) - https:\/\/yoast.com\/product\/yoast-seo-premium-wordpress\/ -->\n<title>Th\u00e9 relaxant bio pour le sommeil | Lavande, tilleul et m\u00e9lisse<\/title>\n<meta name=\"description\" content=\"Infusion relaxante bio \u00e0 la lavande, au tilleul, \u00e0 la m\u00e9lisse, \u00e0 la menthe poivr\u00e9e et \u00e0 la citronnelle. Id\u00e9ale pour mieux dormir, r\u00e9duire le stress et apaiser l\u2019anxi\u00e9t\u00e9 naturellement.\" \/>\n<meta name=\"robots\" content=\"index, follow, max-snippet:-1, max-image-preview:large, max-video-preview:-1\" \/>\n<link rel=\"canonical\" href=\"https:\/\/www.sempertea.eu\/fr\/the-relaxant-bio-sommeil-lavande-tilleul-melisse\/\" \/>\n<meta property=\"og:locale\" content=\"fr_FR\" \/>\n<meta property=\"og:type\" content=\"article\" \/>\n<meta property=\"og:title\" content=\"CORPS &amp; \u00c2ME th\u00e9 relaxant bio lavande, tilleul et m\u00e9lisse | 50 g, 100 g et 500 g en vrac\" \/>\n<meta property=\"og:description\" content=\"Infusion relaxante bio \u00e0 la lavande, au tilleul, \u00e0 la m\u00e9lisse, \u00e0 la menthe poivr\u00e9e et \u00e0 la citronnelle. Id\u00e9ale pour mieux dormir, r\u00e9duire le stress et apaiser l\u2019anxi\u00e9t\u00e9 naturellement.\" \/>\n<meta property=\"og:url\" content=\"https:\/\/www.sempertea.eu\/fr\/the-relaxant-bio-sommeil-lavande-tilleul-melisse\/\" \/>\n<meta property=\"og:site_name\" content=\"Semper Tea | Mayorista y fabricante de T\u00e9s e Infusiones para hoteles, restaurantes y bares\" \/>\n<meta property=\"article:modified_time\" content=\"2026-03-10T10:02:58+00:00\" \/>\n<meta property=\"og:image\" content=\"https:\/\/www.sempertea.eu\/wp-content\/uploads\/2025\/06\/infusion-melisa-lavanda-granel-relajante-hosteleria-semper-tea.jpg\" \/>\n\t<meta property=\"og:image:width\" content=\"834\" \/>\n\t<meta property=\"og:image:height\" content=\"834\" \/>\n\t<meta property=\"og:image:type\" content=\"image\/jpeg\" \/>\n<meta name=\"twitter:card\" content=\"summary_large_image\" \/>\n<meta name=\"twitter:label1\" content=\"Dur\u00e9e de lecture estim\u00e9e\" \/>\n\t<meta name=\"twitter:data1\" content=\"2 minutes\" \/>\n<script type=\"application\/ld+json\" class=\"yoast-schema-graph\">{\"@context\":\"https:\\\/\\\/schema.org\",\"@graph\":[{\"@type\":\"WebPage\",\"@id\":\"https:\\\/\\\/www.sempertea.eu\\\/fr\\\/the-relaxant-bio-sommeil-lavande-tilleul-melisse\\\/\",\"url\":\"https:\\\/\\\/www.sempertea.eu\\\/fr\\\/the-relaxant-bio-sommeil-lavande-tilleul-melisse\\\/\",\"name\":\"Th\u00e9 relaxant bio pour le sommeil | Lavande, tilleul et m\u00e9lisse\",\"isPartOf\":{\"@id\":\"https:\\\/\\\/www.sempertea.eu\\\/#website\"},\"primaryImageOfPage\":{\"@id\":\"https:\\\/\\\/www.sempertea.eu\\\/fr\\\/the-relaxant-bio-sommeil-lavande-tilleul-melisse\\\/#primaryimage\"},\"image\":{\"@id\":\"https:\\\/\\\/www.sempertea.eu\\\/fr\\\/the-relaxant-bio-sommeil-lavande-tilleul-melisse\\\/#primaryimage\"},\"thumbnailUrl\":\"https:\\\/\\\/www.sempertea.eu\\\/wp-content\\\/uploads\\\/2025\\\/06\\\/infusion-melisa-lavanda-granel-relajante-hosteleria-semper-tea.jpg\",\"datePublished\":\"2026-03-03T09:45:55+00:00\",\"dateModified\":\"2026-03-10T10:02:58+00:00\",\"description\":\"Infusion relaxante bio \u00e0 la lavande, au tilleul, \u00e0 la m\u00e9lisse, \u00e0 la menthe poivr\u00e9e et \u00e0 la citronnelle. Id\u00e9ale pour mieux dormir, r\u00e9duire le stress et apaiser l\u2019anxi\u00e9t\u00e9 naturellement.\",\"breadcrumb\":{\"@id\":\"https:\\\/\\\/www.sempertea.eu\\\/fr\\\/the-relaxant-bio-sommeil-lavande-tilleul-melisse\\\/#breadcrumb\"},\"inLanguage\":\"fr-FR\",\"potentialAction\":[{\"@type\":\"ReadAction\",\"target\":[\"https:\\\/\\\/www.sempertea.eu\\\/fr\\\/the-relaxant-bio-sommeil-lavande-tilleul-melisse\\\/\"]}]},{\"@type\":\"ImageObject\",\"inLanguage\":\"fr-FR\",\"@id\":\"https:\\\/\\\/www.sempertea.eu\\\/fr\\\/the-relaxant-bio-sommeil-lavande-tilleul-melisse\\\/#primaryimage\",\"url\":\"https:\\\/\\\/www.sempertea.eu\\\/wp-content\\\/uploads\\\/2025\\\/06\\\/infusion-melisa-lavanda-granel-relajante-hosteleria-semper-tea.jpg\",\"contentUrl\":\"https:\\\/\\\/www.sempertea.eu\\\/wp-content\\\/uploads\\\/2025\\\/06\\\/infusion-melisa-lavanda-granel-relajante-hosteleria-semper-tea.jpg\",\"width\":834,\"height\":834,\"caption\":\"infusion melisa lavanda granel relajante hosteleria semper tea\"},{\"@type\":\"BreadcrumbList\",\"@id\":\"https:\\\/\\\/www.sempertea.eu\\\/fr\\\/the-relaxant-bio-sommeil-lavande-tilleul-melisse\\\/#breadcrumb\",\"itemListElement\":[{\"@type\":\"ListItem\",\"position\":1,\"name\":\"Portada\",\"item\":\"https:\\\/\\\/www.sempertea.eu\\\/\"},{\"@type\":\"ListItem\",\"position\":2,\"name\":\"Tienda\",\"item\":\"https:\\\/\\\/www.sempertea.eu\\\/tienda\\\/\"},{\"@type\":\"ListItem\",\"position\":3,\"name\":\"CORPS &amp; \u00c2ME th\u00e9 relaxant bio lavande, tilleul et m\u00e9lisse | 50 g, 100 g et 500 g en vrac\"}]},{\"@type\":\"WebSite\",\"@id\":\"https:\\\/\\\/www.sempertea.eu\\\/#website\",\"url\":\"https:\\\/\\\/www.sempertea.eu\\\/\",\"name\":\"Semper Tea | Mayorista y fabricante de T\u00e9s e Infusiones para hoteles, restaurantes y bares\",\"description\":\"T\u00e9s e infusiones para hosteler\u00eda, hoteler\u00eda y comercio\",\"potentialAction\":[{\"@type\":\"SearchAction\",\"target\":{\"@type\":\"EntryPoint\",\"urlTemplate\":\"https:\\\/\\\/www.sempertea.eu\\\/?s={search_term_string}\"},\"query-input\":{\"@type\":\"PropertyValueSpecification\",\"valueRequired\":true,\"valueName\":\"search_term_string\"}}],\"inLanguage\":\"fr-FR\"}]}<\/script>\n<!-- \/ Yoast SEO Premium plugin. -->","yoast_head_json":{"title":"Th\u00e9 relaxant bio pour le sommeil | Lavande, tilleul et m\u00e9lisse","description":"Infusion relaxante bio \u00e0 la lavande, au tilleul, \u00e0 la m\u00e9lisse, \u00e0 la menthe poivr\u00e9e et \u00e0 la citronnelle. Id\u00e9ale pour mieux dormir, r\u00e9duire le stress et apaiser l\u2019anxi\u00e9t\u00e9 naturellement.","robots":{"index":"index","follow":"follow","max-snippet":"max-snippet:-1","max-image-preview":"max-image-preview:large","max-video-preview":"max-video-preview:-1"},"canonical":"https:\/\/www.sempertea.eu\/fr\/the-relaxant-bio-sommeil-lavande-tilleul-melisse\/","og_locale":"fr_FR","og_type":"article","og_title":"CORPS &amp; \u00c2ME th\u00e9 relaxant bio lavande, tilleul et m\u00e9lisse | 50 g, 100 g et 500 g en vrac","og_description":"Infusion relaxante bio \u00e0 la lavande, au tilleul, \u00e0 la m\u00e9lisse, \u00e0 la menthe poivr\u00e9e et \u00e0 la citronnelle. Id\u00e9ale pour mieux dormir, r\u00e9duire le stress et apaiser l\u2019anxi\u00e9t\u00e9 naturellement.","og_url":"https:\/\/www.sempertea.eu\/fr\/the-relaxant-bio-sommeil-lavande-tilleul-melisse\/","og_site_name":"Semper Tea | Mayorista y fabricante de T\u00e9s e Infusiones para hoteles, restaurantes y bares","article_modified_time":"2026-03-10T10:02:58+00:00","og_image":[{"width":834,"height":834,"url":"https:\/\/www.sempertea.eu\/wp-content\/uploads\/2025\/06\/infusion-melisa-lavanda-granel-relajante-hosteleria-semper-tea.jpg","type":"image\/jpeg"}],"twitter_card":"summary_large_image","twitter_misc":{"Dur\u00e9e de lecture estim\u00e9e":"2 minutes"},"schema":{"@context":"https:\/\/schema.org","@graph":[{"@type":"WebPage","@id":"https:\/\/www.sempertea.eu\/fr\/the-relaxant-bio-sommeil-lavande-tilleul-melisse\/","url":"https:\/\/www.sempertea.eu\/fr\/the-relaxant-bio-sommeil-lavande-tilleul-melisse\/","name":"Th\u00e9 relaxant bio pour le sommeil | Lavande, tilleul et m\u00e9lisse","isPartOf":{"@id":"https:\/\/www.sempertea.eu\/#website"},"primaryImageOfPage":{"@id":"https:\/\/www.sempertea.eu\/fr\/the-relaxant-bio-sommeil-lavande-tilleul-melisse\/#primaryimage"},"image":{"@id":"https:\/\/www.sempertea.eu\/fr\/the-relaxant-bio-sommeil-lavande-tilleul-melisse\/#primaryimage"},"thumbnailUrl":"https:\/\/www.sempertea.eu\/wp-content\/uploads\/2025\/06\/infusion-melisa-lavanda-granel-relajante-hosteleria-semper-tea.jpg","datePublished":"2026-03-03T09:45:55+00:00","dateModified":"2026-03-10T10:02:58+00:00","description":"Infusion relaxante bio \u00e0 la lavande, au tilleul, \u00e0 la m\u00e9lisse, \u00e0 la menthe poivr\u00e9e et \u00e0 la citronnelle. Id\u00e9ale pour mieux dormir, r\u00e9duire le stress et apaiser l\u2019anxi\u00e9t\u00e9 naturellement.","breadcrumb":{"@id":"https:\/\/www.sempertea.eu\/fr\/the-relaxant-bio-sommeil-lavande-tilleul-melisse\/#breadcrumb"},"inLanguage":"fr-FR","potentialAction":[{"@type":"ReadAction","target":["https:\/\/www.sempertea.eu\/fr\/the-relaxant-bio-sommeil-lavande-tilleul-melisse\/"]}]},{"@type":"ImageObject","inLanguage":"fr-FR","@id":"https:\/\/www.sempertea.eu\/fr\/the-relaxant-bio-sommeil-lavande-tilleul-melisse\/#primaryimage","url":"https:\/\/www.sempertea.eu\/wp-content\/uploads\/2025\/06\/infusion-melisa-lavanda-granel-relajante-hosteleria-semper-tea.jpg","contentUrl":"https:\/\/www.sempertea.eu\/wp-content\/uploads\/2025\/06\/infusion-melisa-lavanda-granel-relajante-hosteleria-semper-tea.jpg","width":834,"height":834,"caption":"infusion melisa lavanda granel relajante hosteleria semper tea"},{"@type":"BreadcrumbList","@id":"https:\/\/www.sempertea.eu\/fr\/the-relaxant-bio-sommeil-lavande-tilleul-melisse\/#breadcrumb","itemListElement":[{"@type":"ListItem","position":1,"name":"Portada","item":"https:\/\/www.sempertea.eu\/"},{"@type":"ListItem","position":2,"name":"Tienda","item":"https:\/\/www.sempertea.eu\/tienda\/"},{"@type":"ListItem","position":3,"name":"CORPS &amp; \u00c2ME th\u00e9 relaxant bio lavande, tilleul et m\u00e9lisse | 50 g, 100 g et 500 g en vrac"}]},{"@type":"WebSite","@id":"https:\/\/www.sempertea.eu\/#website","url":"https:\/\/www.sempertea.eu\/","name":"Semper Tea | Mayorista y fabricante de T\u00e9s e Infusiones para hoteles, restaurantes y bares","description":"T\u00e9s e infusiones para hosteler\u00eda, hoteler\u00eda y comercio","potentialAction":[{"@type":"SearchAction","target":{"@type":"EntryPoint","urlTemplate":"https:\/\/www.sempertea.eu\/?s={search_term_string}"},"query-input":{"@type":"PropertyValueSpecification","valueRequired":true,"valueName":"search_term_string"}}],"inLanguage":"fr-FR"}]}},"_links":{"self":[{"href":"https:\/\/www.sempertea.eu\/fr\/wp-json\/wp\/v2\/product\/21444","targetHints":{"allow":["GET"]}}],"collection":[{"href":"https:\/\/www.sempertea.eu\/fr\/wp-json\/wp\/v2\/product"}],"about":[{"href":"https:\/\/www.sempertea.eu\/fr\/wp-json\/wp\/v2\/types\/product"}],"replies":[{"embeddable":true,"href":"https:\/\/www.sempertea.eu\/fr\/wp-json\/wp\/v2\/comments?post=21444"}],"wp:featuredmedia":[{"embeddable":true,"href":"https:\/\/www.sempertea.eu\/fr\/wp-json\/wp\/v2\/media\/16126"}],"wp:attachment":[{"href":"https:\/\/www.sempertea.eu\/fr\/wp-json\/wp\/v2\/media?parent=21444"}],"wp:term":[{"taxonomy":"product_brand","embeddable":true,"href":"https:\/\/www.sempertea.eu\/fr\/wp-json\/wp\/v2\/product_brand?post=21444"},{"taxonomy":"product_cat","embeddable":true,"href":"https:\/\/www.sempertea.eu\/fr\/wp-json\/wp\/v2\/product_cat?post=21444"},{"taxonomy":"product_tag","embeddable":true,"href":"https:\/\/www.sempertea.eu\/fr\/wp-json\/wp\/v2\/product_tag?post=21444"}],"curies":[{"name":"wp","href":"https:\/\/api.w.org\/{rel}","templated":true}]}}