{"id":18685,"date":"2025-09-02T21:20:06","date_gmt":"2025-09-02T19:20:06","guid":{"rendered":"https:\/\/www.sempertea.eu\/vert-genmaicha-the-bio-melange-japonais-au-riz-grille-en-vrac\/"},"modified":"2025-09-02T21:49:23","modified_gmt":"2025-09-02T19:49:23","slug":"the-vert-genmaicha-bio-japonais-au-riz-grille","status":"publish","type":"product","link":"https:\/\/www.sempertea.eu\/fr\/the-vert-genmaicha-bio-japonais-au-riz-grille\/","title":{"rendered":"VERT GENMAICHA bio | Th\u00e9 japonais au riz grill\u00e9 en vrac"},"content":{"rendered":"<h2>Genmaicha Vert th\u00e9 japonais bio | Infusion au riz grill\u00e9<\/h2>\n<p>Le Genmaicha est un th\u00e9 vert japonais au riz complet grill\u00e9, un m\u00e9lange traditionnel qui associe des <strong>notes douces et une subtile saveur grill\u00e9e<\/strong>. R\u00e9put\u00e9 pour sa faible teneur en caf\u00e9ine, il est id\u00e9al pour ceux qui recherchent une infusion r\u00e9confortante, enracin\u00e9e dans la culture japonaise mill\u00e9naire.<\/p>\n<h3>Th\u00e9 traditionnel faible en caf\u00e9ine en vrac dans bocal en verre<\/h3>\n<p>Ce Genmaicha bio en bocal en verre de 55 g est con\u00e7u pour les <strong>magasins gourmets, les salons de th\u00e9, les concept stores ou comme \u00e9l\u00e9ment d\u2019un coffret cadeau premium<\/strong>. Le contenant prot\u00e8ge les feuilles enti\u00e8res de la lumi\u00e8re et de l\u2019humidit\u00e9, pr\u00e9servant ainsi tout leur ar\u00f4me naturel et refl\u00e9tant un engagement envers la qualit\u00e9 et la durabilit\u00e9.<\/p>\n<h4>Tradition, go\u00fbt et durabilit\u00e9<\/h4>\n<p>\u00c9labor\u00e9 avec du th\u00e9 vert issu de l\u2019agriculture biologique, <strong>sans pesticides ni microplastiques<\/strong>, le <strong>Genmaicha<\/strong> offre une exp\u00e9rience \u00e9quilibr\u00e9e entre tradition japonaise, saveur authentique et conscience environnementale.<\/p>\n<p>Parfait pour :<\/p>\n<ul>\n<li>Concept stores et boutiques gourmandes<\/li>\n<li>H\u00f4tels, spas et sets cadeaux premium<\/li>\n<li>Herboristeries et boutiques \u00e0 s\u00e9lection bio<\/li>\n<\/ul>\n","protected":false},"excerpt":{"rendered":"<p data-start=\"3511\" data-end=\"3651\"><strong>Genmaicha Bio : th\u00e9 vert japonais au riz grill\u00e9, doux et authentique<\/strong><\/p>\n<p data-start=\"3511\" data-end=\"3651\">En version bio dans un bocal en verre. V\u00e9ritable th\u00e9 vert japonais au riz grill\u00e9, au go\u00fbt doux et \u00e9quilibr\u00e9. Pr\u00e9sentation premium, sans plastique et au design \u00e9l\u00e9gant, id\u00e9al pour les magasins gourmets ou comme cadeau raffin\u00e9.<\/p>\n<h3 data-start=\"3653\" data-end=\"3669\"><\/h3>\n","protected":false},"featured_media":18671,"comment_status":"open","ping_status":"closed","template":"","meta":[],"product_brand":[],"product_cat":[313,309,270,298,307,283,287,311,312,310,316],"product_tag":[],"class_list":{"0":"post-18685","1":"product","2":"type-product","3":"status-publish","4":"has-post-thumbnail","6":"product_cat-cadeaux","7":"product_cat-collections","8":"product_cat-acheter-du-the-en-vrac-emballe","9":"product_cat-les-varietes-de-the","10":"product_cat-the-en-vrac-et-bocal-selection-bio-qualite-superieure-fabricant","11":"product_cat-thes-et-infusions-biologiques-de-qualite","12":"product_cat-the-vert-biologique-ou-acheter","13":"product_cat-tous-fr","14":"product_cat-tous-fr-2","15":"product_cat-tous","16":"product_cat-uncategorized-fr","18":"first","19":"instock","20":"shipping-taxable","21":"purchasable","22":"product-type-simple"},"yoast_head":"<!-- This site is optimized with the Yoast SEO Premium plugin v27.3 (Yoast SEO v27.4) - https:\/\/yoast.com\/product\/yoast-seo-premium-wordpress\/ -->\n<title>Th\u00e9 Vert Genmaicha Bio | Th\u00e9 au Riz Grill\u00e9 en Vrac | Japonais<\/title>\n<meta name=\"description\" content=\"Th\u00e9 Genmaicha Bio : th\u00e9 vert japonais au riz grill\u00e9, en vrac dans un bocal. Naturel, sain et riche en saveur unique. Acheter en ligne.\" \/>\n<meta name=\"robots\" content=\"index, follow, max-snippet:-1, max-image-preview:large, max-video-preview:-1\" \/>\n<link rel=\"canonical\" href=\"https:\/\/www.sempertea.eu\/fr\/the-vert-genmaicha-bio-japonais-au-riz-grille\/\" \/>\n<meta property=\"og:locale\" content=\"fr_FR\" \/>\n<meta property=\"og:type\" content=\"article\" \/>\n<meta property=\"og:title\" content=\"VERT GENMAICHA bio | Th\u00e9 japonais au riz grill\u00e9 en vrac\" \/>\n<meta property=\"og:description\" content=\"Th\u00e9 Genmaicha Bio : th\u00e9 vert japonais au riz grill\u00e9, en vrac dans un bocal. Naturel, sain et riche en saveur unique. Acheter en ligne.\" \/>\n<meta property=\"og:url\" content=\"https:\/\/www.sempertea.eu\/fr\/the-vert-genmaicha-bio-japonais-au-riz-grille\/\" \/>\n<meta property=\"og:site_name\" content=\"Semper Tea | Mayorista y fabricante de T\u00e9s e Infusiones para hoteles, restaurantes y bares\" \/>\n<meta property=\"article:modified_time\" content=\"2025-09-02T19:49:23+00:00\" \/>\n<meta property=\"og:image\" content=\"https:\/\/www.sempertea.eu\/wp-content\/uploads\/2025\/09\/te-genmaicha-arroz-tostado-japones-sempertea.jpg\" \/>\n\t<meta property=\"og:image:width\" content=\"1000\" \/>\n\t<meta property=\"og:image:height\" content=\"1000\" \/>\n\t<meta property=\"og:image:type\" content=\"image\/jpeg\" \/>\n<meta name=\"twitter:card\" content=\"summary_large_image\" \/>\n<meta name=\"twitter:image\" content=\"https:\/\/www.sempertea.eu\/wp-content\/uploads\/2025\/09\/the-vert-genmaicha-bio-sempertea.jpg\" \/>\n<meta name=\"twitter:label1\" content=\"Dur\u00e9e de lecture estim\u00e9e\" \/>\n\t<meta name=\"twitter:data1\" content=\"2 minutes\" \/>\n<script type=\"application\/ld+json\" class=\"yoast-schema-graph\">{\"@context\":\"https:\\\/\\\/schema.org\",\"@graph\":[{\"@type\":\"WebPage\",\"@id\":\"https:\\\/\\\/www.sempertea.eu\\\/fr\\\/the-vert-genmaicha-bio-japonais-au-riz-grille\\\/\",\"url\":\"https:\\\/\\\/www.sempertea.eu\\\/fr\\\/the-vert-genmaicha-bio-japonais-au-riz-grille\\\/\",\"name\":\"Th\u00e9 Vert Genmaicha Bio | Th\u00e9 au Riz Grill\u00e9 en Vrac | Japonais\",\"isPartOf\":{\"@id\":\"https:\\\/\\\/www.sempertea.eu\\\/#website\"},\"primaryImageOfPage\":{\"@id\":\"https:\\\/\\\/www.sempertea.eu\\\/fr\\\/the-vert-genmaicha-bio-japonais-au-riz-grille\\\/#primaryimage\"},\"image\":{\"@id\":\"https:\\\/\\\/www.sempertea.eu\\\/fr\\\/the-vert-genmaicha-bio-japonais-au-riz-grille\\\/#primaryimage\"},\"thumbnailUrl\":\"https:\\\/\\\/www.sempertea.eu\\\/wp-content\\\/uploads\\\/2025\\\/09\\\/te-genmaicha-arroz-tostado-japones-sempertea.jpg\",\"datePublished\":\"2025-09-02T19:20:06+00:00\",\"dateModified\":\"2025-09-02T19:49:23+00:00\",\"description\":\"Th\u00e9 Genmaicha Bio : th\u00e9 vert japonais au riz grill\u00e9, en vrac dans un bocal. Naturel, sain et riche en saveur unique. Acheter en ligne.\",\"breadcrumb\":{\"@id\":\"https:\\\/\\\/www.sempertea.eu\\\/fr\\\/the-vert-genmaicha-bio-japonais-au-riz-grille\\\/#breadcrumb\"},\"inLanguage\":\"fr-FR\",\"potentialAction\":[{\"@type\":\"ReadAction\",\"target\":[\"https:\\\/\\\/www.sempertea.eu\\\/fr\\\/the-vert-genmaicha-bio-japonais-au-riz-grille\\\/\"]}]},{\"@type\":\"ImageObject\",\"inLanguage\":\"fr-FR\",\"@id\":\"https:\\\/\\\/www.sempertea.eu\\\/fr\\\/the-vert-genmaicha-bio-japonais-au-riz-grille\\\/#primaryimage\",\"url\":\"https:\\\/\\\/www.sempertea.eu\\\/wp-content\\\/uploads\\\/2025\\\/09\\\/te-genmaicha-arroz-tostado-japones-sempertea.jpg\",\"contentUrl\":\"https:\\\/\\\/www.sempertea.eu\\\/wp-content\\\/uploads\\\/2025\\\/09\\\/te-genmaicha-arroz-tostado-japones-sempertea.jpg\",\"width\":1000,\"height\":1000,\"caption\":\"T\u00e9 Japon\u00e9s Genmaicha | Verde Org\u00e1nico con Arroz Tostado\"},{\"@type\":\"BreadcrumbList\",\"@id\":\"https:\\\/\\\/www.sempertea.eu\\\/fr\\\/the-vert-genmaicha-bio-japonais-au-riz-grille\\\/#breadcrumb\",\"itemListElement\":[{\"@type\":\"ListItem\",\"position\":1,\"name\":\"Portada\",\"item\":\"https:\\\/\\\/www.sempertea.eu\\\/\"},{\"@type\":\"ListItem\",\"position\":2,\"name\":\"Tienda\",\"item\":\"https:\\\/\\\/www.sempertea.eu\\\/tienda\\\/\"},{\"@type\":\"ListItem\",\"position\":3,\"name\":\"VERT GENMAICHA bio | Th\u00e9 japonais au riz grill\u00e9 en vrac\"}]},{\"@type\":\"WebSite\",\"@id\":\"https:\\\/\\\/www.sempertea.eu\\\/#website\",\"url\":\"https:\\\/\\\/www.sempertea.eu\\\/\",\"name\":\"Semper Tea | Mayorista y fabricante de T\u00e9s e Infusiones para hoteles, restaurantes y bares\",\"description\":\"T\u00e9s e infusiones para hosteler\u00eda, hoteler\u00eda y comercio\",\"potentialAction\":[{\"@type\":\"SearchAction\",\"target\":{\"@type\":\"EntryPoint\",\"urlTemplate\":\"https:\\\/\\\/www.sempertea.eu\\\/?s={search_term_string}\"},\"query-input\":{\"@type\":\"PropertyValueSpecification\",\"valueRequired\":true,\"valueName\":\"search_term_string\"}}],\"inLanguage\":\"fr-FR\"}]}<\/script>\n<!-- \/ Yoast SEO Premium plugin. -->","yoast_head_json":{"title":"Th\u00e9 Vert Genmaicha Bio | Th\u00e9 au Riz Grill\u00e9 en Vrac | Japonais","description":"Th\u00e9 Genmaicha Bio : th\u00e9 vert japonais au riz grill\u00e9, en vrac dans un bocal. Naturel, sain et riche en saveur unique. Acheter en ligne.","robots":{"index":"index","follow":"follow","max-snippet":"max-snippet:-1","max-image-preview":"max-image-preview:large","max-video-preview":"max-video-preview:-1"},"canonical":"https:\/\/www.sempertea.eu\/fr\/the-vert-genmaicha-bio-japonais-au-riz-grille\/","og_locale":"fr_FR","og_type":"article","og_title":"VERT GENMAICHA bio | Th\u00e9 japonais au riz grill\u00e9 en vrac","og_description":"Th\u00e9 Genmaicha Bio : th\u00e9 vert japonais au riz grill\u00e9, en vrac dans un bocal. Naturel, sain et riche en saveur unique. Acheter en ligne.","og_url":"https:\/\/www.sempertea.eu\/fr\/the-vert-genmaicha-bio-japonais-au-riz-grille\/","og_site_name":"Semper Tea | Mayorista y fabricante de T\u00e9s e Infusiones para hoteles, restaurantes y bares","article_modified_time":"2025-09-02T19:49:23+00:00","og_image":[{"width":1000,"height":1000,"url":"https:\/\/www.sempertea.eu\/wp-content\/uploads\/2025\/09\/te-genmaicha-arroz-tostado-japones-sempertea.jpg","type":"image\/jpeg"}],"twitter_card":"summary_large_image","twitter_image":"https:\/\/www.sempertea.eu\/wp-content\/uploads\/2025\/09\/the-vert-genmaicha-bio-sempertea.jpg","twitter_misc":{"Dur\u00e9e de lecture estim\u00e9e":"2 minutes"},"schema":{"@context":"https:\/\/schema.org","@graph":[{"@type":"WebPage","@id":"https:\/\/www.sempertea.eu\/fr\/the-vert-genmaicha-bio-japonais-au-riz-grille\/","url":"https:\/\/www.sempertea.eu\/fr\/the-vert-genmaicha-bio-japonais-au-riz-grille\/","name":"Th\u00e9 Vert Genmaicha Bio | Th\u00e9 au Riz Grill\u00e9 en Vrac | Japonais","isPartOf":{"@id":"https:\/\/www.sempertea.eu\/#website"},"primaryImageOfPage":{"@id":"https:\/\/www.sempertea.eu\/fr\/the-vert-genmaicha-bio-japonais-au-riz-grille\/#primaryimage"},"image":{"@id":"https:\/\/www.sempertea.eu\/fr\/the-vert-genmaicha-bio-japonais-au-riz-grille\/#primaryimage"},"thumbnailUrl":"https:\/\/www.sempertea.eu\/wp-content\/uploads\/2025\/09\/te-genmaicha-arroz-tostado-japones-sempertea.jpg","datePublished":"2025-09-02T19:20:06+00:00","dateModified":"2025-09-02T19:49:23+00:00","description":"Th\u00e9 Genmaicha Bio : th\u00e9 vert japonais au riz grill\u00e9, en vrac dans un bocal. Naturel, sain et riche en saveur unique. Acheter en ligne.","breadcrumb":{"@id":"https:\/\/www.sempertea.eu\/fr\/the-vert-genmaicha-bio-japonais-au-riz-grille\/#breadcrumb"},"inLanguage":"fr-FR","potentialAction":[{"@type":"ReadAction","target":["https:\/\/www.sempertea.eu\/fr\/the-vert-genmaicha-bio-japonais-au-riz-grille\/"]}]},{"@type":"ImageObject","inLanguage":"fr-FR","@id":"https:\/\/www.sempertea.eu\/fr\/the-vert-genmaicha-bio-japonais-au-riz-grille\/#primaryimage","url":"https:\/\/www.sempertea.eu\/wp-content\/uploads\/2025\/09\/te-genmaicha-arroz-tostado-japones-sempertea.jpg","contentUrl":"https:\/\/www.sempertea.eu\/wp-content\/uploads\/2025\/09\/te-genmaicha-arroz-tostado-japones-sempertea.jpg","width":1000,"height":1000,"caption":"T\u00e9 Japon\u00e9s Genmaicha | Verde Org\u00e1nico con Arroz Tostado"},{"@type":"BreadcrumbList","@id":"https:\/\/www.sempertea.eu\/fr\/the-vert-genmaicha-bio-japonais-au-riz-grille\/#breadcrumb","itemListElement":[{"@type":"ListItem","position":1,"name":"Portada","item":"https:\/\/www.sempertea.eu\/"},{"@type":"ListItem","position":2,"name":"Tienda","item":"https:\/\/www.sempertea.eu\/tienda\/"},{"@type":"ListItem","position":3,"name":"VERT GENMAICHA bio | Th\u00e9 japonais au riz grill\u00e9 en vrac"}]},{"@type":"WebSite","@id":"https:\/\/www.sempertea.eu\/#website","url":"https:\/\/www.sempertea.eu\/","name":"Semper Tea | Mayorista y fabricante de T\u00e9s e Infusiones para hoteles, restaurantes y bares","description":"T\u00e9s e infusiones para hosteler\u00eda, hoteler\u00eda y comercio","potentialAction":[{"@type":"SearchAction","target":{"@type":"EntryPoint","urlTemplate":"https:\/\/www.sempertea.eu\/?s={search_term_string}"},"query-input":{"@type":"PropertyValueSpecification","valueRequired":true,"valueName":"search_term_string"}}],"inLanguage":"fr-FR"}]}},"_links":{"self":[{"href":"https:\/\/www.sempertea.eu\/fr\/wp-json\/wp\/v2\/product\/18685","targetHints":{"allow":["GET"]}}],"collection":[{"href":"https:\/\/www.sempertea.eu\/fr\/wp-json\/wp\/v2\/product"}],"about":[{"href":"https:\/\/www.sempertea.eu\/fr\/wp-json\/wp\/v2\/types\/product"}],"replies":[{"embeddable":true,"href":"https:\/\/www.sempertea.eu\/fr\/wp-json\/wp\/v2\/comments?post=18685"}],"wp:featuredmedia":[{"embeddable":true,"href":"https:\/\/www.sempertea.eu\/fr\/wp-json\/wp\/v2\/media\/18671"}],"wp:attachment":[{"href":"https:\/\/www.sempertea.eu\/fr\/wp-json\/wp\/v2\/media?parent=18685"}],"wp:term":[{"taxonomy":"product_brand","embeddable":true,"href":"https:\/\/www.sempertea.eu\/fr\/wp-json\/wp\/v2\/product_brand?post=18685"},{"taxonomy":"product_cat","embeddable":true,"href":"https:\/\/www.sempertea.eu\/fr\/wp-json\/wp\/v2\/product_cat?post=18685"},{"taxonomy":"product_tag","embeddable":true,"href":"https:\/\/www.sempertea.eu\/fr\/wp-json\/wp\/v2\/product_tag?post=18685"}],"curies":[{"name":"wp","href":"https:\/\/api.w.org\/{rel}","templated":true}]}}