{"id":18482,"date":"2025-08-18T18:21:34","date_gmt":"2025-08-18T16:21:34","guid":{"rendered":"https:\/\/www.sempertea.eu\/danse-reglisse-menthe-avec-pomme-tisane-bio-en-vrac-sans-cafeine-herbal-tea-lovers\/"},"modified":"2025-08-18T20:03:14","modified_gmt":"2025-08-18T18:03:14","slug":"tisane-bio-reglisse-menthe-pomme-sans-theine-cadeau","status":"publish","type":"product","link":"https:\/\/www.sempertea.eu\/fr\/tisane-bio-reglisse-menthe-pomme-sans-theine-cadeau\/","title":{"rendered":"DANSE R\u00c9GLISSE MENTHE avec pomme | Tisane bio en vrac | Sans caf\u00e9ine | Herbal tea lovers"},"content":{"rendered":"<h2 data-start=\"84\" data-end=\"136\">R\u00e9glisse, menthe et pomme : une fusion premium et naturelle<\/h2>\n<p data-start=\"138\" data-end=\"335\">D\u00e9couvrez un plaisir rafra\u00eechissant et savoureux \u00e0 chaque gorg\u00e9e. L\u2019alliance de la <strong data-start=\"207\" data-end=\"218\">r\u00e9glisse<\/strong> et de la <strong data-start=\"224\" data-end=\"233\">menthe<\/strong> avec la touche fruit\u00e9e de la pomme cr\u00e9e une<strong data-start=\"262\" data-end=\"273\"> infusion exquise,<\/strong> douce et subtile \u00e0 la fois.<\/p>\n<p data-start=\"337\" data-end=\"546\">Le caract\u00e8re unique de la r\u00e9glisse, associ\u00e9 \u00e0 la fra\u00eecheur de la menthe bio et \u00e0 la douceur de la pomme, donne naissance \u00e0 un m\u00e9lange moderne, naturel et biologique qui transforme chaque tasse en un moment d\u2019exception.<\/p>\n","protected":false},"excerpt":{"rendered":"<p><strong>Laissez-vous s\u00e9duire par ce th\u00e9 plaisir savoureux et rafra\u00eechissant.<\/strong><\/p>\n<p>Savourez l<strong>\u2019infusion de r\u00e9glisse, menthe et pomme<\/strong>, un m\u00e9lange \u00e9quilibr\u00e9 et <strong>100 % bio<\/strong> qui associe la douceur naturelle de la r\u00e9glisse \u00e0 la fra\u00eecheur de la menthe et \u00e0 la note fruit\u00e9e de la pomme. <strong>Sans th\u00e9ine<\/strong> et au go\u00fbt doux et rafra\u00eechissant, elle est id\u00e9ale \u00e0 tout moment de la journ\u00e9e. Parfaite pour ceux qui recherchent une tisane digestive, aromatique et saine.<\/p>\n","protected":false},"featured_media":16134,"comment_status":"open","ping_status":"closed","template":"","meta":[],"product_brand":[],"product_cat":[380,309,315,298,289,283,310,311,312,316],"product_tag":[],"class_list":{"0":"post-18482","1":"product","2":"type-product","3":"status-publish","4":"has-post-thumbnail","6":"product_cat-the-bio-en-vrac-grossiste-vente-en-ligne","7":"product_cat-collections","8":"product_cat-acheter-du-the-en-vrac-biologique","9":"product_cat-les-varietes-de-the","10":"product_cat-the-aux-herbes-bio-au-acheter","11":"product_cat-thes-et-infusions-biologiques-de-qualite","12":"product_cat-tous","13":"product_cat-tous-fr","14":"product_cat-tous-fr-2","15":"product_cat-uncategorized-fr","17":"first","18":"instock","19":"shipping-taxable","20":"purchasable","21":"product-type-variable"},"yoast_head":"<!-- This site is optimized with the Yoast SEO Premium plugin v27.3 (Yoast SEO v27.4) - https:\/\/yoast.com\/product\/yoast-seo-premium-wordpress\/ -->\n<title>R\u00c9GLISSE MENTHE POMME tisane bio sans caf\u00e9ine vrac<\/title>\n<meta name=\"description\" content=\"Tisane bio r\u00e9glisse, menthe et pomme. Infusion sans caf\u00e9ine, naturelle et en vrac en sachet. Rafra\u00eechissante et id\u00e9ale comme cadeau tea lovers.\" \/>\n<meta name=\"robots\" content=\"index, follow, max-snippet:-1, max-image-preview:large, max-video-preview:-1\" \/>\n<link rel=\"canonical\" href=\"https:\/\/www.sempertea.eu\/fr\/tisane-bio-reglisse-menthe-pomme-sans-theine-cadeau\/\" \/>\n<meta property=\"og:locale\" content=\"fr_FR\" \/>\n<meta property=\"og:type\" content=\"article\" \/>\n<meta property=\"og:title\" content=\"DANSE R\u00c9GLISSE MENTHE avec pomme | Tisane bio en vrac | Sans caf\u00e9ine | Herbal tea lovers\" \/>\n<meta property=\"og:description\" content=\"Tisane bio r\u00e9glisse, menthe et pomme. Infusion sans caf\u00e9ine, naturelle et en vrac en sachet. Rafra\u00eechissante et id\u00e9ale comme cadeau tea lovers.\" \/>\n<meta property=\"og:url\" content=\"https:\/\/www.sempertea.eu\/fr\/tisane-bio-reglisse-menthe-pomme-sans-theine-cadeau\/\" \/>\n<meta property=\"og:site_name\" content=\"Semper Tea | Mayorista y fabricante de T\u00e9s e Infusiones para hoteles, restaurantes y bares\" \/>\n<meta property=\"article:modified_time\" content=\"2025-08-18T18:03:14+00:00\" \/>\n<meta property=\"og:image\" content=\"https:\/\/www.sempertea.eu\/wp-content\/uploads\/2025\/08\/tisane-cadeau-bio-reglisse-menthe-apple-semper-tea.jpg\" \/>\n\t<meta property=\"og:image:width\" content=\"643\" \/>\n\t<meta property=\"og:image:height\" content=\"643\" \/>\n\t<meta property=\"og:image:type\" content=\"image\/jpeg\" \/>\n<meta name=\"twitter:card\" content=\"summary_large_image\" \/>\n<meta name=\"twitter:image\" content=\"https:\/\/www.sempertea.eu\/wp-content\/uploads\/2022\/11\/infusion-ecologica-regaliz-menta-semper-tea.jpg\" \/>\n<meta name=\"twitter:label1\" content=\"Dur\u00e9e de lecture estim\u00e9e\" \/>\n\t<meta name=\"twitter:data1\" content=\"1 minute\" \/>\n<script type=\"application\/ld+json\" class=\"yoast-schema-graph\">{\"@context\":\"https:\\\/\\\/schema.org\",\"@graph\":[{\"@type\":\"WebPage\",\"@id\":\"https:\\\/\\\/www.sempertea.eu\\\/fr\\\/tisane-bio-reglisse-menthe-pomme-sans-theine-cadeau\\\/\",\"url\":\"https:\\\/\\\/www.sempertea.eu\\\/fr\\\/tisane-bio-reglisse-menthe-pomme-sans-theine-cadeau\\\/\",\"name\":\"R\u00c9GLISSE MENTHE POMME tisane bio sans caf\u00e9ine vrac\",\"isPartOf\":{\"@id\":\"https:\\\/\\\/www.sempertea.eu\\\/#website\"},\"primaryImageOfPage\":{\"@id\":\"https:\\\/\\\/www.sempertea.eu\\\/fr\\\/tisane-bio-reglisse-menthe-pomme-sans-theine-cadeau\\\/#primaryimage\"},\"image\":{\"@id\":\"https:\\\/\\\/www.sempertea.eu\\\/fr\\\/tisane-bio-reglisse-menthe-pomme-sans-theine-cadeau\\\/#primaryimage\"},\"thumbnailUrl\":\"https:\\\/\\\/www.sempertea.eu\\\/wp-content\\\/uploads\\\/2025\\\/06\\\/infusion-regaliz-menta-manzana-granel-dulce-refrescante-semper-tea.jpg\",\"datePublished\":\"2025-08-18T16:21:34+00:00\",\"dateModified\":\"2025-08-18T18:03:14+00:00\",\"description\":\"Tisane bio r\u00e9glisse, menthe et pomme. Infusion sans caf\u00e9ine, naturelle et en vrac en sachet. Rafra\u00eechissante et id\u00e9ale comme cadeau tea lovers.\",\"breadcrumb\":{\"@id\":\"https:\\\/\\\/www.sempertea.eu\\\/fr\\\/tisane-bio-reglisse-menthe-pomme-sans-theine-cadeau\\\/#breadcrumb\"},\"inLanguage\":\"fr-FR\",\"potentialAction\":[{\"@type\":\"ReadAction\",\"target\":[\"https:\\\/\\\/www.sempertea.eu\\\/fr\\\/tisane-bio-reglisse-menthe-pomme-sans-theine-cadeau\\\/\"]}]},{\"@type\":\"ImageObject\",\"inLanguage\":\"fr-FR\",\"@id\":\"https:\\\/\\\/www.sempertea.eu\\\/fr\\\/tisane-bio-reglisse-menthe-pomme-sans-theine-cadeau\\\/#primaryimage\",\"url\":\"https:\\\/\\\/www.sempertea.eu\\\/wp-content\\\/uploads\\\/2025\\\/06\\\/infusion-regaliz-menta-manzana-granel-dulce-refrescante-semper-tea.jpg\",\"contentUrl\":\"https:\\\/\\\/www.sempertea.eu\\\/wp-content\\\/uploads\\\/2025\\\/06\\\/infusion-regaliz-menta-manzana-granel-dulce-refrescante-semper-tea.jpg\",\"width\":643,\"height\":643,\"caption\":\"infusion regaliz menta manzana granel dulce refrescante semper tea\"},{\"@type\":\"BreadcrumbList\",\"@id\":\"https:\\\/\\\/www.sempertea.eu\\\/fr\\\/tisane-bio-reglisse-menthe-pomme-sans-theine-cadeau\\\/#breadcrumb\",\"itemListElement\":[{\"@type\":\"ListItem\",\"position\":1,\"name\":\"Portada\",\"item\":\"https:\\\/\\\/www.sempertea.eu\\\/\"},{\"@type\":\"ListItem\",\"position\":2,\"name\":\"Tienda\",\"item\":\"https:\\\/\\\/www.sempertea.eu\\\/tienda\\\/\"},{\"@type\":\"ListItem\",\"position\":3,\"name\":\"DANSE R\u00c9GLISSE MENTHE avec pomme | Tisane bio en vrac | Sans caf\u00e9ine | Herbal tea lovers\"}]},{\"@type\":\"WebSite\",\"@id\":\"https:\\\/\\\/www.sempertea.eu\\\/#website\",\"url\":\"https:\\\/\\\/www.sempertea.eu\\\/\",\"name\":\"Semper Tea | Mayorista y fabricante de T\u00e9s e Infusiones para hoteles, restaurantes y bares\",\"description\":\"T\u00e9s e infusiones para hosteler\u00eda, hoteler\u00eda y comercio\",\"potentialAction\":[{\"@type\":\"SearchAction\",\"target\":{\"@type\":\"EntryPoint\",\"urlTemplate\":\"https:\\\/\\\/www.sempertea.eu\\\/?s={search_term_string}\"},\"query-input\":{\"@type\":\"PropertyValueSpecification\",\"valueRequired\":true,\"valueName\":\"search_term_string\"}}],\"inLanguage\":\"fr-FR\"}]}<\/script>\n<!-- \/ Yoast SEO Premium plugin. -->","yoast_head_json":{"title":"R\u00c9GLISSE MENTHE POMME tisane bio sans caf\u00e9ine vrac","description":"Tisane bio r\u00e9glisse, menthe et pomme. Infusion sans caf\u00e9ine, naturelle et en vrac en sachet. Rafra\u00eechissante et id\u00e9ale comme cadeau tea lovers.","robots":{"index":"index","follow":"follow","max-snippet":"max-snippet:-1","max-image-preview":"max-image-preview:large","max-video-preview":"max-video-preview:-1"},"canonical":"https:\/\/www.sempertea.eu\/fr\/tisane-bio-reglisse-menthe-pomme-sans-theine-cadeau\/","og_locale":"fr_FR","og_type":"article","og_title":"DANSE R\u00c9GLISSE MENTHE avec pomme | Tisane bio en vrac | Sans caf\u00e9ine | Herbal tea lovers","og_description":"Tisane bio r\u00e9glisse, menthe et pomme. Infusion sans caf\u00e9ine, naturelle et en vrac en sachet. Rafra\u00eechissante et id\u00e9ale comme cadeau tea lovers.","og_url":"https:\/\/www.sempertea.eu\/fr\/tisane-bio-reglisse-menthe-pomme-sans-theine-cadeau\/","og_site_name":"Semper Tea | Mayorista y fabricante de T\u00e9s e Infusiones para hoteles, restaurantes y bares","article_modified_time":"2025-08-18T18:03:14+00:00","og_image":[{"width":643,"height":643,"url":"https:\/\/www.sempertea.eu\/wp-content\/uploads\/2025\/08\/tisane-cadeau-bio-reglisse-menthe-apple-semper-tea.jpg","type":"image\/jpeg"}],"twitter_card":"summary_large_image","twitter_image":"https:\/\/www.sempertea.eu\/wp-content\/uploads\/2022\/11\/infusion-ecologica-regaliz-menta-semper-tea.jpg","twitter_misc":{"Dur\u00e9e de lecture estim\u00e9e":"1 minute"},"schema":{"@context":"https:\/\/schema.org","@graph":[{"@type":"WebPage","@id":"https:\/\/www.sempertea.eu\/fr\/tisane-bio-reglisse-menthe-pomme-sans-theine-cadeau\/","url":"https:\/\/www.sempertea.eu\/fr\/tisane-bio-reglisse-menthe-pomme-sans-theine-cadeau\/","name":"R\u00c9GLISSE MENTHE POMME tisane bio sans caf\u00e9ine vrac","isPartOf":{"@id":"https:\/\/www.sempertea.eu\/#website"},"primaryImageOfPage":{"@id":"https:\/\/www.sempertea.eu\/fr\/tisane-bio-reglisse-menthe-pomme-sans-theine-cadeau\/#primaryimage"},"image":{"@id":"https:\/\/www.sempertea.eu\/fr\/tisane-bio-reglisse-menthe-pomme-sans-theine-cadeau\/#primaryimage"},"thumbnailUrl":"https:\/\/www.sempertea.eu\/wp-content\/uploads\/2025\/06\/infusion-regaliz-menta-manzana-granel-dulce-refrescante-semper-tea.jpg","datePublished":"2025-08-18T16:21:34+00:00","dateModified":"2025-08-18T18:03:14+00:00","description":"Tisane bio r\u00e9glisse, menthe et pomme. Infusion sans caf\u00e9ine, naturelle et en vrac en sachet. Rafra\u00eechissante et id\u00e9ale comme cadeau tea lovers.","breadcrumb":{"@id":"https:\/\/www.sempertea.eu\/fr\/tisane-bio-reglisse-menthe-pomme-sans-theine-cadeau\/#breadcrumb"},"inLanguage":"fr-FR","potentialAction":[{"@type":"ReadAction","target":["https:\/\/www.sempertea.eu\/fr\/tisane-bio-reglisse-menthe-pomme-sans-theine-cadeau\/"]}]},{"@type":"ImageObject","inLanguage":"fr-FR","@id":"https:\/\/www.sempertea.eu\/fr\/tisane-bio-reglisse-menthe-pomme-sans-theine-cadeau\/#primaryimage","url":"https:\/\/www.sempertea.eu\/wp-content\/uploads\/2025\/06\/infusion-regaliz-menta-manzana-granel-dulce-refrescante-semper-tea.jpg","contentUrl":"https:\/\/www.sempertea.eu\/wp-content\/uploads\/2025\/06\/infusion-regaliz-menta-manzana-granel-dulce-refrescante-semper-tea.jpg","width":643,"height":643,"caption":"infusion regaliz menta manzana granel dulce refrescante semper tea"},{"@type":"BreadcrumbList","@id":"https:\/\/www.sempertea.eu\/fr\/tisane-bio-reglisse-menthe-pomme-sans-theine-cadeau\/#breadcrumb","itemListElement":[{"@type":"ListItem","position":1,"name":"Portada","item":"https:\/\/www.sempertea.eu\/"},{"@type":"ListItem","position":2,"name":"Tienda","item":"https:\/\/www.sempertea.eu\/tienda\/"},{"@type":"ListItem","position":3,"name":"DANSE R\u00c9GLISSE MENTHE avec pomme | Tisane bio en vrac | Sans caf\u00e9ine | Herbal tea lovers"}]},{"@type":"WebSite","@id":"https:\/\/www.sempertea.eu\/#website","url":"https:\/\/www.sempertea.eu\/","name":"Semper Tea | Mayorista y fabricante de T\u00e9s e Infusiones para hoteles, restaurantes y bares","description":"T\u00e9s e infusiones para hosteler\u00eda, hoteler\u00eda y comercio","potentialAction":[{"@type":"SearchAction","target":{"@type":"EntryPoint","urlTemplate":"https:\/\/www.sempertea.eu\/?s={search_term_string}"},"query-input":{"@type":"PropertyValueSpecification","valueRequired":true,"valueName":"search_term_string"}}],"inLanguage":"fr-FR"}]}},"_links":{"self":[{"href":"https:\/\/www.sempertea.eu\/fr\/wp-json\/wp\/v2\/product\/18482","targetHints":{"allow":["GET"]}}],"collection":[{"href":"https:\/\/www.sempertea.eu\/fr\/wp-json\/wp\/v2\/product"}],"about":[{"href":"https:\/\/www.sempertea.eu\/fr\/wp-json\/wp\/v2\/types\/product"}],"replies":[{"embeddable":true,"href":"https:\/\/www.sempertea.eu\/fr\/wp-json\/wp\/v2\/comments?post=18482"}],"wp:featuredmedia":[{"embeddable":true,"href":"https:\/\/www.sempertea.eu\/fr\/wp-json\/wp\/v2\/media\/16134"}],"wp:attachment":[{"href":"https:\/\/www.sempertea.eu\/fr\/wp-json\/wp\/v2\/media?parent=18482"}],"wp:term":[{"taxonomy":"product_brand","embeddable":true,"href":"https:\/\/www.sempertea.eu\/fr\/wp-json\/wp\/v2\/product_brand?post=18482"},{"taxonomy":"product_cat","embeddable":true,"href":"https:\/\/www.sempertea.eu\/fr\/wp-json\/wp\/v2\/product_cat?post=18482"},{"taxonomy":"product_tag","embeddable":true,"href":"https:\/\/www.sempertea.eu\/fr\/wp-json\/wp\/v2\/product_tag?post=18482"}],"curies":[{"name":"wp","href":"https:\/\/api.w.org\/{rel}","templated":true}]}}