{"id":18421,"date":"2025-08-16T20:01:33","date_gmt":"2025-08-16T18:01:33","guid":{"rendered":"https:\/\/www.sempertea.eu\/panier-de-fruits-the-aux-fruits-bio-en-vrac-hibiscus-eglantier-fraise-sans-cafeine\/"},"modified":"2025-08-16T20:47:26","modified_gmt":"2025-08-16T18:47:26","slug":"tisane-fruits-bio-vrac-hibiscus-eglantier-pomme-fraise","status":"publish","type":"product","link":"https:\/\/www.sempertea.eu\/fr\/tisane-fruits-bio-vrac-hibiscus-eglantier-pomme-fraise\/","title":{"rendered":"PANIER DE FRUITS th\u00e9 aux fruits bio en vrac | Hibiscus, \u00e9glantier &amp; fraise | Sans caf\u00e9ine"},"content":{"rendered":"<h2>Ingr\u00e9dients naturels premium dans chaque m\u00e9lange<\/h2>\n<p>Les <strong>th\u00e9s aux fruits bio en vrac<\/strong> de Semper Tea se distinguent par leur intensit\u00e9 aromatique et leurs couleurs vives. Chaque m\u00e9lange associe des ingr\u00e9dients de haute qualit\u00e9 comme l\u2019hibiscus, naturellement riche en vitamine C, et l\u2019\u00e9glantier, qui apportent fra\u00eecheur et une l\u00e9g\u00e8re acidit\u00e9. Le r\u00e9sultat est une infusion de fruits sans caf\u00e9ine, id\u00e9ale \u00e0 d\u00e9guster chaude pendant les journ\u00e9es froides ou en th\u00e9 glac\u00e9 rafra\u00eechissant en \u00e9t\u00e9.<\/p>\n<h3>Th\u00e9 aux Fruits ou Tisane de Fruits ?<\/h3>\n<p>Bien qu\u2019on l\u2019appelle couramment th\u00e9 aux fruits, il ne contient pas de feuilles de la plante Camellia sinensis. Cela signifie qu\u2019il s\u2019agit d\u2019une tisane naturelle sans th\u00e9ine, adapt\u00e9e \u00e0 tout moment de la journ\u00e9e et id\u00e9ale pour toute la famille.<\/p>\n<h4>Un choix sain et durable<\/h4>\n<p>Chez Semper Tea, nous \u00e9laborons des tisanes de fruits bio en vrac, conditionn\u00e9es dans des sachets qui pr\u00e9servent l\u2019ar\u00f4me et garantissent la fra\u00eecheur. Une alternative responsable pour l\u2019environnement et une option pratique aussi bien pour les caf\u00e9s, h\u00f4tels et restaurants (Horeca) que pour ceux qui recherchent une qualit\u00e9 premium \u00e0 la maison ou dans les \u00e9piceries fines.<\/p>\n<p>Les tisanes de fruits bio en vrac sont reconnues comme une alternative naturelle aux boissons caf\u00e9in\u00e9es. Elles apportent des vitamines, des min\u00e9raux et des antioxydants qui contribuent \u00e0 un mode de vie sain, offrant une exp\u00e9rience d\u00e9licieuse et \u00e9quilibr\u00e9e dans chaque tasse.<\/p>\n<h5>Comment le d\u00e9guster<\/h5>\n<p>Chaud : une tasse aromatique et fruit\u00e9e pour les moments de calme.<\/p>\n<p>Froid : pr\u00e9par\u00e9 comme un th\u00e9 glac\u00e9 en vrac, c&rsquo;est la boisson parfaite pour se rafra\u00eechir avec une touche saine et naturelle.<\/p>\n<p>Avec Semper Tea, vous choisissez la qualit\u00e9, la durabilit\u00e9 et le go\u00fbt authentique du th\u00e9 aux fruits biologique en vrac.<\/p>\n","protected":false},"excerpt":{"rendered":"<p><strong>Infusion fruit\u00e9e et rafra\u00eechissante \u2013 Sans th\u00e9ine et 100 % naturelle<\/strong><\/p>\n<p>D\u00e9licieux <strong>m\u00e9lange de fruits biologiques<\/strong>, \u00e9labor\u00e9 avec des ingr\u00e9dients naturels tels que<strong> l\u2019hibiscus<\/strong>, l\u2019\u00e9glantier, la pomme et la fraise. Sa saveur intense et rafra\u00eechissante en fait le choix id\u00e9al \u00e0 tout moment de la journ\u00e9e. <strong>Sans caf\u00e9ine et riche en vitamines<\/strong>, c\u2019est la boisson parfaite pour ceux qui recherchent une option saine et pleine d\u2019ar\u00f4mes. Go\u00fbtez cette tisane de fruits bio et profitez de son go\u00fbt unique !<\/p>\n","protected":false},"featured_media":16118,"comment_status":"open","ping_status":"closed","template":"","meta":[],"product_brand":[],"product_cat":[380,309,315,298,296,283,310,311,312,316],"product_tag":[],"class_list":{"0":"post-18421","1":"product","2":"type-product","3":"status-publish","4":"has-post-thumbnail","6":"product_cat-the-bio-en-vrac-grossiste-vente-en-ligne","7":"product_cat-collections","8":"product_cat-acheter-du-the-en-vrac-biologique","9":"product_cat-les-varietes-de-the","10":"product_cat-the-et-infusion-aux-fruits","11":"product_cat-thes-et-infusions-biologiques-de-qualite","12":"product_cat-tous","13":"product_cat-tous-fr","14":"product_cat-tous-fr-2","15":"product_cat-uncategorized-fr","17":"first","18":"instock","19":"shipping-taxable","20":"purchasable","21":"product-type-variable"},"yoast_head":"<!-- This site is optimized with the Yoast SEO Premium plugin v27.3 (Yoast SEO v27.3) - https:\/\/yoast.com\/product\/yoast-seo-premium-wordpress\/ -->\n<title>Th\u00e9 aux fruits bio en vrac | Hibiscus, \u00e9glantier &amp; fraise | Sans caf\u00e9ine<\/title>\n<meta name=\"description\" content=\"Les infusions de fruits sont aussi color\u00e9es que votre coupe de fruits. Des ingr\u00e9dients de premi\u00e8re qualit\u00e9 donnent des m\u00e9langes rafra\u00eechissants et fruit\u00e9s.\" \/>\n<meta name=\"robots\" content=\"index, follow, max-snippet:-1, max-image-preview:large, max-video-preview:-1\" \/>\n<link rel=\"canonical\" href=\"https:\/\/www.sempertea.eu\/fr\/tisane-fruits-bio-vrac-hibiscus-eglantier-pomme-fraise\/\" \/>\n<meta property=\"og:locale\" content=\"fr_FR\" \/>\n<meta property=\"og:type\" content=\"article\" \/>\n<meta property=\"og:title\" content=\"PANIER DE FRUITS th\u00e9 aux fruits bio en vrac | Hibiscus, \u00e9glantier &amp; fraise | Sans caf\u00e9ine\" \/>\n<meta property=\"og:description\" content=\"Les infusions de fruits sont aussi color\u00e9es que votre coupe de fruits. Des ingr\u00e9dients de premi\u00e8re qualit\u00e9 donnent des m\u00e9langes rafra\u00eechissants et fruit\u00e9s.\" \/>\n<meta property=\"og:url\" content=\"https:\/\/www.sempertea.eu\/fr\/tisane-fruits-bio-vrac-hibiscus-eglantier-pomme-fraise\/\" \/>\n<meta property=\"og:site_name\" content=\"Semper Tea | Mayorista y fabricante de T\u00e9s e Infusiones para hoteles, restaurantes y bares\" \/>\n<meta property=\"article:modified_time\" content=\"2025-08-16T18:47:26+00:00\" \/>\n<meta property=\"og:image\" content=\"https:\/\/www.sempertea.eu\/wp-content\/uploads\/2025\/06\/infusion-hibisco-frutas-rojas-granel-ecologica-profesional-semper-tea.jpg\" \/>\n\t<meta property=\"og:image:width\" content=\"750\" \/>\n\t<meta property=\"og:image:height\" content=\"750\" \/>\n\t<meta property=\"og:image:type\" content=\"image\/jpeg\" \/>\n<meta name=\"twitter:card\" content=\"summary_large_image\" \/>\n<meta name=\"twitter:label1\" content=\"Dur\u00e9e de lecture estim\u00e9e\" \/>\n\t<meta name=\"twitter:data1\" content=\"2 minutes\" \/>\n<script type=\"application\/ld+json\" class=\"yoast-schema-graph\">{\"@context\":\"https:\\\/\\\/schema.org\",\"@graph\":[{\"@type\":\"WebPage\",\"@id\":\"https:\\\/\\\/www.sempertea.eu\\\/fr\\\/tisane-fruits-bio-vrac-hibiscus-eglantier-pomme-fraise\\\/\",\"url\":\"https:\\\/\\\/www.sempertea.eu\\\/fr\\\/tisane-fruits-bio-vrac-hibiscus-eglantier-pomme-fraise\\\/\",\"name\":\"Th\u00e9 aux fruits bio en vrac | Hibiscus, \u00e9glantier & fraise | Sans caf\u00e9ine\",\"isPartOf\":{\"@id\":\"https:\\\/\\\/www.sempertea.eu\\\/#website\"},\"primaryImageOfPage\":{\"@id\":\"https:\\\/\\\/www.sempertea.eu\\\/fr\\\/tisane-fruits-bio-vrac-hibiscus-eglantier-pomme-fraise\\\/#primaryimage\"},\"image\":{\"@id\":\"https:\\\/\\\/www.sempertea.eu\\\/fr\\\/tisane-fruits-bio-vrac-hibiscus-eglantier-pomme-fraise\\\/#primaryimage\"},\"thumbnailUrl\":\"https:\\\/\\\/www.sempertea.eu\\\/wp-content\\\/uploads\\\/2025\\\/06\\\/infusion-hibisco-frutas-rojas-granel-ecologica-profesional-semper-tea.jpg\",\"datePublished\":\"2025-08-16T18:01:33+00:00\",\"dateModified\":\"2025-08-16T18:47:26+00:00\",\"description\":\"Les infusions de fruits sont aussi color\u00e9es que votre coupe de fruits. Des ingr\u00e9dients de premi\u00e8re qualit\u00e9 donnent des m\u00e9langes rafra\u00eechissants et fruit\u00e9s.\",\"breadcrumb\":{\"@id\":\"https:\\\/\\\/www.sempertea.eu\\\/fr\\\/tisane-fruits-bio-vrac-hibiscus-eglantier-pomme-fraise\\\/#breadcrumb\"},\"inLanguage\":\"fr-FR\",\"potentialAction\":[{\"@type\":\"ReadAction\",\"target\":[\"https:\\\/\\\/www.sempertea.eu\\\/fr\\\/tisane-fruits-bio-vrac-hibiscus-eglantier-pomme-fraise\\\/\"]}]},{\"@type\":\"ImageObject\",\"inLanguage\":\"fr-FR\",\"@id\":\"https:\\\/\\\/www.sempertea.eu\\\/fr\\\/tisane-fruits-bio-vrac-hibiscus-eglantier-pomme-fraise\\\/#primaryimage\",\"url\":\"https:\\\/\\\/www.sempertea.eu\\\/wp-content\\\/uploads\\\/2025\\\/06\\\/infusion-hibisco-frutas-rojas-granel-ecologica-profesional-semper-tea.jpg\",\"contentUrl\":\"https:\\\/\\\/www.sempertea.eu\\\/wp-content\\\/uploads\\\/2025\\\/06\\\/infusion-hibisco-frutas-rojas-granel-ecologica-profesional-semper-tea.jpg\",\"width\":750,\"height\":750,\"caption\":\"infusion hibisco frutas rojas granel ecologica profesional semper tea\"},{\"@type\":\"BreadcrumbList\",\"@id\":\"https:\\\/\\\/www.sempertea.eu\\\/fr\\\/tisane-fruits-bio-vrac-hibiscus-eglantier-pomme-fraise\\\/#breadcrumb\",\"itemListElement\":[{\"@type\":\"ListItem\",\"position\":1,\"name\":\"Portada\",\"item\":\"https:\\\/\\\/www.sempertea.eu\\\/\"},{\"@type\":\"ListItem\",\"position\":2,\"name\":\"Tienda\",\"item\":\"https:\\\/\\\/www.sempertea.eu\\\/tienda\\\/\"},{\"@type\":\"ListItem\",\"position\":3,\"name\":\"PANIER DE FRUITS th\u00e9 aux fruits bio en vrac | Hibiscus, \u00e9glantier &amp; fraise | Sans caf\u00e9ine\"}]},{\"@type\":\"WebSite\",\"@id\":\"https:\\\/\\\/www.sempertea.eu\\\/#website\",\"url\":\"https:\\\/\\\/www.sempertea.eu\\\/\",\"name\":\"Semper Tea | Mayorista y fabricante de T\u00e9s e Infusiones para hoteles, restaurantes y bares\",\"description\":\"T\u00e9s e infusiones para hosteler\u00eda, hoteler\u00eda y comercio\",\"potentialAction\":[{\"@type\":\"SearchAction\",\"target\":{\"@type\":\"EntryPoint\",\"urlTemplate\":\"https:\\\/\\\/www.sempertea.eu\\\/?s={search_term_string}\"},\"query-input\":{\"@type\":\"PropertyValueSpecification\",\"valueRequired\":true,\"valueName\":\"search_term_string\"}}],\"inLanguage\":\"fr-FR\"}]}<\/script>\n<!-- \/ Yoast SEO Premium plugin. -->","yoast_head_json":{"title":"Th\u00e9 aux fruits bio en vrac | Hibiscus, \u00e9glantier & fraise | Sans caf\u00e9ine","description":"Les infusions de fruits sont aussi color\u00e9es que votre coupe de fruits. Des ingr\u00e9dients de premi\u00e8re qualit\u00e9 donnent des m\u00e9langes rafra\u00eechissants et fruit\u00e9s.","robots":{"index":"index","follow":"follow","max-snippet":"max-snippet:-1","max-image-preview":"max-image-preview:large","max-video-preview":"max-video-preview:-1"},"canonical":"https:\/\/www.sempertea.eu\/fr\/tisane-fruits-bio-vrac-hibiscus-eglantier-pomme-fraise\/","og_locale":"fr_FR","og_type":"article","og_title":"PANIER DE FRUITS th\u00e9 aux fruits bio en vrac | Hibiscus, \u00e9glantier &amp; fraise | Sans caf\u00e9ine","og_description":"Les infusions de fruits sont aussi color\u00e9es que votre coupe de fruits. Des ingr\u00e9dients de premi\u00e8re qualit\u00e9 donnent des m\u00e9langes rafra\u00eechissants et fruit\u00e9s.","og_url":"https:\/\/www.sempertea.eu\/fr\/tisane-fruits-bio-vrac-hibiscus-eglantier-pomme-fraise\/","og_site_name":"Semper Tea | Mayorista y fabricante de T\u00e9s e Infusiones para hoteles, restaurantes y bares","article_modified_time":"2025-08-16T18:47:26+00:00","og_image":[{"width":750,"height":750,"url":"https:\/\/www.sempertea.eu\/wp-content\/uploads\/2025\/06\/infusion-hibisco-frutas-rojas-granel-ecologica-profesional-semper-tea.jpg","type":"image\/jpeg"}],"twitter_card":"summary_large_image","twitter_misc":{"Dur\u00e9e de lecture estim\u00e9e":"2 minutes"},"schema":{"@context":"https:\/\/schema.org","@graph":[{"@type":"WebPage","@id":"https:\/\/www.sempertea.eu\/fr\/tisane-fruits-bio-vrac-hibiscus-eglantier-pomme-fraise\/","url":"https:\/\/www.sempertea.eu\/fr\/tisane-fruits-bio-vrac-hibiscus-eglantier-pomme-fraise\/","name":"Th\u00e9 aux fruits bio en vrac | Hibiscus, \u00e9glantier & fraise | Sans caf\u00e9ine","isPartOf":{"@id":"https:\/\/www.sempertea.eu\/#website"},"primaryImageOfPage":{"@id":"https:\/\/www.sempertea.eu\/fr\/tisane-fruits-bio-vrac-hibiscus-eglantier-pomme-fraise\/#primaryimage"},"image":{"@id":"https:\/\/www.sempertea.eu\/fr\/tisane-fruits-bio-vrac-hibiscus-eglantier-pomme-fraise\/#primaryimage"},"thumbnailUrl":"https:\/\/www.sempertea.eu\/wp-content\/uploads\/2025\/06\/infusion-hibisco-frutas-rojas-granel-ecologica-profesional-semper-tea.jpg","datePublished":"2025-08-16T18:01:33+00:00","dateModified":"2025-08-16T18:47:26+00:00","description":"Les infusions de fruits sont aussi color\u00e9es que votre coupe de fruits. Des ingr\u00e9dients de premi\u00e8re qualit\u00e9 donnent des m\u00e9langes rafra\u00eechissants et fruit\u00e9s.","breadcrumb":{"@id":"https:\/\/www.sempertea.eu\/fr\/tisane-fruits-bio-vrac-hibiscus-eglantier-pomme-fraise\/#breadcrumb"},"inLanguage":"fr-FR","potentialAction":[{"@type":"ReadAction","target":["https:\/\/www.sempertea.eu\/fr\/tisane-fruits-bio-vrac-hibiscus-eglantier-pomme-fraise\/"]}]},{"@type":"ImageObject","inLanguage":"fr-FR","@id":"https:\/\/www.sempertea.eu\/fr\/tisane-fruits-bio-vrac-hibiscus-eglantier-pomme-fraise\/#primaryimage","url":"https:\/\/www.sempertea.eu\/wp-content\/uploads\/2025\/06\/infusion-hibisco-frutas-rojas-granel-ecologica-profesional-semper-tea.jpg","contentUrl":"https:\/\/www.sempertea.eu\/wp-content\/uploads\/2025\/06\/infusion-hibisco-frutas-rojas-granel-ecologica-profesional-semper-tea.jpg","width":750,"height":750,"caption":"infusion hibisco frutas rojas granel ecologica profesional semper tea"},{"@type":"BreadcrumbList","@id":"https:\/\/www.sempertea.eu\/fr\/tisane-fruits-bio-vrac-hibiscus-eglantier-pomme-fraise\/#breadcrumb","itemListElement":[{"@type":"ListItem","position":1,"name":"Portada","item":"https:\/\/www.sempertea.eu\/"},{"@type":"ListItem","position":2,"name":"Tienda","item":"https:\/\/www.sempertea.eu\/tienda\/"},{"@type":"ListItem","position":3,"name":"PANIER DE FRUITS th\u00e9 aux fruits bio en vrac | Hibiscus, \u00e9glantier &amp; fraise | Sans caf\u00e9ine"}]},{"@type":"WebSite","@id":"https:\/\/www.sempertea.eu\/#website","url":"https:\/\/www.sempertea.eu\/","name":"Semper Tea | Mayorista y fabricante de T\u00e9s e Infusiones para hoteles, restaurantes y bares","description":"T\u00e9s e infusiones para hosteler\u00eda, hoteler\u00eda y comercio","potentialAction":[{"@type":"SearchAction","target":{"@type":"EntryPoint","urlTemplate":"https:\/\/www.sempertea.eu\/?s={search_term_string}"},"query-input":{"@type":"PropertyValueSpecification","valueRequired":true,"valueName":"search_term_string"}}],"inLanguage":"fr-FR"}]}},"_links":{"self":[{"href":"https:\/\/www.sempertea.eu\/fr\/wp-json\/wp\/v2\/product\/18421","targetHints":{"allow":["GET"]}}],"collection":[{"href":"https:\/\/www.sempertea.eu\/fr\/wp-json\/wp\/v2\/product"}],"about":[{"href":"https:\/\/www.sempertea.eu\/fr\/wp-json\/wp\/v2\/types\/product"}],"replies":[{"embeddable":true,"href":"https:\/\/www.sempertea.eu\/fr\/wp-json\/wp\/v2\/comments?post=18421"}],"wp:featuredmedia":[{"embeddable":true,"href":"https:\/\/www.sempertea.eu\/fr\/wp-json\/wp\/v2\/media\/16118"}],"wp:attachment":[{"href":"https:\/\/www.sempertea.eu\/fr\/wp-json\/wp\/v2\/media?parent=18421"}],"wp:term":[{"taxonomy":"product_brand","embeddable":true,"href":"https:\/\/www.sempertea.eu\/fr\/wp-json\/wp\/v2\/product_brand?post=18421"},{"taxonomy":"product_cat","embeddable":true,"href":"https:\/\/www.sempertea.eu\/fr\/wp-json\/wp\/v2\/product_cat?post=18421"},{"taxonomy":"product_tag","embeddable":true,"href":"https:\/\/www.sempertea.eu\/fr\/wp-json\/wp\/v2\/product_tag?post=18421"}],"curies":[{"name":"wp","href":"https:\/\/api.w.org\/{rel}","templated":true}]}}