{"id":18346,"date":"2025-08-12T18:50:26","date_gmt":"2025-08-12T16:50:26","guid":{"rendered":"https:\/\/www.sempertea.eu\/panier-de-fruits-infusion-de-fruits-biologique-en-vrac-en-bocal-en-verre-sans-cafeine-saveur-fruitee-et-aromatique\/"},"modified":"2025-08-13T18:45:19","modified_gmt":"2025-08-13T16:45:19","slug":"the-bio-aux-fruits-vrac-en-verre-idee-cadeau","status":"publish","type":"product","link":"https:\/\/www.sempertea.eu\/fr\/the-bio-aux-fruits-vrac-en-verre-idee-cadeau\/","title":{"rendered":"PANIER DE FRUITS infusion de fruits biologique | En vrac en bocal en verre, sans caf\u00e9ine, saveur fruit\u00e9e et aromatique"},"content":{"rendered":"<h2>Infusion de fruits biologique | En vrac en bocal en verre, sans caf\u00e9ine, saveur fruit\u00e9e et aromatique, id\u00e9ale chaude ou glac\u00e9e, emballage durable<\/h2>\n<p>Une pr\u00e9sentation originale pour savourer cette d\u00e9licieuse infusion.<br \/>\nM\u00e9lange gourmand aux ingr\u00e9dients naturels et biologiques : hibiscus, \u00e9glantier (cynorrhodon), morceaux de pomme et fraise.<br \/>\nUn v\u00e9ritable <strong>cocktail de couleurs<\/strong>, de saveurs et de bienfaits naturels pour le quotidien !<\/p>\n<p>Sa saveur d\u00e9licieuse donne envie d\u2019en profiter toute l\u2019ann\u00e9e, aussi bien chaud qu\u2019en infusion \u00e0 froid pendant les mois d\u2019\u00e9t\u00e9.<\/p>\n<p>Savourez le go\u00fbt et l\u2019ar\u00f4me de la nature, confortablement depuis votre canap\u00e9, avec des infusions en vrac de haute qualit\u00e9.<\/p>\n<h3>Proposez une s\u00e9lection de th\u00e9s classiques dans nos \u00e9l\u00e9gantes bo\u00eetes \u00e0 th\u00e9.<\/h3>\n<p>Pour le go\u00fbter, vous pouvez opter pour un <strong>th\u00e9 classique<\/strong>. Ou m\u00eame utiliser l&rsquo;une de nos <strong>bo\u00eetes de th\u00e9 comme pr\u00e9sentation <\/strong>et laisser chacun choisir le go\u00fbt de<a href=\"https:\/\/mejorconsalud.com\/como-preparar-una-infusion-de-frutas-5-recetas-faciles\/\"><strong> th\u00e9 ou d&rsquo;infusion<\/strong><\/a> bio qu&rsquo;il pr\u00e9f\u00e8re. Avec notre<strong> large s\u00e9lection<\/strong>, il y en a pour tous les go\u00fbts. Si vous avez envie de pr\u00e9parer une <strong>boisson froide<\/strong> avec notre <strong>th\u00e9 aux fruits<\/strong>&#8230; profitez d&rsquo;une option parfaite et tr\u00e8s rafra\u00eechissante. Vous pouvez servir votre <strong>th\u00e9 glac\u00e9<\/strong> dans une carafe avec des gla\u00e7ons et l&rsquo;aromatiser en ajoutant des fruits comme des rondelles de citron, des myrtilles, des fraises&#8230; ceux que vous pr\u00e9f\u00e9rez et qui sont les plus d\u00e9coratifs.<\/p>\n","protected":false},"excerpt":{"rendered":"<p><strong>Un m\u00e9lange harmonieux de couleurs et d&rsquo;ar\u00f4mes fruit\u00e9s &#8211; sans caf\u00e9ine<\/strong><\/p>\n<p>Une infusion profond\u00e9ment fruit\u00e9e et rafra\u00eechissante d\u00e9licieusement m\u00e9lang\u00e9e \u00e0 des ingr\u00e9dients naturels et biologiques : hibiscus, cynorrhodon, morceaux de pomme et fraise. Naturellement sans caf\u00e9ine et pleine de vitamines et de substances b\u00e9n\u00e9fiques pour la sant\u00e9.<\/p>\n","protected":false},"featured_media":18263,"comment_status":"open","ping_status":"closed","template":"","meta":[],"product_brand":[],"product_cat":[309,270,298,296,307,283,311,312,310,316],"product_tag":[],"class_list":{"0":"post-18346","1":"product","2":"type-product","3":"status-publish","4":"has-post-thumbnail","6":"product_cat-collections","7":"product_cat-acheter-du-the-en-vrac-emballe","8":"product_cat-les-varietes-de-the","9":"product_cat-the-et-infusion-aux-fruits","10":"product_cat-the-en-vrac-et-bocal-selection-bio-qualite-superieure-fabricant","11":"product_cat-thes-et-infusions-biologiques-de-qualite","12":"product_cat-tous-fr","13":"product_cat-tous-fr-2","14":"product_cat-tous","15":"product_cat-uncategorized-fr","17":"first","18":"instock","19":"shipping-taxable","20":"purchasable","21":"product-type-simple"},"yoast_head":"<!-- This site is optimized with the Yoast SEO Premium plugin v27.3 (Yoast SEO v27.3) - https:\/\/yoast.com\/product\/yoast-seo-premium-wordpress\/ -->\n<title>Th\u00e8 bio aux fruits | Vrac en bocal en verre | Id\u00e9e cadeau<\/title>\n<meta name=\"description\" content=\"Th\u00e8 de fruits biologique premium, sans caf\u00e9ine, en vrac en bocal en verre. Saveur vibrante et ar\u00f4me naturel. Id\u00e9ale chaude ou glac\u00e9e. Exp\u00e9dition rapide. Parfaite pour la maison, les \u00e9piceries fines et l\u2019h\u00f4tellerie-restauration.\" \/>\n<meta name=\"robots\" content=\"index, follow, max-snippet:-1, max-image-preview:large, max-video-preview:-1\" \/>\n<link rel=\"canonical\" href=\"https:\/\/www.sempertea.eu\/fr\/the-bio-aux-fruits-vrac-en-verre-idee-cadeau\/\" \/>\n<meta property=\"og:locale\" content=\"fr_FR\" \/>\n<meta property=\"og:type\" content=\"article\" \/>\n<meta property=\"og:title\" content=\"PANIER DE FRUITS infusion de fruits biologique | En vrac en bocal en verre, sans caf\u00e9ine, saveur fruit\u00e9e et aromatique\" \/>\n<meta property=\"og:description\" content=\"Th\u00e8 de fruits biologique premium, sans caf\u00e9ine, en vrac en bocal en verre. Saveur vibrante et ar\u00f4me naturel. Id\u00e9ale chaude ou glac\u00e9e. Exp\u00e9dition rapide. Parfaite pour la maison, les \u00e9piceries fines et l\u2019h\u00f4tellerie-restauration.\" \/>\n<meta property=\"og:url\" content=\"https:\/\/www.sempertea.eu\/fr\/the-bio-aux-fruits-vrac-en-verre-idee-cadeau\/\" \/>\n<meta property=\"og:site_name\" content=\"Semper Tea | Mayorista y fabricante de T\u00e9s e Infusiones para hoteles, restaurantes y bares\" \/>\n<meta property=\"article:modified_time\" content=\"2025-08-13T16:45:19+00:00\" \/>\n<meta property=\"og:image\" content=\"https:\/\/www.sempertea.eu\/wp-content\/uploads\/2025\/08\/infusion-de-arandanos-hibisco-escaramujo-frutas-del-bosque-granel-semper-tea.jpg\" \/>\n\t<meta property=\"og:image:width\" content=\"1000\" \/>\n\t<meta property=\"og:image:height\" content=\"1000\" \/>\n\t<meta property=\"og:image:type\" content=\"image\/jpeg\" \/>\n<meta name=\"twitter:card\" content=\"summary_large_image\" \/>\n<meta name=\"twitter:label1\" content=\"Dur\u00e9e de lecture estim\u00e9e\" \/>\n\t<meta name=\"twitter:data1\" content=\"2 minutes\" \/>\n<script type=\"application\/ld+json\" class=\"yoast-schema-graph\">{\"@context\":\"https:\\\/\\\/schema.org\",\"@graph\":[{\"@type\":\"WebPage\",\"@id\":\"https:\\\/\\\/www.sempertea.eu\\\/fr\\\/the-bio-aux-fruits-vrac-en-verre-idee-cadeau\\\/\",\"url\":\"https:\\\/\\\/www.sempertea.eu\\\/fr\\\/the-bio-aux-fruits-vrac-en-verre-idee-cadeau\\\/\",\"name\":\"Th\u00e8 bio aux fruits | Vrac en bocal en verre | Id\u00e9e cadeau\",\"isPartOf\":{\"@id\":\"https:\\\/\\\/www.sempertea.eu\\\/#website\"},\"primaryImageOfPage\":{\"@id\":\"https:\\\/\\\/www.sempertea.eu\\\/fr\\\/the-bio-aux-fruits-vrac-en-verre-idee-cadeau\\\/#primaryimage\"},\"image\":{\"@id\":\"https:\\\/\\\/www.sempertea.eu\\\/fr\\\/the-bio-aux-fruits-vrac-en-verre-idee-cadeau\\\/#primaryimage\"},\"thumbnailUrl\":\"https:\\\/\\\/www.sempertea.eu\\\/wp-content\\\/uploads\\\/2025\\\/08\\\/infusion-de-arandanos-hibisco-escaramujo-frutas-del-bosque-granel-semper-tea.jpg\",\"datePublished\":\"2025-08-12T16:50:26+00:00\",\"dateModified\":\"2025-08-13T16:45:19+00:00\",\"description\":\"Th\u00e8 de fruits biologique premium, sans caf\u00e9ine, en vrac en bocal en verre. Saveur vibrante et ar\u00f4me naturel. Id\u00e9ale chaude ou glac\u00e9e. Exp\u00e9dition rapide. Parfaite pour la maison, les \u00e9piceries fines et l\u2019h\u00f4tellerie-restauration.\",\"breadcrumb\":{\"@id\":\"https:\\\/\\\/www.sempertea.eu\\\/fr\\\/the-bio-aux-fruits-vrac-en-verre-idee-cadeau\\\/#breadcrumb\"},\"inLanguage\":\"fr-FR\",\"potentialAction\":[{\"@type\":\"ReadAction\",\"target\":[\"https:\\\/\\\/www.sempertea.eu\\\/fr\\\/the-bio-aux-fruits-vrac-en-verre-idee-cadeau\\\/\"]}]},{\"@type\":\"ImageObject\",\"inLanguage\":\"fr-FR\",\"@id\":\"https:\\\/\\\/www.sempertea.eu\\\/fr\\\/the-bio-aux-fruits-vrac-en-verre-idee-cadeau\\\/#primaryimage\",\"url\":\"https:\\\/\\\/www.sempertea.eu\\\/wp-content\\\/uploads\\\/2025\\\/08\\\/infusion-de-arandanos-hibisco-escaramujo-frutas-del-bosque-granel-semper-tea.jpg\",\"contentUrl\":\"https:\\\/\\\/www.sempertea.eu\\\/wp-content\\\/uploads\\\/2025\\\/08\\\/infusion-de-arandanos-hibisco-escaramujo-frutas-del-bosque-granel-semper-tea.jpg\",\"width\":1000,\"height\":1000,\"caption\":\"Ar\u00e1ndanos con Hibisco \u2014 Infusi\u00f3n de frutas del bosque a granel\"},{\"@type\":\"BreadcrumbList\",\"@id\":\"https:\\\/\\\/www.sempertea.eu\\\/fr\\\/the-bio-aux-fruits-vrac-en-verre-idee-cadeau\\\/#breadcrumb\",\"itemListElement\":[{\"@type\":\"ListItem\",\"position\":1,\"name\":\"Portada\",\"item\":\"https:\\\/\\\/www.sempertea.eu\\\/\"},{\"@type\":\"ListItem\",\"position\":2,\"name\":\"Tienda\",\"item\":\"https:\\\/\\\/www.sempertea.eu\\\/tienda\\\/\"},{\"@type\":\"ListItem\",\"position\":3,\"name\":\"PANIER DE FRUITS infusion de fruits biologique | En vrac en bocal en verre, sans caf\u00e9ine, saveur fruit\u00e9e et aromatique\"}]},{\"@type\":\"WebSite\",\"@id\":\"https:\\\/\\\/www.sempertea.eu\\\/#website\",\"url\":\"https:\\\/\\\/www.sempertea.eu\\\/\",\"name\":\"Semper Tea | Mayorista y fabricante de T\u00e9s e Infusiones para hoteles, restaurantes y bares\",\"description\":\"T\u00e9s e infusiones para hosteler\u00eda, hoteler\u00eda y comercio\",\"potentialAction\":[{\"@type\":\"SearchAction\",\"target\":{\"@type\":\"EntryPoint\",\"urlTemplate\":\"https:\\\/\\\/www.sempertea.eu\\\/?s={search_term_string}\"},\"query-input\":{\"@type\":\"PropertyValueSpecification\",\"valueRequired\":true,\"valueName\":\"search_term_string\"}}],\"inLanguage\":\"fr-FR\"}]}<\/script>\n<!-- \/ Yoast SEO Premium plugin. -->","yoast_head_json":{"title":"Th\u00e8 bio aux fruits | Vrac en bocal en verre | Id\u00e9e cadeau","description":"Th\u00e8 de fruits biologique premium, sans caf\u00e9ine, en vrac en bocal en verre. Saveur vibrante et ar\u00f4me naturel. Id\u00e9ale chaude ou glac\u00e9e. Exp\u00e9dition rapide. Parfaite pour la maison, les \u00e9piceries fines et l\u2019h\u00f4tellerie-restauration.","robots":{"index":"index","follow":"follow","max-snippet":"max-snippet:-1","max-image-preview":"max-image-preview:large","max-video-preview":"max-video-preview:-1"},"canonical":"https:\/\/www.sempertea.eu\/fr\/the-bio-aux-fruits-vrac-en-verre-idee-cadeau\/","og_locale":"fr_FR","og_type":"article","og_title":"PANIER DE FRUITS infusion de fruits biologique | En vrac en bocal en verre, sans caf\u00e9ine, saveur fruit\u00e9e et aromatique","og_description":"Th\u00e8 de fruits biologique premium, sans caf\u00e9ine, en vrac en bocal en verre. Saveur vibrante et ar\u00f4me naturel. Id\u00e9ale chaude ou glac\u00e9e. Exp\u00e9dition rapide. Parfaite pour la maison, les \u00e9piceries fines et l\u2019h\u00f4tellerie-restauration.","og_url":"https:\/\/www.sempertea.eu\/fr\/the-bio-aux-fruits-vrac-en-verre-idee-cadeau\/","og_site_name":"Semper Tea | Mayorista y fabricante de T\u00e9s e Infusiones para hoteles, restaurantes y bares","article_modified_time":"2025-08-13T16:45:19+00:00","og_image":[{"width":1000,"height":1000,"url":"https:\/\/www.sempertea.eu\/wp-content\/uploads\/2025\/08\/infusion-de-arandanos-hibisco-escaramujo-frutas-del-bosque-granel-semper-tea.jpg","type":"image\/jpeg"}],"twitter_card":"summary_large_image","twitter_misc":{"Dur\u00e9e de lecture estim\u00e9e":"2 minutes"},"schema":{"@context":"https:\/\/schema.org","@graph":[{"@type":"WebPage","@id":"https:\/\/www.sempertea.eu\/fr\/the-bio-aux-fruits-vrac-en-verre-idee-cadeau\/","url":"https:\/\/www.sempertea.eu\/fr\/the-bio-aux-fruits-vrac-en-verre-idee-cadeau\/","name":"Th\u00e8 bio aux fruits | Vrac en bocal en verre | Id\u00e9e cadeau","isPartOf":{"@id":"https:\/\/www.sempertea.eu\/#website"},"primaryImageOfPage":{"@id":"https:\/\/www.sempertea.eu\/fr\/the-bio-aux-fruits-vrac-en-verre-idee-cadeau\/#primaryimage"},"image":{"@id":"https:\/\/www.sempertea.eu\/fr\/the-bio-aux-fruits-vrac-en-verre-idee-cadeau\/#primaryimage"},"thumbnailUrl":"https:\/\/www.sempertea.eu\/wp-content\/uploads\/2025\/08\/infusion-de-arandanos-hibisco-escaramujo-frutas-del-bosque-granel-semper-tea.jpg","datePublished":"2025-08-12T16:50:26+00:00","dateModified":"2025-08-13T16:45:19+00:00","description":"Th\u00e8 de fruits biologique premium, sans caf\u00e9ine, en vrac en bocal en verre. Saveur vibrante et ar\u00f4me naturel. Id\u00e9ale chaude ou glac\u00e9e. Exp\u00e9dition rapide. Parfaite pour la maison, les \u00e9piceries fines et l\u2019h\u00f4tellerie-restauration.","breadcrumb":{"@id":"https:\/\/www.sempertea.eu\/fr\/the-bio-aux-fruits-vrac-en-verre-idee-cadeau\/#breadcrumb"},"inLanguage":"fr-FR","potentialAction":[{"@type":"ReadAction","target":["https:\/\/www.sempertea.eu\/fr\/the-bio-aux-fruits-vrac-en-verre-idee-cadeau\/"]}]},{"@type":"ImageObject","inLanguage":"fr-FR","@id":"https:\/\/www.sempertea.eu\/fr\/the-bio-aux-fruits-vrac-en-verre-idee-cadeau\/#primaryimage","url":"https:\/\/www.sempertea.eu\/wp-content\/uploads\/2025\/08\/infusion-de-arandanos-hibisco-escaramujo-frutas-del-bosque-granel-semper-tea.jpg","contentUrl":"https:\/\/www.sempertea.eu\/wp-content\/uploads\/2025\/08\/infusion-de-arandanos-hibisco-escaramujo-frutas-del-bosque-granel-semper-tea.jpg","width":1000,"height":1000,"caption":"Ar\u00e1ndanos con Hibisco \u2014 Infusi\u00f3n de frutas del bosque a granel"},{"@type":"BreadcrumbList","@id":"https:\/\/www.sempertea.eu\/fr\/the-bio-aux-fruits-vrac-en-verre-idee-cadeau\/#breadcrumb","itemListElement":[{"@type":"ListItem","position":1,"name":"Portada","item":"https:\/\/www.sempertea.eu\/"},{"@type":"ListItem","position":2,"name":"Tienda","item":"https:\/\/www.sempertea.eu\/tienda\/"},{"@type":"ListItem","position":3,"name":"PANIER DE FRUITS infusion de fruits biologique | En vrac en bocal en verre, sans caf\u00e9ine, saveur fruit\u00e9e et aromatique"}]},{"@type":"WebSite","@id":"https:\/\/www.sempertea.eu\/#website","url":"https:\/\/www.sempertea.eu\/","name":"Semper Tea | Mayorista y fabricante de T\u00e9s e Infusiones para hoteles, restaurantes y bares","description":"T\u00e9s e infusiones para hosteler\u00eda, hoteler\u00eda y comercio","potentialAction":[{"@type":"SearchAction","target":{"@type":"EntryPoint","urlTemplate":"https:\/\/www.sempertea.eu\/?s={search_term_string}"},"query-input":{"@type":"PropertyValueSpecification","valueRequired":true,"valueName":"search_term_string"}}],"inLanguage":"fr-FR"}]}},"_links":{"self":[{"href":"https:\/\/www.sempertea.eu\/fr\/wp-json\/wp\/v2\/product\/18346","targetHints":{"allow":["GET"]}}],"collection":[{"href":"https:\/\/www.sempertea.eu\/fr\/wp-json\/wp\/v2\/product"}],"about":[{"href":"https:\/\/www.sempertea.eu\/fr\/wp-json\/wp\/v2\/types\/product"}],"replies":[{"embeddable":true,"href":"https:\/\/www.sempertea.eu\/fr\/wp-json\/wp\/v2\/comments?post=18346"}],"wp:featuredmedia":[{"embeddable":true,"href":"https:\/\/www.sempertea.eu\/fr\/wp-json\/wp\/v2\/media\/18263"}],"wp:attachment":[{"href":"https:\/\/www.sempertea.eu\/fr\/wp-json\/wp\/v2\/media?parent=18346"}],"wp:term":[{"taxonomy":"product_brand","embeddable":true,"href":"https:\/\/www.sempertea.eu\/fr\/wp-json\/wp\/v2\/product_brand?post=18346"},{"taxonomy":"product_cat","embeddable":true,"href":"https:\/\/www.sempertea.eu\/fr\/wp-json\/wp\/v2\/product_cat?post=18346"},{"taxonomy":"product_tag","embeddable":true,"href":"https:\/\/www.sempertea.eu\/fr\/wp-json\/wp\/v2\/product_tag?post=18346"}],"curies":[{"name":"wp","href":"https:\/\/api.w.org\/{rel}","templated":true}]}}