{"id":18250,"date":"2025-08-11T16:06:15","date_gmt":"2025-08-11T14:06:15","guid":{"rendered":"https:\/\/www.sempertea.eu\/brise-de-menthe-bio-en-vrac-infusion-rafraichissante-et-digestive\/"},"modified":"2025-08-11T23:09:49","modified_gmt":"2025-08-11T21:09:49","slug":"acheter-la-menthe-poivree-en-vrac-livraison-rapide","status":"publish","type":"product","link":"https:\/\/www.sempertea.eu\/fr\/acheter-la-menthe-poivree-en-vrac-livraison-rapide\/","title":{"rendered":"BRISE DE MENTHE bio en vrac | Tisane digestive et rafra\u00eechissante"},"content":{"rendered":"<h2>Fra\u00eecheur imm\u00e9diate ! Th\u00e8 de menthe Bio \u2014 Infusion de menthe en vrac, sachet papier | Maison, retail &amp; CHR<\/h2>\n<p>Le menthol naturel de la menthe pouliot transforme chaque gorg\u00e9e en une bouff\u00e9e d\u2019air pur. M\u00eame chaude, elle laisse une sensation rafra\u00eechissante en bouche \u2014 parfaite pour \u00ab r\u00e9initialiser \u00bb le palais. En \u00e9t\u00e9, servez-la sur glace avec une touche de citron ; en hiver, elle devient votre infusion apaisante de pr\u00e9dilection.<\/p>\n<h3>Grossiste th\u00e9 menthe poivr\u00e9e prix professionnels<\/h3>\n<p>Effet \u00ab cool \u00bb instantan\u00e9 du menthol : sensation fra\u00eeche, m\u00eame servi chaud.<\/p>\n<p>D\u00e9part matinal tout en douceur \u2014 peut stimuler la circulation et favoriser un \u00e9tat d\u2019\u00e9veil plus net.<\/p>\n<p>Complice de votre bien-\u00eatre de tous les jours, souvent appr\u00e9ci\u00e9e lorsque les tensions se font sentir au niveau de la t\u00eate et de la nuque.<\/p>\n<h4>Sans caf\u00e9ine : \u00e0 d\u00e9guster \u00e0 toute heure.<\/h4>\n<p>Astuce de barista : pour un cold brew parfait, infusez \u00e0 froid 6\u20138 h au r\u00e9frig\u00e9rateur, puis servez sur glace.<\/p>\n","protected":false},"excerpt":{"rendered":"<p><strong>Sensation de fra\u00eecheur et de d\u00e9tente &#8211; sans caf\u00e9ine<\/strong><\/p>\n<p>Savourez une <strong>infusion fra\u00eeche et relaxante<\/strong>, \u00e9labor\u00e9e avec de la <strong>menthe biologique de haute qualit\u00e9.<\/strong> Son go\u00fbt \u00e9quilibr\u00e9, aux notes naturellement douces et \u00e0 l\u2019ar\u00f4me intense, offre une <strong>exp\u00e9rience revitalisante \u00e0 chaque tasse.<\/strong> Parfaite glac\u00e9e les jours de chaleur comme r\u00e9confortante lors des soir\u00e9es d\u2019hiver, <strong>cette infusion<\/strong> sans caf\u00e9ine est id\u00e9ale pour celles et ceux qui recherchent une boisson <strong>naturelle et digestive<\/strong>. Achetez en vrac et profitez de sa fra\u00eecheur \u00e0 tout moment.<\/p>\n","protected":false},"featured_media":16130,"comment_status":"open","ping_status":"closed","template":"","meta":[],"product_brand":[],"product_cat":[380,309,315,298,289,283,310,311,312,316],"product_tag":[],"class_list":{"0":"post-18250","1":"product","2":"type-product","3":"status-publish","4":"has-post-thumbnail","6":"product_cat-the-bio-en-vrac-grossiste-vente-en-ligne","7":"product_cat-collections","8":"product_cat-acheter-du-the-en-vrac-biologique","9":"product_cat-les-varietes-de-the","10":"product_cat-the-aux-herbes-bio-au-acheter","11":"product_cat-thes-et-infusions-biologiques-de-qualite","12":"product_cat-tous","13":"product_cat-tous-fr","14":"product_cat-tous-fr-2","15":"product_cat-uncategorized-fr","17":"first","18":"instock","19":"shipping-taxable","20":"purchasable","21":"product-type-variable"},"yoast_head":"<!-- This site is optimized with the Yoast SEO Premium plugin v27.3 (Yoast SEO v27.3) - https:\/\/yoast.com\/product\/yoast-seo-premium-wordpress\/ -->\n<title>Acheter LA MENTHE POIVREE en vrac | Livraison rapide<\/title>\n<meta name=\"description\" content=\"L&#039;infusion chaude de pennyroyal avec l&#039;effet du menthol donne une sensation de fra\u00eecheur. Id\u00e9ale en \u00e9t\u00e9 ou comme th\u00e9 apaisant par temps froid.\" \/>\n<meta name=\"robots\" content=\"index, follow, max-snippet:-1, max-image-preview:large, max-video-preview:-1\" \/>\n<link rel=\"canonical\" href=\"https:\/\/www.sempertea.eu\/fr\/acheter-la-menthe-poivree-en-vrac-livraison-rapide\/\" \/>\n<meta property=\"og:locale\" content=\"fr_FR\" \/>\n<meta property=\"og:type\" content=\"article\" \/>\n<meta property=\"og:title\" content=\"BRISE DE MENTHE bio en vrac | Tisane digestive et rafra\u00eechissante\" \/>\n<meta property=\"og:description\" content=\"L&#039;infusion chaude de pennyroyal avec l&#039;effet du menthol donne une sensation de fra\u00eecheur. Id\u00e9ale en \u00e9t\u00e9 ou comme th\u00e9 apaisant par temps froid.\" \/>\n<meta property=\"og:url\" content=\"https:\/\/www.sempertea.eu\/fr\/acheter-la-menthe-poivree-en-vrac-livraison-rapide\/\" \/>\n<meta property=\"og:site_name\" content=\"Semper Tea | Mayorista y fabricante de T\u00e9s e Infusiones para hoteles, restaurantes y bares\" \/>\n<meta property=\"article:modified_time\" content=\"2025-08-11T21:09:49+00:00\" \/>\n<meta property=\"og:image\" content=\"https:\/\/www.sempertea.eu\/wp-content\/uploads\/2025\/06\/infusion-menta-hoja-entera-granel-refrescante-natural-semper-tea.jpg\" \/>\n\t<meta property=\"og:image:width\" content=\"664\" \/>\n\t<meta property=\"og:image:height\" content=\"664\" \/>\n\t<meta property=\"og:image:type\" content=\"image\/jpeg\" \/>\n<meta name=\"twitter:card\" content=\"summary_large_image\" \/>\n<meta name=\"twitter:label1\" content=\"Dur\u00e9e de lecture estim\u00e9e\" \/>\n\t<meta name=\"twitter:data1\" content=\"1 minute\" \/>\n<script type=\"application\/ld+json\" class=\"yoast-schema-graph\">{\"@context\":\"https:\\\/\\\/schema.org\",\"@graph\":[{\"@type\":\"WebPage\",\"@id\":\"https:\\\/\\\/www.sempertea.eu\\\/fr\\\/acheter-la-menthe-poivree-en-vrac-livraison-rapide\\\/\",\"url\":\"https:\\\/\\\/www.sempertea.eu\\\/fr\\\/acheter-la-menthe-poivree-en-vrac-livraison-rapide\\\/\",\"name\":\"Acheter LA MENTHE POIVREE en vrac | Livraison rapide\",\"isPartOf\":{\"@id\":\"https:\\\/\\\/www.sempertea.eu\\\/#website\"},\"primaryImageOfPage\":{\"@id\":\"https:\\\/\\\/www.sempertea.eu\\\/fr\\\/acheter-la-menthe-poivree-en-vrac-livraison-rapide\\\/#primaryimage\"},\"image\":{\"@id\":\"https:\\\/\\\/www.sempertea.eu\\\/fr\\\/acheter-la-menthe-poivree-en-vrac-livraison-rapide\\\/#primaryimage\"},\"thumbnailUrl\":\"https:\\\/\\\/www.sempertea.eu\\\/wp-content\\\/uploads\\\/2025\\\/06\\\/infusion-menta-hoja-entera-granel-refrescante-natural-semper-tea.jpg\",\"datePublished\":\"2025-08-11T14:06:15+00:00\",\"dateModified\":\"2025-08-11T21:09:49+00:00\",\"description\":\"L'infusion chaude de pennyroyal avec l'effet du menthol donne une sensation de fra\u00eecheur. Id\u00e9ale en \u00e9t\u00e9 ou comme th\u00e9 apaisant par temps froid.\",\"breadcrumb\":{\"@id\":\"https:\\\/\\\/www.sempertea.eu\\\/fr\\\/acheter-la-menthe-poivree-en-vrac-livraison-rapide\\\/#breadcrumb\"},\"inLanguage\":\"fr-FR\",\"potentialAction\":[{\"@type\":\"ReadAction\",\"target\":[\"https:\\\/\\\/www.sempertea.eu\\\/fr\\\/acheter-la-menthe-poivree-en-vrac-livraison-rapide\\\/\"]}]},{\"@type\":\"ImageObject\",\"inLanguage\":\"fr-FR\",\"@id\":\"https:\\\/\\\/www.sempertea.eu\\\/fr\\\/acheter-la-menthe-poivree-en-vrac-livraison-rapide\\\/#primaryimage\",\"url\":\"https:\\\/\\\/www.sempertea.eu\\\/wp-content\\\/uploads\\\/2025\\\/06\\\/infusion-menta-hoja-entera-granel-refrescante-natural-semper-tea.jpg\",\"contentUrl\":\"https:\\\/\\\/www.sempertea.eu\\\/wp-content\\\/uploads\\\/2025\\\/06\\\/infusion-menta-hoja-entera-granel-refrescante-natural-semper-tea.jpg\",\"width\":664,\"height\":664,\"caption\":\"infusion menta hoja entera granel refrescante natural semper tea\"},{\"@type\":\"BreadcrumbList\",\"@id\":\"https:\\\/\\\/www.sempertea.eu\\\/fr\\\/acheter-la-menthe-poivree-en-vrac-livraison-rapide\\\/#breadcrumb\",\"itemListElement\":[{\"@type\":\"ListItem\",\"position\":1,\"name\":\"Portada\",\"item\":\"https:\\\/\\\/www.sempertea.eu\\\/\"},{\"@type\":\"ListItem\",\"position\":2,\"name\":\"Tienda\",\"item\":\"https:\\\/\\\/www.sempertea.eu\\\/tienda\\\/\"},{\"@type\":\"ListItem\",\"position\":3,\"name\":\"BRISE DE MENTHE bio en vrac | Tisane digestive et rafra\u00eechissante\"}]},{\"@type\":\"WebSite\",\"@id\":\"https:\\\/\\\/www.sempertea.eu\\\/#website\",\"url\":\"https:\\\/\\\/www.sempertea.eu\\\/\",\"name\":\"Semper Tea | Mayorista y fabricante de T\u00e9s e Infusiones para hoteles, restaurantes y bares\",\"description\":\"T\u00e9s e infusiones para hosteler\u00eda, hoteler\u00eda y comercio\",\"potentialAction\":[{\"@type\":\"SearchAction\",\"target\":{\"@type\":\"EntryPoint\",\"urlTemplate\":\"https:\\\/\\\/www.sempertea.eu\\\/?s={search_term_string}\"},\"query-input\":{\"@type\":\"PropertyValueSpecification\",\"valueRequired\":true,\"valueName\":\"search_term_string\"}}],\"inLanguage\":\"fr-FR\"}]}<\/script>\n<!-- \/ Yoast SEO Premium plugin. -->","yoast_head_json":{"title":"Acheter LA MENTHE POIVREE en vrac | Livraison rapide","description":"L'infusion chaude de pennyroyal avec l'effet du menthol donne une sensation de fra\u00eecheur. Id\u00e9ale en \u00e9t\u00e9 ou comme th\u00e9 apaisant par temps froid.","robots":{"index":"index","follow":"follow","max-snippet":"max-snippet:-1","max-image-preview":"max-image-preview:large","max-video-preview":"max-video-preview:-1"},"canonical":"https:\/\/www.sempertea.eu\/fr\/acheter-la-menthe-poivree-en-vrac-livraison-rapide\/","og_locale":"fr_FR","og_type":"article","og_title":"BRISE DE MENTHE bio en vrac | Tisane digestive et rafra\u00eechissante","og_description":"L'infusion chaude de pennyroyal avec l'effet du menthol donne une sensation de fra\u00eecheur. Id\u00e9ale en \u00e9t\u00e9 ou comme th\u00e9 apaisant par temps froid.","og_url":"https:\/\/www.sempertea.eu\/fr\/acheter-la-menthe-poivree-en-vrac-livraison-rapide\/","og_site_name":"Semper Tea | Mayorista y fabricante de T\u00e9s e Infusiones para hoteles, restaurantes y bares","article_modified_time":"2025-08-11T21:09:49+00:00","og_image":[{"width":664,"height":664,"url":"https:\/\/www.sempertea.eu\/wp-content\/uploads\/2025\/06\/infusion-menta-hoja-entera-granel-refrescante-natural-semper-tea.jpg","type":"image\/jpeg"}],"twitter_card":"summary_large_image","twitter_misc":{"Dur\u00e9e de lecture estim\u00e9e":"1 minute"},"schema":{"@context":"https:\/\/schema.org","@graph":[{"@type":"WebPage","@id":"https:\/\/www.sempertea.eu\/fr\/acheter-la-menthe-poivree-en-vrac-livraison-rapide\/","url":"https:\/\/www.sempertea.eu\/fr\/acheter-la-menthe-poivree-en-vrac-livraison-rapide\/","name":"Acheter LA MENTHE POIVREE en vrac | Livraison rapide","isPartOf":{"@id":"https:\/\/www.sempertea.eu\/#website"},"primaryImageOfPage":{"@id":"https:\/\/www.sempertea.eu\/fr\/acheter-la-menthe-poivree-en-vrac-livraison-rapide\/#primaryimage"},"image":{"@id":"https:\/\/www.sempertea.eu\/fr\/acheter-la-menthe-poivree-en-vrac-livraison-rapide\/#primaryimage"},"thumbnailUrl":"https:\/\/www.sempertea.eu\/wp-content\/uploads\/2025\/06\/infusion-menta-hoja-entera-granel-refrescante-natural-semper-tea.jpg","datePublished":"2025-08-11T14:06:15+00:00","dateModified":"2025-08-11T21:09:49+00:00","description":"L'infusion chaude de pennyroyal avec l'effet du menthol donne une sensation de fra\u00eecheur. Id\u00e9ale en \u00e9t\u00e9 ou comme th\u00e9 apaisant par temps froid.","breadcrumb":{"@id":"https:\/\/www.sempertea.eu\/fr\/acheter-la-menthe-poivree-en-vrac-livraison-rapide\/#breadcrumb"},"inLanguage":"fr-FR","potentialAction":[{"@type":"ReadAction","target":["https:\/\/www.sempertea.eu\/fr\/acheter-la-menthe-poivree-en-vrac-livraison-rapide\/"]}]},{"@type":"ImageObject","inLanguage":"fr-FR","@id":"https:\/\/www.sempertea.eu\/fr\/acheter-la-menthe-poivree-en-vrac-livraison-rapide\/#primaryimage","url":"https:\/\/www.sempertea.eu\/wp-content\/uploads\/2025\/06\/infusion-menta-hoja-entera-granel-refrescante-natural-semper-tea.jpg","contentUrl":"https:\/\/www.sempertea.eu\/wp-content\/uploads\/2025\/06\/infusion-menta-hoja-entera-granel-refrescante-natural-semper-tea.jpg","width":664,"height":664,"caption":"infusion menta hoja entera granel refrescante natural semper tea"},{"@type":"BreadcrumbList","@id":"https:\/\/www.sempertea.eu\/fr\/acheter-la-menthe-poivree-en-vrac-livraison-rapide\/#breadcrumb","itemListElement":[{"@type":"ListItem","position":1,"name":"Portada","item":"https:\/\/www.sempertea.eu\/"},{"@type":"ListItem","position":2,"name":"Tienda","item":"https:\/\/www.sempertea.eu\/tienda\/"},{"@type":"ListItem","position":3,"name":"BRISE DE MENTHE bio en vrac | Tisane digestive et rafra\u00eechissante"}]},{"@type":"WebSite","@id":"https:\/\/www.sempertea.eu\/#website","url":"https:\/\/www.sempertea.eu\/","name":"Semper Tea | Mayorista y fabricante de T\u00e9s e Infusiones para hoteles, restaurantes y bares","description":"T\u00e9s e infusiones para hosteler\u00eda, hoteler\u00eda y comercio","potentialAction":[{"@type":"SearchAction","target":{"@type":"EntryPoint","urlTemplate":"https:\/\/www.sempertea.eu\/?s={search_term_string}"},"query-input":{"@type":"PropertyValueSpecification","valueRequired":true,"valueName":"search_term_string"}}],"inLanguage":"fr-FR"}]}},"_links":{"self":[{"href":"https:\/\/www.sempertea.eu\/fr\/wp-json\/wp\/v2\/product\/18250","targetHints":{"allow":["GET"]}}],"collection":[{"href":"https:\/\/www.sempertea.eu\/fr\/wp-json\/wp\/v2\/product"}],"about":[{"href":"https:\/\/www.sempertea.eu\/fr\/wp-json\/wp\/v2\/types\/product"}],"replies":[{"embeddable":true,"href":"https:\/\/www.sempertea.eu\/fr\/wp-json\/wp\/v2\/comments?post=18250"}],"wp:featuredmedia":[{"embeddable":true,"href":"https:\/\/www.sempertea.eu\/fr\/wp-json\/wp\/v2\/media\/16130"}],"wp:attachment":[{"href":"https:\/\/www.sempertea.eu\/fr\/wp-json\/wp\/v2\/media?parent=18250"}],"wp:term":[{"taxonomy":"product_brand","embeddable":true,"href":"https:\/\/www.sempertea.eu\/fr\/wp-json\/wp\/v2\/product_brand?post=18250"},{"taxonomy":"product_cat","embeddable":true,"href":"https:\/\/www.sempertea.eu\/fr\/wp-json\/wp\/v2\/product_cat?post=18250"},{"taxonomy":"product_tag","embeddable":true,"href":"https:\/\/www.sempertea.eu\/fr\/wp-json\/wp\/v2\/product_tag?post=18250"}],"curies":[{"name":"wp","href":"https:\/\/api.w.org\/{rel}","templated":true}]}}