{"id":18179,"date":"2025-08-10T13:29:05","date_gmt":"2025-08-10T11:29:05","guid":{"rendered":"https:\/\/www.sempertea.eu\/mint-the-menthe-poivree-bio-en-pyramides-compostables-sans-cafeine-recharge-vrac\/"},"modified":"2025-08-10T13:46:17","modified_gmt":"2025-08-10T11:46:17","slug":"tisane-menthe-poivree-bio-sachets-pyramidaux-recharge-vrac","status":"publish","type":"product","link":"https:\/\/www.sempertea.eu\/fr\/tisane-menthe-poivree-bio-sachets-pyramidaux-recharge-vrac\/","title":{"rendered":"MINT th\u00e9 menthe poivr\u00e9e bio en pyramides compostables | Sans caf\u00e9ine, recharge vrac"},"content":{"rendered":"<h2>Menthe revitalisante et sans caf\u00e9ine<\/h2>\n<p>Une exp\u00e9rience rafra\u00eechissante avec notre infusion de menthe en pyramides en vrac, qui fait partie de la ligne de th\u00e9 Lava. Ce th\u00e9, populaire en Afrique du Nord, est parfait \u00e0 tout moment de la journ\u00e9e. Son ar\u00f4me intense garantit une fra\u00eecheur durable, id\u00e9ale pour les chaudes journ\u00e9es d&rsquo;\u00e9t\u00e9 comme pour les froides journ\u00e9es d&rsquo;hiver.<\/p>\n<h3>Avec une certification biologique garantie<\/h3>\n<p>Notre engagement envers la qualit\u00e9 et l\u2019environnement se refl\u00e8te dans notre th\u00e9 \u00e0 la menthe certifi\u00e9 bio. \u00c0 chaque gorg\u00e9e, savourez la tranquillit\u00e9 d\u2019esprit de savoir que vous soutenez des pratiques agricoles durables et la pr\u00e9servation de la nature. Faites d\u00e9couvrir \u00e0 vos clients la fra\u00eecheur et la puret\u00e9 du th\u00e9 \u00e0 la menthe en sachets pyramidaux biod\u00e9gradables.<\/p>\n<p>Nos sachets pyramidaux en vrac, pratiques, vous permettent de savourer cette infusion d\u2019exception en toute simplicit\u00e9, \u00e0 tout moment. La ligne de th\u00e9s Lava40 est conforme \u00e0 la norme UNE-EN 13432, garantissant qu\u2019ils sont biod\u00e9gradables et compostables. Optez pour un choix durable et respectueux de l\u2019environnement.<\/p>\n","protected":false},"excerpt":{"rendered":"<p><strong>Offrez la fra\u00eecheur du th\u00e9 \u00e0 la menthe poivr\u00e9e &#8211; essayez-le dans une pyramide de th\u00e9 biod\u00e9gradable !<\/strong><\/p>\n<p>Une tisane sans caf\u00e9ine compos\u00e9e exclusivement de feuilles de menthe. Parfaite \u00e0 offrir et \u00e0 d\u00e9guster \u00e0 tout moment de la journ\u00e9e.<\/p>\n","protected":false},"featured_media":12583,"comment_status":"open","ping_status":"closed","template":"","meta":[],"product_brand":[],"product_cat":[309,300,271,298,289,299,283,310,312,316],"product_tag":[323],"class_list":{"0":"post-18179","1":"product","2":"type-product","3":"status-publish","4":"has-post-thumbnail","6":"product_cat-collections","7":"product_cat-emballages-sans-plastique","8":"product_cat-the-en-pyramides-vrac-sans-plastique-bio","9":"product_cat-les-varietes-de-the","10":"product_cat-the-aux-herbes-bio-au-acheter","11":"product_cat-the-en-pyramide-biodegradable","12":"product_cat-thes-et-infusions-biologiques-de-qualite","13":"product_cat-tous","14":"product_cat-tous-fr-2","15":"product_cat-uncategorized-fr","16":"product_tag-lava40-fr","18":"first","19":"instock","20":"shipping-taxable","21":"purchasable","22":"product-type-variable"},"yoast_head":"<!-- This site is optimized with the Yoast SEO Premium plugin v27.3 (Yoast SEO v27.4) - https:\/\/yoast.com\/product\/yoast-seo-premium-wordpress\/ -->\n<title>Tisane de menthe poivr\u00e9e bio, sachets pyramidaux recharge vrac<\/title>\n<meta name=\"description\" content=\"Menthe biologique en sachets pyramidaux en vrac. Eco-durable, biod\u00e9gradable et parfaite infusion \u00e0 tout moment de la journ\u00e9e pour caf\u00e9s et h\u00f4tels.\" \/>\n<meta name=\"robots\" content=\"index, follow, max-snippet:-1, max-image-preview:large, max-video-preview:-1\" \/>\n<link rel=\"canonical\" href=\"https:\/\/www.sempertea.eu\/fr\/tisane-menthe-poivree-bio-sachets-pyramidaux-recharge-vrac\/\" \/>\n<meta property=\"og:locale\" content=\"fr_FR\" \/>\n<meta property=\"og:type\" content=\"article\" \/>\n<meta property=\"og:title\" content=\"MINT th\u00e9 menthe poivr\u00e9e bio en pyramides compostables | Sans caf\u00e9ine, recharge vrac\" \/>\n<meta property=\"og:description\" content=\"Menthe biologique en sachets pyramidaux en vrac. Eco-durable, biod\u00e9gradable et parfaite infusion \u00e0 tout moment de la journ\u00e9e pour caf\u00e9s et h\u00f4tels.\" \/>\n<meta property=\"og:url\" content=\"https:\/\/www.sempertea.eu\/fr\/tisane-menthe-poivree-bio-sachets-pyramidaux-recharge-vrac\/\" \/>\n<meta property=\"og:site_name\" content=\"Semper Tea | Mayorista y fabricante de T\u00e9s e Infusiones para hoteles, restaurantes y bares\" \/>\n<meta property=\"article:modified_time\" content=\"2025-08-10T11:46:17+00:00\" \/>\n<meta property=\"og:image\" content=\"https:\/\/www.sempertea.eu\/wp-content\/uploads\/2025\/08\/tisane-menthe-pyramides-compostables-service-sans-plastique-semper-tea.jpg\" \/>\n\t<meta property=\"og:image:width\" content=\"1000\" \/>\n\t<meta property=\"og:image:height\" content=\"1000\" \/>\n\t<meta property=\"og:image:type\" content=\"image\/jpeg\" \/>\n<meta name=\"twitter:card\" content=\"summary_large_image\" \/>\n<meta name=\"twitter:label1\" content=\"Dur\u00e9e de lecture estim\u00e9e\" \/>\n\t<meta name=\"twitter:data1\" content=\"1 minute\" \/>\n<script type=\"application\/ld+json\" class=\"yoast-schema-graph\">{\"@context\":\"https:\\\/\\\/schema.org\",\"@graph\":[{\"@type\":\"WebPage\",\"@id\":\"https:\\\/\\\/www.sempertea.eu\\\/fr\\\/tisane-menthe-poivree-bio-sachets-pyramidaux-recharge-vrac\\\/\",\"url\":\"https:\\\/\\\/www.sempertea.eu\\\/fr\\\/tisane-menthe-poivree-bio-sachets-pyramidaux-recharge-vrac\\\/\",\"name\":\"Tisane de menthe poivr\u00e9e bio, sachets pyramidaux recharge vrac\",\"isPartOf\":{\"@id\":\"https:\\\/\\\/www.sempertea.eu\\\/#website\"},\"primaryImageOfPage\":{\"@id\":\"https:\\\/\\\/www.sempertea.eu\\\/fr\\\/tisane-menthe-poivree-bio-sachets-pyramidaux-recharge-vrac\\\/#primaryimage\"},\"image\":{\"@id\":\"https:\\\/\\\/www.sempertea.eu\\\/fr\\\/tisane-menthe-poivree-bio-sachets-pyramidaux-recharge-vrac\\\/#primaryimage\"},\"thumbnailUrl\":\"https:\\\/\\\/www.sempertea.eu\\\/wp-content\\\/uploads\\\/2024\\\/07\\\/infusion-piramide-al-por-mayor-menta-organic-semper-tea.jpg\",\"datePublished\":\"2025-08-10T11:29:05+00:00\",\"dateModified\":\"2025-08-10T11:46:17+00:00\",\"description\":\"Menthe biologique en sachets pyramidaux en vrac. Eco-durable, biod\u00e9gradable et parfaite infusion \u00e0 tout moment de la journ\u00e9e pour caf\u00e9s et h\u00f4tels.\",\"breadcrumb\":{\"@id\":\"https:\\\/\\\/www.sempertea.eu\\\/fr\\\/tisane-menthe-poivree-bio-sachets-pyramidaux-recharge-vrac\\\/#breadcrumb\"},\"inLanguage\":\"fr-FR\",\"potentialAction\":[{\"@type\":\"ReadAction\",\"target\":[\"https:\\\/\\\/www.sempertea.eu\\\/fr\\\/tisane-menthe-poivree-bio-sachets-pyramidaux-recharge-vrac\\\/\"]}]},{\"@type\":\"ImageObject\",\"inLanguage\":\"fr-FR\",\"@id\":\"https:\\\/\\\/www.sempertea.eu\\\/fr\\\/tisane-menthe-poivree-bio-sachets-pyramidaux-recharge-vrac\\\/#primaryimage\",\"url\":\"https:\\\/\\\/www.sempertea.eu\\\/wp-content\\\/uploads\\\/2024\\\/07\\\/infusion-piramide-al-por-mayor-menta-organic-semper-tea.jpg\",\"contentUrl\":\"https:\\\/\\\/www.sempertea.eu\\\/wp-content\\\/uploads\\\/2024\\\/07\\\/infusion-piramide-al-por-mayor-menta-organic-semper-tea.jpg\",\"width\":1000,\"height\":1000,\"caption\":\"infusion piramide al por mayor menta organic semper tea\"},{\"@type\":\"BreadcrumbList\",\"@id\":\"https:\\\/\\\/www.sempertea.eu\\\/fr\\\/tisane-menthe-poivree-bio-sachets-pyramidaux-recharge-vrac\\\/#breadcrumb\",\"itemListElement\":[{\"@type\":\"ListItem\",\"position\":1,\"name\":\"Portada\",\"item\":\"https:\\\/\\\/www.sempertea.eu\\\/\"},{\"@type\":\"ListItem\",\"position\":2,\"name\":\"Tienda\",\"item\":\"https:\\\/\\\/www.sempertea.eu\\\/tienda\\\/\"},{\"@type\":\"ListItem\",\"position\":3,\"name\":\"MINT th\u00e9 menthe poivr\u00e9e bio en pyramides compostables | Sans caf\u00e9ine, recharge vrac\"}]},{\"@type\":\"WebSite\",\"@id\":\"https:\\\/\\\/www.sempertea.eu\\\/#website\",\"url\":\"https:\\\/\\\/www.sempertea.eu\\\/\",\"name\":\"Semper Tea | Mayorista y fabricante de T\u00e9s e Infusiones para hoteles, restaurantes y bares\",\"description\":\"T\u00e9s e infusiones para hosteler\u00eda, hoteler\u00eda y comercio\",\"potentialAction\":[{\"@type\":\"SearchAction\",\"target\":{\"@type\":\"EntryPoint\",\"urlTemplate\":\"https:\\\/\\\/www.sempertea.eu\\\/?s={search_term_string}\"},\"query-input\":{\"@type\":\"PropertyValueSpecification\",\"valueRequired\":true,\"valueName\":\"search_term_string\"}}],\"inLanguage\":\"fr-FR\"}]}<\/script>\n<!-- \/ Yoast SEO Premium plugin. -->","yoast_head_json":{"title":"Tisane de menthe poivr\u00e9e bio, sachets pyramidaux recharge vrac","description":"Menthe biologique en sachets pyramidaux en vrac. Eco-durable, biod\u00e9gradable et parfaite infusion \u00e0 tout moment de la journ\u00e9e pour caf\u00e9s et h\u00f4tels.","robots":{"index":"index","follow":"follow","max-snippet":"max-snippet:-1","max-image-preview":"max-image-preview:large","max-video-preview":"max-video-preview:-1"},"canonical":"https:\/\/www.sempertea.eu\/fr\/tisane-menthe-poivree-bio-sachets-pyramidaux-recharge-vrac\/","og_locale":"fr_FR","og_type":"article","og_title":"MINT th\u00e9 menthe poivr\u00e9e bio en pyramides compostables | Sans caf\u00e9ine, recharge vrac","og_description":"Menthe biologique en sachets pyramidaux en vrac. Eco-durable, biod\u00e9gradable et parfaite infusion \u00e0 tout moment de la journ\u00e9e pour caf\u00e9s et h\u00f4tels.","og_url":"https:\/\/www.sempertea.eu\/fr\/tisane-menthe-poivree-bio-sachets-pyramidaux-recharge-vrac\/","og_site_name":"Semper Tea | Mayorista y fabricante de T\u00e9s e Infusiones para hoteles, restaurantes y bares","article_modified_time":"2025-08-10T11:46:17+00:00","og_image":[{"width":1000,"height":1000,"url":"https:\/\/www.sempertea.eu\/wp-content\/uploads\/2025\/08\/tisane-menthe-pyramides-compostables-service-sans-plastique-semper-tea.jpg","type":"image\/jpeg"}],"twitter_card":"summary_large_image","twitter_misc":{"Dur\u00e9e de lecture estim\u00e9e":"1 minute"},"schema":{"@context":"https:\/\/schema.org","@graph":[{"@type":"WebPage","@id":"https:\/\/www.sempertea.eu\/fr\/tisane-menthe-poivree-bio-sachets-pyramidaux-recharge-vrac\/","url":"https:\/\/www.sempertea.eu\/fr\/tisane-menthe-poivree-bio-sachets-pyramidaux-recharge-vrac\/","name":"Tisane de menthe poivr\u00e9e bio, sachets pyramidaux recharge vrac","isPartOf":{"@id":"https:\/\/www.sempertea.eu\/#website"},"primaryImageOfPage":{"@id":"https:\/\/www.sempertea.eu\/fr\/tisane-menthe-poivree-bio-sachets-pyramidaux-recharge-vrac\/#primaryimage"},"image":{"@id":"https:\/\/www.sempertea.eu\/fr\/tisane-menthe-poivree-bio-sachets-pyramidaux-recharge-vrac\/#primaryimage"},"thumbnailUrl":"https:\/\/www.sempertea.eu\/wp-content\/uploads\/2024\/07\/infusion-piramide-al-por-mayor-menta-organic-semper-tea.jpg","datePublished":"2025-08-10T11:29:05+00:00","dateModified":"2025-08-10T11:46:17+00:00","description":"Menthe biologique en sachets pyramidaux en vrac. Eco-durable, biod\u00e9gradable et parfaite infusion \u00e0 tout moment de la journ\u00e9e pour caf\u00e9s et h\u00f4tels.","breadcrumb":{"@id":"https:\/\/www.sempertea.eu\/fr\/tisane-menthe-poivree-bio-sachets-pyramidaux-recharge-vrac\/#breadcrumb"},"inLanguage":"fr-FR","potentialAction":[{"@type":"ReadAction","target":["https:\/\/www.sempertea.eu\/fr\/tisane-menthe-poivree-bio-sachets-pyramidaux-recharge-vrac\/"]}]},{"@type":"ImageObject","inLanguage":"fr-FR","@id":"https:\/\/www.sempertea.eu\/fr\/tisane-menthe-poivree-bio-sachets-pyramidaux-recharge-vrac\/#primaryimage","url":"https:\/\/www.sempertea.eu\/wp-content\/uploads\/2024\/07\/infusion-piramide-al-por-mayor-menta-organic-semper-tea.jpg","contentUrl":"https:\/\/www.sempertea.eu\/wp-content\/uploads\/2024\/07\/infusion-piramide-al-por-mayor-menta-organic-semper-tea.jpg","width":1000,"height":1000,"caption":"infusion piramide al por mayor menta organic semper tea"},{"@type":"BreadcrumbList","@id":"https:\/\/www.sempertea.eu\/fr\/tisane-menthe-poivree-bio-sachets-pyramidaux-recharge-vrac\/#breadcrumb","itemListElement":[{"@type":"ListItem","position":1,"name":"Portada","item":"https:\/\/www.sempertea.eu\/"},{"@type":"ListItem","position":2,"name":"Tienda","item":"https:\/\/www.sempertea.eu\/tienda\/"},{"@type":"ListItem","position":3,"name":"MINT th\u00e9 menthe poivr\u00e9e bio en pyramides compostables | Sans caf\u00e9ine, recharge vrac"}]},{"@type":"WebSite","@id":"https:\/\/www.sempertea.eu\/#website","url":"https:\/\/www.sempertea.eu\/","name":"Semper Tea | Mayorista y fabricante de T\u00e9s e Infusiones para hoteles, restaurantes y bares","description":"T\u00e9s e infusiones para hosteler\u00eda, hoteler\u00eda y comercio","potentialAction":[{"@type":"SearchAction","target":{"@type":"EntryPoint","urlTemplate":"https:\/\/www.sempertea.eu\/?s={search_term_string}"},"query-input":{"@type":"PropertyValueSpecification","valueRequired":true,"valueName":"search_term_string"}}],"inLanguage":"fr-FR"}]}},"_links":{"self":[{"href":"https:\/\/www.sempertea.eu\/fr\/wp-json\/wp\/v2\/product\/18179","targetHints":{"allow":["GET"]}}],"collection":[{"href":"https:\/\/www.sempertea.eu\/fr\/wp-json\/wp\/v2\/product"}],"about":[{"href":"https:\/\/www.sempertea.eu\/fr\/wp-json\/wp\/v2\/types\/product"}],"replies":[{"embeddable":true,"href":"https:\/\/www.sempertea.eu\/fr\/wp-json\/wp\/v2\/comments?post=18179"}],"wp:featuredmedia":[{"embeddable":true,"href":"https:\/\/www.sempertea.eu\/fr\/wp-json\/wp\/v2\/media\/12583"}],"wp:attachment":[{"href":"https:\/\/www.sempertea.eu\/fr\/wp-json\/wp\/v2\/media?parent=18179"}],"wp:term":[{"taxonomy":"product_brand","embeddable":true,"href":"https:\/\/www.sempertea.eu\/fr\/wp-json\/wp\/v2\/product_brand?post=18179"},{"taxonomy":"product_cat","embeddable":true,"href":"https:\/\/www.sempertea.eu\/fr\/wp-json\/wp\/v2\/product_cat?post=18179"},{"taxonomy":"product_tag","embeddable":true,"href":"https:\/\/www.sempertea.eu\/fr\/wp-json\/wp\/v2\/product_tag?post=18179"}],"curies":[{"name":"wp","href":"https:\/\/api.w.org\/{rel}","templated":true}]}}