{"id":17888,"date":"2025-08-02T12:51:45","date_gmt":"2025-08-02T10:51:45","guid":{"rendered":"https:\/\/www.sempertea.eu\/masala-chai-vrac-the-noir-epice-authentique-maison-cafe-horeca\/"},"modified":"2025-08-02T14:36:38","modified_gmt":"2025-08-02T12:36:38","slug":"masala-chai-vrac-the-noir-epice-maison-cafe-horeca","status":"publish","type":"product","link":"https:\/\/www.sempertea.eu\/fr\/masala-chai-vrac-the-noir-epice-maison-cafe-horeca\/","title":{"rendered":"MASALA CHAI vrac | Th\u00e9 noir \u00e9pic\u00e9 authentique | Maison, caf\u00e9, horeca"},"content":{"rendered":"<h2 data-start=\"203\" data-end=\"265\">Th\u00e9 chai biologique en vrac pour pr\u00e9parer le meilleur chai latte<\/h2>\n<p data-start=\"327\" data-end=\"675\">Notre<strong data-start=\"335\" data-end=\"355\"> th\u00e9 chai en vrac <\/strong>est sp\u00e9cialement con\u00e7u pour ceux qui souhaitent pr\u00e9parer un <strong data-start=\"417\" data-end=\"431\">chai latte naturel<\/strong>, riche en caract\u00e8re et sans additifs superflus. Ce m\u00e9lange biologique associe un th\u00e9 noir de haute qualit\u00e9 issu de l\u2019agriculture <strong data-start=\"517\" data-end=\"555\">\u00e9cologique \u00e0 des \u00e9pices<\/strong> soigneusement s\u00e9lectionn\u00e9es \u2013 cannelle, cardamome, clou de girofle et gingembre \u2013 pour offrir une boisson intense, aromatique et r\u00e9confortante.<\/p>\n<p data-start=\"677\" data-end=\"882\">Contrairement aux versions industrielles en poudre ou en concentr\u00e9, ce chai en vrac vous permet de ma\u00eetriser l\u2019intensit\u00e9 et la douceur de votre chai latte, en pr\u00e9parant chaque tasse de fa\u00e7on artisanale, selon vos pr\u00e9f\u00e9rences.<\/p>\n<p data-start=\"940\" data-end=\"1190\">Con\u00e7u pour le secteur HoReCa, ce th\u00e9 en feuilles libres est id\u00e9al pour les caf\u00e9s, h\u00f4tels et \u00e9tablissements de restauration qui privil\u00e9gient la durabilit\u00e9 et la qualit\u00e9. Il est conditionn\u00e9 dans des sachets en papier kraft recyclable, sans plastique ni emballage superflu.<\/p>\n<p data-start=\"1192\" data-end=\"1341\">Pr\u00e9parer un chai latte avec ce produit n\u2019est pas seulement un plaisir pour les papilles ; c\u2019est aussi un geste d\u2019engagement envers la plan\u00e8te et vos clients.<\/p>\n","protected":false},"excerpt":{"rendered":"<p><strong>La puissante combinaison du th\u00e9 noir et d&rsquo;\u00e9pices enti\u00e8res<\/strong><\/p>\n<p>Th\u00e9 noir Masala Chai en vrac, m\u00e9lange de th\u00e9 et d\u2019\u00e9pices enti\u00e8res. Sacs kraft 100 g, 500 g, 1 kg. Saveur authentique, emballage sans plastique, id\u00e9al maison, caf\u00e9s, boutiques, horeca, grossistes, cadeaux, recettes, lattes.<\/p>\n","protected":false},"featured_media":16643,"comment_status":"open","ping_status":"closed","template":"","meta":[],"product_brand":[],"product_cat":[380,309,315,284,311,312,310,316],"product_tag":[],"class_list":{"0":"post-17888","1":"product","2":"type-product","3":"status-publish","4":"has-post-thumbnail","6":"product_cat-the-bio-en-vrac-grossiste-vente-en-ligne","7":"product_cat-collections","8":"product_cat-acheter-du-the-en-vrac-biologique","9":"product_cat-the-noir-acheter-en-ligne-proprietes","10":"product_cat-tous-fr","11":"product_cat-tous-fr-2","12":"product_cat-tous","13":"product_cat-uncategorized-fr","15":"first","16":"instock","17":"shipping-taxable","18":"purchasable","19":"product-type-variable"},"yoast_head":"<!-- This site is optimized with the Yoast SEO Premium plugin v27.3 (Yoast SEO v27.3) - https:\/\/yoast.com\/product\/yoast-seo-premium-wordpress\/ -->\n<title>MASALA CHAI vrac | Th\u00e9 noir \u00e9pic\u00e9 | Pour maison, caf\u00e9, horeca<\/title>\n<meta name=\"description\" content=\"Th\u00e9 noir Masala Chai en vrac, m\u00e9lange de th\u00e9 et d\u2019\u00e9pices enti\u00e8res. Emballage sans plastique: maison, caf\u00e9s, boutiques, horeca, grossistes, cadeaux, recettes, lattes.\" \/>\n<meta name=\"robots\" content=\"index, follow, max-snippet:-1, max-image-preview:large, max-video-preview:-1\" \/>\n<link rel=\"canonical\" href=\"https:\/\/www.sempertea.eu\/fr\/masala-chai-vrac-the-noir-epice-maison-cafe-horeca\/\" \/>\n<meta property=\"og:locale\" content=\"fr_FR\" \/>\n<meta property=\"og:type\" content=\"article\" \/>\n<meta property=\"og:title\" content=\"MASALA CHAI vrac | Th\u00e9 noir \u00e9pic\u00e9 authentique | Maison, caf\u00e9, horeca\" \/>\n<meta property=\"og:description\" content=\"Th\u00e9 noir Masala Chai en vrac, m\u00e9lange de th\u00e9 et d\u2019\u00e9pices enti\u00e8res. Emballage sans plastique: maison, caf\u00e9s, boutiques, horeca, grossistes, cadeaux, recettes, lattes.\" \/>\n<meta property=\"og:url\" content=\"https:\/\/www.sempertea.eu\/fr\/masala-chai-vrac-the-noir-epice-maison-cafe-horeca\/\" \/>\n<meta property=\"og:site_name\" content=\"Semper Tea | Mayorista y fabricante de T\u00e9s e Infusiones para hoteles, restaurantes y bares\" \/>\n<meta property=\"article:modified_time\" content=\"2025-08-02T12:36:38+00:00\" \/>\n<meta property=\"og:image\" content=\"https:\/\/www.sempertea.eu\/wp-content\/uploads\/2025\/07\/te-chai-granel-especiado-profesional-hosteleria-semper-tea.jpg\" \/>\n\t<meta property=\"og:image:width\" content=\"767\" \/>\n\t<meta property=\"og:image:height\" content=\"767\" \/>\n\t<meta property=\"og:image:type\" content=\"image\/jpeg\" \/>\n<meta name=\"twitter:card\" content=\"summary_large_image\" \/>\n<meta name=\"twitter:image\" content=\"https:\/\/www.sempertea.eu\/wp-content\/uploads\/2025\/08\/acheter-chai-the-bio-en-ligne-semper-tea.jpg\" \/>\n<meta name=\"twitter:label1\" content=\"Dur\u00e9e de lecture estim\u00e9e\" \/>\n\t<meta name=\"twitter:data1\" content=\"1 minute\" \/>\n<script type=\"application\/ld+json\" class=\"yoast-schema-graph\">{\"@context\":\"https:\\\/\\\/schema.org\",\"@graph\":[{\"@type\":\"WebPage\",\"@id\":\"https:\\\/\\\/www.sempertea.eu\\\/fr\\\/masala-chai-vrac-the-noir-epice-maison-cafe-horeca\\\/\",\"url\":\"https:\\\/\\\/www.sempertea.eu\\\/fr\\\/masala-chai-vrac-the-noir-epice-maison-cafe-horeca\\\/\",\"name\":\"MASALA CHAI vrac | Th\u00e9 noir \u00e9pic\u00e9 | Pour maison, caf\u00e9, horeca\",\"isPartOf\":{\"@id\":\"https:\\\/\\\/www.sempertea.eu\\\/#website\"},\"primaryImageOfPage\":{\"@id\":\"https:\\\/\\\/www.sempertea.eu\\\/fr\\\/masala-chai-vrac-the-noir-epice-maison-cafe-horeca\\\/#primaryimage\"},\"image\":{\"@id\":\"https:\\\/\\\/www.sempertea.eu\\\/fr\\\/masala-chai-vrac-the-noir-epice-maison-cafe-horeca\\\/#primaryimage\"},\"thumbnailUrl\":\"https:\\\/\\\/www.sempertea.eu\\\/wp-content\\\/uploads\\\/2025\\\/07\\\/te-chai-granel-especiado-profesional-hosteleria-semper-tea.jpg\",\"datePublished\":\"2025-08-02T10:51:45+00:00\",\"dateModified\":\"2025-08-02T12:36:38+00:00\",\"description\":\"Th\u00e9 noir Masala Chai en vrac, m\u00e9lange de th\u00e9 et d\u2019\u00e9pices enti\u00e8res. Emballage sans plastique: maison, caf\u00e9s, boutiques, horeca, grossistes, cadeaux, recettes, lattes.\",\"breadcrumb\":{\"@id\":\"https:\\\/\\\/www.sempertea.eu\\\/fr\\\/masala-chai-vrac-the-noir-epice-maison-cafe-horeca\\\/#breadcrumb\"},\"inLanguage\":\"fr-FR\",\"potentialAction\":[{\"@type\":\"ReadAction\",\"target\":[\"https:\\\/\\\/www.sempertea.eu\\\/fr\\\/masala-chai-vrac-the-noir-epice-maison-cafe-horeca\\\/\"]}]},{\"@type\":\"ImageObject\",\"inLanguage\":\"fr-FR\",\"@id\":\"https:\\\/\\\/www.sempertea.eu\\\/fr\\\/masala-chai-vrac-the-noir-epice-maison-cafe-horeca\\\/#primaryimage\",\"url\":\"https:\\\/\\\/www.sempertea.eu\\\/wp-content\\\/uploads\\\/2025\\\/07\\\/te-chai-granel-especiado-profesional-hosteleria-semper-tea.jpg\",\"contentUrl\":\"https:\\\/\\\/www.sempertea.eu\\\/wp-content\\\/uploads\\\/2025\\\/07\\\/te-chai-granel-especiado-profesional-hosteleria-semper-tea.jpg\",\"width\":767,\"height\":767,\"caption\":\"te chai granel especiado profesional hosteleria semper tea\"},{\"@type\":\"BreadcrumbList\",\"@id\":\"https:\\\/\\\/www.sempertea.eu\\\/fr\\\/masala-chai-vrac-the-noir-epice-maison-cafe-horeca\\\/#breadcrumb\",\"itemListElement\":[{\"@type\":\"ListItem\",\"position\":1,\"name\":\"Portada\",\"item\":\"https:\\\/\\\/www.sempertea.eu\\\/\"},{\"@type\":\"ListItem\",\"position\":2,\"name\":\"Tienda\",\"item\":\"https:\\\/\\\/www.sempertea.eu\\\/tienda\\\/\"},{\"@type\":\"ListItem\",\"position\":3,\"name\":\"MASALA CHAI vrac | Th\u00e9 noir \u00e9pic\u00e9 authentique | Maison, caf\u00e9, horeca\"}]},{\"@type\":\"WebSite\",\"@id\":\"https:\\\/\\\/www.sempertea.eu\\\/#website\",\"url\":\"https:\\\/\\\/www.sempertea.eu\\\/\",\"name\":\"Semper Tea | Mayorista y fabricante de T\u00e9s e Infusiones para hoteles, restaurantes y bares\",\"description\":\"T\u00e9s e infusiones para hosteler\u00eda, hoteler\u00eda y comercio\",\"potentialAction\":[{\"@type\":\"SearchAction\",\"target\":{\"@type\":\"EntryPoint\",\"urlTemplate\":\"https:\\\/\\\/www.sempertea.eu\\\/?s={search_term_string}\"},\"query-input\":{\"@type\":\"PropertyValueSpecification\",\"valueRequired\":true,\"valueName\":\"search_term_string\"}}],\"inLanguage\":\"fr-FR\"}]}<\/script>\n<!-- \/ Yoast SEO Premium plugin. -->","yoast_head_json":{"title":"MASALA CHAI vrac | Th\u00e9 noir \u00e9pic\u00e9 | Pour maison, caf\u00e9, horeca","description":"Th\u00e9 noir Masala Chai en vrac, m\u00e9lange de th\u00e9 et d\u2019\u00e9pices enti\u00e8res. Emballage sans plastique: maison, caf\u00e9s, boutiques, horeca, grossistes, cadeaux, recettes, lattes.","robots":{"index":"index","follow":"follow","max-snippet":"max-snippet:-1","max-image-preview":"max-image-preview:large","max-video-preview":"max-video-preview:-1"},"canonical":"https:\/\/www.sempertea.eu\/fr\/masala-chai-vrac-the-noir-epice-maison-cafe-horeca\/","og_locale":"fr_FR","og_type":"article","og_title":"MASALA CHAI vrac | Th\u00e9 noir \u00e9pic\u00e9 authentique | Maison, caf\u00e9, horeca","og_description":"Th\u00e9 noir Masala Chai en vrac, m\u00e9lange de th\u00e9 et d\u2019\u00e9pices enti\u00e8res. Emballage sans plastique: maison, caf\u00e9s, boutiques, horeca, grossistes, cadeaux, recettes, lattes.","og_url":"https:\/\/www.sempertea.eu\/fr\/masala-chai-vrac-the-noir-epice-maison-cafe-horeca\/","og_site_name":"Semper Tea | Mayorista y fabricante de T\u00e9s e Infusiones para hoteles, restaurantes y bares","article_modified_time":"2025-08-02T12:36:38+00:00","og_image":[{"width":767,"height":767,"url":"https:\/\/www.sempertea.eu\/wp-content\/uploads\/2025\/07\/te-chai-granel-especiado-profesional-hosteleria-semper-tea.jpg","type":"image\/jpeg"}],"twitter_card":"summary_large_image","twitter_image":"https:\/\/www.sempertea.eu\/wp-content\/uploads\/2025\/08\/acheter-chai-the-bio-en-ligne-semper-tea.jpg","twitter_misc":{"Dur\u00e9e de lecture estim\u00e9e":"1 minute"},"schema":{"@context":"https:\/\/schema.org","@graph":[{"@type":"WebPage","@id":"https:\/\/www.sempertea.eu\/fr\/masala-chai-vrac-the-noir-epice-maison-cafe-horeca\/","url":"https:\/\/www.sempertea.eu\/fr\/masala-chai-vrac-the-noir-epice-maison-cafe-horeca\/","name":"MASALA CHAI vrac | Th\u00e9 noir \u00e9pic\u00e9 | Pour maison, caf\u00e9, horeca","isPartOf":{"@id":"https:\/\/www.sempertea.eu\/#website"},"primaryImageOfPage":{"@id":"https:\/\/www.sempertea.eu\/fr\/masala-chai-vrac-the-noir-epice-maison-cafe-horeca\/#primaryimage"},"image":{"@id":"https:\/\/www.sempertea.eu\/fr\/masala-chai-vrac-the-noir-epice-maison-cafe-horeca\/#primaryimage"},"thumbnailUrl":"https:\/\/www.sempertea.eu\/wp-content\/uploads\/2025\/07\/te-chai-granel-especiado-profesional-hosteleria-semper-tea.jpg","datePublished":"2025-08-02T10:51:45+00:00","dateModified":"2025-08-02T12:36:38+00:00","description":"Th\u00e9 noir Masala Chai en vrac, m\u00e9lange de th\u00e9 et d\u2019\u00e9pices enti\u00e8res. Emballage sans plastique: maison, caf\u00e9s, boutiques, horeca, grossistes, cadeaux, recettes, lattes.","breadcrumb":{"@id":"https:\/\/www.sempertea.eu\/fr\/masala-chai-vrac-the-noir-epice-maison-cafe-horeca\/#breadcrumb"},"inLanguage":"fr-FR","potentialAction":[{"@type":"ReadAction","target":["https:\/\/www.sempertea.eu\/fr\/masala-chai-vrac-the-noir-epice-maison-cafe-horeca\/"]}]},{"@type":"ImageObject","inLanguage":"fr-FR","@id":"https:\/\/www.sempertea.eu\/fr\/masala-chai-vrac-the-noir-epice-maison-cafe-horeca\/#primaryimage","url":"https:\/\/www.sempertea.eu\/wp-content\/uploads\/2025\/07\/te-chai-granel-especiado-profesional-hosteleria-semper-tea.jpg","contentUrl":"https:\/\/www.sempertea.eu\/wp-content\/uploads\/2025\/07\/te-chai-granel-especiado-profesional-hosteleria-semper-tea.jpg","width":767,"height":767,"caption":"te chai granel especiado profesional hosteleria semper tea"},{"@type":"BreadcrumbList","@id":"https:\/\/www.sempertea.eu\/fr\/masala-chai-vrac-the-noir-epice-maison-cafe-horeca\/#breadcrumb","itemListElement":[{"@type":"ListItem","position":1,"name":"Portada","item":"https:\/\/www.sempertea.eu\/"},{"@type":"ListItem","position":2,"name":"Tienda","item":"https:\/\/www.sempertea.eu\/tienda\/"},{"@type":"ListItem","position":3,"name":"MASALA CHAI vrac | Th\u00e9 noir \u00e9pic\u00e9 authentique | Maison, caf\u00e9, horeca"}]},{"@type":"WebSite","@id":"https:\/\/www.sempertea.eu\/#website","url":"https:\/\/www.sempertea.eu\/","name":"Semper Tea | Mayorista y fabricante de T\u00e9s e Infusiones para hoteles, restaurantes y bares","description":"T\u00e9s e infusiones para hosteler\u00eda, hoteler\u00eda y comercio","potentialAction":[{"@type":"SearchAction","target":{"@type":"EntryPoint","urlTemplate":"https:\/\/www.sempertea.eu\/?s={search_term_string}"},"query-input":{"@type":"PropertyValueSpecification","valueRequired":true,"valueName":"search_term_string"}}],"inLanguage":"fr-FR"}]}},"_links":{"self":[{"href":"https:\/\/www.sempertea.eu\/fr\/wp-json\/wp\/v2\/product\/17888","targetHints":{"allow":["GET"]}}],"collection":[{"href":"https:\/\/www.sempertea.eu\/fr\/wp-json\/wp\/v2\/product"}],"about":[{"href":"https:\/\/www.sempertea.eu\/fr\/wp-json\/wp\/v2\/types\/product"}],"replies":[{"embeddable":true,"href":"https:\/\/www.sempertea.eu\/fr\/wp-json\/wp\/v2\/comments?post=17888"}],"wp:featuredmedia":[{"embeddable":true,"href":"https:\/\/www.sempertea.eu\/fr\/wp-json\/wp\/v2\/media\/16643"}],"wp:attachment":[{"href":"https:\/\/www.sempertea.eu\/fr\/wp-json\/wp\/v2\/media?parent=17888"}],"wp:term":[{"taxonomy":"product_brand","embeddable":true,"href":"https:\/\/www.sempertea.eu\/fr\/wp-json\/wp\/v2\/product_brand?post=17888"},{"taxonomy":"product_cat","embeddable":true,"href":"https:\/\/www.sempertea.eu\/fr\/wp-json\/wp\/v2\/product_cat?post=17888"},{"taxonomy":"product_tag","embeddable":true,"href":"https:\/\/www.sempertea.eu\/fr\/wp-json\/wp\/v2\/product_tag?post=17888"}],"curies":[{"name":"wp","href":"https:\/\/api.w.org\/{rel}","templated":true}]}}