{"id":17732,"date":"2025-08-01T11:36:13","date_gmt":"2025-08-01T09:36:13","guid":{"rendered":"https:\/\/www.sempertea.eu\/milky-oolong-the-semi-fermente-pyramides-vrac-saveur-creme\/"},"modified":"2025-08-01T14:46:36","modified_gmt":"2025-08-01T12:46:36","slug":"milky-oolong-pyramides-vrac-creme","status":"publish","type":"product","link":"https:\/\/www.sempertea.eu\/fr\/milky-oolong-pyramides-vrac-creme\/","title":{"rendered":"MILKY OOLONG th\u00e9 semi-ferment\u00e9 | Pyramides vrac | Saveur cr\u00e8me"},"content":{"rendered":"<h2>Un grand Milky Oolong \u00e0 la cr\u00e8me naturelle<\/h2>\n<p>Ce Milky Oolong, <strong>th\u00e9 semi-ferment\u00e9<\/strong> aux feuilles soigneusement roul\u00e9es, r\u00e9v\u00e8le des notes cr\u00e9meuses proches du lait doux. Chaque <strong>pyramide<\/strong> pr\u00e9serve les ar\u00f4mes pour une tasse ronde et enveloppante, id\u00e9ale \u00e0 tout moment de la journ\u00e9e.<\/p>\n<h3>Formule vrac pour maison et professionnels<\/h3>\n<p>Conditionn\u00e9 en <strong>sacs kraft de 40 ou 200 pyramides<\/strong>, le format vrac simplifie l\u2019approvisionnement des h\u00f4tels, caf\u00e9s, traiteurs et boutiques gourmandes tout en restant pratique pour l\u2019usage domestique. La rotation du produit est fluide, la pr\u00e9sentation \u00e9l\u00e9gante.<\/p>\n<h5>Puret\u00e9 naturelle, z\u00e9ro plastique<\/h5>\n<p>Fabriqu\u00e9 sans ar\u00f4mes artificiels ni additifs, Milky Oolong garantit une infusion 100 % naturelle. Les pyramides biod\u00e9gradables et l\u2019emballage kraft exempt de plastique soulignent l\u2019engagement de Semper Tea pour des solutions responsables.<\/p>\n","protected":false},"excerpt":{"rendered":"<p><strong>Bienfaits et moment de d\u00e9gustation<\/strong><\/p>\n<p>Le Milky Oolong de Semper Tea s\u00e9duit par son profil lact\u00e9, doux et raffin\u00e9. Pr\u00e9sent\u00e9 en pyramides compostables vendues en vrac (40 ou 200 unit\u00e9s) dans des sacs kraft sans plastique, il s\u2019adapte aussi bien aux foyers qu\u2019aux professionnels de l\u2019h\u00f4tellerie, de la restauration ou du caf\u00e9.<\/p>\n<p>Th\u00e9 semi-ferment\u00e9, 100 % naturel, sans additifs, il offre une infusion onctueuse et pure qui met en valeur l\u2019\u00e9l\u00e9gance de la tradition asiatique tout en garantissant un service rapide et une gestion de stock flexible. Une solution premium pour ceux qui recherchent qualit\u00e9, praticit\u00e9 et respect de l\u2019environnement.<\/p>\n","protected":false},"featured_media":17745,"comment_status":"open","ping_status":"closed","template":"","meta":[],"product_brand":[],"product_cat":[309,300,315,298,299,283,286,312,311,316],"product_tag":[],"class_list":{"0":"post-17732","1":"product","2":"type-product","3":"status-publish","4":"has-post-thumbnail","6":"product_cat-collections","7":"product_cat-emballages-sans-plastique","8":"product_cat-acheter-du-the-en-vrac-biologique","9":"product_cat-les-varietes-de-the","10":"product_cat-the-en-pyramide-biodegradable","11":"product_cat-thes-et-infusions-biologiques-de-qualite","12":"product_cat-the-bleu-oolong-ou-acheter","13":"product_cat-tous-fr-2","14":"product_cat-tous-fr","15":"product_cat-uncategorized-fr","17":"first","18":"instock","19":"shipping-taxable","20":"purchasable","21":"product-type-variable"},"yoast_head":"<!-- This site is optimized with the Yoast SEO Premium plugin v27.3 (Yoast SEO v27.3) - https:\/\/yoast.com\/product\/yoast-seo-premium-wordpress\/ -->\n<title>Milky Oolong | Th\u00e9 semi-ferment\u00e9 cr\u00e8me | Pyramides biod\u00e9gradables vrac<\/title>\n<meta name=\"description\" content=\"Milky Oolong | Th\u00e9 semi-ferment\u00e9 saveur cr\u00e8me | Pyramides biod\u00e9gradables vrac 40\/200 | 100 % naturel | Maison, h\u00f4tel, caf\u00e9, grossiste\" \/>\n<meta name=\"robots\" content=\"index, follow, max-snippet:-1, max-image-preview:large, max-video-preview:-1\" \/>\n<link rel=\"canonical\" href=\"https:\/\/www.sempertea.eu\/fr\/milky-oolong-pyramides-vrac-creme\/\" \/>\n<meta property=\"og:locale\" content=\"fr_FR\" \/>\n<meta property=\"og:type\" content=\"article\" \/>\n<meta property=\"og:title\" content=\"MILKY OOLONG th\u00e9 semi-ferment\u00e9 | Pyramides vrac | Saveur cr\u00e8me\" \/>\n<meta property=\"og:description\" content=\"Milky Oolong | Th\u00e9 semi-ferment\u00e9 saveur cr\u00e8me | Pyramides biod\u00e9gradables vrac 40\/200 | 100 % naturel | Maison, h\u00f4tel, caf\u00e9, grossiste\" \/>\n<meta property=\"og:url\" content=\"https:\/\/www.sempertea.eu\/fr\/milky-oolong-pyramides-vrac-creme\/\" \/>\n<meta property=\"og:site_name\" content=\"Semper Tea | Mayorista y fabricante de T\u00e9s e Infusiones para hoteles, restaurantes y bares\" \/>\n<meta property=\"article:modified_time\" content=\"2025-08-01T12:46:36+00:00\" \/>\n<meta property=\"og:image\" content=\"https:\/\/www.sempertea.eu\/wp-content\/uploads\/2025\/08\/detail-feuille-milky-oolong-semper-tea.jpg\" \/>\n\t<meta property=\"og:image:width\" content=\"1000\" \/>\n\t<meta property=\"og:image:height\" content=\"1000\" \/>\n\t<meta property=\"og:image:type\" content=\"image\/jpeg\" \/>\n<meta name=\"twitter:card\" content=\"summary_large_image\" \/>\n<meta name=\"twitter:image\" content=\"https:\/\/www.sempertea.eu\/wp-content\/uploads\/2025\/08\/teoolong-piramides-ecologico-granel-semper-tea.jpg\" \/>\n<meta name=\"twitter:label1\" content=\"Dur\u00e9e de lecture estim\u00e9e\" \/>\n\t<meta name=\"twitter:data1\" content=\"1 minute\" \/>\n<script type=\"application\/ld+json\" class=\"yoast-schema-graph\">{\"@context\":\"https:\\\/\\\/schema.org\",\"@graph\":[{\"@type\":\"WebPage\",\"@id\":\"https:\\\/\\\/www.sempertea.eu\\\/fr\\\/milky-oolong-pyramides-vrac-creme\\\/\",\"url\":\"https:\\\/\\\/www.sempertea.eu\\\/fr\\\/milky-oolong-pyramides-vrac-creme\\\/\",\"name\":\"Milky Oolong | Th\u00e9 semi-ferment\u00e9 cr\u00e8me | Pyramides biod\u00e9gradables vrac\",\"isPartOf\":{\"@id\":\"https:\\\/\\\/www.sempertea.eu\\\/#website\"},\"primaryImageOfPage\":{\"@id\":\"https:\\\/\\\/www.sempertea.eu\\\/fr\\\/milky-oolong-pyramides-vrac-creme\\\/#primaryimage\"},\"image\":{\"@id\":\"https:\\\/\\\/www.sempertea.eu\\\/fr\\\/milky-oolong-pyramides-vrac-creme\\\/#primaryimage\"},\"thumbnailUrl\":\"https:\\\/\\\/www.sempertea.eu\\\/wp-content\\\/uploads\\\/2025\\\/08\\\/detail-feuille-milky-oolong-semper-tea.jpg\",\"datePublished\":\"2025-08-01T09:36:13+00:00\",\"dateModified\":\"2025-08-01T12:46:36+00:00\",\"description\":\"Milky Oolong | Th\u00e9 semi-ferment\u00e9 saveur cr\u00e8me | Pyramides biod\u00e9gradables vrac 40\\\/200 | 100 % naturel | Maison, h\u00f4tel, caf\u00e9, grossiste\",\"breadcrumb\":{\"@id\":\"https:\\\/\\\/www.sempertea.eu\\\/fr\\\/milky-oolong-pyramides-vrac-creme\\\/#breadcrumb\"},\"inLanguage\":\"fr-FR\",\"potentialAction\":[{\"@type\":\"ReadAction\",\"target\":[\"https:\\\/\\\/www.sempertea.eu\\\/fr\\\/milky-oolong-pyramides-vrac-creme\\\/\"]}]},{\"@type\":\"ImageObject\",\"inLanguage\":\"fr-FR\",\"@id\":\"https:\\\/\\\/www.sempertea.eu\\\/fr\\\/milky-oolong-pyramides-vrac-creme\\\/#primaryimage\",\"url\":\"https:\\\/\\\/www.sempertea.eu\\\/wp-content\\\/uploads\\\/2025\\\/08\\\/detail-feuille-milky-oolong-semper-tea.jpg\",\"contentUrl\":\"https:\\\/\\\/www.sempertea.eu\\\/wp-content\\\/uploads\\\/2025\\\/08\\\/detail-feuille-milky-oolong-semper-tea.jpg\",\"width\":1000,\"height\":1000,\"caption\":\"Feuilles de Milky Oolong intactes en pyramide biod\u00e9gradable\"},{\"@type\":\"BreadcrumbList\",\"@id\":\"https:\\\/\\\/www.sempertea.eu\\\/fr\\\/milky-oolong-pyramides-vrac-creme\\\/#breadcrumb\",\"itemListElement\":[{\"@type\":\"ListItem\",\"position\":1,\"name\":\"Portada\",\"item\":\"https:\\\/\\\/www.sempertea.eu\\\/\"},{\"@type\":\"ListItem\",\"position\":2,\"name\":\"Tienda\",\"item\":\"https:\\\/\\\/www.sempertea.eu\\\/tienda\\\/\"},{\"@type\":\"ListItem\",\"position\":3,\"name\":\"MILKY OOLONG th\u00e9 semi-ferment\u00e9 | Pyramides vrac | Saveur cr\u00e8me\"}]},{\"@type\":\"WebSite\",\"@id\":\"https:\\\/\\\/www.sempertea.eu\\\/#website\",\"url\":\"https:\\\/\\\/www.sempertea.eu\\\/\",\"name\":\"Semper Tea | Mayorista y fabricante de T\u00e9s e Infusiones para hoteles, restaurantes y bares\",\"description\":\"T\u00e9s e infusiones para hosteler\u00eda, hoteler\u00eda y comercio\",\"potentialAction\":[{\"@type\":\"SearchAction\",\"target\":{\"@type\":\"EntryPoint\",\"urlTemplate\":\"https:\\\/\\\/www.sempertea.eu\\\/?s={search_term_string}\"},\"query-input\":{\"@type\":\"PropertyValueSpecification\",\"valueRequired\":true,\"valueName\":\"search_term_string\"}}],\"inLanguage\":\"fr-FR\"}]}<\/script>\n<!-- \/ Yoast SEO Premium plugin. -->","yoast_head_json":{"title":"Milky Oolong | Th\u00e9 semi-ferment\u00e9 cr\u00e8me | Pyramides biod\u00e9gradables vrac","description":"Milky Oolong | Th\u00e9 semi-ferment\u00e9 saveur cr\u00e8me | Pyramides biod\u00e9gradables vrac 40\/200 | 100 % naturel | Maison, h\u00f4tel, caf\u00e9, grossiste","robots":{"index":"index","follow":"follow","max-snippet":"max-snippet:-1","max-image-preview":"max-image-preview:large","max-video-preview":"max-video-preview:-1"},"canonical":"https:\/\/www.sempertea.eu\/fr\/milky-oolong-pyramides-vrac-creme\/","og_locale":"fr_FR","og_type":"article","og_title":"MILKY OOLONG th\u00e9 semi-ferment\u00e9 | Pyramides vrac | Saveur cr\u00e8me","og_description":"Milky Oolong | Th\u00e9 semi-ferment\u00e9 saveur cr\u00e8me | Pyramides biod\u00e9gradables vrac 40\/200 | 100 % naturel | Maison, h\u00f4tel, caf\u00e9, grossiste","og_url":"https:\/\/www.sempertea.eu\/fr\/milky-oolong-pyramides-vrac-creme\/","og_site_name":"Semper Tea | Mayorista y fabricante de T\u00e9s e Infusiones para hoteles, restaurantes y bares","article_modified_time":"2025-08-01T12:46:36+00:00","og_image":[{"width":1000,"height":1000,"url":"https:\/\/www.sempertea.eu\/wp-content\/uploads\/2025\/08\/detail-feuille-milky-oolong-semper-tea.jpg","type":"image\/jpeg"}],"twitter_card":"summary_large_image","twitter_image":"https:\/\/www.sempertea.eu\/wp-content\/uploads\/2025\/08\/teoolong-piramides-ecologico-granel-semper-tea.jpg","twitter_misc":{"Dur\u00e9e de lecture estim\u00e9e":"1 minute"},"schema":{"@context":"https:\/\/schema.org","@graph":[{"@type":"WebPage","@id":"https:\/\/www.sempertea.eu\/fr\/milky-oolong-pyramides-vrac-creme\/","url":"https:\/\/www.sempertea.eu\/fr\/milky-oolong-pyramides-vrac-creme\/","name":"Milky Oolong | Th\u00e9 semi-ferment\u00e9 cr\u00e8me | Pyramides biod\u00e9gradables vrac","isPartOf":{"@id":"https:\/\/www.sempertea.eu\/#website"},"primaryImageOfPage":{"@id":"https:\/\/www.sempertea.eu\/fr\/milky-oolong-pyramides-vrac-creme\/#primaryimage"},"image":{"@id":"https:\/\/www.sempertea.eu\/fr\/milky-oolong-pyramides-vrac-creme\/#primaryimage"},"thumbnailUrl":"https:\/\/www.sempertea.eu\/wp-content\/uploads\/2025\/08\/detail-feuille-milky-oolong-semper-tea.jpg","datePublished":"2025-08-01T09:36:13+00:00","dateModified":"2025-08-01T12:46:36+00:00","description":"Milky Oolong | Th\u00e9 semi-ferment\u00e9 saveur cr\u00e8me | Pyramides biod\u00e9gradables vrac 40\/200 | 100 % naturel | Maison, h\u00f4tel, caf\u00e9, grossiste","breadcrumb":{"@id":"https:\/\/www.sempertea.eu\/fr\/milky-oolong-pyramides-vrac-creme\/#breadcrumb"},"inLanguage":"fr-FR","potentialAction":[{"@type":"ReadAction","target":["https:\/\/www.sempertea.eu\/fr\/milky-oolong-pyramides-vrac-creme\/"]}]},{"@type":"ImageObject","inLanguage":"fr-FR","@id":"https:\/\/www.sempertea.eu\/fr\/milky-oolong-pyramides-vrac-creme\/#primaryimage","url":"https:\/\/www.sempertea.eu\/wp-content\/uploads\/2025\/08\/detail-feuille-milky-oolong-semper-tea.jpg","contentUrl":"https:\/\/www.sempertea.eu\/wp-content\/uploads\/2025\/08\/detail-feuille-milky-oolong-semper-tea.jpg","width":1000,"height":1000,"caption":"Feuilles de Milky Oolong intactes en pyramide biod\u00e9gradable"},{"@type":"BreadcrumbList","@id":"https:\/\/www.sempertea.eu\/fr\/milky-oolong-pyramides-vrac-creme\/#breadcrumb","itemListElement":[{"@type":"ListItem","position":1,"name":"Portada","item":"https:\/\/www.sempertea.eu\/"},{"@type":"ListItem","position":2,"name":"Tienda","item":"https:\/\/www.sempertea.eu\/tienda\/"},{"@type":"ListItem","position":3,"name":"MILKY OOLONG th\u00e9 semi-ferment\u00e9 | Pyramides vrac | Saveur cr\u00e8me"}]},{"@type":"WebSite","@id":"https:\/\/www.sempertea.eu\/#website","url":"https:\/\/www.sempertea.eu\/","name":"Semper Tea | Mayorista y fabricante de T\u00e9s e Infusiones para hoteles, restaurantes y bares","description":"T\u00e9s e infusiones para hosteler\u00eda, hoteler\u00eda y comercio","potentialAction":[{"@type":"SearchAction","target":{"@type":"EntryPoint","urlTemplate":"https:\/\/www.sempertea.eu\/?s={search_term_string}"},"query-input":{"@type":"PropertyValueSpecification","valueRequired":true,"valueName":"search_term_string"}}],"inLanguage":"fr-FR"}]}},"_links":{"self":[{"href":"https:\/\/www.sempertea.eu\/fr\/wp-json\/wp\/v2\/product\/17732","targetHints":{"allow":["GET"]}}],"collection":[{"href":"https:\/\/www.sempertea.eu\/fr\/wp-json\/wp\/v2\/product"}],"about":[{"href":"https:\/\/www.sempertea.eu\/fr\/wp-json\/wp\/v2\/types\/product"}],"replies":[{"embeddable":true,"href":"https:\/\/www.sempertea.eu\/fr\/wp-json\/wp\/v2\/comments?post=17732"}],"wp:featuredmedia":[{"embeddable":true,"href":"https:\/\/www.sempertea.eu\/fr\/wp-json\/wp\/v2\/media\/17745"}],"wp:attachment":[{"href":"https:\/\/www.sempertea.eu\/fr\/wp-json\/wp\/v2\/media?parent=17732"}],"wp:term":[{"taxonomy":"product_brand","embeddable":true,"href":"https:\/\/www.sempertea.eu\/fr\/wp-json\/wp\/v2\/product_brand?post=17732"},{"taxonomy":"product_cat","embeddable":true,"href":"https:\/\/www.sempertea.eu\/fr\/wp-json\/wp\/v2\/product_cat?post=17732"},{"taxonomy":"product_tag","embeddable":true,"href":"https:\/\/www.sempertea.eu\/fr\/wp-json\/wp\/v2\/product_tag?post=17732"}],"curies":[{"name":"wp","href":"https:\/\/api.w.org\/{rel}","templated":true}]}}