{"id":17375,"date":"2025-07-24T23:21:53","date_gmt":"2025-07-24T21:21:53","guid":{"rendered":"https:\/\/www.sempertea.eu\/darjeeling-the-noir-bio-pyramides-en-vrac-boutique-gourmet-horeca\/"},"modified":"2025-07-25T00:56:56","modified_gmt":"2025-07-24T22:56:56","slug":"darjeeling-the-noir-bio-pyramides-en-vrac-boutique-gourmet-horeca","status":"publish","type":"product","link":"https:\/\/www.sempertea.eu\/fr\/darjeeling-the-noir-bio-pyramides-en-vrac-boutique-gourmet-horeca\/","title":{"rendered":"DARJEELING th\u00e9 noir bio | Pyramides en vrac | Boutique gourmet &amp; horeca"},"content":{"rendered":"<h2>Un th\u00e9 embl\u00e9matique revisit\u00e9 &#8211; Darjeeling th\u00e9 noir<\/h2>\n<p><strong>Le Darjeeling <\/strong>est un th\u00e9 noir de r\u00e9f\u00e9rence, c\u00e9l\u00e9br\u00e9 pour ses ar\u00f4mes floraux et subtils. Semper Tea le propose en <strong>pyramides en vrac<\/strong>, pr\u00e9servant les feuilles enti\u00e8res pour une infusion riche et \u00e9quilibr\u00e9e.<\/p>\n<h3>Format pratique et respectueux de l\u2019environnement<\/h3>\n<p>Les pyramides permettent une diffusion optimale des ar\u00f4mes. Fabriqu\u00e9es \u00e0 partir de mat\u00e9riaux biod\u00e9gradables, elles offrent une solution \u00e9cologique et \u00e9l\u00e9gante, id\u00e9ale <strong>pour les h\u00f4tels, spas, caf\u00e9s et \u00e9piceries fines.<\/strong><\/p>\n<h4>Pour les professionnels et les particuliers<\/h4>\n<p>Ce th\u00e9 s\u2019adresse aux boutiques gourmet en qu\u00eate de produits raffin\u00e9s, comme aux amateurs \u00e0 la maison souhaitant savourer un moment d\u2019exception. Le <strong>conditionnement en vrac <\/strong>facilite le service et l&rsquo;organisation du point de vente.<\/p>\n","protected":false},"excerpt":{"rendered":"<p data-start=\"1688\" data-end=\"1738\"><strong>Fra\u00eecheur, saveur et \u00e9l\u00e9gance dans chaque tasse<\/strong><\/p>\n<p data-start=\"1739\" data-end=\"1961\">Chaque infusion r\u00e9v\u00e8le la signature florale du Darjeeling, avec une note douce et l\u00e9g\u00e8rement malt\u00e9e. Ce<strong data-start=\"1742\" data-end=\"1759\"> th\u00e9 noir bio<\/strong> incarne un \u00e9quilibre parfait entre plaisir, durabilit\u00e9 et esth\u00e9tique haut de gamme.<\/p>\n","protected":false},"featured_media":17380,"comment_status":"open","ping_status":"closed","template":"","meta":[],"product_brand":[],"product_cat":[309,300,315,271,298,299,283,284,310,311,312,316],"product_tag":[],"class_list":{"0":"post-17375","1":"product","2":"type-product","3":"status-publish","4":"has-post-thumbnail","6":"product_cat-collections","7":"product_cat-emballages-sans-plastique","8":"product_cat-acheter-du-the-en-vrac-biologique","9":"product_cat-the-en-pyramides-vrac-sans-plastique-bio","10":"product_cat-les-varietes-de-the","11":"product_cat-the-en-pyramide-biodegradable","12":"product_cat-thes-et-infusions-biologiques-de-qualite","13":"product_cat-the-noir-acheter-en-ligne-proprietes","14":"product_cat-tous","15":"product_cat-tous-fr","16":"product_cat-tous-fr-2","17":"product_cat-uncategorized-fr","19":"first","20":"instock","21":"shipping-taxable","22":"purchasable","23":"product-type-variable"},"yoast_head":"<!-- This site is optimized with the Yoast SEO Premium plugin v27.3 (Yoast SEO v27.3) - https:\/\/yoast.com\/product\/yoast-seo-premium-wordpress\/ -->\n<title>DARJEELING th\u00e9 noir bio | Pyramides en vrac | Boutique Gourmet &amp; Horeca<\/title>\n<meta name=\"description\" content=\"Darjeeling th\u00e9 noir bio en pyramides sueltas, id\u00e9al pour boutiques gourmet, caf\u00e9s, horeca et particuliers. Aromatique, \u00e9l\u00e9gant, \u00e9cologique, pr\u00eat \u00e0 infuser.\" \/>\n<meta name=\"robots\" content=\"index, follow, max-snippet:-1, max-image-preview:large, max-video-preview:-1\" \/>\n<link rel=\"canonical\" href=\"https:\/\/www.sempertea.eu\/fr\/darjeeling-the-noir-bio-pyramides-en-vrac-boutique-gourmet-horeca\/\" \/>\n<meta property=\"og:locale\" content=\"fr_FR\" \/>\n<meta property=\"og:type\" content=\"article\" \/>\n<meta property=\"og:title\" content=\"DARJEELING th\u00e9 noir bio | Pyramides en vrac | Boutique gourmet &amp; horeca\" \/>\n<meta property=\"og:description\" content=\"Darjeeling th\u00e9 noir bio en pyramides sueltas, id\u00e9al pour boutiques gourmet, caf\u00e9s, horeca et particuliers. Aromatique, \u00e9l\u00e9gant, \u00e9cologique, pr\u00eat \u00e0 infuser.\" \/>\n<meta property=\"og:url\" content=\"https:\/\/www.sempertea.eu\/fr\/darjeeling-the-noir-bio-pyramides-en-vrac-boutique-gourmet-horeca\/\" \/>\n<meta property=\"og:site_name\" content=\"Semper Tea | Mayorista y fabricante de T\u00e9s e Infusiones para hoteles, restaurantes y bares\" \/>\n<meta property=\"article:modified_time\" content=\"2025-07-24T22:56:56+00:00\" \/>\n<meta property=\"og:image\" content=\"https:\/\/www.sempertea.eu\/wp-content\/uploads\/2025\/07\/darjeeling-pyramides-gourmet-shop-semper-tea.jpg\" \/>\n\t<meta property=\"og:image:width\" content=\"1000\" \/>\n\t<meta property=\"og:image:height\" content=\"1000\" \/>\n\t<meta property=\"og:image:type\" content=\"image\/jpeg\" \/>\n<meta name=\"twitter:card\" content=\"summary_large_image\" \/>\n<meta name=\"twitter:label1\" content=\"Dur\u00e9e de lecture estim\u00e9e\" \/>\n\t<meta name=\"twitter:data1\" content=\"1 minute\" \/>\n<script type=\"application\/ld+json\" class=\"yoast-schema-graph\">{\"@context\":\"https:\\\/\\\/schema.org\",\"@graph\":[{\"@type\":\"WebPage\",\"@id\":\"https:\\\/\\\/www.sempertea.eu\\\/fr\\\/darjeeling-the-noir-bio-pyramides-en-vrac-boutique-gourmet-horeca\\\/\",\"url\":\"https:\\\/\\\/www.sempertea.eu\\\/fr\\\/darjeeling-the-noir-bio-pyramides-en-vrac-boutique-gourmet-horeca\\\/\",\"name\":\"DARJEELING th\u00e9 noir bio | Pyramides en vrac | Boutique Gourmet & Horeca\",\"isPartOf\":{\"@id\":\"https:\\\/\\\/www.sempertea.eu\\\/#website\"},\"primaryImageOfPage\":{\"@id\":\"https:\\\/\\\/www.sempertea.eu\\\/fr\\\/darjeeling-the-noir-bio-pyramides-en-vrac-boutique-gourmet-horeca\\\/#primaryimage\"},\"image\":{\"@id\":\"https:\\\/\\\/www.sempertea.eu\\\/fr\\\/darjeeling-the-noir-bio-pyramides-en-vrac-boutique-gourmet-horeca\\\/#primaryimage\"},\"thumbnailUrl\":\"https:\\\/\\\/www.sempertea.eu\\\/wp-content\\\/uploads\\\/2025\\\/07\\\/darjeeling-pyramides-gourmet-shop-semper-tea.jpg\",\"datePublished\":\"2025-07-24T21:21:53+00:00\",\"dateModified\":\"2025-07-24T22:56:56+00:00\",\"description\":\"Darjeeling th\u00e9 noir bio en pyramides sueltas, id\u00e9al pour boutiques gourmet, caf\u00e9s, horeca et particuliers. Aromatique, \u00e9l\u00e9gant, \u00e9cologique, pr\u00eat \u00e0 infuser.\",\"breadcrumb\":{\"@id\":\"https:\\\/\\\/www.sempertea.eu\\\/fr\\\/darjeeling-the-noir-bio-pyramides-en-vrac-boutique-gourmet-horeca\\\/#breadcrumb\"},\"inLanguage\":\"fr-FR\",\"potentialAction\":[{\"@type\":\"ReadAction\",\"target\":[\"https:\\\/\\\/www.sempertea.eu\\\/fr\\\/darjeeling-the-noir-bio-pyramides-en-vrac-boutique-gourmet-horeca\\\/\"]}]},{\"@type\":\"ImageObject\",\"inLanguage\":\"fr-FR\",\"@id\":\"https:\\\/\\\/www.sempertea.eu\\\/fr\\\/darjeeling-the-noir-bio-pyramides-en-vrac-boutique-gourmet-horeca\\\/#primaryimage\",\"url\":\"https:\\\/\\\/www.sempertea.eu\\\/wp-content\\\/uploads\\\/2025\\\/07\\\/darjeeling-pyramides-gourmet-shop-semper-tea.jpg\",\"contentUrl\":\"https:\\\/\\\/www.sempertea.eu\\\/wp-content\\\/uploads\\\/2025\\\/07\\\/darjeeling-pyramides-gourmet-shop-semper-tea.jpg\",\"width\":1000,\"height\":1000,\"caption\":\"Darjeeling th\u00e9 noir bio en pyramides \u2013 boutique gourmet\"},{\"@type\":\"BreadcrumbList\",\"@id\":\"https:\\\/\\\/www.sempertea.eu\\\/fr\\\/darjeeling-the-noir-bio-pyramides-en-vrac-boutique-gourmet-horeca\\\/#breadcrumb\",\"itemListElement\":[{\"@type\":\"ListItem\",\"position\":1,\"name\":\"Portada\",\"item\":\"https:\\\/\\\/www.sempertea.eu\\\/\"},{\"@type\":\"ListItem\",\"position\":2,\"name\":\"Tienda\",\"item\":\"https:\\\/\\\/www.sempertea.eu\\\/tienda\\\/\"},{\"@type\":\"ListItem\",\"position\":3,\"name\":\"DARJEELING th\u00e9 noir bio | Pyramides en vrac | Boutique gourmet &amp; horeca\"}]},{\"@type\":\"WebSite\",\"@id\":\"https:\\\/\\\/www.sempertea.eu\\\/#website\",\"url\":\"https:\\\/\\\/www.sempertea.eu\\\/\",\"name\":\"Semper Tea | Mayorista y fabricante de T\u00e9s e Infusiones para hoteles, restaurantes y bares\",\"description\":\"T\u00e9s e infusiones para hosteler\u00eda, hoteler\u00eda y comercio\",\"potentialAction\":[{\"@type\":\"SearchAction\",\"target\":{\"@type\":\"EntryPoint\",\"urlTemplate\":\"https:\\\/\\\/www.sempertea.eu\\\/?s={search_term_string}\"},\"query-input\":{\"@type\":\"PropertyValueSpecification\",\"valueRequired\":true,\"valueName\":\"search_term_string\"}}],\"inLanguage\":\"fr-FR\"}]}<\/script>\n<!-- \/ Yoast SEO Premium plugin. -->","yoast_head_json":{"title":"DARJEELING th\u00e9 noir bio | Pyramides en vrac | Boutique Gourmet & Horeca","description":"Darjeeling th\u00e9 noir bio en pyramides sueltas, id\u00e9al pour boutiques gourmet, caf\u00e9s, horeca et particuliers. Aromatique, \u00e9l\u00e9gant, \u00e9cologique, pr\u00eat \u00e0 infuser.","robots":{"index":"index","follow":"follow","max-snippet":"max-snippet:-1","max-image-preview":"max-image-preview:large","max-video-preview":"max-video-preview:-1"},"canonical":"https:\/\/www.sempertea.eu\/fr\/darjeeling-the-noir-bio-pyramides-en-vrac-boutique-gourmet-horeca\/","og_locale":"fr_FR","og_type":"article","og_title":"DARJEELING th\u00e9 noir bio | Pyramides en vrac | Boutique gourmet &amp; horeca","og_description":"Darjeeling th\u00e9 noir bio en pyramides sueltas, id\u00e9al pour boutiques gourmet, caf\u00e9s, horeca et particuliers. Aromatique, \u00e9l\u00e9gant, \u00e9cologique, pr\u00eat \u00e0 infuser.","og_url":"https:\/\/www.sempertea.eu\/fr\/darjeeling-the-noir-bio-pyramides-en-vrac-boutique-gourmet-horeca\/","og_site_name":"Semper Tea | Mayorista y fabricante de T\u00e9s e Infusiones para hoteles, restaurantes y bares","article_modified_time":"2025-07-24T22:56:56+00:00","og_image":[{"width":1000,"height":1000,"url":"https:\/\/www.sempertea.eu\/wp-content\/uploads\/2025\/07\/darjeeling-pyramides-gourmet-shop-semper-tea.jpg","type":"image\/jpeg"}],"twitter_card":"summary_large_image","twitter_misc":{"Dur\u00e9e de lecture estim\u00e9e":"1 minute"},"schema":{"@context":"https:\/\/schema.org","@graph":[{"@type":"WebPage","@id":"https:\/\/www.sempertea.eu\/fr\/darjeeling-the-noir-bio-pyramides-en-vrac-boutique-gourmet-horeca\/","url":"https:\/\/www.sempertea.eu\/fr\/darjeeling-the-noir-bio-pyramides-en-vrac-boutique-gourmet-horeca\/","name":"DARJEELING th\u00e9 noir bio | Pyramides en vrac | Boutique Gourmet & Horeca","isPartOf":{"@id":"https:\/\/www.sempertea.eu\/#website"},"primaryImageOfPage":{"@id":"https:\/\/www.sempertea.eu\/fr\/darjeeling-the-noir-bio-pyramides-en-vrac-boutique-gourmet-horeca\/#primaryimage"},"image":{"@id":"https:\/\/www.sempertea.eu\/fr\/darjeeling-the-noir-bio-pyramides-en-vrac-boutique-gourmet-horeca\/#primaryimage"},"thumbnailUrl":"https:\/\/www.sempertea.eu\/wp-content\/uploads\/2025\/07\/darjeeling-pyramides-gourmet-shop-semper-tea.jpg","datePublished":"2025-07-24T21:21:53+00:00","dateModified":"2025-07-24T22:56:56+00:00","description":"Darjeeling th\u00e9 noir bio en pyramides sueltas, id\u00e9al pour boutiques gourmet, caf\u00e9s, horeca et particuliers. Aromatique, \u00e9l\u00e9gant, \u00e9cologique, pr\u00eat \u00e0 infuser.","breadcrumb":{"@id":"https:\/\/www.sempertea.eu\/fr\/darjeeling-the-noir-bio-pyramides-en-vrac-boutique-gourmet-horeca\/#breadcrumb"},"inLanguage":"fr-FR","potentialAction":[{"@type":"ReadAction","target":["https:\/\/www.sempertea.eu\/fr\/darjeeling-the-noir-bio-pyramides-en-vrac-boutique-gourmet-horeca\/"]}]},{"@type":"ImageObject","inLanguage":"fr-FR","@id":"https:\/\/www.sempertea.eu\/fr\/darjeeling-the-noir-bio-pyramides-en-vrac-boutique-gourmet-horeca\/#primaryimage","url":"https:\/\/www.sempertea.eu\/wp-content\/uploads\/2025\/07\/darjeeling-pyramides-gourmet-shop-semper-tea.jpg","contentUrl":"https:\/\/www.sempertea.eu\/wp-content\/uploads\/2025\/07\/darjeeling-pyramides-gourmet-shop-semper-tea.jpg","width":1000,"height":1000,"caption":"Darjeeling th\u00e9 noir bio en pyramides \u2013 boutique gourmet"},{"@type":"BreadcrumbList","@id":"https:\/\/www.sempertea.eu\/fr\/darjeeling-the-noir-bio-pyramides-en-vrac-boutique-gourmet-horeca\/#breadcrumb","itemListElement":[{"@type":"ListItem","position":1,"name":"Portada","item":"https:\/\/www.sempertea.eu\/"},{"@type":"ListItem","position":2,"name":"Tienda","item":"https:\/\/www.sempertea.eu\/tienda\/"},{"@type":"ListItem","position":3,"name":"DARJEELING th\u00e9 noir bio | Pyramides en vrac | Boutique gourmet &amp; horeca"}]},{"@type":"WebSite","@id":"https:\/\/www.sempertea.eu\/#website","url":"https:\/\/www.sempertea.eu\/","name":"Semper Tea | Mayorista y fabricante de T\u00e9s e Infusiones para hoteles, restaurantes y bares","description":"T\u00e9s e infusiones para hosteler\u00eda, hoteler\u00eda y comercio","potentialAction":[{"@type":"SearchAction","target":{"@type":"EntryPoint","urlTemplate":"https:\/\/www.sempertea.eu\/?s={search_term_string}"},"query-input":{"@type":"PropertyValueSpecification","valueRequired":true,"valueName":"search_term_string"}}],"inLanguage":"fr-FR"}]}},"_links":{"self":[{"href":"https:\/\/www.sempertea.eu\/fr\/wp-json\/wp\/v2\/product\/17375","targetHints":{"allow":["GET"]}}],"collection":[{"href":"https:\/\/www.sempertea.eu\/fr\/wp-json\/wp\/v2\/product"}],"about":[{"href":"https:\/\/www.sempertea.eu\/fr\/wp-json\/wp\/v2\/types\/product"}],"replies":[{"embeddable":true,"href":"https:\/\/www.sempertea.eu\/fr\/wp-json\/wp\/v2\/comments?post=17375"}],"wp:featuredmedia":[{"embeddable":true,"href":"https:\/\/www.sempertea.eu\/fr\/wp-json\/wp\/v2\/media\/17380"}],"wp:attachment":[{"href":"https:\/\/www.sempertea.eu\/fr\/wp-json\/wp\/v2\/media?parent=17375"}],"wp:term":[{"taxonomy":"product_brand","embeddable":true,"href":"https:\/\/www.sempertea.eu\/fr\/wp-json\/wp\/v2\/product_brand?post=17375"},{"taxonomy":"product_cat","embeddable":true,"href":"https:\/\/www.sempertea.eu\/fr\/wp-json\/wp\/v2\/product_cat?post=17375"},{"taxonomy":"product_tag","embeddable":true,"href":"https:\/\/www.sempertea.eu\/fr\/wp-json\/wp\/v2\/product_tag?post=17375"}],"curies":[{"name":"wp","href":"https:\/\/api.w.org\/{rel}","templated":true}]}}