{"id":17243,"date":"2025-07-22T23:46:02","date_gmt":"2025-07-22T21:46:02","guid":{"rendered":"https:\/\/www.sempertea.eu\/english-breakfast-the-noir-bio-pyramides-sans-plastique-the-anglais-pour-petit-dejeuner\/"},"modified":"2025-07-23T00:17:28","modified_gmt":"2025-07-22T22:17:28","slug":"english-breakfast-pyramides-en-vrac-ligne-de-the-compostable","status":"publish","type":"product","link":"https:\/\/www.sempertea.eu\/fr\/english-breakfast-pyramides-en-vrac-ligne-de-the-compostable\/","title":{"rendered":"ENGLISH BREAKFAST th\u00e9 noir bio | Pyramides en vrac | Th\u00e9 anglais pour petit d\u00e9jeuner"},"content":{"rendered":"<h2>La grandeur de l&rsquo;English Breakfast dans les pyramides en vrac<\/h2>\n<p>Le th\u00e9 noir English Breakfast bio est un incontournable des petits-d\u00e9jeuners anglais. Nous l\u2019avons adapt\u00e9 aux exigences modernes avec une pr\u00e9sentation en pyramides compostables, sans plastique, qui pr\u00e9servent toutes les qualit\u00e9s de la feuille enti\u00e8re.<\/p>\n<h3>Un classique revisit\u00e9 en version \u00e9cologique &#8211; Parfait pour les professionnels et les maisons conscientes<\/h3>\n<p>Disponible en vrac, ce format permet une gestion optimale pour les h\u00f4tels, restaurants, boutiques sp\u00e9cialis\u00e9es et particuliers. Une solution \u00e9conomique, durable et adapt\u00e9e \u00e0 un service haut de gamme.<\/p>\n<h4>Des pyramides compostables certifi\u00e9es<\/h4>\n<p>Nos sachets sont 100 % compostables, conformes \u00e0 la norme UNE EN 13432, garantissant une infusion parfaite tout en respectant la plan\u00e8te. Chaque d\u00e9tail refl\u00e8te notre engagement \u00e9cologique.<\/p>\n<h5><strong>L\u2019\u00e9l\u00e9gance dans chaque tasse<\/strong><\/h5>\n<p>En choisissant Semper Tea, vous optez pour une exp\u00e9rience gustative raffin\u00e9e et responsable. Offrez \u00e0 vos clients ou invit\u00e9s un th\u00e9 de qualit\u00e9 sup\u00e9rieure, dans un format qui conjugue tradition et innovation durable.<\/p>\n<p>Optez pour le th\u00e9 English Breakfast compostable et faites de votre petit-d\u00e9jeuner une exp\u00e9rience responsable.<\/p>\n<p>Conforme \u00e0 la r\u00e9glementation sur les emballages selon la norme UNE EN 13432 &#8211; compostable et biod\u00e9gradable.<\/p>\n","protected":false},"excerpt":{"rendered":"<p><strong>R\u00e9veillez-vous avec style : th\u00e9 English Breakfast<\/strong><\/p>\n<p>Disfruta del aut\u00e9ntico t\u00e9 ingl\u00e9s con este English Breakfast org\u00e1nico, presentado en pir\u00e1mides compostables que respetan el sabor y el planeta. Cl\u00e1sico del desayuno, con cuerpo y car\u00e1cter, perfecto tanto para cafeter\u00edas y hoteles como para tiendas gourmet y hogares conscientes. Este formato a granel es pr\u00e1ctico, sostenible y vers\u00e1til: ideal para ofrecer calidad sin generar residuos.<\/p>\n<p>Chaque pyramide contient une feuille enti\u00e8re \u00e9cologique, sans microplastiques. Vous choisissez l&rsquo;\u00e9l\u00e9gance, l&rsquo;engagement et le vrai go\u00fbt.<\/p>\n","protected":false},"featured_media":12582,"comment_status":"open","ping_status":"closed","template":"","meta":[],"product_brand":[],"product_cat":[309,300,315,271,298,299,283,284,310,311,312,316],"product_tag":[],"class_list":{"0":"post-17243","1":"product","2":"type-product","3":"status-publish","4":"has-post-thumbnail","6":"product_cat-collections","7":"product_cat-emballages-sans-plastique","8":"product_cat-acheter-du-the-en-vrac-biologique","9":"product_cat-the-en-pyramides-vrac-sans-plastique-bio","10":"product_cat-les-varietes-de-the","11":"product_cat-the-en-pyramide-biodegradable","12":"product_cat-thes-et-infusions-biologiques-de-qualite","13":"product_cat-the-noir-acheter-en-ligne-proprietes","14":"product_cat-tous","15":"product_cat-tous-fr","16":"product_cat-tous-fr-2","17":"product_cat-uncategorized-fr","19":"first","20":"instock","21":"shipping-taxable","22":"purchasable","23":"product-type-variable"},"yoast_head":"<!-- This site is optimized with the Yoast SEO Premium plugin v27.3 (Yoast SEO v27.3) - https:\/\/yoast.com\/product\/yoast-seo-premium-wordpress\/ -->\n<title>ENGLISH BREAKFAST th\u00e9 noir bio | Pyramides sans plastique | Ligne de th\u00e9 compostable<\/title>\n<meta name=\"description\" content=\"English Breakfast bio en pyramides compostables, au go\u00fbt cors\u00e9 et raffin\u00e9. Parfait pour h\u00f4tels, boutiques \u00e9cologiques ou usage domestique. En vrac, sans plastique, respectueux de l\u2019environnement.\" \/>\n<meta name=\"robots\" content=\"index, follow, max-snippet:-1, max-image-preview:large, max-video-preview:-1\" \/>\n<link rel=\"canonical\" href=\"https:\/\/www.sempertea.eu\/fr\/english-breakfast-pyramides-en-vrac-ligne-de-the-compostable\/\" \/>\n<meta property=\"og:locale\" content=\"fr_FR\" \/>\n<meta property=\"og:type\" content=\"article\" \/>\n<meta property=\"og:title\" content=\"ENGLISH BREAKFAST th\u00e9 noir bio | Pyramides en vrac | Th\u00e9 anglais pour petit d\u00e9jeuner\" \/>\n<meta property=\"og:description\" content=\"English Breakfast bio en pyramides compostables, au go\u00fbt cors\u00e9 et raffin\u00e9. Parfait pour h\u00f4tels, boutiques \u00e9cologiques ou usage domestique. En vrac, sans plastique, respectueux de l\u2019environnement.\" \/>\n<meta property=\"og:url\" content=\"https:\/\/www.sempertea.eu\/fr\/english-breakfast-pyramides-en-vrac-ligne-de-the-compostable\/\" \/>\n<meta property=\"og:site_name\" content=\"Semper Tea | Mayorista y fabricante de T\u00e9s e Infusiones para hoteles, restaurantes y bares\" \/>\n<meta property=\"article:modified_time\" content=\"2025-07-22T22:17:28+00:00\" \/>\n<meta property=\"og:image\" content=\"https:\/\/www.sempertea.eu\/wp-content\/uploads\/2024\/07\/te-piramide-a-granel-english-breakfast-organic-semper-tea.jpg\" \/>\n\t<meta property=\"og:image:width\" content=\"1000\" \/>\n\t<meta property=\"og:image:height\" content=\"1000\" \/>\n\t<meta property=\"og:image:type\" content=\"image\/jpeg\" \/>\n<meta name=\"twitter:card\" content=\"summary_large_image\" \/>\n<meta name=\"twitter:label1\" content=\"Dur\u00e9e de lecture estim\u00e9e\" \/>\n\t<meta name=\"twitter:data1\" content=\"2 minutes\" \/>\n<script type=\"application\/ld+json\" class=\"yoast-schema-graph\">{\"@context\":\"https:\\\/\\\/schema.org\",\"@graph\":[{\"@type\":\"WebPage\",\"@id\":\"https:\\\/\\\/www.sempertea.eu\\\/fr\\\/english-breakfast-pyramides-en-vrac-ligne-de-the-compostable\\\/\",\"url\":\"https:\\\/\\\/www.sempertea.eu\\\/fr\\\/english-breakfast-pyramides-en-vrac-ligne-de-the-compostable\\\/\",\"name\":\"ENGLISH BREAKFAST th\u00e9 noir bio | Pyramides sans plastique | Ligne de th\u00e9 compostable\",\"isPartOf\":{\"@id\":\"https:\\\/\\\/www.sempertea.eu\\\/#website\"},\"primaryImageOfPage\":{\"@id\":\"https:\\\/\\\/www.sempertea.eu\\\/fr\\\/english-breakfast-pyramides-en-vrac-ligne-de-the-compostable\\\/#primaryimage\"},\"image\":{\"@id\":\"https:\\\/\\\/www.sempertea.eu\\\/fr\\\/english-breakfast-pyramides-en-vrac-ligne-de-the-compostable\\\/#primaryimage\"},\"thumbnailUrl\":\"https:\\\/\\\/www.sempertea.eu\\\/wp-content\\\/uploads\\\/2024\\\/07\\\/te-piramide-a-granel-english-breakfast-organic-semper-tea.jpg\",\"datePublished\":\"2025-07-22T21:46:02+00:00\",\"dateModified\":\"2025-07-22T22:17:28+00:00\",\"description\":\"English Breakfast bio en pyramides compostables, au go\u00fbt cors\u00e9 et raffin\u00e9. Parfait pour h\u00f4tels, boutiques \u00e9cologiques ou usage domestique. En vrac, sans plastique, respectueux de l\u2019environnement.\",\"breadcrumb\":{\"@id\":\"https:\\\/\\\/www.sempertea.eu\\\/fr\\\/english-breakfast-pyramides-en-vrac-ligne-de-the-compostable\\\/#breadcrumb\"},\"inLanguage\":\"fr-FR\",\"potentialAction\":[{\"@type\":\"ReadAction\",\"target\":[\"https:\\\/\\\/www.sempertea.eu\\\/fr\\\/english-breakfast-pyramides-en-vrac-ligne-de-the-compostable\\\/\"]}]},{\"@type\":\"ImageObject\",\"inLanguage\":\"fr-FR\",\"@id\":\"https:\\\/\\\/www.sempertea.eu\\\/fr\\\/english-breakfast-pyramides-en-vrac-ligne-de-the-compostable\\\/#primaryimage\",\"url\":\"https:\\\/\\\/www.sempertea.eu\\\/wp-content\\\/uploads\\\/2024\\\/07\\\/te-piramide-a-granel-english-breakfast-organic-semper-tea.jpg\",\"contentUrl\":\"https:\\\/\\\/www.sempertea.eu\\\/wp-content\\\/uploads\\\/2024\\\/07\\\/te-piramide-a-granel-english-breakfast-organic-semper-tea.jpg\",\"width\":1000,\"height\":1000,\"caption\":\"te piramide a granel english breakfast organic semper tea\"},{\"@type\":\"BreadcrumbList\",\"@id\":\"https:\\\/\\\/www.sempertea.eu\\\/fr\\\/english-breakfast-pyramides-en-vrac-ligne-de-the-compostable\\\/#breadcrumb\",\"itemListElement\":[{\"@type\":\"ListItem\",\"position\":1,\"name\":\"Portada\",\"item\":\"https:\\\/\\\/www.sempertea.eu\\\/\"},{\"@type\":\"ListItem\",\"position\":2,\"name\":\"Tienda\",\"item\":\"https:\\\/\\\/www.sempertea.eu\\\/tienda\\\/\"},{\"@type\":\"ListItem\",\"position\":3,\"name\":\"ENGLISH BREAKFAST th\u00e9 noir bio | Pyramides en vrac | Th\u00e9 anglais pour petit d\u00e9jeuner\"}]},{\"@type\":\"WebSite\",\"@id\":\"https:\\\/\\\/www.sempertea.eu\\\/#website\",\"url\":\"https:\\\/\\\/www.sempertea.eu\\\/\",\"name\":\"Semper Tea | Mayorista y fabricante de T\u00e9s e Infusiones para hoteles, restaurantes y bares\",\"description\":\"T\u00e9s e infusiones para hosteler\u00eda, hoteler\u00eda y comercio\",\"potentialAction\":[{\"@type\":\"SearchAction\",\"target\":{\"@type\":\"EntryPoint\",\"urlTemplate\":\"https:\\\/\\\/www.sempertea.eu\\\/?s={search_term_string}\"},\"query-input\":{\"@type\":\"PropertyValueSpecification\",\"valueRequired\":true,\"valueName\":\"search_term_string\"}}],\"inLanguage\":\"fr-FR\"}]}<\/script>\n<!-- \/ Yoast SEO Premium plugin. -->","yoast_head_json":{"title":"ENGLISH BREAKFAST th\u00e9 noir bio | Pyramides sans plastique | Ligne de th\u00e9 compostable","description":"English Breakfast bio en pyramides compostables, au go\u00fbt cors\u00e9 et raffin\u00e9. Parfait pour h\u00f4tels, boutiques \u00e9cologiques ou usage domestique. En vrac, sans plastique, respectueux de l\u2019environnement.","robots":{"index":"index","follow":"follow","max-snippet":"max-snippet:-1","max-image-preview":"max-image-preview:large","max-video-preview":"max-video-preview:-1"},"canonical":"https:\/\/www.sempertea.eu\/fr\/english-breakfast-pyramides-en-vrac-ligne-de-the-compostable\/","og_locale":"fr_FR","og_type":"article","og_title":"ENGLISH BREAKFAST th\u00e9 noir bio | Pyramides en vrac | Th\u00e9 anglais pour petit d\u00e9jeuner","og_description":"English Breakfast bio en pyramides compostables, au go\u00fbt cors\u00e9 et raffin\u00e9. Parfait pour h\u00f4tels, boutiques \u00e9cologiques ou usage domestique. En vrac, sans plastique, respectueux de l\u2019environnement.","og_url":"https:\/\/www.sempertea.eu\/fr\/english-breakfast-pyramides-en-vrac-ligne-de-the-compostable\/","og_site_name":"Semper Tea | Mayorista y fabricante de T\u00e9s e Infusiones para hoteles, restaurantes y bares","article_modified_time":"2025-07-22T22:17:28+00:00","og_image":[{"width":1000,"height":1000,"url":"https:\/\/www.sempertea.eu\/wp-content\/uploads\/2024\/07\/te-piramide-a-granel-english-breakfast-organic-semper-tea.jpg","type":"image\/jpeg"}],"twitter_card":"summary_large_image","twitter_misc":{"Dur\u00e9e de lecture estim\u00e9e":"2 minutes"},"schema":{"@context":"https:\/\/schema.org","@graph":[{"@type":"WebPage","@id":"https:\/\/www.sempertea.eu\/fr\/english-breakfast-pyramides-en-vrac-ligne-de-the-compostable\/","url":"https:\/\/www.sempertea.eu\/fr\/english-breakfast-pyramides-en-vrac-ligne-de-the-compostable\/","name":"ENGLISH BREAKFAST th\u00e9 noir bio | Pyramides sans plastique | Ligne de th\u00e9 compostable","isPartOf":{"@id":"https:\/\/www.sempertea.eu\/#website"},"primaryImageOfPage":{"@id":"https:\/\/www.sempertea.eu\/fr\/english-breakfast-pyramides-en-vrac-ligne-de-the-compostable\/#primaryimage"},"image":{"@id":"https:\/\/www.sempertea.eu\/fr\/english-breakfast-pyramides-en-vrac-ligne-de-the-compostable\/#primaryimage"},"thumbnailUrl":"https:\/\/www.sempertea.eu\/wp-content\/uploads\/2024\/07\/te-piramide-a-granel-english-breakfast-organic-semper-tea.jpg","datePublished":"2025-07-22T21:46:02+00:00","dateModified":"2025-07-22T22:17:28+00:00","description":"English Breakfast bio en pyramides compostables, au go\u00fbt cors\u00e9 et raffin\u00e9. Parfait pour h\u00f4tels, boutiques \u00e9cologiques ou usage domestique. En vrac, sans plastique, respectueux de l\u2019environnement.","breadcrumb":{"@id":"https:\/\/www.sempertea.eu\/fr\/english-breakfast-pyramides-en-vrac-ligne-de-the-compostable\/#breadcrumb"},"inLanguage":"fr-FR","potentialAction":[{"@type":"ReadAction","target":["https:\/\/www.sempertea.eu\/fr\/english-breakfast-pyramides-en-vrac-ligne-de-the-compostable\/"]}]},{"@type":"ImageObject","inLanguage":"fr-FR","@id":"https:\/\/www.sempertea.eu\/fr\/english-breakfast-pyramides-en-vrac-ligne-de-the-compostable\/#primaryimage","url":"https:\/\/www.sempertea.eu\/wp-content\/uploads\/2024\/07\/te-piramide-a-granel-english-breakfast-organic-semper-tea.jpg","contentUrl":"https:\/\/www.sempertea.eu\/wp-content\/uploads\/2024\/07\/te-piramide-a-granel-english-breakfast-organic-semper-tea.jpg","width":1000,"height":1000,"caption":"te piramide a granel english breakfast organic semper tea"},{"@type":"BreadcrumbList","@id":"https:\/\/www.sempertea.eu\/fr\/english-breakfast-pyramides-en-vrac-ligne-de-the-compostable\/#breadcrumb","itemListElement":[{"@type":"ListItem","position":1,"name":"Portada","item":"https:\/\/www.sempertea.eu\/"},{"@type":"ListItem","position":2,"name":"Tienda","item":"https:\/\/www.sempertea.eu\/tienda\/"},{"@type":"ListItem","position":3,"name":"ENGLISH BREAKFAST th\u00e9 noir bio | Pyramides en vrac | Th\u00e9 anglais pour petit d\u00e9jeuner"}]},{"@type":"WebSite","@id":"https:\/\/www.sempertea.eu\/#website","url":"https:\/\/www.sempertea.eu\/","name":"Semper Tea | Mayorista y fabricante de T\u00e9s e Infusiones para hoteles, restaurantes y bares","description":"T\u00e9s e infusiones para hosteler\u00eda, hoteler\u00eda y comercio","potentialAction":[{"@type":"SearchAction","target":{"@type":"EntryPoint","urlTemplate":"https:\/\/www.sempertea.eu\/?s={search_term_string}"},"query-input":{"@type":"PropertyValueSpecification","valueRequired":true,"valueName":"search_term_string"}}],"inLanguage":"fr-FR"}]}},"_links":{"self":[{"href":"https:\/\/www.sempertea.eu\/fr\/wp-json\/wp\/v2\/product\/17243","targetHints":{"allow":["GET"]}}],"collection":[{"href":"https:\/\/www.sempertea.eu\/fr\/wp-json\/wp\/v2\/product"}],"about":[{"href":"https:\/\/www.sempertea.eu\/fr\/wp-json\/wp\/v2\/types\/product"}],"replies":[{"embeddable":true,"href":"https:\/\/www.sempertea.eu\/fr\/wp-json\/wp\/v2\/comments?post=17243"}],"wp:featuredmedia":[{"embeddable":true,"href":"https:\/\/www.sempertea.eu\/fr\/wp-json\/wp\/v2\/media\/12582"}],"wp:attachment":[{"href":"https:\/\/www.sempertea.eu\/fr\/wp-json\/wp\/v2\/media?parent=17243"}],"wp:term":[{"taxonomy":"product_brand","embeddable":true,"href":"https:\/\/www.sempertea.eu\/fr\/wp-json\/wp\/v2\/product_brand?post=17243"},{"taxonomy":"product_cat","embeddable":true,"href":"https:\/\/www.sempertea.eu\/fr\/wp-json\/wp\/v2\/product_cat?post=17243"},{"taxonomy":"product_tag","embeddable":true,"href":"https:\/\/www.sempertea.eu\/fr\/wp-json\/wp\/v2\/product_tag?post=17243"}],"curies":[{"name":"wp","href":"https:\/\/api.w.org\/{rel}","templated":true}]}}