{"id":17012,"date":"2025-07-13T23:47:53","date_gmt":"2025-07-13T21:58:05","guid":{"rendered":"https:\/\/www.sempertea.eu\/earl-grey-noble-the-noir-bio-a-la-bergamote-classique-et-raffine\/"},"modified":"2025-07-14T00:04:17","modified_gmt":"2025-07-13T22:04:17","slug":"earl-grey-the-noir-bio-bergamote-pour-amateurs-de-the","status":"publish","type":"product","link":"https:\/\/www.sempertea.eu\/fr\/earl-grey-the-noir-bio-bergamote-pour-amateurs-de-the\/","title":{"rendered":"EARL GREY NOBLE th\u00e9 noir bio \u00e0 la bergamote | Classique et raffin\u00e9"},"content":{"rendered":"<div class=\"et_pb_module et_pb_post_title et_pb_post_title_0 et_pb_bg_layout_light et_pb_text_align_left\">\n<div class=\"et_pb_title_container\">\n<h2 class=\"entry-title\">Earl Grey, un th\u00e9 classique aux multiples facettes<\/h2>\n<\/div>\n<\/div>\n<div class=\"et_pb_module et_pb_text et_pb_text_0 et_pb_bg_layout_light et_pb_text_align_left\">\n<div class=\"et_pb_text_inner\">\n<p>L&rsquo;<strong>Earl Grey <\/strong>est l&rsquo;un des th\u00e9s les plus r\u00e9put\u00e9s au monde. C&rsquo;est un <strong>th\u00e9 noir<\/strong> fort \u00e0 la saveur intense. Il est aromatis\u00e9 aux huiles essentielles de <a href=\"https:\/\/npgsweb.ars-grin.gov\/gringlobal\/taxonomydetail.aspx?10698\">l&rsquo;\u00e9corce du bergamotier<\/a>. Un agrume qui lui conf\u00e8re sa saveur et ses ar\u00f4mes caract\u00e9ristiques. Ce fruit unique, originaire de la M\u00e9diterran\u00e9e, a un go\u00fbt tr\u00e8s floral. Il ressemble \u00e0 un m\u00e9lange d&rsquo;orange et de citron, avec une pointe de citron vert et de pamplemousse.<\/p>\n<\/div>\n<\/div>\n<h3>Histoire du th\u00e9 Earl Grey<\/h3>\n<p>Le th\u00e9 Earl Grey puise ses racines dans les traditions anciennes des th\u00e9s parfum\u00e9s de Chine, n\u00e9s sous la dynastie Tang. \u00c0 l\u2019\u00e9poque, les feuilles de th\u00e9 \u00e9taient enrichies avec des herbes, des fleurs ou des \u00e9pices pour cr\u00e9er des infusions aux ar\u00f4mes intenses. Le Earl Grey, quant \u00e0 lui, doit son nom \u00e0 Charles Grey, comte britannique du XIXe si\u00e8cle. Une l\u00e9gende raconte qu\u2019il aurait re\u00e7u ce m\u00e9lange de th\u00e9 au parfum de bergamote comme remerciement d\u2019un marchand chinois.<\/p>\n<p>Aujourd\u2019hui, le <a href=\"https:\/\/en.wikipedia.org\/wiki\/Earl_Grey\"><strong>th\u00e9 Earl Grey<\/strong><\/a> bio \u00e0 la bergamote est l\u2019un des th\u00e9s les plus recherch\u00e9s pour sa richesse aromatique et sa polyvalence. Il peut se <a href=\"https:\/\/www.gov.uk\/government\/history\/past-prime-ministers\/charles-grey-2nd-earl-grey\">d\u00e9guster nature ou <strong>avec un nuage de lait<\/strong><\/a> \u2013 une habitude appr\u00e9ci\u00e9e par certains connaisseurs. Disponible en vrac ou en sachets, il constitue \u00e9galement une excellente id\u00e9e cadeau gr\u00e2ce \u00e0 sa qualit\u00e9 premium et sa pr\u00e9sentation \u00e9l\u00e9gante.<\/p>\n<p>Id\u00e9al pour bien commencer la journ\u00e9e avec \u00e9nergie ou savourer une pause pleine de go\u00fbt. Un incontournable pour les vrais amateurs de th\u00e9 <a href=\"https:\/\/en.m.wikipedia.org\/wiki\/Earl_Grey_tea\"><strong>Earl Grey<\/strong><\/a>.<\/p>\n","protected":false},"excerpt":{"rendered":"<p><strong>Earl Grey Bio \u2013 Th\u00e9 noir intense \u00e0 la bergamote \u2013 Go\u00fbt classique et aromatique<\/strong><\/p>\n<p>Laissez-vous s\u00e9duire par le caract\u00e8re robuste et \u00e9l\u00e9gant de ce th\u00e9 noir biologique, sublim\u00e9 par l\u2019ar\u00f4me naturel et inimitable de la bergamote. Un m\u00e9lange intense, d\u00e9licieux et parfaitement \u00e9quilibr\u00e9, con\u00e7u pour ceux qui recherchent une exp\u00e9rience de th\u00e9 sophistiqu\u00e9e et authentique. Id\u00e9al pour bien commencer la journ\u00e9e avec \u00e9nergie ou savourer une pause pleine de go\u00fbt. Un incontournable pour les vrais amateurs de th\u00e9 Earl Grey.<\/p>\n","protected":false},"featured_media":16889,"comment_status":"open","ping_status":"closed","template":"","meta":[],"product_brand":[],"product_cat":[309,270,307,283,284,312,310,311],"product_tag":[322],"class_list":{"0":"post-17012","1":"product","2":"type-product","3":"status-publish","4":"has-post-thumbnail","6":"product_cat-collections","7":"product_cat-acheter-du-the-en-vrac-emballe","8":"product_cat-the-en-vrac-et-bocal-selection-bio-qualite-superieure-fabricant","9":"product_cat-thes-et-infusions-biologiques-de-qualite","10":"product_cat-the-noir-acheter-en-ligne-proprietes","11":"product_cat-tous-fr-2","12":"product_cat-tous","13":"product_cat-tous-fr","14":"product_tag-the-de-feuilles-ou-the-de-fleurs-entieres","16":"first","17":"instock","18":"shipping-taxable","19":"purchasable","20":"product-type-simple"},"yoast_head":"<!-- This site is optimized with the Yoast SEO Premium plugin v27.3 (Yoast SEO v27.4) - https:\/\/yoast.com\/product\/yoast-seo-premium-wordpress\/ -->\n<title>Th\u00e9 Earl Grey biologique \u00e0 la Bergamote Premium pour amateurs de th\u00e9<\/title>\n<meta name=\"description\" content=\"Le th\u00e9 Earl Grey est l&#039;un des th\u00e9s les plus r\u00e9put\u00e9s au monde. Il s&#039;agit d&#039;un th\u00e9 noir fort au go\u00fbt intense. Qualit\u00e9 sup\u00e9rieure.\" \/>\n<meta name=\"robots\" content=\"index, follow, max-snippet:-1, max-image-preview:large, max-video-preview:-1\" \/>\n<link rel=\"canonical\" href=\"https:\/\/www.sempertea.eu\/fr\/earl-grey-the-noir-bio-bergamote-pour-amateurs-de-the\/\" \/>\n<meta property=\"og:locale\" content=\"fr_FR\" \/>\n<meta property=\"og:type\" content=\"article\" \/>\n<meta property=\"og:title\" content=\"EARL GREY NOBLE th\u00e9 noir bio \u00e0 la bergamote | Classique et raffin\u00e9\" \/>\n<meta property=\"og:description\" content=\"Le th\u00e9 Earl Grey est l&#039;un des th\u00e9s les plus r\u00e9put\u00e9s au monde. Il s&#039;agit d&#039;un th\u00e9 noir fort au go\u00fbt intense. Qualit\u00e9 sup\u00e9rieure.\" \/>\n<meta property=\"og:url\" content=\"https:\/\/www.sempertea.eu\/fr\/earl-grey-the-noir-bio-bergamote-pour-amateurs-de-the\/\" \/>\n<meta property=\"og:site_name\" content=\"Semper Tea | Mayorista y fabricante de T\u00e9s e Infusiones para hoteles, restaurantes y bares\" \/>\n<meta property=\"article:modified_time\" content=\"2025-07-13T22:04:17+00:00\" \/>\n<meta property=\"og:image\" content=\"https:\/\/www.sempertea.eu\/wp-content\/uploads\/2025\/07\/earl-grey-te-ecologico-tarro-gourmet-regalo-semper-tea-1.jpg\" \/>\n\t<meta property=\"og:image:width\" content=\"1000\" \/>\n\t<meta property=\"og:image:height\" content=\"1000\" \/>\n\t<meta property=\"og:image:type\" content=\"image\/jpeg\" \/>\n<meta name=\"twitter:card\" content=\"summary_large_image\" \/>\n<meta name=\"twitter:label1\" content=\"Dur\u00e9e de lecture estim\u00e9e\" \/>\n\t<meta name=\"twitter:data1\" content=\"2 minutes\" \/>\n<script type=\"application\/ld+json\" class=\"yoast-schema-graph\">{\"@context\":\"https:\\\/\\\/schema.org\",\"@graph\":[{\"@type\":\"WebPage\",\"@id\":\"https:\\\/\\\/www.sempertea.eu\\\/fr\\\/earl-grey-the-noir-bio-bergamote-pour-amateurs-de-the\\\/\",\"url\":\"https:\\\/\\\/www.sempertea.eu\\\/fr\\\/earl-grey-the-noir-bio-bergamote-pour-amateurs-de-the\\\/\",\"name\":\"Th\u00e9 Earl Grey biologique \u00e0 la Bergamote Premium pour amateurs de th\u00e9\",\"isPartOf\":{\"@id\":\"https:\\\/\\\/www.sempertea.eu\\\/#website\"},\"primaryImageOfPage\":{\"@id\":\"https:\\\/\\\/www.sempertea.eu\\\/fr\\\/earl-grey-the-noir-bio-bergamote-pour-amateurs-de-the\\\/#primaryimage\"},\"image\":{\"@id\":\"https:\\\/\\\/www.sempertea.eu\\\/fr\\\/earl-grey-the-noir-bio-bergamote-pour-amateurs-de-the\\\/#primaryimage\"},\"thumbnailUrl\":\"https:\\\/\\\/www.sempertea.eu\\\/wp-content\\\/uploads\\\/2025\\\/07\\\/earl-grey-te-ecologico-tarro-gourmet-regalo-semper-tea-1.jpg\",\"datePublished\":\"2025-07-13T21:58:05+00:00\",\"dateModified\":\"2025-07-13T22:04:17+00:00\",\"description\":\"Le th\u00e9 Earl Grey est l'un des th\u00e9s les plus r\u00e9put\u00e9s au monde. Il s'agit d'un th\u00e9 noir fort au go\u00fbt intense. Qualit\u00e9 sup\u00e9rieure.\",\"breadcrumb\":{\"@id\":\"https:\\\/\\\/www.sempertea.eu\\\/fr\\\/earl-grey-the-noir-bio-bergamote-pour-amateurs-de-the\\\/#breadcrumb\"},\"inLanguage\":\"fr-FR\",\"potentialAction\":[{\"@type\":\"ReadAction\",\"target\":[\"https:\\\/\\\/www.sempertea.eu\\\/fr\\\/earl-grey-the-noir-bio-bergamote-pour-amateurs-de-the\\\/\"]}]},{\"@type\":\"ImageObject\",\"inLanguage\":\"fr-FR\",\"@id\":\"https:\\\/\\\/www.sempertea.eu\\\/fr\\\/earl-grey-the-noir-bio-bergamote-pour-amateurs-de-the\\\/#primaryimage\",\"url\":\"https:\\\/\\\/www.sempertea.eu\\\/wp-content\\\/uploads\\\/2025\\\/07\\\/earl-grey-te-ecologico-tarro-gourmet-regalo-semper-tea-1.jpg\",\"contentUrl\":\"https:\\\/\\\/www.sempertea.eu\\\/wp-content\\\/uploads\\\/2025\\\/07\\\/earl-grey-te-ecologico-tarro-gourmet-regalo-semper-tea-1.jpg\",\"width\":1000,\"height\":1000,\"caption\":\"T\u00e9 Earl Grey ecol\u00f3gico en hoja suelta \u2013 Tarro de cristal ideal para tiendas gourmet\"},{\"@type\":\"BreadcrumbList\",\"@id\":\"https:\\\/\\\/www.sempertea.eu\\\/fr\\\/earl-grey-the-noir-bio-bergamote-pour-amateurs-de-the\\\/#breadcrumb\",\"itemListElement\":[{\"@type\":\"ListItem\",\"position\":1,\"name\":\"Portada\",\"item\":\"https:\\\/\\\/www.sempertea.eu\\\/\"},{\"@type\":\"ListItem\",\"position\":2,\"name\":\"Tienda\",\"item\":\"https:\\\/\\\/www.sempertea.eu\\\/tienda\\\/\"},{\"@type\":\"ListItem\",\"position\":3,\"name\":\"EARL GREY NOBLE th\u00e9 noir bio \u00e0 la bergamote | Classique et raffin\u00e9\"}]},{\"@type\":\"WebSite\",\"@id\":\"https:\\\/\\\/www.sempertea.eu\\\/#website\",\"url\":\"https:\\\/\\\/www.sempertea.eu\\\/\",\"name\":\"Semper Tea | Mayorista y fabricante de T\u00e9s e Infusiones para hoteles, restaurantes y bares\",\"description\":\"T\u00e9s e infusiones para hosteler\u00eda, hoteler\u00eda y comercio\",\"potentialAction\":[{\"@type\":\"SearchAction\",\"target\":{\"@type\":\"EntryPoint\",\"urlTemplate\":\"https:\\\/\\\/www.sempertea.eu\\\/?s={search_term_string}\"},\"query-input\":{\"@type\":\"PropertyValueSpecification\",\"valueRequired\":true,\"valueName\":\"search_term_string\"}}],\"inLanguage\":\"fr-FR\"}]}<\/script>\n<!-- \/ Yoast SEO Premium plugin. -->","yoast_head_json":{"title":"Th\u00e9 Earl Grey biologique \u00e0 la Bergamote Premium pour amateurs de th\u00e9","description":"Le th\u00e9 Earl Grey est l'un des th\u00e9s les plus r\u00e9put\u00e9s au monde. Il s'agit d'un th\u00e9 noir fort au go\u00fbt intense. Qualit\u00e9 sup\u00e9rieure.","robots":{"index":"index","follow":"follow","max-snippet":"max-snippet:-1","max-image-preview":"max-image-preview:large","max-video-preview":"max-video-preview:-1"},"canonical":"https:\/\/www.sempertea.eu\/fr\/earl-grey-the-noir-bio-bergamote-pour-amateurs-de-the\/","og_locale":"fr_FR","og_type":"article","og_title":"EARL GREY NOBLE th\u00e9 noir bio \u00e0 la bergamote | Classique et raffin\u00e9","og_description":"Le th\u00e9 Earl Grey est l'un des th\u00e9s les plus r\u00e9put\u00e9s au monde. Il s'agit d'un th\u00e9 noir fort au go\u00fbt intense. Qualit\u00e9 sup\u00e9rieure.","og_url":"https:\/\/www.sempertea.eu\/fr\/earl-grey-the-noir-bio-bergamote-pour-amateurs-de-the\/","og_site_name":"Semper Tea | Mayorista y fabricante de T\u00e9s e Infusiones para hoteles, restaurantes y bares","article_modified_time":"2025-07-13T22:04:17+00:00","og_image":[{"width":1000,"height":1000,"url":"https:\/\/www.sempertea.eu\/wp-content\/uploads\/2025\/07\/earl-grey-te-ecologico-tarro-gourmet-regalo-semper-tea-1.jpg","type":"image\/jpeg"}],"twitter_card":"summary_large_image","twitter_misc":{"Dur\u00e9e de lecture estim\u00e9e":"2 minutes"},"schema":{"@context":"https:\/\/schema.org","@graph":[{"@type":"WebPage","@id":"https:\/\/www.sempertea.eu\/fr\/earl-grey-the-noir-bio-bergamote-pour-amateurs-de-the\/","url":"https:\/\/www.sempertea.eu\/fr\/earl-grey-the-noir-bio-bergamote-pour-amateurs-de-the\/","name":"Th\u00e9 Earl Grey biologique \u00e0 la Bergamote Premium pour amateurs de th\u00e9","isPartOf":{"@id":"https:\/\/www.sempertea.eu\/#website"},"primaryImageOfPage":{"@id":"https:\/\/www.sempertea.eu\/fr\/earl-grey-the-noir-bio-bergamote-pour-amateurs-de-the\/#primaryimage"},"image":{"@id":"https:\/\/www.sempertea.eu\/fr\/earl-grey-the-noir-bio-bergamote-pour-amateurs-de-the\/#primaryimage"},"thumbnailUrl":"https:\/\/www.sempertea.eu\/wp-content\/uploads\/2025\/07\/earl-grey-te-ecologico-tarro-gourmet-regalo-semper-tea-1.jpg","datePublished":"2025-07-13T21:58:05+00:00","dateModified":"2025-07-13T22:04:17+00:00","description":"Le th\u00e9 Earl Grey est l'un des th\u00e9s les plus r\u00e9put\u00e9s au monde. Il s'agit d'un th\u00e9 noir fort au go\u00fbt intense. Qualit\u00e9 sup\u00e9rieure.","breadcrumb":{"@id":"https:\/\/www.sempertea.eu\/fr\/earl-grey-the-noir-bio-bergamote-pour-amateurs-de-the\/#breadcrumb"},"inLanguage":"fr-FR","potentialAction":[{"@type":"ReadAction","target":["https:\/\/www.sempertea.eu\/fr\/earl-grey-the-noir-bio-bergamote-pour-amateurs-de-the\/"]}]},{"@type":"ImageObject","inLanguage":"fr-FR","@id":"https:\/\/www.sempertea.eu\/fr\/earl-grey-the-noir-bio-bergamote-pour-amateurs-de-the\/#primaryimage","url":"https:\/\/www.sempertea.eu\/wp-content\/uploads\/2025\/07\/earl-grey-te-ecologico-tarro-gourmet-regalo-semper-tea-1.jpg","contentUrl":"https:\/\/www.sempertea.eu\/wp-content\/uploads\/2025\/07\/earl-grey-te-ecologico-tarro-gourmet-regalo-semper-tea-1.jpg","width":1000,"height":1000,"caption":"T\u00e9 Earl Grey ecol\u00f3gico en hoja suelta \u2013 Tarro de cristal ideal para tiendas gourmet"},{"@type":"BreadcrumbList","@id":"https:\/\/www.sempertea.eu\/fr\/earl-grey-the-noir-bio-bergamote-pour-amateurs-de-the\/#breadcrumb","itemListElement":[{"@type":"ListItem","position":1,"name":"Portada","item":"https:\/\/www.sempertea.eu\/"},{"@type":"ListItem","position":2,"name":"Tienda","item":"https:\/\/www.sempertea.eu\/tienda\/"},{"@type":"ListItem","position":3,"name":"EARL GREY NOBLE th\u00e9 noir bio \u00e0 la bergamote | Classique et raffin\u00e9"}]},{"@type":"WebSite","@id":"https:\/\/www.sempertea.eu\/#website","url":"https:\/\/www.sempertea.eu\/","name":"Semper Tea | Mayorista y fabricante de T\u00e9s e Infusiones para hoteles, restaurantes y bares","description":"T\u00e9s e infusiones para hosteler\u00eda, hoteler\u00eda y comercio","potentialAction":[{"@type":"SearchAction","target":{"@type":"EntryPoint","urlTemplate":"https:\/\/www.sempertea.eu\/?s={search_term_string}"},"query-input":{"@type":"PropertyValueSpecification","valueRequired":true,"valueName":"search_term_string"}}],"inLanguage":"fr-FR"}]}},"_links":{"self":[{"href":"https:\/\/www.sempertea.eu\/fr\/wp-json\/wp\/v2\/product\/17012","targetHints":{"allow":["GET"]}}],"collection":[{"href":"https:\/\/www.sempertea.eu\/fr\/wp-json\/wp\/v2\/product"}],"about":[{"href":"https:\/\/www.sempertea.eu\/fr\/wp-json\/wp\/v2\/types\/product"}],"replies":[{"embeddable":true,"href":"https:\/\/www.sempertea.eu\/fr\/wp-json\/wp\/v2\/comments?post=17012"}],"wp:featuredmedia":[{"embeddable":true,"href":"https:\/\/www.sempertea.eu\/fr\/wp-json\/wp\/v2\/media\/16889"}],"wp:attachment":[{"href":"https:\/\/www.sempertea.eu\/fr\/wp-json\/wp\/v2\/media?parent=17012"}],"wp:term":[{"taxonomy":"product_brand","embeddable":true,"href":"https:\/\/www.sempertea.eu\/fr\/wp-json\/wp\/v2\/product_brand?post=17012"},{"taxonomy":"product_cat","embeddable":true,"href":"https:\/\/www.sempertea.eu\/fr\/wp-json\/wp\/v2\/product_cat?post=17012"},{"taxonomy":"product_tag","embeddable":true,"href":"https:\/\/www.sempertea.eu\/fr\/wp-json\/wp\/v2\/product_tag?post=17012"}],"curies":[{"name":"wp","href":"https:\/\/api.w.org\/{rel}","templated":true}]}}