{"id":16630,"date":"2025-06-19T16:45:25","date_gmt":"2025-06-30T13:00:52","guid":{"rendered":"https:\/\/www.sempertea.eu\/coffret-cadeau-refill-chill-thes-bio-et-bouteille-isotherme\/"},"modified":"2025-06-30T15:00:52","modified_gmt":"2025-06-30T13:00:52","slug":"coffret-cadeau-refill-chill-thes-bio-et-bouteille-isotherme","status":"publish","type":"product","link":"https:\/\/www.sempertea.eu\/fr\/coffret-cadeau-refill-chill-thes-bio-et-bouteille-isotherme\/","title":{"rendered":"Coffret Cadeau REFILL &amp; CHILL | Th\u00e9s bio et bouteille isotherme"},"content":{"rendered":"<h2>Coffret cadeau de th\u00e9s et infusions bio avec bouteille et tote bag | Refill &amp; Chill<\/h2>\n<p>Offrez bien-\u00eatre et durabilit\u00e9 dans un seul coffret. Le Coffret Cadeau Refill &amp; Chill est une id\u00e9e originale pour ceux qui souhaitent surprendre avec un cadeau significatif et responsable. Id\u00e9al pour offrir du th\u00e9 et des infusions lors de toute occasion sp\u00e9ciale.  <\/p>\n<p>Comprend :<\/p>\n<p><strong>Th\u00e9s et infusions bio de haute qualit\u00e9 :<\/strong><\/p>\n<p><a href=\"https:\/\/www.sempertea.eu\/comprar-tisana-manzanilla-en-bolsa\/\"><strong>Infusion de camomille bio<\/strong><\/a> : apaisante, douce, parfaite pour se d\u00e9tendre.<\/p>\n<p><a href=\"https:\/\/www.sempertea.eu\/te-rooibos-ecologico-en-sobre-comprar-te-organico\/\"><strong>Rooibos <\/strong><\/a>bio : sans caf\u00e9ine, saveur douce et r\u00e9confortante.<\/p>\n<p>Th\u00e9 <a href=\"https:\/\/www.sempertea.eu\/te-verde-en-bolsitas-clasicas-green-tea\/\"><strong>vert <\/strong><\/a>classique bio : antioxydant et revitalisant.<\/p>\n<p><strong>Bouteille isotherme en verre LONDON (500 ml) :<\/strong><br \/>\nCon\u00e7ue en verre borosilicate r\u00e9sistant \u00e0 la chaleur, avec un couvercle en acier inoxydable, un bouchon viss\u00e9 s\u00e9curis\u00e9 et une poign\u00e9e de transport. Design multicolore moderne, compatible avec le micro-ondes. L\u2019option id\u00e9ale pour emporter vos infusions ou savourer un th\u00e9 avec style et praticit\u00e9.  <\/p>\n<p><strong>Tote bag en coton recycl\u00e9 :<\/strong><br \/>\nUn sac \u00e9cologique et durable, parfait pour transporter vos infusions ou comme pochette pour le th\u00e9 en d\u00e9placement. Une alternative durable pour compl\u00e9ter votre kit \u00e0 th\u00e9. <\/p>\n<p>Soigneusement pr\u00e9sent\u00e9, ce coffret de th\u00e9s et infusions est parfait comme cadeau pour les amateurs de th\u00e9, les passionn\u00e9s d\u2019infusions et pour des moments uniques. Id\u00e9al pour un anniversaire, un anniversaire de mariage, la f\u00eate des m\u00e8res ou simplement pour offrir du th\u00e9 avec affection. <\/p>\n<p data-start=\"1531\" data-end=\"1667\">Un <strong data-start=\"1674\" data-end=\"1766\">cadeau <\/strong>qui transmet de l\u2019affection, du respect pour la plan\u00e8te et une passion pour les bons moments.D\u00e9couvrez plus d\u2019id\u00e9es dans notre collection de <a href=\"https:\/\/www.sempertea.eu\/fr\/cadeaux\/\" target=\"_blank\" rel=\"noopener\">cadeaux <\/a>originaux autour du th\u00e9.<\/p>\n","protected":false},"excerpt":{"rendered":"<p>Un cadeau \u00e0 l\u2019\u00e2me \u00e9cologique pour savourer le th\u00e9 avec \u00e9l\u00e9gance et conscience. Comprend : <\/p>\n<p><strong>Camomille <\/strong>bio : douce et relaxante.<\/p>\n<p><strong>Rooibos<\/strong> bio : sans caf\u00e9ine, doux et r\u00e9confortant.<\/p>\n<p>Th\u00e9 <strong>vert <\/strong>bio : antioxydant et revitalisant.<\/p>\n<p><strong>Bouteille <\/strong>isotherme en verre (500 ml) : r\u00e9sistante et moderne, id\u00e9ale pour emporter vos infusions.<\/p>\n<p><strong>Tote bag<\/strong> en coton recycl\u00e9 : pratique et durable.<\/p>\n<p>Soigneusement pr\u00e9sent\u00e9, id\u00e9al pour un anniversaire, un remerciement ou une attention sp\u00e9ciale.<\/p>\n","protected":false},"featured_media":15216,"comment_status":"open","ping_status":"closed","template":"","meta":[],"product_brand":[],"product_cat":[365,313,371,367,364,366,370,316],"product_tag":[368],"class_list":{"0":"post-16630","1":"product","2":"type-product","3":"status-publish","4":"has-post-thumbnail","6":"product_cat-amoureux-du-the-tea-lover","7":"product_cat-cadeaux","8":"product_cat-cadeaux-de-la-saint-valentin","9":"product_cat-details-de-lanniversaire","10":"product_cat-idees-pour-la-fete-des-peres","11":"product_cat-offrir-a-noel","12":"product_cat-packs-fete-des-meres","13":"product_cat-uncategorized-fr","14":"product_tag-packs-et-cadeaux-pour-les-amateurs-de-the","16":"first","17":"instock","18":"shipping-taxable","19":"purchasable","20":"product-type-simple"},"yoast_head":"<!-- This site is optimized with the Yoast SEO Premium plugin v27.3 (Yoast SEO v27.4) - https:\/\/yoast.com\/product\/yoast-seo-premium-wordpress\/ -->\n<title>Coffret Cadeau Infusions Bio Bouteille et Tote Bag | Refill &amp; Chill<\/title>\n<meta name=\"description\" content=\"coffret cadeau avec th\u00e9s bio et bouteille isotherme en verre. Un ensemble moderne et durable pour savourer le th\u00e9 \u00e0 tout moment.\" \/>\n<meta name=\"robots\" content=\"index, follow, max-snippet:-1, max-image-preview:large, max-video-preview:-1\" \/>\n<link rel=\"canonical\" href=\"https:\/\/www.sempertea.eu\/fr\/coffret-cadeau-refill-chill-thes-bio-et-bouteille-isotherme\/\" \/>\n<meta property=\"og:locale\" content=\"fr_FR\" \/>\n<meta property=\"og:type\" content=\"article\" \/>\n<meta property=\"og:title\" content=\"Coffret Cadeau REFILL &amp; CHILL | Th\u00e9s bio et bouteille isotherme\" \/>\n<meta property=\"og:description\" content=\"coffret cadeau avec th\u00e9s bio et bouteille isotherme en verre. Un ensemble moderne et durable pour savourer le th\u00e9 \u00e0 tout moment.\" \/>\n<meta property=\"og:url\" content=\"https:\/\/www.sempertea.eu\/fr\/coffret-cadeau-refill-chill-thes-bio-et-bouteille-isotherme\/\" \/>\n<meta property=\"og:site_name\" content=\"Semper Tea | Mayorista y fabricante de T\u00e9s e Infusiones para hoteles, restaurantes y bares\" \/>\n<meta property=\"og:image\" content=\"https:\/\/www.sempertea.eu\/wp-content\/uploads\/2025\/04\/pack-de-regalo-tes-ecologicos-y-botella-termica-01.jpg\" \/>\n\t<meta property=\"og:image:width\" content=\"1000\" \/>\n\t<meta property=\"og:image:height\" content=\"1000\" \/>\n\t<meta property=\"og:image:type\" content=\"image\/jpeg\" \/>\n<meta name=\"twitter:card\" content=\"summary_large_image\" \/>\n<meta name=\"twitter:label1\" content=\"Dur\u00e9e de lecture estim\u00e9e\" \/>\n\t<meta name=\"twitter:data1\" content=\"1 minute\" \/>\n<script type=\"application\/ld+json\" class=\"yoast-schema-graph\">{\"@context\":\"https:\\\/\\\/schema.org\",\"@graph\":[{\"@type\":\"WebPage\",\"@id\":\"https:\\\/\\\/www.sempertea.eu\\\/fr\\\/coffret-cadeau-refill-chill-thes-bio-et-bouteille-isotherme\\\/\",\"url\":\"https:\\\/\\\/www.sempertea.eu\\\/fr\\\/coffret-cadeau-refill-chill-thes-bio-et-bouteille-isotherme\\\/\",\"name\":\"Coffret Cadeau Infusions Bio Bouteille et Tote Bag | Refill & Chill\",\"isPartOf\":{\"@id\":\"https:\\\/\\\/www.sempertea.eu\\\/#website\"},\"primaryImageOfPage\":{\"@id\":\"https:\\\/\\\/www.sempertea.eu\\\/fr\\\/coffret-cadeau-refill-chill-thes-bio-et-bouteille-isotherme\\\/#primaryimage\"},\"image\":{\"@id\":\"https:\\\/\\\/www.sempertea.eu\\\/fr\\\/coffret-cadeau-refill-chill-thes-bio-et-bouteille-isotherme\\\/#primaryimage\"},\"thumbnailUrl\":\"https:\\\/\\\/www.sempertea.eu\\\/wp-content\\\/uploads\\\/2025\\\/04\\\/pack-de-regalo-tes-ecologicos-y-botella-termica-01.jpg\",\"datePublished\":\"2025-06-30T13:00:52+00:00\",\"description\":\"coffret cadeau avec th\u00e9s bio et bouteille isotherme en verre. Un ensemble moderne et durable pour savourer le th\u00e9 \u00e0 tout moment.\",\"breadcrumb\":{\"@id\":\"https:\\\/\\\/www.sempertea.eu\\\/fr\\\/coffret-cadeau-refill-chill-thes-bio-et-bouteille-isotherme\\\/#breadcrumb\"},\"inLanguage\":\"fr-FR\",\"potentialAction\":[{\"@type\":\"ReadAction\",\"target\":[\"https:\\\/\\\/www.sempertea.eu\\\/fr\\\/coffret-cadeau-refill-chill-thes-bio-et-bouteille-isotherme\\\/\"]}]},{\"@type\":\"ImageObject\",\"inLanguage\":\"fr-FR\",\"@id\":\"https:\\\/\\\/www.sempertea.eu\\\/fr\\\/coffret-cadeau-refill-chill-thes-bio-et-bouteille-isotherme\\\/#primaryimage\",\"url\":\"https:\\\/\\\/www.sempertea.eu\\\/wp-content\\\/uploads\\\/2025\\\/04\\\/pack-de-regalo-tes-ecologicos-y-botella-termica-01.jpg\",\"contentUrl\":\"https:\\\/\\\/www.sempertea.eu\\\/wp-content\\\/uploads\\\/2025\\\/04\\\/pack-de-regalo-tes-ecologicos-y-botella-termica-01.jpg\",\"width\":1000,\"height\":1000,\"caption\":\"pack de regalo tes ecologicos y botella termica\"},{\"@type\":\"BreadcrumbList\",\"@id\":\"https:\\\/\\\/www.sempertea.eu\\\/fr\\\/coffret-cadeau-refill-chill-thes-bio-et-bouteille-isotherme\\\/#breadcrumb\",\"itemListElement\":[{\"@type\":\"ListItem\",\"position\":1,\"name\":\"Portada\",\"item\":\"https:\\\/\\\/www.sempertea.eu\\\/\"},{\"@type\":\"ListItem\",\"position\":2,\"name\":\"Tienda\",\"item\":\"https:\\\/\\\/www.sempertea.eu\\\/tienda\\\/\"},{\"@type\":\"ListItem\",\"position\":3,\"name\":\"Coffret Cadeau REFILL &amp; CHILL | Th\u00e9s bio et bouteille isotherme\"}]},{\"@type\":\"WebSite\",\"@id\":\"https:\\\/\\\/www.sempertea.eu\\\/#website\",\"url\":\"https:\\\/\\\/www.sempertea.eu\\\/\",\"name\":\"Semper Tea | Mayorista y fabricante de T\u00e9s e Infusiones para hoteles, restaurantes y bares\",\"description\":\"T\u00e9s e infusiones para hosteler\u00eda, hoteler\u00eda y comercio\",\"potentialAction\":[{\"@type\":\"SearchAction\",\"target\":{\"@type\":\"EntryPoint\",\"urlTemplate\":\"https:\\\/\\\/www.sempertea.eu\\\/?s={search_term_string}\"},\"query-input\":{\"@type\":\"PropertyValueSpecification\",\"valueRequired\":true,\"valueName\":\"search_term_string\"}}],\"inLanguage\":\"fr-FR\"}]}<\/script>\n<!-- \/ Yoast SEO Premium plugin. -->","yoast_head_json":{"title":"Coffret Cadeau Infusions Bio Bouteille et Tote Bag | Refill & Chill","description":"coffret cadeau avec th\u00e9s bio et bouteille isotherme en verre. Un ensemble moderne et durable pour savourer le th\u00e9 \u00e0 tout moment.","robots":{"index":"index","follow":"follow","max-snippet":"max-snippet:-1","max-image-preview":"max-image-preview:large","max-video-preview":"max-video-preview:-1"},"canonical":"https:\/\/www.sempertea.eu\/fr\/coffret-cadeau-refill-chill-thes-bio-et-bouteille-isotherme\/","og_locale":"fr_FR","og_type":"article","og_title":"Coffret Cadeau REFILL &amp; CHILL | Th\u00e9s bio et bouteille isotherme","og_description":"coffret cadeau avec th\u00e9s bio et bouteille isotherme en verre. Un ensemble moderne et durable pour savourer le th\u00e9 \u00e0 tout moment.","og_url":"https:\/\/www.sempertea.eu\/fr\/coffret-cadeau-refill-chill-thes-bio-et-bouteille-isotherme\/","og_site_name":"Semper Tea | Mayorista y fabricante de T\u00e9s e Infusiones para hoteles, restaurantes y bares","og_image":[{"width":1000,"height":1000,"url":"https:\/\/www.sempertea.eu\/wp-content\/uploads\/2025\/04\/pack-de-regalo-tes-ecologicos-y-botella-termica-01.jpg","type":"image\/jpeg"}],"twitter_card":"summary_large_image","twitter_misc":{"Dur\u00e9e de lecture estim\u00e9e":"1 minute"},"schema":{"@context":"https:\/\/schema.org","@graph":[{"@type":"WebPage","@id":"https:\/\/www.sempertea.eu\/fr\/coffret-cadeau-refill-chill-thes-bio-et-bouteille-isotherme\/","url":"https:\/\/www.sempertea.eu\/fr\/coffret-cadeau-refill-chill-thes-bio-et-bouteille-isotherme\/","name":"Coffret Cadeau Infusions Bio Bouteille et Tote Bag | Refill & Chill","isPartOf":{"@id":"https:\/\/www.sempertea.eu\/#website"},"primaryImageOfPage":{"@id":"https:\/\/www.sempertea.eu\/fr\/coffret-cadeau-refill-chill-thes-bio-et-bouteille-isotherme\/#primaryimage"},"image":{"@id":"https:\/\/www.sempertea.eu\/fr\/coffret-cadeau-refill-chill-thes-bio-et-bouteille-isotherme\/#primaryimage"},"thumbnailUrl":"https:\/\/www.sempertea.eu\/wp-content\/uploads\/2025\/04\/pack-de-regalo-tes-ecologicos-y-botella-termica-01.jpg","datePublished":"2025-06-30T13:00:52+00:00","description":"coffret cadeau avec th\u00e9s bio et bouteille isotherme en verre. Un ensemble moderne et durable pour savourer le th\u00e9 \u00e0 tout moment.","breadcrumb":{"@id":"https:\/\/www.sempertea.eu\/fr\/coffret-cadeau-refill-chill-thes-bio-et-bouteille-isotherme\/#breadcrumb"},"inLanguage":"fr-FR","potentialAction":[{"@type":"ReadAction","target":["https:\/\/www.sempertea.eu\/fr\/coffret-cadeau-refill-chill-thes-bio-et-bouteille-isotherme\/"]}]},{"@type":"ImageObject","inLanguage":"fr-FR","@id":"https:\/\/www.sempertea.eu\/fr\/coffret-cadeau-refill-chill-thes-bio-et-bouteille-isotherme\/#primaryimage","url":"https:\/\/www.sempertea.eu\/wp-content\/uploads\/2025\/04\/pack-de-regalo-tes-ecologicos-y-botella-termica-01.jpg","contentUrl":"https:\/\/www.sempertea.eu\/wp-content\/uploads\/2025\/04\/pack-de-regalo-tes-ecologicos-y-botella-termica-01.jpg","width":1000,"height":1000,"caption":"pack de regalo tes ecologicos y botella termica"},{"@type":"BreadcrumbList","@id":"https:\/\/www.sempertea.eu\/fr\/coffret-cadeau-refill-chill-thes-bio-et-bouteille-isotherme\/#breadcrumb","itemListElement":[{"@type":"ListItem","position":1,"name":"Portada","item":"https:\/\/www.sempertea.eu\/"},{"@type":"ListItem","position":2,"name":"Tienda","item":"https:\/\/www.sempertea.eu\/tienda\/"},{"@type":"ListItem","position":3,"name":"Coffret Cadeau REFILL &amp; CHILL | Th\u00e9s bio et bouteille isotherme"}]},{"@type":"WebSite","@id":"https:\/\/www.sempertea.eu\/#website","url":"https:\/\/www.sempertea.eu\/","name":"Semper Tea | Mayorista y fabricante de T\u00e9s e Infusiones para hoteles, restaurantes y bares","description":"T\u00e9s e infusiones para hosteler\u00eda, hoteler\u00eda y comercio","potentialAction":[{"@type":"SearchAction","target":{"@type":"EntryPoint","urlTemplate":"https:\/\/www.sempertea.eu\/?s={search_term_string}"},"query-input":{"@type":"PropertyValueSpecification","valueRequired":true,"valueName":"search_term_string"}}],"inLanguage":"fr-FR"}]}},"_links":{"self":[{"href":"https:\/\/www.sempertea.eu\/fr\/wp-json\/wp\/v2\/product\/16630","targetHints":{"allow":["GET"]}}],"collection":[{"href":"https:\/\/www.sempertea.eu\/fr\/wp-json\/wp\/v2\/product"}],"about":[{"href":"https:\/\/www.sempertea.eu\/fr\/wp-json\/wp\/v2\/types\/product"}],"replies":[{"embeddable":true,"href":"https:\/\/www.sempertea.eu\/fr\/wp-json\/wp\/v2\/comments?post=16630"}],"wp:featuredmedia":[{"embeddable":true,"href":"https:\/\/www.sempertea.eu\/fr\/wp-json\/wp\/v2\/media\/15216"}],"wp:attachment":[{"href":"https:\/\/www.sempertea.eu\/fr\/wp-json\/wp\/v2\/media?parent=16630"}],"wp:term":[{"taxonomy":"product_brand","embeddable":true,"href":"https:\/\/www.sempertea.eu\/fr\/wp-json\/wp\/v2\/product_brand?post=16630"},{"taxonomy":"product_cat","embeddable":true,"href":"https:\/\/www.sempertea.eu\/fr\/wp-json\/wp\/v2\/product_cat?post=16630"},{"taxonomy":"product_tag","embeddable":true,"href":"https:\/\/www.sempertea.eu\/fr\/wp-json\/wp\/v2\/product_tag?post=16630"}],"curies":[{"name":"wp","href":"https:\/\/api.w.org\/{rel}","templated":true}]}}