{"id":16460,"date":"2025-06-09T11:05:23","date_gmt":"2025-06-09T09:05:23","guid":{"rendered":"https:\/\/www.sempertea.eu\/ginger-lemon-infusion-biologique-au-gingembre-et-au-citron-i-en-vrac-en-sachet\/"},"modified":"2025-07-19T16:56:12","modified_gmt":"2025-07-19T14:56:12","slug":"ginger-lemon-infusion-biologique-au-gingembre-et-au-citron-i-en-vrac-en-sachet","status":"publish","type":"product","link":"https:\/\/www.sempertea.eu\/fr\/ginger-lemon-infusion-biologique-au-gingembre-et-au-citron-i-en-vrac-en-sachet\/","title":{"rendered":"GINGER LEMON infusion biologique au gingembre et au citron I En vrac en sachet"},"content":{"rendered":"<h2>Infusion de gingembre et citron bio en vrac \u2013 Puret\u00e9, puissance et bien-\u00eatre naturel<\/h2>\n<p>Une infusion intense, polyvalente et sans artifices. Notre gingembre 100 % biologique en vrac est destin\u00e9 \u00e0 ceux qui appr\u00e9cient les ingr\u00e9dients purs et efficaces. Sans m\u00e9langes, sans additifs, uniquement du gingembre d\u00e9shydrat\u00e9 coup\u00e9 en petits morceaux pour une infusion riche en ar\u00f4me, en saveur et en propri\u00e9t\u00e9s.  <\/p>\n<p>Id\u00e9al pour les herboristeries, les magasins vendant des produits en vrac, les caf\u00e9s et les \u00e9tablissements h\u00f4teliers qui misent sur des produits durables, sains et de haute qualit\u00e9.<\/p>\n<p><strong>Ingr\u00e9dient unique<\/strong><\/p>\n<ul>\n<li>Gingembre d\u00e9shydrat\u00e9 100 % biologique<\/li>\n<li>Sans pesticides, sans ar\u00f4mes ajout\u00e9s<\/li>\n<li>Naturellement sans th\u00e9ine<\/li>\n<\/ul>\n<p><strong>Caract\u00e9ristiques principales<\/strong><\/p>\n<ul>\n<li>Favorise la digestion et le confort gastrique<\/li>\n<li>Apporte chaleur et bien-\u00eatre, surtout pendant les journ\u00e9es froides.<\/li>\n<li>Stimule naturellement sans excitant<\/li>\n<\/ul>\n<p><strong>Polyvalence et utilisation<\/strong><\/p>\n<ul>\n<li>Id\u00e9al pour infuser seul ou avec du citron, de la menthe ou du miel.<\/li>\n<li>Parfaite pour la saison hivernale ou comme infusion apr\u00e8s les repas.<\/li>\n<li>Convient \u00e0 tout moment de la journ\u00e9e<\/li>\n<\/ul>\n<p><strong>Format : En vrac<\/strong><\/p>\n<ul>\n<li>Produit au poids : disponible en sachets kraft de 50 g, 250 g et 1 kg.<\/li>\n<li>Pratique pour personnaliser les doses et r\u00e9duire les d\u00e9chets<\/li>\n<\/ul>\n<p><strong>Mode de pr\u00e9paration<\/strong> : ajouter 1 cuill\u00e8re \u00e0 caf\u00e9 par tasse. Laisser infuser 5 \u00e0 7 minutes dans de l&rsquo;eau chaude. <\/p>\n","protected":false},"excerpt":{"rendered":"<p data-start=\"658\" data-end=\"824\"><strong>Infusion de gingembre et citron bio en vrac<\/strong><\/p>\n<p data-start=\"658\" data-end=\"824\">Gingembre 100 % biologique, d\u00e9shydrat\u00e9 et sans th\u00e9ine. Une infusion intense et naturelle, parfaite pour faciliter la digestion et apporter une sensation de bien-\u00eatre. Id\u00e9ale pour les caf\u00e9s, les magasins vendant des produits en vrac et les amateurs de saveurs authentiques.  <\/p>\n","protected":false},"featured_media":16122,"comment_status":"open","ping_status":"closed","template":"","meta":[],"product_brand":[],"product_cat":[380,309,315,283,312,310,316],"product_tag":[322],"class_list":{"0":"post-16460","1":"product","2":"type-product","3":"status-publish","4":"has-post-thumbnail","6":"product_cat-the-bio-en-vrac-grossiste-vente-en-ligne","7":"product_cat-collections","8":"product_cat-acheter-du-the-en-vrac-biologique","9":"product_cat-thes-et-infusions-biologiques-de-qualite","10":"product_cat-tous-fr-2","11":"product_cat-tous","12":"product_cat-uncategorized-fr","13":"product_tag-the-de-feuilles-ou-the-de-fleurs-entieres","15":"first","16":"instock","17":"shipping-taxable","18":"purchasable","19":"product-type-variable"},"yoast_head":"<!-- This site is optimized with the Yoast SEO Premium plugin v27.3 (Yoast SEO v27.4) - https:\/\/yoast.com\/product\/yoast-seo-premium-wordpress\/ -->\n<title>Infusion de gingembre et citron en vrac biologique | Naturelle et sans th\u00e9ine<\/title>\n<meta name=\"description\" content=\"Infusion de gingembre biologique en vrac. Gingembre pur, sans additifs ni th\u00e9ine, pour les magasins, les caf\u00e9s et l&#039;h\u00f4tellerie, ou \u00e0 la maison. Saveur intense et propri\u00e9t\u00e9s digestives.\" \/>\n<meta name=\"robots\" content=\"index, follow, max-snippet:-1, max-image-preview:large, max-video-preview:-1\" \/>\n<link rel=\"canonical\" href=\"https:\/\/www.sempertea.eu\/fr\/ginger-lemon-infusion-biologique-au-gingembre-et-au-citron-i-en-vrac-en-sachet\/\" \/>\n<meta property=\"og:locale\" content=\"fr_FR\" \/>\n<meta property=\"og:type\" content=\"article\" \/>\n<meta property=\"og:title\" content=\"GINGER LEMON infusion biologique au gingembre et au citron I En vrac en sachet\" \/>\n<meta property=\"og:description\" content=\"Infusion de gingembre biologique en vrac. Gingembre pur, sans additifs ni th\u00e9ine, pour les magasins, les caf\u00e9s et l&#039;h\u00f4tellerie, ou \u00e0 la maison. Saveur intense et propri\u00e9t\u00e9s digestives.\" \/>\n<meta property=\"og:url\" content=\"https:\/\/www.sempertea.eu\/fr\/ginger-lemon-infusion-biologique-au-gingembre-et-au-citron-i-en-vrac-en-sachet\/\" \/>\n<meta property=\"og:site_name\" content=\"Semper Tea | Mayorista y fabricante de T\u00e9s e Infusiones para hoteles, restaurantes y bares\" \/>\n<meta property=\"article:modified_time\" content=\"2025-07-19T14:56:12+00:00\" \/>\n<meta property=\"og:image\" content=\"https:\/\/www.sempertea.eu\/wp-content\/uploads\/2025\/06\/infusion-jengibre-limon-granel-citrica-vitalizante-semper-tea-1.jpg\" \/>\n\t<meta property=\"og:image:width\" content=\"714\" \/>\n\t<meta property=\"og:image:height\" content=\"714\" \/>\n\t<meta property=\"og:image:type\" content=\"image\/jpeg\" \/>\n<meta name=\"twitter:card\" content=\"summary_large_image\" \/>\n<meta name=\"twitter:label1\" content=\"Dur\u00e9e de lecture estim\u00e9e\" \/>\n\t<meta name=\"twitter:data1\" content=\"2 minutes\" \/>\n<script type=\"application\/ld+json\" class=\"yoast-schema-graph\">{\"@context\":\"https:\\\/\\\/schema.org\",\"@graph\":[{\"@type\":\"WebPage\",\"@id\":\"https:\\\/\\\/www.sempertea.eu\\\/fr\\\/ginger-lemon-infusion-biologique-au-gingembre-et-au-citron-i-en-vrac-en-sachet\\\/\",\"url\":\"https:\\\/\\\/www.sempertea.eu\\\/fr\\\/ginger-lemon-infusion-biologique-au-gingembre-et-au-citron-i-en-vrac-en-sachet\\\/\",\"name\":\"Infusion de gingembre et citron en vrac biologique | Naturelle et sans th\u00e9ine\",\"isPartOf\":{\"@id\":\"https:\\\/\\\/www.sempertea.eu\\\/#website\"},\"primaryImageOfPage\":{\"@id\":\"https:\\\/\\\/www.sempertea.eu\\\/fr\\\/ginger-lemon-infusion-biologique-au-gingembre-et-au-citron-i-en-vrac-en-sachet\\\/#primaryimage\"},\"image\":{\"@id\":\"https:\\\/\\\/www.sempertea.eu\\\/fr\\\/ginger-lemon-infusion-biologique-au-gingembre-et-au-citron-i-en-vrac-en-sachet\\\/#primaryimage\"},\"thumbnailUrl\":\"https:\\\/\\\/www.sempertea.eu\\\/wp-content\\\/uploads\\\/2025\\\/06\\\/infusion-jengibre-limon-granel-citrica-vitalizante-semper-tea-1.jpg\",\"datePublished\":\"2025-06-09T09:05:23+00:00\",\"dateModified\":\"2025-07-19T14:56:12+00:00\",\"description\":\"Infusion de gingembre biologique en vrac. Gingembre pur, sans additifs ni th\u00e9ine, pour les magasins, les caf\u00e9s et l'h\u00f4tellerie, ou \u00e0 la maison. Saveur intense et propri\u00e9t\u00e9s digestives.\",\"breadcrumb\":{\"@id\":\"https:\\\/\\\/www.sempertea.eu\\\/fr\\\/ginger-lemon-infusion-biologique-au-gingembre-et-au-citron-i-en-vrac-en-sachet\\\/#breadcrumb\"},\"inLanguage\":\"fr-FR\",\"potentialAction\":[{\"@type\":\"ReadAction\",\"target\":[\"https:\\\/\\\/www.sempertea.eu\\\/fr\\\/ginger-lemon-infusion-biologique-au-gingembre-et-au-citron-i-en-vrac-en-sachet\\\/\"]}]},{\"@type\":\"ImageObject\",\"inLanguage\":\"fr-FR\",\"@id\":\"https:\\\/\\\/www.sempertea.eu\\\/fr\\\/ginger-lemon-infusion-biologique-au-gingembre-et-au-citron-i-en-vrac-en-sachet\\\/#primaryimage\",\"url\":\"https:\\\/\\\/www.sempertea.eu\\\/wp-content\\\/uploads\\\/2025\\\/06\\\/infusion-jengibre-limon-granel-citrica-vitalizante-semper-tea-1.jpg\",\"contentUrl\":\"https:\\\/\\\/www.sempertea.eu\\\/wp-content\\\/uploads\\\/2025\\\/06\\\/infusion-jengibre-limon-granel-citrica-vitalizante-semper-tea-1.jpg\",\"width\":714,\"height\":714,\"caption\":\"infusion jengibre limon granel citrica vitalizante semper tea\"},{\"@type\":\"BreadcrumbList\",\"@id\":\"https:\\\/\\\/www.sempertea.eu\\\/fr\\\/ginger-lemon-infusion-biologique-au-gingembre-et-au-citron-i-en-vrac-en-sachet\\\/#breadcrumb\",\"itemListElement\":[{\"@type\":\"ListItem\",\"position\":1,\"name\":\"Portada\",\"item\":\"https:\\\/\\\/www.sempertea.eu\\\/\"},{\"@type\":\"ListItem\",\"position\":2,\"name\":\"Tienda\",\"item\":\"https:\\\/\\\/www.sempertea.eu\\\/tienda\\\/\"},{\"@type\":\"ListItem\",\"position\":3,\"name\":\"GINGER LEMON infusion biologique au gingembre et au citron I En vrac en sachet\"}]},{\"@type\":\"WebSite\",\"@id\":\"https:\\\/\\\/www.sempertea.eu\\\/#website\",\"url\":\"https:\\\/\\\/www.sempertea.eu\\\/\",\"name\":\"Semper Tea | Mayorista y fabricante de T\u00e9s e Infusiones para hoteles, restaurantes y bares\",\"description\":\"T\u00e9s e infusiones para hosteler\u00eda, hoteler\u00eda y comercio\",\"potentialAction\":[{\"@type\":\"SearchAction\",\"target\":{\"@type\":\"EntryPoint\",\"urlTemplate\":\"https:\\\/\\\/www.sempertea.eu\\\/?s={search_term_string}\"},\"query-input\":{\"@type\":\"PropertyValueSpecification\",\"valueRequired\":true,\"valueName\":\"search_term_string\"}}],\"inLanguage\":\"fr-FR\"}]}<\/script>\n<!-- \/ Yoast SEO Premium plugin. -->","yoast_head_json":{"title":"Infusion de gingembre et citron en vrac biologique | Naturelle et sans th\u00e9ine","description":"Infusion de gingembre biologique en vrac. Gingembre pur, sans additifs ni th\u00e9ine, pour les magasins, les caf\u00e9s et l'h\u00f4tellerie, ou \u00e0 la maison. Saveur intense et propri\u00e9t\u00e9s digestives.","robots":{"index":"index","follow":"follow","max-snippet":"max-snippet:-1","max-image-preview":"max-image-preview:large","max-video-preview":"max-video-preview:-1"},"canonical":"https:\/\/www.sempertea.eu\/fr\/ginger-lemon-infusion-biologique-au-gingembre-et-au-citron-i-en-vrac-en-sachet\/","og_locale":"fr_FR","og_type":"article","og_title":"GINGER LEMON infusion biologique au gingembre et au citron I En vrac en sachet","og_description":"Infusion de gingembre biologique en vrac. Gingembre pur, sans additifs ni th\u00e9ine, pour les magasins, les caf\u00e9s et l'h\u00f4tellerie, ou \u00e0 la maison. Saveur intense et propri\u00e9t\u00e9s digestives.","og_url":"https:\/\/www.sempertea.eu\/fr\/ginger-lemon-infusion-biologique-au-gingembre-et-au-citron-i-en-vrac-en-sachet\/","og_site_name":"Semper Tea | Mayorista y fabricante de T\u00e9s e Infusiones para hoteles, restaurantes y bares","article_modified_time":"2025-07-19T14:56:12+00:00","og_image":[{"width":714,"height":714,"url":"https:\/\/www.sempertea.eu\/wp-content\/uploads\/2025\/06\/infusion-jengibre-limon-granel-citrica-vitalizante-semper-tea-1.jpg","type":"image\/jpeg"}],"twitter_card":"summary_large_image","twitter_misc":{"Dur\u00e9e de lecture estim\u00e9e":"2 minutes"},"schema":{"@context":"https:\/\/schema.org","@graph":[{"@type":"WebPage","@id":"https:\/\/www.sempertea.eu\/fr\/ginger-lemon-infusion-biologique-au-gingembre-et-au-citron-i-en-vrac-en-sachet\/","url":"https:\/\/www.sempertea.eu\/fr\/ginger-lemon-infusion-biologique-au-gingembre-et-au-citron-i-en-vrac-en-sachet\/","name":"Infusion de gingembre et citron en vrac biologique | Naturelle et sans th\u00e9ine","isPartOf":{"@id":"https:\/\/www.sempertea.eu\/#website"},"primaryImageOfPage":{"@id":"https:\/\/www.sempertea.eu\/fr\/ginger-lemon-infusion-biologique-au-gingembre-et-au-citron-i-en-vrac-en-sachet\/#primaryimage"},"image":{"@id":"https:\/\/www.sempertea.eu\/fr\/ginger-lemon-infusion-biologique-au-gingembre-et-au-citron-i-en-vrac-en-sachet\/#primaryimage"},"thumbnailUrl":"https:\/\/www.sempertea.eu\/wp-content\/uploads\/2025\/06\/infusion-jengibre-limon-granel-citrica-vitalizante-semper-tea-1.jpg","datePublished":"2025-06-09T09:05:23+00:00","dateModified":"2025-07-19T14:56:12+00:00","description":"Infusion de gingembre biologique en vrac. Gingembre pur, sans additifs ni th\u00e9ine, pour les magasins, les caf\u00e9s et l'h\u00f4tellerie, ou \u00e0 la maison. Saveur intense et propri\u00e9t\u00e9s digestives.","breadcrumb":{"@id":"https:\/\/www.sempertea.eu\/fr\/ginger-lemon-infusion-biologique-au-gingembre-et-au-citron-i-en-vrac-en-sachet\/#breadcrumb"},"inLanguage":"fr-FR","potentialAction":[{"@type":"ReadAction","target":["https:\/\/www.sempertea.eu\/fr\/ginger-lemon-infusion-biologique-au-gingembre-et-au-citron-i-en-vrac-en-sachet\/"]}]},{"@type":"ImageObject","inLanguage":"fr-FR","@id":"https:\/\/www.sempertea.eu\/fr\/ginger-lemon-infusion-biologique-au-gingembre-et-au-citron-i-en-vrac-en-sachet\/#primaryimage","url":"https:\/\/www.sempertea.eu\/wp-content\/uploads\/2025\/06\/infusion-jengibre-limon-granel-citrica-vitalizante-semper-tea-1.jpg","contentUrl":"https:\/\/www.sempertea.eu\/wp-content\/uploads\/2025\/06\/infusion-jengibre-limon-granel-citrica-vitalizante-semper-tea-1.jpg","width":714,"height":714,"caption":"infusion jengibre limon granel citrica vitalizante semper tea"},{"@type":"BreadcrumbList","@id":"https:\/\/www.sempertea.eu\/fr\/ginger-lemon-infusion-biologique-au-gingembre-et-au-citron-i-en-vrac-en-sachet\/#breadcrumb","itemListElement":[{"@type":"ListItem","position":1,"name":"Portada","item":"https:\/\/www.sempertea.eu\/"},{"@type":"ListItem","position":2,"name":"Tienda","item":"https:\/\/www.sempertea.eu\/tienda\/"},{"@type":"ListItem","position":3,"name":"GINGER LEMON infusion biologique au gingembre et au citron I En vrac en sachet"}]},{"@type":"WebSite","@id":"https:\/\/www.sempertea.eu\/#website","url":"https:\/\/www.sempertea.eu\/","name":"Semper Tea | Mayorista y fabricante de T\u00e9s e Infusiones para hoteles, restaurantes y bares","description":"T\u00e9s e infusiones para hosteler\u00eda, hoteler\u00eda y comercio","potentialAction":[{"@type":"SearchAction","target":{"@type":"EntryPoint","urlTemplate":"https:\/\/www.sempertea.eu\/?s={search_term_string}"},"query-input":{"@type":"PropertyValueSpecification","valueRequired":true,"valueName":"search_term_string"}}],"inLanguage":"fr-FR"}]}},"_links":{"self":[{"href":"https:\/\/www.sempertea.eu\/fr\/wp-json\/wp\/v2\/product\/16460","targetHints":{"allow":["GET"]}}],"collection":[{"href":"https:\/\/www.sempertea.eu\/fr\/wp-json\/wp\/v2\/product"}],"about":[{"href":"https:\/\/www.sempertea.eu\/fr\/wp-json\/wp\/v2\/types\/product"}],"replies":[{"embeddable":true,"href":"https:\/\/www.sempertea.eu\/fr\/wp-json\/wp\/v2\/comments?post=16460"}],"wp:featuredmedia":[{"embeddable":true,"href":"https:\/\/www.sempertea.eu\/fr\/wp-json\/wp\/v2\/media\/16122"}],"wp:attachment":[{"href":"https:\/\/www.sempertea.eu\/fr\/wp-json\/wp\/v2\/media?parent=16460"}],"wp:term":[{"taxonomy":"product_brand","embeddable":true,"href":"https:\/\/www.sempertea.eu\/fr\/wp-json\/wp\/v2\/product_brand?post=16460"},{"taxonomy":"product_cat","embeddable":true,"href":"https:\/\/www.sempertea.eu\/fr\/wp-json\/wp\/v2\/product_cat?post=16460"},{"taxonomy":"product_tag","embeddable":true,"href":"https:\/\/www.sempertea.eu\/fr\/wp-json\/wp\/v2\/product_tag?post=16460"}],"curies":[{"name":"wp","href":"https:\/\/api.w.org\/{rel}","templated":true}]}}