{"id":15727,"date":"2025-05-19T10:36:36","date_gmt":"2025-05-21T13:57:33","guid":{"rendered":"https:\/\/www.sempertea.eu\/calm-pyramides-en-vrac-tisane\/"},"modified":"2025-05-23T23:41:16","modified_gmt":"2025-05-23T21:41:16","slug":"tisane-bio-pyramides-the-premium-bien-etre-herbes","status":"publish","type":"product","link":"https:\/\/www.sempertea.eu\/fr\/tisane-bio-pyramides-the-premium-bien-etre-herbes\/","title":{"rendered":"CALM pyramides en vrac | Tisane relaxante"},"content":{"rendered":"<h2 data-start=\"162\" data-end=\"241\">Tisane bien-\u00eatre biologique en pyramides premium ou en vrac.<\/h2>\n<p data-start=\"243\" data-end=\"624\"><strong data-start=\"243\" data-end=\"251\">Calm<\/strong> est une <strong data-start=\"260\" data-end=\"290\">tisane bio pour le sommeil<\/strong>, conditionn\u00e9e en <strong data-start=\"308\" data-end=\"336\">pyramides de th\u00e9 premium<\/strong> et compos\u00e9e d\u2019un <strong data-start=\"354\" data-end=\"384\">m\u00e9lange de plantes en vrac<\/strong> soigneusement s\u00e9lectionn\u00e9es. \u00c9labor\u00e9e \u00e0 base de <strong data-start=\"433\" data-end=\"444\">lavande<\/strong>, <strong data-start=\"446\" data-end=\"457\">tilleul<\/strong>, <strong data-start=\"459\" data-end=\"470\">m\u00e9lisse<\/strong>, <strong data-start=\"472\" data-end=\"490\">menthe poivr\u00e9e<\/strong> et <strong data-start=\"494\" data-end=\"509\">citronnelle<\/strong>, elle offre une <strong data-start=\"526\" data-end=\"561\">infusion relaxante pour le soir<\/strong>, parfaite pour apaiser l\u2019esprit et pr\u00e9parer le corps au repos.<\/p>\n<h3 style=\"font-size: 23.04px;\" data-start=\"162\" data-end=\"241\">Un m\u00e9lange d\u2019herbes apaisantes, id\u00e9al pour les h\u00f4tels, la restauration et les moments de d\u00e9tente \u00e0 la maison<\/h3>\n<h4 data-start=\"626\" data-end=\"670\">Une infusion naturelle pour mieux dormir<\/h4>\n<ul data-start=\"672\" data-end=\"1243\">\n<li data-start=\"672\" data-end=\"820\">\n<p data-start=\"674\" data-end=\"820\"><strong data-start=\"674\" data-end=\"685\">Lavande<\/strong> : un incontournable des <strong data-start=\"710\" data-end=\"738\">infusions apaisantes bio<\/strong>, elle calme le syst\u00e8me nerveux et aide \u00e0 retrouver un sommeil profond et naturel.<\/p>\n<\/li>\n<li data-start=\"821\" data-end=\"937\">\n<p data-start=\"823\" data-end=\"937\"><strong data-start=\"823\" data-end=\"834\">Tilleul<\/strong> : favorise la d\u00e9tente et diminue les tensions, id\u00e9al pour accompagner un <strong data-start=\"908\" data-end=\"936\">rituel du coucher tisane<\/strong>.<\/p>\n<\/li>\n<li data-start=\"938\" data-end=\"1039\">\n<p data-start=\"940\" data-end=\"1039\"><strong data-start=\"940\" data-end=\"951\">M\u00e9lisse<\/strong> : reconnue pour ses effets anti-stress et digestifs, elle soutient le bien-\u00eatre global.<\/p>\n<\/li>\n<li data-start=\"1040\" data-end=\"1150\">\n<p data-start=\"1042\" data-end=\"1150\"><strong data-start=\"1042\" data-end=\"1060\">Menthe poivr\u00e9e<\/strong> : ajoute de la fra\u00eecheur sans stimuler, parfaite pour un <strong data-start=\"1118\" data-end=\"1149\">th\u00e9 sans th\u00e9ine pour dormir<\/strong>.<\/p>\n<\/li>\n<li data-start=\"1151\" data-end=\"1243\">\n<p data-start=\"1153\" data-end=\"1243\"><strong data-start=\"1153\" data-end=\"1168\">Citronnelle<\/strong> : \u00e9quilibre les saveurs avec une touche citronn\u00e9e l\u00e9g\u00e8re et r\u00e9confortante.<\/p>\n<\/li>\n<\/ul>\n<h5 data-start=\"1245\" data-end=\"1283\">Pour les h\u00f4tels, spas et la maison<\/h5>\n<p data-start=\"1285\" data-end=\"1600\">Disponible en <strong data-start=\"1299\" data-end=\"1327\">pyramides biod\u00e9gradables<\/strong> ou <strong data-start=\"1331\" data-end=\"1342\">en vrac<\/strong>, Calm s\u2019adresse aussi bien aux professionnels de l\u2019h\u00f4tellerie qu\u2019aux amateurs de bien-\u00eatre \u00e0 la maison. Sans caf\u00e9ine, sans sucre ajout\u00e9, sans microplastiques, et <strong data-start=\"1505\" data-end=\"1525\">100\u202f% biologique<\/strong>, elle s\u2019inscrit parfaitement dans une d\u00e9marche \u00e9coresponsable et \u00e9l\u00e9gante.<\/p>\n<p data-start=\"1602\" data-end=\"1877\">Que ce soit pour des <strong data-start=\"1623\" data-end=\"1645\">packs de bienvenue<\/strong>, des <strong data-start=\"1651\" data-end=\"1671\">chambres d\u2019h\u00f4tes<\/strong>, des <strong data-start=\"1677\" data-end=\"1692\">espaces spa<\/strong> ou des <strong data-start=\"1700\" data-end=\"1719\">menus bien-\u00eatre<\/strong>, Calm est le choix id\u00e9al. Une <strong data-start=\"1750\" data-end=\"1774\">infusion bio en vrac<\/strong> pens\u00e9e pour offrir \u00e0 vos h\u00f4tes ou \u00e0 vous-m\u00eame un v\u00e9ritable moment de calme et de s\u00e9r\u00e9nit\u00e9 chaque soir.<\/p>\n<p data-start=\"1313\" data-end=\"1445\">\n","protected":false},"excerpt":{"rendered":"<p data-start=\"92\" data-end=\"135\"><strong data-start=\"92\" data-end=\"135\">Infusion biologique sans caf\u00e9ine<\/strong><\/p>\n<p data-start=\"137\" data-end=\"317\">Un doux m\u00e9lange de lavande, tilleul, m\u00e9lisse, menthe poivr\u00e9e et citronnelle. Cette infusion bio, au go\u00fbt floral et citronn\u00e9, offre un moment de d\u00e9tente naturelle en fin de journ\u00e9e.<\/p>\n<p data-start=\"319\" data-end=\"490\">Sans caf\u00e9ine ni sucres ajout\u00e9s, elle apaise en douceur et s\u2019int\u00e8gre parfaitement aux rituels bien-\u00eatre, \u00e0 la maison ou dans tout lieu attentif au confort et \u00e0 la s\u00e9r\u00e9nit\u00e9.<\/p>\n","protected":false},"featured_media":15632,"comment_status":"open","ping_status":"closed","template":"","meta":[],"product_brand":[],"product_cat":[309,300,315,271,298,289,299,283,310,311,312,316],"product_tag":[323],"class_list":{"0":"post-15727","1":"product","2":"type-product","3":"status-publish","4":"has-post-thumbnail","6":"product_cat-collections","7":"product_cat-emballages-sans-plastique","8":"product_cat-acheter-du-the-en-vrac-biologique","9":"product_cat-the-en-pyramides-vrac-sans-plastique-bio","10":"product_cat-les-varietes-de-the","11":"product_cat-the-aux-herbes-bio-au-acheter","12":"product_cat-the-en-pyramide-biodegradable","13":"product_cat-thes-et-infusions-biologiques-de-qualite","14":"product_cat-tous","15":"product_cat-tous-fr","16":"product_cat-tous-fr-2","17":"product_cat-uncategorized-fr","18":"product_tag-lava40-fr","20":"first","21":"instock","22":"shipping-taxable","23":"purchasable","24":"product-type-variable"},"yoast_head":"<!-- This site is optimized with the Yoast SEO Premium plugin v27.3 (Yoast SEO v27.3) - https:\/\/yoast.com\/product\/yoast-seo-premium-wordpress\/ -->\n<title>Tisane bio en pyramides de th\u00e9 premium bien \u00eatre | M\u00e9lange d\u2019herbes<\/title>\n<meta name=\"description\" content=\"Infusion biologique \u00e0 base de lavande, tilleul et m\u00e9lisse. Th\u00e9 sans caf\u00e9ine, id\u00e9al pour se d\u00e9tendre dans les h\u00f4tels, chambres d&#039;h\u00f4tes, pensions et espaces bien-\u00eatre. Plante qui favorise le sommeil.\" \/>\n<meta name=\"robots\" content=\"index, follow, max-snippet:-1, max-image-preview:large, max-video-preview:-1\" \/>\n<link rel=\"canonical\" href=\"https:\/\/www.sempertea.eu\/fr\/tisane-bio-pyramides-the-premium-bien-etre-herbes\/\" \/>\n<meta property=\"og:locale\" content=\"fr_FR\" \/>\n<meta property=\"og:type\" content=\"article\" \/>\n<meta property=\"og:title\" content=\"CALM pyramides en vrac | Tisane relaxante\" \/>\n<meta property=\"og:description\" content=\"Infusion biologique \u00e0 base de lavande, tilleul et m\u00e9lisse. Th\u00e9 sans caf\u00e9ine, id\u00e9al pour se d\u00e9tendre dans les h\u00f4tels, chambres d&#039;h\u00f4tes, pensions et espaces bien-\u00eatre. Plante qui favorise le sommeil.\" \/>\n<meta property=\"og:url\" content=\"https:\/\/www.sempertea.eu\/fr\/tisane-bio-pyramides-the-premium-bien-etre-herbes\/\" \/>\n<meta property=\"og:site_name\" content=\"Semper Tea | Mayorista y fabricante de T\u00e9s e Infusiones para hoteles, restaurantes y bares\" \/>\n<meta property=\"article:modified_time\" content=\"2025-05-23T21:41:16+00:00\" \/>\n<meta property=\"og:image\" content=\"https:\/\/www.sempertea.eu\/wp-content\/uploads\/2025\/05\/amenities-ecologicos-para-hoteles-con-infusion-natural-semper-tea.jpg\" \/>\n\t<meta property=\"og:image:width\" content=\"1000\" \/>\n\t<meta property=\"og:image:height\" content=\"1000\" \/>\n\t<meta property=\"og:image:type\" content=\"image\/jpeg\" \/>\n<meta name=\"twitter:card\" content=\"summary_large_image\" \/>\n<meta name=\"twitter:label1\" content=\"Dur\u00e9e de lecture estim\u00e9e\" \/>\n\t<meta name=\"twitter:data1\" content=\"2 minutes\" \/>\n<script type=\"application\/ld+json\" class=\"yoast-schema-graph\">{\"@context\":\"https:\\\/\\\/schema.org\",\"@graph\":[{\"@type\":\"WebPage\",\"@id\":\"https:\\\/\\\/www.sempertea.eu\\\/fr\\\/tisane-bio-pyramides-the-premium-bien-etre-herbes\\\/\",\"url\":\"https:\\\/\\\/www.sempertea.eu\\\/fr\\\/tisane-bio-pyramides-the-premium-bien-etre-herbes\\\/\",\"name\":\"Tisane bio en pyramides de th\u00e9 premium bien \u00eatre | M\u00e9lange d\u2019herbes\",\"isPartOf\":{\"@id\":\"https:\\\/\\\/www.sempertea.eu\\\/#website\"},\"primaryImageOfPage\":{\"@id\":\"https:\\\/\\\/www.sempertea.eu\\\/fr\\\/tisane-bio-pyramides-the-premium-bien-etre-herbes\\\/#primaryimage\"},\"image\":{\"@id\":\"https:\\\/\\\/www.sempertea.eu\\\/fr\\\/tisane-bio-pyramides-the-premium-bien-etre-herbes\\\/#primaryimage\"},\"thumbnailUrl\":\"https:\\\/\\\/www.sempertea.eu\\\/wp-content\\\/uploads\\\/2025\\\/05\\\/amenities-ecologicos-para-hoteles-con-infusion-natural-semper-tea.jpg\",\"datePublished\":\"2025-05-21T13:57:33+00:00\",\"dateModified\":\"2025-05-23T21:41:16+00:00\",\"description\":\"Infusion biologique \u00e0 base de lavande, tilleul et m\u00e9lisse. Th\u00e9 sans caf\u00e9ine, id\u00e9al pour se d\u00e9tendre dans les h\u00f4tels, chambres d'h\u00f4tes, pensions et espaces bien-\u00eatre. Plante qui favorise le sommeil.\",\"breadcrumb\":{\"@id\":\"https:\\\/\\\/www.sempertea.eu\\\/fr\\\/tisane-bio-pyramides-the-premium-bien-etre-herbes\\\/#breadcrumb\"},\"inLanguage\":\"fr-FR\",\"potentialAction\":[{\"@type\":\"ReadAction\",\"target\":[\"https:\\\/\\\/www.sempertea.eu\\\/fr\\\/tisane-bio-pyramides-the-premium-bien-etre-herbes\\\/\"]}]},{\"@type\":\"ImageObject\",\"inLanguage\":\"fr-FR\",\"@id\":\"https:\\\/\\\/www.sempertea.eu\\\/fr\\\/tisane-bio-pyramides-the-premium-bien-etre-herbes\\\/#primaryimage\",\"url\":\"https:\\\/\\\/www.sempertea.eu\\\/wp-content\\\/uploads\\\/2025\\\/05\\\/amenities-ecologicos-para-hoteles-con-infusion-natural-semper-tea.jpg\",\"contentUrl\":\"https:\\\/\\\/www.sempertea.eu\\\/wp-content\\\/uploads\\\/2025\\\/05\\\/amenities-ecologicos-para-hoteles-con-infusion-natural-semper-tea.jpg\",\"width\":1000,\"height\":1000,\"caption\":\"amenities ecol\u00f3gicos para hoteles con infusion natural semper tea\"},{\"@type\":\"BreadcrumbList\",\"@id\":\"https:\\\/\\\/www.sempertea.eu\\\/fr\\\/tisane-bio-pyramides-the-premium-bien-etre-herbes\\\/#breadcrumb\",\"itemListElement\":[{\"@type\":\"ListItem\",\"position\":1,\"name\":\"Portada\",\"item\":\"https:\\\/\\\/www.sempertea.eu\\\/\"},{\"@type\":\"ListItem\",\"position\":2,\"name\":\"Tienda\",\"item\":\"https:\\\/\\\/www.sempertea.eu\\\/tienda\\\/\"},{\"@type\":\"ListItem\",\"position\":3,\"name\":\"CALM pyramides en vrac | Tisane relaxante\"}]},{\"@type\":\"WebSite\",\"@id\":\"https:\\\/\\\/www.sempertea.eu\\\/#website\",\"url\":\"https:\\\/\\\/www.sempertea.eu\\\/\",\"name\":\"Semper Tea | Mayorista y fabricante de T\u00e9s e Infusiones para hoteles, restaurantes y bares\",\"description\":\"T\u00e9s e infusiones para hosteler\u00eda, hoteler\u00eda y comercio\",\"potentialAction\":[{\"@type\":\"SearchAction\",\"target\":{\"@type\":\"EntryPoint\",\"urlTemplate\":\"https:\\\/\\\/www.sempertea.eu\\\/?s={search_term_string}\"},\"query-input\":{\"@type\":\"PropertyValueSpecification\",\"valueRequired\":true,\"valueName\":\"search_term_string\"}}],\"inLanguage\":\"fr-FR\"}]}<\/script>\n<!-- \/ Yoast SEO Premium plugin. -->","yoast_head_json":{"title":"Tisane bio en pyramides de th\u00e9 premium bien \u00eatre | M\u00e9lange d\u2019herbes","description":"Infusion biologique \u00e0 base de lavande, tilleul et m\u00e9lisse. Th\u00e9 sans caf\u00e9ine, id\u00e9al pour se d\u00e9tendre dans les h\u00f4tels, chambres d'h\u00f4tes, pensions et espaces bien-\u00eatre. Plante qui favorise le sommeil.","robots":{"index":"index","follow":"follow","max-snippet":"max-snippet:-1","max-image-preview":"max-image-preview:large","max-video-preview":"max-video-preview:-1"},"canonical":"https:\/\/www.sempertea.eu\/fr\/tisane-bio-pyramides-the-premium-bien-etre-herbes\/","og_locale":"fr_FR","og_type":"article","og_title":"CALM pyramides en vrac | Tisane relaxante","og_description":"Infusion biologique \u00e0 base de lavande, tilleul et m\u00e9lisse. Th\u00e9 sans caf\u00e9ine, id\u00e9al pour se d\u00e9tendre dans les h\u00f4tels, chambres d'h\u00f4tes, pensions et espaces bien-\u00eatre. Plante qui favorise le sommeil.","og_url":"https:\/\/www.sempertea.eu\/fr\/tisane-bio-pyramides-the-premium-bien-etre-herbes\/","og_site_name":"Semper Tea | Mayorista y fabricante de T\u00e9s e Infusiones para hoteles, restaurantes y bares","article_modified_time":"2025-05-23T21:41:16+00:00","og_image":[{"width":1000,"height":1000,"url":"https:\/\/www.sempertea.eu\/wp-content\/uploads\/2025\/05\/amenities-ecologicos-para-hoteles-con-infusion-natural-semper-tea.jpg","type":"image\/jpeg"}],"twitter_card":"summary_large_image","twitter_misc":{"Dur\u00e9e de lecture estim\u00e9e":"2 minutes"},"schema":{"@context":"https:\/\/schema.org","@graph":[{"@type":"WebPage","@id":"https:\/\/www.sempertea.eu\/fr\/tisane-bio-pyramides-the-premium-bien-etre-herbes\/","url":"https:\/\/www.sempertea.eu\/fr\/tisane-bio-pyramides-the-premium-bien-etre-herbes\/","name":"Tisane bio en pyramides de th\u00e9 premium bien \u00eatre | M\u00e9lange d\u2019herbes","isPartOf":{"@id":"https:\/\/www.sempertea.eu\/#website"},"primaryImageOfPage":{"@id":"https:\/\/www.sempertea.eu\/fr\/tisane-bio-pyramides-the-premium-bien-etre-herbes\/#primaryimage"},"image":{"@id":"https:\/\/www.sempertea.eu\/fr\/tisane-bio-pyramides-the-premium-bien-etre-herbes\/#primaryimage"},"thumbnailUrl":"https:\/\/www.sempertea.eu\/wp-content\/uploads\/2025\/05\/amenities-ecologicos-para-hoteles-con-infusion-natural-semper-tea.jpg","datePublished":"2025-05-21T13:57:33+00:00","dateModified":"2025-05-23T21:41:16+00:00","description":"Infusion biologique \u00e0 base de lavande, tilleul et m\u00e9lisse. Th\u00e9 sans caf\u00e9ine, id\u00e9al pour se d\u00e9tendre dans les h\u00f4tels, chambres d'h\u00f4tes, pensions et espaces bien-\u00eatre. Plante qui favorise le sommeil.","breadcrumb":{"@id":"https:\/\/www.sempertea.eu\/fr\/tisane-bio-pyramides-the-premium-bien-etre-herbes\/#breadcrumb"},"inLanguage":"fr-FR","potentialAction":[{"@type":"ReadAction","target":["https:\/\/www.sempertea.eu\/fr\/tisane-bio-pyramides-the-premium-bien-etre-herbes\/"]}]},{"@type":"ImageObject","inLanguage":"fr-FR","@id":"https:\/\/www.sempertea.eu\/fr\/tisane-bio-pyramides-the-premium-bien-etre-herbes\/#primaryimage","url":"https:\/\/www.sempertea.eu\/wp-content\/uploads\/2025\/05\/amenities-ecologicos-para-hoteles-con-infusion-natural-semper-tea.jpg","contentUrl":"https:\/\/www.sempertea.eu\/wp-content\/uploads\/2025\/05\/amenities-ecologicos-para-hoteles-con-infusion-natural-semper-tea.jpg","width":1000,"height":1000,"caption":"amenities ecol\u00f3gicos para hoteles con infusion natural semper tea"},{"@type":"BreadcrumbList","@id":"https:\/\/www.sempertea.eu\/fr\/tisane-bio-pyramides-the-premium-bien-etre-herbes\/#breadcrumb","itemListElement":[{"@type":"ListItem","position":1,"name":"Portada","item":"https:\/\/www.sempertea.eu\/"},{"@type":"ListItem","position":2,"name":"Tienda","item":"https:\/\/www.sempertea.eu\/tienda\/"},{"@type":"ListItem","position":3,"name":"CALM pyramides en vrac | Tisane relaxante"}]},{"@type":"WebSite","@id":"https:\/\/www.sempertea.eu\/#website","url":"https:\/\/www.sempertea.eu\/","name":"Semper Tea | Mayorista y fabricante de T\u00e9s e Infusiones para hoteles, restaurantes y bares","description":"T\u00e9s e infusiones para hosteler\u00eda, hoteler\u00eda y comercio","potentialAction":[{"@type":"SearchAction","target":{"@type":"EntryPoint","urlTemplate":"https:\/\/www.sempertea.eu\/?s={search_term_string}"},"query-input":{"@type":"PropertyValueSpecification","valueRequired":true,"valueName":"search_term_string"}}],"inLanguage":"fr-FR"}]}},"_links":{"self":[{"href":"https:\/\/www.sempertea.eu\/fr\/wp-json\/wp\/v2\/product\/15727","targetHints":{"allow":["GET"]}}],"collection":[{"href":"https:\/\/www.sempertea.eu\/fr\/wp-json\/wp\/v2\/product"}],"about":[{"href":"https:\/\/www.sempertea.eu\/fr\/wp-json\/wp\/v2\/types\/product"}],"replies":[{"embeddable":true,"href":"https:\/\/www.sempertea.eu\/fr\/wp-json\/wp\/v2\/comments?post=15727"}],"wp:featuredmedia":[{"embeddable":true,"href":"https:\/\/www.sempertea.eu\/fr\/wp-json\/wp\/v2\/media\/15632"}],"wp:attachment":[{"href":"https:\/\/www.sempertea.eu\/fr\/wp-json\/wp\/v2\/media?parent=15727"}],"wp:term":[{"taxonomy":"product_brand","embeddable":true,"href":"https:\/\/www.sempertea.eu\/fr\/wp-json\/wp\/v2\/product_brand?post=15727"},{"taxonomy":"product_cat","embeddable":true,"href":"https:\/\/www.sempertea.eu\/fr\/wp-json\/wp\/v2\/product_cat?post=15727"},{"taxonomy":"product_tag","embeddable":true,"href":"https:\/\/www.sempertea.eu\/fr\/wp-json\/wp\/v2\/product_tag?post=15727"}],"curies":[{"name":"wp","href":"https:\/\/api.w.org\/{rel}","templated":true}]}}