{"id":15486,"date":"2025-05-13T17:41:28","date_gmt":"2025-05-14T07:51:57","guid":{"rendered":"https:\/\/www.sempertea.eu\/rooibos-cannelle-pyramides-en-vrac-the-rooibos-a-la-cannelle\/"},"modified":"2025-05-15T17:30:28","modified_gmt":"2025-05-15T15:30:28","slug":"the-rooibos-cannelle-pyramides-sans-plastique-pour-hotels-cafes","status":"publish","type":"product","link":"https:\/\/www.sempertea.eu\/fr\/the-rooibos-cannelle-pyramides-sans-plastique-pour-hotels-cafes\/","title":{"rendered":"ROOIBOS CANNELLE pyramides en vrac | Th\u00e9 rooibos cannelle"},"content":{"rendered":"<h2 data-start=\"201\" data-end=\"263\">Th\u00e9 Rooibos Cannelle | Pyramides premium en vrac<\/h2>\n<p data-start=\"265\" data-end=\"599\">Chaque pyramide renferme du rooibos bio en feuilles enti\u00e8res et de la vraie cannelle de Ceylan en b\u00e2tons \u2013 une alliance reconnue pour ses bienfaits digestifs, ses propri\u00e9t\u00e9s apaisantes et son parfum r\u00e9confortant. Sans th\u00e9ine, ce <strong data-start=\"494\" data-end=\"518\">th\u00e9 rooibos cannelle<\/strong> est parfait pour accompagner les moments de d\u00e9tente \u00e0 tout moment de la journ\u00e9e.<\/p>\n<p data-start=\"601\" data-end=\"821\">Avec son go\u00fbt doux et g\u00e9n\u00e9reux, cette infusion aide \u00e0 favoriser une digestion l\u00e9g\u00e8re et invite \u00e0 la relaxation, gr\u00e2ce aux vertus naturelles de la cannelle, utilis\u00e9e depuis toujours pour ses effets calmants et tonifiants.<\/p>\n<h3 data-start=\"823\" data-end=\"882\">Tisane rooibos cannelle sans plastique \u2013 Un choix durable pour les pros<\/h3>\n<p data-start=\"884\" data-end=\"1210\">Conditionn\u00e9 en vrac pour un service fluide et efficace, ce rooibos est id\u00e9al pour les buffets, bars, coins petit-d\u00e9jeuner ou espaces en libre-service. Les pyramides sont <strong data-start=\"1054\" data-end=\"1072\">biod\u00e9gradables<\/strong> et livr\u00e9es dans des sachets kraft recyclables \u2013 une solution 100 % <strong data-start=\"1140\" data-end=\"1158\">sans plastique<\/strong>, respectueuse de l\u2019environnement et de vos clients.<\/p>\n<h4 data-start=\"1212\" data-end=\"1249\">Pyramides de Rooibos Bio \u2013 LAVA40<\/h4>\n<p data-start=\"1251\" data-end=\"1501\">Plus qu\u2019une simple tisane, <strong data-start=\"1278\" data-end=\"1307\">Rooibos Cannelle \u2013 LAVA40<\/strong> incarne un art de vivre alliant bien-\u00eatre, \u00e9l\u00e9gance et \u00e9coresponsabilit\u00e9. Parfait pour enrichir l\u2019offre de th\u00e9 dans les h\u00f4tels, caf\u00e9s ou spas soucieux de proposer des produits sains et engag\u00e9s.<\/p>\n<p data-start=\"1503\" data-end=\"1821\">Faisant partie de la <strong data-start=\"1524\" data-end=\"1570\">ligne professionnelle LAVA40 de Semper Tea<\/strong>, ces pyramides en vrac ont \u00e9t\u00e9 con\u00e7ues pour r\u00e9pondre aux besoins du secteur HORECA. Elles associent la douceur naturelle du rooibos \u00e0 l\u2019intensit\u00e9 aromatique de la cannelle de Ceylan \u2013 pour une infusion chaleureuse, distinctive et pleine de caract\u00e8re.<\/p>\n","protected":false},"excerpt":{"rendered":"<p data-start=\"64\" data-end=\"120\"><strong data-start=\"64\" data-end=\"120\">Un format pratique et respectueux de l\u2019environnement<\/strong><\/p>\n<p data-start=\"122\" data-end=\"516\">Cette infusion associe la douceur naturelle du <strong data-start=\"169\" data-end=\"192\">rooibos bio en vrac<\/strong>, reconnu pour ses vertus antioxydantes, digestives et apaisantes, aux notes chaleureuses de la <strong data-start=\"288\" data-end=\"304\">cannelle bio<\/strong>, pris\u00e9e pour ses bienfaits digestifs et ses propri\u00e9t\u00e9s anti-inflammatoires.<br data-start=\"380\" data-end=\"383\" \/>Une tisane id\u00e9ale pour offrir \u00e0 vos clients (ou \u00e0 la maison) un moment sain, sans th\u00e9ine, en accord avec une d\u00e9marche \u00e9coresponsable.<\/p>\n","protected":false},"featured_media":15436,"comment_status":"open","ping_status":"closed","template":"","meta":[],"product_brand":[],"product_cat":[309,315,271,288,299,283,312],"product_tag":[],"class_list":{"0":"post-15486","1":"product","2":"type-product","3":"status-publish","4":"has-post-thumbnail","6":"product_cat-collections","7":"product_cat-acheter-du-the-en-vrac-biologique","8":"product_cat-the-en-pyramides-vrac-sans-plastique-bio","9":"product_cat-the-rooibos-bio-infusion-sans-theine","10":"product_cat-the-en-pyramide-biodegradable","11":"product_cat-thes-et-infusions-biologiques-de-qualite","12":"product_cat-tous-fr-2","14":"first","15":"instock","16":"shipping-taxable","17":"purchasable","18":"product-type-variable"},"yoast_head":"<!-- This site is optimized with the Yoast SEO Premium plugin v27.3 (Yoast SEO v27.3) - https:\/\/yoast.com\/product\/yoast-seo-premium-wordpress\/ -->\n<title>Th\u00e9 Rooibos Cannelle pyramides sans plastique pour H\u00f4tels &amp; Caf\u00e9s<\/title>\n<meta name=\"description\" content=\"Tisane rooibos cannelle bio en pyramides sans th\u00e9ine. Format vrac, id\u00e9al pour la maison, les h\u00f4tels, spas et caf\u00e9s \u00e9coresponsables.\" \/>\n<meta name=\"robots\" content=\"index, follow, max-snippet:-1, max-image-preview:large, max-video-preview:-1\" \/>\n<link rel=\"canonical\" href=\"https:\/\/www.sempertea.eu\/fr\/the-rooibos-cannelle-pyramides-sans-plastique-pour-hotels-cafes\/\" \/>\n<meta property=\"og:locale\" content=\"fr_FR\" \/>\n<meta property=\"og:type\" content=\"article\" \/>\n<meta property=\"og:title\" content=\"ROOIBOS CANNELLE pyramides en vrac | Th\u00e9 rooibos cannelle\" \/>\n<meta property=\"og:description\" content=\"Tisane rooibos cannelle bio en pyramides sans th\u00e9ine. Format vrac, id\u00e9al pour la maison, les h\u00f4tels, spas et caf\u00e9s \u00e9coresponsables.\" \/>\n<meta property=\"og:url\" content=\"https:\/\/www.sempertea.eu\/fr\/the-rooibos-cannelle-pyramides-sans-plastique-pour-hotels-cafes\/\" \/>\n<meta property=\"og:site_name\" content=\"Semper Tea | Mayorista y fabricante de T\u00e9s e Infusiones para hoteles, restaurantes y bares\" \/>\n<meta property=\"article:modified_time\" content=\"2025-05-15T15:30:28+00:00\" \/>\n<meta property=\"og:image\" content=\"https:\/\/www.sempertea.eu\/wp-content\/uploads\/2025\/05\/roibo-infusion.jpg\" \/>\n\t<meta property=\"og:image:width\" content=\"1000\" \/>\n\t<meta property=\"og:image:height\" content=\"1000\" \/>\n\t<meta property=\"og:image:type\" content=\"image\/jpeg\" \/>\n<meta name=\"twitter:card\" content=\"summary_large_image\" \/>\n<meta name=\"twitter:label1\" content=\"Dur\u00e9e de lecture estim\u00e9e\" \/>\n\t<meta name=\"twitter:data1\" content=\"2 minutes\" \/>\n<script type=\"application\/ld+json\" class=\"yoast-schema-graph\">{\"@context\":\"https:\\\/\\\/schema.org\",\"@graph\":[{\"@type\":\"WebPage\",\"@id\":\"https:\\\/\\\/www.sempertea.eu\\\/fr\\\/the-rooibos-cannelle-pyramides-sans-plastique-pour-hotels-cafes\\\/\",\"url\":\"https:\\\/\\\/www.sempertea.eu\\\/fr\\\/the-rooibos-cannelle-pyramides-sans-plastique-pour-hotels-cafes\\\/\",\"name\":\"Th\u00e9 Rooibos Cannelle pyramides sans plastique pour H\u00f4tels & Caf\u00e9s\",\"isPartOf\":{\"@id\":\"https:\\\/\\\/www.sempertea.eu\\\/#website\"},\"primaryImageOfPage\":{\"@id\":\"https:\\\/\\\/www.sempertea.eu\\\/fr\\\/the-rooibos-cannelle-pyramides-sans-plastique-pour-hotels-cafes\\\/#primaryimage\"},\"image\":{\"@id\":\"https:\\\/\\\/www.sempertea.eu\\\/fr\\\/the-rooibos-cannelle-pyramides-sans-plastique-pour-hotels-cafes\\\/#primaryimage\"},\"thumbnailUrl\":\"https:\\\/\\\/www.sempertea.eu\\\/wp-content\\\/uploads\\\/2025\\\/05\\\/roibo-infusion.jpg\",\"datePublished\":\"2025-05-14T07:51:57+00:00\",\"dateModified\":\"2025-05-15T15:30:28+00:00\",\"description\":\"Tisane rooibos cannelle bio en pyramides sans th\u00e9ine. Format vrac, id\u00e9al pour la maison, les h\u00f4tels, spas et caf\u00e9s \u00e9coresponsables.\",\"breadcrumb\":{\"@id\":\"https:\\\/\\\/www.sempertea.eu\\\/fr\\\/the-rooibos-cannelle-pyramides-sans-plastique-pour-hotels-cafes\\\/#breadcrumb\"},\"inLanguage\":\"fr-FR\",\"potentialAction\":[{\"@type\":\"ReadAction\",\"target\":[\"https:\\\/\\\/www.sempertea.eu\\\/fr\\\/the-rooibos-cannelle-pyramides-sans-plastique-pour-hotels-cafes\\\/\"]}]},{\"@type\":\"ImageObject\",\"inLanguage\":\"fr-FR\",\"@id\":\"https:\\\/\\\/www.sempertea.eu\\\/fr\\\/the-rooibos-cannelle-pyramides-sans-plastique-pour-hotels-cafes\\\/#primaryimage\",\"url\":\"https:\\\/\\\/www.sempertea.eu\\\/wp-content\\\/uploads\\\/2025\\\/05\\\/roibo-infusion.jpg\",\"contentUrl\":\"https:\\\/\\\/www.sempertea.eu\\\/wp-content\\\/uploads\\\/2025\\\/05\\\/roibo-infusion.jpg\",\"width\":1000,\"height\":1000,\"caption\":\"roibo infusion\"},{\"@type\":\"BreadcrumbList\",\"@id\":\"https:\\\/\\\/www.sempertea.eu\\\/fr\\\/the-rooibos-cannelle-pyramides-sans-plastique-pour-hotels-cafes\\\/#breadcrumb\",\"itemListElement\":[{\"@type\":\"ListItem\",\"position\":1,\"name\":\"Portada\",\"item\":\"https:\\\/\\\/www.sempertea.eu\\\/\"},{\"@type\":\"ListItem\",\"position\":2,\"name\":\"Tienda\",\"item\":\"https:\\\/\\\/www.sempertea.eu\\\/tienda\\\/\"},{\"@type\":\"ListItem\",\"position\":3,\"name\":\"ROOIBOS CANNELLE pyramides en vrac | Th\u00e9 rooibos cannelle\"}]},{\"@type\":\"WebSite\",\"@id\":\"https:\\\/\\\/www.sempertea.eu\\\/#website\",\"url\":\"https:\\\/\\\/www.sempertea.eu\\\/\",\"name\":\"Semper Tea | Mayorista y fabricante de T\u00e9s e Infusiones para hoteles, restaurantes y bares\",\"description\":\"T\u00e9s e infusiones para hosteler\u00eda, hoteler\u00eda y comercio\",\"potentialAction\":[{\"@type\":\"SearchAction\",\"target\":{\"@type\":\"EntryPoint\",\"urlTemplate\":\"https:\\\/\\\/www.sempertea.eu\\\/?s={search_term_string}\"},\"query-input\":{\"@type\":\"PropertyValueSpecification\",\"valueRequired\":true,\"valueName\":\"search_term_string\"}}],\"inLanguage\":\"fr-FR\"}]}<\/script>\n<!-- \/ Yoast SEO Premium plugin. -->","yoast_head_json":{"title":"Th\u00e9 Rooibos Cannelle pyramides sans plastique pour H\u00f4tels & Caf\u00e9s","description":"Tisane rooibos cannelle bio en pyramides sans th\u00e9ine. Format vrac, id\u00e9al pour la maison, les h\u00f4tels, spas et caf\u00e9s \u00e9coresponsables.","robots":{"index":"index","follow":"follow","max-snippet":"max-snippet:-1","max-image-preview":"max-image-preview:large","max-video-preview":"max-video-preview:-1"},"canonical":"https:\/\/www.sempertea.eu\/fr\/the-rooibos-cannelle-pyramides-sans-plastique-pour-hotels-cafes\/","og_locale":"fr_FR","og_type":"article","og_title":"ROOIBOS CANNELLE pyramides en vrac | Th\u00e9 rooibos cannelle","og_description":"Tisane rooibos cannelle bio en pyramides sans th\u00e9ine. Format vrac, id\u00e9al pour la maison, les h\u00f4tels, spas et caf\u00e9s \u00e9coresponsables.","og_url":"https:\/\/www.sempertea.eu\/fr\/the-rooibos-cannelle-pyramides-sans-plastique-pour-hotels-cafes\/","og_site_name":"Semper Tea | Mayorista y fabricante de T\u00e9s e Infusiones para hoteles, restaurantes y bares","article_modified_time":"2025-05-15T15:30:28+00:00","og_image":[{"width":1000,"height":1000,"url":"https:\/\/www.sempertea.eu\/wp-content\/uploads\/2025\/05\/roibo-infusion.jpg","type":"image\/jpeg"}],"twitter_card":"summary_large_image","twitter_misc":{"Dur\u00e9e de lecture estim\u00e9e":"2 minutes"},"schema":{"@context":"https:\/\/schema.org","@graph":[{"@type":"WebPage","@id":"https:\/\/www.sempertea.eu\/fr\/the-rooibos-cannelle-pyramides-sans-plastique-pour-hotels-cafes\/","url":"https:\/\/www.sempertea.eu\/fr\/the-rooibos-cannelle-pyramides-sans-plastique-pour-hotels-cafes\/","name":"Th\u00e9 Rooibos Cannelle pyramides sans plastique pour H\u00f4tels & Caf\u00e9s","isPartOf":{"@id":"https:\/\/www.sempertea.eu\/#website"},"primaryImageOfPage":{"@id":"https:\/\/www.sempertea.eu\/fr\/the-rooibos-cannelle-pyramides-sans-plastique-pour-hotels-cafes\/#primaryimage"},"image":{"@id":"https:\/\/www.sempertea.eu\/fr\/the-rooibos-cannelle-pyramides-sans-plastique-pour-hotels-cafes\/#primaryimage"},"thumbnailUrl":"https:\/\/www.sempertea.eu\/wp-content\/uploads\/2025\/05\/roibo-infusion.jpg","datePublished":"2025-05-14T07:51:57+00:00","dateModified":"2025-05-15T15:30:28+00:00","description":"Tisane rooibos cannelle bio en pyramides sans th\u00e9ine. Format vrac, id\u00e9al pour la maison, les h\u00f4tels, spas et caf\u00e9s \u00e9coresponsables.","breadcrumb":{"@id":"https:\/\/www.sempertea.eu\/fr\/the-rooibos-cannelle-pyramides-sans-plastique-pour-hotels-cafes\/#breadcrumb"},"inLanguage":"fr-FR","potentialAction":[{"@type":"ReadAction","target":["https:\/\/www.sempertea.eu\/fr\/the-rooibos-cannelle-pyramides-sans-plastique-pour-hotels-cafes\/"]}]},{"@type":"ImageObject","inLanguage":"fr-FR","@id":"https:\/\/www.sempertea.eu\/fr\/the-rooibos-cannelle-pyramides-sans-plastique-pour-hotels-cafes\/#primaryimage","url":"https:\/\/www.sempertea.eu\/wp-content\/uploads\/2025\/05\/roibo-infusion.jpg","contentUrl":"https:\/\/www.sempertea.eu\/wp-content\/uploads\/2025\/05\/roibo-infusion.jpg","width":1000,"height":1000,"caption":"roibo infusion"},{"@type":"BreadcrumbList","@id":"https:\/\/www.sempertea.eu\/fr\/the-rooibos-cannelle-pyramides-sans-plastique-pour-hotels-cafes\/#breadcrumb","itemListElement":[{"@type":"ListItem","position":1,"name":"Portada","item":"https:\/\/www.sempertea.eu\/"},{"@type":"ListItem","position":2,"name":"Tienda","item":"https:\/\/www.sempertea.eu\/tienda\/"},{"@type":"ListItem","position":3,"name":"ROOIBOS CANNELLE pyramides en vrac | Th\u00e9 rooibos cannelle"}]},{"@type":"WebSite","@id":"https:\/\/www.sempertea.eu\/#website","url":"https:\/\/www.sempertea.eu\/","name":"Semper Tea | Mayorista y fabricante de T\u00e9s e Infusiones para hoteles, restaurantes y bares","description":"T\u00e9s e infusiones para hosteler\u00eda, hoteler\u00eda y comercio","potentialAction":[{"@type":"SearchAction","target":{"@type":"EntryPoint","urlTemplate":"https:\/\/www.sempertea.eu\/?s={search_term_string}"},"query-input":{"@type":"PropertyValueSpecification","valueRequired":true,"valueName":"search_term_string"}}],"inLanguage":"fr-FR"}]}},"_links":{"self":[{"href":"https:\/\/www.sempertea.eu\/fr\/wp-json\/wp\/v2\/product\/15486","targetHints":{"allow":["GET"]}}],"collection":[{"href":"https:\/\/www.sempertea.eu\/fr\/wp-json\/wp\/v2\/product"}],"about":[{"href":"https:\/\/www.sempertea.eu\/fr\/wp-json\/wp\/v2\/types\/product"}],"replies":[{"embeddable":true,"href":"https:\/\/www.sempertea.eu\/fr\/wp-json\/wp\/v2\/comments?post=15486"}],"wp:featuredmedia":[{"embeddable":true,"href":"https:\/\/www.sempertea.eu\/fr\/wp-json\/wp\/v2\/media\/15436"}],"wp:attachment":[{"href":"https:\/\/www.sempertea.eu\/fr\/wp-json\/wp\/v2\/media?parent=15486"}],"wp:term":[{"taxonomy":"product_brand","embeddable":true,"href":"https:\/\/www.sempertea.eu\/fr\/wp-json\/wp\/v2\/product_brand?post=15486"},{"taxonomy":"product_cat","embeddable":true,"href":"https:\/\/www.sempertea.eu\/fr\/wp-json\/wp\/v2\/product_cat?post=15486"},{"taxonomy":"product_tag","embeddable":true,"href":"https:\/\/www.sempertea.eu\/fr\/wp-json\/wp\/v2\/product_tag?post=15486"}],"curies":[{"name":"wp","href":"https:\/\/api.w.org\/{rel}","templated":true}]}}