{"id":15485,"date":"2025-05-13T18:03:56","date_gmt":"2025-05-14T07:31:29","guid":{"rendered":"https:\/\/www.sempertea.eu\/rooibos-cinnamon-the-biologique-a-la-cannelle-i-the-pyramidal\/"},"modified":"2025-05-14T09:31:29","modified_gmt":"2025-05-14T07:31:29","slug":"rooibos-cinnamon-the-biologique-a-la-cannelle-i-the-pyramidal","status":"publish","type":"product","link":"https:\/\/www.sempertea.eu\/fr\/rooibos-cinnamon-the-biologique-a-la-cannelle-i-the-pyramidal\/","title":{"rendered":"ROOIBOS CINNAMON th\u00e9 biologique \u00e0 la cannelle I Th\u00e9 pyramidal"},"content":{"rendered":"<h2 data-start=\"624\" data-end=\"689\">Th\u00e9 Rooibos Cannelle bio en pyramides \u2013 <span class=\"keyword _ngcontent-gbl-112\" aria-hidden=\"false\">Tisane relaxante sans th\u00e9ine pour mieux dormir<\/span><\/h2>\n<p class=\"\" data-start=\"438\" data-end=\"827\">M\u00e9lange premium de <strong data-start=\"456\" data-end=\"478\"><a href=\"https:\/\/www.sempertea.eu\/rooibos-tiene-teina\/\">rooibos <\/a>bio et cannelle de Ceylan<\/strong>, cette infusion de la Collection <strong data-start=\"485\" data-end=\"504\">Coral <\/strong>unit la douceur <strong data-start=\"535\" data-end=\"556\">naturelle <\/strong>du th\u00e9 rooibos avec les ar\u00f4mes chauds et \u00e9pic\u00e9s de la <strong data-start=\"595\" data-end=\"615\">cannelle<\/strong>, pour une boisson sans caf\u00e9ine id\u00e9ale \u00e0 tout moment de la journ\u00e9e. L\u2019\u00e9quilibre parfait entre rondeur et caract\u00e8re fait de chaque tasse une exp\u00e9rience apaisante, pour le corps comme pour l\u2019esprit. <\/p>\n<p class=\"\" data-start=\"1116\" data-end=\"1436\"><strong data-start=\"1116\" data-end=\"1196\">Sans microplastiques<\/strong>, sans th\u00e9ine (th\u00e9 sans th\u00e9ine rooibos) et compos\u00e9e d\u2019ingr\u00e9dients bio certifi\u00e9s, cette tisane <strong data-start=\"1203\" data-end=\"1221\">rooibos cannelle<\/strong> s\u00e9duit autant par son go\u00fbt que par son engagement environnemental. Un choix id\u00e9al pour les cartes d\u2019infusions bio qui mettent en avant la provenance des plantes, le respect de la plan\u00e8te et le bien-\u00eatre du consommateur. <\/p>\n<h3 data-start=\"175\" data-end=\"215\">Cannelle le soir \u2013 Tisane relaxante \u2013 Th\u00e9 <span class=\"keyword _ngcontent-gbl-112\" aria-hidden=\"false\">bio pour la nuit<\/span><\/h3>\n<p data-start=\"217\" data-end=\"557\">Un m\u00e9lange r\u00e9confortant de rooibos bio en vrac et de cannelle en poudre, parfait pour favoriser le sommeil. Le rooibos, originaire d\u2019Afrique du Sud, est r\u00e9put\u00e9 pour ses propri\u00e9t\u00e9s <strong data-start=\"381\" data-end=\"430\">antioxydantes, digestives et anti-inflammatoires<\/strong>. Sa douceur naturelle et l\u2019absence totale de th\u00e9ine en font une infusion id\u00e9ale pour les moments de d\u00e9tente, en particulier en fin de journ\u00e9e. <\/p>\n<p data-start=\"559\" data-end=\"786\">Gr\u00e2ce \u00e0 sa faible teneur en tanins, ce th\u00e9 rouge est doux pour l\u2019estomac et favorise l\u2019\u00e9quilibre du syst\u00e8me nerveux. Une tisane enveloppante et chaleureuse, parfaite pour un moment de calme et de<strong data-start=\"746\" data-end=\"785\"> soin personnel.<\/strong> <\/p>\n<p data-start=\"788\" data-end=\"869\"><strong data-start=\"788\" data-end=\"869\">Une infusion bio pleine d\u2019\u00e2me, pens\u00e9e pour prendre soin de vous d\u00e8s la premi\u00e8re gorg\u00e9e.<\/strong><\/p>\n<h4><strong>Th\u00e9 Rooibos Cannelle pour l\u2019h\u00f4tellerie \u2013 \u00c9l\u00e9gant et biod\u00e9gradable<\/strong><\/h4>\n<p class=\"\" data-start=\"2352\" data-end=\"2700\">Le <strong data-start=\"2352\" data-end=\"2376\">rooibos <\/strong>cannelle de la Collection <strong data-start=\"2413\" data-end=\"2438\">Coral <\/strong>fait partie de notre gamme d\u2019infusions relaxantes, con\u00e7ues pour enrichir les moments de pause, am\u00e9liorer l\u2019exp\u00e9rience client et renforcer l\u2019engagement durable de votre \u00e9tablissement. Une tisane \u00e9l\u00e9gante, saine et sans d\u00e9chets, en parfaite harmonie avec les valeurs de ceux qui soignent leur offre et leur impact. <\/p>\n<p class=\"\" data-start=\"2352\" data-end=\"2700\"><span style=\"font-size: 14.4px;\">Pr\u00e9sent\u00e9e <\/span>en <strong style=\"font-size: 14.4px;\" data-start=\"853\" data-end=\"881\">pyramides biod\u00e9gradables <\/strong>pratiques, dans un <span style=\"font-size: 14.4px;\">\u00e9tui <\/span>raffin\u00e9, cette infusion a \u00e9t\u00e9 sp\u00e9cialement pens\u00e9e pour le secteur <strong style=\"font-size: 14.4px;\" data-start=\"996\" data-end=\"1006\">HORECA <\/strong>: h\u00f4tels, restaurants et caf\u00e9s qui souhaitent proposer du <span style=\"font-size: 14.4px;\">rooibos <\/span>en sachet alliant qualit\u00e9, bien-\u00eatre et respect de l\u2019environnement.<\/p>\n","protected":false},"excerpt":{"rendered":"<p><span class=\"relative -mx-px my-[-0.2rem] rounded px-px py-[0.2rem] transition-colors duration-100 ease-in-out\">Une exp\u00e9rience sensorielle unique : <strong data-start=\"57\" data-end=\"98\">Rooibos <\/strong>Cannelle \u2013 tisane bio en pyramides de la Collection <strong data-start=\"105\" data-end=\"124\">Coral<\/strong><\/span><\/p>\n<p><span class=\"relative -mx-px my-[-0.2rem] rounded px-px py-[0.2rem] transition-colors duration-100 ease-in-out\">Cette infusion marie la douceur naturelle du rooibos bio vrac avec les notes chaleureuses et \u00e9pic\u00e9es de la cannelle de Ceylan, cr\u00e9ant une boisson r\u00e9confortante sans caf\u00e9ine.<\/span> <span class=\"relative -mx-px my-[-0.2rem] rounded px-px py-[0.2rem] transition-colors duration-100 ease-in-out\">Emball\u00e9e dans des pyramides biod\u00e9gradables et un coffret \u00e9l\u00e9gant, elle est id\u00e9ale pour les professionnels recherchant \u00e0 la fois qualit\u00e9 et durabilit\u00e9.<\/span><\/p>\n<p><span class=\"relative -mx-px my-[-0.2rem] rounded px-px py-[0.2rem] transition-colors duration-100 ease-in-out\">Sans microplastiques et avec des ingr\u00e9dients certifi\u00e9s bio, cette infusion rooibos cannelle est un excellent choix pour les cartes de tisanes qui valorisent l\u2019origine des ingr\u00e9dients et les engagements \u00e9cologiques.<\/span><\/p>\n","protected":false},"featured_media":15409,"comment_status":"open","ping_status":"closed","template":"","meta":[],"product_brand":[],"product_cat":[309,310,311,312,267,298,288,299,283],"product_tag":[],"class_list":{"0":"post-15485","1":"product","2":"type-product","3":"status-publish","4":"has-post-thumbnail","6":"product_cat-collections","7":"product_cat-tous","8":"product_cat-tous-fr","9":"product_cat-tous-fr-2","10":"product_cat-the-sachet-pyramide-en-ecologique","11":"product_cat-les-varietes-de-the","12":"product_cat-the-rooibos-bio-infusion-sans-theine","13":"product_cat-the-en-pyramide-biodegradable","14":"product_cat-thes-et-infusions-biologiques-de-qualite","16":"first","17":"instock","18":"shipping-taxable","19":"purchasable","20":"product-type-simple"},"yoast_head":"<!-- This site is optimized with the Yoast SEO Premium plugin v25.9 (Yoast SEO v25.9) - https:\/\/yoast.com\/wordpress\/plugins\/seo\/ -->\n<title>Th\u00e9 Cannelle et Rooibos | Th\u00e9 premium Infusions RELAXANTES<\/title>\n<meta name=\"description\" content=\"Saveur chaude du th\u00e9 \u00e0 la cannelle et au rooibos premium. Th\u00e9 pyramidal pour h\u00f4tels et caf\u00e9s. Infusions relaxantes. Infusion relaxante. Th\u00e9 pour bien dormir.\" \/>\n<meta name=\"robots\" content=\"index, follow, max-snippet:-1, max-image-preview:large, max-video-preview:-1\" \/>\n<link rel=\"canonical\" href=\"https:\/\/www.sempertea.eu\/fr\/rooibos-cinnamon-the-biologique-a-la-cannelle-i-the-pyramidal\/\" \/>\n<meta property=\"og:locale\" content=\"fr_FR\" \/>\n<meta property=\"og:type\" content=\"article\" \/>\n<meta property=\"og:title\" content=\"ROOIBOS CINNAMON th\u00e9 biologique \u00e0 la cannelle I Th\u00e9 pyramidal\" \/>\n<meta property=\"og:description\" content=\"Saveur chaude du th\u00e9 \u00e0 la cannelle et au rooibos premium. Th\u00e9 pyramidal pour h\u00f4tels et caf\u00e9s. Infusions relaxantes. Infusion relaxante. Th\u00e9 pour bien dormir.\" \/>\n<meta property=\"og:url\" content=\"https:\/\/www.sempertea.eu\/fr\/rooibos-cinnamon-the-biologique-a-la-cannelle-i-the-pyramidal\/\" \/>\n<meta property=\"og:site_name\" content=\"Semper Tea | Mayorista y fabricante de T\u00e9s e Infusiones para hoteles, restaurantes y bares\" \/>\n<meta property=\"og:image\" content=\"https:\/\/www.sempertea.eu\/wp-content\/uploads\/2025\/05\/infusion-rooibos-con-canela-para-dormir-bien.jpg.jpg\" \/>\n\t<meta property=\"og:image:width\" content=\"1000\" \/>\n\t<meta property=\"og:image:height\" content=\"1000\" \/>\n\t<meta property=\"og:image:type\" content=\"image\/jpeg\" \/>\n<meta name=\"twitter:card\" content=\"summary_large_image\" \/>\n<meta name=\"twitter:label1\" content=\"Dur\u00e9e de lecture estim\u00e9e\" \/>\n\t<meta name=\"twitter:data1\" content=\"2 minutes\" \/>\n<script type=\"application\/ld+json\" class=\"yoast-schema-graph\">{\"@context\":\"https:\/\/schema.org\",\"@graph\":[{\"@type\":\"WebPage\",\"@id\":\"https:\/\/www.sempertea.eu\/fr\/rooibos-cinnamon-the-biologique-a-la-cannelle-i-the-pyramidal\/\",\"url\":\"https:\/\/www.sempertea.eu\/fr\/rooibos-cinnamon-the-biologique-a-la-cannelle-i-the-pyramidal\/\",\"name\":\"Th\u00e9 Cannelle et Rooibos | Th\u00e9 premium Infusions RELAXANTES\",\"isPartOf\":{\"@id\":\"https:\/\/www.sempertea.eu\/#website\"},\"primaryImageOfPage\":{\"@id\":\"https:\/\/www.sempertea.eu\/fr\/rooibos-cinnamon-the-biologique-a-la-cannelle-i-the-pyramidal\/#primaryimage\"},\"image\":{\"@id\":\"https:\/\/www.sempertea.eu\/fr\/rooibos-cinnamon-the-biologique-a-la-cannelle-i-the-pyramidal\/#primaryimage\"},\"thumbnailUrl\":\"https:\/\/www.sempertea.eu\/wp-content\/uploads\/2025\/05\/infusion-rooibos-con-canela-para-dormir-bien.jpg.jpg\",\"datePublished\":\"2025-05-14T07:31:29+00:00\",\"description\":\"Saveur chaude du th\u00e9 \u00e0 la cannelle et au rooibos premium. Th\u00e9 pyramidal pour h\u00f4tels et caf\u00e9s. Infusions relaxantes. Infusion relaxante. Th\u00e9 pour bien dormir.\",\"breadcrumb\":{\"@id\":\"https:\/\/www.sempertea.eu\/fr\/rooibos-cinnamon-the-biologique-a-la-cannelle-i-the-pyramidal\/#breadcrumb\"},\"inLanguage\":\"fr-FR\",\"potentialAction\":[{\"@type\":\"ReadAction\",\"target\":[\"https:\/\/www.sempertea.eu\/fr\/rooibos-cinnamon-the-biologique-a-la-cannelle-i-the-pyramidal\/\"]}]},{\"@type\":\"ImageObject\",\"inLanguage\":\"fr-FR\",\"@id\":\"https:\/\/www.sempertea.eu\/fr\/rooibos-cinnamon-the-biologique-a-la-cannelle-i-the-pyramidal\/#primaryimage\",\"url\":\"https:\/\/www.sempertea.eu\/wp-content\/uploads\/2025\/05\/infusion-rooibos-con-canela-para-dormir-bien.jpg.jpg\",\"contentUrl\":\"https:\/\/www.sempertea.eu\/wp-content\/uploads\/2025\/05\/infusion-rooibos-con-canela-para-dormir-bien.jpg.jpg\",\"width\":1000,\"height\":1000,\"caption\":\"Infusion rooibos con canela para dormir bien\"},{\"@type\":\"BreadcrumbList\",\"@id\":\"https:\/\/www.sempertea.eu\/fr\/rooibos-cinnamon-the-biologique-a-la-cannelle-i-the-pyramidal\/#breadcrumb\",\"itemListElement\":[{\"@type\":\"ListItem\",\"position\":1,\"name\":\"Portada\",\"item\":\"https:\/\/www.sempertea.eu\/\"},{\"@type\":\"ListItem\",\"position\":2,\"name\":\"Tienda\",\"item\":\"https:\/\/www.sempertea.eu\/tienda\/\"},{\"@type\":\"ListItem\",\"position\":3,\"name\":\"ROOIBOS CINNAMON th\u00e9 biologique \u00e0 la cannelle I Th\u00e9 pyramidal\"}]},{\"@type\":\"WebSite\",\"@id\":\"https:\/\/www.sempertea.eu\/#website\",\"url\":\"https:\/\/www.sempertea.eu\/\",\"name\":\"Semper Tea | Mayorista y fabricante de T\u00e9s e Infusiones para hoteles, restaurantes y bares\",\"description\":\"T\u00e9s e infusiones para hosteler\u00eda, hoteler\u00eda y comercio\",\"potentialAction\":[{\"@type\":\"SearchAction\",\"target\":{\"@type\":\"EntryPoint\",\"urlTemplate\":\"https:\/\/www.sempertea.eu\/?s={search_term_string}\"},\"query-input\":{\"@type\":\"PropertyValueSpecification\",\"valueRequired\":true,\"valueName\":\"search_term_string\"}}],\"inLanguage\":\"fr-FR\"}]}<\/script>\n<!-- \/ Yoast SEO Premium plugin. -->","yoast_head_json":{"title":"Th\u00e9 Cannelle et Rooibos | Th\u00e9 premium Infusions RELAXANTES","description":"Saveur chaude du th\u00e9 \u00e0 la cannelle et au rooibos premium. Th\u00e9 pyramidal pour h\u00f4tels et caf\u00e9s. Infusions relaxantes. Infusion relaxante. Th\u00e9 pour bien dormir.","robots":{"index":"index","follow":"follow","max-snippet":"max-snippet:-1","max-image-preview":"max-image-preview:large","max-video-preview":"max-video-preview:-1"},"canonical":"https:\/\/www.sempertea.eu\/fr\/rooibos-cinnamon-the-biologique-a-la-cannelle-i-the-pyramidal\/","og_locale":"fr_FR","og_type":"article","og_title":"ROOIBOS CINNAMON th\u00e9 biologique \u00e0 la cannelle I Th\u00e9 pyramidal","og_description":"Saveur chaude du th\u00e9 \u00e0 la cannelle et au rooibos premium. Th\u00e9 pyramidal pour h\u00f4tels et caf\u00e9s. Infusions relaxantes. Infusion relaxante. Th\u00e9 pour bien dormir.","og_url":"https:\/\/www.sempertea.eu\/fr\/rooibos-cinnamon-the-biologique-a-la-cannelle-i-the-pyramidal\/","og_site_name":"Semper Tea | Mayorista y fabricante de T\u00e9s e Infusiones para hoteles, restaurantes y bares","og_image":[{"width":1000,"height":1000,"url":"https:\/\/www.sempertea.eu\/wp-content\/uploads\/2025\/05\/infusion-rooibos-con-canela-para-dormir-bien.jpg.jpg","type":"image\/jpeg"}],"twitter_card":"summary_large_image","twitter_misc":{"Dur\u00e9e de lecture estim\u00e9e":"2 minutes"},"schema":{"@context":"https:\/\/schema.org","@graph":[{"@type":"WebPage","@id":"https:\/\/www.sempertea.eu\/fr\/rooibos-cinnamon-the-biologique-a-la-cannelle-i-the-pyramidal\/","url":"https:\/\/www.sempertea.eu\/fr\/rooibos-cinnamon-the-biologique-a-la-cannelle-i-the-pyramidal\/","name":"Th\u00e9 Cannelle et Rooibos | Th\u00e9 premium Infusions RELAXANTES","isPartOf":{"@id":"https:\/\/www.sempertea.eu\/#website"},"primaryImageOfPage":{"@id":"https:\/\/www.sempertea.eu\/fr\/rooibos-cinnamon-the-biologique-a-la-cannelle-i-the-pyramidal\/#primaryimage"},"image":{"@id":"https:\/\/www.sempertea.eu\/fr\/rooibos-cinnamon-the-biologique-a-la-cannelle-i-the-pyramidal\/#primaryimage"},"thumbnailUrl":"https:\/\/www.sempertea.eu\/wp-content\/uploads\/2025\/05\/infusion-rooibos-con-canela-para-dormir-bien.jpg.jpg","datePublished":"2025-05-14T07:31:29+00:00","description":"Saveur chaude du th\u00e9 \u00e0 la cannelle et au rooibos premium. Th\u00e9 pyramidal pour h\u00f4tels et caf\u00e9s. Infusions relaxantes. Infusion relaxante. Th\u00e9 pour bien dormir.","breadcrumb":{"@id":"https:\/\/www.sempertea.eu\/fr\/rooibos-cinnamon-the-biologique-a-la-cannelle-i-the-pyramidal\/#breadcrumb"},"inLanguage":"fr-FR","potentialAction":[{"@type":"ReadAction","target":["https:\/\/www.sempertea.eu\/fr\/rooibos-cinnamon-the-biologique-a-la-cannelle-i-the-pyramidal\/"]}]},{"@type":"ImageObject","inLanguage":"fr-FR","@id":"https:\/\/www.sempertea.eu\/fr\/rooibos-cinnamon-the-biologique-a-la-cannelle-i-the-pyramidal\/#primaryimage","url":"https:\/\/www.sempertea.eu\/wp-content\/uploads\/2025\/05\/infusion-rooibos-con-canela-para-dormir-bien.jpg.jpg","contentUrl":"https:\/\/www.sempertea.eu\/wp-content\/uploads\/2025\/05\/infusion-rooibos-con-canela-para-dormir-bien.jpg.jpg","width":1000,"height":1000,"caption":"Infusion rooibos con canela para dormir bien"},{"@type":"BreadcrumbList","@id":"https:\/\/www.sempertea.eu\/fr\/rooibos-cinnamon-the-biologique-a-la-cannelle-i-the-pyramidal\/#breadcrumb","itemListElement":[{"@type":"ListItem","position":1,"name":"Portada","item":"https:\/\/www.sempertea.eu\/"},{"@type":"ListItem","position":2,"name":"Tienda","item":"https:\/\/www.sempertea.eu\/tienda\/"},{"@type":"ListItem","position":3,"name":"ROOIBOS CINNAMON th\u00e9 biologique \u00e0 la cannelle I Th\u00e9 pyramidal"}]},{"@type":"WebSite","@id":"https:\/\/www.sempertea.eu\/#website","url":"https:\/\/www.sempertea.eu\/","name":"Semper Tea | Mayorista y fabricante de T\u00e9s e Infusiones para hoteles, restaurantes y bares","description":"T\u00e9s e infusiones para hosteler\u00eda, hoteler\u00eda y comercio","potentialAction":[{"@type":"SearchAction","target":{"@type":"EntryPoint","urlTemplate":"https:\/\/www.sempertea.eu\/?s={search_term_string}"},"query-input":{"@type":"PropertyValueSpecification","valueRequired":true,"valueName":"search_term_string"}}],"inLanguage":"fr-FR"}]}},"_links":{"self":[{"href":"https:\/\/www.sempertea.eu\/fr\/wp-json\/wp\/v2\/product\/15485","targetHints":{"allow":["GET"]}}],"collection":[{"href":"https:\/\/www.sempertea.eu\/fr\/wp-json\/wp\/v2\/product"}],"about":[{"href":"https:\/\/www.sempertea.eu\/fr\/wp-json\/wp\/v2\/types\/product"}],"replies":[{"embeddable":true,"href":"https:\/\/www.sempertea.eu\/fr\/wp-json\/wp\/v2\/comments?post=15485"}],"wp:featuredmedia":[{"embeddable":true,"href":"https:\/\/www.sempertea.eu\/fr\/wp-json\/wp\/v2\/media\/15409"}],"wp:attachment":[{"href":"https:\/\/www.sempertea.eu\/fr\/wp-json\/wp\/v2\/media?parent=15485"}],"wp:term":[{"taxonomy":"product_brand","embeddable":true,"href":"https:\/\/www.sempertea.eu\/fr\/wp-json\/wp\/v2\/product_brand?post=15485"},{"taxonomy":"product_cat","embeddable":true,"href":"https:\/\/www.sempertea.eu\/fr\/wp-json\/wp\/v2\/product_cat?post=15485"},{"taxonomy":"product_tag","embeddable":true,"href":"https:\/\/www.sempertea.eu\/fr\/wp-json\/wp\/v2\/product_tag?post=15485"}],"curies":[{"name":"wp","href":"https:\/\/api.w.org\/{rel}","templated":true}]}}