{"id":15442,"date":"2025-05-12T16:38:16","date_gmt":"2025-05-12T15:44:53","guid":{"rendered":"https:\/\/www.sempertea.eu\/jasmine-pyramides-en-vrac-the-vert\/"},"modified":"2025-05-15T15:48:19","modified_gmt":"2025-05-15T13:48:19","slug":"jasmine-pyramides-en-vrac-the-vert","status":"publish","type":"product","link":"https:\/\/www.sempertea.eu\/fr\/jasmine-pyramides-en-vrac-the-vert\/","title":{"rendered":"JASMINE pyramides en vrac | Th\u00e9 vert"},"content":{"rendered":"<h2 data-start=\"149\" data-end=\"218\">Th\u00e9 au jasmin chinois \u2013 Th\u00e9 vert en pyramides \u00e9cologiques en vrac<\/h2>\n<p data-start=\"220\" data-end=\"613\">D\u00e9licatement floral, doux et \u00e9quilibr\u00e9 : le <strong data-start=\"264\" data-end=\"289\">th\u00e9 au jasmin chinois<\/strong> de Semper Tea se distingue par son \u00e9l\u00e9gance naturelle. \u00c9labor\u00e9 \u00e0 partir de <strong data-start=\"365\" data-end=\"417\">th\u00e9 vert au jasmin biologique de qualit\u00e9 premium<\/strong> et de v\u00e9ritables fleurs de jasmin, cette infusion offre une exp\u00e9rience sensorielle raffin\u00e9e, o\u00f9 chaque gorg\u00e9e r\u00e9v\u00e8le le caract\u00e8re apaisant et aromatique de cette vari\u00e9t\u00e9 orientale traditionnelle.<\/p>\n<p data-start=\"615\" data-end=\"908\">Chaque <strong data-start=\"622\" data-end=\"653\">pyramide \u00e9cologique en vrac<\/strong> contient des feuilles enti\u00e8res, assurant une extraction optimale des ar\u00f4mes et des saveurs. Sans plastique, sans suremballage individuel, dans un format <strong data-start=\"807\" data-end=\"835\">biod\u00e9gradable et durable<\/strong>, c\u2019est une option id\u00e9ale pour un service respectueux de l\u2019environnement.<\/p>\n<p data-start=\"910\" data-end=\"1335\">Ce <strong data-start=\"913\" data-end=\"938\">th\u00e9 au jasmin en vrac<\/strong> est con\u00e7u pour les professionnels qui recherchent la qualit\u00e9 et le sens du d\u00e9tail. Son format en pyramide permet un <strong data-start=\"1055\" data-end=\"1097\">service rapide, \u00e9l\u00e9gant et fonctionnel<\/strong>, parfait pour les petits-d\u00e9jeuners d\u2019h\u00f4tel, les buffets, les caf\u00e9s, les espaces en libre-service ou les services \u00e0 fort volume. Le co\u00fbt ma\u00eetris\u00e9 par tasse en fait une solution efficace sans compromettre l\u2019exp\u00e9rience haut de gamme du th\u00e9.<\/p>\n<p data-start=\"1337\" data-end=\"1513\">Si vous cherchez \u00e0 <strong data-start=\"1356\" data-end=\"1409\">acheter du th\u00e9 au jasmin pour votre \u00e9tablissement<\/strong>, cette vari\u00e9t\u00e9 s\u2019adapte parfaitement aux cartes de th\u00e9, aux espaces bien-\u00eatre ou aux salles de r\u00e9union.<\/p>\n<p data-start=\"1515\" data-end=\"1686\">Le <strong data-start=\"1518\" data-end=\"1539\">th\u00e9 bio au jasmin<\/strong> de Semper Tea est bien plus qu\u2019une infusion : c\u2019est un moment de bien-\u00eatre et de raffinement, propos\u00e9 dans sa version la plus pratique et durable.<\/p>\n","protected":false},"excerpt":{"rendered":"<p><strong>Th\u00e9 vert au jasmin bio \u2013 China Jasmine Chun Hao Superior Quin<\/strong><\/p>\n<p>M\u00e9lange d\u00e9licat de th\u00e9 vert biologique et de fleurs de jasmin fra\u00eeches, aromatis\u00e9 selon une m\u00e9thode traditionnelle. L\u00e9ger, floral et doux \u2013 id\u00e9al pour une pause d\u00e9tente ou une infusion rafra\u00eechissante.<\/p>\n<p><strong>Origine<\/strong> : Chine<br \/>\n<strong>Ar\u00f4me <\/strong>: Floral, \u00e9l\u00e9gant, persistant<br \/>\n<strong>Temp\u00e9rature optimale<\/strong>: 85\u202f\u00b0C<br \/>\n<strong>Temps d&rsquo;infusion <\/strong>: 3 minutes<br \/>\n<strong>Parfait pour <\/strong>: \u00c0 boire seul, froid ou chaud.<br \/>\n<strong>Format<\/strong> : Pyramides en vrac<\/p>\n<p><strong>Disfrute de la aut\u00e9ntica experiencia del t\u00e9 de jazm\u00edn durante todo el a\u00f1o.<\/strong><\/p>\n","protected":false},"featured_media":15398,"comment_status":"open","ping_status":"closed","template":"","meta":[],"product_brand":[],"product_cat":[271,298,299,283,287,310,311,316],"product_tag":[323],"class_list":{"0":"post-15442","1":"product","2":"type-product","3":"status-publish","4":"has-post-thumbnail","6":"product_cat-the-en-pyramides-vrac-sans-plastique-bio","7":"product_cat-les-varietes-de-the","8":"product_cat-the-en-pyramide-biodegradable","9":"product_cat-thes-et-infusions-biologiques-de-qualite","10":"product_cat-the-vert-biologique-ou-acheter","11":"product_cat-tous","12":"product_cat-tous-fr","13":"product_cat-uncategorized-fr","14":"product_tag-lava40-fr","16":"first","17":"instock","18":"shipping-taxable","19":"purchasable","20":"product-type-variable"},"yoast_head":"<!-- This site is optimized with the Yoast SEO Premium plugin v27.3 (Yoast SEO v27.4) - https:\/\/yoast.com\/product\/yoast-seo-premium-wordpress\/ -->\n<title>Th\u00e9 vert jasmin bio \u2013 Piramides en vrac | SANS microplastique<\/title>\n<meta name=\"description\" content=\"Pyramides de th\u00e9 vert au jasmin chinois en vrac, biologiques et sans microplastique. Pour les buffets, les caf\u00e9s ou un usage fr\u00e9quent sans sacrifier la qualit\u00e9 ni l&#039;esth\u00e9tique.\" \/>\n<meta name=\"robots\" content=\"index, follow, max-snippet:-1, max-image-preview:large, max-video-preview:-1\" \/>\n<link rel=\"canonical\" href=\"https:\/\/www.sempertea.eu\/fr\/jasmine-pyramides-en-vrac-the-vert\/\" \/>\n<meta property=\"og:locale\" content=\"fr_FR\" \/>\n<meta property=\"og:type\" content=\"article\" \/>\n<meta property=\"og:title\" content=\"JASMINE pyramides en vrac | Th\u00e9 vert\" \/>\n<meta property=\"og:description\" content=\"Pyramides de th\u00e9 vert au jasmin chinois en vrac, biologiques et sans microplastique. Pour les buffets, les caf\u00e9s ou un usage fr\u00e9quent sans sacrifier la qualit\u00e9 ni l&#039;esth\u00e9tique.\" \/>\n<meta property=\"og:url\" content=\"https:\/\/www.sempertea.eu\/fr\/jasmine-pyramides-en-vrac-the-vert\/\" \/>\n<meta property=\"og:site_name\" content=\"Semper Tea | Mayorista y fabricante de T\u00e9s e Infusiones para hoteles, restaurantes y bares\" \/>\n<meta property=\"article:modified_time\" content=\"2025-05-15T13:48:19+00:00\" \/>\n<meta property=\"og:image\" content=\"https:\/\/www.sempertea.eu\/wp-content\/uploads\/2025\/05\/te-verde-jazmin-a-granel.jpg\" \/>\n\t<meta property=\"og:image:width\" content=\"1000\" \/>\n\t<meta property=\"og:image:height\" content=\"1000\" \/>\n\t<meta property=\"og:image:type\" content=\"image\/jpeg\" \/>\n<meta name=\"twitter:card\" content=\"summary_large_image\" \/>\n<meta name=\"twitter:label1\" content=\"Dur\u00e9e de lecture estim\u00e9e\" \/>\n\t<meta name=\"twitter:data1\" content=\"2 minutes\" \/>\n<script type=\"application\/ld+json\" class=\"yoast-schema-graph\">{\"@context\":\"https:\\\/\\\/schema.org\",\"@graph\":[{\"@type\":\"WebPage\",\"@id\":\"https:\\\/\\\/www.sempertea.eu\\\/fr\\\/jasmine-pyramides-en-vrac-the-vert\\\/\",\"url\":\"https:\\\/\\\/www.sempertea.eu\\\/fr\\\/jasmine-pyramides-en-vrac-the-vert\\\/\",\"name\":\"Th\u00e9 vert jasmin bio \u2013 Piramides en vrac | SANS microplastique\",\"isPartOf\":{\"@id\":\"https:\\\/\\\/www.sempertea.eu\\\/#website\"},\"primaryImageOfPage\":{\"@id\":\"https:\\\/\\\/www.sempertea.eu\\\/fr\\\/jasmine-pyramides-en-vrac-the-vert\\\/#primaryimage\"},\"image\":{\"@id\":\"https:\\\/\\\/www.sempertea.eu\\\/fr\\\/jasmine-pyramides-en-vrac-the-vert\\\/#primaryimage\"},\"thumbnailUrl\":\"https:\\\/\\\/www.sempertea.eu\\\/wp-content\\\/uploads\\\/2025\\\/05\\\/te-verde-jazmin-a-granel.jpg\",\"datePublished\":\"2025-05-12T15:44:53+00:00\",\"dateModified\":\"2025-05-15T13:48:19+00:00\",\"description\":\"Pyramides de th\u00e9 vert au jasmin chinois en vrac, biologiques et sans microplastique. Pour les buffets, les caf\u00e9s ou un usage fr\u00e9quent sans sacrifier la qualit\u00e9 ni l'esth\u00e9tique.\",\"breadcrumb\":{\"@id\":\"https:\\\/\\\/www.sempertea.eu\\\/fr\\\/jasmine-pyramides-en-vrac-the-vert\\\/#breadcrumb\"},\"inLanguage\":\"fr-FR\",\"potentialAction\":[{\"@type\":\"ReadAction\",\"target\":[\"https:\\\/\\\/www.sempertea.eu\\\/fr\\\/jasmine-pyramides-en-vrac-the-vert\\\/\"]}]},{\"@type\":\"ImageObject\",\"inLanguage\":\"fr-FR\",\"@id\":\"https:\\\/\\\/www.sempertea.eu\\\/fr\\\/jasmine-pyramides-en-vrac-the-vert\\\/#primaryimage\",\"url\":\"https:\\\/\\\/www.sempertea.eu\\\/wp-content\\\/uploads\\\/2025\\\/05\\\/te-verde-jazmin-a-granel.jpg\",\"contentUrl\":\"https:\\\/\\\/www.sempertea.eu\\\/wp-content\\\/uploads\\\/2025\\\/05\\\/te-verde-jazmin-a-granel.jpg\",\"width\":1000,\"height\":1000,\"caption\":\"Te verde jazmin a granel\"},{\"@type\":\"BreadcrumbList\",\"@id\":\"https:\\\/\\\/www.sempertea.eu\\\/fr\\\/jasmine-pyramides-en-vrac-the-vert\\\/#breadcrumb\",\"itemListElement\":[{\"@type\":\"ListItem\",\"position\":1,\"name\":\"Portada\",\"item\":\"https:\\\/\\\/www.sempertea.eu\\\/\"},{\"@type\":\"ListItem\",\"position\":2,\"name\":\"Tienda\",\"item\":\"https:\\\/\\\/www.sempertea.eu\\\/tienda\\\/\"},{\"@type\":\"ListItem\",\"position\":3,\"name\":\"JASMINE pyramides en vrac | Th\u00e9 vert\"}]},{\"@type\":\"WebSite\",\"@id\":\"https:\\\/\\\/www.sempertea.eu\\\/#website\",\"url\":\"https:\\\/\\\/www.sempertea.eu\\\/\",\"name\":\"Semper Tea | Mayorista y fabricante de T\u00e9s e Infusiones para hoteles, restaurantes y bares\",\"description\":\"T\u00e9s e infusiones para hosteler\u00eda, hoteler\u00eda y comercio\",\"potentialAction\":[{\"@type\":\"SearchAction\",\"target\":{\"@type\":\"EntryPoint\",\"urlTemplate\":\"https:\\\/\\\/www.sempertea.eu\\\/?s={search_term_string}\"},\"query-input\":{\"@type\":\"PropertyValueSpecification\",\"valueRequired\":true,\"valueName\":\"search_term_string\"}}],\"inLanguage\":\"fr-FR\"}]}<\/script>\n<!-- \/ Yoast SEO Premium plugin. -->","yoast_head_json":{"title":"Th\u00e9 vert jasmin bio \u2013 Piramides en vrac | SANS microplastique","description":"Pyramides de th\u00e9 vert au jasmin chinois en vrac, biologiques et sans microplastique. Pour les buffets, les caf\u00e9s ou un usage fr\u00e9quent sans sacrifier la qualit\u00e9 ni l'esth\u00e9tique.","robots":{"index":"index","follow":"follow","max-snippet":"max-snippet:-1","max-image-preview":"max-image-preview:large","max-video-preview":"max-video-preview:-1"},"canonical":"https:\/\/www.sempertea.eu\/fr\/jasmine-pyramides-en-vrac-the-vert\/","og_locale":"fr_FR","og_type":"article","og_title":"JASMINE pyramides en vrac | Th\u00e9 vert","og_description":"Pyramides de th\u00e9 vert au jasmin chinois en vrac, biologiques et sans microplastique. Pour les buffets, les caf\u00e9s ou un usage fr\u00e9quent sans sacrifier la qualit\u00e9 ni l'esth\u00e9tique.","og_url":"https:\/\/www.sempertea.eu\/fr\/jasmine-pyramides-en-vrac-the-vert\/","og_site_name":"Semper Tea | Mayorista y fabricante de T\u00e9s e Infusiones para hoteles, restaurantes y bares","article_modified_time":"2025-05-15T13:48:19+00:00","og_image":[{"width":1000,"height":1000,"url":"https:\/\/www.sempertea.eu\/wp-content\/uploads\/2025\/05\/te-verde-jazmin-a-granel.jpg","type":"image\/jpeg"}],"twitter_card":"summary_large_image","twitter_misc":{"Dur\u00e9e de lecture estim\u00e9e":"2 minutes"},"schema":{"@context":"https:\/\/schema.org","@graph":[{"@type":"WebPage","@id":"https:\/\/www.sempertea.eu\/fr\/jasmine-pyramides-en-vrac-the-vert\/","url":"https:\/\/www.sempertea.eu\/fr\/jasmine-pyramides-en-vrac-the-vert\/","name":"Th\u00e9 vert jasmin bio \u2013 Piramides en vrac | SANS microplastique","isPartOf":{"@id":"https:\/\/www.sempertea.eu\/#website"},"primaryImageOfPage":{"@id":"https:\/\/www.sempertea.eu\/fr\/jasmine-pyramides-en-vrac-the-vert\/#primaryimage"},"image":{"@id":"https:\/\/www.sempertea.eu\/fr\/jasmine-pyramides-en-vrac-the-vert\/#primaryimage"},"thumbnailUrl":"https:\/\/www.sempertea.eu\/wp-content\/uploads\/2025\/05\/te-verde-jazmin-a-granel.jpg","datePublished":"2025-05-12T15:44:53+00:00","dateModified":"2025-05-15T13:48:19+00:00","description":"Pyramides de th\u00e9 vert au jasmin chinois en vrac, biologiques et sans microplastique. Pour les buffets, les caf\u00e9s ou un usage fr\u00e9quent sans sacrifier la qualit\u00e9 ni l'esth\u00e9tique.","breadcrumb":{"@id":"https:\/\/www.sempertea.eu\/fr\/jasmine-pyramides-en-vrac-the-vert\/#breadcrumb"},"inLanguage":"fr-FR","potentialAction":[{"@type":"ReadAction","target":["https:\/\/www.sempertea.eu\/fr\/jasmine-pyramides-en-vrac-the-vert\/"]}]},{"@type":"ImageObject","inLanguage":"fr-FR","@id":"https:\/\/www.sempertea.eu\/fr\/jasmine-pyramides-en-vrac-the-vert\/#primaryimage","url":"https:\/\/www.sempertea.eu\/wp-content\/uploads\/2025\/05\/te-verde-jazmin-a-granel.jpg","contentUrl":"https:\/\/www.sempertea.eu\/wp-content\/uploads\/2025\/05\/te-verde-jazmin-a-granel.jpg","width":1000,"height":1000,"caption":"Te verde jazmin a granel"},{"@type":"BreadcrumbList","@id":"https:\/\/www.sempertea.eu\/fr\/jasmine-pyramides-en-vrac-the-vert\/#breadcrumb","itemListElement":[{"@type":"ListItem","position":1,"name":"Portada","item":"https:\/\/www.sempertea.eu\/"},{"@type":"ListItem","position":2,"name":"Tienda","item":"https:\/\/www.sempertea.eu\/tienda\/"},{"@type":"ListItem","position":3,"name":"JASMINE pyramides en vrac | Th\u00e9 vert"}]},{"@type":"WebSite","@id":"https:\/\/www.sempertea.eu\/#website","url":"https:\/\/www.sempertea.eu\/","name":"Semper Tea | Mayorista y fabricante de T\u00e9s e Infusiones para hoteles, restaurantes y bares","description":"T\u00e9s e infusiones para hosteler\u00eda, hoteler\u00eda y comercio","potentialAction":[{"@type":"SearchAction","target":{"@type":"EntryPoint","urlTemplate":"https:\/\/www.sempertea.eu\/?s={search_term_string}"},"query-input":{"@type":"PropertyValueSpecification","valueRequired":true,"valueName":"search_term_string"}}],"inLanguage":"fr-FR"}]}},"_links":{"self":[{"href":"https:\/\/www.sempertea.eu\/fr\/wp-json\/wp\/v2\/product\/15442","targetHints":{"allow":["GET"]}}],"collection":[{"href":"https:\/\/www.sempertea.eu\/fr\/wp-json\/wp\/v2\/product"}],"about":[{"href":"https:\/\/www.sempertea.eu\/fr\/wp-json\/wp\/v2\/types\/product"}],"replies":[{"embeddable":true,"href":"https:\/\/www.sempertea.eu\/fr\/wp-json\/wp\/v2\/comments?post=15442"}],"wp:featuredmedia":[{"embeddable":true,"href":"https:\/\/www.sempertea.eu\/fr\/wp-json\/wp\/v2\/media\/15398"}],"wp:attachment":[{"href":"https:\/\/www.sempertea.eu\/fr\/wp-json\/wp\/v2\/media?parent=15442"}],"wp:term":[{"taxonomy":"product_brand","embeddable":true,"href":"https:\/\/www.sempertea.eu\/fr\/wp-json\/wp\/v2\/product_brand?post=15442"},{"taxonomy":"product_cat","embeddable":true,"href":"https:\/\/www.sempertea.eu\/fr\/wp-json\/wp\/v2\/product_cat?post=15442"},{"taxonomy":"product_tag","embeddable":true,"href":"https:\/\/www.sempertea.eu\/fr\/wp-json\/wp\/v2\/product_tag?post=15442"}],"curies":[{"name":"wp","href":"https:\/\/api.w.org\/{rel}","templated":true}]}}