{"id":15438,"date":"2025-05-12T16:56:58","date_gmt":"2025-05-12T14:56:58","guid":{"rendered":"https:\/\/www.sempertea.eu\/jasmine-the-vert-au-jasmin-bio-i-vrac-en-sachet\/"},"modified":"2025-07-19T16:57:01","modified_gmt":"2025-07-19T14:57:01","slug":"the-vert-au-jasmin-en-vrac-pour-professionnels-particuliers","status":"publish","type":"product","link":"https:\/\/www.sempertea.eu\/fr\/the-vert-au-jasmin-en-vrac-pour-professionnels-particuliers\/","title":{"rendered":"JASMINE Th\u00e9 vert au jasmin bio I Vrac en sachet"},"content":{"rendered":"<h1 data-start=\"188\" data-end=\"243\">Th\u00e9 Vert au Jasmin Bio en vrac \u2013 Pour professionnels et particuliers<\/h1>\n<p data-start=\"143\" data-end=\"486\">Le <strong data-start=\"146\" data-end=\"193\">th\u00e9 vert au jasmin biologique de Semper Tea<\/strong> est un m\u00e9lange raffin\u00e9 de th\u00e9 vert en vrac et de v\u00e9ritables fleurs de jasmin, naturellement infus\u00e9es selon un proc\u00e9d\u00e9 traditionnel \u00e0 la vapeur. Cette m\u00e9thode permet aux notes florales d\u00e9licates de se lier subtilement au th\u00e9, offrant une infusion de jasmin douce, parfum\u00e9e et riche en nuances.<\/p>\n<p data-start=\"488\" data-end=\"845\">Ce th\u00e9 est parfait aussi bien pour une d\u00e9gustation <strong data-start=\"539\" data-end=\"554\">\u00e0 la maison<\/strong> que pour une utilisation <strong data-start=\"580\" data-end=\"599\">professionnelle<\/strong>. Il convient particuli\u00e8rement aux <strong data-start=\"634\" data-end=\"657\">h\u00f4tels, caf\u00e9s, spas<\/strong> et <strong data-start=\"661\" data-end=\"685\">centres de bien-\u00eatre<\/strong> qui souhaitent proposer une boisson <strong data-start=\"722\" data-end=\"757\">saine, aromatique et \u00e9cologique<\/strong>, id\u00e9ale pour le service du petit-d\u00e9jeuner, les cartes de th\u00e9s ou les espaces bien-\u00eatre.<\/p>\n<p data-start=\"847\" data-end=\"1021\">Si vous \u00eates <strong data-start=\"860\" data-end=\"890\">grossiste en infusions bio<\/strong>, cette r\u00e9f\u00e9rence constitue une solution <strong data-start=\"931\" data-end=\"956\">polyvalente, \u00e9l\u00e9gante<\/strong> et en parfaite ad\u00e9quation avec les tendances durables actuelles.<\/p>\n<p data-start=\"1023\" data-end=\"1126\">Nous proposons un <strong data-start=\"1041\" data-end=\"1072\">service de livraison de th\u00e9<\/strong>, pour les particuliers comme pour les professionnels.<\/p>\n<p data-start=\"1128\" data-end=\"1376\">Acheter du <strong data-start=\"1139\" data-end=\"1170\">th\u00e9 vert en vrac biologique<\/strong>, c\u2019est aujourd\u2019hui plus simple et plus \u00e9cologique que jamais. Que ce soit pour offrir une exp\u00e9rience raffin\u00e9e \u00e0 vos clients ou pour savourer un moment de bien-\u00eatre chez vous, ce th\u00e9 est un excellent choix.<\/p>\n","protected":false},"excerpt":{"rendered":"<p><strong>Th\u00e9 vert au jasmin bio \u2013 China Jasmine Chun Hao Superior Quin<\/strong><\/p>\n<p>M\u00e9lange d\u00e9licat de th\u00e9 vert biologique et de fleurs de jasmin fra\u00eeches, aromatis\u00e9 selon une m\u00e9thode traditionnelle. L\u00e9ger, floral et doux \u2013 id\u00e9al pour une pause d\u00e9tente ou une infusion rafra\u00eechissante.<\/p>\n<p><strong>Origine<\/strong> : Chine<br \/>\n<strong>Ar\u00f4me <\/strong>: Floral, \u00e9l\u00e9gant, persistant<br \/>\n<strong>Temp\u00e9rature optimale<\/strong>: 85\u202f\u00b0C<br \/>\n<strong>Temps d&rsquo;infusion <\/strong>: 3 minutes<br \/>\n<strong>Parfait pour <\/strong>: \u00c0 boire seul, froid ou chaud.<br \/>\n<strong>Format<\/strong> : en vrac<\/p>\n<p><strong>Disfrute de la aut\u00e9ntica experiencia del t\u00e9 de jazm\u00edn durante todo el a\u00f1o.<\/strong><\/p>\n","protected":false},"featured_media":16158,"comment_status":"open","ping_status":"closed","template":"","meta":[],"product_brand":[],"product_cat":[380,309,315,298,283,287,310,311,312,316],"product_tag":[322],"class_list":{"0":"post-15438","1":"product","2":"type-product","3":"status-publish","4":"has-post-thumbnail","6":"product_cat-the-bio-en-vrac-grossiste-vente-en-ligne","7":"product_cat-collections","8":"product_cat-acheter-du-the-en-vrac-biologique","9":"product_cat-les-varietes-de-the","10":"product_cat-thes-et-infusions-biologiques-de-qualite","11":"product_cat-the-vert-biologique-ou-acheter","12":"product_cat-tous","13":"product_cat-tous-fr","14":"product_cat-tous-fr-2","15":"product_cat-uncategorized-fr","16":"product_tag-the-de-feuilles-ou-the-de-fleurs-entieres","18":"first","19":"instock","20":"shipping-taxable","21":"purchasable","22":"product-type-variable"},"yoast_head":"<!-- This site is optimized with the Yoast SEO Premium plugin v27.3 (Yoast SEO v27.4) - https:\/\/yoast.com\/product\/yoast-seo-premium-wordpress\/ -->\n<title>Th\u00e9 Vert au Jasmin Bio en Vrac pour Professionnels et Particuliers<\/title>\n<meta name=\"description\" content=\"Th\u00e9 vert au jasmin 100 % biologique et sans ar\u00f4mes artificiels. Achetez en vrac et savourez une infusion pure, naturelle et durable. Livraison \u00e0 domicile.\" \/>\n<meta name=\"robots\" content=\"index, follow, max-snippet:-1, max-image-preview:large, max-video-preview:-1\" \/>\n<link rel=\"canonical\" href=\"https:\/\/www.sempertea.eu\/fr\/the-vert-au-jasmin-en-vrac-pour-professionnels-particuliers\/\" \/>\n<meta property=\"og:locale\" content=\"fr_FR\" \/>\n<meta property=\"og:type\" content=\"article\" \/>\n<meta property=\"og:title\" content=\"JASMINE Th\u00e9 vert au jasmin bio I Vrac en sachet\" \/>\n<meta property=\"og:description\" content=\"Th\u00e9 vert au jasmin 100 % biologique et sans ar\u00f4mes artificiels. Achetez en vrac et savourez une infusion pure, naturelle et durable. Livraison \u00e0 domicile.\" \/>\n<meta property=\"og:url\" content=\"https:\/\/www.sempertea.eu\/fr\/the-vert-au-jasmin-en-vrac-pour-professionnels-particuliers\/\" \/>\n<meta property=\"og:site_name\" content=\"Semper Tea | Mayorista y fabricante de T\u00e9s e Infusiones para hoteles, restaurantes y bares\" \/>\n<meta property=\"article:modified_time\" content=\"2025-07-19T14:57:01+00:00\" \/>\n<meta property=\"og:image\" content=\"https:\/\/www.sempertea.eu\/wp-content\/uploads\/2025\/06\/te-verde-jazmin-granel-floral-suave-gourmet-semper-tea.jpg\" \/>\n\t<meta property=\"og:image:width\" content=\"595\" \/>\n\t<meta property=\"og:image:height\" content=\"595\" \/>\n\t<meta property=\"og:image:type\" content=\"image\/jpeg\" \/>\n<meta name=\"twitter:card\" content=\"summary_large_image\" \/>\n<meta name=\"twitter:label1\" content=\"Dur\u00e9e de lecture estim\u00e9e\" \/>\n\t<meta name=\"twitter:data1\" content=\"2 minutes\" \/>\n<script type=\"application\/ld+json\" class=\"yoast-schema-graph\">{\"@context\":\"https:\\\/\\\/schema.org\",\"@graph\":[{\"@type\":\"WebPage\",\"@id\":\"https:\\\/\\\/www.sempertea.eu\\\/fr\\\/the-vert-au-jasmin-en-vrac-pour-professionnels-particuliers\\\/\",\"url\":\"https:\\\/\\\/www.sempertea.eu\\\/fr\\\/the-vert-au-jasmin-en-vrac-pour-professionnels-particuliers\\\/\",\"name\":\"Th\u00e9 Vert au Jasmin Bio en Vrac pour Professionnels et Particuliers\",\"isPartOf\":{\"@id\":\"https:\\\/\\\/www.sempertea.eu\\\/#website\"},\"primaryImageOfPage\":{\"@id\":\"https:\\\/\\\/www.sempertea.eu\\\/fr\\\/the-vert-au-jasmin-en-vrac-pour-professionnels-particuliers\\\/#primaryimage\"},\"image\":{\"@id\":\"https:\\\/\\\/www.sempertea.eu\\\/fr\\\/the-vert-au-jasmin-en-vrac-pour-professionnels-particuliers\\\/#primaryimage\"},\"thumbnailUrl\":\"https:\\\/\\\/www.sempertea.eu\\\/wp-content\\\/uploads\\\/2025\\\/06\\\/te-verde-jazmin-granel-floral-suave-gourmet-semper-tea.jpg\",\"datePublished\":\"2025-05-12T14:56:58+00:00\",\"dateModified\":\"2025-07-19T14:57:01+00:00\",\"description\":\"Th\u00e9 vert au jasmin 100 % biologique et sans ar\u00f4mes artificiels. Achetez en vrac et savourez une infusion pure, naturelle et durable. Livraison \u00e0 domicile.\",\"breadcrumb\":{\"@id\":\"https:\\\/\\\/www.sempertea.eu\\\/fr\\\/the-vert-au-jasmin-en-vrac-pour-professionnels-particuliers\\\/#breadcrumb\"},\"inLanguage\":\"fr-FR\",\"potentialAction\":[{\"@type\":\"ReadAction\",\"target\":[\"https:\\\/\\\/www.sempertea.eu\\\/fr\\\/the-vert-au-jasmin-en-vrac-pour-professionnels-particuliers\\\/\"]}]},{\"@type\":\"ImageObject\",\"inLanguage\":\"fr-FR\",\"@id\":\"https:\\\/\\\/www.sempertea.eu\\\/fr\\\/the-vert-au-jasmin-en-vrac-pour-professionnels-particuliers\\\/#primaryimage\",\"url\":\"https:\\\/\\\/www.sempertea.eu\\\/wp-content\\\/uploads\\\/2025\\\/06\\\/te-verde-jazmin-granel-floral-suave-gourmet-semper-tea.jpg\",\"contentUrl\":\"https:\\\/\\\/www.sempertea.eu\\\/wp-content\\\/uploads\\\/2025\\\/06\\\/te-verde-jazmin-granel-floral-suave-gourmet-semper-tea.jpg\",\"width\":595,\"height\":595,\"caption\":\"te verde jazmin granel floral suave gourmet semper tea\"},{\"@type\":\"BreadcrumbList\",\"@id\":\"https:\\\/\\\/www.sempertea.eu\\\/fr\\\/the-vert-au-jasmin-en-vrac-pour-professionnels-particuliers\\\/#breadcrumb\",\"itemListElement\":[{\"@type\":\"ListItem\",\"position\":1,\"name\":\"Portada\",\"item\":\"https:\\\/\\\/www.sempertea.eu\\\/\"},{\"@type\":\"ListItem\",\"position\":2,\"name\":\"Tienda\",\"item\":\"https:\\\/\\\/www.sempertea.eu\\\/tienda\\\/\"},{\"@type\":\"ListItem\",\"position\":3,\"name\":\"JASMINE Th\u00e9 vert au jasmin bio I Vrac en sachet\"}]},{\"@type\":\"WebSite\",\"@id\":\"https:\\\/\\\/www.sempertea.eu\\\/#website\",\"url\":\"https:\\\/\\\/www.sempertea.eu\\\/\",\"name\":\"Semper Tea | Mayorista y fabricante de T\u00e9s e Infusiones para hoteles, restaurantes y bares\",\"description\":\"T\u00e9s e infusiones para hosteler\u00eda, hoteler\u00eda y comercio\",\"potentialAction\":[{\"@type\":\"SearchAction\",\"target\":{\"@type\":\"EntryPoint\",\"urlTemplate\":\"https:\\\/\\\/www.sempertea.eu\\\/?s={search_term_string}\"},\"query-input\":{\"@type\":\"PropertyValueSpecification\",\"valueRequired\":true,\"valueName\":\"search_term_string\"}}],\"inLanguage\":\"fr-FR\"}]}<\/script>\n<!-- \/ Yoast SEO Premium plugin. -->","yoast_head_json":{"title":"Th\u00e9 Vert au Jasmin Bio en Vrac pour Professionnels et Particuliers","description":"Th\u00e9 vert au jasmin 100 % biologique et sans ar\u00f4mes artificiels. Achetez en vrac et savourez une infusion pure, naturelle et durable. Livraison \u00e0 domicile.","robots":{"index":"index","follow":"follow","max-snippet":"max-snippet:-1","max-image-preview":"max-image-preview:large","max-video-preview":"max-video-preview:-1"},"canonical":"https:\/\/www.sempertea.eu\/fr\/the-vert-au-jasmin-en-vrac-pour-professionnels-particuliers\/","og_locale":"fr_FR","og_type":"article","og_title":"JASMINE Th\u00e9 vert au jasmin bio I Vrac en sachet","og_description":"Th\u00e9 vert au jasmin 100 % biologique et sans ar\u00f4mes artificiels. Achetez en vrac et savourez une infusion pure, naturelle et durable. Livraison \u00e0 domicile.","og_url":"https:\/\/www.sempertea.eu\/fr\/the-vert-au-jasmin-en-vrac-pour-professionnels-particuliers\/","og_site_name":"Semper Tea | Mayorista y fabricante de T\u00e9s e Infusiones para hoteles, restaurantes y bares","article_modified_time":"2025-07-19T14:57:01+00:00","og_image":[{"width":595,"height":595,"url":"https:\/\/www.sempertea.eu\/wp-content\/uploads\/2025\/06\/te-verde-jazmin-granel-floral-suave-gourmet-semper-tea.jpg","type":"image\/jpeg"}],"twitter_card":"summary_large_image","twitter_misc":{"Dur\u00e9e de lecture estim\u00e9e":"2 minutes"},"schema":{"@context":"https:\/\/schema.org","@graph":[{"@type":"WebPage","@id":"https:\/\/www.sempertea.eu\/fr\/the-vert-au-jasmin-en-vrac-pour-professionnels-particuliers\/","url":"https:\/\/www.sempertea.eu\/fr\/the-vert-au-jasmin-en-vrac-pour-professionnels-particuliers\/","name":"Th\u00e9 Vert au Jasmin Bio en Vrac pour Professionnels et Particuliers","isPartOf":{"@id":"https:\/\/www.sempertea.eu\/#website"},"primaryImageOfPage":{"@id":"https:\/\/www.sempertea.eu\/fr\/the-vert-au-jasmin-en-vrac-pour-professionnels-particuliers\/#primaryimage"},"image":{"@id":"https:\/\/www.sempertea.eu\/fr\/the-vert-au-jasmin-en-vrac-pour-professionnels-particuliers\/#primaryimage"},"thumbnailUrl":"https:\/\/www.sempertea.eu\/wp-content\/uploads\/2025\/06\/te-verde-jazmin-granel-floral-suave-gourmet-semper-tea.jpg","datePublished":"2025-05-12T14:56:58+00:00","dateModified":"2025-07-19T14:57:01+00:00","description":"Th\u00e9 vert au jasmin 100 % biologique et sans ar\u00f4mes artificiels. Achetez en vrac et savourez une infusion pure, naturelle et durable. Livraison \u00e0 domicile.","breadcrumb":{"@id":"https:\/\/www.sempertea.eu\/fr\/the-vert-au-jasmin-en-vrac-pour-professionnels-particuliers\/#breadcrumb"},"inLanguage":"fr-FR","potentialAction":[{"@type":"ReadAction","target":["https:\/\/www.sempertea.eu\/fr\/the-vert-au-jasmin-en-vrac-pour-professionnels-particuliers\/"]}]},{"@type":"ImageObject","inLanguage":"fr-FR","@id":"https:\/\/www.sempertea.eu\/fr\/the-vert-au-jasmin-en-vrac-pour-professionnels-particuliers\/#primaryimage","url":"https:\/\/www.sempertea.eu\/wp-content\/uploads\/2025\/06\/te-verde-jazmin-granel-floral-suave-gourmet-semper-tea.jpg","contentUrl":"https:\/\/www.sempertea.eu\/wp-content\/uploads\/2025\/06\/te-verde-jazmin-granel-floral-suave-gourmet-semper-tea.jpg","width":595,"height":595,"caption":"te verde jazmin granel floral suave gourmet semper tea"},{"@type":"BreadcrumbList","@id":"https:\/\/www.sempertea.eu\/fr\/the-vert-au-jasmin-en-vrac-pour-professionnels-particuliers\/#breadcrumb","itemListElement":[{"@type":"ListItem","position":1,"name":"Portada","item":"https:\/\/www.sempertea.eu\/"},{"@type":"ListItem","position":2,"name":"Tienda","item":"https:\/\/www.sempertea.eu\/tienda\/"},{"@type":"ListItem","position":3,"name":"JASMINE Th\u00e9 vert au jasmin bio I Vrac en sachet"}]},{"@type":"WebSite","@id":"https:\/\/www.sempertea.eu\/#website","url":"https:\/\/www.sempertea.eu\/","name":"Semper Tea | Mayorista y fabricante de T\u00e9s e Infusiones para hoteles, restaurantes y bares","description":"T\u00e9s e infusiones para hosteler\u00eda, hoteler\u00eda y comercio","potentialAction":[{"@type":"SearchAction","target":{"@type":"EntryPoint","urlTemplate":"https:\/\/www.sempertea.eu\/?s={search_term_string}"},"query-input":{"@type":"PropertyValueSpecification","valueRequired":true,"valueName":"search_term_string"}}],"inLanguage":"fr-FR"}]}},"_links":{"self":[{"href":"https:\/\/www.sempertea.eu\/fr\/wp-json\/wp\/v2\/product\/15438","targetHints":{"allow":["GET"]}}],"collection":[{"href":"https:\/\/www.sempertea.eu\/fr\/wp-json\/wp\/v2\/product"}],"about":[{"href":"https:\/\/www.sempertea.eu\/fr\/wp-json\/wp\/v2\/types\/product"}],"replies":[{"embeddable":true,"href":"https:\/\/www.sempertea.eu\/fr\/wp-json\/wp\/v2\/comments?post=15438"}],"wp:featuredmedia":[{"embeddable":true,"href":"https:\/\/www.sempertea.eu\/fr\/wp-json\/wp\/v2\/media\/16158"}],"wp:attachment":[{"href":"https:\/\/www.sempertea.eu\/fr\/wp-json\/wp\/v2\/media?parent=15438"}],"wp:term":[{"taxonomy":"product_brand","embeddable":true,"href":"https:\/\/www.sempertea.eu\/fr\/wp-json\/wp\/v2\/product_brand?post=15438"},{"taxonomy":"product_cat","embeddable":true,"href":"https:\/\/www.sempertea.eu\/fr\/wp-json\/wp\/v2\/product_cat?post=15438"},{"taxonomy":"product_tag","embeddable":true,"href":"https:\/\/www.sempertea.eu\/fr\/wp-json\/wp\/v2\/product_tag?post=15438"}],"curies":[{"name":"wp","href":"https:\/\/api.w.org\/{rel}","templated":true}]}}