{"id":15231,"date":"2025-04-29T18:42:29","date_gmt":"2025-04-30T14:52:51","guid":{"rendered":"https:\/\/www.sempertea.eu\/jasmine-the-vert-biologique-i-pyramid-tea\/"},"modified":"2025-05-12T17:11:59","modified_gmt":"2025-05-12T15:11:59","slug":"the-vert-au-jasmin-bio-en-pyramides","status":"publish","type":"product","link":"https:\/\/www.sempertea.eu\/fr\/the-vert-au-jasmin-bio-en-pyramides\/","title":{"rendered":"JASMINE Th\u00e9 vert biologique I Pyramid Tea"},"content":{"rendered":"<h2>Th\u00e9 vert au jasmin bio \u2013 China Jasmine Chun Hao Superior Quin | Bienfaits &amp; infusion fleur de jasmin<\/h2>\n<p><strong><a href=\"https:\/\/www.sempertea.eu\/fr\/the-sachet-pyramide-en-ecologique\/\">Ligne Coral<\/a> | \u00c9cologique | En pyramides biod\u00e9gradables<\/strong><\/p>\n<p>Laissez-vous s\u00e9duire par l\u2019\u00e9l\u00e9gance florale du nouveau<strong> th\u00e9 vert au <a href=\"https:\/\/www.wikiphyto.org\/wiki\/Jasmin_%C3%A0_grandes_fleurs\">jasmin<\/a> bio<\/strong> de la ligne Coral. \u00c9labor\u00e9 \u00e0 partir de feuilles de th\u00e9 vert biologique et de fleurs de jasmin fra\u00eeches r\u00e9colt\u00e9es pendant leur courte floraison en Chine, ce th\u00e9 au jasmin offre une infusion jasmin l\u00e9g\u00e8re, d\u00e9licatement parfum\u00e9e, parfaite \u00e0 tout moment de la journ\u00e9e.<\/p>\n<p>Le processus d\u2019aromatisation suit une tradition ancestrale : les feuilles de th\u00e9 vert sont d\u00e9licatement superpos\u00e9es avec des fleurs de jasmin fra\u00eeches, permettant au th\u00e9 au jasmin d\u2019absorber naturellement leur parfum. Une fois l\u2019\u00e9quilibre parfait atteint, les fleurs sont retir\u00e9es afin d\u2019\u00e9viter toute amertume. On obtient ainsi un th\u00e9 jasmin raffin\u00e9, doux et au parfum floral persistant.<\/p>\n<p data-start=\"342\" data-end=\"658\">Offrez \u00e0 vos clients un moment d\u2019exception avec notre <strong data-start=\"396\" data-end=\"422\">th\u00e9 vert au jasmin bio<\/strong> en format <strong data-start=\"433\" data-end=\"458\">pyramide individuelle<\/strong> de la <strong data-start=\"465\" data-end=\"480\">ligne Coral<\/strong>. Chaque sachet contient un m\u00e9lange d\u00e9licat de <strong data-start=\"527\" data-end=\"546\">th\u00e9 vert jasmin<\/strong> s\u00e9ch\u00e9es naturellement, pour une <strong data-start=\"606\" data-end=\"628\">infusion de jasmin<\/strong> douce, florale et \u00e9quilibr\u00e9e.<\/p>\n<p data-start=\"660\" data-end=\"906\">Ce format est id\u00e9al pour les h\u00f4tels, spas, restaurants et espaces haut de gamme, alliant \u00e9l\u00e9gance, praticit\u00e9 et respect de l\u2019environnement. Les pyramides sont <strong data-start=\"819\" data-end=\"855\">biod\u00e9gradables et sans plastique<\/strong>, parfaites pour un service premium sans compromis.<\/p>\n<p data-start=\"908\" data-end=\"1089\">D\u00e9couvrez les <strong data-start=\"922\" data-end=\"952\">bienfaits du th\u00e9 au jasmin<\/strong> : d\u00e9tente, antioxydants naturels et saveur unique \u00e0 chaque tasse.<br data-start=\"1018\" data-end=\"1021\" \/>Un des meilleurs choix pour les amateurs de <strong data-start=\"1065\" data-end=\"1088\">th\u00e9 vert jasmin bio<\/strong>.<\/p>\n<p>Parfait pour les h\u00f4tels, caf\u00e9s, bureaux ou tout simplement \u00e0 la maison, ce th\u00e9 vert au jasmin est une invitation \u00e0 une pause aromatique et \u00e0 se reconnecter \u00e0 l\u2019essentiel.<\/p>\n","protected":false},"excerpt":{"rendered":"<p><strong>Th\u00e9 vert au jasmin bio \u2013 China Jasmine Chun Hao Superior Quin<\/strong><\/p>\n<p>M\u00e9lange d\u00e9licat de th\u00e9 vert biologique et de fleurs de jasmin fra\u00eeches, aromatis\u00e9 selon une m\u00e9thode traditionnelle. L\u00e9ger, floral et doux \u2013 id\u00e9al pour une pause d\u00e9tente ou une infusion rafra\u00eechissante.<\/p>\n<p><strong>Origine<\/strong> : Chine<br \/>\n<strong>Ar\u00f4me <\/strong>: Floral, \u00e9l\u00e9gant, persistant<br \/>\n<strong>Temp\u00e9rature optimale<\/strong>: 85\u202f\u00b0C<br \/>\n<strong>Temps d&rsquo;infusion <\/strong>: 3 minutes<br \/>\n<strong>Parfait pour <\/strong>: \u00c0 boire seul, froid ou chaud.<br \/>\n<strong>Format<\/strong> : 18 pyramides biod\u00e9gradables<\/p>\n<p><strong>Profitez de l\u2019exp\u00e9rience authentique du th\u00e9 au jasmin tout au long de l\u2019ann\u00e9e.<\/strong><\/p>\n","protected":false},"featured_media":15130,"comment_status":"open","ping_status":"closed","template":"","meta":[],"product_brand":[],"product_cat":[309,267,298,299,283,287,311,312,310],"product_tag":[],"class_list":{"0":"post-15231","1":"product","2":"type-product","3":"status-publish","4":"has-post-thumbnail","6":"product_cat-collections","7":"product_cat-the-sachet-pyramide-en-ecologique","8":"product_cat-les-varietes-de-the","9":"product_cat-the-en-pyramide-biodegradable","10":"product_cat-thes-et-infusions-biologiques-de-qualite","11":"product_cat-the-vert-biologique-ou-acheter","12":"product_cat-tous-fr","13":"product_cat-tous-fr-2","14":"product_cat-tous","16":"first","17":"instock","18":"shipping-taxable","19":"purchasable","20":"product-type-simple"},"yoast_head":"<!-- This site is optimized with the Yoast SEO Premium plugin v27.3 (Yoast SEO v27.3) - https:\/\/yoast.com\/product\/yoast-seo-premium-wordpress\/ -->\n<title>Th\u00e9 vert au jasmin bio pyramides | Bienfaits infusion fleur de jasmin<\/title>\n<meta name=\"description\" content=\"Th\u00e9 vert au jasmin bio en sachets pyramides biod\u00e9gradables, id\u00e9al pour savourer ar\u00f4me et fra\u00eecheur avec une touche \u00e9cologique.\" \/>\n<meta name=\"robots\" content=\"index, follow, max-snippet:-1, max-image-preview:large, max-video-preview:-1\" \/>\n<link rel=\"canonical\" href=\"https:\/\/www.sempertea.eu\/fr\/the-vert-au-jasmin-bio-en-pyramides\/\" \/>\n<meta property=\"og:locale\" content=\"fr_FR\" \/>\n<meta property=\"og:type\" content=\"article\" \/>\n<meta property=\"og:title\" content=\"JASMINE Th\u00e9 vert biologique I Pyramid Tea\" \/>\n<meta property=\"og:description\" content=\"Th\u00e9 vert au jasmin bio en sachets pyramides biod\u00e9gradables, id\u00e9al pour savourer ar\u00f4me et fra\u00eecheur avec une touche \u00e9cologique.\" \/>\n<meta property=\"og:url\" content=\"https:\/\/www.sempertea.eu\/fr\/the-vert-au-jasmin-bio-en-pyramides\/\" \/>\n<meta property=\"og:site_name\" content=\"Semper Tea | Mayorista y fabricante de T\u00e9s e Infusiones para hoteles, restaurantes y bares\" \/>\n<meta property=\"article:modified_time\" content=\"2025-05-12T15:11:59+00:00\" \/>\n<meta property=\"og:image\" content=\"https:\/\/www.sempertea.eu\/wp-content\/uploads\/2025\/04\/flores-jazmin-hojas-te-verde.jpg.jpg\" \/>\n\t<meta property=\"og:image:width\" content=\"1000\" \/>\n\t<meta property=\"og:image:height\" content=\"1000\" \/>\n\t<meta property=\"og:image:type\" content=\"image\/jpeg\" \/>\n<meta name=\"twitter:card\" content=\"summary_large_image\" \/>\n<meta name=\"twitter:label1\" content=\"Dur\u00e9e de lecture estim\u00e9e\" \/>\n\t<meta name=\"twitter:data1\" content=\"2 minutes\" \/>\n<script type=\"application\/ld+json\" class=\"yoast-schema-graph\">{\"@context\":\"https:\\\/\\\/schema.org\",\"@graph\":[{\"@type\":\"WebPage\",\"@id\":\"https:\\\/\\\/www.sempertea.eu\\\/fr\\\/the-vert-au-jasmin-bio-en-pyramides\\\/\",\"url\":\"https:\\\/\\\/www.sempertea.eu\\\/fr\\\/the-vert-au-jasmin-bio-en-pyramides\\\/\",\"name\":\"Th\u00e9 vert au jasmin bio pyramides | Bienfaits infusion fleur de jasmin\",\"isPartOf\":{\"@id\":\"https:\\\/\\\/www.sempertea.eu\\\/#website\"},\"primaryImageOfPage\":{\"@id\":\"https:\\\/\\\/www.sempertea.eu\\\/fr\\\/the-vert-au-jasmin-bio-en-pyramides\\\/#primaryimage\"},\"image\":{\"@id\":\"https:\\\/\\\/www.sempertea.eu\\\/fr\\\/the-vert-au-jasmin-bio-en-pyramides\\\/#primaryimage\"},\"thumbnailUrl\":\"https:\\\/\\\/www.sempertea.eu\\\/wp-content\\\/uploads\\\/2025\\\/04\\\/flores-jazmin-hojas-te-verde.jpg.jpg\",\"datePublished\":\"2025-04-30T14:52:51+00:00\",\"dateModified\":\"2025-05-12T15:11:59+00:00\",\"description\":\"Th\u00e9 vert au jasmin bio en sachets pyramides biod\u00e9gradables, id\u00e9al pour savourer ar\u00f4me et fra\u00eecheur avec une touche \u00e9cologique.\",\"breadcrumb\":{\"@id\":\"https:\\\/\\\/www.sempertea.eu\\\/fr\\\/the-vert-au-jasmin-bio-en-pyramides\\\/#breadcrumb\"},\"inLanguage\":\"fr-FR\",\"potentialAction\":[{\"@type\":\"ReadAction\",\"target\":[\"https:\\\/\\\/www.sempertea.eu\\\/fr\\\/the-vert-au-jasmin-bio-en-pyramides\\\/\"]}]},{\"@type\":\"ImageObject\",\"inLanguage\":\"fr-FR\",\"@id\":\"https:\\\/\\\/www.sempertea.eu\\\/fr\\\/the-vert-au-jasmin-bio-en-pyramides\\\/#primaryimage\",\"url\":\"https:\\\/\\\/www.sempertea.eu\\\/wp-content\\\/uploads\\\/2025\\\/04\\\/flores-jazmin-hojas-te-verde.jpg.jpg\",\"contentUrl\":\"https:\\\/\\\/www.sempertea.eu\\\/wp-content\\\/uploads\\\/2025\\\/04\\\/flores-jazmin-hojas-te-verde.jpg.jpg\",\"width\":1000,\"height\":1000,\"caption\":\"Flores frescas de jazm\u00edn y hojas de t\u00e9 verde\"},{\"@type\":\"BreadcrumbList\",\"@id\":\"https:\\\/\\\/www.sempertea.eu\\\/fr\\\/the-vert-au-jasmin-bio-en-pyramides\\\/#breadcrumb\",\"itemListElement\":[{\"@type\":\"ListItem\",\"position\":1,\"name\":\"Portada\",\"item\":\"https:\\\/\\\/www.sempertea.eu\\\/\"},{\"@type\":\"ListItem\",\"position\":2,\"name\":\"Tienda\",\"item\":\"https:\\\/\\\/www.sempertea.eu\\\/tienda\\\/\"},{\"@type\":\"ListItem\",\"position\":3,\"name\":\"JASMINE Th\u00e9 vert biologique I Pyramid Tea\"}]},{\"@type\":\"WebSite\",\"@id\":\"https:\\\/\\\/www.sempertea.eu\\\/#website\",\"url\":\"https:\\\/\\\/www.sempertea.eu\\\/\",\"name\":\"Semper Tea | Mayorista y fabricante de T\u00e9s e Infusiones para hoteles, restaurantes y bares\",\"description\":\"T\u00e9s e infusiones para hosteler\u00eda, hoteler\u00eda y comercio\",\"potentialAction\":[{\"@type\":\"SearchAction\",\"target\":{\"@type\":\"EntryPoint\",\"urlTemplate\":\"https:\\\/\\\/www.sempertea.eu\\\/?s={search_term_string}\"},\"query-input\":{\"@type\":\"PropertyValueSpecification\",\"valueRequired\":true,\"valueName\":\"search_term_string\"}}],\"inLanguage\":\"fr-FR\"}]}<\/script>\n<!-- \/ Yoast SEO Premium plugin. -->","yoast_head_json":{"title":"Th\u00e9 vert au jasmin bio pyramides | Bienfaits infusion fleur de jasmin","description":"Th\u00e9 vert au jasmin bio en sachets pyramides biod\u00e9gradables, id\u00e9al pour savourer ar\u00f4me et fra\u00eecheur avec une touche \u00e9cologique.","robots":{"index":"index","follow":"follow","max-snippet":"max-snippet:-1","max-image-preview":"max-image-preview:large","max-video-preview":"max-video-preview:-1"},"canonical":"https:\/\/www.sempertea.eu\/fr\/the-vert-au-jasmin-bio-en-pyramides\/","og_locale":"fr_FR","og_type":"article","og_title":"JASMINE Th\u00e9 vert biologique I Pyramid Tea","og_description":"Th\u00e9 vert au jasmin bio en sachets pyramides biod\u00e9gradables, id\u00e9al pour savourer ar\u00f4me et fra\u00eecheur avec une touche \u00e9cologique.","og_url":"https:\/\/www.sempertea.eu\/fr\/the-vert-au-jasmin-bio-en-pyramides\/","og_site_name":"Semper Tea | Mayorista y fabricante de T\u00e9s e Infusiones para hoteles, restaurantes y bares","article_modified_time":"2025-05-12T15:11:59+00:00","og_image":[{"width":1000,"height":1000,"url":"https:\/\/www.sempertea.eu\/wp-content\/uploads\/2025\/04\/flores-jazmin-hojas-te-verde.jpg.jpg","type":"image\/jpeg"}],"twitter_card":"summary_large_image","twitter_misc":{"Dur\u00e9e de lecture estim\u00e9e":"2 minutes"},"schema":{"@context":"https:\/\/schema.org","@graph":[{"@type":"WebPage","@id":"https:\/\/www.sempertea.eu\/fr\/the-vert-au-jasmin-bio-en-pyramides\/","url":"https:\/\/www.sempertea.eu\/fr\/the-vert-au-jasmin-bio-en-pyramides\/","name":"Th\u00e9 vert au jasmin bio pyramides | Bienfaits infusion fleur de jasmin","isPartOf":{"@id":"https:\/\/www.sempertea.eu\/#website"},"primaryImageOfPage":{"@id":"https:\/\/www.sempertea.eu\/fr\/the-vert-au-jasmin-bio-en-pyramides\/#primaryimage"},"image":{"@id":"https:\/\/www.sempertea.eu\/fr\/the-vert-au-jasmin-bio-en-pyramides\/#primaryimage"},"thumbnailUrl":"https:\/\/www.sempertea.eu\/wp-content\/uploads\/2025\/04\/flores-jazmin-hojas-te-verde.jpg.jpg","datePublished":"2025-04-30T14:52:51+00:00","dateModified":"2025-05-12T15:11:59+00:00","description":"Th\u00e9 vert au jasmin bio en sachets pyramides biod\u00e9gradables, id\u00e9al pour savourer ar\u00f4me et fra\u00eecheur avec une touche \u00e9cologique.","breadcrumb":{"@id":"https:\/\/www.sempertea.eu\/fr\/the-vert-au-jasmin-bio-en-pyramides\/#breadcrumb"},"inLanguage":"fr-FR","potentialAction":[{"@type":"ReadAction","target":["https:\/\/www.sempertea.eu\/fr\/the-vert-au-jasmin-bio-en-pyramides\/"]}]},{"@type":"ImageObject","inLanguage":"fr-FR","@id":"https:\/\/www.sempertea.eu\/fr\/the-vert-au-jasmin-bio-en-pyramides\/#primaryimage","url":"https:\/\/www.sempertea.eu\/wp-content\/uploads\/2025\/04\/flores-jazmin-hojas-te-verde.jpg.jpg","contentUrl":"https:\/\/www.sempertea.eu\/wp-content\/uploads\/2025\/04\/flores-jazmin-hojas-te-verde.jpg.jpg","width":1000,"height":1000,"caption":"Flores frescas de jazm\u00edn y hojas de t\u00e9 verde"},{"@type":"BreadcrumbList","@id":"https:\/\/www.sempertea.eu\/fr\/the-vert-au-jasmin-bio-en-pyramides\/#breadcrumb","itemListElement":[{"@type":"ListItem","position":1,"name":"Portada","item":"https:\/\/www.sempertea.eu\/"},{"@type":"ListItem","position":2,"name":"Tienda","item":"https:\/\/www.sempertea.eu\/tienda\/"},{"@type":"ListItem","position":3,"name":"JASMINE Th\u00e9 vert biologique I Pyramid Tea"}]},{"@type":"WebSite","@id":"https:\/\/www.sempertea.eu\/#website","url":"https:\/\/www.sempertea.eu\/","name":"Semper Tea | Mayorista y fabricante de T\u00e9s e Infusiones para hoteles, restaurantes y bares","description":"T\u00e9s e infusiones para hosteler\u00eda, hoteler\u00eda y comercio","potentialAction":[{"@type":"SearchAction","target":{"@type":"EntryPoint","urlTemplate":"https:\/\/www.sempertea.eu\/?s={search_term_string}"},"query-input":{"@type":"PropertyValueSpecification","valueRequired":true,"valueName":"search_term_string"}}],"inLanguage":"fr-FR"}]}},"_links":{"self":[{"href":"https:\/\/www.sempertea.eu\/fr\/wp-json\/wp\/v2\/product\/15231","targetHints":{"allow":["GET"]}}],"collection":[{"href":"https:\/\/www.sempertea.eu\/fr\/wp-json\/wp\/v2\/product"}],"about":[{"href":"https:\/\/www.sempertea.eu\/fr\/wp-json\/wp\/v2\/types\/product"}],"replies":[{"embeddable":true,"href":"https:\/\/www.sempertea.eu\/fr\/wp-json\/wp\/v2\/comments?post=15231"}],"wp:featuredmedia":[{"embeddable":true,"href":"https:\/\/www.sempertea.eu\/fr\/wp-json\/wp\/v2\/media\/15130"}],"wp:attachment":[{"href":"https:\/\/www.sempertea.eu\/fr\/wp-json\/wp\/v2\/media?parent=15231"}],"wp:term":[{"taxonomy":"product_brand","embeddable":true,"href":"https:\/\/www.sempertea.eu\/fr\/wp-json\/wp\/v2\/product_brand?post=15231"},{"taxonomy":"product_cat","embeddable":true,"href":"https:\/\/www.sempertea.eu\/fr\/wp-json\/wp\/v2\/product_cat?post=15231"},{"taxonomy":"product_tag","embeddable":true,"href":"https:\/\/www.sempertea.eu\/fr\/wp-json\/wp\/v2\/product_tag?post=15231"}],"curies":[{"name":"wp","href":"https:\/\/api.w.org\/{rel}","templated":true}]}}