{"id":15037,"date":"2025-01-30T17:08:20","date_gmt":"2025-04-25T06:55:29","guid":{"rendered":"https:\/\/www.sempertea.eu\/coffret-cadeau-avec-infusions-the-elegance-avec-tasse-isotherme\/"},"modified":"2025-04-25T08:55:29","modified_gmt":"2025-04-25T06:55:29","slug":"coffret-cadeau-avec-infusions-the-elegance-avec-tasse-isotherme","status":"publish","type":"product","link":"https:\/\/www.sempertea.eu\/fr\/coffret-cadeau-avec-infusions-the-elegance-avec-tasse-isotherme\/","title":{"rendered":"Coffret cadeau avec infusions | Th\u00e9 &amp; \u00c9l\u00e9gance avec tasse isotherme"},"content":{"rendered":"<h1>Coffret cadeau avec infusions \u2013 Th\u00e9 &amp; \u00c9l\u00e9gance pour chaque instant<\/h1>\n<p>Un cadeau qui allie beaut\u00e9, durabilit\u00e9 et bien-\u00eatre dans les moindres d\u00e9tails. Le coffret cadeau est le choix id\u00e9al pour ceux qui appr\u00e9cient le th\u00e9 biologique haut de gamme avec une touche de sophistication. <\/p>\n<p>Avec une s\u00e9lection de th\u00e9s biologiques, une \u00e9l\u00e9gante tasse isotherme en acier inoxydable rose et un s<strong>ac fourre-tout en coton recycl\u00e9<\/strong>, cet ensemble offre une exp\u00e9rience unique et agr\u00e9able.<\/p>\n<p>Parfait comme<strong> cadeau original pour les amateurs de th\u00e9<\/strong>, pour ceux qui recherchent un <strong>cadeau \u00e9l\u00e9gant avec des infusions<\/strong> de qualit\u00e9 et sans microplastique. Dans un sac biod\u00e9gradable et compostable. <\/p>\n<p>Un coffret de th\u00e9 bio qui allie saveur, fonctionnalit\u00e9 et design dans un seul cadeau.<\/p>\n<p>Offrez un moment de bien-\u00eatre \u00e0 chaque gorg\u00e9e.<\/p>\n","protected":false},"excerpt":{"rendered":"<p>Pour les personnes \u00e9l\u00e9gantes et amateurs de d\u00e9tails uniques.<\/p>\n<p>Comprend :<br \/>\n\ud83c\udf43 <strong>Th\u00e9 vert pur biologique<\/strong> en 15 pyramides \u2013 Naturel, rafra\u00eechissant et riche en antioxydants pour revitaliser le corps et l&rsquo;esprit.<br \/>\n\ud83c\udf4f <strong>Th\u00e9 r\u00e9glisse pomme menthe biologique<\/strong> en 15 pyramides \u2013 Doux, \u00e9quilibr\u00e9 et avec une touche herbac\u00e9e qui le rend irr\u00e9sistible.<br \/>\n\ud83d\udc96 <strong>Tasse isotherme Heart of Gold Ros\u00e9 (0,35 L)<\/strong> \u2013 Tasse isotherme en acier inoxydable, design \u00e9l\u00e9gant en rose, garde les boissons chaudes ou froides jusqu&rsquo;\u00e0 3 heures.<br \/>\n\ud83c\udf3f <strong>Sac fourre-tout en coton recycl\u00e9<\/strong> \u2013 Un d\u00e9tail \u00e9cologique et polyvalent, id\u00e9al pour transporter vos essentiels avec style.<\/p>\n<p>\u2728 <strong>Un cadeau sophistiqu\u00e9 et pratique, id\u00e9al pour les amateurs de th\u00e9<\/strong>, parfait pour offrir lors d&rsquo;occasions sp\u00e9ciales.<\/p>\n","protected":false},"featured_media":13693,"comment_status":"open","ping_status":"closed","template":"","meta":[],"product_brand":[],"product_cat":[365,313,371,367,370],"product_tag":[368],"class_list":{"0":"post-15037","1":"product","2":"type-product","3":"status-publish","4":"has-post-thumbnail","6":"product_cat-amoureux-du-the-tea-lover","7":"product_cat-cadeaux","8":"product_cat-cadeaux-de-la-saint-valentin","9":"product_cat-details-de-lanniversaire","10":"product_cat-packs-fete-des-meres","11":"product_tag-packs-et-cadeaux-pour-les-amateurs-de-the","13":"first","14":"instock","15":"shipping-taxable","16":"purchasable","17":"product-type-simple"},"yoast_head":"<!-- This site is optimized with the Yoast SEO Premium plugin v27.3 (Yoast SEO v27.3) - https:\/\/yoast.com\/product\/yoast-seo-premium-wordpress\/ -->\n<title>Coffret cadeau avec infusions BIO | Th\u00e9 et \u00e9l\u00e9gance avec tasse isotherme<\/title>\n<meta name=\"description\" content=\"Coffret exclusif contenant des th\u00e9s bio premium, une tasse isotherme en acier inoxydable ros\u00e9 et un sac fourre-tout recycl\u00e9. Un cadeau sophistiqu\u00e9 et durable pour les amateurs de th\u00e9.\" \/>\n<meta name=\"robots\" content=\"index, follow, max-snippet:-1, max-image-preview:large, max-video-preview:-1\" \/>\n<link rel=\"canonical\" href=\"https:\/\/www.sempertea.eu\/fr\/coffret-cadeau-avec-infusions-the-elegance-avec-tasse-isotherme\/\" \/>\n<meta property=\"og:locale\" content=\"fr_FR\" \/>\n<meta property=\"og:type\" content=\"article\" \/>\n<meta property=\"og:title\" content=\"Coffret cadeau avec infusions | Th\u00e9 &amp; \u00c9l\u00e9gance avec tasse isotherme\" \/>\n<meta property=\"og:description\" content=\"Coffret exclusif contenant des th\u00e9s bio premium, une tasse isotherme en acier inoxydable ros\u00e9 et un sac fourre-tout recycl\u00e9. Un cadeau sophistiqu\u00e9 et durable pour les amateurs de th\u00e9.\" \/>\n<meta property=\"og:url\" content=\"https:\/\/www.sempertea.eu\/fr\/coffret-cadeau-avec-infusions-the-elegance-avec-tasse-isotherme\/\" \/>\n<meta property=\"og:site_name\" content=\"Semper Tea | Mayorista y fabricante de T\u00e9s e Infusiones para hoteles, restaurantes y bares\" \/>\n<meta property=\"og:image\" content=\"https:\/\/www.sempertea.eu\/wp-content\/uploads\/2025\/01\/taza-termo-con-te-para-regalar-01.jpg\" \/>\n\t<meta property=\"og:image:width\" content=\"1000\" \/>\n\t<meta property=\"og:image:height\" content=\"1000\" \/>\n\t<meta property=\"og:image:type\" content=\"image\/jpeg\" \/>\n<meta name=\"twitter:card\" content=\"summary_large_image\" \/>\n<meta name=\"twitter:label1\" content=\"Dur\u00e9e de lecture estim\u00e9e\" \/>\n\t<meta name=\"twitter:data1\" content=\"1 minute\" \/>\n<script type=\"application\/ld+json\" class=\"yoast-schema-graph\">{\"@context\":\"https:\\\/\\\/schema.org\",\"@graph\":[{\"@type\":\"WebPage\",\"@id\":\"https:\\\/\\\/www.sempertea.eu\\\/fr\\\/coffret-cadeau-avec-infusions-the-elegance-avec-tasse-isotherme\\\/\",\"url\":\"https:\\\/\\\/www.sempertea.eu\\\/fr\\\/coffret-cadeau-avec-infusions-the-elegance-avec-tasse-isotherme\\\/\",\"name\":\"Coffret cadeau avec infusions BIO | Th\u00e9 et \u00e9l\u00e9gance avec tasse isotherme\",\"isPartOf\":{\"@id\":\"https:\\\/\\\/www.sempertea.eu\\\/#website\"},\"primaryImageOfPage\":{\"@id\":\"https:\\\/\\\/www.sempertea.eu\\\/fr\\\/coffret-cadeau-avec-infusions-the-elegance-avec-tasse-isotherme\\\/#primaryimage\"},\"image\":{\"@id\":\"https:\\\/\\\/www.sempertea.eu\\\/fr\\\/coffret-cadeau-avec-infusions-the-elegance-avec-tasse-isotherme\\\/#primaryimage\"},\"thumbnailUrl\":\"https:\\\/\\\/www.sempertea.eu\\\/wp-content\\\/uploads\\\/2025\\\/01\\\/taza-termo-con-te-para-regalar-01.jpg\",\"datePublished\":\"2025-04-25T06:55:29+00:00\",\"description\":\"Coffret exclusif contenant des th\u00e9s bio premium, une tasse isotherme en acier inoxydable ros\u00e9 et un sac fourre-tout recycl\u00e9. Un cadeau sophistiqu\u00e9 et durable pour les amateurs de th\u00e9.\",\"breadcrumb\":{\"@id\":\"https:\\\/\\\/www.sempertea.eu\\\/fr\\\/coffret-cadeau-avec-infusions-the-elegance-avec-tasse-isotherme\\\/#breadcrumb\"},\"inLanguage\":\"fr-FR\",\"potentialAction\":[{\"@type\":\"ReadAction\",\"target\":[\"https:\\\/\\\/www.sempertea.eu\\\/fr\\\/coffret-cadeau-avec-infusions-the-elegance-avec-tasse-isotherme\\\/\"]}]},{\"@type\":\"ImageObject\",\"inLanguage\":\"fr-FR\",\"@id\":\"https:\\\/\\\/www.sempertea.eu\\\/fr\\\/coffret-cadeau-avec-infusions-the-elegance-avec-tasse-isotherme\\\/#primaryimage\",\"url\":\"https:\\\/\\\/www.sempertea.eu\\\/wp-content\\\/uploads\\\/2025\\\/01\\\/taza-termo-con-te-para-regalar-01.jpg\",\"contentUrl\":\"https:\\\/\\\/www.sempertea.eu\\\/wp-content\\\/uploads\\\/2025\\\/01\\\/taza-termo-con-te-para-regalar-01.jpg\",\"width\":1000,\"height\":1000,\"caption\":\"taza termo con te para regalar\"},{\"@type\":\"BreadcrumbList\",\"@id\":\"https:\\\/\\\/www.sempertea.eu\\\/fr\\\/coffret-cadeau-avec-infusions-the-elegance-avec-tasse-isotherme\\\/#breadcrumb\",\"itemListElement\":[{\"@type\":\"ListItem\",\"position\":1,\"name\":\"Portada\",\"item\":\"https:\\\/\\\/www.sempertea.eu\\\/\"},{\"@type\":\"ListItem\",\"position\":2,\"name\":\"Tienda\",\"item\":\"https:\\\/\\\/www.sempertea.eu\\\/tienda\\\/\"},{\"@type\":\"ListItem\",\"position\":3,\"name\":\"Coffret cadeau avec infusions | Th\u00e9 &amp; \u00c9l\u00e9gance avec tasse isotherme\"}]},{\"@type\":\"WebSite\",\"@id\":\"https:\\\/\\\/www.sempertea.eu\\\/#website\",\"url\":\"https:\\\/\\\/www.sempertea.eu\\\/\",\"name\":\"Semper Tea | Mayorista y fabricante de T\u00e9s e Infusiones para hoteles, restaurantes y bares\",\"description\":\"T\u00e9s e infusiones para hosteler\u00eda, hoteler\u00eda y comercio\",\"potentialAction\":[{\"@type\":\"SearchAction\",\"target\":{\"@type\":\"EntryPoint\",\"urlTemplate\":\"https:\\\/\\\/www.sempertea.eu\\\/?s={search_term_string}\"},\"query-input\":{\"@type\":\"PropertyValueSpecification\",\"valueRequired\":true,\"valueName\":\"search_term_string\"}}],\"inLanguage\":\"fr-FR\"}]}<\/script>\n<!-- \/ Yoast SEO Premium plugin. -->","yoast_head_json":{"title":"Coffret cadeau avec infusions BIO | Th\u00e9 et \u00e9l\u00e9gance avec tasse isotherme","description":"Coffret exclusif contenant des th\u00e9s bio premium, une tasse isotherme en acier inoxydable ros\u00e9 et un sac fourre-tout recycl\u00e9. Un cadeau sophistiqu\u00e9 et durable pour les amateurs de th\u00e9.","robots":{"index":"index","follow":"follow","max-snippet":"max-snippet:-1","max-image-preview":"max-image-preview:large","max-video-preview":"max-video-preview:-1"},"canonical":"https:\/\/www.sempertea.eu\/fr\/coffret-cadeau-avec-infusions-the-elegance-avec-tasse-isotherme\/","og_locale":"fr_FR","og_type":"article","og_title":"Coffret cadeau avec infusions | Th\u00e9 &amp; \u00c9l\u00e9gance avec tasse isotherme","og_description":"Coffret exclusif contenant des th\u00e9s bio premium, une tasse isotherme en acier inoxydable ros\u00e9 et un sac fourre-tout recycl\u00e9. Un cadeau sophistiqu\u00e9 et durable pour les amateurs de th\u00e9.","og_url":"https:\/\/www.sempertea.eu\/fr\/coffret-cadeau-avec-infusions-the-elegance-avec-tasse-isotherme\/","og_site_name":"Semper Tea | Mayorista y fabricante de T\u00e9s e Infusiones para hoteles, restaurantes y bares","og_image":[{"width":1000,"height":1000,"url":"https:\/\/www.sempertea.eu\/wp-content\/uploads\/2025\/01\/taza-termo-con-te-para-regalar-01.jpg","type":"image\/jpeg"}],"twitter_card":"summary_large_image","twitter_misc":{"Dur\u00e9e de lecture estim\u00e9e":"1 minute"},"schema":{"@context":"https:\/\/schema.org","@graph":[{"@type":"WebPage","@id":"https:\/\/www.sempertea.eu\/fr\/coffret-cadeau-avec-infusions-the-elegance-avec-tasse-isotherme\/","url":"https:\/\/www.sempertea.eu\/fr\/coffret-cadeau-avec-infusions-the-elegance-avec-tasse-isotherme\/","name":"Coffret cadeau avec infusions BIO | Th\u00e9 et \u00e9l\u00e9gance avec tasse isotherme","isPartOf":{"@id":"https:\/\/www.sempertea.eu\/#website"},"primaryImageOfPage":{"@id":"https:\/\/www.sempertea.eu\/fr\/coffret-cadeau-avec-infusions-the-elegance-avec-tasse-isotherme\/#primaryimage"},"image":{"@id":"https:\/\/www.sempertea.eu\/fr\/coffret-cadeau-avec-infusions-the-elegance-avec-tasse-isotherme\/#primaryimage"},"thumbnailUrl":"https:\/\/www.sempertea.eu\/wp-content\/uploads\/2025\/01\/taza-termo-con-te-para-regalar-01.jpg","datePublished":"2025-04-25T06:55:29+00:00","description":"Coffret exclusif contenant des th\u00e9s bio premium, une tasse isotherme en acier inoxydable ros\u00e9 et un sac fourre-tout recycl\u00e9. Un cadeau sophistiqu\u00e9 et durable pour les amateurs de th\u00e9.","breadcrumb":{"@id":"https:\/\/www.sempertea.eu\/fr\/coffret-cadeau-avec-infusions-the-elegance-avec-tasse-isotherme\/#breadcrumb"},"inLanguage":"fr-FR","potentialAction":[{"@type":"ReadAction","target":["https:\/\/www.sempertea.eu\/fr\/coffret-cadeau-avec-infusions-the-elegance-avec-tasse-isotherme\/"]}]},{"@type":"ImageObject","inLanguage":"fr-FR","@id":"https:\/\/www.sempertea.eu\/fr\/coffret-cadeau-avec-infusions-the-elegance-avec-tasse-isotherme\/#primaryimage","url":"https:\/\/www.sempertea.eu\/wp-content\/uploads\/2025\/01\/taza-termo-con-te-para-regalar-01.jpg","contentUrl":"https:\/\/www.sempertea.eu\/wp-content\/uploads\/2025\/01\/taza-termo-con-te-para-regalar-01.jpg","width":1000,"height":1000,"caption":"taza termo con te para regalar"},{"@type":"BreadcrumbList","@id":"https:\/\/www.sempertea.eu\/fr\/coffret-cadeau-avec-infusions-the-elegance-avec-tasse-isotherme\/#breadcrumb","itemListElement":[{"@type":"ListItem","position":1,"name":"Portada","item":"https:\/\/www.sempertea.eu\/"},{"@type":"ListItem","position":2,"name":"Tienda","item":"https:\/\/www.sempertea.eu\/tienda\/"},{"@type":"ListItem","position":3,"name":"Coffret cadeau avec infusions | Th\u00e9 &amp; \u00c9l\u00e9gance avec tasse isotherme"}]},{"@type":"WebSite","@id":"https:\/\/www.sempertea.eu\/#website","url":"https:\/\/www.sempertea.eu\/","name":"Semper Tea | Mayorista y fabricante de T\u00e9s e Infusiones para hoteles, restaurantes y bares","description":"T\u00e9s e infusiones para hosteler\u00eda, hoteler\u00eda y comercio","potentialAction":[{"@type":"SearchAction","target":{"@type":"EntryPoint","urlTemplate":"https:\/\/www.sempertea.eu\/?s={search_term_string}"},"query-input":{"@type":"PropertyValueSpecification","valueRequired":true,"valueName":"search_term_string"}}],"inLanguage":"fr-FR"}]}},"_links":{"self":[{"href":"https:\/\/www.sempertea.eu\/fr\/wp-json\/wp\/v2\/product\/15037","targetHints":{"allow":["GET"]}}],"collection":[{"href":"https:\/\/www.sempertea.eu\/fr\/wp-json\/wp\/v2\/product"}],"about":[{"href":"https:\/\/www.sempertea.eu\/fr\/wp-json\/wp\/v2\/types\/product"}],"replies":[{"embeddable":true,"href":"https:\/\/www.sempertea.eu\/fr\/wp-json\/wp\/v2\/comments?post=15037"}],"wp:featuredmedia":[{"embeddable":true,"href":"https:\/\/www.sempertea.eu\/fr\/wp-json\/wp\/v2\/media\/13693"}],"wp:attachment":[{"href":"https:\/\/www.sempertea.eu\/fr\/wp-json\/wp\/v2\/media?parent=15037"}],"wp:term":[{"taxonomy":"product_brand","embeddable":true,"href":"https:\/\/www.sempertea.eu\/fr\/wp-json\/wp\/v2\/product_brand?post=15037"},{"taxonomy":"product_cat","embeddable":true,"href":"https:\/\/www.sempertea.eu\/fr\/wp-json\/wp\/v2\/product_cat?post=15037"},{"taxonomy":"product_tag","embeddable":true,"href":"https:\/\/www.sempertea.eu\/fr\/wp-json\/wp\/v2\/product_tag?post=15037"}],"curies":[{"name":"wp","href":"https:\/\/api.w.org\/{rel}","templated":true}]}}