{"id":15030,"date":"2025-01-30T18:12:57","date_gmt":"2025-04-24T15:25:56","guid":{"rendered":"https:\/\/www.sempertea.eu\/coffret-exclusif-de-thes-en-eprouvette-avec-mug-love\/"},"modified":"2025-04-24T17:25:56","modified_gmt":"2025-04-24T15:25:56","slug":"coffret-exclusif-de-thes-en-eprouvette-avec-mug-love","status":"publish","type":"product","link":"https:\/\/www.sempertea.eu\/fr\/coffret-exclusif-de-thes-en-eprouvette-avec-mug-love\/","title":{"rendered":"Coffret exclusif de th\u00e9s en \u00e9prouvette avec mug Love"},"content":{"rendered":"<h1>Un cadeau pour les amateurs de th\u00e9 \u00e0 d\u00e9guster et \u00e0 savourer.<\/h1>\n<p>Parfait comme <strong>Cadeau original pour la Saint-Valentin, les anniversaires ou les moments sp\u00e9ciaux.<\/strong><\/p>\n<p>Un cadeau qui allie <strong>\u00e9l\u00e9gance, romantisme et le plaisir d&rsquo;un bon th\u00e9.<\/strong> Le c<strong>offret Exclusive Infusion d&rsquo;Amour<\/strong> est le choix id\u00e9al pour ceux qui appr\u00e9cient les petits plaisirs de la vie.<\/p>\n<p>Avec ses t<strong>h\u00e9s haut de gamme en tubes en verre, sa tasse en porcelaine au design exclusif, son filtre \u00e0 th\u00e9 en vrac et son sac fourre-tout recycl\u00e9,<\/strong> ce coffret est une v\u00e9ritable exp\u00e9rience sensorielle.<\/p>\n","protected":false},"excerpt":{"rendered":"<p>Parfait <strong>comme cadeau original pour la Saint-Valentin, les anniversaires ou les moments sp\u00e9ciaux.<\/strong><\/p>\n<p>\ud83c\udf81 <strong>Comprend <\/strong>:<br \/>\n\ud83c\udf43 <strong>4 \u00e9chantillons de th\u00e9s biologiques haut de gamme<\/strong> \u2013 R\u00e9glisse Menthe Pomme, Pu-Erh Citron Vanille, Earl Grey Cr\u00e8me et Fruit de la Passion.<br \/>\n\ud83d\udc96 <strong>Mug Love Rose 2024 (0,35 L)<\/strong> \u2013 Tasse en porcelaine <strong>Bone China<\/strong>, d\u00e9licate et r\u00e9sistante, avec un motif romantique dans des tons ros\u00e9s. Convient au micro-ondes et au lave-vaisselle.<br \/>\n\ud83c\udf75 <strong>Filtre \u00e0 th\u00e9 en vrac<\/strong> \u2013 Pour profiter de chaque infusion avec toute l&rsquo;intensit\u00e9 et la fra\u00eecheur des feuilles de th\u00e9 pur.<br \/>\n\ud83c\udf31 <strong>Sac fourre-tout en coton recycl\u00e9<\/strong> \u2013 Une touche \u00e9cologique et polyvalente pour transporter votre th\u00e9 et vos accessoires avec style. <\/p>\n<p>\u2728 <strong>Un coffret con\u00e7u pour offrir des cadeaux charmants et des exp\u00e9riences inoubliables.<\/strong><\/p>\n","protected":false},"featured_media":13965,"comment_status":"open","ping_status":"closed","template":"","meta":[],"product_brand":[],"product_cat":[365,313,371,367],"product_tag":[368],"class_list":{"0":"post-15030","1":"product","2":"type-product","3":"status-publish","4":"has-post-thumbnail","6":"product_cat-amoureux-du-the-tea-lover","7":"product_cat-cadeaux","8":"product_cat-cadeaux-de-la-saint-valentin","9":"product_cat-details-de-lanniversaire","10":"product_tag-packs-et-cadeaux-pour-les-amateurs-de-the","12":"first","13":"instock","14":"shipping-taxable","15":"purchasable","16":"product-type-simple"},"yoast_head":"<!-- This site is optimized with the Yoast SEO Premium plugin v27.3 (Yoast SEO v27.3) - https:\/\/yoast.com\/product\/yoast-seo-premium-wordpress\/ -->\n<title>Coffret exclusif de th\u00e9s en \u00e9prouvette avec mug Love | Semper Tea<\/title>\n<meta name=\"description\" content=\"Cadeau romantique : assortiment de th\u00e9s en \u00e9prouvette, tasse en porcelaine Bone China, filtre \u00e0 th\u00e9 en vrac et sac fourre-tout recycl\u00e9. Avec saveur et \u00e9l\u00e9gance.\" \/>\n<meta name=\"robots\" content=\"index, follow, max-snippet:-1, max-image-preview:large, max-video-preview:-1\" \/>\n<link rel=\"canonical\" href=\"https:\/\/www.sempertea.eu\/fr\/coffret-exclusif-de-thes-en-eprouvette-avec-mug-love\/\" \/>\n<meta property=\"og:locale\" content=\"fr_FR\" \/>\n<meta property=\"og:type\" content=\"article\" \/>\n<meta property=\"og:title\" content=\"Coffret exclusif de th\u00e9s en \u00e9prouvette avec mug Love\" \/>\n<meta property=\"og:description\" content=\"Cadeau romantique : assortiment de th\u00e9s en \u00e9prouvette, tasse en porcelaine Bone China, filtre \u00e0 th\u00e9 en vrac et sac fourre-tout recycl\u00e9. Avec saveur et \u00e9l\u00e9gance.\" \/>\n<meta property=\"og:url\" content=\"https:\/\/www.sempertea.eu\/fr\/coffret-exclusif-de-thes-en-eprouvette-avec-mug-love\/\" \/>\n<meta property=\"og:site_name\" content=\"Semper Tea | Mayorista y fabricante de T\u00e9s e Infusiones para hoteles, restaurantes y bares\" \/>\n<meta property=\"og:image\" content=\"https:\/\/www.sempertea.eu\/wp-content\/uploads\/2025\/01\/set-exclusivo-de-tes-san-valentin-semper-tea-1.jpg\" \/>\n\t<meta property=\"og:image:width\" content=\"1000\" \/>\n\t<meta property=\"og:image:height\" content=\"1000\" \/>\n\t<meta property=\"og:image:type\" content=\"image\/jpeg\" \/>\n<meta name=\"twitter:card\" content=\"summary_large_image\" \/>\n<script type=\"application\/ld+json\" class=\"yoast-schema-graph\">{\"@context\":\"https:\\\/\\\/schema.org\",\"@graph\":[{\"@type\":\"WebPage\",\"@id\":\"https:\\\/\\\/www.sempertea.eu\\\/fr\\\/coffret-exclusif-de-thes-en-eprouvette-avec-mug-love\\\/\",\"url\":\"https:\\\/\\\/www.sempertea.eu\\\/fr\\\/coffret-exclusif-de-thes-en-eprouvette-avec-mug-love\\\/\",\"name\":\"Coffret exclusif de th\u00e9s en \u00e9prouvette avec mug Love | Semper Tea\",\"isPartOf\":{\"@id\":\"https:\\\/\\\/www.sempertea.eu\\\/#website\"},\"primaryImageOfPage\":{\"@id\":\"https:\\\/\\\/www.sempertea.eu\\\/fr\\\/coffret-exclusif-de-thes-en-eprouvette-avec-mug-love\\\/#primaryimage\"},\"image\":{\"@id\":\"https:\\\/\\\/www.sempertea.eu\\\/fr\\\/coffret-exclusif-de-thes-en-eprouvette-avec-mug-love\\\/#primaryimage\"},\"thumbnailUrl\":\"https:\\\/\\\/www.sempertea.eu\\\/wp-content\\\/uploads\\\/2025\\\/01\\\/set-exclusivo-de-tes-san-valentin-semper-tea-1.jpg\",\"datePublished\":\"2025-04-24T15:25:56+00:00\",\"description\":\"Cadeau romantique : assortiment de th\u00e9s en \u00e9prouvette, tasse en porcelaine Bone China, filtre \u00e0 th\u00e9 en vrac et sac fourre-tout recycl\u00e9. Avec saveur et \u00e9l\u00e9gance.\",\"breadcrumb\":{\"@id\":\"https:\\\/\\\/www.sempertea.eu\\\/fr\\\/coffret-exclusif-de-thes-en-eprouvette-avec-mug-love\\\/#breadcrumb\"},\"inLanguage\":\"fr-FR\",\"potentialAction\":[{\"@type\":\"ReadAction\",\"target\":[\"https:\\\/\\\/www.sempertea.eu\\\/fr\\\/coffret-exclusif-de-thes-en-eprouvette-avec-mug-love\\\/\"]}]},{\"@type\":\"ImageObject\",\"inLanguage\":\"fr-FR\",\"@id\":\"https:\\\/\\\/www.sempertea.eu\\\/fr\\\/coffret-exclusif-de-thes-en-eprouvette-avec-mug-love\\\/#primaryimage\",\"url\":\"https:\\\/\\\/www.sempertea.eu\\\/wp-content\\\/uploads\\\/2025\\\/01\\\/set-exclusivo-de-tes-san-valentin-semper-tea-1.jpg\",\"contentUrl\":\"https:\\\/\\\/www.sempertea.eu\\\/wp-content\\\/uploads\\\/2025\\\/01\\\/set-exclusivo-de-tes-san-valentin-semper-tea-1.jpg\",\"width\":1000,\"height\":1000,\"caption\":\"set exclusivo de tes san valentin semper tea\"},{\"@type\":\"BreadcrumbList\",\"@id\":\"https:\\\/\\\/www.sempertea.eu\\\/fr\\\/coffret-exclusif-de-thes-en-eprouvette-avec-mug-love\\\/#breadcrumb\",\"itemListElement\":[{\"@type\":\"ListItem\",\"position\":1,\"name\":\"Portada\",\"item\":\"https:\\\/\\\/www.sempertea.eu\\\/\"},{\"@type\":\"ListItem\",\"position\":2,\"name\":\"Tienda\",\"item\":\"https:\\\/\\\/www.sempertea.eu\\\/tienda\\\/\"},{\"@type\":\"ListItem\",\"position\":3,\"name\":\"Coffret exclusif de th\u00e9s en \u00e9prouvette avec mug Love\"}]},{\"@type\":\"WebSite\",\"@id\":\"https:\\\/\\\/www.sempertea.eu\\\/#website\",\"url\":\"https:\\\/\\\/www.sempertea.eu\\\/\",\"name\":\"Semper Tea | Mayorista y fabricante de T\u00e9s e Infusiones para hoteles, restaurantes y bares\",\"description\":\"T\u00e9s e infusiones para hosteler\u00eda, hoteler\u00eda y comercio\",\"potentialAction\":[{\"@type\":\"SearchAction\",\"target\":{\"@type\":\"EntryPoint\",\"urlTemplate\":\"https:\\\/\\\/www.sempertea.eu\\\/?s={search_term_string}\"},\"query-input\":{\"@type\":\"PropertyValueSpecification\",\"valueRequired\":true,\"valueName\":\"search_term_string\"}}],\"inLanguage\":\"fr-FR\"}]}<\/script>\n<!-- \/ Yoast SEO Premium plugin. -->","yoast_head_json":{"title":"Coffret exclusif de th\u00e9s en \u00e9prouvette avec mug Love | Semper Tea","description":"Cadeau romantique : assortiment de th\u00e9s en \u00e9prouvette, tasse en porcelaine Bone China, filtre \u00e0 th\u00e9 en vrac et sac fourre-tout recycl\u00e9. Avec saveur et \u00e9l\u00e9gance.","robots":{"index":"index","follow":"follow","max-snippet":"max-snippet:-1","max-image-preview":"max-image-preview:large","max-video-preview":"max-video-preview:-1"},"canonical":"https:\/\/www.sempertea.eu\/fr\/coffret-exclusif-de-thes-en-eprouvette-avec-mug-love\/","og_locale":"fr_FR","og_type":"article","og_title":"Coffret exclusif de th\u00e9s en \u00e9prouvette avec mug Love","og_description":"Cadeau romantique : assortiment de th\u00e9s en \u00e9prouvette, tasse en porcelaine Bone China, filtre \u00e0 th\u00e9 en vrac et sac fourre-tout recycl\u00e9. Avec saveur et \u00e9l\u00e9gance.","og_url":"https:\/\/www.sempertea.eu\/fr\/coffret-exclusif-de-thes-en-eprouvette-avec-mug-love\/","og_site_name":"Semper Tea | Mayorista y fabricante de T\u00e9s e Infusiones para hoteles, restaurantes y bares","og_image":[{"width":1000,"height":1000,"url":"https:\/\/www.sempertea.eu\/wp-content\/uploads\/2025\/01\/set-exclusivo-de-tes-san-valentin-semper-tea-1.jpg","type":"image\/jpeg"}],"twitter_card":"summary_large_image","schema":{"@context":"https:\/\/schema.org","@graph":[{"@type":"WebPage","@id":"https:\/\/www.sempertea.eu\/fr\/coffret-exclusif-de-thes-en-eprouvette-avec-mug-love\/","url":"https:\/\/www.sempertea.eu\/fr\/coffret-exclusif-de-thes-en-eprouvette-avec-mug-love\/","name":"Coffret exclusif de th\u00e9s en \u00e9prouvette avec mug Love | Semper Tea","isPartOf":{"@id":"https:\/\/www.sempertea.eu\/#website"},"primaryImageOfPage":{"@id":"https:\/\/www.sempertea.eu\/fr\/coffret-exclusif-de-thes-en-eprouvette-avec-mug-love\/#primaryimage"},"image":{"@id":"https:\/\/www.sempertea.eu\/fr\/coffret-exclusif-de-thes-en-eprouvette-avec-mug-love\/#primaryimage"},"thumbnailUrl":"https:\/\/www.sempertea.eu\/wp-content\/uploads\/2025\/01\/set-exclusivo-de-tes-san-valentin-semper-tea-1.jpg","datePublished":"2025-04-24T15:25:56+00:00","description":"Cadeau romantique : assortiment de th\u00e9s en \u00e9prouvette, tasse en porcelaine Bone China, filtre \u00e0 th\u00e9 en vrac et sac fourre-tout recycl\u00e9. Avec saveur et \u00e9l\u00e9gance.","breadcrumb":{"@id":"https:\/\/www.sempertea.eu\/fr\/coffret-exclusif-de-thes-en-eprouvette-avec-mug-love\/#breadcrumb"},"inLanguage":"fr-FR","potentialAction":[{"@type":"ReadAction","target":["https:\/\/www.sempertea.eu\/fr\/coffret-exclusif-de-thes-en-eprouvette-avec-mug-love\/"]}]},{"@type":"ImageObject","inLanguage":"fr-FR","@id":"https:\/\/www.sempertea.eu\/fr\/coffret-exclusif-de-thes-en-eprouvette-avec-mug-love\/#primaryimage","url":"https:\/\/www.sempertea.eu\/wp-content\/uploads\/2025\/01\/set-exclusivo-de-tes-san-valentin-semper-tea-1.jpg","contentUrl":"https:\/\/www.sempertea.eu\/wp-content\/uploads\/2025\/01\/set-exclusivo-de-tes-san-valentin-semper-tea-1.jpg","width":1000,"height":1000,"caption":"set exclusivo de tes san valentin semper tea"},{"@type":"BreadcrumbList","@id":"https:\/\/www.sempertea.eu\/fr\/coffret-exclusif-de-thes-en-eprouvette-avec-mug-love\/#breadcrumb","itemListElement":[{"@type":"ListItem","position":1,"name":"Portada","item":"https:\/\/www.sempertea.eu\/"},{"@type":"ListItem","position":2,"name":"Tienda","item":"https:\/\/www.sempertea.eu\/tienda\/"},{"@type":"ListItem","position":3,"name":"Coffret exclusif de th\u00e9s en \u00e9prouvette avec mug Love"}]},{"@type":"WebSite","@id":"https:\/\/www.sempertea.eu\/#website","url":"https:\/\/www.sempertea.eu\/","name":"Semper Tea | Mayorista y fabricante de T\u00e9s e Infusiones para hoteles, restaurantes y bares","description":"T\u00e9s e infusiones para hosteler\u00eda, hoteler\u00eda y comercio","potentialAction":[{"@type":"SearchAction","target":{"@type":"EntryPoint","urlTemplate":"https:\/\/www.sempertea.eu\/?s={search_term_string}"},"query-input":{"@type":"PropertyValueSpecification","valueRequired":true,"valueName":"search_term_string"}}],"inLanguage":"fr-FR"}]}},"_links":{"self":[{"href":"https:\/\/www.sempertea.eu\/fr\/wp-json\/wp\/v2\/product\/15030","targetHints":{"allow":["GET"]}}],"collection":[{"href":"https:\/\/www.sempertea.eu\/fr\/wp-json\/wp\/v2\/product"}],"about":[{"href":"https:\/\/www.sempertea.eu\/fr\/wp-json\/wp\/v2\/types\/product"}],"replies":[{"embeddable":true,"href":"https:\/\/www.sempertea.eu\/fr\/wp-json\/wp\/v2\/comments?post=15030"}],"wp:featuredmedia":[{"embeddable":true,"href":"https:\/\/www.sempertea.eu\/fr\/wp-json\/wp\/v2\/media\/13965"}],"wp:attachment":[{"href":"https:\/\/www.sempertea.eu\/fr\/wp-json\/wp\/v2\/media?parent=15030"}],"wp:term":[{"taxonomy":"product_brand","embeddable":true,"href":"https:\/\/www.sempertea.eu\/fr\/wp-json\/wp\/v2\/product_brand?post=15030"},{"taxonomy":"product_cat","embeddable":true,"href":"https:\/\/www.sempertea.eu\/fr\/wp-json\/wp\/v2\/product_cat?post=15030"},{"taxonomy":"product_tag","embeddable":true,"href":"https:\/\/www.sempertea.eu\/fr\/wp-json\/wp\/v2\/product_tag?post=15030"}],"curies":[{"name":"wp","href":"https:\/\/api.w.org\/{rel}","templated":true}]}}