{"id":15027,"date":"2025-01-31T12:15:11","date_gmt":"2025-04-24T15:10:40","guid":{"rendered":"https:\/\/www.sempertea.eu\/pack-de-thes-verts-eco-cadeau-pour-les-amateurs-de-the-vert\/"},"modified":"2025-04-24T17:10:40","modified_gmt":"2025-04-24T15:10:40","slug":"pack-de-thes-verts-eco-cadeau-pour-les-amateurs-de-the-vert","status":"publish","type":"product","link":"https:\/\/www.sempertea.eu\/fr\/pack-de-thes-verts-eco-cadeau-pour-les-amateurs-de-the-vert\/","title":{"rendered":"Pack de th\u00e9s verts ECO | Cadeau pour les amateurs de th\u00e9 vert"},"content":{"rendered":"<h1>Un cadeau original pour les amateurs de th\u00e9 vert Sencha<\/h1>\n<p>Le <strong>th\u00e9 vert<\/strong> n&rsquo;est pas seulement une boisson, c&rsquo;est un r<strong>ituel de bien-\u00eatre<\/strong>, un moment de pause qui invite au calme et \u00e0 la connexion avec soi-m\u00eame. Depuis des temps imm\u00e9moriaux, dans des cultures telles que la culture chinoise et japonaise, le th\u00e9 vert est synonyme d<strong>&lsquo;harmonie, de puret\u00e9 et de renouveau<\/strong>, une infusion qui revitalise le corps et l&rsquo;esprit \u00e0 chaque gorg\u00e9e. <\/p>\n<h2>Set d&rsquo;infusions naturelles<\/h2>\n<p>Ce <strong>coffret exclusif de th\u00e9s verts<\/strong> <a href=\"https:\/\/www.sempertea.eu\/fr\/quelle-est-la-difference-entre-sencha-tencha-et-matcha\/\">Sencha <\/a>biologiques est id\u00e9al pour ceux qui recherchent des <strong>exp\u00e9riences \u00e0 offrir,<\/strong> alliant des saveurs pures et revitalisantes \u00e0 un<strong> design durable et \u00e9l\u00e9gant<\/strong>.<\/p>\n<p>Parfait pour les <strong>coffrets d&rsquo;infusions gourmet,<\/strong> cet ensemble comprend une tasse en porcelaine <strong>New Bone China<\/strong>, id\u00e9ale pour d\u00e9guster chaque infusion avec style. De plus, sa pr\u00e9sentation dans un s<strong>ac en coton recycl\u00e9<\/strong> en fait un<strong> cadeau original et durable<\/strong> pour toutes les occasions. <\/p>\n<p>Choisissez ce pack comme cadeau unique et faites de chaque tasse un moment sp\u00e9cial de fra\u00eecheur et d&rsquo;harmonie.<\/p>\n","protected":false},"excerpt":{"rendered":"<p>Un coffret con\u00e7u pour d\u00e9guster <strong>le th\u00e9 vert dans toute sa splendeur<\/strong>, avec fra\u00eecheur, qualit\u00e9 et une touche durable.<\/p>\n<p><strong>Que contient ce pack ?<\/strong><\/p>\n<p>\ud83c\udf43 <strong>Th\u00e9 vert Sencha biologique (55 g)<\/strong> \u2013 Pur et aromatique.<br \/>\n\ud83c\udf4b <strong>Th\u00e9 vert gingembre citron (40 g)<\/strong> \u2013 Rafra\u00eechissant et revitalisant.<br \/>\n\ud83d\udc9a <strong>Tasse Pure Heart Green Matte (0,4 L)<\/strong> \u2013 Porcelaine <strong>New Bone China<\/strong> avec finition mate, passe au micro-ondes et au lave-vaisselle.<br \/>\n\ud83c\udf75 <strong>Filtre \u00e0 th\u00e9 en vrac<\/strong> \u2013 Une infusion parfaite dans chaque tasse.<br \/>\n\ud83c\udf31 <strong>Sac fourre-tout en coton recycl\u00e9<\/strong> \u2013 Un d\u00e9tail \u00e9cologique et pratique.<\/p>\n<p>\u2728 Le cadeau id\u00e9al pour les amateurs de th\u00e9 vert, parfait pour d\u00e9guster avec style et conscience \u00e9cologique.<\/p>\n","protected":false},"featured_media":15517,"comment_status":"open","ping_status":"closed","template":"","meta":[],"product_brand":[],"product_cat":[365,313,371,367,364,370],"product_tag":[368],"class_list":{"0":"post-15027","1":"product","2":"type-product","3":"status-publish","4":"has-post-thumbnail","6":"product_cat-amoureux-du-the-tea-lover","7":"product_cat-cadeaux","8":"product_cat-cadeaux-de-la-saint-valentin","9":"product_cat-details-de-lanniversaire","10":"product_cat-idees-pour-la-fete-des-peres","11":"product_cat-packs-fete-des-meres","12":"product_tag-packs-et-cadeaux-pour-les-amateurs-de-the","14":"first","15":"instock","16":"shipping-taxable","17":"purchasable","18":"product-type-simple"},"yoast_head":"<!-- This site is optimized with the Yoast SEO Premium plugin v27.3 (Yoast SEO v27.3) - https:\/\/yoast.com\/product\/yoast-seo-premium-wordpress\/ -->\n<title>Cadeau pour les amateurs de th\u00e9 vert | Pack de th\u00e9s verts Sencha<\/title>\n<meta name=\"description\" content=\"Un coffret con\u00e7u pour d\u00e9guster le th\u00e9 vert dans toute sa splendeur, avec fra\u00eecheur, qualit\u00e9 et une touche durable gr\u00e2ce \u00e0 une tasse originale. Sencha Premium.\" \/>\n<meta name=\"robots\" content=\"index, follow, max-snippet:-1, max-image-preview:large, max-video-preview:-1\" \/>\n<link rel=\"canonical\" href=\"https:\/\/www.sempertea.eu\/fr\/pack-de-thes-verts-eco-cadeau-pour-les-amateurs-de-the-vert\/\" \/>\n<meta property=\"og:locale\" content=\"fr_FR\" \/>\n<meta property=\"og:type\" content=\"article\" \/>\n<meta property=\"og:title\" content=\"Pack de th\u00e9s verts ECO | Cadeau pour les amateurs de th\u00e9 vert\" \/>\n<meta property=\"og:description\" content=\"Un coffret con\u00e7u pour d\u00e9guster le th\u00e9 vert dans toute sa splendeur, avec fra\u00eecheur, qualit\u00e9 et une touche durable gr\u00e2ce \u00e0 une tasse originale. Sencha Premium.\" \/>\n<meta property=\"og:url\" content=\"https:\/\/www.sempertea.eu\/fr\/pack-de-thes-verts-eco-cadeau-pour-les-amateurs-de-the-vert\/\" \/>\n<meta property=\"og:site_name\" content=\"Semper Tea | Mayorista y fabricante de T\u00e9s e Infusiones para hoteles, restaurantes y bares\" \/>\n<meta property=\"og:image\" content=\"https:\/\/www.sempertea.eu\/wp-content\/uploads\/2025\/01\/pack-tes-verdes-regalo-sempertea.jpg\" \/>\n\t<meta property=\"og:image:width\" content=\"1000\" \/>\n\t<meta property=\"og:image:height\" content=\"1000\" \/>\n\t<meta property=\"og:image:type\" content=\"image\/jpeg\" \/>\n<meta name=\"twitter:card\" content=\"summary_large_image\" \/>\n<meta name=\"twitter:label1\" content=\"Dur\u00e9e de lecture estim\u00e9e\" \/>\n\t<meta name=\"twitter:data1\" content=\"1 minute\" \/>\n<script type=\"application\/ld+json\" class=\"yoast-schema-graph\">{\"@context\":\"https:\\\/\\\/schema.org\",\"@graph\":[{\"@type\":\"WebPage\",\"@id\":\"https:\\\/\\\/www.sempertea.eu\\\/fr\\\/pack-de-thes-verts-eco-cadeau-pour-les-amateurs-de-the-vert\\\/\",\"url\":\"https:\\\/\\\/www.sempertea.eu\\\/fr\\\/pack-de-thes-verts-eco-cadeau-pour-les-amateurs-de-the-vert\\\/\",\"name\":\"Cadeau pour les amateurs de th\u00e9 vert | Pack de th\u00e9s verts Sencha\",\"isPartOf\":{\"@id\":\"https:\\\/\\\/www.sempertea.eu\\\/#website\"},\"primaryImageOfPage\":{\"@id\":\"https:\\\/\\\/www.sempertea.eu\\\/fr\\\/pack-de-thes-verts-eco-cadeau-pour-les-amateurs-de-the-vert\\\/#primaryimage\"},\"image\":{\"@id\":\"https:\\\/\\\/www.sempertea.eu\\\/fr\\\/pack-de-thes-verts-eco-cadeau-pour-les-amateurs-de-the-vert\\\/#primaryimage\"},\"thumbnailUrl\":\"https:\\\/\\\/www.sempertea.eu\\\/wp-content\\\/uploads\\\/2025\\\/01\\\/dia-de-la-madre-regalo-perfecto-con-tes.jpg\",\"datePublished\":\"2025-04-24T15:10:40+00:00\",\"description\":\"Un coffret con\u00e7u pour d\u00e9guster le th\u00e9 vert dans toute sa splendeur, avec fra\u00eecheur, qualit\u00e9 et une touche durable gr\u00e2ce \u00e0 une tasse originale. Sencha Premium.\",\"breadcrumb\":{\"@id\":\"https:\\\/\\\/www.sempertea.eu\\\/fr\\\/pack-de-thes-verts-eco-cadeau-pour-les-amateurs-de-the-vert\\\/#breadcrumb\"},\"inLanguage\":\"fr-FR\",\"potentialAction\":[{\"@type\":\"ReadAction\",\"target\":[\"https:\\\/\\\/www.sempertea.eu\\\/fr\\\/pack-de-thes-verts-eco-cadeau-pour-les-amateurs-de-the-vert\\\/\"]}]},{\"@type\":\"ImageObject\",\"inLanguage\":\"fr-FR\",\"@id\":\"https:\\\/\\\/www.sempertea.eu\\\/fr\\\/pack-de-thes-verts-eco-cadeau-pour-les-amateurs-de-the-vert\\\/#primaryimage\",\"url\":\"https:\\\/\\\/www.sempertea.eu\\\/wp-content\\\/uploads\\\/2025\\\/01\\\/dia-de-la-madre-regalo-perfecto-con-tes.jpg\",\"contentUrl\":\"https:\\\/\\\/www.sempertea.eu\\\/wp-content\\\/uploads\\\/2025\\\/01\\\/dia-de-la-madre-regalo-perfecto-con-tes.jpg\",\"width\":1000,\"height\":1000,\"caption\":\"dia de la madre regalo perfecto con tes\"},{\"@type\":\"BreadcrumbList\",\"@id\":\"https:\\\/\\\/www.sempertea.eu\\\/fr\\\/pack-de-thes-verts-eco-cadeau-pour-les-amateurs-de-the-vert\\\/#breadcrumb\",\"itemListElement\":[{\"@type\":\"ListItem\",\"position\":1,\"name\":\"Portada\",\"item\":\"https:\\\/\\\/www.sempertea.eu\\\/\"},{\"@type\":\"ListItem\",\"position\":2,\"name\":\"Tienda\",\"item\":\"https:\\\/\\\/www.sempertea.eu\\\/tienda\\\/\"},{\"@type\":\"ListItem\",\"position\":3,\"name\":\"Pack de th\u00e9s verts ECO | Cadeau pour les amateurs de th\u00e9 vert\"}]},{\"@type\":\"WebSite\",\"@id\":\"https:\\\/\\\/www.sempertea.eu\\\/#website\",\"url\":\"https:\\\/\\\/www.sempertea.eu\\\/\",\"name\":\"Semper Tea | Mayorista y fabricante de T\u00e9s e Infusiones para hoteles, restaurantes y bares\",\"description\":\"T\u00e9s e infusiones para hosteler\u00eda, hoteler\u00eda y comercio\",\"potentialAction\":[{\"@type\":\"SearchAction\",\"target\":{\"@type\":\"EntryPoint\",\"urlTemplate\":\"https:\\\/\\\/www.sempertea.eu\\\/?s={search_term_string}\"},\"query-input\":{\"@type\":\"PropertyValueSpecification\",\"valueRequired\":true,\"valueName\":\"search_term_string\"}}],\"inLanguage\":\"fr-FR\"}]}<\/script>\n<!-- \/ Yoast SEO Premium plugin. -->","yoast_head_json":{"title":"Cadeau pour les amateurs de th\u00e9 vert | Pack de th\u00e9s verts Sencha","description":"Un coffret con\u00e7u pour d\u00e9guster le th\u00e9 vert dans toute sa splendeur, avec fra\u00eecheur, qualit\u00e9 et une touche durable gr\u00e2ce \u00e0 une tasse originale. Sencha Premium.","robots":{"index":"index","follow":"follow","max-snippet":"max-snippet:-1","max-image-preview":"max-image-preview:large","max-video-preview":"max-video-preview:-1"},"canonical":"https:\/\/www.sempertea.eu\/fr\/pack-de-thes-verts-eco-cadeau-pour-les-amateurs-de-the-vert\/","og_locale":"fr_FR","og_type":"article","og_title":"Pack de th\u00e9s verts ECO | Cadeau pour les amateurs de th\u00e9 vert","og_description":"Un coffret con\u00e7u pour d\u00e9guster le th\u00e9 vert dans toute sa splendeur, avec fra\u00eecheur, qualit\u00e9 et une touche durable gr\u00e2ce \u00e0 une tasse originale. Sencha Premium.","og_url":"https:\/\/www.sempertea.eu\/fr\/pack-de-thes-verts-eco-cadeau-pour-les-amateurs-de-the-vert\/","og_site_name":"Semper Tea | Mayorista y fabricante de T\u00e9s e Infusiones para hoteles, restaurantes y bares","og_image":[{"width":1000,"height":1000,"url":"https:\/\/www.sempertea.eu\/wp-content\/uploads\/2025\/01\/pack-tes-verdes-regalo-sempertea.jpg","type":"image\/jpeg"}],"twitter_card":"summary_large_image","twitter_misc":{"Dur\u00e9e de lecture estim\u00e9e":"1 minute"},"schema":{"@context":"https:\/\/schema.org","@graph":[{"@type":"WebPage","@id":"https:\/\/www.sempertea.eu\/fr\/pack-de-thes-verts-eco-cadeau-pour-les-amateurs-de-the-vert\/","url":"https:\/\/www.sempertea.eu\/fr\/pack-de-thes-verts-eco-cadeau-pour-les-amateurs-de-the-vert\/","name":"Cadeau pour les amateurs de th\u00e9 vert | Pack de th\u00e9s verts Sencha","isPartOf":{"@id":"https:\/\/www.sempertea.eu\/#website"},"primaryImageOfPage":{"@id":"https:\/\/www.sempertea.eu\/fr\/pack-de-thes-verts-eco-cadeau-pour-les-amateurs-de-the-vert\/#primaryimage"},"image":{"@id":"https:\/\/www.sempertea.eu\/fr\/pack-de-thes-verts-eco-cadeau-pour-les-amateurs-de-the-vert\/#primaryimage"},"thumbnailUrl":"https:\/\/www.sempertea.eu\/wp-content\/uploads\/2025\/01\/dia-de-la-madre-regalo-perfecto-con-tes.jpg","datePublished":"2025-04-24T15:10:40+00:00","description":"Un coffret con\u00e7u pour d\u00e9guster le th\u00e9 vert dans toute sa splendeur, avec fra\u00eecheur, qualit\u00e9 et une touche durable gr\u00e2ce \u00e0 une tasse originale. Sencha Premium.","breadcrumb":{"@id":"https:\/\/www.sempertea.eu\/fr\/pack-de-thes-verts-eco-cadeau-pour-les-amateurs-de-the-vert\/#breadcrumb"},"inLanguage":"fr-FR","potentialAction":[{"@type":"ReadAction","target":["https:\/\/www.sempertea.eu\/fr\/pack-de-thes-verts-eco-cadeau-pour-les-amateurs-de-the-vert\/"]}]},{"@type":"ImageObject","inLanguage":"fr-FR","@id":"https:\/\/www.sempertea.eu\/fr\/pack-de-thes-verts-eco-cadeau-pour-les-amateurs-de-the-vert\/#primaryimage","url":"https:\/\/www.sempertea.eu\/wp-content\/uploads\/2025\/01\/dia-de-la-madre-regalo-perfecto-con-tes.jpg","contentUrl":"https:\/\/www.sempertea.eu\/wp-content\/uploads\/2025\/01\/dia-de-la-madre-regalo-perfecto-con-tes.jpg","width":1000,"height":1000,"caption":"dia de la madre regalo perfecto con tes"},{"@type":"BreadcrumbList","@id":"https:\/\/www.sempertea.eu\/fr\/pack-de-thes-verts-eco-cadeau-pour-les-amateurs-de-the-vert\/#breadcrumb","itemListElement":[{"@type":"ListItem","position":1,"name":"Portada","item":"https:\/\/www.sempertea.eu\/"},{"@type":"ListItem","position":2,"name":"Tienda","item":"https:\/\/www.sempertea.eu\/tienda\/"},{"@type":"ListItem","position":3,"name":"Pack de th\u00e9s verts ECO | Cadeau pour les amateurs de th\u00e9 vert"}]},{"@type":"WebSite","@id":"https:\/\/www.sempertea.eu\/#website","url":"https:\/\/www.sempertea.eu\/","name":"Semper Tea | Mayorista y fabricante de T\u00e9s e Infusiones para hoteles, restaurantes y bares","description":"T\u00e9s e infusiones para hosteler\u00eda, hoteler\u00eda y comercio","potentialAction":[{"@type":"SearchAction","target":{"@type":"EntryPoint","urlTemplate":"https:\/\/www.sempertea.eu\/?s={search_term_string}"},"query-input":{"@type":"PropertyValueSpecification","valueRequired":true,"valueName":"search_term_string"}}],"inLanguage":"fr-FR"}]}},"_links":{"self":[{"href":"https:\/\/www.sempertea.eu\/fr\/wp-json\/wp\/v2\/product\/15027","targetHints":{"allow":["GET"]}}],"collection":[{"href":"https:\/\/www.sempertea.eu\/fr\/wp-json\/wp\/v2\/product"}],"about":[{"href":"https:\/\/www.sempertea.eu\/fr\/wp-json\/wp\/v2\/types\/product"}],"replies":[{"embeddable":true,"href":"https:\/\/www.sempertea.eu\/fr\/wp-json\/wp\/v2\/comments?post=15027"}],"wp:featuredmedia":[{"embeddable":true,"href":"https:\/\/www.sempertea.eu\/fr\/wp-json\/wp\/v2\/media\/15517"}],"wp:attachment":[{"href":"https:\/\/www.sempertea.eu\/fr\/wp-json\/wp\/v2\/media?parent=15027"}],"wp:term":[{"taxonomy":"product_brand","embeddable":true,"href":"https:\/\/www.sempertea.eu\/fr\/wp-json\/wp\/v2\/product_brand?post=15027"},{"taxonomy":"product_cat","embeddable":true,"href":"https:\/\/www.sempertea.eu\/fr\/wp-json\/wp\/v2\/product_cat?post=15027"},{"taxonomy":"product_tag","embeddable":true,"href":"https:\/\/www.sempertea.eu\/fr\/wp-json\/wp\/v2\/product_tag?post=15027"}],"curies":[{"name":"wp","href":"https:\/\/api.w.org\/{rel}","templated":true}]}}