{"id":14767,"date":"2025-04-07T14:18:39","date_gmt":"2025-04-07T12:18:39","guid":{"rendered":"https:\/\/www.sempertea.eu\/the-japonais-matcha-boite-40-gr\/"},"modified":"2026-03-27T09:56:00","modified_gmt":"2026-03-27T08:56:00","slug":"the-japonais-matcha-boite-40-gr","status":"publish","type":"product","link":"https:\/\/www.sempertea.eu\/fr\/the-japonais-matcha-boite-40-gr\/","title":{"rendered":"Th\u00e9 japonais matcha | Bo\u00eete 40 gr"},"content":{"rendered":"<p data-start=\"50\" data-end=\"525\">Le <strong data-start=\"53\" data-end=\"74\">th\u00e9 japonais Match<\/strong>a de <strong data-start=\"78\" data-end=\"92\">Semper Tea<\/strong> est une option id\u00e9ale pour ceux qui cherchent \u00e0 profiter des bienfaits du matcha au quotidien.<\/p>\n<p data-start=\"50\" data-end=\"525\">Provenant de plantations s\u00e9lectionn\u00e9es au Japon, ce th\u00e9 vert moulu de haute qualit\u00e9 est \u00e9labor\u00e9 \u00e0 partir de feuilles soigneusement cultiv\u00e9es et transform\u00e9es pour conserver toutes leurs propri\u00e9t\u00e9s. Son go\u00fbt est intense, avec des notes l\u00e9g\u00e8rement am\u00e8res et une touche v\u00e9g\u00e9tale caract\u00e9ristique, id\u00e9al aussi bien pour les boissons que pour les recettes culinaires.<\/p>\n<h2 data-start=\"527\" data-end=\"576\">Un superaliment plein de bienfaits<\/h2>\n<p data-start=\"577\" data-end=\"885\">Le matcha est connu pour sa teneur \u00e9lev\u00e9e en <strong data-start=\"624\" data-end=\"641\">antioxydants<\/strong>, qui aident \u00e0 combattre les radicaux libres et favorisent le bien-\u00eatre g\u00e9n\u00e9ral. Il est \u00e9galement riche en <strong data-start=\"739\" data-end=\"752\">L-th\u00e9anine<\/strong>, une acide amin\u00e9 qui am\u00e9liore la concentration et la relaxation sans g\u00e9n\u00e9rer de nervosit\u00e9, fournissant une \u00e9nergie stable et durable.<\/p>\n<ul>\n<li data-start=\"935\" data-end=\"1198\">Ce matcha est parfait pour \u00eatre pr\u00e9par\u00e9 de multiples fa\u00e7ons :<\/li>\n<li data-start=\"935\" data-end=\"1198\">D\u00e9gustez-le comme un <strong data-start=\"1015\" data-end=\"1033\">th\u00e9 traditionnel<\/strong> m\u00e9lang\u00e9 \u00e0 de l&rsquo;eau chaude.<\/li>\n<li data-start=\"935\" data-end=\"1198\">Ajoutez-le \u00e0 des <strong data-start=\"1076\" data-end=\"1099\">smoothies et des milkshake<\/strong>s pour un suppl\u00e9ment de vitalit\u00e9.<\/li>\n<li data-start=\"935\" data-end=\"1198\">Utilisez-le dans des recettes telles que les lattes, <strong data-start=\"1154\" data-end=\"1195\">les desserts, les glaces ou les p\u00e2tisseries.<\/strong><\/li>\n<\/ul>\n<h2 data-start=\"1200\" data-end=\"1244\">Qualit\u00e9 et pr\u00e9sentation pratique<\/h2>\n<p data-start=\"1245\" data-end=\"1479\">Il est pr\u00e9sent\u00e9 dans une bo\u00eete de <strong data-start=\"1266\" data-end=\"1274\">40 g<\/strong>, id\u00e9ale pour conserver sa fra\u00eecheur et le d\u00e9guster \u00e0 tout moment. Gr\u00e2ce \u00e0 sa pr\u00e9sentation, vous pourrez le doser facilement pour chaque pr\u00e9paration et profiter de tous ses bienfaits sans perte de qualit\u00e9.<\/p>\n<p data-start=\"1481\" data-end=\"1664\">Int\u00e9grez le <strong data-start=\"53\" data-end=\"74\">th\u00e9 japonais Matcha<\/strong> de <strong data-start=\"78\" data-end=\"92\">Semper Tea<\/strong> \u00e0 votre routine et savourez une boisson saine, pleine de saveur et de propri\u00e9t\u00e9s. Passez votre commande d\u00e8s maintenant et d\u00e9couvrez le pouvoir du matcha !<\/p>\n","protected":false},"excerpt":{"rendered":"<p>Savourez le v\u00e9ritable <strong data-start=\"126\" data-end=\"154\">th\u00e9 matcha japonais moulu <\/strong>de <strong data-start=\"158\" data-end=\"172\">Semper Tea<\/strong>, parfait pour pr\u00e9parer de d\u00e9licieux <strong data-start=\"208\" data-end=\"218\">lattes<\/strong>, <strong data-start=\"220\" data-end=\"233\">smoothies <\/strong>et recettes de<strong data-start=\"247\" data-end=\"266\"> cuisine cr\u00e9ative<\/strong>.<\/p>\n<p><strong>Dur\u00e9e approximative<\/strong> : 40 jours.<\/p>\n<p>Avec son<strong data-start=\"275\" data-end=\"290\"> go\u00fbt doux<\/strong> et sa teneur \u00e9lev\u00e9e en <strong data-start=\"314\" data-end=\"331\">antioxydants<\/strong>, ce <strong data-start=\"338\" data-end=\"364\">matcha pour p\u00e2tisseries<\/strong> et boissons vous offre une <strong data-start=\"385\" data-end=\"404\">\u00e9nergie naturelle<\/strong> et du bien-\u00eatre. Id\u00e9al pour ceux qui recherchent un <strong data-start=\"444\" data-end=\"464\">th\u00e9 vert japonais<\/strong> de qualit\u00e9 et veulent <strong data-start=\"486\" data-end=\"514\">acheter du th\u00e9 matcha en ligne<\/strong> facilement et en toute s\u00e9curit\u00e9.<\/p>\n<ul>\n<li>Riche en antioxydants et en \u00e9nergie durable.<\/li>\n<li>Aide \u00e0 la concentration sans nervosit\u00e9.<\/li>\n<li>Polyvalent pour le th\u00e9, les lattes, les smoothies et les desserts.<\/li>\n<\/ul>\n","protected":false},"featured_media":16167,"comment_status":"open","ping_status":"closed","template":"","meta":[],"product_brand":[],"product_cat":[380,315,298,297,283,287,310,311,312,316],"product_tag":[323],"class_list":{"0":"post-14767","1":"product","2":"type-product","3":"status-publish","4":"has-post-thumbnail","6":"product_cat-the-bio-en-vrac-grossiste-vente-en-ligne","7":"product_cat-acheter-du-the-en-vrac-biologique","8":"product_cat-les-varietes-de-the","9":"product_cat-the-matcha-bio-premium-latte-cappuccino","10":"product_cat-thes-et-infusions-biologiques-de-qualite","11":"product_cat-the-vert-biologique-ou-acheter","12":"product_cat-tous","13":"product_cat-tous-fr","14":"product_cat-tous-fr-2","15":"product_cat-uncategorized-fr","16":"product_tag-lava40-fr","18":"first","19":"instock","20":"shipping-taxable","21":"purchasable","22":"product-type-simple"},"yoast_head":"<!-- This site is optimized with the Yoast SEO Premium plugin v27.3 (Yoast SEO v27.3) - https:\/\/yoast.com\/product\/yoast-seo-premium-wordpress\/ -->\n<title>Th\u00e9 Matcha japonais moulu pour Lattes, Smoothies et Cuisine<\/title>\n<meta name=\"description\" content=\"Authentique th\u00e9 matcha japonais moulu. Id\u00e9al pour pr\u00e9parer des lattes, des smoothies et des recettes cr\u00e9atives. Saveur douce, riche en antioxydants et en \u00e9nergie naturelle.\" \/>\n<meta name=\"robots\" content=\"index, follow, max-snippet:-1, max-image-preview:large, max-video-preview:-1\" \/>\n<link rel=\"canonical\" href=\"https:\/\/www.sempertea.eu\/fr\/the-japonais-matcha-boite-40-gr\/\" \/>\n<meta property=\"og:locale\" content=\"fr_FR\" \/>\n<meta property=\"og:type\" content=\"article\" \/>\n<meta property=\"og:title\" content=\"Th\u00e9 japonais matcha | Bo\u00eete 40 gr\" \/>\n<meta property=\"og:description\" content=\"Authentique th\u00e9 matcha japonais moulu. Id\u00e9al pour pr\u00e9parer des lattes, des smoothies et des recettes cr\u00e9atives. Saveur douce, riche en antioxydants et en \u00e9nergie naturelle.\" \/>\n<meta property=\"og:url\" content=\"https:\/\/www.sempertea.eu\/fr\/the-japonais-matcha-boite-40-gr\/\" \/>\n<meta property=\"og:site_name\" content=\"Semper Tea | Mayorista y fabricante de T\u00e9s e Infusiones para hoteles, restaurantes y bares\" \/>\n<meta property=\"article:modified_time\" content=\"2026-03-27T08:56:00+00:00\" \/>\n<meta property=\"og:image\" content=\"https:\/\/www.sempertea.eu\/wp-content\/uploads\/2025\/06\/lata-te-matcha-ecologico-polvo-semper-tea.jpg\" \/>\n\t<meta property=\"og:image:width\" content=\"1000\" \/>\n\t<meta property=\"og:image:height\" content=\"1000\" \/>\n\t<meta property=\"og:image:type\" content=\"image\/jpeg\" \/>\n<meta name=\"twitter:card\" content=\"summary_large_image\" \/>\n<meta name=\"twitter:label1\" content=\"Dur\u00e9e de lecture estim\u00e9e\" \/>\n\t<meta name=\"twitter:data1\" content=\"2 minutes\" \/>\n<script type=\"application\/ld+json\" class=\"yoast-schema-graph\">{\"@context\":\"https:\\\/\\\/schema.org\",\"@graph\":[{\"@type\":\"WebPage\",\"@id\":\"https:\\\/\\\/www.sempertea.eu\\\/fr\\\/the-japonais-matcha-boite-40-gr\\\/\",\"url\":\"https:\\\/\\\/www.sempertea.eu\\\/fr\\\/the-japonais-matcha-boite-40-gr\\\/\",\"name\":\"Th\u00e9 Matcha japonais moulu pour Lattes, Smoothies et Cuisine\",\"isPartOf\":{\"@id\":\"https:\\\/\\\/www.sempertea.eu\\\/#website\"},\"primaryImageOfPage\":{\"@id\":\"https:\\\/\\\/www.sempertea.eu\\\/fr\\\/the-japonais-matcha-boite-40-gr\\\/#primaryimage\"},\"image\":{\"@id\":\"https:\\\/\\\/www.sempertea.eu\\\/fr\\\/the-japonais-matcha-boite-40-gr\\\/#primaryimage\"},\"thumbnailUrl\":\"https:\\\/\\\/www.sempertea.eu\\\/wp-content\\\/uploads\\\/2025\\\/06\\\/lata-te-matcha-ecologico-polvo-semper-tea.jpg\",\"datePublished\":\"2025-04-07T12:18:39+00:00\",\"dateModified\":\"2026-03-27T08:56:00+00:00\",\"description\":\"Authentique th\u00e9 matcha japonais moulu. Id\u00e9al pour pr\u00e9parer des lattes, des smoothies et des recettes cr\u00e9atives. Saveur douce, riche en antioxydants et en \u00e9nergie naturelle.\",\"breadcrumb\":{\"@id\":\"https:\\\/\\\/www.sempertea.eu\\\/fr\\\/the-japonais-matcha-boite-40-gr\\\/#breadcrumb\"},\"inLanguage\":\"fr-FR\",\"potentialAction\":[{\"@type\":\"ReadAction\",\"target\":[\"https:\\\/\\\/www.sempertea.eu\\\/fr\\\/the-japonais-matcha-boite-40-gr\\\/\"]}]},{\"@type\":\"ImageObject\",\"inLanguage\":\"fr-FR\",\"@id\":\"https:\\\/\\\/www.sempertea.eu\\\/fr\\\/the-japonais-matcha-boite-40-gr\\\/#primaryimage\",\"url\":\"https:\\\/\\\/www.sempertea.eu\\\/wp-content\\\/uploads\\\/2025\\\/06\\\/lata-te-matcha-ecologico-polvo-semper-tea.jpg\",\"contentUrl\":\"https:\\\/\\\/www.sempertea.eu\\\/wp-content\\\/uploads\\\/2025\\\/06\\\/lata-te-matcha-ecologico-polvo-semper-tea.jpg\",\"width\":1000,\"height\":1000,\"caption\":\"lata te matcha ecologico polvo semper tea\"},{\"@type\":\"BreadcrumbList\",\"@id\":\"https:\\\/\\\/www.sempertea.eu\\\/fr\\\/the-japonais-matcha-boite-40-gr\\\/#breadcrumb\",\"itemListElement\":[{\"@type\":\"ListItem\",\"position\":1,\"name\":\"Portada\",\"item\":\"https:\\\/\\\/www.sempertea.eu\\\/\"},{\"@type\":\"ListItem\",\"position\":2,\"name\":\"Tienda\",\"item\":\"https:\\\/\\\/www.sempertea.eu\\\/tienda\\\/\"},{\"@type\":\"ListItem\",\"position\":3,\"name\":\"Th\u00e9 japonais matcha | Bo\u00eete 40 gr\"}]},{\"@type\":\"WebSite\",\"@id\":\"https:\\\/\\\/www.sempertea.eu\\\/#website\",\"url\":\"https:\\\/\\\/www.sempertea.eu\\\/\",\"name\":\"Semper Tea | Mayorista y fabricante de T\u00e9s e Infusiones para hoteles, restaurantes y bares\",\"description\":\"T\u00e9s e infusiones para hosteler\u00eda, hoteler\u00eda y comercio\",\"potentialAction\":[{\"@type\":\"SearchAction\",\"target\":{\"@type\":\"EntryPoint\",\"urlTemplate\":\"https:\\\/\\\/www.sempertea.eu\\\/?s={search_term_string}\"},\"query-input\":{\"@type\":\"PropertyValueSpecification\",\"valueRequired\":true,\"valueName\":\"search_term_string\"}}],\"inLanguage\":\"fr-FR\"}]}<\/script>\n<!-- \/ Yoast SEO Premium plugin. -->","yoast_head_json":{"title":"Th\u00e9 Matcha japonais moulu pour Lattes, Smoothies et Cuisine","description":"Authentique th\u00e9 matcha japonais moulu. Id\u00e9al pour pr\u00e9parer des lattes, des smoothies et des recettes cr\u00e9atives. Saveur douce, riche en antioxydants et en \u00e9nergie naturelle.","robots":{"index":"index","follow":"follow","max-snippet":"max-snippet:-1","max-image-preview":"max-image-preview:large","max-video-preview":"max-video-preview:-1"},"canonical":"https:\/\/www.sempertea.eu\/fr\/the-japonais-matcha-boite-40-gr\/","og_locale":"fr_FR","og_type":"article","og_title":"Th\u00e9 japonais matcha | Bo\u00eete 40 gr","og_description":"Authentique th\u00e9 matcha japonais moulu. Id\u00e9al pour pr\u00e9parer des lattes, des smoothies et des recettes cr\u00e9atives. Saveur douce, riche en antioxydants et en \u00e9nergie naturelle.","og_url":"https:\/\/www.sempertea.eu\/fr\/the-japonais-matcha-boite-40-gr\/","og_site_name":"Semper Tea | Mayorista y fabricante de T\u00e9s e Infusiones para hoteles, restaurantes y bares","article_modified_time":"2026-03-27T08:56:00+00:00","og_image":[{"width":1000,"height":1000,"url":"https:\/\/www.sempertea.eu\/wp-content\/uploads\/2025\/06\/lata-te-matcha-ecologico-polvo-semper-tea.jpg","type":"image\/jpeg"}],"twitter_card":"summary_large_image","twitter_misc":{"Dur\u00e9e de lecture estim\u00e9e":"2 minutes"},"schema":{"@context":"https:\/\/schema.org","@graph":[{"@type":"WebPage","@id":"https:\/\/www.sempertea.eu\/fr\/the-japonais-matcha-boite-40-gr\/","url":"https:\/\/www.sempertea.eu\/fr\/the-japonais-matcha-boite-40-gr\/","name":"Th\u00e9 Matcha japonais moulu pour Lattes, Smoothies et Cuisine","isPartOf":{"@id":"https:\/\/www.sempertea.eu\/#website"},"primaryImageOfPage":{"@id":"https:\/\/www.sempertea.eu\/fr\/the-japonais-matcha-boite-40-gr\/#primaryimage"},"image":{"@id":"https:\/\/www.sempertea.eu\/fr\/the-japonais-matcha-boite-40-gr\/#primaryimage"},"thumbnailUrl":"https:\/\/www.sempertea.eu\/wp-content\/uploads\/2025\/06\/lata-te-matcha-ecologico-polvo-semper-tea.jpg","datePublished":"2025-04-07T12:18:39+00:00","dateModified":"2026-03-27T08:56:00+00:00","description":"Authentique th\u00e9 matcha japonais moulu. Id\u00e9al pour pr\u00e9parer des lattes, des smoothies et des recettes cr\u00e9atives. Saveur douce, riche en antioxydants et en \u00e9nergie naturelle.","breadcrumb":{"@id":"https:\/\/www.sempertea.eu\/fr\/the-japonais-matcha-boite-40-gr\/#breadcrumb"},"inLanguage":"fr-FR","potentialAction":[{"@type":"ReadAction","target":["https:\/\/www.sempertea.eu\/fr\/the-japonais-matcha-boite-40-gr\/"]}]},{"@type":"ImageObject","inLanguage":"fr-FR","@id":"https:\/\/www.sempertea.eu\/fr\/the-japonais-matcha-boite-40-gr\/#primaryimage","url":"https:\/\/www.sempertea.eu\/wp-content\/uploads\/2025\/06\/lata-te-matcha-ecologico-polvo-semper-tea.jpg","contentUrl":"https:\/\/www.sempertea.eu\/wp-content\/uploads\/2025\/06\/lata-te-matcha-ecologico-polvo-semper-tea.jpg","width":1000,"height":1000,"caption":"lata te matcha ecologico polvo semper tea"},{"@type":"BreadcrumbList","@id":"https:\/\/www.sempertea.eu\/fr\/the-japonais-matcha-boite-40-gr\/#breadcrumb","itemListElement":[{"@type":"ListItem","position":1,"name":"Portada","item":"https:\/\/www.sempertea.eu\/"},{"@type":"ListItem","position":2,"name":"Tienda","item":"https:\/\/www.sempertea.eu\/tienda\/"},{"@type":"ListItem","position":3,"name":"Th\u00e9 japonais matcha | Bo\u00eete 40 gr"}]},{"@type":"WebSite","@id":"https:\/\/www.sempertea.eu\/#website","url":"https:\/\/www.sempertea.eu\/","name":"Semper Tea | Mayorista y fabricante de T\u00e9s e Infusiones para hoteles, restaurantes y bares","description":"T\u00e9s e infusiones para hosteler\u00eda, hoteler\u00eda y comercio","potentialAction":[{"@type":"SearchAction","target":{"@type":"EntryPoint","urlTemplate":"https:\/\/www.sempertea.eu\/?s={search_term_string}"},"query-input":{"@type":"PropertyValueSpecification","valueRequired":true,"valueName":"search_term_string"}}],"inLanguage":"fr-FR"}]}},"_links":{"self":[{"href":"https:\/\/www.sempertea.eu\/fr\/wp-json\/wp\/v2\/product\/14767","targetHints":{"allow":["GET"]}}],"collection":[{"href":"https:\/\/www.sempertea.eu\/fr\/wp-json\/wp\/v2\/product"}],"about":[{"href":"https:\/\/www.sempertea.eu\/fr\/wp-json\/wp\/v2\/types\/product"}],"replies":[{"embeddable":true,"href":"https:\/\/www.sempertea.eu\/fr\/wp-json\/wp\/v2\/comments?post=14767"}],"wp:featuredmedia":[{"embeddable":true,"href":"https:\/\/www.sempertea.eu\/fr\/wp-json\/wp\/v2\/media\/16167"}],"wp:attachment":[{"href":"https:\/\/www.sempertea.eu\/fr\/wp-json\/wp\/v2\/media?parent=14767"}],"wp:term":[{"taxonomy":"product_brand","embeddable":true,"href":"https:\/\/www.sempertea.eu\/fr\/wp-json\/wp\/v2\/product_brand?post=14767"},{"taxonomy":"product_cat","embeddable":true,"href":"https:\/\/www.sempertea.eu\/fr\/wp-json\/wp\/v2\/product_cat?post=14767"},{"taxonomy":"product_tag","embeddable":true,"href":"https:\/\/www.sempertea.eu\/fr\/wp-json\/wp\/v2\/product_tag?post=14767"}],"curies":[{"name":"wp","href":"https:\/\/api.w.org\/{rel}","templated":true}]}}