{"id":14763,"date":"2025-03-31T09:14:40","date_gmt":"2025-04-07T13:12:10","guid":{"rendered":"https:\/\/www.sempertea.eu\/kit-de-demarrage-distributeur-pour-lhotellerie-avec-the-premium-en-pyramides\/"},"modified":"2025-04-07T15:12:10","modified_gmt":"2025-04-07T13:12:10","slug":"kit-de-demarrage-distributeur-pour-lhotellerie-avec-the-premium-en-pyramides","status":"publish","type":"product","link":"https:\/\/www.sempertea.eu\/fr\/kit-de-demarrage-distributeur-pour-lhotellerie-avec-the-premium-en-pyramides\/","title":{"rendered":"Kit de d\u00e9marrage | Distributeur pour l&rsquo;h\u00f4tellerie avec th\u00e9 Premium en pyramides"},"content":{"rendered":"<p data-start=\"80\" data-end=\"457\">Offrez \u00e0 vos clients une exp\u00e9rience du th\u00e9 sophistiqu\u00e9e et pratique gr\u00e2ce \u00e0 notre <strong data-start=\"159\" data-end=\"178\">kit de d\u00e9marrage pour l&rsquo;h\u00f4tellerie,<\/strong> qui comprend un <strong data-start=\"195\" data-end=\"225\">distributeur de th\u00e9 vertical<\/strong> et <strong data-start=\"228\" data-end=\"259\">450 pyramides de th\u00e9 et infusions haut<\/strong> de gamme de notre collection Ambar.<\/p>\n<p data-start=\"80\" data-end=\"457\">Con\u00e7u pour les \u00e9tablissements de restauration tels que les caf\u00e9s, les restaurants et les h\u00f4tels, ce pack garantit confort, pr\u00e9sentation \u00e9l\u00e9gante et une grande vari\u00e9t\u00e9 de saveurs pour tous les go\u00fbts.<\/p>\n<h2 data-start=\"459\" data-end=\"500\">Design fonctionnel et \u00e9l\u00e9gant<\/h2>\n<p data-start=\"501\" data-end=\"798\"><strong data-start=\"504\" data-end=\"528\">Le distributeur vertical pour th\u00e9s et infusions<\/strong> de la <a href=\"https:\/\/www.sempertea.eu\/infusiones-libres-de-plastico\/\" target=\"_blank\" rel=\"noopener\">collection Ambar<\/a> permet d&rsquo;organiser et de pr\u00e9senter les pyramides de th\u00e9 de mani\u00e8re attrayante et accessible, facilitant le choix du client et acc\u00e9l\u00e9rant le service. Son design compact optimise l&rsquo;espace dans le bar ou la zone de libre-service, offrant une solution pratique et professionnelle. <\/p>\n<h3 data-start=\"800\" data-end=\"841\">S\u00e9lection de saveurs premium<\/h3>\n<p data-start=\"842\" data-end=\"1179\">Ce pack comprend <strong data-start=\"860\" data-end=\"907\">450 pyramides de th\u00e9 et d&rsquo;infusions biologiques<\/strong>, \u00e9labor\u00e9es avec des ingr\u00e9dients de haute qualit\u00e9 et pr\u00e9sent\u00e9es en sachets individuels pour conserver toute leur fra\u00eecheur et leur ar\u00f4me. Th\u00e9 en feuilles, emball\u00e9 et conditionn\u00e9 100 % sans plastique. <\/p>\n<p data-start=\"842\" data-end=\"1179\">Dix saveurs d\u00e9licieuses pour les amateurs de th\u00e9 qui recherchent quelque chose de diff\u00e9rent. Des th\u00e9s classiques et sophistiqu\u00e9s aux infusions fruit\u00e9es et aux tisanes, chaque option est con\u00e7ue pour offrir une exp\u00e9rience unique dans chaque tasse. <\/p>\n<h4 data-start=\"1181\" data-end=\"1226\">Avantages du kit de d\u00e9marrage pour l&rsquo;h\u00f4tellerie :<\/h4>\n<p data-start=\"1181\" data-end=\"1226\">Parfait pour les caf\u00e9s, les h\u00f4tels, les restaurants et les espaces gastronomiques<\/p>\n<ul>\n<li><strong data-start=\"1229\" data-end=\"1303\">450 pyramides de th\u00e9 en emballage individuel pour plus de fra\u00eecheur et d&rsquo;hygi\u00e8ne (3 bo\u00eetes de 15 sachets pour 10 saveurs de la collection).<\/strong><\/li>\n<li><strong data-start=\"1308\" data-end=\"1378\">Distributeur vertical \u00e9l\u00e9gant et fonctionnel, id\u00e9al pour le libre-service.<\/strong><\/li>\n<li><strong>15 cartes de th\u00e9 en espagnol, anglais et allemand.<\/strong><\/li>\n<\/ul>\n<p data-start=\"1531\" data-end=\"1687\" data-is-last-node=\"\" data-is-only-node=\"\">Am\u00e9liorez la pr\u00e9sentation et le service du th\u00e9 dans votre \u00e9tablissement gr\u00e2ce \u00e0 ce pack con\u00e7u pour l&rsquo;excellence. Faites de chaque infusion une exp\u00e9rience inoubliable! <\/p>\n","protected":false},"excerpt":{"rendered":"<p>Offrez \u00e0 vos clients une exp\u00e9rience de th\u00e9 sophistiqu\u00e9e et pratique avec notre <strong data-start=\"159\" data-end=\"178\">kit de d\u00e9marrage pour l&rsquo;h\u00f4tellerie<\/strong>.<\/p>\n<p data-start=\"68\" data-end=\"310\">Ce pack comprend <strong data-start=\"860\" data-end=\"907\">450 pyramides de th\u00e9 et d&rsquo;infusions biologiques<\/strong>, \u00e9labor\u00e9es avec des ingr\u00e9dients de haute qualit\u00e9 et pr\u00e9sent\u00e9es en sachets individuels pour conserver toute leur fra\u00eecheur et leur ar\u00f4me.<\/p>\n<ul>\n<li data-start=\"312\" data-end=\"464\"><strong data-start=\"314\" data-end=\"363\">450 pyramides de th\u00e9 \u00e9cologiques et sans plastique, (3 bo\u00eetes de 15 sachets pour 10 saveurs de la collection)<br \/>\n<\/strong><\/li>\n<li data-start=\"312\" data-end=\"464\"><strong data-start=\"368\" data-end=\"412\">Distributeur vertical compact et \u00e9l\u00e9gant.<\/strong><\/li>\n<li><strong>15 cartes de th\u00e9 en espagnol, anglais et allemand.<\/strong><\/li>\n<\/ul>\n<p data-start=\"466\" data-end=\"605\" data-is-last-node=\"\" data-is-only-node=\"\">Qualit\u00e9, pr\u00e9sentation et saveur dans chaque tasse !<\/p>\n","protected":false},"featured_media":13825,"comment_status":"open","ping_status":"closed","template":"","meta":[],"product_brand":[],"product_cat":[268,309,300,298,299,283,311,312,310,316],"product_tag":[],"class_list":{"0":"post-14763","1":"product","2":"type-product","3":"status-publish","4":"has-post-thumbnail","6":"product_cat-infusions-sans-plastique","7":"product_cat-collections","8":"product_cat-emballages-sans-plastique","9":"product_cat-les-varietes-de-the","10":"product_cat-the-en-pyramide-biodegradable","11":"product_cat-thes-et-infusions-biologiques-de-qualite","12":"product_cat-tous-fr","13":"product_cat-tous-fr-2","14":"product_cat-tous","15":"product_cat-uncategorized-fr","17":"first","18":"instock","19":"shipping-taxable","20":"purchasable","21":"product-type-simple"},"yoast_head":"<!-- This site is optimized with the Yoast SEO Premium plugin v27.3 (Yoast SEO v27.4) - https:\/\/yoast.com\/product\/yoast-seo-premium-wordpress\/ -->\n<title>Kit de d\u00e9marrage | Distributeur pour l&#039;h\u00f4tellerie et la restauration Pyramides de th\u00e9 Premium<\/title>\n<meta name=\"description\" content=\"D\u00e9couvrez une nouvelle fa\u00e7on sophistiqu\u00e9e et pratique de servir dans le secteur de l&#039;h\u00f4tellerie avec notre distributeur de th\u00e9 vertical et ses 450 pyramides de th\u00e9 premium.\" \/>\n<meta name=\"robots\" content=\"index, follow, max-snippet:-1, max-image-preview:large, max-video-preview:-1\" \/>\n<link rel=\"canonical\" href=\"https:\/\/www.sempertea.eu\/fr\/kit-de-demarrage-distributeur-pour-lhotellerie-avec-the-premium-en-pyramides\/\" \/>\n<meta property=\"og:locale\" content=\"fr_FR\" \/>\n<meta property=\"og:type\" content=\"article\" \/>\n<meta property=\"og:title\" content=\"Kit de d\u00e9marrage | Distributeur pour l&#039;h\u00f4tellerie avec th\u00e9 Premium en pyramides\" \/>\n<meta property=\"og:description\" content=\"D\u00e9couvrez une nouvelle fa\u00e7on sophistiqu\u00e9e et pratique de servir dans le secteur de l&#039;h\u00f4tellerie avec notre distributeur de th\u00e9 vertical et ses 450 pyramides de th\u00e9 premium.\" \/>\n<meta property=\"og:url\" content=\"https:\/\/www.sempertea.eu\/fr\/kit-de-demarrage-distributeur-pour-lhotellerie-avec-the-premium-en-pyramides\/\" \/>\n<meta property=\"og:site_name\" content=\"Semper Tea | Mayorista y fabricante de T\u00e9s e Infusiones para hoteles, restaurantes y bares\" \/>\n<meta property=\"og:image\" content=\"https:\/\/www.sempertea.eu\/wp-content\/uploads\/2025\/03\/dispensador-vertical-para-hosteleria-tes-e-infusiones-semper-tea.jpg\" \/>\n\t<meta property=\"og:image:width\" content=\"1000\" \/>\n\t<meta property=\"og:image:height\" content=\"1000\" \/>\n\t<meta property=\"og:image:type\" content=\"image\/jpeg\" \/>\n<meta name=\"twitter:card\" content=\"summary_large_image\" \/>\n<meta name=\"twitter:label1\" content=\"Dur\u00e9e de lecture estim\u00e9e\" \/>\n\t<meta name=\"twitter:data1\" content=\"2 minutes\" \/>\n<script type=\"application\/ld+json\" class=\"yoast-schema-graph\">{\"@context\":\"https:\\\/\\\/schema.org\",\"@graph\":[{\"@type\":\"WebPage\",\"@id\":\"https:\\\/\\\/www.sempertea.eu\\\/fr\\\/kit-de-demarrage-distributeur-pour-lhotellerie-avec-the-premium-en-pyramides\\\/\",\"url\":\"https:\\\/\\\/www.sempertea.eu\\\/fr\\\/kit-de-demarrage-distributeur-pour-lhotellerie-avec-the-premium-en-pyramides\\\/\",\"name\":\"Kit de d\u00e9marrage | Distributeur pour l'h\u00f4tellerie et la restauration Pyramides de th\u00e9 Premium\",\"isPartOf\":{\"@id\":\"https:\\\/\\\/www.sempertea.eu\\\/#website\"},\"primaryImageOfPage\":{\"@id\":\"https:\\\/\\\/www.sempertea.eu\\\/fr\\\/kit-de-demarrage-distributeur-pour-lhotellerie-avec-the-premium-en-pyramides\\\/#primaryimage\"},\"image\":{\"@id\":\"https:\\\/\\\/www.sempertea.eu\\\/fr\\\/kit-de-demarrage-distributeur-pour-lhotellerie-avec-the-premium-en-pyramides\\\/#primaryimage\"},\"thumbnailUrl\":\"https:\\\/\\\/www.sempertea.eu\\\/wp-content\\\/uploads\\\/2025\\\/03\\\/dispensador-vertical-para-hosteleria-tes-e-infusiones-semper-tea.jpg\",\"datePublished\":\"2025-04-07T13:12:10+00:00\",\"description\":\"D\u00e9couvrez une nouvelle fa\u00e7on sophistiqu\u00e9e et pratique de servir dans le secteur de l'h\u00f4tellerie avec notre distributeur de th\u00e9 vertical et ses 450 pyramides de th\u00e9 premium.\",\"breadcrumb\":{\"@id\":\"https:\\\/\\\/www.sempertea.eu\\\/fr\\\/kit-de-demarrage-distributeur-pour-lhotellerie-avec-the-premium-en-pyramides\\\/#breadcrumb\"},\"inLanguage\":\"fr-FR\",\"potentialAction\":[{\"@type\":\"ReadAction\",\"target\":[\"https:\\\/\\\/www.sempertea.eu\\\/fr\\\/kit-de-demarrage-distributeur-pour-lhotellerie-avec-the-premium-en-pyramides\\\/\"]}]},{\"@type\":\"ImageObject\",\"inLanguage\":\"fr-FR\",\"@id\":\"https:\\\/\\\/www.sempertea.eu\\\/fr\\\/kit-de-demarrage-distributeur-pour-lhotellerie-avec-the-premium-en-pyramides\\\/#primaryimage\",\"url\":\"https:\\\/\\\/www.sempertea.eu\\\/wp-content\\\/uploads\\\/2025\\\/03\\\/dispensador-vertical-para-hosteleria-tes-e-infusiones-semper-tea.jpg\",\"contentUrl\":\"https:\\\/\\\/www.sempertea.eu\\\/wp-content\\\/uploads\\\/2025\\\/03\\\/dispensador-vertical-para-hosteleria-tes-e-infusiones-semper-tea.jpg\",\"width\":1000,\"height\":1000,\"caption\":\"dispensador vertical para hosteleria tes e infusiones semper tea\"},{\"@type\":\"BreadcrumbList\",\"@id\":\"https:\\\/\\\/www.sempertea.eu\\\/fr\\\/kit-de-demarrage-distributeur-pour-lhotellerie-avec-the-premium-en-pyramides\\\/#breadcrumb\",\"itemListElement\":[{\"@type\":\"ListItem\",\"position\":1,\"name\":\"Portada\",\"item\":\"https:\\\/\\\/www.sempertea.eu\\\/\"},{\"@type\":\"ListItem\",\"position\":2,\"name\":\"Tienda\",\"item\":\"https:\\\/\\\/www.sempertea.eu\\\/tienda\\\/\"},{\"@type\":\"ListItem\",\"position\":3,\"name\":\"Kit de d\u00e9marrage | Distributeur pour l&#8217;h\u00f4tellerie avec th\u00e9 Premium en pyramides\"}]},{\"@type\":\"WebSite\",\"@id\":\"https:\\\/\\\/www.sempertea.eu\\\/#website\",\"url\":\"https:\\\/\\\/www.sempertea.eu\\\/\",\"name\":\"Semper Tea | Mayorista y fabricante de T\u00e9s e Infusiones para hoteles, restaurantes y bares\",\"description\":\"T\u00e9s e infusiones para hosteler\u00eda, hoteler\u00eda y comercio\",\"potentialAction\":[{\"@type\":\"SearchAction\",\"target\":{\"@type\":\"EntryPoint\",\"urlTemplate\":\"https:\\\/\\\/www.sempertea.eu\\\/?s={search_term_string}\"},\"query-input\":{\"@type\":\"PropertyValueSpecification\",\"valueRequired\":true,\"valueName\":\"search_term_string\"}}],\"inLanguage\":\"fr-FR\"}]}<\/script>\n<!-- \/ Yoast SEO Premium plugin. -->","yoast_head_json":{"title":"Kit de d\u00e9marrage | Distributeur pour l'h\u00f4tellerie et la restauration Pyramides de th\u00e9 Premium","description":"D\u00e9couvrez une nouvelle fa\u00e7on sophistiqu\u00e9e et pratique de servir dans le secteur de l'h\u00f4tellerie avec notre distributeur de th\u00e9 vertical et ses 450 pyramides de th\u00e9 premium.","robots":{"index":"index","follow":"follow","max-snippet":"max-snippet:-1","max-image-preview":"max-image-preview:large","max-video-preview":"max-video-preview:-1"},"canonical":"https:\/\/www.sempertea.eu\/fr\/kit-de-demarrage-distributeur-pour-lhotellerie-avec-the-premium-en-pyramides\/","og_locale":"fr_FR","og_type":"article","og_title":"Kit de d\u00e9marrage | Distributeur pour l'h\u00f4tellerie avec th\u00e9 Premium en pyramides","og_description":"D\u00e9couvrez une nouvelle fa\u00e7on sophistiqu\u00e9e et pratique de servir dans le secteur de l'h\u00f4tellerie avec notre distributeur de th\u00e9 vertical et ses 450 pyramides de th\u00e9 premium.","og_url":"https:\/\/www.sempertea.eu\/fr\/kit-de-demarrage-distributeur-pour-lhotellerie-avec-the-premium-en-pyramides\/","og_site_name":"Semper Tea | Mayorista y fabricante de T\u00e9s e Infusiones para hoteles, restaurantes y bares","og_image":[{"width":1000,"height":1000,"url":"https:\/\/www.sempertea.eu\/wp-content\/uploads\/2025\/03\/dispensador-vertical-para-hosteleria-tes-e-infusiones-semper-tea.jpg","type":"image\/jpeg"}],"twitter_card":"summary_large_image","twitter_misc":{"Dur\u00e9e de lecture estim\u00e9e":"2 minutes"},"schema":{"@context":"https:\/\/schema.org","@graph":[{"@type":"WebPage","@id":"https:\/\/www.sempertea.eu\/fr\/kit-de-demarrage-distributeur-pour-lhotellerie-avec-the-premium-en-pyramides\/","url":"https:\/\/www.sempertea.eu\/fr\/kit-de-demarrage-distributeur-pour-lhotellerie-avec-the-premium-en-pyramides\/","name":"Kit de d\u00e9marrage | Distributeur pour l'h\u00f4tellerie et la restauration Pyramides de th\u00e9 Premium","isPartOf":{"@id":"https:\/\/www.sempertea.eu\/#website"},"primaryImageOfPage":{"@id":"https:\/\/www.sempertea.eu\/fr\/kit-de-demarrage-distributeur-pour-lhotellerie-avec-the-premium-en-pyramides\/#primaryimage"},"image":{"@id":"https:\/\/www.sempertea.eu\/fr\/kit-de-demarrage-distributeur-pour-lhotellerie-avec-the-premium-en-pyramides\/#primaryimage"},"thumbnailUrl":"https:\/\/www.sempertea.eu\/wp-content\/uploads\/2025\/03\/dispensador-vertical-para-hosteleria-tes-e-infusiones-semper-tea.jpg","datePublished":"2025-04-07T13:12:10+00:00","description":"D\u00e9couvrez une nouvelle fa\u00e7on sophistiqu\u00e9e et pratique de servir dans le secteur de l'h\u00f4tellerie avec notre distributeur de th\u00e9 vertical et ses 450 pyramides de th\u00e9 premium.","breadcrumb":{"@id":"https:\/\/www.sempertea.eu\/fr\/kit-de-demarrage-distributeur-pour-lhotellerie-avec-the-premium-en-pyramides\/#breadcrumb"},"inLanguage":"fr-FR","potentialAction":[{"@type":"ReadAction","target":["https:\/\/www.sempertea.eu\/fr\/kit-de-demarrage-distributeur-pour-lhotellerie-avec-the-premium-en-pyramides\/"]}]},{"@type":"ImageObject","inLanguage":"fr-FR","@id":"https:\/\/www.sempertea.eu\/fr\/kit-de-demarrage-distributeur-pour-lhotellerie-avec-the-premium-en-pyramides\/#primaryimage","url":"https:\/\/www.sempertea.eu\/wp-content\/uploads\/2025\/03\/dispensador-vertical-para-hosteleria-tes-e-infusiones-semper-tea.jpg","contentUrl":"https:\/\/www.sempertea.eu\/wp-content\/uploads\/2025\/03\/dispensador-vertical-para-hosteleria-tes-e-infusiones-semper-tea.jpg","width":1000,"height":1000,"caption":"dispensador vertical para hosteleria tes e infusiones semper tea"},{"@type":"BreadcrumbList","@id":"https:\/\/www.sempertea.eu\/fr\/kit-de-demarrage-distributeur-pour-lhotellerie-avec-the-premium-en-pyramides\/#breadcrumb","itemListElement":[{"@type":"ListItem","position":1,"name":"Portada","item":"https:\/\/www.sempertea.eu\/"},{"@type":"ListItem","position":2,"name":"Tienda","item":"https:\/\/www.sempertea.eu\/tienda\/"},{"@type":"ListItem","position":3,"name":"Kit de d\u00e9marrage | Distributeur pour l&#8217;h\u00f4tellerie avec th\u00e9 Premium en pyramides"}]},{"@type":"WebSite","@id":"https:\/\/www.sempertea.eu\/#website","url":"https:\/\/www.sempertea.eu\/","name":"Semper Tea | Mayorista y fabricante de T\u00e9s e Infusiones para hoteles, restaurantes y bares","description":"T\u00e9s e infusiones para hosteler\u00eda, hoteler\u00eda y comercio","potentialAction":[{"@type":"SearchAction","target":{"@type":"EntryPoint","urlTemplate":"https:\/\/www.sempertea.eu\/?s={search_term_string}"},"query-input":{"@type":"PropertyValueSpecification","valueRequired":true,"valueName":"search_term_string"}}],"inLanguage":"fr-FR"}]}},"_links":{"self":[{"href":"https:\/\/www.sempertea.eu\/fr\/wp-json\/wp\/v2\/product\/14763","targetHints":{"allow":["GET"]}}],"collection":[{"href":"https:\/\/www.sempertea.eu\/fr\/wp-json\/wp\/v2\/product"}],"about":[{"href":"https:\/\/www.sempertea.eu\/fr\/wp-json\/wp\/v2\/types\/product"}],"replies":[{"embeddable":true,"href":"https:\/\/www.sempertea.eu\/fr\/wp-json\/wp\/v2\/comments?post=14763"}],"wp:featuredmedia":[{"embeddable":true,"href":"https:\/\/www.sempertea.eu\/fr\/wp-json\/wp\/v2\/media\/13825"}],"wp:attachment":[{"href":"https:\/\/www.sempertea.eu\/fr\/wp-json\/wp\/v2\/media?parent=14763"}],"wp:term":[{"taxonomy":"product_brand","embeddable":true,"href":"https:\/\/www.sempertea.eu\/fr\/wp-json\/wp\/v2\/product_brand?post=14763"},{"taxonomy":"product_cat","embeddable":true,"href":"https:\/\/www.sempertea.eu\/fr\/wp-json\/wp\/v2\/product_cat?post=14763"},{"taxonomy":"product_tag","embeddable":true,"href":"https:\/\/www.sempertea.eu\/fr\/wp-json\/wp\/v2\/product_tag?post=14763"}],"curies":[{"name":"wp","href":"https:\/\/api.w.org\/{rel}","templated":true}]}}