{"id":12638,"date":"2021-08-04T11:12:08","date_gmt":"2021-08-04T10:12:08","guid":{"rendered":"https:\/\/www.sempertea.eu\/pu-erh-vanille-citron-the-rouge-bio-i-vrac-en-sachet\/"},"modified":"2025-07-19T16:58:45","modified_gmt":"2025-07-19T14:58:45","slug":"pu-erh-vanille-citron-the-rouge-bio-i-vrac-en-sachet","status":"publish","type":"product","link":"https:\/\/www.sempertea.eu\/fr\/pu-erh-vanille-citron-the-rouge-bio-i-vrac-en-sachet\/","title":{"rendered":"PU-ERH VANILLE CITRON th\u00e9 rouge bio I Vrac en sachet"},"content":{"rendered":"<h2>Saviez-vous que le th\u00e9 rouge poss\u00e8de de nombreuses propri\u00e9t\u00e9s diur\u00e9tiques ?<\/h2>\n<p>Boire une<strong> tasse de th\u00e9 rouge Pu erh Citron Vanille<\/strong> par jour est un diur\u00e9tique tr\u00e8s efficace, facilite la digestion, r\u00e9duit le cholest\u00e9rol et vous aide \u00e0 atteindre le poids d\u00e9sir\u00e9.<\/p>\n<ul>\n<li>Pour certaines personnes, un point tr\u00e8s important est qu&rsquo;il augmente le m\u00e9tabolisme et aide \u00e0 br\u00fbler des calories.<\/li>\n<li><strong>\u00c9liminer les toxines de l&rsquo;organisme <\/strong>gr\u00e2ce \u00e0 son effet diur\u00e9tique.<\/li>\n<li>Il aide \u00e0 r\u00e9duire la r\u00e9tention d&rsquo;eau.<\/li>\n<\/ul>\n","protected":false},"excerpt":{"rendered":"<p><strong>Terreux avec une touche de vanille douce et raffin\u00e9e<\/strong><\/p>\n<p>Un d\u00e9licieux m\u00e9lange aromatis\u00e9 de Pu-erh en vrac pour les palais qui aiment profiter du meilleur dans leur tasse de th\u00e9. La douceur de la vanille, la note citronn\u00e9e du citron et la saveur terreuse et \u00e9paisse du th\u00e9 rouge forment une combinaison d\u00e9licieuse. Cette vari\u00e9t\u00e9 est pr\u00e9sent\u00e9e en vrac, id\u00e9ale comme cadeau ou pour la consommation domestique.<\/p>\n","protected":false},"featured_media":16138,"comment_status":"open","ping_status":"closed","template":"","meta":[],"product_brand":[],"product_cat":[380,309,315,298,283,285,310,311,312],"product_tag":[322],"class_list":{"0":"post-12638","1":"product","2":"type-product","3":"status-publish","4":"has-post-thumbnail","6":"product_cat-the-bio-en-vrac-grossiste-vente-en-ligne","7":"product_cat-collections","8":"product_cat-acheter-du-the-en-vrac-biologique","9":"product_cat-les-varietes-de-the","10":"product_cat-thes-et-infusions-biologiques-de-qualite","11":"product_cat-vente-de-the-pu-er-ecologique","12":"product_cat-tous","13":"product_cat-tous-fr","14":"product_cat-tous-fr-2","15":"product_tag-the-de-feuilles-ou-the-de-fleurs-entieres","17":"first","18":"instock","19":"shipping-taxable","20":"purchasable","21":"product-type-variable"},"yoast_head":"<!-- This site is optimized with the Yoast SEO Premium plugin v27.3 (Yoast SEO v27.4) - https:\/\/yoast.com\/product\/yoast-seo-premium-wordpress\/ -->\n<title>Sachets de th\u00e9 \u00e0 offrir | Th\u00e9 Pu erh Citron Vanille bio<\/title>\n<meta name=\"description\" content=\"Vous cherchez des sachets de th\u00e9 bio \u00e0 offrir. La vari\u00e9t\u00e9 de th\u00e9 Pu erh a un go\u00fbt d&#039;agrumes et de vanille. Tr\u00e8s demand\u00e9 par les clients.\" \/>\n<meta name=\"robots\" content=\"index, follow, max-snippet:-1, max-image-preview:large, max-video-preview:-1\" \/>\n<link rel=\"canonical\" href=\"https:\/\/www.sempertea.eu\/fr\/pu-erh-vanille-citron-the-rouge-bio-i-vrac-en-sachet\/\" \/>\n<meta property=\"og:locale\" content=\"fr_FR\" \/>\n<meta property=\"og:type\" content=\"article\" \/>\n<meta property=\"og:title\" content=\"PU-ERH VANILLE CITRON th\u00e9 rouge bio I Vrac en sachet\" \/>\n<meta property=\"og:description\" content=\"Vous cherchez des sachets de th\u00e9 bio \u00e0 offrir. La vari\u00e9t\u00e9 de th\u00e9 Pu erh a un go\u00fbt d&#039;agrumes et de vanille. Tr\u00e8s demand\u00e9 par les clients.\" \/>\n<meta property=\"og:url\" content=\"https:\/\/www.sempertea.eu\/fr\/pu-erh-vanille-citron-the-rouge-bio-i-vrac-en-sachet\/\" \/>\n<meta property=\"og:site_name\" content=\"Semper Tea | Mayorista y fabricante de T\u00e9s e Infusiones para hoteles, restaurantes y bares\" \/>\n<meta property=\"article:modified_time\" content=\"2025-07-19T14:58:45+00:00\" \/>\n<meta property=\"og:image\" content=\"https:\/\/www.sempertea.eu\/wp-content\/uploads\/2021\/08\/surtido-de-te-para-regalo-pu-erh-limon-vainilla-organico-semper-tea-1.jpg\" \/>\n<meta name=\"twitter:card\" content=\"summary_large_image\" \/>\n<meta name=\"twitter:image\" content=\"https:\/\/www.sempertea.eu\/wp-content\/uploads\/2021\/08\/surtido-de-te-para-regalo-pu-erh-limon-vainilla-organico-semper-tea-1.jpg\" \/>\n<meta name=\"twitter:label1\" content=\"Dur\u00e9e de lecture estim\u00e9e\" \/>\n\t<meta name=\"twitter:data1\" content=\"1 minute\" \/>\n<script type=\"application\/ld+json\" class=\"yoast-schema-graph\">{\"@context\":\"https:\\\/\\\/schema.org\",\"@graph\":[{\"@type\":\"WebPage\",\"@id\":\"https:\\\/\\\/www.sempertea.eu\\\/fr\\\/pu-erh-vanille-citron-the-rouge-bio-i-vrac-en-sachet\\\/\",\"url\":\"https:\\\/\\\/www.sempertea.eu\\\/fr\\\/pu-erh-vanille-citron-the-rouge-bio-i-vrac-en-sachet\\\/\",\"name\":\"Sachets de th\u00e9 \u00e0 offrir | Th\u00e9 Pu erh Citron Vanille bio\",\"isPartOf\":{\"@id\":\"https:\\\/\\\/www.sempertea.eu\\\/#website\"},\"primaryImageOfPage\":{\"@id\":\"https:\\\/\\\/www.sempertea.eu\\\/fr\\\/pu-erh-vanille-citron-the-rouge-bio-i-vrac-en-sachet\\\/#primaryimage\"},\"image\":{\"@id\":\"https:\\\/\\\/www.sempertea.eu\\\/fr\\\/pu-erh-vanille-citron-the-rouge-bio-i-vrac-en-sachet\\\/#primaryimage\"},\"thumbnailUrl\":\"https:\\\/\\\/www.sempertea.eu\\\/wp-content\\\/uploads\\\/2025\\\/06\\\/pu-erh-vainilla-limon-granel-aromatico-digestivo-semper-tea.jpg\",\"datePublished\":\"2021-08-04T10:12:08+00:00\",\"dateModified\":\"2025-07-19T14:58:45+00:00\",\"description\":\"Vous cherchez des sachets de th\u00e9 bio \u00e0 offrir. La vari\u00e9t\u00e9 de th\u00e9 Pu erh a un go\u00fbt d'agrumes et de vanille. Tr\u00e8s demand\u00e9 par les clients.\",\"breadcrumb\":{\"@id\":\"https:\\\/\\\/www.sempertea.eu\\\/fr\\\/pu-erh-vanille-citron-the-rouge-bio-i-vrac-en-sachet\\\/#breadcrumb\"},\"inLanguage\":\"fr-FR\",\"potentialAction\":[{\"@type\":\"ReadAction\",\"target\":[\"https:\\\/\\\/www.sempertea.eu\\\/fr\\\/pu-erh-vanille-citron-the-rouge-bio-i-vrac-en-sachet\\\/\"]}]},{\"@type\":\"ImageObject\",\"inLanguage\":\"fr-FR\",\"@id\":\"https:\\\/\\\/www.sempertea.eu\\\/fr\\\/pu-erh-vanille-citron-the-rouge-bio-i-vrac-en-sachet\\\/#primaryimage\",\"url\":\"https:\\\/\\\/www.sempertea.eu\\\/wp-content\\\/uploads\\\/2025\\\/06\\\/pu-erh-vainilla-limon-granel-aromatico-digestivo-semper-tea.jpg\",\"contentUrl\":\"https:\\\/\\\/www.sempertea.eu\\\/wp-content\\\/uploads\\\/2025\\\/06\\\/pu-erh-vainilla-limon-granel-aromatico-digestivo-semper-tea.jpg\",\"width\":689,\"height\":689,\"caption\":\"pu erh vainilla limon granel aromatico digestivo semper tea\"},{\"@type\":\"BreadcrumbList\",\"@id\":\"https:\\\/\\\/www.sempertea.eu\\\/fr\\\/pu-erh-vanille-citron-the-rouge-bio-i-vrac-en-sachet\\\/#breadcrumb\",\"itemListElement\":[{\"@type\":\"ListItem\",\"position\":1,\"name\":\"Portada\",\"item\":\"https:\\\/\\\/www.sempertea.eu\\\/\"},{\"@type\":\"ListItem\",\"position\":2,\"name\":\"Tienda\",\"item\":\"https:\\\/\\\/www.sempertea.eu\\\/tienda\\\/\"},{\"@type\":\"ListItem\",\"position\":3,\"name\":\"PU-ERH VANILLE CITRON th\u00e9 rouge bio I Vrac en sachet\"}]},{\"@type\":\"WebSite\",\"@id\":\"https:\\\/\\\/www.sempertea.eu\\\/#website\",\"url\":\"https:\\\/\\\/www.sempertea.eu\\\/\",\"name\":\"Semper Tea | Mayorista y fabricante de T\u00e9s e Infusiones para hoteles, restaurantes y bares\",\"description\":\"T\u00e9s e infusiones para hosteler\u00eda, hoteler\u00eda y comercio\",\"potentialAction\":[{\"@type\":\"SearchAction\",\"target\":{\"@type\":\"EntryPoint\",\"urlTemplate\":\"https:\\\/\\\/www.sempertea.eu\\\/?s={search_term_string}\"},\"query-input\":{\"@type\":\"PropertyValueSpecification\",\"valueRequired\":true,\"valueName\":\"search_term_string\"}}],\"inLanguage\":\"fr-FR\"}]}<\/script>\n<!-- \/ Yoast SEO Premium plugin. -->","yoast_head_json":{"title":"Sachets de th\u00e9 \u00e0 offrir | Th\u00e9 Pu erh Citron Vanille bio","description":"Vous cherchez des sachets de th\u00e9 bio \u00e0 offrir. La vari\u00e9t\u00e9 de th\u00e9 Pu erh a un go\u00fbt d'agrumes et de vanille. Tr\u00e8s demand\u00e9 par les clients.","robots":{"index":"index","follow":"follow","max-snippet":"max-snippet:-1","max-image-preview":"max-image-preview:large","max-video-preview":"max-video-preview:-1"},"canonical":"https:\/\/www.sempertea.eu\/fr\/pu-erh-vanille-citron-the-rouge-bio-i-vrac-en-sachet\/","og_locale":"fr_FR","og_type":"article","og_title":"PU-ERH VANILLE CITRON th\u00e9 rouge bio I Vrac en sachet","og_description":"Vous cherchez des sachets de th\u00e9 bio \u00e0 offrir. La vari\u00e9t\u00e9 de th\u00e9 Pu erh a un go\u00fbt d'agrumes et de vanille. Tr\u00e8s demand\u00e9 par les clients.","og_url":"https:\/\/www.sempertea.eu\/fr\/pu-erh-vanille-citron-the-rouge-bio-i-vrac-en-sachet\/","og_site_name":"Semper Tea | Mayorista y fabricante de T\u00e9s e Infusiones para hoteles, restaurantes y bares","article_modified_time":"2025-07-19T14:58:45+00:00","og_image":[{"url":"https:\/\/www.sempertea.eu\/wp-content\/uploads\/2021\/08\/surtido-de-te-para-regalo-pu-erh-limon-vainilla-organico-semper-tea-1.jpg","type":"","width":"","height":""}],"twitter_card":"summary_large_image","twitter_image":"https:\/\/www.sempertea.eu\/wp-content\/uploads\/2021\/08\/surtido-de-te-para-regalo-pu-erh-limon-vainilla-organico-semper-tea-1.jpg","twitter_misc":{"Dur\u00e9e de lecture estim\u00e9e":"1 minute"},"schema":{"@context":"https:\/\/schema.org","@graph":[{"@type":"WebPage","@id":"https:\/\/www.sempertea.eu\/fr\/pu-erh-vanille-citron-the-rouge-bio-i-vrac-en-sachet\/","url":"https:\/\/www.sempertea.eu\/fr\/pu-erh-vanille-citron-the-rouge-bio-i-vrac-en-sachet\/","name":"Sachets de th\u00e9 \u00e0 offrir | Th\u00e9 Pu erh Citron Vanille bio","isPartOf":{"@id":"https:\/\/www.sempertea.eu\/#website"},"primaryImageOfPage":{"@id":"https:\/\/www.sempertea.eu\/fr\/pu-erh-vanille-citron-the-rouge-bio-i-vrac-en-sachet\/#primaryimage"},"image":{"@id":"https:\/\/www.sempertea.eu\/fr\/pu-erh-vanille-citron-the-rouge-bio-i-vrac-en-sachet\/#primaryimage"},"thumbnailUrl":"https:\/\/www.sempertea.eu\/wp-content\/uploads\/2025\/06\/pu-erh-vainilla-limon-granel-aromatico-digestivo-semper-tea.jpg","datePublished":"2021-08-04T10:12:08+00:00","dateModified":"2025-07-19T14:58:45+00:00","description":"Vous cherchez des sachets de th\u00e9 bio \u00e0 offrir. La vari\u00e9t\u00e9 de th\u00e9 Pu erh a un go\u00fbt d'agrumes et de vanille. Tr\u00e8s demand\u00e9 par les clients.","breadcrumb":{"@id":"https:\/\/www.sempertea.eu\/fr\/pu-erh-vanille-citron-the-rouge-bio-i-vrac-en-sachet\/#breadcrumb"},"inLanguage":"fr-FR","potentialAction":[{"@type":"ReadAction","target":["https:\/\/www.sempertea.eu\/fr\/pu-erh-vanille-citron-the-rouge-bio-i-vrac-en-sachet\/"]}]},{"@type":"ImageObject","inLanguage":"fr-FR","@id":"https:\/\/www.sempertea.eu\/fr\/pu-erh-vanille-citron-the-rouge-bio-i-vrac-en-sachet\/#primaryimage","url":"https:\/\/www.sempertea.eu\/wp-content\/uploads\/2025\/06\/pu-erh-vainilla-limon-granel-aromatico-digestivo-semper-tea.jpg","contentUrl":"https:\/\/www.sempertea.eu\/wp-content\/uploads\/2025\/06\/pu-erh-vainilla-limon-granel-aromatico-digestivo-semper-tea.jpg","width":689,"height":689,"caption":"pu erh vainilla limon granel aromatico digestivo semper tea"},{"@type":"BreadcrumbList","@id":"https:\/\/www.sempertea.eu\/fr\/pu-erh-vanille-citron-the-rouge-bio-i-vrac-en-sachet\/#breadcrumb","itemListElement":[{"@type":"ListItem","position":1,"name":"Portada","item":"https:\/\/www.sempertea.eu\/"},{"@type":"ListItem","position":2,"name":"Tienda","item":"https:\/\/www.sempertea.eu\/tienda\/"},{"@type":"ListItem","position":3,"name":"PU-ERH VANILLE CITRON th\u00e9 rouge bio I Vrac en sachet"}]},{"@type":"WebSite","@id":"https:\/\/www.sempertea.eu\/#website","url":"https:\/\/www.sempertea.eu\/","name":"Semper Tea | Mayorista y fabricante de T\u00e9s e Infusiones para hoteles, restaurantes y bares","description":"T\u00e9s e infusiones para hosteler\u00eda, hoteler\u00eda y comercio","potentialAction":[{"@type":"SearchAction","target":{"@type":"EntryPoint","urlTemplate":"https:\/\/www.sempertea.eu\/?s={search_term_string}"},"query-input":{"@type":"PropertyValueSpecification","valueRequired":true,"valueName":"search_term_string"}}],"inLanguage":"fr-FR"}]}},"_links":{"self":[{"href":"https:\/\/www.sempertea.eu\/fr\/wp-json\/wp\/v2\/product\/12638","targetHints":{"allow":["GET"]}}],"collection":[{"href":"https:\/\/www.sempertea.eu\/fr\/wp-json\/wp\/v2\/product"}],"about":[{"href":"https:\/\/www.sempertea.eu\/fr\/wp-json\/wp\/v2\/types\/product"}],"replies":[{"embeddable":true,"href":"https:\/\/www.sempertea.eu\/fr\/wp-json\/wp\/v2\/comments?post=12638"}],"wp:featuredmedia":[{"embeddable":true,"href":"https:\/\/www.sempertea.eu\/fr\/wp-json\/wp\/v2\/media\/16138"}],"wp:attachment":[{"href":"https:\/\/www.sempertea.eu\/fr\/wp-json\/wp\/v2\/media?parent=12638"}],"wp:term":[{"taxonomy":"product_brand","embeddable":true,"href":"https:\/\/www.sempertea.eu\/fr\/wp-json\/wp\/v2\/product_brand?post=12638"},{"taxonomy":"product_cat","embeddable":true,"href":"https:\/\/www.sempertea.eu\/fr\/wp-json\/wp\/v2\/product_cat?post=12638"},{"taxonomy":"product_tag","embeddable":true,"href":"https:\/\/www.sempertea.eu\/fr\/wp-json\/wp\/v2\/product_tag?post=12638"}],"curies":[{"name":"wp","href":"https:\/\/api.w.org\/{rel}","templated":true}]}}