{"id":12633,"date":"2021-07-05T18:50:58","date_gmt":"2021-07-05T17:50:58","guid":{"rendered":"https:\/\/www.sempertea.eu\/the-vert-bio-i-en-vrac-en-sachets\/"},"modified":"2025-07-19T17:01:12","modified_gmt":"2025-07-19T15:01:12","slug":"the-vert-bio-i-en-vrac-en-sachets","status":"publish","type":"product","link":"https:\/\/www.sempertea.eu\/fr\/the-vert-bio-i-en-vrac-en-sachets\/","title":{"rendered":"Th\u00e9 VERT bio I En vrac en sachets"},"content":{"rendered":"<h2>Saviez-vous que le th\u00e9 vert am\u00e9liore l&rsquo;aspect de la peau ?<\/h2>\n<p>Le th\u00e9 vert a un effet tr\u00e8s positif et efficace sur la peau. Les antioxydants \u00e9liminent les radicaux libres nocifs pour la sant\u00e9 des cellules de la peau, ce qui permet de ralentir consid\u00e9rablement le vieillissement de la peau. Les radicaux libres sont principalement la cons\u00e9quence d&rsquo;un rayonnement ultraviolet excessif et entra\u00eenent une usure pr\u00e9matur\u00e9e de la peau. Parall\u00e8lement, les polyph\u00e9nols prot\u00e8gent la peau des coups de soleil et favorisent le renouvellement cellulaire. Les propri\u00e9t\u00e9s anti-inflammatoires du th\u00e9 vert permettent de lutter durablement contre les boutons et l&rsquo;acn\u00e9. Le<a href=\"https:\/\/www.sempertea.eu\/te-verde-green-tea-en-piramide\/\"><strong> th\u00e9 vert<\/strong><\/a> peut \u00eatre bu ou appliqu\u00e9 directement sur la peau sous forme de masque. En outre, il r\u00e9duit les inflammations existantes tout en prot\u00e9geant contre les nouvelles impuret\u00e9s.<\/p>\n","protected":false},"excerpt":{"rendered":"<p><strong>Pure, d\u00e9licate et aromatique<\/strong><\/p>\n<p>Une excellente s\u00e9lection des meilleurs th\u00e9s verts pour une saveur d\u00e9licate et un ar\u00f4me traditionnel. C&rsquo;est un th\u00e9 pur et puissant, \u00e0 l&rsquo;aspect brillant et au ton vert tendre. Comme tous les th\u00e9s verts, il pr\u00e9sente de multiples avantages pour la sant\u00e9 gr\u00e2ce \u00e0 sa teneur \u00e9lev\u00e9e en antioxydants.<\/p>\n","protected":false},"featured_media":16154,"comment_status":"open","ping_status":"closed","template":"","meta":[],"product_brand":[],"product_cat":[380,309,315,298,283,287,310,311,312],"product_tag":[322],"class_list":{"0":"post-12633","1":"product","2":"type-product","3":"status-publish","4":"has-post-thumbnail","6":"product_cat-the-bio-en-vrac-grossiste-vente-en-ligne","7":"product_cat-collections","8":"product_cat-acheter-du-the-en-vrac-biologique","9":"product_cat-les-varietes-de-the","10":"product_cat-thes-et-infusions-biologiques-de-qualite","11":"product_cat-the-vert-biologique-ou-acheter","12":"product_cat-tous","13":"product_cat-tous-fr","14":"product_cat-tous-fr-2","15":"product_tag-the-de-feuilles-ou-the-de-fleurs-entieres","17":"first","18":"instock","19":"shipping-taxable","20":"purchasable","21":"product-type-variable"},"yoast_head":"<!-- This site is optimized with the Yoast SEO Premium plugin v27.3 (Yoast SEO v27.4) - https:\/\/yoast.com\/product\/yoast-seo-premium-wordpress\/ -->\n<title>Boutique en ligne pour Th\u00e9 en vrac | TEA VERT BIO Qualit\u00e9 sup\u00e9rieure<\/title>\n<meta name=\"description\" content=\"Vous cherchez un magasin en ligne pour du th\u00e9 en vrac de premi\u00e8re qualit\u00e9. TH\u00c9 VERT BIOLOGIQUE DE PREMI\u00c8RE QUALIT\u00c9.\" \/>\n<meta name=\"robots\" content=\"index, follow, max-snippet:-1, max-image-preview:large, max-video-preview:-1\" \/>\n<link rel=\"canonical\" href=\"https:\/\/www.sempertea.eu\/fr\/the-vert-bio-i-en-vrac-en-sachets\/\" \/>\n<meta property=\"og:locale\" content=\"fr_FR\" \/>\n<meta property=\"og:type\" content=\"article\" \/>\n<meta property=\"og:title\" content=\"Th\u00e9 VERT bio I En vrac en sachets\" \/>\n<meta property=\"og:description\" content=\"Vous cherchez un magasin en ligne pour du th\u00e9 en vrac de premi\u00e8re qualit\u00e9. TH\u00c9 VERT BIOLOGIQUE DE PREMI\u00c8RE QUALIT\u00c9.\" \/>\n<meta property=\"og:url\" content=\"https:\/\/www.sempertea.eu\/fr\/the-vert-bio-i-en-vrac-en-sachets\/\" \/>\n<meta property=\"og:site_name\" content=\"Semper Tea | Mayorista y fabricante de T\u00e9s e Infusiones para hoteles, restaurantes y bares\" \/>\n<meta property=\"article:modified_time\" content=\"2025-07-19T15:01:12+00:00\" \/>\n<meta property=\"og:image\" content=\"https:\/\/www.sempertea.eu\/wp-content\/uploads\/2021\/07\/comprar-te-verde-ecologico-a-granel-calidad-superior-semper-tea.jpg\" \/>\n<meta name=\"twitter:card\" content=\"summary_large_image\" \/>\n<meta name=\"twitter:image\" content=\"https:\/\/www.sempertea.eu\/wp-content\/uploads\/2021\/07\/comprar-te-verde-ecologico-a-granel-calidad-superior-semper-tea.jpg\" \/>\n<meta name=\"twitter:label1\" content=\"Dur\u00e9e de lecture estim\u00e9e\" \/>\n\t<meta name=\"twitter:data1\" content=\"1 minute\" \/>\n<script type=\"application\/ld+json\" class=\"yoast-schema-graph\">{\"@context\":\"https:\\\/\\\/schema.org\",\"@graph\":[{\"@type\":\"WebPage\",\"@id\":\"https:\\\/\\\/www.sempertea.eu\\\/fr\\\/the-vert-bio-i-en-vrac-en-sachets\\\/\",\"url\":\"https:\\\/\\\/www.sempertea.eu\\\/fr\\\/the-vert-bio-i-en-vrac-en-sachets\\\/\",\"name\":\"Boutique en ligne pour Th\u00e9 en vrac | TEA VERT BIO Qualit\u00e9 sup\u00e9rieure\",\"isPartOf\":{\"@id\":\"https:\\\/\\\/www.sempertea.eu\\\/#website\"},\"primaryImageOfPage\":{\"@id\":\"https:\\\/\\\/www.sempertea.eu\\\/fr\\\/the-vert-bio-i-en-vrac-en-sachets\\\/#primaryimage\"},\"image\":{\"@id\":\"https:\\\/\\\/www.sempertea.eu\\\/fr\\\/the-vert-bio-i-en-vrac-en-sachets\\\/#primaryimage\"},\"thumbnailUrl\":\"https:\\\/\\\/www.sempertea.eu\\\/wp-content\\\/uploads\\\/2025\\\/06\\\/te-verde-ecologico-granel-hoja-entera-suave-natural-semper-tea.jpg\",\"datePublished\":\"2021-07-05T17:50:58+00:00\",\"dateModified\":\"2025-07-19T15:01:12+00:00\",\"description\":\"Vous cherchez un magasin en ligne pour du th\u00e9 en vrac de premi\u00e8re qualit\u00e9. TH\u00c9 VERT BIOLOGIQUE DE PREMI\u00c8RE QUALIT\u00c9.\",\"breadcrumb\":{\"@id\":\"https:\\\/\\\/www.sempertea.eu\\\/fr\\\/the-vert-bio-i-en-vrac-en-sachets\\\/#breadcrumb\"},\"inLanguage\":\"fr-FR\",\"potentialAction\":[{\"@type\":\"ReadAction\",\"target\":[\"https:\\\/\\\/www.sempertea.eu\\\/fr\\\/the-vert-bio-i-en-vrac-en-sachets\\\/\"]}]},{\"@type\":\"ImageObject\",\"inLanguage\":\"fr-FR\",\"@id\":\"https:\\\/\\\/www.sempertea.eu\\\/fr\\\/the-vert-bio-i-en-vrac-en-sachets\\\/#primaryimage\",\"url\":\"https:\\\/\\\/www.sempertea.eu\\\/wp-content\\\/uploads\\\/2025\\\/06\\\/te-verde-ecologico-granel-hoja-entera-suave-natural-semper-tea.jpg\",\"contentUrl\":\"https:\\\/\\\/www.sempertea.eu\\\/wp-content\\\/uploads\\\/2025\\\/06\\\/te-verde-ecologico-granel-hoja-entera-suave-natural-semper-tea.jpg\",\"width\":645,\"height\":645,\"caption\":\"te verde ecologico granel hoja entera suave natural semper tea\"},{\"@type\":\"BreadcrumbList\",\"@id\":\"https:\\\/\\\/www.sempertea.eu\\\/fr\\\/the-vert-bio-i-en-vrac-en-sachets\\\/#breadcrumb\",\"itemListElement\":[{\"@type\":\"ListItem\",\"position\":1,\"name\":\"Portada\",\"item\":\"https:\\\/\\\/www.sempertea.eu\\\/\"},{\"@type\":\"ListItem\",\"position\":2,\"name\":\"Tienda\",\"item\":\"https:\\\/\\\/www.sempertea.eu\\\/tienda\\\/\"},{\"@type\":\"ListItem\",\"position\":3,\"name\":\"Th\u00e9 VERT bio I En vrac en sachets\"}]},{\"@type\":\"WebSite\",\"@id\":\"https:\\\/\\\/www.sempertea.eu\\\/#website\",\"url\":\"https:\\\/\\\/www.sempertea.eu\\\/\",\"name\":\"Semper Tea | Mayorista y fabricante de T\u00e9s e Infusiones para hoteles, restaurantes y bares\",\"description\":\"T\u00e9s e infusiones para hosteler\u00eda, hoteler\u00eda y comercio\",\"potentialAction\":[{\"@type\":\"SearchAction\",\"target\":{\"@type\":\"EntryPoint\",\"urlTemplate\":\"https:\\\/\\\/www.sempertea.eu\\\/?s={search_term_string}\"},\"query-input\":{\"@type\":\"PropertyValueSpecification\",\"valueRequired\":true,\"valueName\":\"search_term_string\"}}],\"inLanguage\":\"fr-FR\"}]}<\/script>\n<!-- \/ Yoast SEO Premium plugin. -->","yoast_head_json":{"title":"Boutique en ligne pour Th\u00e9 en vrac | TEA VERT BIO Qualit\u00e9 sup\u00e9rieure","description":"Vous cherchez un magasin en ligne pour du th\u00e9 en vrac de premi\u00e8re qualit\u00e9. TH\u00c9 VERT BIOLOGIQUE DE PREMI\u00c8RE QUALIT\u00c9.","robots":{"index":"index","follow":"follow","max-snippet":"max-snippet:-1","max-image-preview":"max-image-preview:large","max-video-preview":"max-video-preview:-1"},"canonical":"https:\/\/www.sempertea.eu\/fr\/the-vert-bio-i-en-vrac-en-sachets\/","og_locale":"fr_FR","og_type":"article","og_title":"Th\u00e9 VERT bio I En vrac en sachets","og_description":"Vous cherchez un magasin en ligne pour du th\u00e9 en vrac de premi\u00e8re qualit\u00e9. TH\u00c9 VERT BIOLOGIQUE DE PREMI\u00c8RE QUALIT\u00c9.","og_url":"https:\/\/www.sempertea.eu\/fr\/the-vert-bio-i-en-vrac-en-sachets\/","og_site_name":"Semper Tea | Mayorista y fabricante de T\u00e9s e Infusiones para hoteles, restaurantes y bares","article_modified_time":"2025-07-19T15:01:12+00:00","og_image":[{"url":"https:\/\/www.sempertea.eu\/wp-content\/uploads\/2021\/07\/comprar-te-verde-ecologico-a-granel-calidad-superior-semper-tea.jpg","type":"","width":"","height":""}],"twitter_card":"summary_large_image","twitter_image":"https:\/\/www.sempertea.eu\/wp-content\/uploads\/2021\/07\/comprar-te-verde-ecologico-a-granel-calidad-superior-semper-tea.jpg","twitter_misc":{"Dur\u00e9e de lecture estim\u00e9e":"1 minute"},"schema":{"@context":"https:\/\/schema.org","@graph":[{"@type":"WebPage","@id":"https:\/\/www.sempertea.eu\/fr\/the-vert-bio-i-en-vrac-en-sachets\/","url":"https:\/\/www.sempertea.eu\/fr\/the-vert-bio-i-en-vrac-en-sachets\/","name":"Boutique en ligne pour Th\u00e9 en vrac | TEA VERT BIO Qualit\u00e9 sup\u00e9rieure","isPartOf":{"@id":"https:\/\/www.sempertea.eu\/#website"},"primaryImageOfPage":{"@id":"https:\/\/www.sempertea.eu\/fr\/the-vert-bio-i-en-vrac-en-sachets\/#primaryimage"},"image":{"@id":"https:\/\/www.sempertea.eu\/fr\/the-vert-bio-i-en-vrac-en-sachets\/#primaryimage"},"thumbnailUrl":"https:\/\/www.sempertea.eu\/wp-content\/uploads\/2025\/06\/te-verde-ecologico-granel-hoja-entera-suave-natural-semper-tea.jpg","datePublished":"2021-07-05T17:50:58+00:00","dateModified":"2025-07-19T15:01:12+00:00","description":"Vous cherchez un magasin en ligne pour du th\u00e9 en vrac de premi\u00e8re qualit\u00e9. TH\u00c9 VERT BIOLOGIQUE DE PREMI\u00c8RE QUALIT\u00c9.","breadcrumb":{"@id":"https:\/\/www.sempertea.eu\/fr\/the-vert-bio-i-en-vrac-en-sachets\/#breadcrumb"},"inLanguage":"fr-FR","potentialAction":[{"@type":"ReadAction","target":["https:\/\/www.sempertea.eu\/fr\/the-vert-bio-i-en-vrac-en-sachets\/"]}]},{"@type":"ImageObject","inLanguage":"fr-FR","@id":"https:\/\/www.sempertea.eu\/fr\/the-vert-bio-i-en-vrac-en-sachets\/#primaryimage","url":"https:\/\/www.sempertea.eu\/wp-content\/uploads\/2025\/06\/te-verde-ecologico-granel-hoja-entera-suave-natural-semper-tea.jpg","contentUrl":"https:\/\/www.sempertea.eu\/wp-content\/uploads\/2025\/06\/te-verde-ecologico-granel-hoja-entera-suave-natural-semper-tea.jpg","width":645,"height":645,"caption":"te verde ecologico granel hoja entera suave natural semper tea"},{"@type":"BreadcrumbList","@id":"https:\/\/www.sempertea.eu\/fr\/the-vert-bio-i-en-vrac-en-sachets\/#breadcrumb","itemListElement":[{"@type":"ListItem","position":1,"name":"Portada","item":"https:\/\/www.sempertea.eu\/"},{"@type":"ListItem","position":2,"name":"Tienda","item":"https:\/\/www.sempertea.eu\/tienda\/"},{"@type":"ListItem","position":3,"name":"Th\u00e9 VERT bio I En vrac en sachets"}]},{"@type":"WebSite","@id":"https:\/\/www.sempertea.eu\/#website","url":"https:\/\/www.sempertea.eu\/","name":"Semper Tea | Mayorista y fabricante de T\u00e9s e Infusiones para hoteles, restaurantes y bares","description":"T\u00e9s e infusiones para hosteler\u00eda, hoteler\u00eda y comercio","potentialAction":[{"@type":"SearchAction","target":{"@type":"EntryPoint","urlTemplate":"https:\/\/www.sempertea.eu\/?s={search_term_string}"},"query-input":{"@type":"PropertyValueSpecification","valueRequired":true,"valueName":"search_term_string"}}],"inLanguage":"fr-FR"}]}},"_links":{"self":[{"href":"https:\/\/www.sempertea.eu\/fr\/wp-json\/wp\/v2\/product\/12633","targetHints":{"allow":["GET"]}}],"collection":[{"href":"https:\/\/www.sempertea.eu\/fr\/wp-json\/wp\/v2\/product"}],"about":[{"href":"https:\/\/www.sempertea.eu\/fr\/wp-json\/wp\/v2\/types\/product"}],"replies":[{"embeddable":true,"href":"https:\/\/www.sempertea.eu\/fr\/wp-json\/wp\/v2\/comments?post=12633"}],"wp:featuredmedia":[{"embeddable":true,"href":"https:\/\/www.sempertea.eu\/fr\/wp-json\/wp\/v2\/media\/16154"}],"wp:attachment":[{"href":"https:\/\/www.sempertea.eu\/fr\/wp-json\/wp\/v2\/media?parent=12633"}],"wp:term":[{"taxonomy":"product_brand","embeddable":true,"href":"https:\/\/www.sempertea.eu\/fr\/wp-json\/wp\/v2\/product_brand?post=12633"},{"taxonomy":"product_cat","embeddable":true,"href":"https:\/\/www.sempertea.eu\/fr\/wp-json\/wp\/v2\/product_cat?post=12633"},{"taxonomy":"product_tag","embeddable":true,"href":"https:\/\/www.sempertea.eu\/fr\/wp-json\/wp\/v2\/product_tag?post=12633"}],"curies":[{"name":"wp","href":"https:\/\/api.w.org\/{rel}","templated":true}]}}