{"id":12628,"date":"2021-08-06T08:55:48","date_gmt":"2021-08-06T07:55:48","guid":{"rendered":"https:\/\/www.sempertea.eu\/gingembre-vert-citron-the-bio-i-vrac-en-sachet\/"},"modified":"2025-07-19T17:00:58","modified_gmt":"2025-07-19T15:00:58","slug":"gingembre-vert-citron-the-bio-i-vrac-en-sachet","status":"publish","type":"product","link":"https:\/\/www.sempertea.eu\/fr\/gingembre-vert-citron-the-bio-i-vrac-en-sachet\/","title":{"rendered":"GINGEMBRE VERT CITRON th\u00e9 bio I Vrac en sachet"},"content":{"rendered":"<div class=\"et_pb_column et_pb_column_3_4 et_pb_column_0 et_pb_specialty_column et_pb_css_mix_blend_mode_passthrough\">\n<div class=\"et_pb_row_inner et_pb_row_inner_0\">\n<div class=\"et_pb_column et_pb_column_4_4 et_pb_column_inner et_pb_column_inner_0 et-last-child\">\n<div class=\"et_pb_module et_pb_text et_pb_text_0 et_pb_bg_layout_light et_pb_text_align_left\">\n<div class=\"et_pb_text_inner\">\n<h2>Livraison de th\u00e9s \u00e0 domicile<\/h2>\n<p>Appr\u00e9ciez le go\u00fbt d&rsquo;un th\u00e9 relaxant. Essayez notre th\u00e9 vert au gingembre et au citron. Chez Semper Tea, votre boutique en ligne de th\u00e9s et de tisanes, nous effectuons des livraisons rapides directement \u00e0 votre domicile.<\/p>\n<h3>Pr\u00e9parer un th\u00e9 vert sans go\u00fbt amer<\/h3>\n<p>Avec le th\u00e9 vert, vous devez veiller \u00e0 ce que la dur\u00e9e et la temp\u00e9rature d&rsquo;infusion recommand\u00e9es soient strictement respect\u00e9es. Si vous laissez le th\u00e9 vert infuser trop longtemps, il peut d\u00e9velopper un go\u00fbt amer. L&rsquo;eau ne doit pas \u00eatre trop chaude ; une temp\u00e9rature d&rsquo;environ 80-85\u00b0C est id\u00e9ale. Il suffit d&rsquo;attendre un moment avant d&rsquo;ajouter l&rsquo;eau, jusqu&rsquo;\u00e0 ce que l&rsquo;eau bouillante ait un peu refroidi. La temp\u00e9rature sera alors parfaite. Trois \u00e0 quatre minutes sont recommand\u00e9es pour ces types de th\u00e9s verts.<\/p>\n<\/div>\n<\/div>\n<\/div>\n<\/div>\n<\/div>\n","protected":false},"excerpt":{"rendered":"<p><strong>Id\u00e9al pour les amateurs de th\u00e9 vert<\/strong><\/p>\n<p>Il se compose exclusivement de feuilles de th\u00e9 vert aromatis\u00e9es au gingembre et au citron. L&rsquo;ar\u00f4me pur du th\u00e9 vert se distingue vraiment, avec un go\u00fbt l\u00e9ger et frais. En revanche, l&rsquo;ar\u00f4me de gingembre et de citron n&rsquo;est pas tr\u00e8s dominant. Le meilleur moment pour en appr\u00e9cier la saveur est un apr\u00e8s-midi tranquille.<\/p>\n","protected":false},"featured_media":16162,"comment_status":"open","ping_status":"closed","template":"","meta":[],"product_brand":[],"product_cat":[309,311,312,310,380,315,298,283,287],"product_tag":[322],"class_list":{"0":"post-12628","1":"product","2":"type-product","3":"status-publish","4":"has-post-thumbnail","6":"product_cat-collections","7":"product_cat-tous-fr","8":"product_cat-tous-fr-2","9":"product_cat-tous","10":"product_cat-the-bio-en-vrac-grossiste-vente-en-ligne","11":"product_cat-acheter-du-the-en-vrac-biologique","12":"product_cat-les-varietes-de-the","13":"product_cat-thes-et-infusions-biologiques-de-qualite","14":"product_cat-the-vert-biologique-ou-acheter","15":"product_tag-the-de-feuilles-ou-the-de-fleurs-entieres","17":"first","18":"instock","19":"shipping-taxable","20":"purchasable","21":"product-type-variable"},"yoast_head":"<!-- This site is optimized with the Yoast SEO Premium plugin v25.9 (Yoast SEO v25.9) - https:\/\/yoast.com\/wordpress\/plugins\/seo\/ -->\n<title>Tea delivery | Green tea with ginger and lemon | Fast delivery<\/title>\n<meta name=\"description\" content=\"Enjoy the taste with a relaxing tea. Try our green tea with ginger and lemon. Fast deliveries directly to your home.\" \/>\n<meta name=\"robots\" content=\"index, follow, max-snippet:-1, max-image-preview:large, max-video-preview:-1\" \/>\n<link rel=\"canonical\" href=\"https:\/\/www.sempertea.eu\/fr\/gingembre-vert-citron-the-bio-i-vrac-en-sachet\/\" \/>\n<meta property=\"og:locale\" content=\"fr_FR\" \/>\n<meta property=\"og:type\" content=\"article\" \/>\n<meta property=\"og:title\" content=\"GINGEMBRE VERT CITRON th\u00e9 bio I Vrac en sachet\" \/>\n<meta property=\"og:description\" content=\"Enjoy the taste with a relaxing tea. Try our green tea with ginger and lemon. Fast deliveries directly to your home.\" \/>\n<meta property=\"og:url\" content=\"https:\/\/www.sempertea.eu\/fr\/gingembre-vert-citron-the-bio-i-vrac-en-sachet\/\" \/>\n<meta property=\"og:site_name\" content=\"Semper Tea | Mayorista y fabricante de T\u00e9s e Infusiones para hoteles, restaurantes y bares\" \/>\n<meta property=\"article:modified_time\" content=\"2025-07-19T15:00:58+00:00\" \/>\n<meta property=\"og:image\" content=\"https:\/\/www.sempertea.eu\/wp-content\/uploads\/2021\/08\/te-verde-con-jengibre-y-limon-semper-tea.jpg\" \/>\n<meta name=\"twitter:card\" content=\"summary_large_image\" \/>\n<meta name=\"twitter:image\" content=\"https:\/\/www.sempertea.eu\/wp-content\/uploads\/2021\/08\/te-verde-con-jengibre-y-limon-semper-tea.jpg\" \/>\n<meta name=\"twitter:label1\" content=\"Dur\u00e9e de lecture estim\u00e9e\" \/>\n\t<meta name=\"twitter:data1\" content=\"1 minute\" \/>\n<script type=\"application\/ld+json\" class=\"yoast-schema-graph\">{\"@context\":\"https:\/\/schema.org\",\"@graph\":[{\"@type\":\"WebPage\",\"@id\":\"https:\/\/www.sempertea.eu\/fr\/gingembre-vert-citron-the-bio-i-vrac-en-sachet\/\",\"url\":\"https:\/\/www.sempertea.eu\/fr\/gingembre-vert-citron-the-bio-i-vrac-en-sachet\/\",\"name\":\"Tea delivery | Green tea with ginger and lemon | Fast delivery\",\"isPartOf\":{\"@id\":\"https:\/\/www.sempertea.eu\/#website\"},\"primaryImageOfPage\":{\"@id\":\"https:\/\/www.sempertea.eu\/fr\/gingembre-vert-citron-the-bio-i-vrac-en-sachet\/#primaryimage\"},\"image\":{\"@id\":\"https:\/\/www.sempertea.eu\/fr\/gingembre-vert-citron-the-bio-i-vrac-en-sachet\/#primaryimage\"},\"thumbnailUrl\":\"https:\/\/www.sempertea.eu\/wp-content\/uploads\/2025\/06\/te-verde-jengibre-limon-granel-citrico-refrescante-semper-tea.jpg\",\"datePublished\":\"2021-08-06T07:55:48+00:00\",\"dateModified\":\"2025-07-19T15:00:58+00:00\",\"description\":\"Enjoy the taste with a relaxing tea. Try our green tea with ginger and lemon. Fast deliveries directly to your home.\",\"breadcrumb\":{\"@id\":\"https:\/\/www.sempertea.eu\/fr\/gingembre-vert-citron-the-bio-i-vrac-en-sachet\/#breadcrumb\"},\"inLanguage\":\"fr-FR\",\"potentialAction\":[{\"@type\":\"ReadAction\",\"target\":[\"https:\/\/www.sempertea.eu\/fr\/gingembre-vert-citron-the-bio-i-vrac-en-sachet\/\"]}]},{\"@type\":\"ImageObject\",\"inLanguage\":\"fr-FR\",\"@id\":\"https:\/\/www.sempertea.eu\/fr\/gingembre-vert-citron-the-bio-i-vrac-en-sachet\/#primaryimage\",\"url\":\"https:\/\/www.sempertea.eu\/wp-content\/uploads\/2025\/06\/te-verde-jengibre-limon-granel-citrico-refrescante-semper-tea.jpg\",\"contentUrl\":\"https:\/\/www.sempertea.eu\/wp-content\/uploads\/2025\/06\/te-verde-jengibre-limon-granel-citrico-refrescante-semper-tea.jpg\",\"width\":598,\"height\":598,\"caption\":\"te verde jengibre limon granel citrico refrescante semper tea\"},{\"@type\":\"BreadcrumbList\",\"@id\":\"https:\/\/www.sempertea.eu\/fr\/gingembre-vert-citron-the-bio-i-vrac-en-sachet\/#breadcrumb\",\"itemListElement\":[{\"@type\":\"ListItem\",\"position\":1,\"name\":\"Portada\",\"item\":\"https:\/\/www.sempertea.eu\/\"},{\"@type\":\"ListItem\",\"position\":2,\"name\":\"Tienda\",\"item\":\"https:\/\/www.sempertea.eu\/tienda\/\"},{\"@type\":\"ListItem\",\"position\":3,\"name\":\"GINGEMBRE VERT CITRON th\u00e9 bio I Vrac en sachet\"}]},{\"@type\":\"WebSite\",\"@id\":\"https:\/\/www.sempertea.eu\/#website\",\"url\":\"https:\/\/www.sempertea.eu\/\",\"name\":\"Semper Tea | Mayorista y fabricante de T\u00e9s e Infusiones para hoteles, restaurantes y bares\",\"description\":\"T\u00e9s e infusiones para hosteler\u00eda, hoteler\u00eda y comercio\",\"potentialAction\":[{\"@type\":\"SearchAction\",\"target\":{\"@type\":\"EntryPoint\",\"urlTemplate\":\"https:\/\/www.sempertea.eu\/?s={search_term_string}\"},\"query-input\":{\"@type\":\"PropertyValueSpecification\",\"valueRequired\":true,\"valueName\":\"search_term_string\"}}],\"inLanguage\":\"fr-FR\"}]}<\/script>\n<!-- \/ Yoast SEO Premium plugin. -->","yoast_head_json":{"title":"Tea delivery | Green tea with ginger and lemon | Fast delivery","description":"Enjoy the taste with a relaxing tea. Try our green tea with ginger and lemon. Fast deliveries directly to your home.","robots":{"index":"index","follow":"follow","max-snippet":"max-snippet:-1","max-image-preview":"max-image-preview:large","max-video-preview":"max-video-preview:-1"},"canonical":"https:\/\/www.sempertea.eu\/fr\/gingembre-vert-citron-the-bio-i-vrac-en-sachet\/","og_locale":"fr_FR","og_type":"article","og_title":"GINGEMBRE VERT CITRON th\u00e9 bio I Vrac en sachet","og_description":"Enjoy the taste with a relaxing tea. Try our green tea with ginger and lemon. Fast deliveries directly to your home.","og_url":"https:\/\/www.sempertea.eu\/fr\/gingembre-vert-citron-the-bio-i-vrac-en-sachet\/","og_site_name":"Semper Tea | Mayorista y fabricante de T\u00e9s e Infusiones para hoteles, restaurantes y bares","article_modified_time":"2025-07-19T15:00:58+00:00","og_image":[{"url":"https:\/\/www.sempertea.eu\/wp-content\/uploads\/2021\/08\/te-verde-con-jengibre-y-limon-semper-tea.jpg","type":"","width":"","height":""}],"twitter_card":"summary_large_image","twitter_image":"https:\/\/www.sempertea.eu\/wp-content\/uploads\/2021\/08\/te-verde-con-jengibre-y-limon-semper-tea.jpg","twitter_misc":{"Dur\u00e9e de lecture estim\u00e9e":"1 minute"},"schema":{"@context":"https:\/\/schema.org","@graph":[{"@type":"WebPage","@id":"https:\/\/www.sempertea.eu\/fr\/gingembre-vert-citron-the-bio-i-vrac-en-sachet\/","url":"https:\/\/www.sempertea.eu\/fr\/gingembre-vert-citron-the-bio-i-vrac-en-sachet\/","name":"Tea delivery | Green tea with ginger and lemon | Fast delivery","isPartOf":{"@id":"https:\/\/www.sempertea.eu\/#website"},"primaryImageOfPage":{"@id":"https:\/\/www.sempertea.eu\/fr\/gingembre-vert-citron-the-bio-i-vrac-en-sachet\/#primaryimage"},"image":{"@id":"https:\/\/www.sempertea.eu\/fr\/gingembre-vert-citron-the-bio-i-vrac-en-sachet\/#primaryimage"},"thumbnailUrl":"https:\/\/www.sempertea.eu\/wp-content\/uploads\/2025\/06\/te-verde-jengibre-limon-granel-citrico-refrescante-semper-tea.jpg","datePublished":"2021-08-06T07:55:48+00:00","dateModified":"2025-07-19T15:00:58+00:00","description":"Enjoy the taste with a relaxing tea. Try our green tea with ginger and lemon. Fast deliveries directly to your home.","breadcrumb":{"@id":"https:\/\/www.sempertea.eu\/fr\/gingembre-vert-citron-the-bio-i-vrac-en-sachet\/#breadcrumb"},"inLanguage":"fr-FR","potentialAction":[{"@type":"ReadAction","target":["https:\/\/www.sempertea.eu\/fr\/gingembre-vert-citron-the-bio-i-vrac-en-sachet\/"]}]},{"@type":"ImageObject","inLanguage":"fr-FR","@id":"https:\/\/www.sempertea.eu\/fr\/gingembre-vert-citron-the-bio-i-vrac-en-sachet\/#primaryimage","url":"https:\/\/www.sempertea.eu\/wp-content\/uploads\/2025\/06\/te-verde-jengibre-limon-granel-citrico-refrescante-semper-tea.jpg","contentUrl":"https:\/\/www.sempertea.eu\/wp-content\/uploads\/2025\/06\/te-verde-jengibre-limon-granel-citrico-refrescante-semper-tea.jpg","width":598,"height":598,"caption":"te verde jengibre limon granel citrico refrescante semper tea"},{"@type":"BreadcrumbList","@id":"https:\/\/www.sempertea.eu\/fr\/gingembre-vert-citron-the-bio-i-vrac-en-sachet\/#breadcrumb","itemListElement":[{"@type":"ListItem","position":1,"name":"Portada","item":"https:\/\/www.sempertea.eu\/"},{"@type":"ListItem","position":2,"name":"Tienda","item":"https:\/\/www.sempertea.eu\/tienda\/"},{"@type":"ListItem","position":3,"name":"GINGEMBRE VERT CITRON th\u00e9 bio I Vrac en sachet"}]},{"@type":"WebSite","@id":"https:\/\/www.sempertea.eu\/#website","url":"https:\/\/www.sempertea.eu\/","name":"Semper Tea | Mayorista y fabricante de T\u00e9s e Infusiones para hoteles, restaurantes y bares","description":"T\u00e9s e infusiones para hosteler\u00eda, hoteler\u00eda y comercio","potentialAction":[{"@type":"SearchAction","target":{"@type":"EntryPoint","urlTemplate":"https:\/\/www.sempertea.eu\/?s={search_term_string}"},"query-input":{"@type":"PropertyValueSpecification","valueRequired":true,"valueName":"search_term_string"}}],"inLanguage":"fr-FR"}]}},"_links":{"self":[{"href":"https:\/\/www.sempertea.eu\/fr\/wp-json\/wp\/v2\/product\/12628","targetHints":{"allow":["GET"]}}],"collection":[{"href":"https:\/\/www.sempertea.eu\/fr\/wp-json\/wp\/v2\/product"}],"about":[{"href":"https:\/\/www.sempertea.eu\/fr\/wp-json\/wp\/v2\/types\/product"}],"replies":[{"embeddable":true,"href":"https:\/\/www.sempertea.eu\/fr\/wp-json\/wp\/v2\/comments?post=12628"}],"wp:featuredmedia":[{"embeddable":true,"href":"https:\/\/www.sempertea.eu\/fr\/wp-json\/wp\/v2\/media\/16162"}],"wp:attachment":[{"href":"https:\/\/www.sempertea.eu\/fr\/wp-json\/wp\/v2\/media?parent=12628"}],"wp:term":[{"taxonomy":"product_brand","embeddable":true,"href":"https:\/\/www.sempertea.eu\/fr\/wp-json\/wp\/v2\/product_brand?post=12628"},{"taxonomy":"product_cat","embeddable":true,"href":"https:\/\/www.sempertea.eu\/fr\/wp-json\/wp\/v2\/product_cat?post=12628"},{"taxonomy":"product_tag","embeddable":true,"href":"https:\/\/www.sempertea.eu\/fr\/wp-json\/wp\/v2\/product_tag?post=12628"}],"curies":[{"name":"wp","href":"https:\/\/api.w.org\/{rel}","templated":true}]}}