{"id":12622,"date":"2021-07-06T17:17:27","date_gmt":"2021-07-06T16:17:27","guid":{"rendered":"https:\/\/www.sempertea.eu\/rooibos-the-bio-i-vrac-en-sachets\/"},"modified":"2025-07-19T17:00:47","modified_gmt":"2025-07-19T15:00:47","slug":"rooibos-the-bio-i-vrac-en-sachets","status":"publish","type":"product","link":"https:\/\/www.sempertea.eu\/fr\/rooibos-the-bio-i-vrac-en-sachets\/","title":{"rendered":"ROOIBOS th\u00e9 bio I Vrac en sachets"},"content":{"rendered":"<h2>Saviez-vous que le th\u00e9 rooibos provient d&rsquo;un arbuste ?<\/h2>\n<p>Ce type de th\u00e9 est fabriqu\u00e9 \u00e0 partir d&rsquo;un petit arbuste originaire d&rsquo;Afrique du Sud, l&rsquo;Aspalathus linearis. Ses feuilles et ses tiges sont coup\u00e9es et broy\u00e9es, ferment\u00e9es et laiss\u00e9es \u00e0 s\u00e9cher au soleil, un processus qui donne aux feuilles leur couleur rouge-brun caract\u00e9ristique. Le <strong>th\u00e9 Rooibos <\/strong>est l&rsquo;une des boissons les plus populaires ces derniers temps, en particulier pour ceux qui recherchent une <strong>alternative \u00e0 la caf\u00e9ine<\/strong>. Le rooibos n&rsquo;est pas vraiment un th\u00e9, car il ne provient pas de la plante rooibos. Il s&rsquo;agit d&rsquo;une infusion, sans caf\u00e9ine ni th\u00e9ine, ce qui signifie qu&rsquo;il <strong>ne contient aucune substance stimulante.<\/strong><\/p>\n<p>&nbsp;<\/p>\n","protected":false},"excerpt":{"rendered":"<p><strong>Pure et non alt\u00e9r\u00e9e &#8211; douce et sans caf\u00e9ine<\/strong><\/p>\n<p>Le th\u00e9 Rooibos est l&rsquo;une des boissons les plus populaires ces derniers temps, en particulier pour ceux qui recherchent une alternative \u00e0 la caf\u00e9ine. Le rooibos n&rsquo;est pas vraiment un th\u00e9, car il ne provient pas de la plante rooibos. Il s&rsquo;agit d&rsquo;une infusion, sans caf\u00e9ine ni th\u00e9ine, ce qui signifie qu&rsquo;il ne contient aucune substance stimulante.<\/p>\n","protected":false},"featured_media":16142,"comment_status":"open","ping_status":"closed","template":"","meta":[],"product_brand":[],"product_cat":[380,309,315,298,288,283,310,311,312],"product_tag":[322],"class_list":{"0":"post-12622","1":"product","2":"type-product","3":"status-publish","4":"has-post-thumbnail","6":"product_cat-the-bio-en-vrac-grossiste-vente-en-ligne","7":"product_cat-collections","8":"product_cat-acheter-du-the-en-vrac-biologique","9":"product_cat-les-varietes-de-the","10":"product_cat-the-rooibos-bio-infusion-sans-theine","11":"product_cat-thes-et-infusions-biologiques-de-qualite","12":"product_cat-tous","13":"product_cat-tous-fr","14":"product_cat-tous-fr-2","15":"product_tag-the-de-feuilles-ou-the-de-fleurs-entieres","17":"first","18":"instock","19":"shipping-taxable","20":"purchasable","21":"product-type-variable"},"yoast_head":"<!-- This site is optimized with the Yoast SEO Premium plugin v27.3 (Yoast SEO v27.3) - https:\/\/yoast.com\/product\/yoast-seo-premium-wordpress\/ -->\n<title>Acheter ROOIBOS Superior from South Africa wholesale | ONLINE SHOP<\/title>\n<meta name=\"description\" content=\"Vous cherchez une boutique en ligne pour du th\u00e9 en gros de qualit\u00e9 garantie. Th\u00e9 ROOIBOS PREMIUM biologique. Demandez plus d&#039;informations.\" \/>\n<meta name=\"robots\" content=\"index, follow, max-snippet:-1, max-image-preview:large, max-video-preview:-1\" \/>\n<link rel=\"canonical\" href=\"https:\/\/www.sempertea.eu\/fr\/rooibos-the-bio-i-vrac-en-sachets\/\" \/>\n<meta property=\"og:locale\" content=\"fr_FR\" \/>\n<meta property=\"og:type\" content=\"article\" \/>\n<meta property=\"og:title\" content=\"ROOIBOS th\u00e9 bio I Vrac en sachets\" \/>\n<meta property=\"og:description\" content=\"Vous cherchez une boutique en ligne pour du th\u00e9 en gros de qualit\u00e9 garantie. Th\u00e9 ROOIBOS PREMIUM biologique. Demandez plus d&#039;informations.\" \/>\n<meta property=\"og:url\" content=\"https:\/\/www.sempertea.eu\/fr\/rooibos-the-bio-i-vrac-en-sachets\/\" \/>\n<meta property=\"og:site_name\" content=\"Semper Tea | Mayorista y fabricante de T\u00e9s e Infusiones para hoteles, restaurantes y bares\" \/>\n<meta property=\"article:modified_time\" content=\"2025-07-19T15:00:47+00:00\" \/>\n<meta property=\"og:image\" content=\"https:\/\/www.sempertea.eu\/wp-content\/uploads\/2021\/07\/rooibos-sin-teina-propiedades-pura-te-a-domicilio-semper-tea.jpg\" \/>\n<meta name=\"twitter:card\" content=\"summary_large_image\" \/>\n<meta name=\"twitter:image\" content=\"https:\/\/www.sempertea.eu\/wp-content\/uploads\/2021\/07\/rooibos-sin-teina-propiedades-pura-te-a-domicilio-semper-tea.jpg\" \/>\n<meta name=\"twitter:label1\" content=\"Dur\u00e9e de lecture estim\u00e9e\" \/>\n\t<meta name=\"twitter:data1\" content=\"1 minute\" \/>\n<script type=\"application\/ld+json\" class=\"yoast-schema-graph\">{\"@context\":\"https:\\\/\\\/schema.org\",\"@graph\":[{\"@type\":\"WebPage\",\"@id\":\"https:\\\/\\\/www.sempertea.eu\\\/fr\\\/rooibos-the-bio-i-vrac-en-sachets\\\/\",\"url\":\"https:\\\/\\\/www.sempertea.eu\\\/fr\\\/rooibos-the-bio-i-vrac-en-sachets\\\/\",\"name\":\"Acheter ROOIBOS Superior from South Africa wholesale | ONLINE SHOP\",\"isPartOf\":{\"@id\":\"https:\\\/\\\/www.sempertea.eu\\\/#website\"},\"primaryImageOfPage\":{\"@id\":\"https:\\\/\\\/www.sempertea.eu\\\/fr\\\/rooibos-the-bio-i-vrac-en-sachets\\\/#primaryimage\"},\"image\":{\"@id\":\"https:\\\/\\\/www.sempertea.eu\\\/fr\\\/rooibos-the-bio-i-vrac-en-sachets\\\/#primaryimage\"},\"thumbnailUrl\":\"https:\\\/\\\/www.sempertea.eu\\\/wp-content\\\/uploads\\\/2025\\\/06\\\/rooibos-ecologico-granel-suave-sin-cafeina-profesional-semper-tea.jpg\",\"datePublished\":\"2021-07-06T16:17:27+00:00\",\"dateModified\":\"2025-07-19T15:00:47+00:00\",\"description\":\"Vous cherchez une boutique en ligne pour du th\u00e9 en gros de qualit\u00e9 garantie. Th\u00e9 ROOIBOS PREMIUM biologique. Demandez plus d'informations.\",\"breadcrumb\":{\"@id\":\"https:\\\/\\\/www.sempertea.eu\\\/fr\\\/rooibos-the-bio-i-vrac-en-sachets\\\/#breadcrumb\"},\"inLanguage\":\"fr-FR\",\"potentialAction\":[{\"@type\":\"ReadAction\",\"target\":[\"https:\\\/\\\/www.sempertea.eu\\\/fr\\\/rooibos-the-bio-i-vrac-en-sachets\\\/\"]}]},{\"@type\":\"ImageObject\",\"inLanguage\":\"fr-FR\",\"@id\":\"https:\\\/\\\/www.sempertea.eu\\\/fr\\\/rooibos-the-bio-i-vrac-en-sachets\\\/#primaryimage\",\"url\":\"https:\\\/\\\/www.sempertea.eu\\\/wp-content\\\/uploads\\\/2025\\\/06\\\/rooibos-ecologico-granel-suave-sin-cafeina-profesional-semper-tea.jpg\",\"contentUrl\":\"https:\\\/\\\/www.sempertea.eu\\\/wp-content\\\/uploads\\\/2025\\\/06\\\/rooibos-ecologico-granel-suave-sin-cafeina-profesional-semper-tea.jpg\",\"width\":623,\"height\":623,\"caption\":\"rooibos ecologico granel suave sin cafeina profesional semper tea\"},{\"@type\":\"BreadcrumbList\",\"@id\":\"https:\\\/\\\/www.sempertea.eu\\\/fr\\\/rooibos-the-bio-i-vrac-en-sachets\\\/#breadcrumb\",\"itemListElement\":[{\"@type\":\"ListItem\",\"position\":1,\"name\":\"Portada\",\"item\":\"https:\\\/\\\/www.sempertea.eu\\\/\"},{\"@type\":\"ListItem\",\"position\":2,\"name\":\"Tienda\",\"item\":\"https:\\\/\\\/www.sempertea.eu\\\/tienda\\\/\"},{\"@type\":\"ListItem\",\"position\":3,\"name\":\"ROOIBOS th\u00e9 bio I Vrac en sachets\"}]},{\"@type\":\"WebSite\",\"@id\":\"https:\\\/\\\/www.sempertea.eu\\\/#website\",\"url\":\"https:\\\/\\\/www.sempertea.eu\\\/\",\"name\":\"Semper Tea | Mayorista y fabricante de T\u00e9s e Infusiones para hoteles, restaurantes y bares\",\"description\":\"T\u00e9s e infusiones para hosteler\u00eda, hoteler\u00eda y comercio\",\"potentialAction\":[{\"@type\":\"SearchAction\",\"target\":{\"@type\":\"EntryPoint\",\"urlTemplate\":\"https:\\\/\\\/www.sempertea.eu\\\/?s={search_term_string}\"},\"query-input\":{\"@type\":\"PropertyValueSpecification\",\"valueRequired\":true,\"valueName\":\"search_term_string\"}}],\"inLanguage\":\"fr-FR\"}]}<\/script>\n<!-- \/ Yoast SEO Premium plugin. -->","yoast_head_json":{"title":"Acheter ROOIBOS Superior from South Africa wholesale | ONLINE SHOP","description":"Vous cherchez une boutique en ligne pour du th\u00e9 en gros de qualit\u00e9 garantie. Th\u00e9 ROOIBOS PREMIUM biologique. Demandez plus d'informations.","robots":{"index":"index","follow":"follow","max-snippet":"max-snippet:-1","max-image-preview":"max-image-preview:large","max-video-preview":"max-video-preview:-1"},"canonical":"https:\/\/www.sempertea.eu\/fr\/rooibos-the-bio-i-vrac-en-sachets\/","og_locale":"fr_FR","og_type":"article","og_title":"ROOIBOS th\u00e9 bio I Vrac en sachets","og_description":"Vous cherchez une boutique en ligne pour du th\u00e9 en gros de qualit\u00e9 garantie. Th\u00e9 ROOIBOS PREMIUM biologique. Demandez plus d'informations.","og_url":"https:\/\/www.sempertea.eu\/fr\/rooibos-the-bio-i-vrac-en-sachets\/","og_site_name":"Semper Tea | Mayorista y fabricante de T\u00e9s e Infusiones para hoteles, restaurantes y bares","article_modified_time":"2025-07-19T15:00:47+00:00","og_image":[{"url":"https:\/\/www.sempertea.eu\/wp-content\/uploads\/2021\/07\/rooibos-sin-teina-propiedades-pura-te-a-domicilio-semper-tea.jpg","type":"","width":"","height":""}],"twitter_card":"summary_large_image","twitter_image":"https:\/\/www.sempertea.eu\/wp-content\/uploads\/2021\/07\/rooibos-sin-teina-propiedades-pura-te-a-domicilio-semper-tea.jpg","twitter_misc":{"Dur\u00e9e de lecture estim\u00e9e":"1 minute"},"schema":{"@context":"https:\/\/schema.org","@graph":[{"@type":"WebPage","@id":"https:\/\/www.sempertea.eu\/fr\/rooibos-the-bio-i-vrac-en-sachets\/","url":"https:\/\/www.sempertea.eu\/fr\/rooibos-the-bio-i-vrac-en-sachets\/","name":"Acheter ROOIBOS Superior from South Africa wholesale | ONLINE SHOP","isPartOf":{"@id":"https:\/\/www.sempertea.eu\/#website"},"primaryImageOfPage":{"@id":"https:\/\/www.sempertea.eu\/fr\/rooibos-the-bio-i-vrac-en-sachets\/#primaryimage"},"image":{"@id":"https:\/\/www.sempertea.eu\/fr\/rooibos-the-bio-i-vrac-en-sachets\/#primaryimage"},"thumbnailUrl":"https:\/\/www.sempertea.eu\/wp-content\/uploads\/2025\/06\/rooibos-ecologico-granel-suave-sin-cafeina-profesional-semper-tea.jpg","datePublished":"2021-07-06T16:17:27+00:00","dateModified":"2025-07-19T15:00:47+00:00","description":"Vous cherchez une boutique en ligne pour du th\u00e9 en gros de qualit\u00e9 garantie. Th\u00e9 ROOIBOS PREMIUM biologique. Demandez plus d'informations.","breadcrumb":{"@id":"https:\/\/www.sempertea.eu\/fr\/rooibos-the-bio-i-vrac-en-sachets\/#breadcrumb"},"inLanguage":"fr-FR","potentialAction":[{"@type":"ReadAction","target":["https:\/\/www.sempertea.eu\/fr\/rooibos-the-bio-i-vrac-en-sachets\/"]}]},{"@type":"ImageObject","inLanguage":"fr-FR","@id":"https:\/\/www.sempertea.eu\/fr\/rooibos-the-bio-i-vrac-en-sachets\/#primaryimage","url":"https:\/\/www.sempertea.eu\/wp-content\/uploads\/2025\/06\/rooibos-ecologico-granel-suave-sin-cafeina-profesional-semper-tea.jpg","contentUrl":"https:\/\/www.sempertea.eu\/wp-content\/uploads\/2025\/06\/rooibos-ecologico-granel-suave-sin-cafeina-profesional-semper-tea.jpg","width":623,"height":623,"caption":"rooibos ecologico granel suave sin cafeina profesional semper tea"},{"@type":"BreadcrumbList","@id":"https:\/\/www.sempertea.eu\/fr\/rooibos-the-bio-i-vrac-en-sachets\/#breadcrumb","itemListElement":[{"@type":"ListItem","position":1,"name":"Portada","item":"https:\/\/www.sempertea.eu\/"},{"@type":"ListItem","position":2,"name":"Tienda","item":"https:\/\/www.sempertea.eu\/tienda\/"},{"@type":"ListItem","position":3,"name":"ROOIBOS th\u00e9 bio I Vrac en sachets"}]},{"@type":"WebSite","@id":"https:\/\/www.sempertea.eu\/#website","url":"https:\/\/www.sempertea.eu\/","name":"Semper Tea | Mayorista y fabricante de T\u00e9s e Infusiones para hoteles, restaurantes y bares","description":"T\u00e9s e infusiones para hosteler\u00eda, hoteler\u00eda y comercio","potentialAction":[{"@type":"SearchAction","target":{"@type":"EntryPoint","urlTemplate":"https:\/\/www.sempertea.eu\/?s={search_term_string}"},"query-input":{"@type":"PropertyValueSpecification","valueRequired":true,"valueName":"search_term_string"}}],"inLanguage":"fr-FR"}]}},"_links":{"self":[{"href":"https:\/\/www.sempertea.eu\/fr\/wp-json\/wp\/v2\/product\/12622","targetHints":{"allow":["GET"]}}],"collection":[{"href":"https:\/\/www.sempertea.eu\/fr\/wp-json\/wp\/v2\/product"}],"about":[{"href":"https:\/\/www.sempertea.eu\/fr\/wp-json\/wp\/v2\/types\/product"}],"replies":[{"embeddable":true,"href":"https:\/\/www.sempertea.eu\/fr\/wp-json\/wp\/v2\/comments?post=12622"}],"wp:featuredmedia":[{"embeddable":true,"href":"https:\/\/www.sempertea.eu\/fr\/wp-json\/wp\/v2\/media\/16142"}],"wp:attachment":[{"href":"https:\/\/www.sempertea.eu\/fr\/wp-json\/wp\/v2\/media?parent=12622"}],"wp:term":[{"taxonomy":"product_brand","embeddable":true,"href":"https:\/\/www.sempertea.eu\/fr\/wp-json\/wp\/v2\/product_brand?post=12622"},{"taxonomy":"product_cat","embeddable":true,"href":"https:\/\/www.sempertea.eu\/fr\/wp-json\/wp\/v2\/product_cat?post=12622"},{"taxonomy":"product_tag","embeddable":true,"href":"https:\/\/www.sempertea.eu\/fr\/wp-json\/wp\/v2\/product_tag?post=12622"}],"curies":[{"name":"wp","href":"https:\/\/api.w.org\/{rel}","templated":true}]}}