{"id":12608,"date":"2024-07-10T11:59:46","date_gmt":"2024-12-16T11:14:52","guid":{"rendered":"https:\/\/www.sempertea.eu\/pyramides-en-vrac-oolong-the-bleu\/"},"modified":"2024-12-16T12:14:52","modified_gmt":"2024-12-16T11:14:52","slug":"pyramides-en-vrac-oolong-the-bleu","status":"publish","type":"product","link":"https:\/\/www.sempertea.eu\/fr\/pyramides-en-vrac-oolong-the-bleu\/","title":{"rendered":"Pyramides en vrac OOLONG : Th\u00e9 bleu"},"content":{"rendered":"<h2>Rendez l&rsquo;exp\u00e9rience du th\u00e9 encore plus agr\u00e9able en utilisant des sachets de th\u00e9 pyramidaux !<\/h2>\n<p>Un th\u00e9 unique avec notre th\u00e9 bleu Oolong biologique en pyramides, qui, au-del\u00e0 de son go\u00fbt exceptionnel, vous offre toute une s\u00e9rie de bienfaits pour la sant\u00e9. De l&rsquo;aide \u00e0 la digestion \u00e0 l&rsquo;am\u00e9lioration de l&rsquo;acuit\u00e9 mentale et de la sant\u00e9 de la peau, ce th\u00e9 est un excellent choix pour promouvoir le bien-\u00eatre. D\u00e9sormais disponible en <strong>pyramide en vrac<\/strong>, ce m\u00e9lange pur et \u00e9quilibr\u00e9 rehaussera votre heure de th\u00e9. Riche h\u00e9ritage et saveur du th\u00e9 Oolong traditionnel chinois. Savourez ce th\u00e9 exquis dans une tasse individuelle ou dans une th\u00e9i\u00e8re partag\u00e9e. Conforme \u00e0 la norme d&#8217;emballage UNE EN 13432 &#8211; compostable et biod\u00e9gradable.    <\/p>\n","protected":false},"excerpt":{"rendered":"<p><strong>Tradition du th\u00e9 Oolong chinois dans les pyramides de gros<\/strong><\/p>\n<p>Riche tradition chinoise avec notre th\u00e9 Oolong en pyramides, qui fait partie de la collection exclusive Lava40. Cette infusion pure et \u00e9quilibr\u00e9e refl\u00e8te le savoir-faire ancestral de la Chine \u00e0 chaque gorg\u00e9e. Laissez-vous s\u00e9duire par un monde d&rsquo;ar\u00f4mes distinctifs et un corps d\u00e9licieux, r\u00e9sultat d&rsquo;une maturation, d&rsquo;une r\u00e9colte et d&rsquo;un traitement minutieux.  <\/p>\n","protected":false},"featured_media":12587,"comment_status":"open","ping_status":"closed","template":"","meta":[],"product_brand":[],"product_cat":[309,300,315,271,298,299,283,286,310,311,312,316],"product_tag":[323],"class_list":{"0":"post-12608","1":"product","2":"type-product","3":"status-publish","4":"has-post-thumbnail","6":"product_cat-collections","7":"product_cat-emballages-sans-plastique","8":"product_cat-acheter-du-the-en-vrac-biologique","9":"product_cat-the-en-pyramides-vrac-sans-plastique-bio","10":"product_cat-les-varietes-de-the","11":"product_cat-the-en-pyramide-biodegradable","12":"product_cat-thes-et-infusions-biologiques-de-qualite","13":"product_cat-the-bleu-oolong-ou-acheter","14":"product_cat-tous","15":"product_cat-tous-fr","16":"product_cat-tous-fr-2","17":"product_cat-uncategorized-fr","18":"product_tag-lava40-fr","20":"first","21":"instock","22":"shipping-taxable","23":"purchasable","24":"product-type-variable"},"yoast_head":"<!-- This site is optimized with the Yoast SEO Premium plugin v27.3 (Yoast SEO v27.3) - https:\/\/yoast.com\/product\/yoast-seo-premium-wordpress\/ -->\n<title>Th\u00e9 bleu Oolong bio des Pyramides | Bien-\u00eatre et go\u00fbt exceptionnel<\/title>\n<meta name=\"description\" content=\"Th\u00e9 bleu Oolong biologique en pyramides en vrac. Go\u00fbt exceptionnel et bienfaits pour la sant\u00e9, de l&#039;am\u00e9lioration de la digestion \u00e0 l&#039;acuit\u00e9 mentale.\" \/>\n<meta name=\"robots\" content=\"index, follow, max-snippet:-1, max-image-preview:large, max-video-preview:-1\" \/>\n<link rel=\"canonical\" href=\"https:\/\/www.sempertea.eu\/fr\/pyramides-en-vrac-oolong-the-bleu\/\" \/>\n<meta property=\"og:locale\" content=\"fr_FR\" \/>\n<meta property=\"og:type\" content=\"article\" \/>\n<meta property=\"og:title\" content=\"Pyramides en vrac OOLONG : Th\u00e9 bleu\" \/>\n<meta property=\"og:description\" content=\"Th\u00e9 bleu Oolong biologique en pyramides en vrac. Go\u00fbt exceptionnel et bienfaits pour la sant\u00e9, de l&#039;am\u00e9lioration de la digestion \u00e0 l&#039;acuit\u00e9 mentale.\" \/>\n<meta property=\"og:url\" content=\"https:\/\/www.sempertea.eu\/fr\/pyramides-en-vrac-oolong-the-bleu\/\" \/>\n<meta property=\"og:site_name\" content=\"Semper Tea | Mayorista y fabricante de T\u00e9s e Infusiones para hoteles, restaurantes y bares\" \/>\n<meta property=\"og:image\" content=\"https:\/\/www.sempertea.eu\/wp-content\/uploads\/2024\/07\/te-en-piramide-al-por-mayor-oolong-semper-tea.jpg\" \/>\n\t<meta property=\"og:image:width\" content=\"1000\" \/>\n\t<meta property=\"og:image:height\" content=\"1000\" \/>\n\t<meta property=\"og:image:type\" content=\"image\/jpeg\" \/>\n<meta name=\"twitter:card\" content=\"summary_large_image\" \/>\n<meta name=\"twitter:label1\" content=\"Dur\u00e9e de lecture estim\u00e9e\" \/>\n\t<meta name=\"twitter:data1\" content=\"1 minute\" \/>\n<script type=\"application\/ld+json\" class=\"yoast-schema-graph\">{\"@context\":\"https:\\\/\\\/schema.org\",\"@graph\":[{\"@type\":\"WebPage\",\"@id\":\"https:\\\/\\\/www.sempertea.eu\\\/fr\\\/pyramides-en-vrac-oolong-the-bleu\\\/\",\"url\":\"https:\\\/\\\/www.sempertea.eu\\\/fr\\\/pyramides-en-vrac-oolong-the-bleu\\\/\",\"name\":\"Th\u00e9 bleu Oolong bio des Pyramides | Bien-\u00eatre et go\u00fbt exceptionnel\",\"isPartOf\":{\"@id\":\"https:\\\/\\\/www.sempertea.eu\\\/#website\"},\"primaryImageOfPage\":{\"@id\":\"https:\\\/\\\/www.sempertea.eu\\\/fr\\\/pyramides-en-vrac-oolong-the-bleu\\\/#primaryimage\"},\"image\":{\"@id\":\"https:\\\/\\\/www.sempertea.eu\\\/fr\\\/pyramides-en-vrac-oolong-the-bleu\\\/#primaryimage\"},\"thumbnailUrl\":\"https:\\\/\\\/www.sempertea.eu\\\/wp-content\\\/uploads\\\/2024\\\/07\\\/te-en-piramide-al-por-mayor-oolong-semper-tea.jpg\",\"datePublished\":\"2024-12-16T11:14:52+00:00\",\"description\":\"Th\u00e9 bleu Oolong biologique en pyramides en vrac. Go\u00fbt exceptionnel et bienfaits pour la sant\u00e9, de l'am\u00e9lioration de la digestion \u00e0 l'acuit\u00e9 mentale.\",\"breadcrumb\":{\"@id\":\"https:\\\/\\\/www.sempertea.eu\\\/fr\\\/pyramides-en-vrac-oolong-the-bleu\\\/#breadcrumb\"},\"inLanguage\":\"fr-FR\",\"potentialAction\":[{\"@type\":\"ReadAction\",\"target\":[\"https:\\\/\\\/www.sempertea.eu\\\/fr\\\/pyramides-en-vrac-oolong-the-bleu\\\/\"]}]},{\"@type\":\"ImageObject\",\"inLanguage\":\"fr-FR\",\"@id\":\"https:\\\/\\\/www.sempertea.eu\\\/fr\\\/pyramides-en-vrac-oolong-the-bleu\\\/#primaryimage\",\"url\":\"https:\\\/\\\/www.sempertea.eu\\\/wp-content\\\/uploads\\\/2024\\\/07\\\/te-en-piramide-al-por-mayor-oolong-semper-tea.jpg\",\"contentUrl\":\"https:\\\/\\\/www.sempertea.eu\\\/wp-content\\\/uploads\\\/2024\\\/07\\\/te-en-piramide-al-por-mayor-oolong-semper-tea.jpg\",\"width\":1000,\"height\":1000,\"caption\":\"te en piramide al por mayor oolong semper tea\"},{\"@type\":\"BreadcrumbList\",\"@id\":\"https:\\\/\\\/www.sempertea.eu\\\/fr\\\/pyramides-en-vrac-oolong-the-bleu\\\/#breadcrumb\",\"itemListElement\":[{\"@type\":\"ListItem\",\"position\":1,\"name\":\"Portada\",\"item\":\"https:\\\/\\\/www.sempertea.eu\\\/\"},{\"@type\":\"ListItem\",\"position\":2,\"name\":\"Tienda\",\"item\":\"https:\\\/\\\/www.sempertea.eu\\\/tienda\\\/\"},{\"@type\":\"ListItem\",\"position\":3,\"name\":\"Pyramides en vrac OOLONG : Th\u00e9 bleu\"}]},{\"@type\":\"WebSite\",\"@id\":\"https:\\\/\\\/www.sempertea.eu\\\/#website\",\"url\":\"https:\\\/\\\/www.sempertea.eu\\\/\",\"name\":\"Semper Tea | Mayorista y fabricante de T\u00e9s e Infusiones para hoteles, restaurantes y bares\",\"description\":\"T\u00e9s e infusiones para hosteler\u00eda, hoteler\u00eda y comercio\",\"potentialAction\":[{\"@type\":\"SearchAction\",\"target\":{\"@type\":\"EntryPoint\",\"urlTemplate\":\"https:\\\/\\\/www.sempertea.eu\\\/?s={search_term_string}\"},\"query-input\":{\"@type\":\"PropertyValueSpecification\",\"valueRequired\":true,\"valueName\":\"search_term_string\"}}],\"inLanguage\":\"fr-FR\"}]}<\/script>\n<!-- \/ Yoast SEO Premium plugin. -->","yoast_head_json":{"title":"Th\u00e9 bleu Oolong bio des Pyramides | Bien-\u00eatre et go\u00fbt exceptionnel","description":"Th\u00e9 bleu Oolong biologique en pyramides en vrac. Go\u00fbt exceptionnel et bienfaits pour la sant\u00e9, de l'am\u00e9lioration de la digestion \u00e0 l'acuit\u00e9 mentale.","robots":{"index":"index","follow":"follow","max-snippet":"max-snippet:-1","max-image-preview":"max-image-preview:large","max-video-preview":"max-video-preview:-1"},"canonical":"https:\/\/www.sempertea.eu\/fr\/pyramides-en-vrac-oolong-the-bleu\/","og_locale":"fr_FR","og_type":"article","og_title":"Pyramides en vrac OOLONG : Th\u00e9 bleu","og_description":"Th\u00e9 bleu Oolong biologique en pyramides en vrac. Go\u00fbt exceptionnel et bienfaits pour la sant\u00e9, de l'am\u00e9lioration de la digestion \u00e0 l'acuit\u00e9 mentale.","og_url":"https:\/\/www.sempertea.eu\/fr\/pyramides-en-vrac-oolong-the-bleu\/","og_site_name":"Semper Tea | Mayorista y fabricante de T\u00e9s e Infusiones para hoteles, restaurantes y bares","og_image":[{"width":1000,"height":1000,"url":"https:\/\/www.sempertea.eu\/wp-content\/uploads\/2024\/07\/te-en-piramide-al-por-mayor-oolong-semper-tea.jpg","type":"image\/jpeg"}],"twitter_card":"summary_large_image","twitter_misc":{"Dur\u00e9e de lecture estim\u00e9e":"1 minute"},"schema":{"@context":"https:\/\/schema.org","@graph":[{"@type":"WebPage","@id":"https:\/\/www.sempertea.eu\/fr\/pyramides-en-vrac-oolong-the-bleu\/","url":"https:\/\/www.sempertea.eu\/fr\/pyramides-en-vrac-oolong-the-bleu\/","name":"Th\u00e9 bleu Oolong bio des Pyramides | Bien-\u00eatre et go\u00fbt exceptionnel","isPartOf":{"@id":"https:\/\/www.sempertea.eu\/#website"},"primaryImageOfPage":{"@id":"https:\/\/www.sempertea.eu\/fr\/pyramides-en-vrac-oolong-the-bleu\/#primaryimage"},"image":{"@id":"https:\/\/www.sempertea.eu\/fr\/pyramides-en-vrac-oolong-the-bleu\/#primaryimage"},"thumbnailUrl":"https:\/\/www.sempertea.eu\/wp-content\/uploads\/2024\/07\/te-en-piramide-al-por-mayor-oolong-semper-tea.jpg","datePublished":"2024-12-16T11:14:52+00:00","description":"Th\u00e9 bleu Oolong biologique en pyramides en vrac. Go\u00fbt exceptionnel et bienfaits pour la sant\u00e9, de l'am\u00e9lioration de la digestion \u00e0 l'acuit\u00e9 mentale.","breadcrumb":{"@id":"https:\/\/www.sempertea.eu\/fr\/pyramides-en-vrac-oolong-the-bleu\/#breadcrumb"},"inLanguage":"fr-FR","potentialAction":[{"@type":"ReadAction","target":["https:\/\/www.sempertea.eu\/fr\/pyramides-en-vrac-oolong-the-bleu\/"]}]},{"@type":"ImageObject","inLanguage":"fr-FR","@id":"https:\/\/www.sempertea.eu\/fr\/pyramides-en-vrac-oolong-the-bleu\/#primaryimage","url":"https:\/\/www.sempertea.eu\/wp-content\/uploads\/2024\/07\/te-en-piramide-al-por-mayor-oolong-semper-tea.jpg","contentUrl":"https:\/\/www.sempertea.eu\/wp-content\/uploads\/2024\/07\/te-en-piramide-al-por-mayor-oolong-semper-tea.jpg","width":1000,"height":1000,"caption":"te en piramide al por mayor oolong semper tea"},{"@type":"BreadcrumbList","@id":"https:\/\/www.sempertea.eu\/fr\/pyramides-en-vrac-oolong-the-bleu\/#breadcrumb","itemListElement":[{"@type":"ListItem","position":1,"name":"Portada","item":"https:\/\/www.sempertea.eu\/"},{"@type":"ListItem","position":2,"name":"Tienda","item":"https:\/\/www.sempertea.eu\/tienda\/"},{"@type":"ListItem","position":3,"name":"Pyramides en vrac OOLONG : Th\u00e9 bleu"}]},{"@type":"WebSite","@id":"https:\/\/www.sempertea.eu\/#website","url":"https:\/\/www.sempertea.eu\/","name":"Semper Tea | Mayorista y fabricante de T\u00e9s e Infusiones para hoteles, restaurantes y bares","description":"T\u00e9s e infusiones para hosteler\u00eda, hoteler\u00eda y comercio","potentialAction":[{"@type":"SearchAction","target":{"@type":"EntryPoint","urlTemplate":"https:\/\/www.sempertea.eu\/?s={search_term_string}"},"query-input":{"@type":"PropertyValueSpecification","valueRequired":true,"valueName":"search_term_string"}}],"inLanguage":"fr-FR"}]}},"_links":{"self":[{"href":"https:\/\/www.sempertea.eu\/fr\/wp-json\/wp\/v2\/product\/12608","targetHints":{"allow":["GET"]}}],"collection":[{"href":"https:\/\/www.sempertea.eu\/fr\/wp-json\/wp\/v2\/product"}],"about":[{"href":"https:\/\/www.sempertea.eu\/fr\/wp-json\/wp\/v2\/types\/product"}],"replies":[{"embeddable":true,"href":"https:\/\/www.sempertea.eu\/fr\/wp-json\/wp\/v2\/comments?post=12608"}],"wp:featuredmedia":[{"embeddable":true,"href":"https:\/\/www.sempertea.eu\/fr\/wp-json\/wp\/v2\/media\/12587"}],"wp:attachment":[{"href":"https:\/\/www.sempertea.eu\/fr\/wp-json\/wp\/v2\/media?parent=12608"}],"wp:term":[{"taxonomy":"product_brand","embeddable":true,"href":"https:\/\/www.sempertea.eu\/fr\/wp-json\/wp\/v2\/product_brand?post=12608"},{"taxonomy":"product_cat","embeddable":true,"href":"https:\/\/www.sempertea.eu\/fr\/wp-json\/wp\/v2\/product_cat?post=12608"},{"taxonomy":"product_tag","embeddable":true,"href":"https:\/\/www.sempertea.eu\/fr\/wp-json\/wp\/v2\/product_tag?post=12608"}],"curies":[{"name":"wp","href":"https:\/\/api.w.org\/{rel}","templated":true}]}}