{"id":12597,"date":"2024-07-10T18:49:19","date_gmt":"2024-12-16T10:48:25","guid":{"rendered":"https:\/\/www.sempertea.eu\/vert-pyramides-en-vrac-the-vert\/"},"modified":"2024-12-16T11:48:25","modified_gmt":"2024-12-16T10:48:25","slug":"vert-pyramides-en-vrac-the-vert","status":"publish","type":"product","link":"https:\/\/www.sempertea.eu\/fr\/vert-pyramides-en-vrac-the-vert\/","title":{"rendered":"VERT pyramides en vrac | Th\u00e9 vert"},"content":{"rendered":"<h2>\u00c9l\u00e9gant et revitalisant : Th\u00e9 vert pur<\/h2>\n<p>La fra\u00eecheur et la vitalit\u00e9 du th\u00e9 vert avec notre offre pyramidale de gros, qui fait partie de la ligne de th\u00e9 Lava40. Ce th\u00e9 \u00e9voque la brise marine et le parfum de l&rsquo;herbe humide, avec un go\u00fbt d\u00e9licat et frais. D\u00e9couvrez une v\u00e9ritable source de stimulation et d&rsquo;antioxydants dans ce pur produit de la nature. En outre, chaque <strong>tasse chaude de th\u00e9 vert<\/strong> fournit une abondance de vitamines C, E et provitamine A, ainsi qu&rsquo;un compos\u00e9 d&rsquo;acide amin\u00e9 qui peut aider \u00e0 r\u00e9duire le stress et \u00e0 procurer de la relaxation. Gr\u00e2ce \u00e0 son effet stimulant, le th\u00e9 vert vous permet de rester actif tout au long de la journ\u00e9e, offrant ainsi une alternative moins intense \u00e0 la caf\u00e9ine. Une exp\u00e9rience revitalisante et b\u00e9n\u00e9fique pour le bien-\u00eatre dans des sachets en vrac pratiques en forme de pyramide.  <\/p>\n<p>La ligne de th\u00e9 Lava40 est conforme \u00e0 la norme d&#8217;emballage UNE EN 13432, ce qui garantit qu&rsquo;ils sont compostables et biod\u00e9gradables. Choisissez une option durable et respectueuse de l&rsquo;environnement.<\/p>\n","protected":false},"excerpt":{"rendered":"<p><strong>L&rsquo;exp\u00e9rience authentique du th\u00e9 vert en feuilles<\/strong><\/p>\n<p>Nous pr\u00e9sentons de mani\u00e8re authentique notre th\u00e9 vert en vrac et en feuilles enti\u00e8res, parfait pour les connaisseurs de th\u00e9 les plus exigeants. Profitez d&rsquo;ar\u00f4mes et de saveurs naturels &#8211; un authentique rituel du th\u00e9. <\/p>\n","protected":false},"featured_media":12584,"comment_status":"open","ping_status":"closed","template":"","meta":[],"product_brand":[],"product_cat":[309,300,315,271,298,299,283,287,310,311,312,316],"product_tag":[323],"class_list":{"0":"post-12597","1":"product","2":"type-product","3":"status-publish","4":"has-post-thumbnail","6":"product_cat-collections","7":"product_cat-emballages-sans-plastique","8":"product_cat-acheter-du-the-en-vrac-biologique","9":"product_cat-the-en-pyramides-vrac-sans-plastique-bio","10":"product_cat-les-varietes-de-the","11":"product_cat-the-en-pyramide-biodegradable","12":"product_cat-thes-et-infusions-biologiques-de-qualite","13":"product_cat-the-vert-biologique-ou-acheter","14":"product_cat-tous","15":"product_cat-tous-fr","16":"product_cat-tous-fr-2","17":"product_cat-uncategorized-fr","18":"product_tag-lava40-fr","20":"first","21":"instock","22":"shipping-taxable","23":"purchasable","24":"product-type-variable"},"yoast_head":"<!-- This site is optimized with the Yoast SEO Premium plugin v27.3 (Yoast SEO v27.4) - https:\/\/yoast.com\/product\/yoast-seo-premium-wordpress\/ -->\n<title>Th\u00e9 vert pur | Fra\u00eecheur et vitalit\u00e9 | Compostable et biod\u00e9gradable<\/title>\n<meta name=\"description\" content=\"La fra\u00eecheur et la vitalit\u00e9 du th\u00e9 vert dans des sachets pratiques en forme de pyramide. Riche en antioxydants et en vitamines, le th\u00e9 ECO de la ligne Lava est compostable et biod\u00e9gradable.\" \/>\n<meta name=\"robots\" content=\"index, follow, max-snippet:-1, max-image-preview:large, max-video-preview:-1\" \/>\n<link rel=\"canonical\" href=\"https:\/\/www.sempertea.eu\/fr\/vert-pyramides-en-vrac-the-vert\/\" \/>\n<meta property=\"og:locale\" content=\"fr_FR\" \/>\n<meta property=\"og:type\" content=\"article\" \/>\n<meta property=\"og:title\" content=\"VERT pyramides en vrac | Th\u00e9 vert\" \/>\n<meta property=\"og:description\" content=\"La fra\u00eecheur et la vitalit\u00e9 du th\u00e9 vert dans des sachets pratiques en forme de pyramide. Riche en antioxydants et en vitamines, le th\u00e9 ECO de la ligne Lava est compostable et biod\u00e9gradable.\" \/>\n<meta property=\"og:url\" content=\"https:\/\/www.sempertea.eu\/fr\/vert-pyramides-en-vrac-the-vert\/\" \/>\n<meta property=\"og:site_name\" content=\"Semper Tea | Mayorista y fabricante de T\u00e9s e Infusiones para hoteles, restaurantes y bares\" \/>\n<meta property=\"og:image\" content=\"https:\/\/www.sempertea.eu\/wp-content\/uploads\/2024\/07\/piramide-de-te-verde-al-por-mayor-ecologico-semper-tea.jpg\" \/>\n\t<meta property=\"og:image:width\" content=\"1000\" \/>\n\t<meta property=\"og:image:height\" content=\"1000\" \/>\n\t<meta property=\"og:image:type\" content=\"image\/jpeg\" \/>\n<meta name=\"twitter:card\" content=\"summary_large_image\" \/>\n<meta name=\"twitter:label1\" content=\"Dur\u00e9e de lecture estim\u00e9e\" \/>\n\t<meta name=\"twitter:data1\" content=\"1 minute\" \/>\n<script type=\"application\/ld+json\" class=\"yoast-schema-graph\">{\"@context\":\"https:\\\/\\\/schema.org\",\"@graph\":[{\"@type\":\"WebPage\",\"@id\":\"https:\\\/\\\/www.sempertea.eu\\\/fr\\\/vert-pyramides-en-vrac-the-vert\\\/\",\"url\":\"https:\\\/\\\/www.sempertea.eu\\\/fr\\\/vert-pyramides-en-vrac-the-vert\\\/\",\"name\":\"Th\u00e9 vert pur | Fra\u00eecheur et vitalit\u00e9 | Compostable et biod\u00e9gradable\",\"isPartOf\":{\"@id\":\"https:\\\/\\\/www.sempertea.eu\\\/#website\"},\"primaryImageOfPage\":{\"@id\":\"https:\\\/\\\/www.sempertea.eu\\\/fr\\\/vert-pyramides-en-vrac-the-vert\\\/#primaryimage\"},\"image\":{\"@id\":\"https:\\\/\\\/www.sempertea.eu\\\/fr\\\/vert-pyramides-en-vrac-the-vert\\\/#primaryimage\"},\"thumbnailUrl\":\"https:\\\/\\\/www.sempertea.eu\\\/wp-content\\\/uploads\\\/2024\\\/07\\\/piramide-de-te-verde-al-por-mayor-ecologico-semper-tea.jpg\",\"datePublished\":\"2024-12-16T10:48:25+00:00\",\"description\":\"La fra\u00eecheur et la vitalit\u00e9 du th\u00e9 vert dans des sachets pratiques en forme de pyramide. Riche en antioxydants et en vitamines, le th\u00e9 ECO de la ligne Lava est compostable et biod\u00e9gradable.\",\"breadcrumb\":{\"@id\":\"https:\\\/\\\/www.sempertea.eu\\\/fr\\\/vert-pyramides-en-vrac-the-vert\\\/#breadcrumb\"},\"inLanguage\":\"fr-FR\",\"potentialAction\":[{\"@type\":\"ReadAction\",\"target\":[\"https:\\\/\\\/www.sempertea.eu\\\/fr\\\/vert-pyramides-en-vrac-the-vert\\\/\"]}]},{\"@type\":\"ImageObject\",\"inLanguage\":\"fr-FR\",\"@id\":\"https:\\\/\\\/www.sempertea.eu\\\/fr\\\/vert-pyramides-en-vrac-the-vert\\\/#primaryimage\",\"url\":\"https:\\\/\\\/www.sempertea.eu\\\/wp-content\\\/uploads\\\/2024\\\/07\\\/piramide-de-te-verde-al-por-mayor-ecologico-semper-tea.jpg\",\"contentUrl\":\"https:\\\/\\\/www.sempertea.eu\\\/wp-content\\\/uploads\\\/2024\\\/07\\\/piramide-de-te-verde-al-por-mayor-ecologico-semper-tea.jpg\",\"width\":1000,\"height\":1000,\"caption\":\"piramide de te verde al por mayor ecologico semper tea\"},{\"@type\":\"BreadcrumbList\",\"@id\":\"https:\\\/\\\/www.sempertea.eu\\\/fr\\\/vert-pyramides-en-vrac-the-vert\\\/#breadcrumb\",\"itemListElement\":[{\"@type\":\"ListItem\",\"position\":1,\"name\":\"Portada\",\"item\":\"https:\\\/\\\/www.sempertea.eu\\\/\"},{\"@type\":\"ListItem\",\"position\":2,\"name\":\"Tienda\",\"item\":\"https:\\\/\\\/www.sempertea.eu\\\/tienda\\\/\"},{\"@type\":\"ListItem\",\"position\":3,\"name\":\"VERT pyramides en vrac | Th\u00e9 vert\"}]},{\"@type\":\"WebSite\",\"@id\":\"https:\\\/\\\/www.sempertea.eu\\\/#website\",\"url\":\"https:\\\/\\\/www.sempertea.eu\\\/\",\"name\":\"Semper Tea | Mayorista y fabricante de T\u00e9s e Infusiones para hoteles, restaurantes y bares\",\"description\":\"T\u00e9s e infusiones para hosteler\u00eda, hoteler\u00eda y comercio\",\"potentialAction\":[{\"@type\":\"SearchAction\",\"target\":{\"@type\":\"EntryPoint\",\"urlTemplate\":\"https:\\\/\\\/www.sempertea.eu\\\/?s={search_term_string}\"},\"query-input\":{\"@type\":\"PropertyValueSpecification\",\"valueRequired\":true,\"valueName\":\"search_term_string\"}}],\"inLanguage\":\"fr-FR\"}]}<\/script>\n<!-- \/ Yoast SEO Premium plugin. -->","yoast_head_json":{"title":"Th\u00e9 vert pur | Fra\u00eecheur et vitalit\u00e9 | Compostable et biod\u00e9gradable","description":"La fra\u00eecheur et la vitalit\u00e9 du th\u00e9 vert dans des sachets pratiques en forme de pyramide. Riche en antioxydants et en vitamines, le th\u00e9 ECO de la ligne Lava est compostable et biod\u00e9gradable.","robots":{"index":"index","follow":"follow","max-snippet":"max-snippet:-1","max-image-preview":"max-image-preview:large","max-video-preview":"max-video-preview:-1"},"canonical":"https:\/\/www.sempertea.eu\/fr\/vert-pyramides-en-vrac-the-vert\/","og_locale":"fr_FR","og_type":"article","og_title":"VERT pyramides en vrac | Th\u00e9 vert","og_description":"La fra\u00eecheur et la vitalit\u00e9 du th\u00e9 vert dans des sachets pratiques en forme de pyramide. Riche en antioxydants et en vitamines, le th\u00e9 ECO de la ligne Lava est compostable et biod\u00e9gradable.","og_url":"https:\/\/www.sempertea.eu\/fr\/vert-pyramides-en-vrac-the-vert\/","og_site_name":"Semper Tea | Mayorista y fabricante de T\u00e9s e Infusiones para hoteles, restaurantes y bares","og_image":[{"width":1000,"height":1000,"url":"https:\/\/www.sempertea.eu\/wp-content\/uploads\/2024\/07\/piramide-de-te-verde-al-por-mayor-ecologico-semper-tea.jpg","type":"image\/jpeg"}],"twitter_card":"summary_large_image","twitter_misc":{"Dur\u00e9e de lecture estim\u00e9e":"1 minute"},"schema":{"@context":"https:\/\/schema.org","@graph":[{"@type":"WebPage","@id":"https:\/\/www.sempertea.eu\/fr\/vert-pyramides-en-vrac-the-vert\/","url":"https:\/\/www.sempertea.eu\/fr\/vert-pyramides-en-vrac-the-vert\/","name":"Th\u00e9 vert pur | Fra\u00eecheur et vitalit\u00e9 | Compostable et biod\u00e9gradable","isPartOf":{"@id":"https:\/\/www.sempertea.eu\/#website"},"primaryImageOfPage":{"@id":"https:\/\/www.sempertea.eu\/fr\/vert-pyramides-en-vrac-the-vert\/#primaryimage"},"image":{"@id":"https:\/\/www.sempertea.eu\/fr\/vert-pyramides-en-vrac-the-vert\/#primaryimage"},"thumbnailUrl":"https:\/\/www.sempertea.eu\/wp-content\/uploads\/2024\/07\/piramide-de-te-verde-al-por-mayor-ecologico-semper-tea.jpg","datePublished":"2024-12-16T10:48:25+00:00","description":"La fra\u00eecheur et la vitalit\u00e9 du th\u00e9 vert dans des sachets pratiques en forme de pyramide. Riche en antioxydants et en vitamines, le th\u00e9 ECO de la ligne Lava est compostable et biod\u00e9gradable.","breadcrumb":{"@id":"https:\/\/www.sempertea.eu\/fr\/vert-pyramides-en-vrac-the-vert\/#breadcrumb"},"inLanguage":"fr-FR","potentialAction":[{"@type":"ReadAction","target":["https:\/\/www.sempertea.eu\/fr\/vert-pyramides-en-vrac-the-vert\/"]}]},{"@type":"ImageObject","inLanguage":"fr-FR","@id":"https:\/\/www.sempertea.eu\/fr\/vert-pyramides-en-vrac-the-vert\/#primaryimage","url":"https:\/\/www.sempertea.eu\/wp-content\/uploads\/2024\/07\/piramide-de-te-verde-al-por-mayor-ecologico-semper-tea.jpg","contentUrl":"https:\/\/www.sempertea.eu\/wp-content\/uploads\/2024\/07\/piramide-de-te-verde-al-por-mayor-ecologico-semper-tea.jpg","width":1000,"height":1000,"caption":"piramide de te verde al por mayor ecologico semper tea"},{"@type":"BreadcrumbList","@id":"https:\/\/www.sempertea.eu\/fr\/vert-pyramides-en-vrac-the-vert\/#breadcrumb","itemListElement":[{"@type":"ListItem","position":1,"name":"Portada","item":"https:\/\/www.sempertea.eu\/"},{"@type":"ListItem","position":2,"name":"Tienda","item":"https:\/\/www.sempertea.eu\/tienda\/"},{"@type":"ListItem","position":3,"name":"VERT pyramides en vrac | Th\u00e9 vert"}]},{"@type":"WebSite","@id":"https:\/\/www.sempertea.eu\/#website","url":"https:\/\/www.sempertea.eu\/","name":"Semper Tea | Mayorista y fabricante de T\u00e9s e Infusiones para hoteles, restaurantes y bares","description":"T\u00e9s e infusiones para hosteler\u00eda, hoteler\u00eda y comercio","potentialAction":[{"@type":"SearchAction","target":{"@type":"EntryPoint","urlTemplate":"https:\/\/www.sempertea.eu\/?s={search_term_string}"},"query-input":{"@type":"PropertyValueSpecification","valueRequired":true,"valueName":"search_term_string"}}],"inLanguage":"fr-FR"}]}},"_links":{"self":[{"href":"https:\/\/www.sempertea.eu\/fr\/wp-json\/wp\/v2\/product\/12597","targetHints":{"allow":["GET"]}}],"collection":[{"href":"https:\/\/www.sempertea.eu\/fr\/wp-json\/wp\/v2\/product"}],"about":[{"href":"https:\/\/www.sempertea.eu\/fr\/wp-json\/wp\/v2\/types\/product"}],"replies":[{"embeddable":true,"href":"https:\/\/www.sempertea.eu\/fr\/wp-json\/wp\/v2\/comments?post=12597"}],"wp:featuredmedia":[{"embeddable":true,"href":"https:\/\/www.sempertea.eu\/fr\/wp-json\/wp\/v2\/media\/12584"}],"wp:attachment":[{"href":"https:\/\/www.sempertea.eu\/fr\/wp-json\/wp\/v2\/media?parent=12597"}],"wp:term":[{"taxonomy":"product_brand","embeddable":true,"href":"https:\/\/www.sempertea.eu\/fr\/wp-json\/wp\/v2\/product_brand?post=12597"},{"taxonomy":"product_cat","embeddable":true,"href":"https:\/\/www.sempertea.eu\/fr\/wp-json\/wp\/v2\/product_cat?post=12597"},{"taxonomy":"product_tag","embeddable":true,"href":"https:\/\/www.sempertea.eu\/fr\/wp-json\/wp\/v2\/product_tag?post=12597"}],"curies":[{"name":"wp","href":"https:\/\/api.w.org\/{rel}","templated":true}]}}