{"id":12591,"date":"2021-04-30T10:49:39","date_gmt":"2021-04-30T09:49:39","guid":{"rendered":"https:\/\/www.sempertea.eu\/english-breakfast-the-bio-i-vrac-en-sachets\/"},"modified":"2025-07-23T21:53:45","modified_gmt":"2025-07-23T19:53:45","slug":"the-anglais-vrac-bio-pour-le-petit-dejeuner-english-breakfast","status":"publish","type":"product","link":"https:\/\/www.sempertea.eu\/fr\/the-anglais-vrac-bio-pour-le-petit-dejeuner-english-breakfast\/","title":{"rendered":"ENGLISH BREAKFAST Th\u00e9 anglais en bio pour le petit-d\u00e9jeuner bio | Th\u00e9 noir en vrac"},"content":{"rendered":"<h2>Un th\u00e9 anglais classique, revisit\u00e9 en bio<\/h2>\n<p>Le <strong>th\u00e9 anglais pour le petit-d\u00e9jeuner<\/strong> est une institution dans la culture britannique. Semper Tea propose une version biologique et responsable de ce grand classique, avec un m\u00e9lange de th\u00e9 noir en vrac riche, cors\u00e9 et \u00e9quilibr\u00e9.<\/p>\n<h3>Un format adapt\u00e9 aux professionnels<\/h3>\n<p>Id\u00e9al pour les<strong> h\u00f4tels, magasins bio, caf\u00e9s, bureaux ou \u00e9piceries fine<\/strong>s, ce th\u00e9 est conditionn\u00e9 dans des sachets kraft \u00e9cologiques et est disponible en diff\u00e9rents formats. Sa pr\u00e9sentation sobre et \u00e9l\u00e9gante en fait une excellente option pour le <strong>service professionnel de th\u00e9.<\/strong><\/p>\n<h4>Une alternative aux marques classiques<\/h4>\n<p>Face aux grandes <strong>marques de th\u00e9 anglais<\/strong>, Semper Tea se d\u00e9marque par sa qualit\u00e9 bio, son approche durable et son design raffin\u00e9. Que ce soit pour les particuliers ou les entreprises, il s\u2019agit d\u2019un produit premium qui respecte l\u2019environnement sans compromis sur le go\u00fbt.<\/p>\n<h5><strong>Go\u00fbt intense et moment de plaisir<\/strong><\/h5>\n<p>Id\u00e9al pour bien d\u00e9marrer la journ\u00e9e ou faire une pause de qualit\u00e9, ce <strong>th\u00e9 noir anglais<\/strong> se savoure seul ou <strong>avec du lait<\/strong>. Il apporte une touche de tradition et d\u2019\u00e9l\u00e9gance \u00e0 chaque tasse, dans une d\u00e9marche responsable.<\/p>\n","protected":false},"excerpt":{"rendered":"<p><strong>Composition traditionnelle de th\u00e9 noir de haute qualit\u00e9<\/strong><\/p>\n<p>Th\u00e9 noir English Breakfast bio de Semper Tea, en format vrac pratique et durable. Ce m\u00e9lange classique britannique se distingue par sa richesse, sa force et sa qualit\u00e9 exceptionnelle. Id\u00e9al \u00e0 d\u00e9guster pur ou avec du lait, ce th\u00e9 convient parfaitement aux professionnels (caf\u00e9s, h\u00f4tels, \u00e9piceries fines) comme aux amateurs de th\u00e9 \u00e0 la maison. Conditionn\u00e9 dans un sachet kraft \u00e9cologique, il incarne une alternative responsable aux marques de th\u00e9 anglais traditionnelles. Disponible en plusieurs formats (50 g, 250 g, 1 kg), il est parfait pour une consommation quotidienne ou un service haut de gamme.<\/p>\n","protected":false},"featured_media":16150,"comment_status":"open","ping_status":"closed","template":"","meta":[],"product_brand":[],"product_cat":[380,309,315,298,283,284,310,311,312],"product_tag":[322],"class_list":{"0":"post-12591","1":"product","2":"type-product","3":"status-publish","4":"has-post-thumbnail","6":"product_cat-the-bio-en-vrac-grossiste-vente-en-ligne","7":"product_cat-collections","8":"product_cat-acheter-du-the-en-vrac-biologique","9":"product_cat-les-varietes-de-the","10":"product_cat-thes-et-infusions-biologiques-de-qualite","11":"product_cat-the-noir-acheter-en-ligne-proprietes","12":"product_cat-tous","13":"product_cat-tous-fr","14":"product_cat-tous-fr-2","15":"product_tag-the-de-feuilles-ou-the-de-fleurs-entieres","17":"first","18":"instock","19":"shipping-taxable","20":"purchasable","21":"product-type-variable"},"yoast_head":"<!-- This site is optimized with the Yoast SEO Premium plugin v27.3 (Yoast SEO v27.3) - https:\/\/yoast.com\/product\/yoast-seo-premium-wordpress\/ -->\n<title>ENGLISH BREAKFAST th\u00e9 anglais vrac en bio pour le petit-d\u00e9jeuner<\/title>\n<meta name=\"description\" content=\"Composition traditionnelle de th\u00e9 anglais en noir de haute qualit\u00e9 en bio pour commencer la journ\u00e9e avec \u00e9nergie. English Breakfast en vrac.\" \/>\n<meta name=\"robots\" content=\"index, follow, max-snippet:-1, max-image-preview:large, max-video-preview:-1\" \/>\n<link rel=\"canonical\" href=\"https:\/\/www.sempertea.eu\/fr\/the-anglais-vrac-bio-pour-le-petit-dejeuner-english-breakfast\/\" \/>\n<meta property=\"og:locale\" content=\"fr_FR\" \/>\n<meta property=\"og:type\" content=\"article\" \/>\n<meta property=\"og:title\" content=\"ENGLISH BREAKFAST Th\u00e9 anglais en bio pour le petit-d\u00e9jeuner bio | Th\u00e9 noir en vrac\" \/>\n<meta property=\"og:description\" content=\"Composition traditionnelle de th\u00e9 anglais en noir de haute qualit\u00e9 en bio pour commencer la journ\u00e9e avec \u00e9nergie. English Breakfast en vrac.\" \/>\n<meta property=\"og:url\" content=\"https:\/\/www.sempertea.eu\/fr\/the-anglais-vrac-bio-pour-le-petit-dejeuner-english-breakfast\/\" \/>\n<meta property=\"og:site_name\" content=\"Semper Tea | Mayorista y fabricante de T\u00e9s e Infusiones para hoteles, restaurantes y bares\" \/>\n<meta property=\"article:modified_time\" content=\"2025-07-23T19:53:45+00:00\" \/>\n<meta property=\"og:image\" content=\"https:\/\/www.sempertea.eu\/wp-content\/uploads\/2021\/04\/english-breakfast-te-ingles-ecologico-en-bolsas-comprar-te-online-semper-tea.jpg\" \/>\n<meta name=\"twitter:card\" content=\"summary_large_image\" \/>\n<meta name=\"twitter:image\" content=\"https:\/\/www.sempertea.eu\/wp-content\/uploads\/2021\/04\/te-english-breakfast-te-ingles-marcas-bio-semper-tea.jpg\" \/>\n<meta name=\"twitter:label1\" content=\"Dur\u00e9e de lecture estim\u00e9e\" \/>\n\t<meta name=\"twitter:data1\" content=\"2 minutes\" \/>\n<script type=\"application\/ld+json\" class=\"yoast-schema-graph\">{\"@context\":\"https:\\\/\\\/schema.org\",\"@graph\":[{\"@type\":\"WebPage\",\"@id\":\"https:\\\/\\\/www.sempertea.eu\\\/fr\\\/the-anglais-vrac-bio-pour-le-petit-dejeuner-english-breakfast\\\/\",\"url\":\"https:\\\/\\\/www.sempertea.eu\\\/fr\\\/the-anglais-vrac-bio-pour-le-petit-dejeuner-english-breakfast\\\/\",\"name\":\"ENGLISH BREAKFAST th\u00e9 anglais vrac en bio pour le petit-d\u00e9jeuner\",\"isPartOf\":{\"@id\":\"https:\\\/\\\/www.sempertea.eu\\\/#website\"},\"primaryImageOfPage\":{\"@id\":\"https:\\\/\\\/www.sempertea.eu\\\/fr\\\/the-anglais-vrac-bio-pour-le-petit-dejeuner-english-breakfast\\\/#primaryimage\"},\"image\":{\"@id\":\"https:\\\/\\\/www.sempertea.eu\\\/fr\\\/the-anglais-vrac-bio-pour-le-petit-dejeuner-english-breakfast\\\/#primaryimage\"},\"thumbnailUrl\":\"https:\\\/\\\/www.sempertea.eu\\\/wp-content\\\/uploads\\\/2025\\\/06\\\/te-english-breakfast-granel-intenso-desayuno-venta-mayorista-semper-tea.jpg\",\"datePublished\":\"2021-04-30T09:49:39+00:00\",\"dateModified\":\"2025-07-23T19:53:45+00:00\",\"description\":\"Composition traditionnelle de th\u00e9 anglais en noir de haute qualit\u00e9 en bio pour commencer la journ\u00e9e avec \u00e9nergie. English Breakfast en vrac.\",\"breadcrumb\":{\"@id\":\"https:\\\/\\\/www.sempertea.eu\\\/fr\\\/the-anglais-vrac-bio-pour-le-petit-dejeuner-english-breakfast\\\/#breadcrumb\"},\"inLanguage\":\"fr-FR\",\"potentialAction\":[{\"@type\":\"ReadAction\",\"target\":[\"https:\\\/\\\/www.sempertea.eu\\\/fr\\\/the-anglais-vrac-bio-pour-le-petit-dejeuner-english-breakfast\\\/\"]}]},{\"@type\":\"ImageObject\",\"inLanguage\":\"fr-FR\",\"@id\":\"https:\\\/\\\/www.sempertea.eu\\\/fr\\\/the-anglais-vrac-bio-pour-le-petit-dejeuner-english-breakfast\\\/#primaryimage\",\"url\":\"https:\\\/\\\/www.sempertea.eu\\\/wp-content\\\/uploads\\\/2025\\\/06\\\/te-english-breakfast-granel-intenso-desayuno-venta-mayorista-semper-tea.jpg\",\"contentUrl\":\"https:\\\/\\\/www.sempertea.eu\\\/wp-content\\\/uploads\\\/2025\\\/06\\\/te-english-breakfast-granel-intenso-desayuno-venta-mayorista-semper-tea.jpg\",\"width\":800,\"height\":800,\"caption\":\"te english breakfast granel intenso desayuno venta mayorista semper tea\"},{\"@type\":\"BreadcrumbList\",\"@id\":\"https:\\\/\\\/www.sempertea.eu\\\/fr\\\/the-anglais-vrac-bio-pour-le-petit-dejeuner-english-breakfast\\\/#breadcrumb\",\"itemListElement\":[{\"@type\":\"ListItem\",\"position\":1,\"name\":\"Portada\",\"item\":\"https:\\\/\\\/www.sempertea.eu\\\/\"},{\"@type\":\"ListItem\",\"position\":2,\"name\":\"Tienda\",\"item\":\"https:\\\/\\\/www.sempertea.eu\\\/tienda\\\/\"},{\"@type\":\"ListItem\",\"position\":3,\"name\":\"ENGLISH BREAKFAST Th\u00e9 anglais en bio pour le petit-d\u00e9jeuner bio | Th\u00e9 noir en vrac\"}]},{\"@type\":\"WebSite\",\"@id\":\"https:\\\/\\\/www.sempertea.eu\\\/#website\",\"url\":\"https:\\\/\\\/www.sempertea.eu\\\/\",\"name\":\"Semper Tea | Mayorista y fabricante de T\u00e9s e Infusiones para hoteles, restaurantes y bares\",\"description\":\"T\u00e9s e infusiones para hosteler\u00eda, hoteler\u00eda y comercio\",\"potentialAction\":[{\"@type\":\"SearchAction\",\"target\":{\"@type\":\"EntryPoint\",\"urlTemplate\":\"https:\\\/\\\/www.sempertea.eu\\\/?s={search_term_string}\"},\"query-input\":{\"@type\":\"PropertyValueSpecification\",\"valueRequired\":true,\"valueName\":\"search_term_string\"}}],\"inLanguage\":\"fr-FR\"}]}<\/script>\n<!-- \/ Yoast SEO Premium plugin. -->","yoast_head_json":{"title":"ENGLISH BREAKFAST th\u00e9 anglais vrac en bio pour le petit-d\u00e9jeuner","description":"Composition traditionnelle de th\u00e9 anglais en noir de haute qualit\u00e9 en bio pour commencer la journ\u00e9e avec \u00e9nergie. English Breakfast en vrac.","robots":{"index":"index","follow":"follow","max-snippet":"max-snippet:-1","max-image-preview":"max-image-preview:large","max-video-preview":"max-video-preview:-1"},"canonical":"https:\/\/www.sempertea.eu\/fr\/the-anglais-vrac-bio-pour-le-petit-dejeuner-english-breakfast\/","og_locale":"fr_FR","og_type":"article","og_title":"ENGLISH BREAKFAST Th\u00e9 anglais en bio pour le petit-d\u00e9jeuner bio | Th\u00e9 noir en vrac","og_description":"Composition traditionnelle de th\u00e9 anglais en noir de haute qualit\u00e9 en bio pour commencer la journ\u00e9e avec \u00e9nergie. English Breakfast en vrac.","og_url":"https:\/\/www.sempertea.eu\/fr\/the-anglais-vrac-bio-pour-le-petit-dejeuner-english-breakfast\/","og_site_name":"Semper Tea | Mayorista y fabricante de T\u00e9s e Infusiones para hoteles, restaurantes y bares","article_modified_time":"2025-07-23T19:53:45+00:00","og_image":[{"url":"https:\/\/www.sempertea.eu\/wp-content\/uploads\/2021\/04\/english-breakfast-te-ingles-ecologico-en-bolsas-comprar-te-online-semper-tea.jpg","type":"","width":"","height":""}],"twitter_card":"summary_large_image","twitter_image":"https:\/\/www.sempertea.eu\/wp-content\/uploads\/2021\/04\/te-english-breakfast-te-ingles-marcas-bio-semper-tea.jpg","twitter_misc":{"Dur\u00e9e de lecture estim\u00e9e":"2 minutes"},"schema":{"@context":"https:\/\/schema.org","@graph":[{"@type":"WebPage","@id":"https:\/\/www.sempertea.eu\/fr\/the-anglais-vrac-bio-pour-le-petit-dejeuner-english-breakfast\/","url":"https:\/\/www.sempertea.eu\/fr\/the-anglais-vrac-bio-pour-le-petit-dejeuner-english-breakfast\/","name":"ENGLISH BREAKFAST th\u00e9 anglais vrac en bio pour le petit-d\u00e9jeuner","isPartOf":{"@id":"https:\/\/www.sempertea.eu\/#website"},"primaryImageOfPage":{"@id":"https:\/\/www.sempertea.eu\/fr\/the-anglais-vrac-bio-pour-le-petit-dejeuner-english-breakfast\/#primaryimage"},"image":{"@id":"https:\/\/www.sempertea.eu\/fr\/the-anglais-vrac-bio-pour-le-petit-dejeuner-english-breakfast\/#primaryimage"},"thumbnailUrl":"https:\/\/www.sempertea.eu\/wp-content\/uploads\/2025\/06\/te-english-breakfast-granel-intenso-desayuno-venta-mayorista-semper-tea.jpg","datePublished":"2021-04-30T09:49:39+00:00","dateModified":"2025-07-23T19:53:45+00:00","description":"Composition traditionnelle de th\u00e9 anglais en noir de haute qualit\u00e9 en bio pour commencer la journ\u00e9e avec \u00e9nergie. English Breakfast en vrac.","breadcrumb":{"@id":"https:\/\/www.sempertea.eu\/fr\/the-anglais-vrac-bio-pour-le-petit-dejeuner-english-breakfast\/#breadcrumb"},"inLanguage":"fr-FR","potentialAction":[{"@type":"ReadAction","target":["https:\/\/www.sempertea.eu\/fr\/the-anglais-vrac-bio-pour-le-petit-dejeuner-english-breakfast\/"]}]},{"@type":"ImageObject","inLanguage":"fr-FR","@id":"https:\/\/www.sempertea.eu\/fr\/the-anglais-vrac-bio-pour-le-petit-dejeuner-english-breakfast\/#primaryimage","url":"https:\/\/www.sempertea.eu\/wp-content\/uploads\/2025\/06\/te-english-breakfast-granel-intenso-desayuno-venta-mayorista-semper-tea.jpg","contentUrl":"https:\/\/www.sempertea.eu\/wp-content\/uploads\/2025\/06\/te-english-breakfast-granel-intenso-desayuno-venta-mayorista-semper-tea.jpg","width":800,"height":800,"caption":"te english breakfast granel intenso desayuno venta mayorista semper tea"},{"@type":"BreadcrumbList","@id":"https:\/\/www.sempertea.eu\/fr\/the-anglais-vrac-bio-pour-le-petit-dejeuner-english-breakfast\/#breadcrumb","itemListElement":[{"@type":"ListItem","position":1,"name":"Portada","item":"https:\/\/www.sempertea.eu\/"},{"@type":"ListItem","position":2,"name":"Tienda","item":"https:\/\/www.sempertea.eu\/tienda\/"},{"@type":"ListItem","position":3,"name":"ENGLISH BREAKFAST Th\u00e9 anglais en bio pour le petit-d\u00e9jeuner bio | Th\u00e9 noir en vrac"}]},{"@type":"WebSite","@id":"https:\/\/www.sempertea.eu\/#website","url":"https:\/\/www.sempertea.eu\/","name":"Semper Tea | Mayorista y fabricante de T\u00e9s e Infusiones para hoteles, restaurantes y bares","description":"T\u00e9s e infusiones para hosteler\u00eda, hoteler\u00eda y comercio","potentialAction":[{"@type":"SearchAction","target":{"@type":"EntryPoint","urlTemplate":"https:\/\/www.sempertea.eu\/?s={search_term_string}"},"query-input":{"@type":"PropertyValueSpecification","valueRequired":true,"valueName":"search_term_string"}}],"inLanguage":"fr-FR"}]}},"_links":{"self":[{"href":"https:\/\/www.sempertea.eu\/fr\/wp-json\/wp\/v2\/product\/12591","targetHints":{"allow":["GET"]}}],"collection":[{"href":"https:\/\/www.sempertea.eu\/fr\/wp-json\/wp\/v2\/product"}],"about":[{"href":"https:\/\/www.sempertea.eu\/fr\/wp-json\/wp\/v2\/types\/product"}],"replies":[{"embeddable":true,"href":"https:\/\/www.sempertea.eu\/fr\/wp-json\/wp\/v2\/comments?post=12591"}],"wp:featuredmedia":[{"embeddable":true,"href":"https:\/\/www.sempertea.eu\/fr\/wp-json\/wp\/v2\/media\/16150"}],"wp:attachment":[{"href":"https:\/\/www.sempertea.eu\/fr\/wp-json\/wp\/v2\/media?parent=12591"}],"wp:term":[{"taxonomy":"product_brand","embeddable":true,"href":"https:\/\/www.sempertea.eu\/fr\/wp-json\/wp\/v2\/product_brand?post=12591"},{"taxonomy":"product_cat","embeddable":true,"href":"https:\/\/www.sempertea.eu\/fr\/wp-json\/wp\/v2\/product_cat?post=12591"},{"taxonomy":"product_tag","embeddable":true,"href":"https:\/\/www.sempertea.eu\/fr\/wp-json\/wp\/v2\/product_tag?post=12591"}],"curies":[{"name":"wp","href":"https:\/\/api.w.org\/{rel}","templated":true}]}}