{"id":12566,"date":"2024-07-10T21:45:49","date_gmt":"2024-12-16T09:47:04","guid":{"rendered":"https:\/\/www.sempertea.eu\/camomille-pyramides-en-vrac-the-a-la-camomille\/"},"modified":"2024-12-16T10:47:04","modified_gmt":"2024-12-16T09:47:04","slug":"camomille-pyramides-en-vrac-the-a-la-camomille","status":"publish","type":"product","link":"https:\/\/www.sempertea.eu\/fr\/camomille-pyramides-en-vrac-the-a-la-camomille\/","title":{"rendered":"CAMOMILLE pyramides en vrac : Th\u00e9 \u00e0 la camomille"},"content":{"rendered":"<h2>D\u00e9tendez-vous \u00e0 chaque gorg\u00e9e : infusion de camomille biologique<\/h2>\n<p>La s\u00e9r\u00e9nit\u00e9 \u00e0 l&rsquo;\u00e9tat pur avec notre infusion de camomille biologique en pyramides de gros. Connue depuis l&rsquo;Antiquit\u00e9 sous le nom de \u00ab th\u00e9 de la m\u00e8re \u00bb, cette infusion a \u00e9t\u00e9 appr\u00e9ci\u00e9e par diverses cultures comme un \u00e9lixir calmant et r\u00e9parateur. Notre m\u00e9lange, compos\u00e9 de fleurs enti\u00e8res, d\u00e9ploie un ar\u00f4me d\u00e9licat qui invite \u00e0 la d\u00e9tente \u00e0 tout moment de la journ\u00e9e. Sans caf\u00e9ine, il est le choix id\u00e9al pour les moments de tranquillit\u00e9 et de bien-\u00eatre.   <\/p>\n<h3>Puret\u00e9 aromatique, sans caf\u00e9ine :<\/h3>\n<p>Notre th\u00e9 \u00e0 la camomille biologique est l&rsquo;expression du naturel et de l&rsquo;authentique. Certifi\u00e9e par le label biologique de l&rsquo;UE, elle provient d&rsquo;une culture biologique contr\u00f4l\u00e9e, exempte d&rsquo;additifs chimiques. \u00c0 chaque gorg\u00e9e, vos invit\u00e9s peuvent savourer l&rsquo;essence authentique de la camomille, sans distraction ni compromis. Nos sachets pyramidaux pratiques en vrac vous permettent de d\u00e9guster cette infusion exquise facilement et \u00e0 tout moment. La ligne de th\u00e9 Lava40 est conforme aux normes UNE EN 13432, ce qui garantit qu&rsquo;elle est biod\u00e9gradable et compostable. Optez pour un choix durable et respectueux de l&rsquo;environnement.  <\/p>\n","protected":false},"excerpt":{"rendered":"<p><strong>Camomille en sachets pyramidaux biod\u00e9gradables : \u00e9cologique et r\u00e9confortant<\/strong><\/p>\n<p>Le charme relaxant et r\u00e9confortant de la camomille \u00e9cologique, soigneusement pr\u00e9sent\u00e9e dans des sachets pyramidaux biod\u00e9gradables. Au c\u0153ur de chaque sachet, la camomille \u00e9gyptienne d\u00e9ploie son ar\u00f4me d\u00e9licat, invitant vos invit\u00e9s \u00e0 profiter de moments de calme et de s\u00e9r\u00e9nit\u00e9 \u00e0 tout moment de la journ\u00e9e. <\/p>\n","protected":false},"featured_media":12567,"comment_status":"open","ping_status":"closed","template":"","meta":[],"product_brand":[],"product_cat":[309,300,315,271,298,289,299,283,310,311,312,316],"product_tag":[323],"class_list":{"0":"post-12566","1":"product","2":"type-product","3":"status-publish","4":"has-post-thumbnail","6":"product_cat-collections","7":"product_cat-emballages-sans-plastique","8":"product_cat-acheter-du-the-en-vrac-biologique","9":"product_cat-the-en-pyramides-vrac-sans-plastique-bio","10":"product_cat-les-varietes-de-the","11":"product_cat-the-aux-herbes-bio-au-acheter","12":"product_cat-the-en-pyramide-biodegradable","13":"product_cat-thes-et-infusions-biologiques-de-qualite","14":"product_cat-tous","15":"product_cat-tous-fr","16":"product_cat-tous-fr-2","17":"product_cat-uncategorized-fr","18":"product_tag-lava40-fr","20":"first","21":"instock","22":"shipping-taxable","23":"purchasable","24":"product-type-variable"},"yoast_head":"<!-- This site is optimized with the Yoast SEO Premium plugin v27.3 (Yoast SEO v27.3) - https:\/\/yoast.com\/product\/yoast-seo-premium-wordpress\/ -->\n<title>D\u00e9tendez-vous avec un th\u00e9 \u00e0 la camomille biologique | Eco-responsable<\/title>\n<meta name=\"description\" content=\"D\u00e9tendez-vous avec du th\u00e9 \u00e0 la camomille biologique en pyramides en vrac. Biologique, sans caf\u00e9ine et biod\u00e9gradable pour des moments de tranquillit\u00e9.\" \/>\n<meta name=\"robots\" content=\"index, follow, max-snippet:-1, max-image-preview:large, max-video-preview:-1\" \/>\n<link rel=\"canonical\" href=\"https:\/\/www.sempertea.eu\/fr\/camomille-pyramides-en-vrac-the-a-la-camomille\/\" \/>\n<meta property=\"og:locale\" content=\"fr_FR\" \/>\n<meta property=\"og:type\" content=\"article\" \/>\n<meta property=\"og:title\" content=\"CAMOMILLE pyramides en vrac : Th\u00e9 \u00e0 la camomille\" \/>\n<meta property=\"og:description\" content=\"D\u00e9tendez-vous avec du th\u00e9 \u00e0 la camomille biologique en pyramides en vrac. Biologique, sans caf\u00e9ine et biod\u00e9gradable pour des moments de tranquillit\u00e9.\" \/>\n<meta property=\"og:url\" content=\"https:\/\/www.sempertea.eu\/fr\/camomille-pyramides-en-vrac-the-a-la-camomille\/\" \/>\n<meta property=\"og:site_name\" content=\"Semper Tea | Mayorista y fabricante de T\u00e9s e Infusiones para hoteles, restaurantes y bares\" \/>\n<meta property=\"og:image\" content=\"https:\/\/www.sempertea.eu\/wp-content\/uploads\/2024\/07\/infusion-piramide-al-por-mayor-manzanilla-organic-semper-tea.jpg\" \/>\n\t<meta property=\"og:image:width\" content=\"1000\" \/>\n\t<meta property=\"og:image:height\" content=\"1000\" \/>\n\t<meta property=\"og:image:type\" content=\"image\/jpeg\" \/>\n<meta name=\"twitter:card\" content=\"summary_large_image\" \/>\n<meta name=\"twitter:label1\" content=\"Dur\u00e9e de lecture estim\u00e9e\" \/>\n\t<meta name=\"twitter:data1\" content=\"1 minute\" \/>\n<script type=\"application\/ld+json\" class=\"yoast-schema-graph\">{\"@context\":\"https:\\\/\\\/schema.org\",\"@graph\":[{\"@type\":\"WebPage\",\"@id\":\"https:\\\/\\\/www.sempertea.eu\\\/fr\\\/camomille-pyramides-en-vrac-the-a-la-camomille\\\/\",\"url\":\"https:\\\/\\\/www.sempertea.eu\\\/fr\\\/camomille-pyramides-en-vrac-the-a-la-camomille\\\/\",\"name\":\"D\u00e9tendez-vous avec un th\u00e9 \u00e0 la camomille biologique | Eco-responsable\",\"isPartOf\":{\"@id\":\"https:\\\/\\\/www.sempertea.eu\\\/#website\"},\"primaryImageOfPage\":{\"@id\":\"https:\\\/\\\/www.sempertea.eu\\\/fr\\\/camomille-pyramides-en-vrac-the-a-la-camomille\\\/#primaryimage\"},\"image\":{\"@id\":\"https:\\\/\\\/www.sempertea.eu\\\/fr\\\/camomille-pyramides-en-vrac-the-a-la-camomille\\\/#primaryimage\"},\"thumbnailUrl\":\"https:\\\/\\\/www.sempertea.eu\\\/wp-content\\\/uploads\\\/2024\\\/07\\\/infusion-piramide-al-por-mayor-manzanilla-organic-semper-tea.jpg\",\"datePublished\":\"2024-12-16T09:47:04+00:00\",\"description\":\"D\u00e9tendez-vous avec du th\u00e9 \u00e0 la camomille biologique en pyramides en vrac. Biologique, sans caf\u00e9ine et biod\u00e9gradable pour des moments de tranquillit\u00e9.\",\"breadcrumb\":{\"@id\":\"https:\\\/\\\/www.sempertea.eu\\\/fr\\\/camomille-pyramides-en-vrac-the-a-la-camomille\\\/#breadcrumb\"},\"inLanguage\":\"fr-FR\",\"potentialAction\":[{\"@type\":\"ReadAction\",\"target\":[\"https:\\\/\\\/www.sempertea.eu\\\/fr\\\/camomille-pyramides-en-vrac-the-a-la-camomille\\\/\"]}]},{\"@type\":\"ImageObject\",\"inLanguage\":\"fr-FR\",\"@id\":\"https:\\\/\\\/www.sempertea.eu\\\/fr\\\/camomille-pyramides-en-vrac-the-a-la-camomille\\\/#primaryimage\",\"url\":\"https:\\\/\\\/www.sempertea.eu\\\/wp-content\\\/uploads\\\/2024\\\/07\\\/infusion-piramide-al-por-mayor-manzanilla-organic-semper-tea.jpg\",\"contentUrl\":\"https:\\\/\\\/www.sempertea.eu\\\/wp-content\\\/uploads\\\/2024\\\/07\\\/infusion-piramide-al-por-mayor-manzanilla-organic-semper-tea.jpg\",\"width\":1000,\"height\":1000,\"caption\":\"infusion piramide al por mayor manzanilla organic semper tea\"},{\"@type\":\"BreadcrumbList\",\"@id\":\"https:\\\/\\\/www.sempertea.eu\\\/fr\\\/camomille-pyramides-en-vrac-the-a-la-camomille\\\/#breadcrumb\",\"itemListElement\":[{\"@type\":\"ListItem\",\"position\":1,\"name\":\"Portada\",\"item\":\"https:\\\/\\\/www.sempertea.eu\\\/\"},{\"@type\":\"ListItem\",\"position\":2,\"name\":\"Tienda\",\"item\":\"https:\\\/\\\/www.sempertea.eu\\\/tienda\\\/\"},{\"@type\":\"ListItem\",\"position\":3,\"name\":\"CAMOMILLE pyramides en vrac : Th\u00e9 \u00e0 la camomille\"}]},{\"@type\":\"WebSite\",\"@id\":\"https:\\\/\\\/www.sempertea.eu\\\/#website\",\"url\":\"https:\\\/\\\/www.sempertea.eu\\\/\",\"name\":\"Semper Tea | Mayorista y fabricante de T\u00e9s e Infusiones para hoteles, restaurantes y bares\",\"description\":\"T\u00e9s e infusiones para hosteler\u00eda, hoteler\u00eda y comercio\",\"potentialAction\":[{\"@type\":\"SearchAction\",\"target\":{\"@type\":\"EntryPoint\",\"urlTemplate\":\"https:\\\/\\\/www.sempertea.eu\\\/?s={search_term_string}\"},\"query-input\":{\"@type\":\"PropertyValueSpecification\",\"valueRequired\":true,\"valueName\":\"search_term_string\"}}],\"inLanguage\":\"fr-FR\"}]}<\/script>\n<!-- \/ Yoast SEO Premium plugin. -->","yoast_head_json":{"title":"D\u00e9tendez-vous avec un th\u00e9 \u00e0 la camomille biologique | Eco-responsable","description":"D\u00e9tendez-vous avec du th\u00e9 \u00e0 la camomille biologique en pyramides en vrac. Biologique, sans caf\u00e9ine et biod\u00e9gradable pour des moments de tranquillit\u00e9.","robots":{"index":"index","follow":"follow","max-snippet":"max-snippet:-1","max-image-preview":"max-image-preview:large","max-video-preview":"max-video-preview:-1"},"canonical":"https:\/\/www.sempertea.eu\/fr\/camomille-pyramides-en-vrac-the-a-la-camomille\/","og_locale":"fr_FR","og_type":"article","og_title":"CAMOMILLE pyramides en vrac : Th\u00e9 \u00e0 la camomille","og_description":"D\u00e9tendez-vous avec du th\u00e9 \u00e0 la camomille biologique en pyramides en vrac. Biologique, sans caf\u00e9ine et biod\u00e9gradable pour des moments de tranquillit\u00e9.","og_url":"https:\/\/www.sempertea.eu\/fr\/camomille-pyramides-en-vrac-the-a-la-camomille\/","og_site_name":"Semper Tea | Mayorista y fabricante de T\u00e9s e Infusiones para hoteles, restaurantes y bares","og_image":[{"width":1000,"height":1000,"url":"https:\/\/www.sempertea.eu\/wp-content\/uploads\/2024\/07\/infusion-piramide-al-por-mayor-manzanilla-organic-semper-tea.jpg","type":"image\/jpeg"}],"twitter_card":"summary_large_image","twitter_misc":{"Dur\u00e9e de lecture estim\u00e9e":"1 minute"},"schema":{"@context":"https:\/\/schema.org","@graph":[{"@type":"WebPage","@id":"https:\/\/www.sempertea.eu\/fr\/camomille-pyramides-en-vrac-the-a-la-camomille\/","url":"https:\/\/www.sempertea.eu\/fr\/camomille-pyramides-en-vrac-the-a-la-camomille\/","name":"D\u00e9tendez-vous avec un th\u00e9 \u00e0 la camomille biologique | Eco-responsable","isPartOf":{"@id":"https:\/\/www.sempertea.eu\/#website"},"primaryImageOfPage":{"@id":"https:\/\/www.sempertea.eu\/fr\/camomille-pyramides-en-vrac-the-a-la-camomille\/#primaryimage"},"image":{"@id":"https:\/\/www.sempertea.eu\/fr\/camomille-pyramides-en-vrac-the-a-la-camomille\/#primaryimage"},"thumbnailUrl":"https:\/\/www.sempertea.eu\/wp-content\/uploads\/2024\/07\/infusion-piramide-al-por-mayor-manzanilla-organic-semper-tea.jpg","datePublished":"2024-12-16T09:47:04+00:00","description":"D\u00e9tendez-vous avec du th\u00e9 \u00e0 la camomille biologique en pyramides en vrac. Biologique, sans caf\u00e9ine et biod\u00e9gradable pour des moments de tranquillit\u00e9.","breadcrumb":{"@id":"https:\/\/www.sempertea.eu\/fr\/camomille-pyramides-en-vrac-the-a-la-camomille\/#breadcrumb"},"inLanguage":"fr-FR","potentialAction":[{"@type":"ReadAction","target":["https:\/\/www.sempertea.eu\/fr\/camomille-pyramides-en-vrac-the-a-la-camomille\/"]}]},{"@type":"ImageObject","inLanguage":"fr-FR","@id":"https:\/\/www.sempertea.eu\/fr\/camomille-pyramides-en-vrac-the-a-la-camomille\/#primaryimage","url":"https:\/\/www.sempertea.eu\/wp-content\/uploads\/2024\/07\/infusion-piramide-al-por-mayor-manzanilla-organic-semper-tea.jpg","contentUrl":"https:\/\/www.sempertea.eu\/wp-content\/uploads\/2024\/07\/infusion-piramide-al-por-mayor-manzanilla-organic-semper-tea.jpg","width":1000,"height":1000,"caption":"infusion piramide al por mayor manzanilla organic semper tea"},{"@type":"BreadcrumbList","@id":"https:\/\/www.sempertea.eu\/fr\/camomille-pyramides-en-vrac-the-a-la-camomille\/#breadcrumb","itemListElement":[{"@type":"ListItem","position":1,"name":"Portada","item":"https:\/\/www.sempertea.eu\/"},{"@type":"ListItem","position":2,"name":"Tienda","item":"https:\/\/www.sempertea.eu\/tienda\/"},{"@type":"ListItem","position":3,"name":"CAMOMILLE pyramides en vrac : Th\u00e9 \u00e0 la camomille"}]},{"@type":"WebSite","@id":"https:\/\/www.sempertea.eu\/#website","url":"https:\/\/www.sempertea.eu\/","name":"Semper Tea | Mayorista y fabricante de T\u00e9s e Infusiones para hoteles, restaurantes y bares","description":"T\u00e9s e infusiones para hosteler\u00eda, hoteler\u00eda y comercio","potentialAction":[{"@type":"SearchAction","target":{"@type":"EntryPoint","urlTemplate":"https:\/\/www.sempertea.eu\/?s={search_term_string}"},"query-input":{"@type":"PropertyValueSpecification","valueRequired":true,"valueName":"search_term_string"}}],"inLanguage":"fr-FR"}]}},"_links":{"self":[{"href":"https:\/\/www.sempertea.eu\/fr\/wp-json\/wp\/v2\/product\/12566","targetHints":{"allow":["GET"]}}],"collection":[{"href":"https:\/\/www.sempertea.eu\/fr\/wp-json\/wp\/v2\/product"}],"about":[{"href":"https:\/\/www.sempertea.eu\/fr\/wp-json\/wp\/v2\/types\/product"}],"replies":[{"embeddable":true,"href":"https:\/\/www.sempertea.eu\/fr\/wp-json\/wp\/v2\/comments?post=12566"}],"wp:featuredmedia":[{"embeddable":true,"href":"https:\/\/www.sempertea.eu\/fr\/wp-json\/wp\/v2\/media\/12567"}],"wp:attachment":[{"href":"https:\/\/www.sempertea.eu\/fr\/wp-json\/wp\/v2\/media?parent=12566"}],"wp:term":[{"taxonomy":"product_brand","embeddable":true,"href":"https:\/\/www.sempertea.eu\/fr\/wp-json\/wp\/v2\/product_brand?post=12566"},{"taxonomy":"product_cat","embeddable":true,"href":"https:\/\/www.sempertea.eu\/fr\/wp-json\/wp\/v2\/product_cat?post=12566"},{"taxonomy":"product_tag","embeddable":true,"href":"https:\/\/www.sempertea.eu\/fr\/wp-json\/wp\/v2\/product_tag?post=12566"}],"curies":[{"name":"wp","href":"https:\/\/api.w.org\/{rel}","templated":true}]}}