{"id":12399,"date":"2024-11-18T15:42:14","date_gmt":"2024-11-18T14:42:14","guid":{"rendered":"https:\/\/www.sempertea.eu\/matcha-premium-en-poudre-the-vert\/"},"modified":"2025-07-19T16:58:17","modified_gmt":"2025-07-19T14:58:17","slug":"vente-de-gros-de-the-matcha-pour-professionnels","status":"publish","type":"product","link":"https:\/\/www.sempertea.eu\/fr\/vente-de-gros-de-the-matcha-pour-professionnels\/","title":{"rendered":"MATCHA PREMIUM en poudre | Th\u00e9 vert japonais"},"content":{"rendered":"<h2 data-start=\"268\" data-end=\"334\">Grossiste Matcha \u2013 Vente en vrac au kilo | Vente de gros de th\u00e9 matcha pour professionnels<\/h2>\n<p data-start=\"336\" data-end=\"750\">Vous cherchez un fournisseur de th\u00e9 matcha fiable, engag\u00e9 et de haute qualit\u00e9 pour votre activit\u00e9 ? Semper Tea vous propose un matcha bio premium en poudre, issu d&rsquo;une culture durable, disponible en formats adapt\u00e9s aux besoins des professionnels. Notre <strong data-start=\"579\" data-end=\"611\">matcha \u00e9cologique est id\u00e9al pour les caf\u00e9s, restaurants, h\u00f4tels ou distributeurs Horeca<\/strong> \u00e0 la recherche d\u2019un produit sain, raffin\u00e9 et polyvalent.<\/p>\n<p data-start=\"752\" data-end=\"997\">En tant que grossiste sp\u00e9cialis\u00e9 en matcha, nous vous offrons une <strong data-start=\"852\" data-end=\"874\">vente de gros de th\u00e9 matcha<\/strong> pens\u00e9e pour les professionnels, avec des formats en vrac au kilo, parfaitement adapt\u00e9s aux exigences du march\u00e9 B2B.<\/p>\n<h3 data-start=\"752\" data-end=\"997\">Matcha B2B : pour caf\u00e9s, restaurants et revente &#8211;\u00a0Matcha bio premium en vrac pour les professionnels Horeca<\/h3>\n<p data-start=\"999\" data-end=\"1031\">Sa saveur douce, fra\u00eeche et l\u00e9g\u00e8rement sucr\u00e9e ainsi que sa texture fine font de ce matcha un ingr\u00e9dient de choix. Gr\u00e2ce \u00e0 sa mouture traditionnelle sur pierre, il conserve toutes les propri\u00e9t\u00e9s antioxydantes et \u00e9nergisantes du th\u00e9 vert bio.<\/p>\n<p data-start=\"1035\" data-end=\"1129\">Caract\u00e9ristiques principales :<\/p>\n<ul>\n<li data-start=\"1035\" data-end=\"1129\"><strong data-start=\"1035\" data-end=\"1059\">Formats disponibles<\/strong> : 75 g, 250 g et 1 kg (i<strong data-start=\"1104\" data-end=\"1126\">d\u00e9al pour l&rsquo;achat de matcha en vrac)<\/strong><\/li>\n<li data-start=\"1130\" data-end=\"1163\">\n<p data-start=\"1132\" data-end=\"1163\"><strong data-start=\"1132\" data-end=\"1141\">Couleur<\/strong> : Vert jade profond<\/p>\n<\/li>\n<li data-start=\"1164\" data-end=\"1217\">\n<p data-start=\"1166\" data-end=\"1217\"><strong data-start=\"1166\" data-end=\"1175\">Go\u00fbt<\/strong> : D\u00e9licat, v\u00e9g\u00e9tal, avec une touche sucr\u00e9e<\/p>\n<\/li>\n<li data-start=\"1218\" data-end=\"1321\">\n<p data-start=\"1220\" data-end=\"1321\"><strong data-start=\"1220\" data-end=\"1252\">Caf\u00e9ine naturelle<\/strong> : Parfait pour des boissons toniques comme le <strong data-start=\"1291\" data-end=\"1307\">matcha latte ou les smoothies<\/strong><\/p>\n<\/li>\n<li data-start=\"1322\" data-end=\"1422\">\n<p data-start=\"1324\" data-end=\"1422\"><strong data-start=\"1324\" data-end=\"1343\">Usages recommand\u00e9s <\/strong>: <strong data-start=\"1345\" data-end=\"1374\">Matcha pour caf\u00e9s, p\u00e2tisseries, cuisine cr\u00e9ative<\/strong> et menus bien-\u00eatre<\/p>\n<\/li>\n<\/ul>\n<h4 data-start=\"1424\" data-end=\"1478\">Pourquoi choisir notre matcha pour le secteur Horeca ?<\/h4>\n<ul data-start=\"1480\" data-end=\"1712\">\n<li data-start=\"1480\" data-end=\"1549\">\n<p data-start=\"1482\" data-end=\"1549\">Certifi\u00e9 bio, pour des pr\u00e9parations chaudes ou froides<\/p>\n<\/li>\n<li data-start=\"1550\" data-end=\"1597\">\n<p data-start=\"1552\" data-end=\"1597\">Facile et rapide \u00e0 int\u00e9grer au service quotidien<\/p>\n<\/li>\n<li data-start=\"1598\" data-end=\"1647\">\n<p data-start=\"1600\" data-end=\"1647\">Excellente tenue en mousse, r\u00e9sultat constant<\/p>\n<\/li>\n<li data-start=\"1648\" data-end=\"1712\">\n<p data-start=\"1650\" data-end=\"1712\">Disponible au <strong data-start=\"1664\" data-end=\"1693\">meilleur prix pour un matcha premium<\/strong><\/p>\n<\/li>\n<\/ul>\n<h4 data-start=\"1714\" data-end=\"1754\">Pr\u00e9paration simple du matcha ou matcha latte :<\/h4>\n<ol data-start=\"1756\" data-end=\"2086\">\n<li data-start=\"1756\" data-end=\"1821\">\n<p data-start=\"1759\" data-end=\"1821\">Mettre 1\/2 \u00e0 1 cuill\u00e8re \u00e0 caf\u00e9 (environ 1 g) de matcha dans une tasse<\/p>\n<\/li>\n<li data-start=\"1822\" data-end=\"1858\">\n<p data-start=\"1825\" data-end=\"1858\">Ajouter de l\u2019eau chaude (70\u201380 \u00b0C)<\/p>\n<\/li>\n<li data-start=\"1859\" data-end=\"1948\">\n<p data-start=\"1862\" data-end=\"1948\">Fouetter vigoureusement avec un fouet en bambou ou un mousseur \u00e9lectrique jusqu\u2019\u00e0 obtention d\u2019une belle mousse<\/p>\n<\/li>\n<li data-start=\"1949\" data-end=\"1998\">\n<p data-start=\"1952\" data-end=\"1998\">Ajuster l\u2019intensit\u00e9 selon votre go\u00fbt avec plus d\u2019eau<\/p>\n<\/li>\n<li data-start=\"1999\" data-end=\"2086\">\n<p data-start=\"2002\" data-end=\"2086\"><strong data-start=\"2007\" data-end=\"2023\">Pour un matcha latte,<\/strong> remplacer l\u2019eau par du lait ou une boisson v\u00e9g\u00e9tale chaude ou froide<\/p>\n<\/li>\n<\/ol>\n<h4 data-start=\"2088\" data-end=\"2136\">Tradition, bien-\u00eatre et performance dans chaque tasse<\/h4>\n<p data-start=\"2138\" data-end=\"2453\">H\u00e9rit\u00e9 de la tradition japonaise, le matcha est aujourd\u2019hui un incontournable des cartes de boissons bien-\u00eatre. Alternative <strong data-start=\"2332\" data-end=\"2349\">naturelle au caf\u00e9, il offre une caf\u00e9ine douce et une \u00e9nergie durable<\/strong>. Un choix parfait pour une client\u00e8le attentive \u00e0 sa sant\u00e9 et \u00e0 la qualit\u00e9 des ingr\u00e9dients.<\/p>\n<p data-start=\"2455\" data-end=\"2607\">Vous souhaitez <strong data-start=\"2473\" data-end=\"2503\">acheter du matcha pour Horeca<\/strong>, avec une qualit\u00e9 constante, une tra\u00e7abilit\u00e9 biologique claire et une pr\u00e9sentation soign\u00e9e ? Contactez-nous : vous \u00eates au bon endroit.<\/p>\n","protected":false},"excerpt":{"rendered":"<p><strong>Saveur fra\u00eeche et vibrante, note douce<\/strong><\/p>\n<p>Appr\u00e9ciez l&rsquo;\u00e9l\u00e9gance et la douceur du Matcha moulu de premi\u00e8re qualit\u00e9, un th\u00e9 vert d&rsquo;une qualit\u00e9 exceptionnelle, id\u00e9al pour les vrais connaisseurs. Avec sa couleur vert jade caract\u00e9ristique et son go\u00fbt doux, frais et l\u00e9g\u00e8rement sucr\u00e9, ce Matcha vous offre une exp\u00e9rience unique \u00e0 chaque tasse.<\/p>\n<p><strong>1 gramme par pr\u00e9paration.<\/strong><\/p>\n","protected":false},"featured_media":15608,"comment_status":"open","ping_status":"closed","template":"","meta":[],"product_brand":[],"product_cat":[380,309,315,298,297,283,287,312,310,311,316],"product_tag":[],"class_list":{"0":"post-12399","1":"product","2":"type-product","3":"status-publish","4":"has-post-thumbnail","6":"product_cat-the-bio-en-vrac-grossiste-vente-en-ligne","7":"product_cat-collections","8":"product_cat-acheter-du-the-en-vrac-biologique","9":"product_cat-les-varietes-de-the","10":"product_cat-the-matcha-bio-premium-latte-cappuccino","11":"product_cat-thes-et-infusions-biologiques-de-qualite","12":"product_cat-the-vert-biologique-ou-acheter","13":"product_cat-tous-fr-2","14":"product_cat-tous","15":"product_cat-tous-fr","16":"product_cat-uncategorized-fr","18":"first","19":"instock","20":"shipping-taxable","21":"purchasable","22":"product-type-variable"},"yoast_head":"<!-- This site is optimized with the Yoast SEO Premium plugin v27.3 (Yoast SEO v27.4) - https:\/\/yoast.com\/product\/yoast-seo-premium-wordpress\/ -->\n<title>Vente de gros de th\u00e9 matcha pour professionnels | Grossiste Matcha<\/title>\n<meta name=\"description\" content=\"Achetez du matcha bio premium en vrac pour caf\u00e9s, h\u00f4tels et restaurants. Vente B2B au kilo, riche en caf\u00e9ine naturelle. Fournisseur matcha professionnel au meilleur prix.\" \/>\n<meta name=\"robots\" content=\"index, follow, max-snippet:-1, max-image-preview:large, max-video-preview:-1\" \/>\n<link rel=\"canonical\" href=\"https:\/\/www.sempertea.eu\/fr\/vente-de-gros-de-the-matcha-pour-professionnels\/\" \/>\n<meta property=\"og:locale\" content=\"fr_FR\" \/>\n<meta property=\"og:type\" content=\"article\" \/>\n<meta property=\"og:title\" content=\"MATCHA PREMIUM en poudre | Th\u00e9 vert japonais\" \/>\n<meta property=\"og:description\" content=\"Achetez du matcha bio premium en vrac pour caf\u00e9s, h\u00f4tels et restaurants. Vente B2B au kilo, riche en caf\u00e9ine naturelle. Fournisseur matcha professionnel au meilleur prix.\" \/>\n<meta property=\"og:url\" content=\"https:\/\/www.sempertea.eu\/fr\/vente-de-gros-de-the-matcha-pour-professionnels\/\" \/>\n<meta property=\"og:site_name\" content=\"Semper Tea | Mayorista y fabricante de T\u00e9s e Infusiones para hoteles, restaurantes y bares\" \/>\n<meta property=\"article:modified_time\" content=\"2025-07-19T14:58:17+00:00\" \/>\n<meta property=\"og:image\" content=\"https:\/\/www.sempertea.eu\/wp-content\/uploads\/2025\/05\/matcha-premium-profesional-polvo-verde-jade-semper-tea.jpg\" \/>\n\t<meta property=\"og:image:width\" content=\"1000\" \/>\n\t<meta property=\"og:image:height\" content=\"1000\" \/>\n\t<meta property=\"og:image:type\" content=\"image\/jpeg\" \/>\n<meta name=\"twitter:card\" content=\"summary_large_image\" \/>\n<meta name=\"twitter:label1\" content=\"Dur\u00e9e de lecture estim\u00e9e\" \/>\n\t<meta name=\"twitter:data1\" content=\"3 minutes\" \/>\n<script type=\"application\/ld+json\" class=\"yoast-schema-graph\">{\"@context\":\"https:\\\/\\\/schema.org\",\"@graph\":[{\"@type\":\"WebPage\",\"@id\":\"https:\\\/\\\/www.sempertea.eu\\\/fr\\\/vente-de-gros-de-the-matcha-pour-professionnels\\\/\",\"url\":\"https:\\\/\\\/www.sempertea.eu\\\/fr\\\/vente-de-gros-de-the-matcha-pour-professionnels\\\/\",\"name\":\"Vente de gros de th\u00e9 matcha pour professionnels | Grossiste Matcha\",\"isPartOf\":{\"@id\":\"https:\\\/\\\/www.sempertea.eu\\\/#website\"},\"primaryImageOfPage\":{\"@id\":\"https:\\\/\\\/www.sempertea.eu\\\/fr\\\/vente-de-gros-de-the-matcha-pour-professionnels\\\/#primaryimage\"},\"image\":{\"@id\":\"https:\\\/\\\/www.sempertea.eu\\\/fr\\\/vente-de-gros-de-the-matcha-pour-professionnels\\\/#primaryimage\"},\"thumbnailUrl\":\"https:\\\/\\\/www.sempertea.eu\\\/wp-content\\\/uploads\\\/2025\\\/05\\\/matcha-premium-profesional-polvo-verde-jade-semper-tea.jpg\",\"datePublished\":\"2024-11-18T14:42:14+00:00\",\"dateModified\":\"2025-07-19T14:58:17+00:00\",\"description\":\"Achetez du matcha bio premium en vrac pour caf\u00e9s, h\u00f4tels et restaurants. Vente B2B au kilo, riche en caf\u00e9ine naturelle. Fournisseur matcha professionnel au meilleur prix.\",\"breadcrumb\":{\"@id\":\"https:\\\/\\\/www.sempertea.eu\\\/fr\\\/vente-de-gros-de-the-matcha-pour-professionnels\\\/#breadcrumb\"},\"inLanguage\":\"fr-FR\",\"potentialAction\":[{\"@type\":\"ReadAction\",\"target\":[\"https:\\\/\\\/www.sempertea.eu\\\/fr\\\/vente-de-gros-de-the-matcha-pour-professionnels\\\/\"]}]},{\"@type\":\"ImageObject\",\"inLanguage\":\"fr-FR\",\"@id\":\"https:\\\/\\\/www.sempertea.eu\\\/fr\\\/vente-de-gros-de-the-matcha-pour-professionnels\\\/#primaryimage\",\"url\":\"https:\\\/\\\/www.sempertea.eu\\\/wp-content\\\/uploads\\\/2025\\\/05\\\/matcha-premium-profesional-polvo-verde-jade-semper-tea.jpg\",\"contentUrl\":\"https:\\\/\\\/www.sempertea.eu\\\/wp-content\\\/uploads\\\/2025\\\/05\\\/matcha-premium-profesional-polvo-verde-jade-semper-tea.jpg\",\"width\":1000,\"height\":1000,\"caption\":\"Matcha Premium en Polvo \u2013 T\u00e9 Verde Org\u00e1nico para Hosteler\u00eda y Cocina Profesional\"},{\"@type\":\"BreadcrumbList\",\"@id\":\"https:\\\/\\\/www.sempertea.eu\\\/fr\\\/vente-de-gros-de-the-matcha-pour-professionnels\\\/#breadcrumb\",\"itemListElement\":[{\"@type\":\"ListItem\",\"position\":1,\"name\":\"Portada\",\"item\":\"https:\\\/\\\/www.sempertea.eu\\\/\"},{\"@type\":\"ListItem\",\"position\":2,\"name\":\"Tienda\",\"item\":\"https:\\\/\\\/www.sempertea.eu\\\/tienda\\\/\"},{\"@type\":\"ListItem\",\"position\":3,\"name\":\"MATCHA PREMIUM en poudre | Th\u00e9 vert japonais\"}]},{\"@type\":\"WebSite\",\"@id\":\"https:\\\/\\\/www.sempertea.eu\\\/#website\",\"url\":\"https:\\\/\\\/www.sempertea.eu\\\/\",\"name\":\"Semper Tea | Mayorista y fabricante de T\u00e9s e Infusiones para hoteles, restaurantes y bares\",\"description\":\"T\u00e9s e infusiones para hosteler\u00eda, hoteler\u00eda y comercio\",\"potentialAction\":[{\"@type\":\"SearchAction\",\"target\":{\"@type\":\"EntryPoint\",\"urlTemplate\":\"https:\\\/\\\/www.sempertea.eu\\\/?s={search_term_string}\"},\"query-input\":{\"@type\":\"PropertyValueSpecification\",\"valueRequired\":true,\"valueName\":\"search_term_string\"}}],\"inLanguage\":\"fr-FR\"}]}<\/script>\n<!-- \/ Yoast SEO Premium plugin. -->","yoast_head_json":{"title":"Vente de gros de th\u00e9 matcha pour professionnels | Grossiste Matcha","description":"Achetez du matcha bio premium en vrac pour caf\u00e9s, h\u00f4tels et restaurants. Vente B2B au kilo, riche en caf\u00e9ine naturelle. Fournisseur matcha professionnel au meilleur prix.","robots":{"index":"index","follow":"follow","max-snippet":"max-snippet:-1","max-image-preview":"max-image-preview:large","max-video-preview":"max-video-preview:-1"},"canonical":"https:\/\/www.sempertea.eu\/fr\/vente-de-gros-de-the-matcha-pour-professionnels\/","og_locale":"fr_FR","og_type":"article","og_title":"MATCHA PREMIUM en poudre | Th\u00e9 vert japonais","og_description":"Achetez du matcha bio premium en vrac pour caf\u00e9s, h\u00f4tels et restaurants. Vente B2B au kilo, riche en caf\u00e9ine naturelle. Fournisseur matcha professionnel au meilleur prix.","og_url":"https:\/\/www.sempertea.eu\/fr\/vente-de-gros-de-the-matcha-pour-professionnels\/","og_site_name":"Semper Tea | Mayorista y fabricante de T\u00e9s e Infusiones para hoteles, restaurantes y bares","article_modified_time":"2025-07-19T14:58:17+00:00","og_image":[{"width":1000,"height":1000,"url":"https:\/\/www.sempertea.eu\/wp-content\/uploads\/2025\/05\/matcha-premium-profesional-polvo-verde-jade-semper-tea.jpg","type":"image\/jpeg"}],"twitter_card":"summary_large_image","twitter_misc":{"Dur\u00e9e de lecture estim\u00e9e":"3 minutes"},"schema":{"@context":"https:\/\/schema.org","@graph":[{"@type":"WebPage","@id":"https:\/\/www.sempertea.eu\/fr\/vente-de-gros-de-the-matcha-pour-professionnels\/","url":"https:\/\/www.sempertea.eu\/fr\/vente-de-gros-de-the-matcha-pour-professionnels\/","name":"Vente de gros de th\u00e9 matcha pour professionnels | Grossiste Matcha","isPartOf":{"@id":"https:\/\/www.sempertea.eu\/#website"},"primaryImageOfPage":{"@id":"https:\/\/www.sempertea.eu\/fr\/vente-de-gros-de-the-matcha-pour-professionnels\/#primaryimage"},"image":{"@id":"https:\/\/www.sempertea.eu\/fr\/vente-de-gros-de-the-matcha-pour-professionnels\/#primaryimage"},"thumbnailUrl":"https:\/\/www.sempertea.eu\/wp-content\/uploads\/2025\/05\/matcha-premium-profesional-polvo-verde-jade-semper-tea.jpg","datePublished":"2024-11-18T14:42:14+00:00","dateModified":"2025-07-19T14:58:17+00:00","description":"Achetez du matcha bio premium en vrac pour caf\u00e9s, h\u00f4tels et restaurants. Vente B2B au kilo, riche en caf\u00e9ine naturelle. Fournisseur matcha professionnel au meilleur prix.","breadcrumb":{"@id":"https:\/\/www.sempertea.eu\/fr\/vente-de-gros-de-the-matcha-pour-professionnels\/#breadcrumb"},"inLanguage":"fr-FR","potentialAction":[{"@type":"ReadAction","target":["https:\/\/www.sempertea.eu\/fr\/vente-de-gros-de-the-matcha-pour-professionnels\/"]}]},{"@type":"ImageObject","inLanguage":"fr-FR","@id":"https:\/\/www.sempertea.eu\/fr\/vente-de-gros-de-the-matcha-pour-professionnels\/#primaryimage","url":"https:\/\/www.sempertea.eu\/wp-content\/uploads\/2025\/05\/matcha-premium-profesional-polvo-verde-jade-semper-tea.jpg","contentUrl":"https:\/\/www.sempertea.eu\/wp-content\/uploads\/2025\/05\/matcha-premium-profesional-polvo-verde-jade-semper-tea.jpg","width":1000,"height":1000,"caption":"Matcha Premium en Polvo \u2013 T\u00e9 Verde Org\u00e1nico para Hosteler\u00eda y Cocina Profesional"},{"@type":"BreadcrumbList","@id":"https:\/\/www.sempertea.eu\/fr\/vente-de-gros-de-the-matcha-pour-professionnels\/#breadcrumb","itemListElement":[{"@type":"ListItem","position":1,"name":"Portada","item":"https:\/\/www.sempertea.eu\/"},{"@type":"ListItem","position":2,"name":"Tienda","item":"https:\/\/www.sempertea.eu\/tienda\/"},{"@type":"ListItem","position":3,"name":"MATCHA PREMIUM en poudre | Th\u00e9 vert japonais"}]},{"@type":"WebSite","@id":"https:\/\/www.sempertea.eu\/#website","url":"https:\/\/www.sempertea.eu\/","name":"Semper Tea | Mayorista y fabricante de T\u00e9s e Infusiones para hoteles, restaurantes y bares","description":"T\u00e9s e infusiones para hosteler\u00eda, hoteler\u00eda y comercio","potentialAction":[{"@type":"SearchAction","target":{"@type":"EntryPoint","urlTemplate":"https:\/\/www.sempertea.eu\/?s={search_term_string}"},"query-input":{"@type":"PropertyValueSpecification","valueRequired":true,"valueName":"search_term_string"}}],"inLanguage":"fr-FR"}]}},"_links":{"self":[{"href":"https:\/\/www.sempertea.eu\/fr\/wp-json\/wp\/v2\/product\/12399","targetHints":{"allow":["GET"]}}],"collection":[{"href":"https:\/\/www.sempertea.eu\/fr\/wp-json\/wp\/v2\/product"}],"about":[{"href":"https:\/\/www.sempertea.eu\/fr\/wp-json\/wp\/v2\/types\/product"}],"replies":[{"embeddable":true,"href":"https:\/\/www.sempertea.eu\/fr\/wp-json\/wp\/v2\/comments?post=12399"}],"wp:featuredmedia":[{"embeddable":true,"href":"https:\/\/www.sempertea.eu\/fr\/wp-json\/wp\/v2\/media\/15608"}],"wp:attachment":[{"href":"https:\/\/www.sempertea.eu\/fr\/wp-json\/wp\/v2\/media?parent=12399"}],"wp:term":[{"taxonomy":"product_brand","embeddable":true,"href":"https:\/\/www.sempertea.eu\/fr\/wp-json\/wp\/v2\/product_brand?post=12399"},{"taxonomy":"product_cat","embeddable":true,"href":"https:\/\/www.sempertea.eu\/fr\/wp-json\/wp\/v2\/product_cat?post=12399"},{"taxonomy":"product_tag","embeddable":true,"href":"https:\/\/www.sempertea.eu\/fr\/wp-json\/wp\/v2\/product_tag?post=12399"}],"curies":[{"name":"wp","href":"https:\/\/api.w.org\/{rel}","templated":true}]}}