{"id":12398,"date":"2024-11-18T15:52:55","date_gmt":"2024-11-18T14:52:55","guid":{"rendered":"https:\/\/www.sempertea.eu\/matcha-en-poudre-the-vert\/"},"modified":"2025-07-19T16:58:11","modified_gmt":"2025-07-19T14:58:11","slug":"matcha-bio-culinaire-en-poudre-pour-professionnels-horeca","status":"publish","type":"product","link":"https:\/\/www.sempertea.eu\/fr\/matcha-bio-culinaire-en-poudre-pour-professionnels-horeca\/","title":{"rendered":"MATCHA culinaire moulu | Th\u00e9 vert japonais"},"content":{"rendered":"<h2 data-pm-slice=\"1 1 []\">Matcha culinaire bio en poudre pour les professionnels Horeca<\/h2>\n<p>Semper Tea propose du Matcha culinaire bio en poudre sp\u00e9cialement adapt\u00e9 aux besoins des professionnels Horeca. Ce matcha est cultiv\u00e9 \u00e0 l\u2019ombre durant plusieurs semaines avant sa r\u00e9colte, lui conf\u00e9rant une couleur vert fonc\u00e9, une texture tr\u00e8s fine et un go\u00fbt authentique, \u00e9quilibr\u00e9 et \u00e9nergisant tout en pr\u00e9servant ses pr\u00e9cieuses propri\u00e9t\u00e9s antioxydantes.<\/p>\n<p>Avantages pour votre activit\u00e9 :<\/p>\n<ul data-spread=\"false\">\n<li>Formats adapt\u00e9s : disponibles en sachets pratiques de 75 g, 250 g et 1 kg<\/li>\n<li>Saveur unique : subtilement am\u00e8re et \u00e9quilibr\u00e9e, facile \u00e0 incorporer dans toutes vos recettes<\/li>\n<li>Couleur intense : un vert lumineux qui valorise vos cr\u00e9ations culinaires et boissons<\/li>\n<li>Applications vari\u00e9es : id\u00e9al pour r\u00e9aliser matcha latte, smoothies, cocktails, p\u00e2tisseries, glaces et plats innovants pour caf\u00e9s, bars et restaurants.<\/li>\n<\/ul>\n<h3>Pr\u00e9paration simple et rapide pour vos recettes :<\/h3>\n<ul data-spread=\"false\">\n<li>Versez entre 1\/2 et 1 cuill\u00e8re \u00e0 caf\u00e9 (environ 1 gramme) de matcha par portion<\/li>\n<li>Ajoutez de l\u2019eau chaude (70-80\u00b0C)<\/li>\n<li>Fouettez jusqu\u2019\u00e0 obtenir une mousse fine et cr\u00e9meuse avec un fouet manuel ou \u00e9lectrique<\/li>\n<li>Pour un matcha latte gourmand, remplacez l\u2019eau par du lait chaud ou froid, ou une boisson v\u00e9g\u00e9tale.<\/li>\n<\/ul>\n<p>Offrez \u00e0 vos clients une exp\u00e9rience unique et qualitative en misant sur un ingr\u00e9dient tendance aux multiples bienfaits. Avec Semper Tea, assurez qualit\u00e9, saveur et rentabilit\u00e9 \u00e0 votre \u00e9tablissement.<\/p>\n<p>&nbsp;<\/p>\n","protected":false},"excerpt":{"rendered":"<p><strong>Puissant et complexe, avec une douceur subtile<\/strong><\/p>\n<p>Appr\u00e9ciez l&rsquo;excellence du th\u00e9 vert Matcha moulu de qualit\u00e9 premium, parfait pour pr\u00e9parer des boissons \u00e9nergisantes ou enrichir vos recettes cr\u00e9atives. Sa couleur vert-dor\u00e9 unique et son go\u00fbt d\u00e9licatement amer apportent une touche raffin\u00e9e et originale \u00e0 vos plats, qu&rsquo;ils soient sucr\u00e9s ou sal\u00e9s. Que ce soit pour des smoothies, des lattes ou des p\u00e2tisseries, le Matcha \u00e9l\u00e8ve vos cr\u00e9ations culinaires \u00e0 un niveau sup\u00e9rieur, tout en offrant ses bienfaits antioxydants et revitalisants.<\/p>\n<p><strong>1 gramme par pr\u00e9paration.<\/strong><\/p>\n<p>Matcha en gros.<\/p>\n","protected":false},"featured_media":15604,"comment_status":"open","ping_status":"closed","template":"","meta":[],"product_brand":[],"product_cat":[380,309,315,298,297,283,287,312,310,311,316],"product_tag":[],"class_list":{"0":"post-12398","1":"product","2":"type-product","3":"status-publish","4":"has-post-thumbnail","6":"product_cat-the-bio-en-vrac-grossiste-vente-en-ligne","7":"product_cat-collections","8":"product_cat-acheter-du-the-en-vrac-biologique","9":"product_cat-les-varietes-de-the","10":"product_cat-the-matcha-bio-premium-latte-cappuccino","11":"product_cat-thes-et-infusions-biologiques-de-qualite","12":"product_cat-the-vert-biologique-ou-acheter","13":"product_cat-tous-fr-2","14":"product_cat-tous","15":"product_cat-tous-fr","16":"product_cat-uncategorized-fr","18":"first","19":"instock","20":"shipping-taxable","21":"purchasable","22":"product-type-variable"},"yoast_head":"<!-- This site is optimized with the Yoast SEO Premium plugin v27.3 (Yoast SEO v27.4) - https:\/\/yoast.com\/product\/yoast-seo-premium-wordpress\/ -->\n<title>Matcha Culinaire Bio pour professionnels Horeca | Semper Tea<\/title>\n<meta name=\"description\" content=\"La poudre de matcha culinaire bio de Semper Tea, id\u00e9ale pour les professionnels Horeca. Parfaite pour les boissons, desserts et recettes cr\u00e9atives. Qualit\u00e9 premium garantie.\" \/>\n<meta name=\"robots\" content=\"index, follow, max-snippet:-1, max-image-preview:large, max-video-preview:-1\" \/>\n<link rel=\"canonical\" href=\"https:\/\/www.sempertea.eu\/fr\/matcha-bio-culinaire-en-poudre-pour-professionnels-horeca\/\" \/>\n<meta property=\"og:locale\" content=\"fr_FR\" \/>\n<meta property=\"og:type\" content=\"article\" \/>\n<meta property=\"og:title\" content=\"Th\u00e9 vert Matcha culinaire BIO | Online Shop Semper Tea\" \/>\n<meta property=\"og:description\" content=\"Poudre de th\u00e9 vert matcha premium pour boissons, p\u00e2tisseries et latte. Achetez en vrac et vivez une exp\u00e9rience japonaise authentique.\" \/>\n<meta property=\"og:url\" content=\"https:\/\/www.sempertea.eu\/fr\/matcha-bio-culinaire-en-poudre-pour-professionnels-horeca\/\" \/>\n<meta property=\"og:site_name\" content=\"Semper Tea | Mayorista y fabricante de T\u00e9s e Infusiones para hoteles, restaurantes y bares\" \/>\n<meta property=\"article:modified_time\" content=\"2025-07-19T14:58:11+00:00\" \/>\n<meta property=\"og:image\" content=\"https:\/\/www.sempertea.eu\/wp-content\/uploads\/2025\/05\/matcha-profesional-hoja-verde-polvo-organico-semper-tea.jpg.jpg\" \/>\n\t<meta property=\"og:image:width\" content=\"1000\" \/>\n\t<meta property=\"og:image:height\" content=\"1000\" \/>\n\t<meta property=\"og:image:type\" content=\"image\/jpeg\" \/>\n<meta name=\"twitter:card\" content=\"summary_large_image\" \/>\n<meta name=\"twitter:title\" content=\"MATCHA culinaire moulu | Th\u00e9 vert japonais\" \/>\n<meta name=\"twitter:label1\" content=\"Dur\u00e9e de lecture estim\u00e9e\" \/>\n\t<meta name=\"twitter:data1\" content=\"2 minutes\" \/>\n<script type=\"application\/ld+json\" class=\"yoast-schema-graph\">{\"@context\":\"https:\\\/\\\/schema.org\",\"@graph\":[{\"@type\":\"WebPage\",\"@id\":\"https:\\\/\\\/www.sempertea.eu\\\/fr\\\/matcha-bio-culinaire-en-poudre-pour-professionnels-horeca\\\/\",\"url\":\"https:\\\/\\\/www.sempertea.eu\\\/fr\\\/matcha-bio-culinaire-en-poudre-pour-professionnels-horeca\\\/\",\"name\":\"Matcha Culinaire Bio pour professionnels Horeca | Semper Tea\",\"isPartOf\":{\"@id\":\"https:\\\/\\\/www.sempertea.eu\\\/#website\"},\"primaryImageOfPage\":{\"@id\":\"https:\\\/\\\/www.sempertea.eu\\\/fr\\\/matcha-bio-culinaire-en-poudre-pour-professionnels-horeca\\\/#primaryimage\"},\"image\":{\"@id\":\"https:\\\/\\\/www.sempertea.eu\\\/fr\\\/matcha-bio-culinaire-en-poudre-pour-professionnels-horeca\\\/#primaryimage\"},\"thumbnailUrl\":\"https:\\\/\\\/www.sempertea.eu\\\/wp-content\\\/uploads\\\/2025\\\/05\\\/matcha-profesional-hoja-verde-polvo-organico-semper-tea.jpg.jpg\",\"datePublished\":\"2024-11-18T14:52:55+00:00\",\"dateModified\":\"2025-07-19T14:58:11+00:00\",\"description\":\"La poudre de matcha culinaire bio de Semper Tea, id\u00e9ale pour les professionnels Horeca. Parfaite pour les boissons, desserts et recettes cr\u00e9atives. Qualit\u00e9 premium garantie.\",\"breadcrumb\":{\"@id\":\"https:\\\/\\\/www.sempertea.eu\\\/fr\\\/matcha-bio-culinaire-en-poudre-pour-professionnels-horeca\\\/#breadcrumb\"},\"inLanguage\":\"fr-FR\",\"potentialAction\":[{\"@type\":\"ReadAction\",\"target\":[\"https:\\\/\\\/www.sempertea.eu\\\/fr\\\/matcha-bio-culinaire-en-poudre-pour-professionnels-horeca\\\/\"]}]},{\"@type\":\"ImageObject\",\"inLanguage\":\"fr-FR\",\"@id\":\"https:\\\/\\\/www.sempertea.eu\\\/fr\\\/matcha-bio-culinaire-en-poudre-pour-professionnels-horeca\\\/#primaryimage\",\"url\":\"https:\\\/\\\/www.sempertea.eu\\\/wp-content\\\/uploads\\\/2025\\\/05\\\/matcha-profesional-hoja-verde-polvo-organico-semper-tea.jpg.jpg\",\"contentUrl\":\"https:\\\/\\\/www.sempertea.eu\\\/wp-content\\\/uploads\\\/2025\\\/05\\\/matcha-profesional-hoja-verde-polvo-organico-semper-tea.jpg.jpg\",\"width\":1000,\"height\":1000,\"caption\":\"T\u00e9 Matcha Culinario Org\u00e1nico para Hosteler\u00eda \u2013 Calidad Premium al por Mayor\"},{\"@type\":\"BreadcrumbList\",\"@id\":\"https:\\\/\\\/www.sempertea.eu\\\/fr\\\/matcha-bio-culinaire-en-poudre-pour-professionnels-horeca\\\/#breadcrumb\",\"itemListElement\":[{\"@type\":\"ListItem\",\"position\":1,\"name\":\"Portada\",\"item\":\"https:\\\/\\\/www.sempertea.eu\\\/\"},{\"@type\":\"ListItem\",\"position\":2,\"name\":\"Tienda\",\"item\":\"https:\\\/\\\/www.sempertea.eu\\\/tienda\\\/\"},{\"@type\":\"ListItem\",\"position\":3,\"name\":\"MATCHA culinaire moulu | Th\u00e9 vert japonais\"}]},{\"@type\":\"WebSite\",\"@id\":\"https:\\\/\\\/www.sempertea.eu\\\/#website\",\"url\":\"https:\\\/\\\/www.sempertea.eu\\\/\",\"name\":\"Semper Tea | Mayorista y fabricante de T\u00e9s e Infusiones para hoteles, restaurantes y bares\",\"description\":\"T\u00e9s e infusiones para hosteler\u00eda, hoteler\u00eda y comercio\",\"potentialAction\":[{\"@type\":\"SearchAction\",\"target\":{\"@type\":\"EntryPoint\",\"urlTemplate\":\"https:\\\/\\\/www.sempertea.eu\\\/?s={search_term_string}\"},\"query-input\":{\"@type\":\"PropertyValueSpecification\",\"valueRequired\":true,\"valueName\":\"search_term_string\"}}],\"inLanguage\":\"fr-FR\"}]}<\/script>\n<!-- \/ Yoast SEO Premium plugin. -->","yoast_head_json":{"title":"Matcha Culinaire Bio pour professionnels Horeca | Semper Tea","description":"La poudre de matcha culinaire bio de Semper Tea, id\u00e9ale pour les professionnels Horeca. Parfaite pour les boissons, desserts et recettes cr\u00e9atives. Qualit\u00e9 premium garantie.","robots":{"index":"index","follow":"follow","max-snippet":"max-snippet:-1","max-image-preview":"max-image-preview:large","max-video-preview":"max-video-preview:-1"},"canonical":"https:\/\/www.sempertea.eu\/fr\/matcha-bio-culinaire-en-poudre-pour-professionnels-horeca\/","og_locale":"fr_FR","og_type":"article","og_title":"Th\u00e9 vert Matcha culinaire BIO | Online Shop Semper Tea","og_description":"Poudre de th\u00e9 vert matcha premium pour boissons, p\u00e2tisseries et latte. Achetez en vrac et vivez une exp\u00e9rience japonaise authentique.","og_url":"https:\/\/www.sempertea.eu\/fr\/matcha-bio-culinaire-en-poudre-pour-professionnels-horeca\/","og_site_name":"Semper Tea | Mayorista y fabricante de T\u00e9s e Infusiones para hoteles, restaurantes y bares","article_modified_time":"2025-07-19T14:58:11+00:00","og_image":[{"width":1000,"height":1000,"url":"https:\/\/www.sempertea.eu\/wp-content\/uploads\/2025\/05\/matcha-profesional-hoja-verde-polvo-organico-semper-tea.jpg.jpg","type":"image\/jpeg"}],"twitter_card":"summary_large_image","twitter_title":"MATCHA culinaire moulu | Th\u00e9 vert japonais","twitter_misc":{"Dur\u00e9e de lecture estim\u00e9e":"2 minutes"},"schema":{"@context":"https:\/\/schema.org","@graph":[{"@type":"WebPage","@id":"https:\/\/www.sempertea.eu\/fr\/matcha-bio-culinaire-en-poudre-pour-professionnels-horeca\/","url":"https:\/\/www.sempertea.eu\/fr\/matcha-bio-culinaire-en-poudre-pour-professionnels-horeca\/","name":"Matcha Culinaire Bio pour professionnels Horeca | Semper Tea","isPartOf":{"@id":"https:\/\/www.sempertea.eu\/#website"},"primaryImageOfPage":{"@id":"https:\/\/www.sempertea.eu\/fr\/matcha-bio-culinaire-en-poudre-pour-professionnels-horeca\/#primaryimage"},"image":{"@id":"https:\/\/www.sempertea.eu\/fr\/matcha-bio-culinaire-en-poudre-pour-professionnels-horeca\/#primaryimage"},"thumbnailUrl":"https:\/\/www.sempertea.eu\/wp-content\/uploads\/2025\/05\/matcha-profesional-hoja-verde-polvo-organico-semper-tea.jpg.jpg","datePublished":"2024-11-18T14:52:55+00:00","dateModified":"2025-07-19T14:58:11+00:00","description":"La poudre de matcha culinaire bio de Semper Tea, id\u00e9ale pour les professionnels Horeca. Parfaite pour les boissons, desserts et recettes cr\u00e9atives. Qualit\u00e9 premium garantie.","breadcrumb":{"@id":"https:\/\/www.sempertea.eu\/fr\/matcha-bio-culinaire-en-poudre-pour-professionnels-horeca\/#breadcrumb"},"inLanguage":"fr-FR","potentialAction":[{"@type":"ReadAction","target":["https:\/\/www.sempertea.eu\/fr\/matcha-bio-culinaire-en-poudre-pour-professionnels-horeca\/"]}]},{"@type":"ImageObject","inLanguage":"fr-FR","@id":"https:\/\/www.sempertea.eu\/fr\/matcha-bio-culinaire-en-poudre-pour-professionnels-horeca\/#primaryimage","url":"https:\/\/www.sempertea.eu\/wp-content\/uploads\/2025\/05\/matcha-profesional-hoja-verde-polvo-organico-semper-tea.jpg.jpg","contentUrl":"https:\/\/www.sempertea.eu\/wp-content\/uploads\/2025\/05\/matcha-profesional-hoja-verde-polvo-organico-semper-tea.jpg.jpg","width":1000,"height":1000,"caption":"T\u00e9 Matcha Culinario Org\u00e1nico para Hosteler\u00eda \u2013 Calidad Premium al por Mayor"},{"@type":"BreadcrumbList","@id":"https:\/\/www.sempertea.eu\/fr\/matcha-bio-culinaire-en-poudre-pour-professionnels-horeca\/#breadcrumb","itemListElement":[{"@type":"ListItem","position":1,"name":"Portada","item":"https:\/\/www.sempertea.eu\/"},{"@type":"ListItem","position":2,"name":"Tienda","item":"https:\/\/www.sempertea.eu\/tienda\/"},{"@type":"ListItem","position":3,"name":"MATCHA culinaire moulu | Th\u00e9 vert japonais"}]},{"@type":"WebSite","@id":"https:\/\/www.sempertea.eu\/#website","url":"https:\/\/www.sempertea.eu\/","name":"Semper Tea | Mayorista y fabricante de T\u00e9s e Infusiones para hoteles, restaurantes y bares","description":"T\u00e9s e infusiones para hosteler\u00eda, hoteler\u00eda y comercio","potentialAction":[{"@type":"SearchAction","target":{"@type":"EntryPoint","urlTemplate":"https:\/\/www.sempertea.eu\/?s={search_term_string}"},"query-input":{"@type":"PropertyValueSpecification","valueRequired":true,"valueName":"search_term_string"}}],"inLanguage":"fr-FR"}]}},"_links":{"self":[{"href":"https:\/\/www.sempertea.eu\/fr\/wp-json\/wp\/v2\/product\/12398","targetHints":{"allow":["GET"]}}],"collection":[{"href":"https:\/\/www.sempertea.eu\/fr\/wp-json\/wp\/v2\/product"}],"about":[{"href":"https:\/\/www.sempertea.eu\/fr\/wp-json\/wp\/v2\/types\/product"}],"replies":[{"embeddable":true,"href":"https:\/\/www.sempertea.eu\/fr\/wp-json\/wp\/v2\/comments?post=12398"}],"wp:featuredmedia":[{"embeddable":true,"href":"https:\/\/www.sempertea.eu\/fr\/wp-json\/wp\/v2\/media\/15604"}],"wp:attachment":[{"href":"https:\/\/www.sempertea.eu\/fr\/wp-json\/wp\/v2\/media?parent=12398"}],"wp:term":[{"taxonomy":"product_brand","embeddable":true,"href":"https:\/\/www.sempertea.eu\/fr\/wp-json\/wp\/v2\/product_brand?post=12398"},{"taxonomy":"product_cat","embeddable":true,"href":"https:\/\/www.sempertea.eu\/fr\/wp-json\/wp\/v2\/product_cat?post=12398"},{"taxonomy":"product_tag","embeddable":true,"href":"https:\/\/www.sempertea.eu\/fr\/wp-json\/wp\/v2\/product_tag?post=12398"}],"curies":[{"name":"wp","href":"https:\/\/api.w.org\/{rel}","templated":true}]}}