{"id":12334,"date":"2021-07-05T18:18:53","date_gmt":"2024-11-14T20:00:34","guid":{"rendered":"https:\/\/www.sempertea.eu\/the-vert-bio-i-tube-a-essai\/"},"modified":"2026-03-28T23:24:08","modified_gmt":"2026-03-28T22:24:08","slug":"the-vert-bio-eprouvette-verre","status":"publish","type":"product","link":"https:\/\/www.sempertea.eu\/fr\/the-vert-bio-eprouvette-verre\/","title":{"rendered":"Th\u00e9 VERT bio en \u00e9prouvette en verre"},"content":{"rendered":"<h2>Les tr\u00e9sors naturels du th\u00e9 vert<\/h2>\n<div>Le th\u00e9 vert est naturellement riche en <strong>polyph\u00e9nols<\/strong>, des antioxydants v\u00e9g\u00e9taux tr\u00e8s appr\u00e9ci\u00e9s, qui participent \u00e0 son image de boisson bien-\u00eatre. Gr\u00e2ce \u00e0 son mode d\u2019\u00e9laboration, sans oxydation compl\u00e8te des feuilles, il conserve toute la fra\u00eecheur, la finesse et la puret\u00e9 de son profil naturel.<\/div>\n<div><\/div>\n<div>Il contient \u00e9galement de la <strong>L-th\u00e9anine<\/strong>, connue pour la sensation d\u2019\u00e9quilibre et de s\u00e9r\u00e9nit\u00e9 qu\u2019elle \u00e9voque, ainsi qu\u2019une teneur naturelle en caf\u00e9ine, qui procure un effet stimulant plus doux et plus progressif que celui du caf\u00e9.<\/div>\n<div><\/div>\n<div>Pr\u00e9sent\u00e9 dans une <strong>\u00e9l\u00e9gante \u00e9prouvette en verre avec bouchon en li\u00e8ge<\/strong>, ce th\u00e9 vert bio devient aussi une id\u00e9e cadeau originale et raffin\u00e9e. Un format soign\u00e9, moderne et plein de charme, parfait pour surprendre un invit\u00e9, offrir un joli d\u00e9tail ou d\u00e9couvrir le th\u00e9 autrement.<\/div>\n","protected":false},"excerpt":{"rendered":"<p data-start=\"83\" data-end=\"110\"><strong data-start=\"83\" data-end=\"110\">Pur, d\u00e9licat et raffin\u00e9<\/strong><\/p>\n<p data-start=\"112\" data-end=\"481\">Nous vous proposons un format moderne et \u00e9l\u00e9gant qui ne passe pas inaper\u00e7u. Ce th\u00e9 vert biologique est pr\u00e9sent\u00e9 dans une \u00e9prouvette en verre de haute qualit\u00e9, ferm\u00e9e par un bouchon en li\u00e8ge. Son format pratique permet de pr\u00e9parer environ <strong data-start=\"350\" data-end=\"373\">6 \u00e0 8 tasses de th\u00e9<\/strong>. Une id\u00e9e cadeau originale et soign\u00e9e, parfaite pour surprendre vos invit\u00e9s ou faire plaisir \u00e0 vos clients.<\/p>\n","protected":false},"featured_media":12335,"comment_status":"open","ping_status":"closed","template":"","meta":[],"product_brand":[],"product_cat":[309,270,298,314,283,287,310,311,312],"product_tag":[],"class_list":{"0":"post-12334","1":"product","2":"type-product","3":"status-publish","4":"has-post-thumbnail","6":"product_cat-collections","7":"product_cat-acheter-du-the-en-vrac-emballe","8":"product_cat-les-varietes-de-the","9":"product_cat-acheter-des-cadeaux-pour-amateurs-de-the","10":"product_cat-thes-et-infusions-biologiques-de-qualite","11":"product_cat-the-vert-biologique-ou-acheter","12":"product_cat-tous","13":"product_cat-tous-fr","14":"product_cat-tous-fr-2","16":"first","17":"instock","18":"shipping-taxable","19":"purchasable","20":"product-type-simple"},"yoast_head":"<!-- This site is optimized with the Yoast SEO Premium plugin v27.3 (Yoast SEO v27.4) - https:\/\/yoast.com\/product\/yoast-seo-premium-wordpress\/ -->\n<title>Th\u00e9 vert bio en \u00e9prouvette cadeau | Semper Tea<\/title>\n<meta name=\"description\" content=\"Pr\u00e9sentation exclusive du th\u00e9 vert en \u00e9prouvette. Garnitures de qualit\u00e9 sup\u00e9rieure. Th\u00e9 vert biologique \u00e0 offrir et \u00e0 s&#039;offrir.\" \/>\n<meta name=\"robots\" content=\"index, follow, max-snippet:-1, max-image-preview:large, max-video-preview:-1\" \/>\n<link rel=\"canonical\" href=\"https:\/\/www.sempertea.eu\/fr\/the-vert-bio-eprouvette-verre\/\" \/>\n<meta property=\"og:locale\" content=\"fr_FR\" \/>\n<meta property=\"og:type\" content=\"article\" \/>\n<meta property=\"og:title\" content=\"Th\u00e9 VERT bio en \u00e9prouvette en verre\" \/>\n<meta property=\"og:description\" content=\"Pr\u00e9sentation exclusive du th\u00e9 vert en \u00e9prouvette. Garnitures de qualit\u00e9 sup\u00e9rieure. Th\u00e9 vert biologique \u00e0 offrir et \u00e0 s&#039;offrir.\" \/>\n<meta property=\"og:url\" content=\"https:\/\/www.sempertea.eu\/fr\/the-vert-bio-eprouvette-verre\/\" \/>\n<meta property=\"og:site_name\" content=\"Semper Tea | Mayorista y fabricante de T\u00e9s e Infusiones para hoteles, restaurantes y bares\" \/>\n<meta property=\"article:modified_time\" content=\"2026-03-28T22:24:08+00:00\" \/>\n<meta property=\"og:image\" content=\"https:\/\/www.sempertea.eu\/wp-content\/uploads\/2021\/07\/comprar-tubo-de-ensayo-rellenos-de-te-verde-semper-tea.jpg\" \/>\n<meta name=\"twitter:card\" content=\"summary_large_image\" \/>\n<meta name=\"twitter:image\" content=\"https:\/\/www.sempertea.eu\/wp-content\/uploads\/2021\/07\/comprar-tubo-de-ensayo-rellenos-de-te-verde-semper-tea.jpg\" \/>\n<meta name=\"twitter:label1\" content=\"Dur\u00e9e de lecture estim\u00e9e\" \/>\n\t<meta name=\"twitter:data1\" content=\"1 minute\" \/>\n<script type=\"application\/ld+json\" class=\"yoast-schema-graph\">{\"@context\":\"https:\\\/\\\/schema.org\",\"@graph\":[{\"@type\":\"WebPage\",\"@id\":\"https:\\\/\\\/www.sempertea.eu\\\/fr\\\/the-vert-bio-eprouvette-verre\\\/\",\"url\":\"https:\\\/\\\/www.sempertea.eu\\\/fr\\\/the-vert-bio-eprouvette-verre\\\/\",\"name\":\"Th\u00e9 vert bio en \u00e9prouvette cadeau | Semper Tea\",\"isPartOf\":{\"@id\":\"https:\\\/\\\/www.sempertea.eu\\\/#website\"},\"primaryImageOfPage\":{\"@id\":\"https:\\\/\\\/www.sempertea.eu\\\/fr\\\/the-vert-bio-eprouvette-verre\\\/#primaryimage\"},\"image\":{\"@id\":\"https:\\\/\\\/www.sempertea.eu\\\/fr\\\/the-vert-bio-eprouvette-verre\\\/#primaryimage\"},\"thumbnailUrl\":\"https:\\\/\\\/www.sempertea.eu\\\/wp-content\\\/uploads\\\/2021\\\/07\\\/comprar-tubo-de-ensayo-rellenos-de-te-verde-semper-tea.jpg\",\"datePublished\":\"2024-11-14T20:00:34+00:00\",\"dateModified\":\"2026-03-28T22:24:08+00:00\",\"description\":\"Pr\u00e9sentation exclusive du th\u00e9 vert en \u00e9prouvette. Garnitures de qualit\u00e9 sup\u00e9rieure. Th\u00e9 vert biologique \u00e0 offrir et \u00e0 s'offrir.\",\"breadcrumb\":{\"@id\":\"https:\\\/\\\/www.sempertea.eu\\\/fr\\\/the-vert-bio-eprouvette-verre\\\/#breadcrumb\"},\"inLanguage\":\"fr-FR\",\"potentialAction\":[{\"@type\":\"ReadAction\",\"target\":[\"https:\\\/\\\/www.sempertea.eu\\\/fr\\\/the-vert-bio-eprouvette-verre\\\/\"]}]},{\"@type\":\"ImageObject\",\"inLanguage\":\"fr-FR\",\"@id\":\"https:\\\/\\\/www.sempertea.eu\\\/fr\\\/the-vert-bio-eprouvette-verre\\\/#primaryimage\",\"url\":\"https:\\\/\\\/www.sempertea.eu\\\/wp-content\\\/uploads\\\/2021\\\/07\\\/comprar-tubo-de-ensayo-rellenos-de-te-verde-semper-tea.jpg\",\"contentUrl\":\"https:\\\/\\\/www.sempertea.eu\\\/wp-content\\\/uploads\\\/2021\\\/07\\\/comprar-tubo-de-ensayo-rellenos-de-te-verde-semper-tea.jpg\",\"width\":1000,\"height\":1000,\"caption\":\"Presentamos un formato moderno y con estilo que llama la atenci\u00f3n. T\u00e9 verde org\u00e1nico en tubo de ensayo en cristal de alta calidad con tap\u00f3n de corcho. Capacidad para 6 hasta 8 dosis de t\u00e9.\"},{\"@type\":\"BreadcrumbList\",\"@id\":\"https:\\\/\\\/www.sempertea.eu\\\/fr\\\/the-vert-bio-eprouvette-verre\\\/#breadcrumb\",\"itemListElement\":[{\"@type\":\"ListItem\",\"position\":1,\"name\":\"Portada\",\"item\":\"https:\\\/\\\/www.sempertea.eu\\\/\"},{\"@type\":\"ListItem\",\"position\":2,\"name\":\"Tienda\",\"item\":\"https:\\\/\\\/www.sempertea.eu\\\/tienda\\\/\"},{\"@type\":\"ListItem\",\"position\":3,\"name\":\"Th\u00e9 VERT bio en \u00e9prouvette en verre\"}]},{\"@type\":\"WebSite\",\"@id\":\"https:\\\/\\\/www.sempertea.eu\\\/#website\",\"url\":\"https:\\\/\\\/www.sempertea.eu\\\/\",\"name\":\"Semper Tea | Mayorista y fabricante de T\u00e9s e Infusiones para hoteles, restaurantes y bares\",\"description\":\"T\u00e9s e infusiones para hosteler\u00eda, hoteler\u00eda y comercio\",\"potentialAction\":[{\"@type\":\"SearchAction\",\"target\":{\"@type\":\"EntryPoint\",\"urlTemplate\":\"https:\\\/\\\/www.sempertea.eu\\\/?s={search_term_string}\"},\"query-input\":{\"@type\":\"PropertyValueSpecification\",\"valueRequired\":true,\"valueName\":\"search_term_string\"}}],\"inLanguage\":\"fr-FR\"}]}<\/script>\n<!-- \/ Yoast SEO Premium plugin. -->","yoast_head_json":{"title":"Th\u00e9 vert bio en \u00e9prouvette cadeau | Semper Tea","description":"Pr\u00e9sentation exclusive du th\u00e9 vert en \u00e9prouvette. Garnitures de qualit\u00e9 sup\u00e9rieure. Th\u00e9 vert biologique \u00e0 offrir et \u00e0 s'offrir.","robots":{"index":"index","follow":"follow","max-snippet":"max-snippet:-1","max-image-preview":"max-image-preview:large","max-video-preview":"max-video-preview:-1"},"canonical":"https:\/\/www.sempertea.eu\/fr\/the-vert-bio-eprouvette-verre\/","og_locale":"fr_FR","og_type":"article","og_title":"Th\u00e9 VERT bio en \u00e9prouvette en verre","og_description":"Pr\u00e9sentation exclusive du th\u00e9 vert en \u00e9prouvette. Garnitures de qualit\u00e9 sup\u00e9rieure. Th\u00e9 vert biologique \u00e0 offrir et \u00e0 s'offrir.","og_url":"https:\/\/www.sempertea.eu\/fr\/the-vert-bio-eprouvette-verre\/","og_site_name":"Semper Tea | Mayorista y fabricante de T\u00e9s e Infusiones para hoteles, restaurantes y bares","article_modified_time":"2026-03-28T22:24:08+00:00","og_image":[{"url":"https:\/\/www.sempertea.eu\/wp-content\/uploads\/2021\/07\/comprar-tubo-de-ensayo-rellenos-de-te-verde-semper-tea.jpg","type":"","width":"","height":""}],"twitter_card":"summary_large_image","twitter_image":"https:\/\/www.sempertea.eu\/wp-content\/uploads\/2021\/07\/comprar-tubo-de-ensayo-rellenos-de-te-verde-semper-tea.jpg","twitter_misc":{"Dur\u00e9e de lecture estim\u00e9e":"1 minute"},"schema":{"@context":"https:\/\/schema.org","@graph":[{"@type":"WebPage","@id":"https:\/\/www.sempertea.eu\/fr\/the-vert-bio-eprouvette-verre\/","url":"https:\/\/www.sempertea.eu\/fr\/the-vert-bio-eprouvette-verre\/","name":"Th\u00e9 vert bio en \u00e9prouvette cadeau | Semper Tea","isPartOf":{"@id":"https:\/\/www.sempertea.eu\/#website"},"primaryImageOfPage":{"@id":"https:\/\/www.sempertea.eu\/fr\/the-vert-bio-eprouvette-verre\/#primaryimage"},"image":{"@id":"https:\/\/www.sempertea.eu\/fr\/the-vert-bio-eprouvette-verre\/#primaryimage"},"thumbnailUrl":"https:\/\/www.sempertea.eu\/wp-content\/uploads\/2021\/07\/comprar-tubo-de-ensayo-rellenos-de-te-verde-semper-tea.jpg","datePublished":"2024-11-14T20:00:34+00:00","dateModified":"2026-03-28T22:24:08+00:00","description":"Pr\u00e9sentation exclusive du th\u00e9 vert en \u00e9prouvette. Garnitures de qualit\u00e9 sup\u00e9rieure. Th\u00e9 vert biologique \u00e0 offrir et \u00e0 s'offrir.","breadcrumb":{"@id":"https:\/\/www.sempertea.eu\/fr\/the-vert-bio-eprouvette-verre\/#breadcrumb"},"inLanguage":"fr-FR","potentialAction":[{"@type":"ReadAction","target":["https:\/\/www.sempertea.eu\/fr\/the-vert-bio-eprouvette-verre\/"]}]},{"@type":"ImageObject","inLanguage":"fr-FR","@id":"https:\/\/www.sempertea.eu\/fr\/the-vert-bio-eprouvette-verre\/#primaryimage","url":"https:\/\/www.sempertea.eu\/wp-content\/uploads\/2021\/07\/comprar-tubo-de-ensayo-rellenos-de-te-verde-semper-tea.jpg","contentUrl":"https:\/\/www.sempertea.eu\/wp-content\/uploads\/2021\/07\/comprar-tubo-de-ensayo-rellenos-de-te-verde-semper-tea.jpg","width":1000,"height":1000,"caption":"Presentamos un formato moderno y con estilo que llama la atenci\u00f3n. T\u00e9 verde org\u00e1nico en tubo de ensayo en cristal de alta calidad con tap\u00f3n de corcho. Capacidad para 6 hasta 8 dosis de t\u00e9."},{"@type":"BreadcrumbList","@id":"https:\/\/www.sempertea.eu\/fr\/the-vert-bio-eprouvette-verre\/#breadcrumb","itemListElement":[{"@type":"ListItem","position":1,"name":"Portada","item":"https:\/\/www.sempertea.eu\/"},{"@type":"ListItem","position":2,"name":"Tienda","item":"https:\/\/www.sempertea.eu\/tienda\/"},{"@type":"ListItem","position":3,"name":"Th\u00e9 VERT bio en \u00e9prouvette en verre"}]},{"@type":"WebSite","@id":"https:\/\/www.sempertea.eu\/#website","url":"https:\/\/www.sempertea.eu\/","name":"Semper Tea | Mayorista y fabricante de T\u00e9s e Infusiones para hoteles, restaurantes y bares","description":"T\u00e9s e infusiones para hosteler\u00eda, hoteler\u00eda y comercio","potentialAction":[{"@type":"SearchAction","target":{"@type":"EntryPoint","urlTemplate":"https:\/\/www.sempertea.eu\/?s={search_term_string}"},"query-input":{"@type":"PropertyValueSpecification","valueRequired":true,"valueName":"search_term_string"}}],"inLanguage":"fr-FR"}]}},"_links":{"self":[{"href":"https:\/\/www.sempertea.eu\/fr\/wp-json\/wp\/v2\/product\/12334","targetHints":{"allow":["GET"]}}],"collection":[{"href":"https:\/\/www.sempertea.eu\/fr\/wp-json\/wp\/v2\/product"}],"about":[{"href":"https:\/\/www.sempertea.eu\/fr\/wp-json\/wp\/v2\/types\/product"}],"replies":[{"embeddable":true,"href":"https:\/\/www.sempertea.eu\/fr\/wp-json\/wp\/v2\/comments?post=12334"}],"wp:featuredmedia":[{"embeddable":true,"href":"https:\/\/www.sempertea.eu\/fr\/wp-json\/wp\/v2\/media\/12335"}],"wp:attachment":[{"href":"https:\/\/www.sempertea.eu\/fr\/wp-json\/wp\/v2\/media?parent=12334"}],"wp:term":[{"taxonomy":"product_brand","embeddable":true,"href":"https:\/\/www.sempertea.eu\/fr\/wp-json\/wp\/v2\/product_brand?post=12334"},{"taxonomy":"product_cat","embeddable":true,"href":"https:\/\/www.sempertea.eu\/fr\/wp-json\/wp\/v2\/product_cat?post=12334"},{"taxonomy":"product_tag","embeddable":true,"href":"https:\/\/www.sempertea.eu\/fr\/wp-json\/wp\/v2\/product_tag?post=12334"}],"curies":[{"name":"wp","href":"https:\/\/api.w.org\/{rel}","templated":true}]}}