{"id":12329,"date":"2021-08-06T10:31:45","date_gmt":"2021-08-06T09:31:45","guid":{"rendered":"https:\/\/www.sempertea.eu\/gingembre-vert-citron-the-bio-i-tube-a-essai\/"},"modified":"2024-11-14T20:44:28","modified_gmt":"2024-11-14T19:44:28","slug":"gingembre-vert-citron-the-bio-i-tube-a-essai","status":"publish","type":"product","link":"https:\/\/www.sempertea.eu\/fr\/gingembre-vert-citron-the-bio-i-tube-a-essai\/","title":{"rendered":"GINGEMBRE VERT CITRON th\u00e9 bio I Tube \u00e0 essai"},"content":{"rendered":"<h2>Premium ECO Teas : Th\u00e9 vert classique au gingembre et au citron<\/h2>\n<p>Bienvenue sur notre site web ! D\u00e9couvrez une s\u00e9lection vari\u00e9e de<strong> th\u00e9s biologiques de qualit\u00e9 sup\u00e9rieure<\/strong>, dont le th\u00e9 vert classique agr\u00e9ment\u00e9 de gingembre revigorant et de citron piquant. Plongez dans notre vari\u00e9t\u00e9 soigneusement s\u00e9lectionn\u00e9e, con\u00e7ue pour r\u00e9pondre \u00e0 vos go\u00fbts et am\u00e9liorer votre style de vie. Savourez chaque gorg\u00e9e de notre m\u00e9lange naturel, qui revitalise vos sens.   <\/p>\n<h3>Des th\u00e9s biologiques de qualit\u00e9 sup\u00e9rieure dans des \u00e9prouvettes pour des cadeaux inoubliables<\/h3>\n<p>D\u00e9couvrez nos th\u00e9s biologiques de qualit\u00e9 dans des \u00e9prouvettes, id\u00e9ales comme cadeau pour les amateurs de th\u00e9 ou pour initier les esprits curieux au<strong> monde du th\u00e9<\/strong>. C&rsquo;est un cadeau id\u00e9al pour les mariages, les communions ou les bapt\u00eames. Surprenez vos invit\u00e9s avec cette pr\u00e9sentation \u00e9tonnante, moderne et unique.  <\/p>\n<h4><strong>La tasse parfaite : conseils pour pr\u00e9parer un th\u00e9 vert sans amertume<\/strong><\/h4>\n<p>Lorsque vous pr\u00e9parez du <a href=\"https:\/\/www.sempertea.eu\/comprar-tubo-de-ensayo-rellenos-de-te-verde\/\">th\u00e9 vert<\/a>, \u00e9vitez l&rsquo;amertume en respectant le temps et la temp\u00e9rature d&rsquo;infusion recommand\u00e9s. Laissez l&rsquo;eau refroidir l\u00e9g\u00e8rement (<strong>environ 80-85\u00b0C<\/strong>) avant de l&rsquo;ajouter aux feuilles de th\u00e9. Laissez infuser ce type de th\u00e9 vert pendant trois \u00e0 quatre minutes. Faites-nous confiance pour prendre soin de vous et de notre plan\u00e8te &#8211; achetez maintenant et revitalisez votre journ\u00e9e avec notre th\u00e9 biologique au citron et au gingembre !    <\/p>\n","protected":false},"excerpt":{"rendered":"<p><strong>D\u00e9licat, rafra\u00eechissant et aromatique<\/strong><\/p>\n<p>Le gingembre apporte une l\u00e9g\u00e8re touche \u00e9pic\u00e9e et le citron rafra\u00eechit le go\u00fbt de ce th\u00e9 vert d\u00e9licieux et d\u00e9licat. Une tasse pleine d&rsquo;ar\u00f4mes, de fra\u00eecheur et de d\u00e9licatesse &#8211; attention, vous allez devenir accro ! Pr\u00e9sent\u00e9 dans un gobelet doseur en verre d&rsquo;une capacit\u00e9 de 6 \u00e0 8 doses de th\u00e9. Un beau cadeau original pour des invit\u00e9s ou des clients.    <\/p>\n","protected":false},"featured_media":12330,"comment_status":"open","ping_status":"closed","template":"","meta":[],"product_brand":[],"product_cat":[309,270,298,314,283,287,312,310,311],"product_tag":[],"class_list":{"0":"post-12329","1":"product","2":"type-product","3":"status-publish","4":"has-post-thumbnail","6":"product_cat-collections","7":"product_cat-acheter-du-the-en-vrac-emballe","8":"product_cat-les-varietes-de-the","9":"product_cat-acheter-des-cadeaux-pour-amateurs-de-the","10":"product_cat-thes-et-infusions-biologiques-de-qualite","11":"product_cat-the-vert-biologique-ou-acheter","12":"product_cat-tous-fr-2","13":"product_cat-tous","14":"product_cat-tous-fr","16":"first","17":"instock","18":"shipping-taxable","19":"purchasable","20":"product-type-simple"},"yoast_head":"<!-- This site is optimized with the Yoast SEO Premium plugin v27.3 (Yoast SEO v27.4) - https:\/\/yoast.com\/product\/yoast-seo-premium-wordpress\/ -->\n<title>Acheter TH\u00c9 VERT avec GINGEMBRE et CITRON bio | Livraison Rapide<\/title>\n<meta name=\"description\" content=\"Essayez notre th\u00e9 vert au gingembre et au citron. Semper Tea, magasin de th\u00e9 et d&#039;infusions en ligne, nous effectuons des livraisons rapides directement \u00e0 votre domicile.\" \/>\n<meta name=\"robots\" content=\"index, follow, max-snippet:-1, max-image-preview:large, max-video-preview:-1\" \/>\n<link rel=\"canonical\" href=\"https:\/\/www.sempertea.eu\/fr\/gingembre-vert-citron-the-bio-i-tube-a-essai\/\" \/>\n<meta property=\"og:locale\" content=\"fr_FR\" \/>\n<meta property=\"og:type\" content=\"article\" \/>\n<meta property=\"og:title\" content=\"GINGEMBRE VERT CITRON th\u00e9 bio I Tube \u00e0 essai\" \/>\n<meta property=\"og:description\" content=\"Essayez notre th\u00e9 vert au gingembre et au citron. Semper Tea, magasin de th\u00e9 et d&#039;infusions en ligne, nous effectuons des livraisons rapides directement \u00e0 votre domicile.\" \/>\n<meta property=\"og:url\" content=\"https:\/\/www.sempertea.eu\/fr\/gingembre-vert-citron-the-bio-i-tube-a-essai\/\" \/>\n<meta property=\"og:site_name\" content=\"Semper Tea | Mayorista y fabricante de T\u00e9s e Infusiones para hoteles, restaurantes y bares\" \/>\n<meta property=\"article:modified_time\" content=\"2024-11-14T19:44:28+00:00\" \/>\n<meta property=\"og:image\" content=\"https:\/\/www.sempertea.eu\/wp-content\/uploads\/2021\/08\/comprar-te-verde-con-jengibre-y-limon-organico-entrega-rapida-semper-tea.jpg\" \/>\n<meta name=\"twitter:card\" content=\"summary_large_image\" \/>\n<meta name=\"twitter:image\" content=\"https:\/\/www.sempertea.eu\/wp-content\/uploads\/2021\/08\/comprar-te-verde-con-jengibre-y-limon-organico-entrega-rapida-semper-tea.jpg\" \/>\n<meta name=\"twitter:label1\" content=\"Dur\u00e9e de lecture estim\u00e9e\" \/>\n\t<meta name=\"twitter:data1\" content=\"1 minute\" \/>\n<script type=\"application\/ld+json\" class=\"yoast-schema-graph\">{\"@context\":\"https:\\\/\\\/schema.org\",\"@graph\":[{\"@type\":\"WebPage\",\"@id\":\"https:\\\/\\\/www.sempertea.eu\\\/fr\\\/gingembre-vert-citron-the-bio-i-tube-a-essai\\\/\",\"url\":\"https:\\\/\\\/www.sempertea.eu\\\/fr\\\/gingembre-vert-citron-the-bio-i-tube-a-essai\\\/\",\"name\":\"Acheter TH\u00c9 VERT avec GINGEMBRE et CITRON bio | Livraison Rapide\",\"isPartOf\":{\"@id\":\"https:\\\/\\\/www.sempertea.eu\\\/#website\"},\"primaryImageOfPage\":{\"@id\":\"https:\\\/\\\/www.sempertea.eu\\\/fr\\\/gingembre-vert-citron-the-bio-i-tube-a-essai\\\/#primaryimage\"},\"image\":{\"@id\":\"https:\\\/\\\/www.sempertea.eu\\\/fr\\\/gingembre-vert-citron-the-bio-i-tube-a-essai\\\/#primaryimage\"},\"thumbnailUrl\":\"https:\\\/\\\/www.sempertea.eu\\\/wp-content\\\/uploads\\\/2021\\\/08\\\/comprar-te-verde-con-jengibre-y-limon-organico-entrega-rapida-semper-tea.jpg\",\"datePublished\":\"2021-08-06T09:31:45+00:00\",\"dateModified\":\"2024-11-14T19:44:28+00:00\",\"description\":\"Essayez notre th\u00e9 vert au gingembre et au citron. Semper Tea, magasin de th\u00e9 et d'infusions en ligne, nous effectuons des livraisons rapides directement \u00e0 votre domicile.\",\"breadcrumb\":{\"@id\":\"https:\\\/\\\/www.sempertea.eu\\\/fr\\\/gingembre-vert-citron-the-bio-i-tube-a-essai\\\/#breadcrumb\"},\"inLanguage\":\"fr-FR\",\"potentialAction\":[{\"@type\":\"ReadAction\",\"target\":[\"https:\\\/\\\/www.sempertea.eu\\\/fr\\\/gingembre-vert-citron-the-bio-i-tube-a-essai\\\/\"]}]},{\"@type\":\"ImageObject\",\"inLanguage\":\"fr-FR\",\"@id\":\"https:\\\/\\\/www.sempertea.eu\\\/fr\\\/gingembre-vert-citron-the-bio-i-tube-a-essai\\\/#primaryimage\",\"url\":\"https:\\\/\\\/www.sempertea.eu\\\/wp-content\\\/uploads\\\/2021\\\/08\\\/comprar-te-verde-con-jengibre-y-limon-organico-entrega-rapida-semper-tea.jpg\",\"contentUrl\":\"https:\\\/\\\/www.sempertea.eu\\\/wp-content\\\/uploads\\\/2021\\\/08\\\/comprar-te-verde-con-jengibre-y-limon-organico-entrega-rapida-semper-tea.jpg\",\"width\":1000,\"height\":1000,\"caption\":\"Comprar TE VERDE con JENGIBRE y LIMoN organico | Entrega Rapida\"},{\"@type\":\"BreadcrumbList\",\"@id\":\"https:\\\/\\\/www.sempertea.eu\\\/fr\\\/gingembre-vert-citron-the-bio-i-tube-a-essai\\\/#breadcrumb\",\"itemListElement\":[{\"@type\":\"ListItem\",\"position\":1,\"name\":\"Portada\",\"item\":\"https:\\\/\\\/www.sempertea.eu\\\/\"},{\"@type\":\"ListItem\",\"position\":2,\"name\":\"Tienda\",\"item\":\"https:\\\/\\\/www.sempertea.eu\\\/tienda\\\/\"},{\"@type\":\"ListItem\",\"position\":3,\"name\":\"GINGEMBRE VERT CITRON th\u00e9 bio I Tube \u00e0 essai\"}]},{\"@type\":\"WebSite\",\"@id\":\"https:\\\/\\\/www.sempertea.eu\\\/#website\",\"url\":\"https:\\\/\\\/www.sempertea.eu\\\/\",\"name\":\"Semper Tea | Mayorista y fabricante de T\u00e9s e Infusiones para hoteles, restaurantes y bares\",\"description\":\"T\u00e9s e infusiones para hosteler\u00eda, hoteler\u00eda y comercio\",\"potentialAction\":[{\"@type\":\"SearchAction\",\"target\":{\"@type\":\"EntryPoint\",\"urlTemplate\":\"https:\\\/\\\/www.sempertea.eu\\\/?s={search_term_string}\"},\"query-input\":{\"@type\":\"PropertyValueSpecification\",\"valueRequired\":true,\"valueName\":\"search_term_string\"}}],\"inLanguage\":\"fr-FR\"}]}<\/script>\n<!-- \/ Yoast SEO Premium plugin. -->","yoast_head_json":{"title":"Acheter TH\u00c9 VERT avec GINGEMBRE et CITRON bio | Livraison Rapide","description":"Essayez notre th\u00e9 vert au gingembre et au citron. Semper Tea, magasin de th\u00e9 et d'infusions en ligne, nous effectuons des livraisons rapides directement \u00e0 votre domicile.","robots":{"index":"index","follow":"follow","max-snippet":"max-snippet:-1","max-image-preview":"max-image-preview:large","max-video-preview":"max-video-preview:-1"},"canonical":"https:\/\/www.sempertea.eu\/fr\/gingembre-vert-citron-the-bio-i-tube-a-essai\/","og_locale":"fr_FR","og_type":"article","og_title":"GINGEMBRE VERT CITRON th\u00e9 bio I Tube \u00e0 essai","og_description":"Essayez notre th\u00e9 vert au gingembre et au citron. Semper Tea, magasin de th\u00e9 et d'infusions en ligne, nous effectuons des livraisons rapides directement \u00e0 votre domicile.","og_url":"https:\/\/www.sempertea.eu\/fr\/gingembre-vert-citron-the-bio-i-tube-a-essai\/","og_site_name":"Semper Tea | Mayorista y fabricante de T\u00e9s e Infusiones para hoteles, restaurantes y bares","article_modified_time":"2024-11-14T19:44:28+00:00","og_image":[{"url":"https:\/\/www.sempertea.eu\/wp-content\/uploads\/2021\/08\/comprar-te-verde-con-jengibre-y-limon-organico-entrega-rapida-semper-tea.jpg","type":"","width":"","height":""}],"twitter_card":"summary_large_image","twitter_image":"https:\/\/www.sempertea.eu\/wp-content\/uploads\/2021\/08\/comprar-te-verde-con-jengibre-y-limon-organico-entrega-rapida-semper-tea.jpg","twitter_misc":{"Dur\u00e9e de lecture estim\u00e9e":"1 minute"},"schema":{"@context":"https:\/\/schema.org","@graph":[{"@type":"WebPage","@id":"https:\/\/www.sempertea.eu\/fr\/gingembre-vert-citron-the-bio-i-tube-a-essai\/","url":"https:\/\/www.sempertea.eu\/fr\/gingembre-vert-citron-the-bio-i-tube-a-essai\/","name":"Acheter TH\u00c9 VERT avec GINGEMBRE et CITRON bio | Livraison Rapide","isPartOf":{"@id":"https:\/\/www.sempertea.eu\/#website"},"primaryImageOfPage":{"@id":"https:\/\/www.sempertea.eu\/fr\/gingembre-vert-citron-the-bio-i-tube-a-essai\/#primaryimage"},"image":{"@id":"https:\/\/www.sempertea.eu\/fr\/gingembre-vert-citron-the-bio-i-tube-a-essai\/#primaryimage"},"thumbnailUrl":"https:\/\/www.sempertea.eu\/wp-content\/uploads\/2021\/08\/comprar-te-verde-con-jengibre-y-limon-organico-entrega-rapida-semper-tea.jpg","datePublished":"2021-08-06T09:31:45+00:00","dateModified":"2024-11-14T19:44:28+00:00","description":"Essayez notre th\u00e9 vert au gingembre et au citron. Semper Tea, magasin de th\u00e9 et d'infusions en ligne, nous effectuons des livraisons rapides directement \u00e0 votre domicile.","breadcrumb":{"@id":"https:\/\/www.sempertea.eu\/fr\/gingembre-vert-citron-the-bio-i-tube-a-essai\/#breadcrumb"},"inLanguage":"fr-FR","potentialAction":[{"@type":"ReadAction","target":["https:\/\/www.sempertea.eu\/fr\/gingembre-vert-citron-the-bio-i-tube-a-essai\/"]}]},{"@type":"ImageObject","inLanguage":"fr-FR","@id":"https:\/\/www.sempertea.eu\/fr\/gingembre-vert-citron-the-bio-i-tube-a-essai\/#primaryimage","url":"https:\/\/www.sempertea.eu\/wp-content\/uploads\/2021\/08\/comprar-te-verde-con-jengibre-y-limon-organico-entrega-rapida-semper-tea.jpg","contentUrl":"https:\/\/www.sempertea.eu\/wp-content\/uploads\/2021\/08\/comprar-te-verde-con-jengibre-y-limon-organico-entrega-rapida-semper-tea.jpg","width":1000,"height":1000,"caption":"Comprar TE VERDE con JENGIBRE y LIMoN organico | Entrega Rapida"},{"@type":"BreadcrumbList","@id":"https:\/\/www.sempertea.eu\/fr\/gingembre-vert-citron-the-bio-i-tube-a-essai\/#breadcrumb","itemListElement":[{"@type":"ListItem","position":1,"name":"Portada","item":"https:\/\/www.sempertea.eu\/"},{"@type":"ListItem","position":2,"name":"Tienda","item":"https:\/\/www.sempertea.eu\/tienda\/"},{"@type":"ListItem","position":3,"name":"GINGEMBRE VERT CITRON th\u00e9 bio I Tube \u00e0 essai"}]},{"@type":"WebSite","@id":"https:\/\/www.sempertea.eu\/#website","url":"https:\/\/www.sempertea.eu\/","name":"Semper Tea | Mayorista y fabricante de T\u00e9s e Infusiones para hoteles, restaurantes y bares","description":"T\u00e9s e infusiones para hosteler\u00eda, hoteler\u00eda y comercio","potentialAction":[{"@type":"SearchAction","target":{"@type":"EntryPoint","urlTemplate":"https:\/\/www.sempertea.eu\/?s={search_term_string}"},"query-input":{"@type":"PropertyValueSpecification","valueRequired":true,"valueName":"search_term_string"}}],"inLanguage":"fr-FR"}]}},"_links":{"self":[{"href":"https:\/\/www.sempertea.eu\/fr\/wp-json\/wp\/v2\/product\/12329","targetHints":{"allow":["GET"]}}],"collection":[{"href":"https:\/\/www.sempertea.eu\/fr\/wp-json\/wp\/v2\/product"}],"about":[{"href":"https:\/\/www.sempertea.eu\/fr\/wp-json\/wp\/v2\/types\/product"}],"replies":[{"embeddable":true,"href":"https:\/\/www.sempertea.eu\/fr\/wp-json\/wp\/v2\/comments?post=12329"}],"wp:featuredmedia":[{"embeddable":true,"href":"https:\/\/www.sempertea.eu\/fr\/wp-json\/wp\/v2\/media\/12330"}],"wp:attachment":[{"href":"https:\/\/www.sempertea.eu\/fr\/wp-json\/wp\/v2\/media?parent=12329"}],"wp:term":[{"taxonomy":"product_brand","embeddable":true,"href":"https:\/\/www.sempertea.eu\/fr\/wp-json\/wp\/v2\/product_brand?post=12329"},{"taxonomy":"product_cat","embeddable":true,"href":"https:\/\/www.sempertea.eu\/fr\/wp-json\/wp\/v2\/product_cat?post=12329"},{"taxonomy":"product_tag","embeddable":true,"href":"https:\/\/www.sempertea.eu\/fr\/wp-json\/wp\/v2\/product_tag?post=12329"}],"curies":[{"name":"wp","href":"https:\/\/api.w.org\/{rel}","templated":true}]}}