{"id":12322,"date":"2021-08-07T18:05:26","date_gmt":"2024-11-13T19:35:46","guid":{"rendered":"https:\/\/www.sempertea.eu\/assortiment-de-thes-biologiques-dans-un-tube-en-verre-dans-un-presentoir-en-bois\/"},"modified":"2024-11-13T20:35:46","modified_gmt":"2024-11-13T19:35:46","slug":"assortiment-de-thes-biologiques-dans-un-tube-en-verre-dans-un-presentoir-en-bois","status":"publish","type":"product","link":"https:\/\/www.sempertea.eu\/fr\/assortiment-de-thes-biologiques-dans-un-tube-en-verre-dans-un-presentoir-en-bois\/","title":{"rendered":"ASSORTIMENT de th\u00e9s biologiques dans un tube en verre | Dans un pr\u00e9sentoir en bois"},"content":{"rendered":"<h2>Pr\u00e9sentation attrayante de th\u00e9s assortis dans des flacons<\/h2>\n<p>Pr\u00e9sentoir de th\u00e9s dans un tube en verre. Une fa\u00e7on originale de d\u00e9guster 6 vari\u00e9t\u00e9s de th\u00e9s biologiques de la marque Semper Tea. Le pr\u00e9sentoir comprend 24 \u00e9prouvettes contenant chacune 10-14gr de th\u00e9. De quoi pr\u00e9parer 5 \u00e0 6 tasses de chaque th\u00e9. Des<strong> th\u00e9s purs<\/strong> et stimulants, pleins de qualit\u00e9, d&rsquo;ar\u00f4me et de saveur : ENGLISH BREAKFAST TEA. Intense, robuste et cors\u00e9. Le th\u00e9 noir English Breakfast en espagnol est destin\u00e9 aux amateurs de th\u00e9 <strong>anglais classique<\/strong>. TH\u00c9 VERT. D\u00e9licat et aromatique. Un th\u00e9 pur et puissant avec un aspect brillant et un ton vert doux. Stimulant et riche en antioxydants. TH\u00c9 VERT AU GINGEMBRE ET AU CITRON. Appr\u00e9ciez le go\u00fbt d&rsquo;un th\u00e9 relaxant. Essayez notre<strong> th\u00e9 vert au gingembre et au citron<\/strong>. Une tasse pleine d&rsquo;ar\u00f4me, de fra\u00eecheur et de d\u00e9licatesse, qui vous rendra accro ! PASSION FRUIT. Une infusion profond\u00e9ment fruit\u00e9e et rafra\u00eechissante d\u00e9licieusement m\u00e9lang\u00e9e \u00e0 des ingr\u00e9dients naturels et biologiques : hibiscus, cynorrhodon, morceaux de pomme et fraise. Naturellement sans caf\u00e9ine et pleine de vitamines et de substances b\u00e9n\u00e9fiques pour la sant\u00e9.   <\/p>\n<p>REGALIZ MINT APPLE Une douce tasse de th\u00e9 sans caf\u00e9ine. La tisane <strong>R\u00e9glisse &amp; Menthe<\/strong> offre une d\u00e9licieuse combinaison de menthe rafra\u00eechissante et de r\u00e9glisse aromatique, qui convient \u00e0 tout moment de la journ\u00e9e.  <\/p>\n<p>ROOIBOS. Une boisson d\u00e9licieuse, au go\u00fbt unique, doux et l\u00e9g\u00e8rement noiset\u00e9. Pure et non m\u00e9lang\u00e9e, cors\u00e9e, avec une touche sucr\u00e9e et une couleur rouge-brun profonde. <\/p>\n<h3>Gamme de th\u00e9s biologiques dans un pr\u00e9sentoir en bois &#8211; Packs de commodit\u00e9s<\/h3>\n<p>Les th\u00e9s biologiques en tube de verre sont sans aucun doute le cadeau id\u00e9al pour les amateurs de th\u00e9. Ou pour ceux qui veulent s&rsquo;initier \u00e0 ce monde passionnant. Mais aussi, si vous cherchez un cadeau original pour votre mariage, votre communion ou votre bapt\u00eame, les \u00e9prouvettes remplies de th\u00e9 de Semper Tea raviront vos invit\u00e9s. Surprenez-les avec cette pr\u00e9sentation frappante, moderne et originale !   <\/p>\n<p><a href=\"https:\/\/www.sempertea.eu\/surtido-de-te-regalo\/\">Coffret de th\u00e9s assortis (3 vari\u00e9t\u00e9s en flacons)<\/a><\/p>\n","protected":false},"excerpt":{"rendered":"<div class=\"product-short-description\">Les \u00e9prouvettes remplies de th\u00e9 sont une fa\u00e7on originale de d\u00e9guster 6 vari\u00e9t\u00e9s de th\u00e9s biologiques. Le pr\u00e9sentoir comprend 24 unit\u00e9s d&rsquo;\u00e9prouvettes remplies de th\u00e9 chacune. Si vous cherchez un cadeau original pour les amateurs de th\u00e9, pour votre mariage, votre communion ou votre bapt\u00eame, ces th\u00e9s en \u00e9prouvettes feront le bonheur de vos invit\u00e9s.  <\/div>\n<div><\/div>\n<div><\/div>\n<div><\/div>\n<div><\/div>\n","protected":false},"featured_media":16023,"comment_status":"open","ping_status":"closed","template":"","meta":[],"product_brand":[],"product_cat":[365,313,309,270,367,366,314,283,310,311,312],"product_tag":[],"class_list":{"0":"post-12322","1":"product","2":"type-product","3":"status-publish","4":"has-post-thumbnail","6":"product_cat-amoureux-du-the-tea-lover","7":"product_cat-cadeaux","8":"product_cat-collections","9":"product_cat-acheter-du-the-en-vrac-emballe","10":"product_cat-details-de-lanniversaire","11":"product_cat-offrir-a-noel","12":"product_cat-acheter-des-cadeaux-pour-amateurs-de-the","13":"product_cat-thes-et-infusions-biologiques-de-qualite","14":"product_cat-tous","15":"product_cat-tous-fr","16":"product_cat-tous-fr-2","18":"first","19":"instock","20":"shipping-taxable","21":"purchasable","22":"product-type-simple"},"yoast_head":"<!-- This site is optimized with the Yoast SEO Premium plugin v27.3 (Yoast SEO v27.4) - https:\/\/yoast.com\/product\/yoast-seo-premium-wordpress\/ -->\n<title>Assortiment d&#039;\u00e9prouvettes remplies de th\u00e9 | EXPOSANT DE TH\u00c9<\/title>\n<meta name=\"description\" content=\"Des \u00e9prouvettes remplies de th\u00e9 pour d\u00e9guster de mani\u00e8re originale 6 th\u00e9s biologiques. Un assortiment original pour les amateurs de th\u00e9.\" \/>\n<meta name=\"robots\" content=\"index, follow, max-snippet:-1, max-image-preview:large, max-video-preview:-1\" \/>\n<link rel=\"canonical\" href=\"https:\/\/www.sempertea.eu\/fr\/assortiment-de-thes-biologiques-dans-un-tube-en-verre-dans-un-presentoir-en-bois\/\" \/>\n<meta property=\"og:locale\" content=\"fr_FR\" \/>\n<meta property=\"og:type\" content=\"article\" \/>\n<meta property=\"og:title\" content=\"ASSORTIMENT de th\u00e9s biologiques dans un tube en verre | Dans un pr\u00e9sentoir en bois\" \/>\n<meta property=\"og:description\" content=\"Des \u00e9prouvettes remplies de th\u00e9 pour d\u00e9guster de mani\u00e8re originale 6 th\u00e9s biologiques. Un assortiment original pour les amateurs de th\u00e9.\" \/>\n<meta property=\"og:url\" content=\"https:\/\/www.sempertea.eu\/fr\/assortiment-de-thes-biologiques-dans-un-tube-en-verre-dans-un-presentoir-en-bois\/\" \/>\n<meta property=\"og:site_name\" content=\"Semper Tea | Mayorista y fabricante de T\u00e9s e Infusiones para hoteles, restaurantes y bares\" \/>\n<meta property=\"og:image\" content=\"https:\/\/www.sempertea.eu\/wp-content\/uploads\/2021\/08\/tes-infusiones-en-tubo-de-cristal-display-semper-tea.jpg\" \/>\n<meta name=\"twitter:card\" content=\"summary_large_image\" \/>\n<meta name=\"twitter:image\" content=\"https:\/\/www.sempertea.eu\/wp-content\/uploads\/2021\/08\/tes-infusiones-en-tubo-de-cristal-display-semper-tea.jpg\" \/>\n<meta name=\"twitter:label1\" content=\"Dur\u00e9e de lecture estim\u00e9e\" \/>\n\t<meta name=\"twitter:data1\" content=\"2 minutes\" \/>\n<script type=\"application\/ld+json\" class=\"yoast-schema-graph\">{\"@context\":\"https:\\\/\\\/schema.org\",\"@graph\":[{\"@type\":\"WebPage\",\"@id\":\"https:\\\/\\\/www.sempertea.eu\\\/fr\\\/assortiment-de-thes-biologiques-dans-un-tube-en-verre-dans-un-presentoir-en-bois\\\/\",\"url\":\"https:\\\/\\\/www.sempertea.eu\\\/fr\\\/assortiment-de-thes-biologiques-dans-un-tube-en-verre-dans-un-presentoir-en-bois\\\/\",\"name\":\"Assortiment d'\u00e9prouvettes remplies de th\u00e9 | EXPOSANT DE TH\u00c9\",\"isPartOf\":{\"@id\":\"https:\\\/\\\/www.sempertea.eu\\\/#website\"},\"primaryImageOfPage\":{\"@id\":\"https:\\\/\\\/www.sempertea.eu\\\/fr\\\/assortiment-de-thes-biologiques-dans-un-tube-en-verre-dans-un-presentoir-en-bois\\\/#primaryimage\"},\"image\":{\"@id\":\"https:\\\/\\\/www.sempertea.eu\\\/fr\\\/assortiment-de-thes-biologiques-dans-un-tube-en-verre-dans-un-presentoir-en-bois\\\/#primaryimage\"},\"thumbnailUrl\":\"https:\\\/\\\/www.sempertea.eu\\\/wp-content\\\/uploads\\\/2021\\\/08\\\/caja-muestras-te-regalo-original-expositor-semper-tea.jpg\",\"datePublished\":\"2024-11-13T19:35:46+00:00\",\"description\":\"Des \u00e9prouvettes remplies de th\u00e9 pour d\u00e9guster de mani\u00e8re originale 6 th\u00e9s biologiques. Un assortiment original pour les amateurs de th\u00e9.\",\"breadcrumb\":{\"@id\":\"https:\\\/\\\/www.sempertea.eu\\\/fr\\\/assortiment-de-thes-biologiques-dans-un-tube-en-verre-dans-un-presentoir-en-bois\\\/#breadcrumb\"},\"inLanguage\":\"fr-FR\",\"potentialAction\":[{\"@type\":\"ReadAction\",\"target\":[\"https:\\\/\\\/www.sempertea.eu\\\/fr\\\/assortiment-de-thes-biologiques-dans-un-tube-en-verre-dans-un-presentoir-en-bois\\\/\"]}]},{\"@type\":\"ImageObject\",\"inLanguage\":\"fr-FR\",\"@id\":\"https:\\\/\\\/www.sempertea.eu\\\/fr\\\/assortiment-de-thes-biologiques-dans-un-tube-en-verre-dans-un-presentoir-en-bois\\\/#primaryimage\",\"url\":\"https:\\\/\\\/www.sempertea.eu\\\/wp-content\\\/uploads\\\/2021\\\/08\\\/caja-muestras-te-regalo-original-expositor-semper-tea.jpg\",\"contentUrl\":\"https:\\\/\\\/www.sempertea.eu\\\/wp-content\\\/uploads\\\/2021\\\/08\\\/caja-muestras-te-regalo-original-expositor-semper-tea.jpg\",\"width\":1000,\"height\":1000,\"caption\":\"caja muestras te regalo original expositor semper tea\"},{\"@type\":\"BreadcrumbList\",\"@id\":\"https:\\\/\\\/www.sempertea.eu\\\/fr\\\/assortiment-de-thes-biologiques-dans-un-tube-en-verre-dans-un-presentoir-en-bois\\\/#breadcrumb\",\"itemListElement\":[{\"@type\":\"ListItem\",\"position\":1,\"name\":\"Portada\",\"item\":\"https:\\\/\\\/www.sempertea.eu\\\/\"},{\"@type\":\"ListItem\",\"position\":2,\"name\":\"Tienda\",\"item\":\"https:\\\/\\\/www.sempertea.eu\\\/tienda\\\/\"},{\"@type\":\"ListItem\",\"position\":3,\"name\":\"ASSORTIMENT de th\u00e9s biologiques dans un tube en verre | Dans un pr\u00e9sentoir en bois\"}]},{\"@type\":\"WebSite\",\"@id\":\"https:\\\/\\\/www.sempertea.eu\\\/#website\",\"url\":\"https:\\\/\\\/www.sempertea.eu\\\/\",\"name\":\"Semper Tea | Mayorista y fabricante de T\u00e9s e Infusiones para hoteles, restaurantes y bares\",\"description\":\"T\u00e9s e infusiones para hosteler\u00eda, hoteler\u00eda y comercio\",\"potentialAction\":[{\"@type\":\"SearchAction\",\"target\":{\"@type\":\"EntryPoint\",\"urlTemplate\":\"https:\\\/\\\/www.sempertea.eu\\\/?s={search_term_string}\"},\"query-input\":{\"@type\":\"PropertyValueSpecification\",\"valueRequired\":true,\"valueName\":\"search_term_string\"}}],\"inLanguage\":\"fr-FR\"}]}<\/script>\n<!-- \/ Yoast SEO Premium plugin. -->","yoast_head_json":{"title":"Assortiment d'\u00e9prouvettes remplies de th\u00e9 | EXPOSANT DE TH\u00c9","description":"Des \u00e9prouvettes remplies de th\u00e9 pour d\u00e9guster de mani\u00e8re originale 6 th\u00e9s biologiques. Un assortiment original pour les amateurs de th\u00e9.","robots":{"index":"index","follow":"follow","max-snippet":"max-snippet:-1","max-image-preview":"max-image-preview:large","max-video-preview":"max-video-preview:-1"},"canonical":"https:\/\/www.sempertea.eu\/fr\/assortiment-de-thes-biologiques-dans-un-tube-en-verre-dans-un-presentoir-en-bois\/","og_locale":"fr_FR","og_type":"article","og_title":"ASSORTIMENT de th\u00e9s biologiques dans un tube en verre | Dans un pr\u00e9sentoir en bois","og_description":"Des \u00e9prouvettes remplies de th\u00e9 pour d\u00e9guster de mani\u00e8re originale 6 th\u00e9s biologiques. Un assortiment original pour les amateurs de th\u00e9.","og_url":"https:\/\/www.sempertea.eu\/fr\/assortiment-de-thes-biologiques-dans-un-tube-en-verre-dans-un-presentoir-en-bois\/","og_site_name":"Semper Tea | Mayorista y fabricante de T\u00e9s e Infusiones para hoteles, restaurantes y bares","og_image":[{"url":"https:\/\/www.sempertea.eu\/wp-content\/uploads\/2021\/08\/tes-infusiones-en-tubo-de-cristal-display-semper-tea.jpg","type":"","width":"","height":""}],"twitter_card":"summary_large_image","twitter_image":"https:\/\/www.sempertea.eu\/wp-content\/uploads\/2021\/08\/tes-infusiones-en-tubo-de-cristal-display-semper-tea.jpg","twitter_misc":{"Dur\u00e9e de lecture estim\u00e9e":"2 minutes"},"schema":{"@context":"https:\/\/schema.org","@graph":[{"@type":"WebPage","@id":"https:\/\/www.sempertea.eu\/fr\/assortiment-de-thes-biologiques-dans-un-tube-en-verre-dans-un-presentoir-en-bois\/","url":"https:\/\/www.sempertea.eu\/fr\/assortiment-de-thes-biologiques-dans-un-tube-en-verre-dans-un-presentoir-en-bois\/","name":"Assortiment d'\u00e9prouvettes remplies de th\u00e9 | EXPOSANT DE TH\u00c9","isPartOf":{"@id":"https:\/\/www.sempertea.eu\/#website"},"primaryImageOfPage":{"@id":"https:\/\/www.sempertea.eu\/fr\/assortiment-de-thes-biologiques-dans-un-tube-en-verre-dans-un-presentoir-en-bois\/#primaryimage"},"image":{"@id":"https:\/\/www.sempertea.eu\/fr\/assortiment-de-thes-biologiques-dans-un-tube-en-verre-dans-un-presentoir-en-bois\/#primaryimage"},"thumbnailUrl":"https:\/\/www.sempertea.eu\/wp-content\/uploads\/2021\/08\/caja-muestras-te-regalo-original-expositor-semper-tea.jpg","datePublished":"2024-11-13T19:35:46+00:00","description":"Des \u00e9prouvettes remplies de th\u00e9 pour d\u00e9guster de mani\u00e8re originale 6 th\u00e9s biologiques. Un assortiment original pour les amateurs de th\u00e9.","breadcrumb":{"@id":"https:\/\/www.sempertea.eu\/fr\/assortiment-de-thes-biologiques-dans-un-tube-en-verre-dans-un-presentoir-en-bois\/#breadcrumb"},"inLanguage":"fr-FR","potentialAction":[{"@type":"ReadAction","target":["https:\/\/www.sempertea.eu\/fr\/assortiment-de-thes-biologiques-dans-un-tube-en-verre-dans-un-presentoir-en-bois\/"]}]},{"@type":"ImageObject","inLanguage":"fr-FR","@id":"https:\/\/www.sempertea.eu\/fr\/assortiment-de-thes-biologiques-dans-un-tube-en-verre-dans-un-presentoir-en-bois\/#primaryimage","url":"https:\/\/www.sempertea.eu\/wp-content\/uploads\/2021\/08\/caja-muestras-te-regalo-original-expositor-semper-tea.jpg","contentUrl":"https:\/\/www.sempertea.eu\/wp-content\/uploads\/2021\/08\/caja-muestras-te-regalo-original-expositor-semper-tea.jpg","width":1000,"height":1000,"caption":"caja muestras te regalo original expositor semper tea"},{"@type":"BreadcrumbList","@id":"https:\/\/www.sempertea.eu\/fr\/assortiment-de-thes-biologiques-dans-un-tube-en-verre-dans-un-presentoir-en-bois\/#breadcrumb","itemListElement":[{"@type":"ListItem","position":1,"name":"Portada","item":"https:\/\/www.sempertea.eu\/"},{"@type":"ListItem","position":2,"name":"Tienda","item":"https:\/\/www.sempertea.eu\/tienda\/"},{"@type":"ListItem","position":3,"name":"ASSORTIMENT de th\u00e9s biologiques dans un tube en verre | Dans un pr\u00e9sentoir en bois"}]},{"@type":"WebSite","@id":"https:\/\/www.sempertea.eu\/#website","url":"https:\/\/www.sempertea.eu\/","name":"Semper Tea | Mayorista y fabricante de T\u00e9s e Infusiones para hoteles, restaurantes y bares","description":"T\u00e9s e infusiones para hosteler\u00eda, hoteler\u00eda y comercio","potentialAction":[{"@type":"SearchAction","target":{"@type":"EntryPoint","urlTemplate":"https:\/\/www.sempertea.eu\/?s={search_term_string}"},"query-input":{"@type":"PropertyValueSpecification","valueRequired":true,"valueName":"search_term_string"}}],"inLanguage":"fr-FR"}]}},"_links":{"self":[{"href":"https:\/\/www.sempertea.eu\/fr\/wp-json\/wp\/v2\/product\/12322","targetHints":{"allow":["GET"]}}],"collection":[{"href":"https:\/\/www.sempertea.eu\/fr\/wp-json\/wp\/v2\/product"}],"about":[{"href":"https:\/\/www.sempertea.eu\/fr\/wp-json\/wp\/v2\/types\/product"}],"replies":[{"embeddable":true,"href":"https:\/\/www.sempertea.eu\/fr\/wp-json\/wp\/v2\/comments?post=12322"}],"wp:featuredmedia":[{"embeddable":true,"href":"https:\/\/www.sempertea.eu\/fr\/wp-json\/wp\/v2\/media\/16023"}],"wp:attachment":[{"href":"https:\/\/www.sempertea.eu\/fr\/wp-json\/wp\/v2\/media?parent=12322"}],"wp:term":[{"taxonomy":"product_brand","embeddable":true,"href":"https:\/\/www.sempertea.eu\/fr\/wp-json\/wp\/v2\/product_brand?post=12322"},{"taxonomy":"product_cat","embeddable":true,"href":"https:\/\/www.sempertea.eu\/fr\/wp-json\/wp\/v2\/product_cat?post=12322"},{"taxonomy":"product_tag","embeddable":true,"href":"https:\/\/www.sempertea.eu\/fr\/wp-json\/wp\/v2\/product_tag?post=12322"}],"curies":[{"name":"wp","href":"https:\/\/api.w.org\/{rel}","templated":true}]}}