{"id":12320,"date":"2021-07-06T16:04:47","date_gmt":"2024-11-13T19:35:44","guid":{"rendered":"https:\/\/www.sempertea.eu\/rooibos-the-bio-i-tube-a-essai\/"},"modified":"2024-11-13T20:35:44","modified_gmt":"2024-11-13T19:35:44","slug":"rooibos-the-bio-i-tube-a-essai","status":"publish","type":"product","link":"https:\/\/www.sempertea.eu\/fr\/rooibos-the-bio-i-tube-a-essai\/","title":{"rendered":"ROOIBOS th\u00e9 bio I Tube \u00e0 essai"},"content":{"rendered":"<h2>D\u00e9couvrez les bienfaits du th\u00e9 Rooibos biologique en tubes \u00e0 essai<\/h2>\n<p>Une saveur naturelle et les bienfaits du Rooibos, pr\u00e9sent\u00e9s dans des tubes \u00e0 essai pratiques. Nos produits sont soigneusement s\u00e9lectionn\u00e9s et fabriqu\u00e9s \u00e0 partir d&rsquo;ingr\u00e9dients naturels pour vous offrir ce qu&rsquo;il y a de mieux. Nous voulons que vous vous sentiez bien dans votre peau et dans ce que vous consommez, c&rsquo;est pourquoi nous veillons \u00e0 ce que tous nos produits soient de la plus haute qualit\u00e9.<\/p>\n<h3>Bien-\u00eatre naturel : Go\u00fbt et sant\u00e9 avec notre Rooibos<\/h3>\n<p>Explorez notre gamme de produits biologiques et d\u00e9couvrez les bienfaits du Rooibos pour votre sant\u00e9. Achetez d\u00e8s maintenant et commencez \u00e0 profiter d&rsquo;une vie plus saine et plus \u00e9quilibr\u00e9e gr\u00e2ce au pouvoir du Rooibos. Merci de nous rendre visite et de nous faire confiance pour prendre soin de votre bien-\u00eatre ! D\u00e9couvrez toutes les vari\u00e9t\u00e9s disponibles dans notre <a href=\"https:\/\/www.sempertea.eu\/\">boutique en ligne<\/a>.<\/p>\n","protected":false},"excerpt":{"rendered":"<p><strong>Doux et onctueux &#8211; sans caf\u00e9ine<\/strong><\/p>\n<p>Une boisson d\u00e9licieuse, au go\u00fbt unique, doux et l\u00e9g\u00e8rement noiset\u00e9. Pure et non m\u00e9lang\u00e9e, cors\u00e9e, avec une touche sucr\u00e9e et une couleur rouge-brun profonde.  Pr\u00e9sentation dans un flacon en verre d&rsquo;une capacit\u00e9 de 6 \u00e0 8 doses de th\u00e9. Beau cadeau original \u00e0 offrir \u00e0 des invit\u00e9s ou \u00e0 des clients. <\/p>\n<p><strong> <\/strong><\/p>\n","protected":false},"featured_media":12321,"comment_status":"open","ping_status":"closed","template":"","meta":[],"product_brand":[],"product_cat":[309,270,298,288,314,283,312,310,311],"product_tag":[],"class_list":{"0":"post-12320","1":"product","2":"type-product","3":"status-publish","4":"has-post-thumbnail","6":"product_cat-collections","7":"product_cat-acheter-du-the-en-vrac-emballe","8":"product_cat-les-varietes-de-the","9":"product_cat-the-rooibos-bio-infusion-sans-theine","10":"product_cat-acheter-des-cadeaux-pour-amateurs-de-the","11":"product_cat-thes-et-infusions-biologiques-de-qualite","12":"product_cat-tous-fr-2","13":"product_cat-tous","14":"product_cat-tous-fr","16":"first","17":"instock","18":"shipping-taxable","19":"purchasable","20":"product-type-simple"},"yoast_head":"<!-- This site is optimized with the Yoast SEO Premium plugin v27.3 (Yoast SEO v27.3) - https:\/\/yoast.com\/product\/yoast-seo-premium-wordpress\/ -->\n<title>Le rooibos est NATUREL ORGANIQUE TUBE DE TEST | Contre-indications<\/title>\n<meta name=\"description\" content=\"Naturel. Notre Rooibos est du TH\u00c9 BIOLOGIQUE, pr\u00e9sent\u00e9 en \u00e9prouvette. Avantages et contre-indications possibles pour une consommation consciente.\" \/>\n<meta name=\"robots\" content=\"index, follow, max-snippet:-1, max-image-preview:large, max-video-preview:-1\" \/>\n<link rel=\"canonical\" href=\"https:\/\/www.sempertea.eu\/fr\/rooibos-the-bio-i-tube-a-essai\/\" \/>\n<meta property=\"og:locale\" content=\"fr_FR\" \/>\n<meta property=\"og:type\" content=\"article\" \/>\n<meta property=\"og:title\" content=\"ROOIBOS th\u00e9 bio I Tube \u00e0 essai\" \/>\n<meta property=\"og:description\" content=\"Naturel. Notre Rooibos est du TH\u00c9 BIOLOGIQUE, pr\u00e9sent\u00e9 en \u00e9prouvette. Avantages et contre-indications possibles pour une consommation consciente.\" \/>\n<meta property=\"og:url\" content=\"https:\/\/www.sempertea.eu\/fr\/rooibos-the-bio-i-tube-a-essai\/\" \/>\n<meta property=\"og:site_name\" content=\"Semper Tea | Mayorista y fabricante de T\u00e9s e Infusiones para hoteles, restaurantes y bares\" \/>\n<meta property=\"og:image\" content=\"https:\/\/www.sempertea.eu\/wp-content\/uploads\/2021\/07\/rooibos-natural-bio-te-rojo-sudafricano-te-organico-semper-tea.jpg\" \/>\n<meta name=\"twitter:card\" content=\"summary_large_image\" \/>\n<meta name=\"twitter:image\" content=\"https:\/\/www.sempertea.eu\/wp-content\/uploads\/2021\/07\/te-rooibos-en-tubo-de-cristal-semper-tea.jpg\" \/>\n<meta name=\"twitter:label1\" content=\"Dur\u00e9e de lecture estim\u00e9e\" \/>\n\t<meta name=\"twitter:data1\" content=\"1 minute\" \/>\n<script type=\"application\/ld+json\" class=\"yoast-schema-graph\">{\"@context\":\"https:\\\/\\\/schema.org\",\"@graph\":[{\"@type\":\"WebPage\",\"@id\":\"https:\\\/\\\/www.sempertea.eu\\\/fr\\\/rooibos-the-bio-i-tube-a-essai\\\/\",\"url\":\"https:\\\/\\\/www.sempertea.eu\\\/fr\\\/rooibos-the-bio-i-tube-a-essai\\\/\",\"name\":\"Le rooibos est NATUREL ORGANIQUE TUBE DE TEST | Contre-indications\",\"isPartOf\":{\"@id\":\"https:\\\/\\\/www.sempertea.eu\\\/#website\"},\"primaryImageOfPage\":{\"@id\":\"https:\\\/\\\/www.sempertea.eu\\\/fr\\\/rooibos-the-bio-i-tube-a-essai\\\/#primaryimage\"},\"image\":{\"@id\":\"https:\\\/\\\/www.sempertea.eu\\\/fr\\\/rooibos-the-bio-i-tube-a-essai\\\/#primaryimage\"},\"thumbnailUrl\":\"https:\\\/\\\/www.sempertea.eu\\\/wp-content\\\/uploads\\\/2021\\\/07\\\/rooibos-natural-bio-te-rojo-organico-sudafricano-semper-tea.jpg\",\"datePublished\":\"2024-11-13T19:35:44+00:00\",\"description\":\"Naturel. Notre Rooibos est du TH\u00c9 BIOLOGIQUE, pr\u00e9sent\u00e9 en \u00e9prouvette. Avantages et contre-indications possibles pour une consommation consciente.\",\"breadcrumb\":{\"@id\":\"https:\\\/\\\/www.sempertea.eu\\\/fr\\\/rooibos-the-bio-i-tube-a-essai\\\/#breadcrumb\"},\"inLanguage\":\"fr-FR\",\"potentialAction\":[{\"@type\":\"ReadAction\",\"target\":[\"https:\\\/\\\/www.sempertea.eu\\\/fr\\\/rooibos-the-bio-i-tube-a-essai\\\/\"]}]},{\"@type\":\"ImageObject\",\"inLanguage\":\"fr-FR\",\"@id\":\"https:\\\/\\\/www.sempertea.eu\\\/fr\\\/rooibos-the-bio-i-tube-a-essai\\\/#primaryimage\",\"url\":\"https:\\\/\\\/www.sempertea.eu\\\/wp-content\\\/uploads\\\/2021\\\/07\\\/rooibos-natural-bio-te-rojo-organico-sudafricano-semper-tea.jpg\",\"contentUrl\":\"https:\\\/\\\/www.sempertea.eu\\\/wp-content\\\/uploads\\\/2021\\\/07\\\/rooibos-natural-bio-te-rojo-organico-sudafricano-semper-tea.jpg\",\"width\":1000,\"height\":1000,\"caption\":\"Rooibos NATURAL en tubo de ensayo BIO | T\u00e9 rojo org\u00e1nico sudafricano\"},{\"@type\":\"BreadcrumbList\",\"@id\":\"https:\\\/\\\/www.sempertea.eu\\\/fr\\\/rooibos-the-bio-i-tube-a-essai\\\/#breadcrumb\",\"itemListElement\":[{\"@type\":\"ListItem\",\"position\":1,\"name\":\"Portada\",\"item\":\"https:\\\/\\\/www.sempertea.eu\\\/\"},{\"@type\":\"ListItem\",\"position\":2,\"name\":\"Tienda\",\"item\":\"https:\\\/\\\/www.sempertea.eu\\\/tienda\\\/\"},{\"@type\":\"ListItem\",\"position\":3,\"name\":\"ROOIBOS th\u00e9 bio I Tube \u00e0 essai\"}]},{\"@type\":\"WebSite\",\"@id\":\"https:\\\/\\\/www.sempertea.eu\\\/#website\",\"url\":\"https:\\\/\\\/www.sempertea.eu\\\/\",\"name\":\"Semper Tea | Mayorista y fabricante de T\u00e9s e Infusiones para hoteles, restaurantes y bares\",\"description\":\"T\u00e9s e infusiones para hosteler\u00eda, hoteler\u00eda y comercio\",\"potentialAction\":[{\"@type\":\"SearchAction\",\"target\":{\"@type\":\"EntryPoint\",\"urlTemplate\":\"https:\\\/\\\/www.sempertea.eu\\\/?s={search_term_string}\"},\"query-input\":{\"@type\":\"PropertyValueSpecification\",\"valueRequired\":true,\"valueName\":\"search_term_string\"}}],\"inLanguage\":\"fr-FR\"}]}<\/script>\n<!-- \/ Yoast SEO Premium plugin. -->","yoast_head_json":{"title":"Le rooibos est NATUREL ORGANIQUE TUBE DE TEST | Contre-indications","description":"Naturel. Notre Rooibos est du TH\u00c9 BIOLOGIQUE, pr\u00e9sent\u00e9 en \u00e9prouvette. Avantages et contre-indications possibles pour une consommation consciente.","robots":{"index":"index","follow":"follow","max-snippet":"max-snippet:-1","max-image-preview":"max-image-preview:large","max-video-preview":"max-video-preview:-1"},"canonical":"https:\/\/www.sempertea.eu\/fr\/rooibos-the-bio-i-tube-a-essai\/","og_locale":"fr_FR","og_type":"article","og_title":"ROOIBOS th\u00e9 bio I Tube \u00e0 essai","og_description":"Naturel. Notre Rooibos est du TH\u00c9 BIOLOGIQUE, pr\u00e9sent\u00e9 en \u00e9prouvette. Avantages et contre-indications possibles pour une consommation consciente.","og_url":"https:\/\/www.sempertea.eu\/fr\/rooibos-the-bio-i-tube-a-essai\/","og_site_name":"Semper Tea | Mayorista y fabricante de T\u00e9s e Infusiones para hoteles, restaurantes y bares","og_image":[{"url":"https:\/\/www.sempertea.eu\/wp-content\/uploads\/2021\/07\/rooibos-natural-bio-te-rojo-sudafricano-te-organico-semper-tea.jpg","type":"","width":"","height":""}],"twitter_card":"summary_large_image","twitter_image":"https:\/\/www.sempertea.eu\/wp-content\/uploads\/2021\/07\/te-rooibos-en-tubo-de-cristal-semper-tea.jpg","twitter_misc":{"Dur\u00e9e de lecture estim\u00e9e":"1 minute"},"schema":{"@context":"https:\/\/schema.org","@graph":[{"@type":"WebPage","@id":"https:\/\/www.sempertea.eu\/fr\/rooibos-the-bio-i-tube-a-essai\/","url":"https:\/\/www.sempertea.eu\/fr\/rooibos-the-bio-i-tube-a-essai\/","name":"Le rooibos est NATUREL ORGANIQUE TUBE DE TEST | Contre-indications","isPartOf":{"@id":"https:\/\/www.sempertea.eu\/#website"},"primaryImageOfPage":{"@id":"https:\/\/www.sempertea.eu\/fr\/rooibos-the-bio-i-tube-a-essai\/#primaryimage"},"image":{"@id":"https:\/\/www.sempertea.eu\/fr\/rooibos-the-bio-i-tube-a-essai\/#primaryimage"},"thumbnailUrl":"https:\/\/www.sempertea.eu\/wp-content\/uploads\/2021\/07\/rooibos-natural-bio-te-rojo-organico-sudafricano-semper-tea.jpg","datePublished":"2024-11-13T19:35:44+00:00","description":"Naturel. Notre Rooibos est du TH\u00c9 BIOLOGIQUE, pr\u00e9sent\u00e9 en \u00e9prouvette. Avantages et contre-indications possibles pour une consommation consciente.","breadcrumb":{"@id":"https:\/\/www.sempertea.eu\/fr\/rooibos-the-bio-i-tube-a-essai\/#breadcrumb"},"inLanguage":"fr-FR","potentialAction":[{"@type":"ReadAction","target":["https:\/\/www.sempertea.eu\/fr\/rooibos-the-bio-i-tube-a-essai\/"]}]},{"@type":"ImageObject","inLanguage":"fr-FR","@id":"https:\/\/www.sempertea.eu\/fr\/rooibos-the-bio-i-tube-a-essai\/#primaryimage","url":"https:\/\/www.sempertea.eu\/wp-content\/uploads\/2021\/07\/rooibos-natural-bio-te-rojo-organico-sudafricano-semper-tea.jpg","contentUrl":"https:\/\/www.sempertea.eu\/wp-content\/uploads\/2021\/07\/rooibos-natural-bio-te-rojo-organico-sudafricano-semper-tea.jpg","width":1000,"height":1000,"caption":"Rooibos NATURAL en tubo de ensayo BIO | T\u00e9 rojo org\u00e1nico sudafricano"},{"@type":"BreadcrumbList","@id":"https:\/\/www.sempertea.eu\/fr\/rooibos-the-bio-i-tube-a-essai\/#breadcrumb","itemListElement":[{"@type":"ListItem","position":1,"name":"Portada","item":"https:\/\/www.sempertea.eu\/"},{"@type":"ListItem","position":2,"name":"Tienda","item":"https:\/\/www.sempertea.eu\/tienda\/"},{"@type":"ListItem","position":3,"name":"ROOIBOS th\u00e9 bio I Tube \u00e0 essai"}]},{"@type":"WebSite","@id":"https:\/\/www.sempertea.eu\/#website","url":"https:\/\/www.sempertea.eu\/","name":"Semper Tea | Mayorista y fabricante de T\u00e9s e Infusiones para hoteles, restaurantes y bares","description":"T\u00e9s e infusiones para hosteler\u00eda, hoteler\u00eda y comercio","potentialAction":[{"@type":"SearchAction","target":{"@type":"EntryPoint","urlTemplate":"https:\/\/www.sempertea.eu\/?s={search_term_string}"},"query-input":{"@type":"PropertyValueSpecification","valueRequired":true,"valueName":"search_term_string"}}],"inLanguage":"fr-FR"}]}},"_links":{"self":[{"href":"https:\/\/www.sempertea.eu\/fr\/wp-json\/wp\/v2\/product\/12320","targetHints":{"allow":["GET"]}}],"collection":[{"href":"https:\/\/www.sempertea.eu\/fr\/wp-json\/wp\/v2\/product"}],"about":[{"href":"https:\/\/www.sempertea.eu\/fr\/wp-json\/wp\/v2\/types\/product"}],"replies":[{"embeddable":true,"href":"https:\/\/www.sempertea.eu\/fr\/wp-json\/wp\/v2\/comments?post=12320"}],"wp:featuredmedia":[{"embeddable":true,"href":"https:\/\/www.sempertea.eu\/fr\/wp-json\/wp\/v2\/media\/12321"}],"wp:attachment":[{"href":"https:\/\/www.sempertea.eu\/fr\/wp-json\/wp\/v2\/media?parent=12320"}],"wp:term":[{"taxonomy":"product_brand","embeddable":true,"href":"https:\/\/www.sempertea.eu\/fr\/wp-json\/wp\/v2\/product_brand?post=12320"},{"taxonomy":"product_cat","embeddable":true,"href":"https:\/\/www.sempertea.eu\/fr\/wp-json\/wp\/v2\/product_cat?post=12320"},{"taxonomy":"product_tag","embeddable":true,"href":"https:\/\/www.sempertea.eu\/fr\/wp-json\/wp\/v2\/product_tag?post=12320"}],"curies":[{"name":"wp","href":"https:\/\/api.w.org\/{rel}","templated":true}]}}