{"id":12316,"date":"2021-07-30T13:22:07","date_gmt":"2024-11-13T19:20:11","guid":{"rendered":"https:\/\/www.sempertea.eu\/reglisse-menthe-pomme-infusion-biologique-i-tube-a-essai\/"},"modified":"2024-11-13T20:20:11","modified_gmt":"2024-11-13T19:20:11","slug":"reglisse-menthe-pomme-infusion-biologique-i-tube-a-essai","status":"publish","type":"product","link":"https:\/\/www.sempertea.eu\/fr\/reglisse-menthe-pomme-infusion-biologique-i-tube-a-essai\/","title":{"rendered":"R\u00c9GLISSE MENTHE POMME infusion biologique I Tube \u00e0 essai"},"content":{"rendered":"<h2>D\u00e9couvrir le go\u00fbt : Infusion de r\u00e9glisse, de menthe et de pomme en tube \u00e0 essai<\/h2>\n<p>Bienvenue sur notre site web, o\u00f9 vous trouverez une large gamme de produits de haute qualit\u00e9 con\u00e7us pour am\u00e9liorer votre bien-\u00eatre et votre sant\u00e9. D\u00e9couvrez le go\u00fbt et les bienfaits de notre exquise infusion de r\u00e9glisse, de pomme et de menthe dans des tubes \u00e0 essai pratiques. Nos produits sont soigneusement s\u00e9lectionn\u00e9s et fabriqu\u00e9s \u00e0 partir d&rsquo;ingr\u00e9dients naturels pour vous offrir les meilleurs r\u00e9sultats. Une \u00e9quipe d&rsquo;experts est \u00e0 votre disposition pour vous conseiller et r\u00e9pondre \u00e0 toutes vos questions. <\/p>\n<h3>Th\u00e9s et infusions pour votre bien-\u00eatre<\/h3>\n<p>Explorez notre large s\u00e9lection d&rsquo;options saines, des tisanes aux solutions naturelles pour le soulagement et la relaxation. Nous accordons la priorit\u00e9 \u00e0 votre bien-\u00eatre et vous proposons des produits qui favorisent une vie plus saine et plus heureuse. Faites vos achats d\u00e8s maintenant et d\u00e9couvrez comment notre gamme de produits biologiques peut faire la diff\u00e9rence dans votre vie. Merci de nous rendre visite et de nous faire confiance pour am\u00e9liorer votre qualit\u00e9 de vie et votre bien-\u00eatre ! <\/p>\n","protected":false},"excerpt":{"rendered":"<p><strong>Une tasse de th\u00e9 sans caf\u00e9ine<\/strong><\/p>\n<p>La tisane R\u00e9glisse, Menthe et Pomme offre une d\u00e9licieuse combinaison de menthe rafra\u00eechissante, de r\u00e9glisse aromatique et de pomme. De qualit\u00e9 biologique, elle est pr\u00e9sent\u00e9e dans une \u00e9prouvette gradu\u00e9e en verre de haute qualit\u00e9 avec bouchon en li\u00e8ge. Capacit\u00e9 de 6 \u00e0 8 doses de th\u00e9. Un cadeau original pour les invit\u00e9s ou les clients.   <\/p>\n","protected":false},"featured_media":12317,"comment_status":"open","ping_status":"closed","template":"","meta":[],"product_brand":[],"product_cat":[309,270,298,289,314,283,311,312,310],"product_tag":[],"class_list":{"0":"post-12316","1":"product","2":"type-product","3":"status-publish","4":"has-post-thumbnail","6":"product_cat-collections","7":"product_cat-acheter-du-the-en-vrac-emballe","8":"product_cat-les-varietes-de-the","9":"product_cat-the-aux-herbes-bio-au-acheter","10":"product_cat-acheter-des-cadeaux-pour-amateurs-de-the","11":"product_cat-thes-et-infusions-biologiques-de-qualite","12":"product_cat-tous-fr","13":"product_cat-tous-fr-2","14":"product_cat-tous","16":"first","17":"instock","18":"shipping-taxable","19":"purchasable","20":"product-type-simple"},"yoast_head":"<!-- This site is optimized with the Yoast SEO Premium plugin v27.3 (Yoast SEO v27.4) - https:\/\/yoast.com\/product\/yoast-seo-premium-wordpress\/ -->\n<title>Infusion de R\u00c9GLISSE MENTHE en tube \u00e0 essai | Propri\u00e9t\u00e9s et bienfaits<\/title>\n<meta name=\"description\" content=\"Faites l&#039;exp\u00e9rience de la d\u00e9licieuse infusion de r\u00e9glisse et de menthe en \u00e9prouvette. D\u00e9couvrez ses propri\u00e9t\u00e9s et ses bienfaits pour am\u00e9liorer votre bien-\u00eatre.\" \/>\n<meta name=\"robots\" content=\"index, follow, max-snippet:-1, max-image-preview:large, max-video-preview:-1\" \/>\n<link rel=\"canonical\" href=\"https:\/\/www.sempertea.eu\/fr\/reglisse-menthe-pomme-infusion-biologique-i-tube-a-essai\/\" \/>\n<meta property=\"og:locale\" content=\"fr_FR\" \/>\n<meta property=\"og:type\" content=\"article\" \/>\n<meta property=\"og:title\" content=\"R\u00c9GLISSE MENTHE POMME infusion biologique I Tube \u00e0 essai\" \/>\n<meta property=\"og:description\" content=\"Faites l&#039;exp\u00e9rience de la d\u00e9licieuse infusion de r\u00e9glisse et de menthe en \u00e9prouvette. D\u00e9couvrez ses propri\u00e9t\u00e9s et ses bienfaits pour am\u00e9liorer votre bien-\u00eatre.\" \/>\n<meta property=\"og:url\" content=\"https:\/\/www.sempertea.eu\/fr\/reglisse-menthe-pomme-infusion-biologique-i-tube-a-essai\/\" \/>\n<meta property=\"og:site_name\" content=\"Semper Tea | Mayorista y fabricante de T\u00e9s e Infusiones para hoteles, restaurantes y bares\" \/>\n<meta property=\"og:image\" content=\"https:\/\/www.sempertea.eu\/wp-content\/uploads\/2021\/07\/comprar-tubo-de-ensayo-rellenos-de-te-verde-semper-tea.jpg\" \/>\n<meta name=\"twitter:card\" content=\"summary_large_image\" \/>\n<meta name=\"twitter:image\" content=\"https:\/\/www.sempertea.eu\/wp-content\/uploads\/2021\/07\/comprar-tubo-de-ensayo-rellenos-de-te-verde-semper-tea.jpg\" \/>\n<meta name=\"twitter:label1\" content=\"Dur\u00e9e de lecture estim\u00e9e\" \/>\n\t<meta name=\"twitter:data1\" content=\"1 minute\" \/>\n<script type=\"application\/ld+json\" class=\"yoast-schema-graph\">{\"@context\":\"https:\\\/\\\/schema.org\",\"@graph\":[{\"@type\":\"WebPage\",\"@id\":\"https:\\\/\\\/www.sempertea.eu\\\/fr\\\/reglisse-menthe-pomme-infusion-biologique-i-tube-a-essai\\\/\",\"url\":\"https:\\\/\\\/www.sempertea.eu\\\/fr\\\/reglisse-menthe-pomme-infusion-biologique-i-tube-a-essai\\\/\",\"name\":\"Infusion de R\u00c9GLISSE MENTHE en tube \u00e0 essai | Propri\u00e9t\u00e9s et bienfaits\",\"isPartOf\":{\"@id\":\"https:\\\/\\\/www.sempertea.eu\\\/#website\"},\"primaryImageOfPage\":{\"@id\":\"https:\\\/\\\/www.sempertea.eu\\\/fr\\\/reglisse-menthe-pomme-infusion-biologique-i-tube-a-essai\\\/#primaryimage\"},\"image\":{\"@id\":\"https:\\\/\\\/www.sempertea.eu\\\/fr\\\/reglisse-menthe-pomme-infusion-biologique-i-tube-a-essai\\\/#primaryimage\"},\"thumbnailUrl\":\"https:\\\/\\\/www.sempertea.eu\\\/wp-content\\\/uploads\\\/2021\\\/07\\\/infusion-de-regaliz-menta-propiedades-semper-tea.jpg\",\"datePublished\":\"2024-11-13T19:20:11+00:00\",\"description\":\"Faites l'exp\u00e9rience de la d\u00e9licieuse infusion de r\u00e9glisse et de menthe en \u00e9prouvette. D\u00e9couvrez ses propri\u00e9t\u00e9s et ses bienfaits pour am\u00e9liorer votre bien-\u00eatre.\",\"breadcrumb\":{\"@id\":\"https:\\\/\\\/www.sempertea.eu\\\/fr\\\/reglisse-menthe-pomme-infusion-biologique-i-tube-a-essai\\\/#breadcrumb\"},\"inLanguage\":\"fr-FR\",\"potentialAction\":[{\"@type\":\"ReadAction\",\"target\":[\"https:\\\/\\\/www.sempertea.eu\\\/fr\\\/reglisse-menthe-pomme-infusion-biologique-i-tube-a-essai\\\/\"]}]},{\"@type\":\"ImageObject\",\"inLanguage\":\"fr-FR\",\"@id\":\"https:\\\/\\\/www.sempertea.eu\\\/fr\\\/reglisse-menthe-pomme-infusion-biologique-i-tube-a-essai\\\/#primaryimage\",\"url\":\"https:\\\/\\\/www.sempertea.eu\\\/wp-content\\\/uploads\\\/2021\\\/07\\\/infusion-de-regaliz-menta-propiedades-semper-tea.jpg\",\"contentUrl\":\"https:\\\/\\\/www.sempertea.eu\\\/wp-content\\\/uploads\\\/2021\\\/07\\\/infusion-de-regaliz-menta-propiedades-semper-tea.jpg\",\"width\":1000,\"height\":1000,\"caption\":\"infusion de regaliz y menta\"},{\"@type\":\"BreadcrumbList\",\"@id\":\"https:\\\/\\\/www.sempertea.eu\\\/fr\\\/reglisse-menthe-pomme-infusion-biologique-i-tube-a-essai\\\/#breadcrumb\",\"itemListElement\":[{\"@type\":\"ListItem\",\"position\":1,\"name\":\"Portada\",\"item\":\"https:\\\/\\\/www.sempertea.eu\\\/\"},{\"@type\":\"ListItem\",\"position\":2,\"name\":\"Tienda\",\"item\":\"https:\\\/\\\/www.sempertea.eu\\\/tienda\\\/\"},{\"@type\":\"ListItem\",\"position\":3,\"name\":\"R\u00c9GLISSE MENTHE POMME infusion biologique I Tube \u00e0 essai\"}]},{\"@type\":\"WebSite\",\"@id\":\"https:\\\/\\\/www.sempertea.eu\\\/#website\",\"url\":\"https:\\\/\\\/www.sempertea.eu\\\/\",\"name\":\"Semper Tea | Mayorista y fabricante de T\u00e9s e Infusiones para hoteles, restaurantes y bares\",\"description\":\"T\u00e9s e infusiones para hosteler\u00eda, hoteler\u00eda y comercio\",\"potentialAction\":[{\"@type\":\"SearchAction\",\"target\":{\"@type\":\"EntryPoint\",\"urlTemplate\":\"https:\\\/\\\/www.sempertea.eu\\\/?s={search_term_string}\"},\"query-input\":{\"@type\":\"PropertyValueSpecification\",\"valueRequired\":true,\"valueName\":\"search_term_string\"}}],\"inLanguage\":\"fr-FR\"}]}<\/script>\n<!-- \/ Yoast SEO Premium plugin. -->","yoast_head_json":{"title":"Infusion de R\u00c9GLISSE MENTHE en tube \u00e0 essai | Propri\u00e9t\u00e9s et bienfaits","description":"Faites l'exp\u00e9rience de la d\u00e9licieuse infusion de r\u00e9glisse et de menthe en \u00e9prouvette. D\u00e9couvrez ses propri\u00e9t\u00e9s et ses bienfaits pour am\u00e9liorer votre bien-\u00eatre.","robots":{"index":"index","follow":"follow","max-snippet":"max-snippet:-1","max-image-preview":"max-image-preview:large","max-video-preview":"max-video-preview:-1"},"canonical":"https:\/\/www.sempertea.eu\/fr\/reglisse-menthe-pomme-infusion-biologique-i-tube-a-essai\/","og_locale":"fr_FR","og_type":"article","og_title":"R\u00c9GLISSE MENTHE POMME infusion biologique I Tube \u00e0 essai","og_description":"Faites l'exp\u00e9rience de la d\u00e9licieuse infusion de r\u00e9glisse et de menthe en \u00e9prouvette. D\u00e9couvrez ses propri\u00e9t\u00e9s et ses bienfaits pour am\u00e9liorer votre bien-\u00eatre.","og_url":"https:\/\/www.sempertea.eu\/fr\/reglisse-menthe-pomme-infusion-biologique-i-tube-a-essai\/","og_site_name":"Semper Tea | Mayorista y fabricante de T\u00e9s e Infusiones para hoteles, restaurantes y bares","og_image":[{"url":"https:\/\/www.sempertea.eu\/wp-content\/uploads\/2021\/07\/comprar-tubo-de-ensayo-rellenos-de-te-verde-semper-tea.jpg","type":"","width":"","height":""}],"twitter_card":"summary_large_image","twitter_image":"https:\/\/www.sempertea.eu\/wp-content\/uploads\/2021\/07\/comprar-tubo-de-ensayo-rellenos-de-te-verde-semper-tea.jpg","twitter_misc":{"Dur\u00e9e de lecture estim\u00e9e":"1 minute"},"schema":{"@context":"https:\/\/schema.org","@graph":[{"@type":"WebPage","@id":"https:\/\/www.sempertea.eu\/fr\/reglisse-menthe-pomme-infusion-biologique-i-tube-a-essai\/","url":"https:\/\/www.sempertea.eu\/fr\/reglisse-menthe-pomme-infusion-biologique-i-tube-a-essai\/","name":"Infusion de R\u00c9GLISSE MENTHE en tube \u00e0 essai | Propri\u00e9t\u00e9s et bienfaits","isPartOf":{"@id":"https:\/\/www.sempertea.eu\/#website"},"primaryImageOfPage":{"@id":"https:\/\/www.sempertea.eu\/fr\/reglisse-menthe-pomme-infusion-biologique-i-tube-a-essai\/#primaryimage"},"image":{"@id":"https:\/\/www.sempertea.eu\/fr\/reglisse-menthe-pomme-infusion-biologique-i-tube-a-essai\/#primaryimage"},"thumbnailUrl":"https:\/\/www.sempertea.eu\/wp-content\/uploads\/2021\/07\/infusion-de-regaliz-menta-propiedades-semper-tea.jpg","datePublished":"2024-11-13T19:20:11+00:00","description":"Faites l'exp\u00e9rience de la d\u00e9licieuse infusion de r\u00e9glisse et de menthe en \u00e9prouvette. D\u00e9couvrez ses propri\u00e9t\u00e9s et ses bienfaits pour am\u00e9liorer votre bien-\u00eatre.","breadcrumb":{"@id":"https:\/\/www.sempertea.eu\/fr\/reglisse-menthe-pomme-infusion-biologique-i-tube-a-essai\/#breadcrumb"},"inLanguage":"fr-FR","potentialAction":[{"@type":"ReadAction","target":["https:\/\/www.sempertea.eu\/fr\/reglisse-menthe-pomme-infusion-biologique-i-tube-a-essai\/"]}]},{"@type":"ImageObject","inLanguage":"fr-FR","@id":"https:\/\/www.sempertea.eu\/fr\/reglisse-menthe-pomme-infusion-biologique-i-tube-a-essai\/#primaryimage","url":"https:\/\/www.sempertea.eu\/wp-content\/uploads\/2021\/07\/infusion-de-regaliz-menta-propiedades-semper-tea.jpg","contentUrl":"https:\/\/www.sempertea.eu\/wp-content\/uploads\/2021\/07\/infusion-de-regaliz-menta-propiedades-semper-tea.jpg","width":1000,"height":1000,"caption":"infusion de regaliz y menta"},{"@type":"BreadcrumbList","@id":"https:\/\/www.sempertea.eu\/fr\/reglisse-menthe-pomme-infusion-biologique-i-tube-a-essai\/#breadcrumb","itemListElement":[{"@type":"ListItem","position":1,"name":"Portada","item":"https:\/\/www.sempertea.eu\/"},{"@type":"ListItem","position":2,"name":"Tienda","item":"https:\/\/www.sempertea.eu\/tienda\/"},{"@type":"ListItem","position":3,"name":"R\u00c9GLISSE MENTHE POMME infusion biologique I Tube \u00e0 essai"}]},{"@type":"WebSite","@id":"https:\/\/www.sempertea.eu\/#website","url":"https:\/\/www.sempertea.eu\/","name":"Semper Tea | Mayorista y fabricante de T\u00e9s e Infusiones para hoteles, restaurantes y bares","description":"T\u00e9s e infusiones para hosteler\u00eda, hoteler\u00eda y comercio","potentialAction":[{"@type":"SearchAction","target":{"@type":"EntryPoint","urlTemplate":"https:\/\/www.sempertea.eu\/?s={search_term_string}"},"query-input":{"@type":"PropertyValueSpecification","valueRequired":true,"valueName":"search_term_string"}}],"inLanguage":"fr-FR"}]}},"_links":{"self":[{"href":"https:\/\/www.sempertea.eu\/fr\/wp-json\/wp\/v2\/product\/12316","targetHints":{"allow":["GET"]}}],"collection":[{"href":"https:\/\/www.sempertea.eu\/fr\/wp-json\/wp\/v2\/product"}],"about":[{"href":"https:\/\/www.sempertea.eu\/fr\/wp-json\/wp\/v2\/types\/product"}],"replies":[{"embeddable":true,"href":"https:\/\/www.sempertea.eu\/fr\/wp-json\/wp\/v2\/comments?post=12316"}],"wp:featuredmedia":[{"embeddable":true,"href":"https:\/\/www.sempertea.eu\/fr\/wp-json\/wp\/v2\/media\/12317"}],"wp:attachment":[{"href":"https:\/\/www.sempertea.eu\/fr\/wp-json\/wp\/v2\/media?parent=12316"}],"wp:term":[{"taxonomy":"product_brand","embeddable":true,"href":"https:\/\/www.sempertea.eu\/fr\/wp-json\/wp\/v2\/product_brand?post=12316"},{"taxonomy":"product_cat","embeddable":true,"href":"https:\/\/www.sempertea.eu\/fr\/wp-json\/wp\/v2\/product_cat?post=12316"},{"taxonomy":"product_tag","embeddable":true,"href":"https:\/\/www.sempertea.eu\/fr\/wp-json\/wp\/v2\/product_tag?post=12316"}],"curies":[{"name":"wp","href":"https:\/\/api.w.org\/{rel}","templated":true}]}}