{"id":12312,"date":"2021-08-04T12:07:21","date_gmt":"2024-11-13T12:38:57","guid":{"rendered":"https:\/\/www.sempertea.eu\/pu-erh-vanille-citron-the-rouge-bio-i-tube-a-essai\/"},"modified":"2024-11-13T13:38:57","modified_gmt":"2024-11-13T12:38:57","slug":"pu-erh-vanille-citron-the-rouge-bio-i-tube-a-essai","status":"publish","type":"product","link":"https:\/\/www.sempertea.eu\/fr\/pu-erh-vanille-citron-the-rouge-bio-i-tube-a-essai\/","title":{"rendered":"PU-ERH VANILLE CITRON th\u00e9 rouge bio I Tube \u00e0 essai"},"content":{"rendered":"<h2>D\u00e9couvrez la fermentation authentique avec le th\u00e9 Pu-erh &#8211; Th\u00e9 rouge<\/h2>\n<p>Contrairement au th\u00e9 noir, le th\u00e9 Pu-Erh est le seul th\u00e9 v\u00e9ritablement ferment\u00e9. Alors que le th\u00e9 noir s&rsquo;oxyde en r\u00e9agissant \u00e0 l&rsquo;oxyg\u00e8ne de l&rsquo;air, le th\u00e9 Pu-Erh subit un processus de fermentation gr\u00e2ce \u00e0 l&rsquo;activit\u00e9 de micro-organismes qui transforment les composants des feuilles de th\u00e9 dans leur processus m\u00e9tabolique. Il en r\u00e9sulte un adoucissement des tanins et des substances am\u00e8res en polyph\u00e9nols plus doux. Un th\u00e9 Pu-Erh hautement ferment\u00e9 a un go\u00fbt beaucoup plus doux, avec une l\u00e9g\u00e8re note sucr\u00e9e et pratiquement pas d&rsquo;astringence. Les responsables de cette fermentation sont Penicillium, Aspergillus et Streptomyces, des microbes qui produisent \u00e9galement des antibiotiques pr\u00e9cieux, importants pour notre sant\u00e9 aujourd&rsquo;hui. Plongez dans l&rsquo;univers du <strong>th\u00e9 Pu-erh authentique<\/strong> et profitez de ses bienfaits uniques pour la sant\u00e9 et le go\u00fbt. <\/p>\n<h3>Faites l&rsquo;exp\u00e9rience d&rsquo;une d\u00e9licieuse combinaison avec notre Pu Erh Red Tea Lemon Vanilla Lemon.<\/h3>\n<p>Appr\u00e9ciez le m\u00e9lange unique de saveurs intenses et rafra\u00eechissantes \u00e0 chaque gorg\u00e9e. Notre th\u00e9 offre un \u00e9quilibre parfait entre la profondeur du Pu Erh, la fra\u00eecheur du citron et l&rsquo;onctuosit\u00e9 de la vanille. Achetez-le maintenant et \u00e9veillez vos sens !  <\/p>\n","protected":false},"excerpt":{"rendered":"<p><strong>Terreux avec une touche de vanille douce et raffin\u00e9e<\/strong><\/p>\n<p>Un th\u00e9 Pu-Erh hautement ferment\u00e9 a un go\u00fbt beaucoup plus doux et l\u00e9g\u00e8rement sucr\u00e9 qu&rsquo;un th\u00e9 noir. Un m\u00e9lange parfait et raffin\u00e9, tr\u00e8s recherch\u00e9 par nos clients. Un d\u00e9licieux m\u00e9lange aromatis\u00e9 de Pu-Erh en vrac pour les palais qui aiment appr\u00e9cier le meilleur dans leur tasse de th\u00e9.  <\/p>\n","protected":false},"featured_media":12313,"comment_status":"open","ping_status":"closed","template":"","meta":[],"product_brand":[],"product_cat":[309,270,298,314,283,285,312,310,311],"product_tag":[],"class_list":{"0":"post-12312","1":"product","2":"type-product","3":"status-publish","4":"has-post-thumbnail","6":"product_cat-collections","7":"product_cat-acheter-du-the-en-vrac-emballe","8":"product_cat-les-varietes-de-the","9":"product_cat-acheter-des-cadeaux-pour-amateurs-de-the","10":"product_cat-thes-et-infusions-biologiques-de-qualite","11":"product_cat-vente-de-the-pu-er-ecologique","12":"product_cat-tous-fr-2","13":"product_cat-tous","14":"product_cat-tous-fr","16":"first","17":"instock","18":"shipping-taxable","19":"purchasable","20":"product-type-simple"},"yoast_head":"<!-- This site is optimized with the Yoast SEO Premium plugin v27.3 (Yoast SEO v27.3) - https:\/\/yoast.com\/product\/yoast-seo-premium-wordpress\/ -->\n<title>Acheter Th\u00e9 rouge PU ERH Citron Vanille | Th\u00e9 en tube \u00e0 essai<\/title>\n<meta name=\"description\" content=\"Trouvez le cadeau d&#039;anniversaire id\u00e9al : D\u00e9licieux th\u00e9 Pu Erh Red Tea dans d&#039;\u00e9l\u00e9gantes \u00e9prouvettes. Achetez le th\u00e9 rouge Pu Erh en ligne maintenant.\" \/>\n<meta name=\"robots\" content=\"index, follow, max-snippet:-1, max-image-preview:large, max-video-preview:-1\" \/>\n<link rel=\"canonical\" href=\"https:\/\/www.sempertea.eu\/fr\/pu-erh-vanille-citron-the-rouge-bio-i-tube-a-essai\/\" \/>\n<meta property=\"og:locale\" content=\"fr_FR\" \/>\n<meta property=\"og:type\" content=\"article\" \/>\n<meta property=\"og:title\" content=\"PU-ERH VANILLE CITRON th\u00e9 rouge bio I Tube \u00e0 essai\" \/>\n<meta property=\"og:description\" content=\"Trouvez le cadeau d&#039;anniversaire id\u00e9al : D\u00e9licieux th\u00e9 Pu Erh Red Tea dans d&#039;\u00e9l\u00e9gantes \u00e9prouvettes. Achetez le th\u00e9 rouge Pu Erh en ligne maintenant.\" \/>\n<meta property=\"og:url\" content=\"https:\/\/www.sempertea.eu\/fr\/pu-erh-vanille-citron-the-rouge-bio-i-tube-a-essai\/\" \/>\n<meta property=\"og:site_name\" content=\"Semper Tea | Mayorista y fabricante de T\u00e9s e Infusiones para hoteles, restaurantes y bares\" \/>\n<meta property=\"og:image\" content=\"https:\/\/www.sempertea.eu\/wp-content\/uploads\/2021\/08\/el-mejor-te-rojo-ecologico-semper-tea.jpg\" \/>\n<meta name=\"twitter:card\" content=\"summary_large_image\" \/>\n<meta name=\"twitter:image\" content=\"https:\/\/www.sempertea.eu\/wp-content\/uploads\/2021\/08\/comprar-te-rojo-pu-erh-bio-semper-tea.jpg\" \/>\n<meta name=\"twitter:label1\" content=\"Dur\u00e9e de lecture estim\u00e9e\" \/>\n\t<meta name=\"twitter:data1\" content=\"1 minute\" \/>\n<script type=\"application\/ld+json\" class=\"yoast-schema-graph\">{\"@context\":\"https:\\\/\\\/schema.org\",\"@graph\":[{\"@type\":\"WebPage\",\"@id\":\"https:\\\/\\\/www.sempertea.eu\\\/fr\\\/pu-erh-vanille-citron-the-rouge-bio-i-tube-a-essai\\\/\",\"url\":\"https:\\\/\\\/www.sempertea.eu\\\/fr\\\/pu-erh-vanille-citron-the-rouge-bio-i-tube-a-essai\\\/\",\"name\":\"Acheter Th\u00e9 rouge PU ERH Citron Vanille | Th\u00e9 en tube \u00e0 essai\",\"isPartOf\":{\"@id\":\"https:\\\/\\\/www.sempertea.eu\\\/#website\"},\"primaryImageOfPage\":{\"@id\":\"https:\\\/\\\/www.sempertea.eu\\\/fr\\\/pu-erh-vanille-citron-the-rouge-bio-i-tube-a-essai\\\/#primaryimage\"},\"image\":{\"@id\":\"https:\\\/\\\/www.sempertea.eu\\\/fr\\\/pu-erh-vanille-citron-the-rouge-bio-i-tube-a-essai\\\/#primaryimage\"},\"thumbnailUrl\":\"https:\\\/\\\/www.sempertea.eu\\\/wp-content\\\/uploads\\\/2021\\\/08\\\/comprar-te-rojo-pu-erh-semper-tea.jpg\",\"datePublished\":\"2024-11-13T12:38:57+00:00\",\"description\":\"Trouvez le cadeau d'anniversaire id\u00e9al : D\u00e9licieux th\u00e9 Pu Erh Red Tea dans d'\u00e9l\u00e9gantes \u00e9prouvettes. Achetez le th\u00e9 rouge Pu Erh en ligne maintenant.\",\"breadcrumb\":{\"@id\":\"https:\\\/\\\/www.sempertea.eu\\\/fr\\\/pu-erh-vanille-citron-the-rouge-bio-i-tube-a-essai\\\/#breadcrumb\"},\"inLanguage\":\"fr-FR\",\"potentialAction\":[{\"@type\":\"ReadAction\",\"target\":[\"https:\\\/\\\/www.sempertea.eu\\\/fr\\\/pu-erh-vanille-citron-the-rouge-bio-i-tube-a-essai\\\/\"]}]},{\"@type\":\"ImageObject\",\"inLanguage\":\"fr-FR\",\"@id\":\"https:\\\/\\\/www.sempertea.eu\\\/fr\\\/pu-erh-vanille-citron-the-rouge-bio-i-tube-a-essai\\\/#primaryimage\",\"url\":\"https:\\\/\\\/www.sempertea.eu\\\/wp-content\\\/uploads\\\/2021\\\/08\\\/comprar-te-rojo-pu-erh-semper-tea.jpg\",\"contentUrl\":\"https:\\\/\\\/www.sempertea.eu\\\/wp-content\\\/uploads\\\/2021\\\/08\\\/comprar-te-rojo-pu-erh-semper-tea.jpg\",\"width\":1000,\"height\":1000,\"caption\":\"Comprar T\u00e9 rojo Pu Erh Lim\u00f3n Vainilla | Tienda de t\u00e9 Online\"},{\"@type\":\"BreadcrumbList\",\"@id\":\"https:\\\/\\\/www.sempertea.eu\\\/fr\\\/pu-erh-vanille-citron-the-rouge-bio-i-tube-a-essai\\\/#breadcrumb\",\"itemListElement\":[{\"@type\":\"ListItem\",\"position\":1,\"name\":\"Portada\",\"item\":\"https:\\\/\\\/www.sempertea.eu\\\/\"},{\"@type\":\"ListItem\",\"position\":2,\"name\":\"Tienda\",\"item\":\"https:\\\/\\\/www.sempertea.eu\\\/tienda\\\/\"},{\"@type\":\"ListItem\",\"position\":3,\"name\":\"PU-ERH VANILLE CITRON th\u00e9 rouge bio I Tube \u00e0 essai\"}]},{\"@type\":\"WebSite\",\"@id\":\"https:\\\/\\\/www.sempertea.eu\\\/#website\",\"url\":\"https:\\\/\\\/www.sempertea.eu\\\/\",\"name\":\"Semper Tea | Mayorista y fabricante de T\u00e9s e Infusiones para hoteles, restaurantes y bares\",\"description\":\"T\u00e9s e infusiones para hosteler\u00eda, hoteler\u00eda y comercio\",\"potentialAction\":[{\"@type\":\"SearchAction\",\"target\":{\"@type\":\"EntryPoint\",\"urlTemplate\":\"https:\\\/\\\/www.sempertea.eu\\\/?s={search_term_string}\"},\"query-input\":{\"@type\":\"PropertyValueSpecification\",\"valueRequired\":true,\"valueName\":\"search_term_string\"}}],\"inLanguage\":\"fr-FR\"}]}<\/script>\n<!-- \/ Yoast SEO Premium plugin. -->","yoast_head_json":{"title":"Acheter Th\u00e9 rouge PU ERH Citron Vanille | Th\u00e9 en tube \u00e0 essai","description":"Trouvez le cadeau d'anniversaire id\u00e9al : D\u00e9licieux th\u00e9 Pu Erh Red Tea dans d'\u00e9l\u00e9gantes \u00e9prouvettes. Achetez le th\u00e9 rouge Pu Erh en ligne maintenant.","robots":{"index":"index","follow":"follow","max-snippet":"max-snippet:-1","max-image-preview":"max-image-preview:large","max-video-preview":"max-video-preview:-1"},"canonical":"https:\/\/www.sempertea.eu\/fr\/pu-erh-vanille-citron-the-rouge-bio-i-tube-a-essai\/","og_locale":"fr_FR","og_type":"article","og_title":"PU-ERH VANILLE CITRON th\u00e9 rouge bio I Tube \u00e0 essai","og_description":"Trouvez le cadeau d'anniversaire id\u00e9al : D\u00e9licieux th\u00e9 Pu Erh Red Tea dans d'\u00e9l\u00e9gantes \u00e9prouvettes. Achetez le th\u00e9 rouge Pu Erh en ligne maintenant.","og_url":"https:\/\/www.sempertea.eu\/fr\/pu-erh-vanille-citron-the-rouge-bio-i-tube-a-essai\/","og_site_name":"Semper Tea | Mayorista y fabricante de T\u00e9s e Infusiones para hoteles, restaurantes y bares","og_image":[{"url":"https:\/\/www.sempertea.eu\/wp-content\/uploads\/2021\/08\/el-mejor-te-rojo-ecologico-semper-tea.jpg","type":"","width":"","height":""}],"twitter_card":"summary_large_image","twitter_image":"https:\/\/www.sempertea.eu\/wp-content\/uploads\/2021\/08\/comprar-te-rojo-pu-erh-bio-semper-tea.jpg","twitter_misc":{"Dur\u00e9e de lecture estim\u00e9e":"1 minute"},"schema":{"@context":"https:\/\/schema.org","@graph":[{"@type":"WebPage","@id":"https:\/\/www.sempertea.eu\/fr\/pu-erh-vanille-citron-the-rouge-bio-i-tube-a-essai\/","url":"https:\/\/www.sempertea.eu\/fr\/pu-erh-vanille-citron-the-rouge-bio-i-tube-a-essai\/","name":"Acheter Th\u00e9 rouge PU ERH Citron Vanille | Th\u00e9 en tube \u00e0 essai","isPartOf":{"@id":"https:\/\/www.sempertea.eu\/#website"},"primaryImageOfPage":{"@id":"https:\/\/www.sempertea.eu\/fr\/pu-erh-vanille-citron-the-rouge-bio-i-tube-a-essai\/#primaryimage"},"image":{"@id":"https:\/\/www.sempertea.eu\/fr\/pu-erh-vanille-citron-the-rouge-bio-i-tube-a-essai\/#primaryimage"},"thumbnailUrl":"https:\/\/www.sempertea.eu\/wp-content\/uploads\/2021\/08\/comprar-te-rojo-pu-erh-semper-tea.jpg","datePublished":"2024-11-13T12:38:57+00:00","description":"Trouvez le cadeau d'anniversaire id\u00e9al : D\u00e9licieux th\u00e9 Pu Erh Red Tea dans d'\u00e9l\u00e9gantes \u00e9prouvettes. Achetez le th\u00e9 rouge Pu Erh en ligne maintenant.","breadcrumb":{"@id":"https:\/\/www.sempertea.eu\/fr\/pu-erh-vanille-citron-the-rouge-bio-i-tube-a-essai\/#breadcrumb"},"inLanguage":"fr-FR","potentialAction":[{"@type":"ReadAction","target":["https:\/\/www.sempertea.eu\/fr\/pu-erh-vanille-citron-the-rouge-bio-i-tube-a-essai\/"]}]},{"@type":"ImageObject","inLanguage":"fr-FR","@id":"https:\/\/www.sempertea.eu\/fr\/pu-erh-vanille-citron-the-rouge-bio-i-tube-a-essai\/#primaryimage","url":"https:\/\/www.sempertea.eu\/wp-content\/uploads\/2021\/08\/comprar-te-rojo-pu-erh-semper-tea.jpg","contentUrl":"https:\/\/www.sempertea.eu\/wp-content\/uploads\/2021\/08\/comprar-te-rojo-pu-erh-semper-tea.jpg","width":1000,"height":1000,"caption":"Comprar T\u00e9 rojo Pu Erh Lim\u00f3n Vainilla | Tienda de t\u00e9 Online"},{"@type":"BreadcrumbList","@id":"https:\/\/www.sempertea.eu\/fr\/pu-erh-vanille-citron-the-rouge-bio-i-tube-a-essai\/#breadcrumb","itemListElement":[{"@type":"ListItem","position":1,"name":"Portada","item":"https:\/\/www.sempertea.eu\/"},{"@type":"ListItem","position":2,"name":"Tienda","item":"https:\/\/www.sempertea.eu\/tienda\/"},{"@type":"ListItem","position":3,"name":"PU-ERH VANILLE CITRON th\u00e9 rouge bio I Tube \u00e0 essai"}]},{"@type":"WebSite","@id":"https:\/\/www.sempertea.eu\/#website","url":"https:\/\/www.sempertea.eu\/","name":"Semper Tea | Mayorista y fabricante de T\u00e9s e Infusiones para hoteles, restaurantes y bares","description":"T\u00e9s e infusiones para hosteler\u00eda, hoteler\u00eda y comercio","potentialAction":[{"@type":"SearchAction","target":{"@type":"EntryPoint","urlTemplate":"https:\/\/www.sempertea.eu\/?s={search_term_string}"},"query-input":{"@type":"PropertyValueSpecification","valueRequired":true,"valueName":"search_term_string"}}],"inLanguage":"fr-FR"}]}},"_links":{"self":[{"href":"https:\/\/www.sempertea.eu\/fr\/wp-json\/wp\/v2\/product\/12312","targetHints":{"allow":["GET"]}}],"collection":[{"href":"https:\/\/www.sempertea.eu\/fr\/wp-json\/wp\/v2\/product"}],"about":[{"href":"https:\/\/www.sempertea.eu\/fr\/wp-json\/wp\/v2\/types\/product"}],"replies":[{"embeddable":true,"href":"https:\/\/www.sempertea.eu\/fr\/wp-json\/wp\/v2\/comments?post=12312"}],"wp:featuredmedia":[{"embeddable":true,"href":"https:\/\/www.sempertea.eu\/fr\/wp-json\/wp\/v2\/media\/12313"}],"wp:attachment":[{"href":"https:\/\/www.sempertea.eu\/fr\/wp-json\/wp\/v2\/media?parent=12312"}],"wp:term":[{"taxonomy":"product_brand","embeddable":true,"href":"https:\/\/www.sempertea.eu\/fr\/wp-json\/wp\/v2\/product_brand?post=12312"},{"taxonomy":"product_cat","embeddable":true,"href":"https:\/\/www.sempertea.eu\/fr\/wp-json\/wp\/v2\/product_cat?post=12312"},{"taxonomy":"product_tag","embeddable":true,"href":"https:\/\/www.sempertea.eu\/fr\/wp-json\/wp\/v2\/product_tag?post=12312"}],"curies":[{"name":"wp","href":"https:\/\/api.w.org\/{rel}","templated":true}]}}