{"id":12304,"date":"2021-07-29T11:57:01","date_gmt":"2021-07-29T10:57:01","guid":{"rendered":"https:\/\/www.sempertea.eu\/passion-fruit-infusion-organique-i-tube-a-essai\/"},"modified":"2024-11-12T19:54:58","modified_gmt":"2024-11-12T18:54:58","slug":"passion-fruit-infusion-organique-i-tube-a-essai","status":"publish","type":"product","link":"https:\/\/www.sempertea.eu\/fr\/passion-fruit-infusion-organique-i-tube-a-essai\/","title":{"rendered":"PASSION FRUIT infusion organique I Tube \u00e0 essai"},"content":{"rendered":"<h2>Cadeaux de mariage uniques : tubes en verre remplis de d\u00e9licieux th\u00e9 aux fruits<\/h2>\n<p>Impressionnez vos proches le jour J avec des cadeaux uniques et sp\u00e9ciaux ! Nos tubes de th\u00e9 aux fruits, pr\u00e9par\u00e9s avec des ingr\u00e9dients naturels et biologiques, sont le cadeau id\u00e9al qui va au-del\u00e0 du conventionnel. Vous offrirez non seulement des produits de grande qualit\u00e9, mais aussi des moments de bonheur partag\u00e9s avec vos invit\u00e9s.  <\/p>\n<h3>Une explosion de saveurs et de couleurs<\/h3>\n<p>Les infusions de fruits ouvrent une explosion de saveurs, d&rsquo;ar\u00f4mes et de couleurs ; elles sont compos\u00e9es de morceaux et d&rsquo;\u00e9corces de fruits pr\u00e9alablement s\u00e9ch\u00e9s, d&rsquo;\u00e9corces de cynorrhodon, de fleurs d&rsquo;hibiscus, d&rsquo;\u00e9corces d&rsquo;orange&#8230; Comme elles ne contiennent pas de th\u00e9ine ni d&rsquo;autres stimulants, elles peuvent \u00eatre consomm\u00e9es \u00e0 n&rsquo;importe quel moment de la journ\u00e9e. Nos vari\u00e9t\u00e9s de th\u00e9 aux fruits sont aromatiques, savoureuses et rafra\u00eechissantes, id\u00e9ales \u00e0 boire chaudes ou froides. Savourez une tasse de th\u00e9 pleine d&rsquo;\u00e9nergie et de vitalit\u00e9. <strong>Propri\u00e9t\u00e9s et bienfaits possibles des infusions de fruits<br \/>\n<\/strong><br \/>\nDiur\u00e9tique et digestif<\/p>\n<p>Relaxantes<\/p>\n<p>Propri\u00e9t\u00e9s antioxydantes<\/p>\n<p>Riche en vitamines et en min\u00e9raux<\/p>\n<p>Aide \u00e0 acc\u00e9l\u00e9rer le m\u00e9tabolisme<\/p>\n<p>\u00c9limine les toxines en nettoyant l&rsquo;organisme<\/p>\n","protected":false},"excerpt":{"rendered":"<p><strong>Un m\u00e9lange harmonieux de couleurs et d&rsquo;ar\u00f4mes fruit\u00e9s &#8211; sans caf\u00e9ine<\/strong><\/p>\n<p>Une infusion profond\u00e9ment fruit\u00e9e et rafra\u00eechissante d\u00e9licieusement m\u00e9lang\u00e9e \u00e0 des ingr\u00e9dients naturels et biologiques : hibiscus, cynorrhodon, morceaux de pomme et fraise. Naturellement sans caf\u00e9ine et pleine de vitamines et de substances b\u00e9n\u00e9fiques pour la sant\u00e9.  Le tube en verre contient 15g de feuilles de th\u00e9. De quoi pr\u00e9parer 5 \u00e0 7 tasses. <\/p>\n","protected":false},"featured_media":12305,"comment_status":"open","ping_status":"closed","template":"","meta":[],"product_brand":[],"product_cat":[309,270,298,296,314,283,312,310,311],"product_tag":[],"class_list":{"0":"post-12304","1":"product","2":"type-product","3":"status-publish","4":"has-post-thumbnail","6":"product_cat-collections","7":"product_cat-acheter-du-the-en-vrac-emballe","8":"product_cat-les-varietes-de-the","9":"product_cat-the-et-infusion-aux-fruits","10":"product_cat-acheter-des-cadeaux-pour-amateurs-de-the","11":"product_cat-thes-et-infusions-biologiques-de-qualite","12":"product_cat-tous-fr-2","13":"product_cat-tous","14":"product_cat-tous-fr","16":"first","17":"instock","18":"shipping-taxable","19":"purchasable","20":"product-type-simple"},"yoast_head":"<!-- This site is optimized with the Yoast SEO Premium plugin v27.3 (Yoast SEO v27.4) - https:\/\/yoast.com\/product\/yoast-seo-premium-wordpress\/ -->\n<title>Th\u00e9 aux fruits dans un tube en verre pour un jour sp\u00e9cial | Faveurs de mariage<\/title>\n<meta name=\"description\" content=\"S\u00e9lection exclusive de cadeaux de mariage : th\u00e9 aux fruits dans de d\u00e9licats tubes en verre, surprenez vos invit\u00e9s avec un cadeau personnalis\u00e9 !\" \/>\n<meta name=\"robots\" content=\"index, follow, max-snippet:-1, max-image-preview:large, max-video-preview:-1\" \/>\n<link rel=\"canonical\" href=\"https:\/\/www.sempertea.eu\/fr\/passion-fruit-infusion-organique-i-tube-a-essai\/\" \/>\n<meta property=\"og:locale\" content=\"fr_FR\" \/>\n<meta property=\"og:type\" content=\"article\" \/>\n<meta property=\"og:title\" content=\"PASSION FRUIT infusion organique I Tube \u00e0 essai\" \/>\n<meta property=\"og:description\" content=\"S\u00e9lection exclusive de cadeaux de mariage : th\u00e9 aux fruits dans de d\u00e9licats tubes en verre, surprenez vos invit\u00e9s avec un cadeau personnalis\u00e9 !\" \/>\n<meta property=\"og:url\" content=\"https:\/\/www.sempertea.eu\/fr\/passion-fruit-infusion-organique-i-tube-a-essai\/\" \/>\n<meta property=\"og:site_name\" content=\"Semper Tea | Mayorista y fabricante de T\u00e9s e Infusiones para hoteles, restaurantes y bares\" \/>\n<meta property=\"article:modified_time\" content=\"2024-11-12T18:54:58+00:00\" \/>\n<meta property=\"og:image\" content=\"https:\/\/www.sempertea.eu\/wp-content\/uploads\/2021\/07\/comprar-tubo-de-ensayo-rellenos-de-te-verde-semper-tea.jpg\" \/>\n<meta name=\"twitter:card\" content=\"summary_large_image\" \/>\n<meta name=\"twitter:image\" content=\"https:\/\/www.sempertea.eu\/wp-content\/uploads\/2021\/07\/comprar-tubo-de-ensayo-rellenos-de-te-verde-semper-tea.jpg\" \/>\n<meta name=\"twitter:label1\" content=\"Dur\u00e9e de lecture estim\u00e9e\" \/>\n\t<meta name=\"twitter:data1\" content=\"1 minute\" \/>\n<script type=\"application\/ld+json\" class=\"yoast-schema-graph\">{\"@context\":\"https:\\\/\\\/schema.org\",\"@graph\":[{\"@type\":\"WebPage\",\"@id\":\"https:\\\/\\\/www.sempertea.eu\\\/fr\\\/passion-fruit-infusion-organique-i-tube-a-essai\\\/\",\"url\":\"https:\\\/\\\/www.sempertea.eu\\\/fr\\\/passion-fruit-infusion-organique-i-tube-a-essai\\\/\",\"name\":\"Th\u00e9 aux fruits dans un tube en verre pour un jour sp\u00e9cial | Faveurs de mariage\",\"isPartOf\":{\"@id\":\"https:\\\/\\\/www.sempertea.eu\\\/#website\"},\"primaryImageOfPage\":{\"@id\":\"https:\\\/\\\/www.sempertea.eu\\\/fr\\\/passion-fruit-infusion-organique-i-tube-a-essai\\\/#primaryimage\"},\"image\":{\"@id\":\"https:\\\/\\\/www.sempertea.eu\\\/fr\\\/passion-fruit-infusion-organique-i-tube-a-essai\\\/#primaryimage\"},\"thumbnailUrl\":\"https:\\\/\\\/www.sempertea.eu\\\/wp-content\\\/uploads\\\/2021\\\/07\\\/tubo-de-cristal-relleno-de-te-como-detalles-de-boda-semper-tea.jpg\",\"datePublished\":\"2021-07-29T10:57:01+00:00\",\"dateModified\":\"2024-11-12T18:54:58+00:00\",\"description\":\"S\u00e9lection exclusive de cadeaux de mariage : th\u00e9 aux fruits dans de d\u00e9licats tubes en verre, surprenez vos invit\u00e9s avec un cadeau personnalis\u00e9 !\",\"breadcrumb\":{\"@id\":\"https:\\\/\\\/www.sempertea.eu\\\/fr\\\/passion-fruit-infusion-organique-i-tube-a-essai\\\/#breadcrumb\"},\"inLanguage\":\"fr-FR\",\"potentialAction\":[{\"@type\":\"ReadAction\",\"target\":[\"https:\\\/\\\/www.sempertea.eu\\\/fr\\\/passion-fruit-infusion-organique-i-tube-a-essai\\\/\"]}]},{\"@type\":\"ImageObject\",\"inLanguage\":\"fr-FR\",\"@id\":\"https:\\\/\\\/www.sempertea.eu\\\/fr\\\/passion-fruit-infusion-organique-i-tube-a-essai\\\/#primaryimage\",\"url\":\"https:\\\/\\\/www.sempertea.eu\\\/wp-content\\\/uploads\\\/2021\\\/07\\\/tubo-de-cristal-relleno-de-te-como-detalles-de-boda-semper-tea.jpg\",\"contentUrl\":\"https:\\\/\\\/www.sempertea.eu\\\/wp-content\\\/uploads\\\/2021\\\/07\\\/tubo-de-cristal-relleno-de-te-como-detalles-de-boda-semper-tea.jpg\",\"width\":1000,\"height\":1000,\"caption\":\"Detalles de boda original\"},{\"@type\":\"BreadcrumbList\",\"@id\":\"https:\\\/\\\/www.sempertea.eu\\\/fr\\\/passion-fruit-infusion-organique-i-tube-a-essai\\\/#breadcrumb\",\"itemListElement\":[{\"@type\":\"ListItem\",\"position\":1,\"name\":\"Portada\",\"item\":\"https:\\\/\\\/www.sempertea.eu\\\/\"},{\"@type\":\"ListItem\",\"position\":2,\"name\":\"Tienda\",\"item\":\"https:\\\/\\\/www.sempertea.eu\\\/tienda\\\/\"},{\"@type\":\"ListItem\",\"position\":3,\"name\":\"PASSION FRUIT infusion organique I Tube \u00e0 essai\"}]},{\"@type\":\"WebSite\",\"@id\":\"https:\\\/\\\/www.sempertea.eu\\\/#website\",\"url\":\"https:\\\/\\\/www.sempertea.eu\\\/\",\"name\":\"Semper Tea | Mayorista y fabricante de T\u00e9s e Infusiones para hoteles, restaurantes y bares\",\"description\":\"T\u00e9s e infusiones para hosteler\u00eda, hoteler\u00eda y comercio\",\"potentialAction\":[{\"@type\":\"SearchAction\",\"target\":{\"@type\":\"EntryPoint\",\"urlTemplate\":\"https:\\\/\\\/www.sempertea.eu\\\/?s={search_term_string}\"},\"query-input\":{\"@type\":\"PropertyValueSpecification\",\"valueRequired\":true,\"valueName\":\"search_term_string\"}}],\"inLanguage\":\"fr-FR\"}]}<\/script>\n<!-- \/ Yoast SEO Premium plugin. -->","yoast_head_json":{"title":"Th\u00e9 aux fruits dans un tube en verre pour un jour sp\u00e9cial | Faveurs de mariage","description":"S\u00e9lection exclusive de cadeaux de mariage : th\u00e9 aux fruits dans de d\u00e9licats tubes en verre, surprenez vos invit\u00e9s avec un cadeau personnalis\u00e9 !","robots":{"index":"index","follow":"follow","max-snippet":"max-snippet:-1","max-image-preview":"max-image-preview:large","max-video-preview":"max-video-preview:-1"},"canonical":"https:\/\/www.sempertea.eu\/fr\/passion-fruit-infusion-organique-i-tube-a-essai\/","og_locale":"fr_FR","og_type":"article","og_title":"PASSION FRUIT infusion organique I Tube \u00e0 essai","og_description":"S\u00e9lection exclusive de cadeaux de mariage : th\u00e9 aux fruits dans de d\u00e9licats tubes en verre, surprenez vos invit\u00e9s avec un cadeau personnalis\u00e9 !","og_url":"https:\/\/www.sempertea.eu\/fr\/passion-fruit-infusion-organique-i-tube-a-essai\/","og_site_name":"Semper Tea | Mayorista y fabricante de T\u00e9s e Infusiones para hoteles, restaurantes y bares","article_modified_time":"2024-11-12T18:54:58+00:00","og_image":[{"url":"https:\/\/www.sempertea.eu\/wp-content\/uploads\/2021\/07\/comprar-tubo-de-ensayo-rellenos-de-te-verde-semper-tea.jpg","type":"","width":"","height":""}],"twitter_card":"summary_large_image","twitter_image":"https:\/\/www.sempertea.eu\/wp-content\/uploads\/2021\/07\/comprar-tubo-de-ensayo-rellenos-de-te-verde-semper-tea.jpg","twitter_misc":{"Dur\u00e9e de lecture estim\u00e9e":"1 minute"},"schema":{"@context":"https:\/\/schema.org","@graph":[{"@type":"WebPage","@id":"https:\/\/www.sempertea.eu\/fr\/passion-fruit-infusion-organique-i-tube-a-essai\/","url":"https:\/\/www.sempertea.eu\/fr\/passion-fruit-infusion-organique-i-tube-a-essai\/","name":"Th\u00e9 aux fruits dans un tube en verre pour un jour sp\u00e9cial | Faveurs de mariage","isPartOf":{"@id":"https:\/\/www.sempertea.eu\/#website"},"primaryImageOfPage":{"@id":"https:\/\/www.sempertea.eu\/fr\/passion-fruit-infusion-organique-i-tube-a-essai\/#primaryimage"},"image":{"@id":"https:\/\/www.sempertea.eu\/fr\/passion-fruit-infusion-organique-i-tube-a-essai\/#primaryimage"},"thumbnailUrl":"https:\/\/www.sempertea.eu\/wp-content\/uploads\/2021\/07\/tubo-de-cristal-relleno-de-te-como-detalles-de-boda-semper-tea.jpg","datePublished":"2021-07-29T10:57:01+00:00","dateModified":"2024-11-12T18:54:58+00:00","description":"S\u00e9lection exclusive de cadeaux de mariage : th\u00e9 aux fruits dans de d\u00e9licats tubes en verre, surprenez vos invit\u00e9s avec un cadeau personnalis\u00e9 !","breadcrumb":{"@id":"https:\/\/www.sempertea.eu\/fr\/passion-fruit-infusion-organique-i-tube-a-essai\/#breadcrumb"},"inLanguage":"fr-FR","potentialAction":[{"@type":"ReadAction","target":["https:\/\/www.sempertea.eu\/fr\/passion-fruit-infusion-organique-i-tube-a-essai\/"]}]},{"@type":"ImageObject","inLanguage":"fr-FR","@id":"https:\/\/www.sempertea.eu\/fr\/passion-fruit-infusion-organique-i-tube-a-essai\/#primaryimage","url":"https:\/\/www.sempertea.eu\/wp-content\/uploads\/2021\/07\/tubo-de-cristal-relleno-de-te-como-detalles-de-boda-semper-tea.jpg","contentUrl":"https:\/\/www.sempertea.eu\/wp-content\/uploads\/2021\/07\/tubo-de-cristal-relleno-de-te-como-detalles-de-boda-semper-tea.jpg","width":1000,"height":1000,"caption":"Detalles de boda original"},{"@type":"BreadcrumbList","@id":"https:\/\/www.sempertea.eu\/fr\/passion-fruit-infusion-organique-i-tube-a-essai\/#breadcrumb","itemListElement":[{"@type":"ListItem","position":1,"name":"Portada","item":"https:\/\/www.sempertea.eu\/"},{"@type":"ListItem","position":2,"name":"Tienda","item":"https:\/\/www.sempertea.eu\/tienda\/"},{"@type":"ListItem","position":3,"name":"PASSION FRUIT infusion organique I Tube \u00e0 essai"}]},{"@type":"WebSite","@id":"https:\/\/www.sempertea.eu\/#website","url":"https:\/\/www.sempertea.eu\/","name":"Semper Tea | Mayorista y fabricante de T\u00e9s e Infusiones para hoteles, restaurantes y bares","description":"T\u00e9s e infusiones para hosteler\u00eda, hoteler\u00eda y comercio","potentialAction":[{"@type":"SearchAction","target":{"@type":"EntryPoint","urlTemplate":"https:\/\/www.sempertea.eu\/?s={search_term_string}"},"query-input":{"@type":"PropertyValueSpecification","valueRequired":true,"valueName":"search_term_string"}}],"inLanguage":"fr-FR"}]}},"_links":{"self":[{"href":"https:\/\/www.sempertea.eu\/fr\/wp-json\/wp\/v2\/product\/12304","targetHints":{"allow":["GET"]}}],"collection":[{"href":"https:\/\/www.sempertea.eu\/fr\/wp-json\/wp\/v2\/product"}],"about":[{"href":"https:\/\/www.sempertea.eu\/fr\/wp-json\/wp\/v2\/types\/product"}],"replies":[{"embeddable":true,"href":"https:\/\/www.sempertea.eu\/fr\/wp-json\/wp\/v2\/comments?post=12304"}],"wp:featuredmedia":[{"embeddable":true,"href":"https:\/\/www.sempertea.eu\/fr\/wp-json\/wp\/v2\/media\/12305"}],"wp:attachment":[{"href":"https:\/\/www.sempertea.eu\/fr\/wp-json\/wp\/v2\/media?parent=12304"}],"wp:term":[{"taxonomy":"product_brand","embeddable":true,"href":"https:\/\/www.sempertea.eu\/fr\/wp-json\/wp\/v2\/product_brand?post=12304"},{"taxonomy":"product_cat","embeddable":true,"href":"https:\/\/www.sempertea.eu\/fr\/wp-json\/wp\/v2\/product_cat?post=12304"},{"taxonomy":"product_tag","embeddable":true,"href":"https:\/\/www.sempertea.eu\/fr\/wp-json\/wp\/v2\/product_tag?post=12304"}],"curies":[{"name":"wp","href":"https:\/\/api.w.org\/{rel}","templated":true}]}}