{"id":12300,"date":"2021-08-07T17:44:04","date_gmt":"2021-08-07T16:44:04","guid":{"rendered":"https:\/\/www.sempertea.eu\/pack-assortiment-de-3-thes-bio-en-tube-verre\/"},"modified":"2024-11-12T19:30:21","modified_gmt":"2024-11-12T18:30:21","slug":"pack-assortiment-de-3-thes-bio-en-tube-verre","status":"publish","type":"product","link":"https:\/\/www.sempertea.eu\/fr\/pack-assortiment-de-3-thes-bio-en-tube-verre\/","title":{"rendered":"PACK assortiment de 3 th\u00e9s bio | En tube verre"},"content":{"rendered":"<h2>Th\u00e9s bio en \u00e9prouvette \u00e0 offrir.<\/h2>\n<p>S\u00e9lection de th\u00e9s dans un tube en verre. Une fa\u00e7on originale de d\u00e9guster 3 vari\u00e9t\u00e9s de th\u00e9s biologiques de la marque Semper Tea. La bo\u00eete contient 3 \u00e9prouvettes avec 10g-13g de th\u00e9 chacune. De quoi pr\u00e9parer 5 \u00e0 7 tasses de th\u00e9. Des th\u00e9s purs et stimulants, pleins de qualit\u00e9, d&rsquo;ar\u00f4me et de saveur : <strong>ENGLISH BREAKFAST TEA<\/strong>. Intense, robuste et cors\u00e9. Le th\u00e9 noir English Breakfast est destin\u00e9 aux amateurs de th\u00e9 anglais classique. <strong>TH\u00c9 VERT<\/strong>. D\u00e9licat et aromatique. Un th\u00e9 pur et puissant \u00e0 l&rsquo;aspect brillant et au ton vert tendre. Stimulant et riche en antioxydants. <a href=\"https:\/\/www.sempertea.eu\/comprar-te-verde-con-jengibre-limon-organico\/\"><strong>TH\u00c9 VERT AU GINGEMBRE ET AU CITRON<\/strong><\/a>. Appr\u00e9ciez le go\u00fbt d&rsquo;un th\u00e9 relaxant. Essayez notre th\u00e9 vert au gingembre et au citron. Une tasse pleine d&rsquo;ar\u00f4mes, de fra\u00eecheur et de douceur &#8211; attention, c&rsquo;est accrocheur !<\/p>\n<h3>Paquets et cadeaux pour les amateurs de th\u00e9<\/h3>\n<p>Sans aucun doute, cet \u00e9tui de d\u00e9gustation de th\u00e9s biologiques en tube de verre est un cadeau id\u00e9al pour les passionn\u00e9s de th\u00e9. Mais il convient \u00e9galement \u00e0 ceux qui souhaitent d\u00e9couvrir l&rsquo;univers du th\u00e9. En effet, ce pack est parfait pour offrir \u00e0 ceux qui veulent commencer \u00e0 boire du th\u00e9 de qualit\u00e9 et ne savent pas quel th\u00e9 choisir. Surprenez avec cette pr\u00e9sentation attrayante, moderne et originale !   <\/p>\n<h4 class=\"product-title product_title entry-title\"><a href=\"https:\/\/www.sempertea.eu\/surtido-de-te-regalo\/\">Coffret Assortiment d&rsquo;Infusions pour Cadeau<\/a> (3 vari\u00e9t\u00e9s en \u00e9prouvettes)<\/p>\n<\/h4>\n","protected":false},"excerpt":{"rendered":"<div class=\"product-short-description\">\n<p>Le set comprend 3 tubes \u00e0 essai avec 10 \/ 13 \/ 15gr de th\u00e9 chacun. De quoi pr\u00e9parer 5 \u00e0 7 tasses de chaque infusion. Sans aucun doute, ce coffret de d\u00e9gustation de th\u00e9s biologiques est un cadeau id\u00e9al pour les amateurs de th\u00e9. Mais aussi pour ceux qui veulent s&rsquo;initier au grand monde du th\u00e9. <\/p>\n<\/div>\n","protected":false},"featured_media":12301,"comment_status":"open","ping_status":"closed","template":"","meta":[],"product_brand":[],"product_cat":[365,313,371,309,270,367,364,366,370,314,283,310,311,312],"product_tag":[],"class_list":{"0":"post-12300","1":"product","2":"type-product","3":"status-publish","4":"has-post-thumbnail","6":"product_cat-amoureux-du-the-tea-lover","7":"product_cat-cadeaux","8":"product_cat-cadeaux-de-la-saint-valentin","9":"product_cat-collections","10":"product_cat-acheter-du-the-en-vrac-emballe","11":"product_cat-details-de-lanniversaire","12":"product_cat-idees-pour-la-fete-des-peres","13":"product_cat-offrir-a-noel","14":"product_cat-packs-fete-des-meres","15":"product_cat-acheter-des-cadeaux-pour-amateurs-de-the","16":"product_cat-thes-et-infusions-biologiques-de-qualite","17":"product_cat-tous","18":"product_cat-tous-fr","19":"product_cat-tous-fr-2","21":"first","22":"instock","23":"shipping-taxable","24":"purchasable","25":"product-type-simple"},"yoast_head":"<!-- This site is optimized with the Yoast SEO Premium plugin v27.3 (Yoast SEO v27.4) - https:\/\/yoast.com\/product\/yoast-seo-premium-wordpress\/ -->\n<title>Coffret assortiment de th\u00e9 CADEAU ORIGINAL | 3 infusions en tube en verre<\/title>\n<meta name=\"description\" content=\"Packs de th\u00e9s BIO en tube en verre. Cadeau original, assortiment de 3 infusions \u00e0 d\u00e9guster. Pour pr\u00e9parer 5-7 tasses de chaque th\u00e9.\" \/>\n<meta name=\"robots\" content=\"index, follow, max-snippet:-1, max-image-preview:large, max-video-preview:-1\" \/>\n<link rel=\"canonical\" href=\"https:\/\/www.sempertea.eu\/fr\/pack-assortiment-de-3-thes-bio-en-tube-verre\/\" \/>\n<meta property=\"og:locale\" content=\"fr_FR\" \/>\n<meta property=\"og:type\" content=\"article\" \/>\n<meta property=\"og:title\" content=\"PACK assortiment de 3 th\u00e9s bio | En tube verre\" \/>\n<meta property=\"og:description\" content=\"Packs de th\u00e9s BIO en tube en verre. Cadeau original, assortiment de 3 infusions \u00e0 d\u00e9guster. Pour pr\u00e9parer 5-7 tasses de chaque th\u00e9.\" \/>\n<meta property=\"og:url\" content=\"https:\/\/www.sempertea.eu\/fr\/pack-assortiment-de-3-thes-bio-en-tube-verre\/\" \/>\n<meta property=\"og:site_name\" content=\"Semper Tea | Mayorista y fabricante de T\u00e9s e Infusiones para hoteles, restaurantes y bares\" \/>\n<meta property=\"article:modified_time\" content=\"2024-11-12T18:30:21+00:00\" \/>\n<meta property=\"og:image\" content=\"https:\/\/www.sempertea.eu\/wp-content\/uploads\/2021\/08\/set-de-tres-tes-en-tubos-de-cristal-semper-tea.jpg\" \/>\n<meta name=\"twitter:card\" content=\"summary_large_image\" \/>\n<meta name=\"twitter:label1\" content=\"Dur\u00e9e de lecture estim\u00e9e\" \/>\n\t<meta name=\"twitter:data1\" content=\"1 minute\" \/>\n<script type=\"application\/ld+json\" class=\"yoast-schema-graph\">{\"@context\":\"https:\\\/\\\/schema.org\",\"@graph\":[{\"@type\":\"WebPage\",\"@id\":\"https:\\\/\\\/www.sempertea.eu\\\/fr\\\/pack-assortiment-de-3-thes-bio-en-tube-verre\\\/\",\"url\":\"https:\\\/\\\/www.sempertea.eu\\\/fr\\\/pack-assortiment-de-3-thes-bio-en-tube-verre\\\/\",\"name\":\"Coffret assortiment de th\u00e9 CADEAU ORIGINAL | 3 infusions en tube en verre\",\"isPartOf\":{\"@id\":\"https:\\\/\\\/www.sempertea.eu\\\/#website\"},\"primaryImageOfPage\":{\"@id\":\"https:\\\/\\\/www.sempertea.eu\\\/fr\\\/pack-assortiment-de-3-thes-bio-en-tube-verre\\\/#primaryimage\"},\"image\":{\"@id\":\"https:\\\/\\\/www.sempertea.eu\\\/fr\\\/pack-assortiment-de-3-thes-bio-en-tube-verre\\\/#primaryimage\"},\"thumbnailUrl\":\"https:\\\/\\\/www.sempertea.eu\\\/wp-content\\\/uploads\\\/2021\\\/08\\\/set-de-tres-tes-en-tubos-de-cristal-semper-tea.jpg\",\"datePublished\":\"2021-08-07T16:44:04+00:00\",\"dateModified\":\"2024-11-12T18:30:21+00:00\",\"description\":\"Packs de th\u00e9s BIO en tube en verre. Cadeau original, assortiment de 3 infusions \u00e0 d\u00e9guster. Pour pr\u00e9parer 5-7 tasses de chaque th\u00e9.\",\"breadcrumb\":{\"@id\":\"https:\\\/\\\/www.sempertea.eu\\\/fr\\\/pack-assortiment-de-3-thes-bio-en-tube-verre\\\/#breadcrumb\"},\"inLanguage\":\"fr-FR\",\"potentialAction\":[{\"@type\":\"ReadAction\",\"target\":[\"https:\\\/\\\/www.sempertea.eu\\\/fr\\\/pack-assortiment-de-3-thes-bio-en-tube-verre\\\/\"]}]},{\"@type\":\"ImageObject\",\"inLanguage\":\"fr-FR\",\"@id\":\"https:\\\/\\\/www.sempertea.eu\\\/fr\\\/pack-assortiment-de-3-thes-bio-en-tube-verre\\\/#primaryimage\",\"url\":\"https:\\\/\\\/www.sempertea.eu\\\/wp-content\\\/uploads\\\/2021\\\/08\\\/set-de-tres-tes-en-tubos-de-cristal-semper-tea.jpg\",\"contentUrl\":\"https:\\\/\\\/www.sempertea.eu\\\/wp-content\\\/uploads\\\/2021\\\/08\\\/set-de-tres-tes-en-tubos-de-cristal-semper-tea.jpg\",\"width\":1000,\"height\":1000,\"caption\":\"estuche selecci\u00f3n tes en tubos semper tea\"},{\"@type\":\"BreadcrumbList\",\"@id\":\"https:\\\/\\\/www.sempertea.eu\\\/fr\\\/pack-assortiment-de-3-thes-bio-en-tube-verre\\\/#breadcrumb\",\"itemListElement\":[{\"@type\":\"ListItem\",\"position\":1,\"name\":\"Portada\",\"item\":\"https:\\\/\\\/www.sempertea.eu\\\/\"},{\"@type\":\"ListItem\",\"position\":2,\"name\":\"Tienda\",\"item\":\"https:\\\/\\\/www.sempertea.eu\\\/tienda\\\/\"},{\"@type\":\"ListItem\",\"position\":3,\"name\":\"PACK assortiment de 3 th\u00e9s bio | En tube verre\"}]},{\"@type\":\"WebSite\",\"@id\":\"https:\\\/\\\/www.sempertea.eu\\\/#website\",\"url\":\"https:\\\/\\\/www.sempertea.eu\\\/\",\"name\":\"Semper Tea | Mayorista y fabricante de T\u00e9s e Infusiones para hoteles, restaurantes y bares\",\"description\":\"T\u00e9s e infusiones para hosteler\u00eda, hoteler\u00eda y comercio\",\"potentialAction\":[{\"@type\":\"SearchAction\",\"target\":{\"@type\":\"EntryPoint\",\"urlTemplate\":\"https:\\\/\\\/www.sempertea.eu\\\/?s={search_term_string}\"},\"query-input\":{\"@type\":\"PropertyValueSpecification\",\"valueRequired\":true,\"valueName\":\"search_term_string\"}}],\"inLanguage\":\"fr-FR\"}]}<\/script>\n<!-- \/ Yoast SEO Premium plugin. -->","yoast_head_json":{"title":"Coffret assortiment de th\u00e9 CADEAU ORIGINAL | 3 infusions en tube en verre","description":"Packs de th\u00e9s BIO en tube en verre. Cadeau original, assortiment de 3 infusions \u00e0 d\u00e9guster. Pour pr\u00e9parer 5-7 tasses de chaque th\u00e9.","robots":{"index":"index","follow":"follow","max-snippet":"max-snippet:-1","max-image-preview":"max-image-preview:large","max-video-preview":"max-video-preview:-1"},"canonical":"https:\/\/www.sempertea.eu\/fr\/pack-assortiment-de-3-thes-bio-en-tube-verre\/","og_locale":"fr_FR","og_type":"article","og_title":"PACK assortiment de 3 th\u00e9s bio | En tube verre","og_description":"Packs de th\u00e9s BIO en tube en verre. Cadeau original, assortiment de 3 infusions \u00e0 d\u00e9guster. Pour pr\u00e9parer 5-7 tasses de chaque th\u00e9.","og_url":"https:\/\/www.sempertea.eu\/fr\/pack-assortiment-de-3-thes-bio-en-tube-verre\/","og_site_name":"Semper Tea | Mayorista y fabricante de T\u00e9s e Infusiones para hoteles, restaurantes y bares","article_modified_time":"2024-11-12T18:30:21+00:00","og_image":[{"url":"https:\/\/www.sempertea.eu\/wp-content\/uploads\/2021\/08\/set-de-tres-tes-en-tubos-de-cristal-semper-tea.jpg","type":"","width":"","height":""}],"twitter_card":"summary_large_image","twitter_misc":{"Dur\u00e9e de lecture estim\u00e9e":"1 minute"},"schema":{"@context":"https:\/\/schema.org","@graph":[{"@type":"WebPage","@id":"https:\/\/www.sempertea.eu\/fr\/pack-assortiment-de-3-thes-bio-en-tube-verre\/","url":"https:\/\/www.sempertea.eu\/fr\/pack-assortiment-de-3-thes-bio-en-tube-verre\/","name":"Coffret assortiment de th\u00e9 CADEAU ORIGINAL | 3 infusions en tube en verre","isPartOf":{"@id":"https:\/\/www.sempertea.eu\/#website"},"primaryImageOfPage":{"@id":"https:\/\/www.sempertea.eu\/fr\/pack-assortiment-de-3-thes-bio-en-tube-verre\/#primaryimage"},"image":{"@id":"https:\/\/www.sempertea.eu\/fr\/pack-assortiment-de-3-thes-bio-en-tube-verre\/#primaryimage"},"thumbnailUrl":"https:\/\/www.sempertea.eu\/wp-content\/uploads\/2021\/08\/set-de-tres-tes-en-tubos-de-cristal-semper-tea.jpg","datePublished":"2021-08-07T16:44:04+00:00","dateModified":"2024-11-12T18:30:21+00:00","description":"Packs de th\u00e9s BIO en tube en verre. Cadeau original, assortiment de 3 infusions \u00e0 d\u00e9guster. Pour pr\u00e9parer 5-7 tasses de chaque th\u00e9.","breadcrumb":{"@id":"https:\/\/www.sempertea.eu\/fr\/pack-assortiment-de-3-thes-bio-en-tube-verre\/#breadcrumb"},"inLanguage":"fr-FR","potentialAction":[{"@type":"ReadAction","target":["https:\/\/www.sempertea.eu\/fr\/pack-assortiment-de-3-thes-bio-en-tube-verre\/"]}]},{"@type":"ImageObject","inLanguage":"fr-FR","@id":"https:\/\/www.sempertea.eu\/fr\/pack-assortiment-de-3-thes-bio-en-tube-verre\/#primaryimage","url":"https:\/\/www.sempertea.eu\/wp-content\/uploads\/2021\/08\/set-de-tres-tes-en-tubos-de-cristal-semper-tea.jpg","contentUrl":"https:\/\/www.sempertea.eu\/wp-content\/uploads\/2021\/08\/set-de-tres-tes-en-tubos-de-cristal-semper-tea.jpg","width":1000,"height":1000,"caption":"estuche selecci\u00f3n tes en tubos semper tea"},{"@type":"BreadcrumbList","@id":"https:\/\/www.sempertea.eu\/fr\/pack-assortiment-de-3-thes-bio-en-tube-verre\/#breadcrumb","itemListElement":[{"@type":"ListItem","position":1,"name":"Portada","item":"https:\/\/www.sempertea.eu\/"},{"@type":"ListItem","position":2,"name":"Tienda","item":"https:\/\/www.sempertea.eu\/tienda\/"},{"@type":"ListItem","position":3,"name":"PACK assortiment de 3 th\u00e9s bio | En tube verre"}]},{"@type":"WebSite","@id":"https:\/\/www.sempertea.eu\/#website","url":"https:\/\/www.sempertea.eu\/","name":"Semper Tea | Mayorista y fabricante de T\u00e9s e Infusiones para hoteles, restaurantes y bares","description":"T\u00e9s e infusiones para hosteler\u00eda, hoteler\u00eda y comercio","potentialAction":[{"@type":"SearchAction","target":{"@type":"EntryPoint","urlTemplate":"https:\/\/www.sempertea.eu\/?s={search_term_string}"},"query-input":{"@type":"PropertyValueSpecification","valueRequired":true,"valueName":"search_term_string"}}],"inLanguage":"fr-FR"}]}},"_links":{"self":[{"href":"https:\/\/www.sempertea.eu\/fr\/wp-json\/wp\/v2\/product\/12300","targetHints":{"allow":["GET"]}}],"collection":[{"href":"https:\/\/www.sempertea.eu\/fr\/wp-json\/wp\/v2\/product"}],"about":[{"href":"https:\/\/www.sempertea.eu\/fr\/wp-json\/wp\/v2\/types\/product"}],"replies":[{"embeddable":true,"href":"https:\/\/www.sempertea.eu\/fr\/wp-json\/wp\/v2\/comments?post=12300"}],"wp:featuredmedia":[{"embeddable":true,"href":"https:\/\/www.sempertea.eu\/fr\/wp-json\/wp\/v2\/media\/12301"}],"wp:attachment":[{"href":"https:\/\/www.sempertea.eu\/fr\/wp-json\/wp\/v2\/media?parent=12300"}],"wp:term":[{"taxonomy":"product_brand","embeddable":true,"href":"https:\/\/www.sempertea.eu\/fr\/wp-json\/wp\/v2\/product_brand?post=12300"},{"taxonomy":"product_cat","embeddable":true,"href":"https:\/\/www.sempertea.eu\/fr\/wp-json\/wp\/v2\/product_cat?post=12300"},{"taxonomy":"product_tag","embeddable":true,"href":"https:\/\/www.sempertea.eu\/fr\/wp-json\/wp\/v2\/product_tag?post=12300"}],"curies":[{"name":"wp","href":"https:\/\/api.w.org\/{rel}","templated":true}]}}