{"id":12298,"date":"2021-08-07T17:22:38","date_gmt":"2021-08-07T16:22:38","guid":{"rendered":"https:\/\/www.sempertea.eu\/pack-assortiment-de-3-infusions-biologiques-en-tube-en-verre\/"},"modified":"2024-11-12T19:22:53","modified_gmt":"2024-11-12T18:22:53","slug":"pack-assortiment-de-3-infusions-biologiques-en-tube-en-verre","status":"publish","type":"product","link":"https:\/\/www.sempertea.eu\/fr\/pack-assortiment-de-3-infusions-biologiques-en-tube-en-verre\/","title":{"rendered":"PACK assortiment de 3 infusions biologiques | En tube en verre"},"content":{"rendered":"<div class=\"tab-panels\">\n<div id=\"tab-description\" class=\"woocommerce-Tabs-panel woocommerce-Tabs-panel--description panel entry-content active\" role=\"tabpanel\" aria-labelledby=\"tab-title-description\">\n<h2>Des infusions sans caf\u00e9ine dans des \u00e9prouvettes pour un cadeau original<\/h2>\n<p>S\u00e9lection de th\u00e9s dans un tube en verre. Une mani\u00e8re originale de d\u00e9guster 3 des vari\u00e9t\u00e9s d&rsquo;infusions biologiques de la marque Semper Tea. Le coffret comprend 3 \u00e9prouvettes de 10 \/ 13 \/ 15 grammes de th\u00e9 chacune. De quoi pr\u00e9parer 5 \u00e0 7 tasses de chaque th\u00e9. Des infusions stimulantes, pleines de qualit\u00e9, d&rsquo;ar\u00f4me et de saveur :<strong><a href=\"https:\/\/www.sempertea.eu\/tubo-de-cristal-relleno-de-te-detalles-de-boda\/\"> PASSION FRUIT.<\/a><\/strong> Une infusion profond\u00e9ment fruit\u00e9e et rafra\u00eechissante d\u00e9licieusement m\u00e9lang\u00e9e \u00e0 des ingr\u00e9dients naturels et biologiques : hibiscus, cynorrhodon, morceaux de pomme et fraise. Naturellement sans caf\u00e9ine et pleine de vitamines et de substances b\u00e9n\u00e9fiques pour la sant\u00e9.   <\/p>\n<p><strong>REGALIZ MINT APPLE<\/strong>. Une douce tasse de th\u00e9 sans caf\u00e9ine. La tisane R\u00e9glisse, Pomme et Menthe offre une d\u00e9licieuse combinaison de menthe rafra\u00eechissante, de r\u00e9glisse aromatique et de pomme, \u00e0 tout moment de la journ\u00e9e.  <\/p>\n<p><strong>ROOIBOS. <\/strong>Une boisson d\u00e9licieuse, au go\u00fbt unique, doux et l\u00e9g\u00e8rement noiset\u00e9. Pure et non m\u00e9lang\u00e9e, cors\u00e9e, avec une touche sucr\u00e9e et une couleur rouge-brun profonde. <\/p>\n<h3>Paquets et cadeaux pour les amateurs de th\u00e9<\/h3>\n<p>Ce coffret de d\u00e9gustation d&rsquo;infusions biologiques dans un tube en verre est sans aucun doute un cadeau id\u00e9al pour les amateurs de th\u00e9. Mais aussi pour ceux qui veulent entrer dans le monde du th\u00e9. Ce coffret est parfait comme cadeau pour ceux qui veulent commencer \u00e0 boire du th\u00e9 de qualit\u00e9 et qui ne savent pas quels th\u00e9s choisir. Surprenez-les avec cette pr\u00e9sentation frappante, moderne et originale !   <\/p>\n<h4 class=\"product-title product_title entry-title\"><a href=\"https:\/\/www.sempertea.eu\/packs-surtido-de-te-regalo-original\/\">Coffret Assortiment de Th\u00e9s Cadeau<\/a> (3 vari\u00e9t\u00e9s en tubes \u00e0 essai)<\/p>\n<\/h4>\n<\/div>\n<\/div>\n","protected":false},"excerpt":{"rendered":"<div class=\"product-short-description\">\n<p>L&rsquo;ensemble comprend 3 tubes \u00e0 essai avec 10g-13g de th\u00e9 chacun. De quoi pr\u00e9parer 5 \u00e0 7 tasses de chaque th\u00e9. Sans aucun doute, ce coffret de d\u00e9gustation d&rsquo;infusions biologiques sans caf\u00e9ine est un cadeau id\u00e9al pour les amateurs de th\u00e9. Mais aussi pour ceux qui veulent s&rsquo;initier au grand monde du th\u00e9.<\/p>\n<\/div>\n","protected":false},"featured_media":12299,"comment_status":"open","ping_status":"closed","template":"","meta":[],"product_brand":[],"product_cat":[365,313,371,309,270,367,364,366,370,314,283,310,311,312],"product_tag":[],"class_list":{"0":"post-12298","1":"product","2":"type-product","3":"status-publish","4":"has-post-thumbnail","6":"product_cat-amoureux-du-the-tea-lover","7":"product_cat-cadeaux","8":"product_cat-cadeaux-de-la-saint-valentin","9":"product_cat-collections","10":"product_cat-acheter-du-the-en-vrac-emballe","11":"product_cat-details-de-lanniversaire","12":"product_cat-idees-pour-la-fete-des-peres","13":"product_cat-offrir-a-noel","14":"product_cat-packs-fete-des-meres","15":"product_cat-acheter-des-cadeaux-pour-amateurs-de-the","16":"product_cat-thes-et-infusions-biologiques-de-qualite","17":"product_cat-tous","18":"product_cat-tous-fr","19":"product_cat-tous-fr-2","21":"first","22":"instock","23":"shipping-taxable","24":"purchasable","25":"product-type-simple"},"yoast_head":"<!-- This site is optimized with the Yoast SEO Premium plugin v27.3 (Yoast SEO v27.4) - https:\/\/yoast.com\/product\/yoast-seo-premium-wordpress\/ -->\n<title>Assortiment de th\u00e9 CADEAU | 3 saveurs BIO en tube \u00e0 essai | BO\u00ceTE \u00c0 TH\u00c9<\/title>\n<meta name=\"description\" content=\"Les th\u00e9s ECO dans un tube en verre. Une fa\u00e7on originale de d\u00e9guster 3 vari\u00e9t\u00e9s de th\u00e9 assorties. Suffisamment pour pr\u00e9parer 5 \u00e0 7 tasses de chaque th\u00e9.\" \/>\n<meta name=\"robots\" content=\"index, follow, max-snippet:-1, max-image-preview:large, max-video-preview:-1\" \/>\n<link rel=\"canonical\" href=\"https:\/\/www.sempertea.eu\/fr\/pack-assortiment-de-3-infusions-biologiques-en-tube-en-verre\/\" \/>\n<meta property=\"og:locale\" content=\"fr_FR\" \/>\n<meta property=\"og:type\" content=\"article\" \/>\n<meta property=\"og:title\" content=\"PACK assortiment de 3 infusions biologiques | En tube en verre\" \/>\n<meta property=\"og:description\" content=\"Les th\u00e9s ECO dans un tube en verre. Une fa\u00e7on originale de d\u00e9guster 3 vari\u00e9t\u00e9s de th\u00e9 assorties. Suffisamment pour pr\u00e9parer 5 \u00e0 7 tasses de chaque th\u00e9.\" \/>\n<meta property=\"og:url\" content=\"https:\/\/www.sempertea.eu\/fr\/pack-assortiment-de-3-infusions-biologiques-en-tube-en-verre\/\" \/>\n<meta property=\"og:site_name\" content=\"Semper Tea | Mayorista y fabricante de T\u00e9s e Infusiones para hoteles, restaurantes y bares\" \/>\n<meta property=\"article:modified_time\" content=\"2024-11-12T18:22:53+00:00\" \/>\n<meta property=\"og:image\" content=\"https:\/\/www.sempertea.eu\/wp-content\/uploads\/2021\/08\/surtido-de-tes-infusiones-en-tubos-de-cristal-semper-tea.jpg\" \/>\n<meta name=\"twitter:card\" content=\"summary_large_image\" \/>\n<meta name=\"twitter:label1\" content=\"Dur\u00e9e de lecture estim\u00e9e\" \/>\n\t<meta name=\"twitter:data1\" content=\"1 minute\" \/>\n<script type=\"application\/ld+json\" class=\"yoast-schema-graph\">{\"@context\":\"https:\\\/\\\/schema.org\",\"@graph\":[{\"@type\":\"WebPage\",\"@id\":\"https:\\\/\\\/www.sempertea.eu\\\/fr\\\/pack-assortiment-de-3-infusions-biologiques-en-tube-en-verre\\\/\",\"url\":\"https:\\\/\\\/www.sempertea.eu\\\/fr\\\/pack-assortiment-de-3-infusions-biologiques-en-tube-en-verre\\\/\",\"name\":\"Assortiment de th\u00e9 CADEAU | 3 saveurs BIO en tube \u00e0 essai | BO\u00ceTE \u00c0 TH\u00c9\",\"isPartOf\":{\"@id\":\"https:\\\/\\\/www.sempertea.eu\\\/#website\"},\"primaryImageOfPage\":{\"@id\":\"https:\\\/\\\/www.sempertea.eu\\\/fr\\\/pack-assortiment-de-3-infusions-biologiques-en-tube-en-verre\\\/#primaryimage\"},\"image\":{\"@id\":\"https:\\\/\\\/www.sempertea.eu\\\/fr\\\/pack-assortiment-de-3-infusions-biologiques-en-tube-en-verre\\\/#primaryimage\"},\"thumbnailUrl\":\"https:\\\/\\\/www.sempertea.eu\\\/wp-content\\\/uploads\\\/2021\\\/08\\\/surtido-de-tes-infusiones-en-tubos-de-cristal-semper-tea.jpg\",\"datePublished\":\"2021-08-07T16:22:38+00:00\",\"dateModified\":\"2024-11-12T18:22:53+00:00\",\"description\":\"Les th\u00e9s ECO dans un tube en verre. Une fa\u00e7on originale de d\u00e9guster 3 vari\u00e9t\u00e9s de th\u00e9 assorties. Suffisamment pour pr\u00e9parer 5 \u00e0 7 tasses de chaque th\u00e9.\",\"breadcrumb\":{\"@id\":\"https:\\\/\\\/www.sempertea.eu\\\/fr\\\/pack-assortiment-de-3-infusions-biologiques-en-tube-en-verre\\\/#breadcrumb\"},\"inLanguage\":\"fr-FR\",\"potentialAction\":[{\"@type\":\"ReadAction\",\"target\":[\"https:\\\/\\\/www.sempertea.eu\\\/fr\\\/pack-assortiment-de-3-infusions-biologiques-en-tube-en-verre\\\/\"]}]},{\"@type\":\"ImageObject\",\"inLanguage\":\"fr-FR\",\"@id\":\"https:\\\/\\\/www.sempertea.eu\\\/fr\\\/pack-assortiment-de-3-infusions-biologiques-en-tube-en-verre\\\/#primaryimage\",\"url\":\"https:\\\/\\\/www.sempertea.eu\\\/wp-content\\\/uploads\\\/2021\\\/08\\\/surtido-de-tes-infusiones-en-tubos-de-cristal-semper-tea.jpg\",\"contentUrl\":\"https:\\\/\\\/www.sempertea.eu\\\/wp-content\\\/uploads\\\/2021\\\/08\\\/surtido-de-tes-infusiones-en-tubos-de-cristal-semper-tea.jpg\",\"width\":1000,\"height\":1000,\"caption\":\"estuche seleccion infusiones en tubos de cristal semper tea\"},{\"@type\":\"BreadcrumbList\",\"@id\":\"https:\\\/\\\/www.sempertea.eu\\\/fr\\\/pack-assortiment-de-3-infusions-biologiques-en-tube-en-verre\\\/#breadcrumb\",\"itemListElement\":[{\"@type\":\"ListItem\",\"position\":1,\"name\":\"Portada\",\"item\":\"https:\\\/\\\/www.sempertea.eu\\\/\"},{\"@type\":\"ListItem\",\"position\":2,\"name\":\"Tienda\",\"item\":\"https:\\\/\\\/www.sempertea.eu\\\/tienda\\\/\"},{\"@type\":\"ListItem\",\"position\":3,\"name\":\"PACK assortiment de 3 infusions biologiques | En tube en verre\"}]},{\"@type\":\"WebSite\",\"@id\":\"https:\\\/\\\/www.sempertea.eu\\\/#website\",\"url\":\"https:\\\/\\\/www.sempertea.eu\\\/\",\"name\":\"Semper Tea | Mayorista y fabricante de T\u00e9s e Infusiones para hoteles, restaurantes y bares\",\"description\":\"T\u00e9s e infusiones para hosteler\u00eda, hoteler\u00eda y comercio\",\"potentialAction\":[{\"@type\":\"SearchAction\",\"target\":{\"@type\":\"EntryPoint\",\"urlTemplate\":\"https:\\\/\\\/www.sempertea.eu\\\/?s={search_term_string}\"},\"query-input\":{\"@type\":\"PropertyValueSpecification\",\"valueRequired\":true,\"valueName\":\"search_term_string\"}}],\"inLanguage\":\"fr-FR\"}]}<\/script>\n<!-- \/ Yoast SEO Premium plugin. -->","yoast_head_json":{"title":"Assortiment de th\u00e9 CADEAU | 3 saveurs BIO en tube \u00e0 essai | BO\u00ceTE \u00c0 TH\u00c9","description":"Les th\u00e9s ECO dans un tube en verre. Une fa\u00e7on originale de d\u00e9guster 3 vari\u00e9t\u00e9s de th\u00e9 assorties. Suffisamment pour pr\u00e9parer 5 \u00e0 7 tasses de chaque th\u00e9.","robots":{"index":"index","follow":"follow","max-snippet":"max-snippet:-1","max-image-preview":"max-image-preview:large","max-video-preview":"max-video-preview:-1"},"canonical":"https:\/\/www.sempertea.eu\/fr\/pack-assortiment-de-3-infusions-biologiques-en-tube-en-verre\/","og_locale":"fr_FR","og_type":"article","og_title":"PACK assortiment de 3 infusions biologiques | En tube en verre","og_description":"Les th\u00e9s ECO dans un tube en verre. Une fa\u00e7on originale de d\u00e9guster 3 vari\u00e9t\u00e9s de th\u00e9 assorties. Suffisamment pour pr\u00e9parer 5 \u00e0 7 tasses de chaque th\u00e9.","og_url":"https:\/\/www.sempertea.eu\/fr\/pack-assortiment-de-3-infusions-biologiques-en-tube-en-verre\/","og_site_name":"Semper Tea | Mayorista y fabricante de T\u00e9s e Infusiones para hoteles, restaurantes y bares","article_modified_time":"2024-11-12T18:22:53+00:00","og_image":[{"url":"https:\/\/www.sempertea.eu\/wp-content\/uploads\/2021\/08\/surtido-de-tes-infusiones-en-tubos-de-cristal-semper-tea.jpg","type":"","width":"","height":""}],"twitter_card":"summary_large_image","twitter_misc":{"Dur\u00e9e de lecture estim\u00e9e":"1 minute"},"schema":{"@context":"https:\/\/schema.org","@graph":[{"@type":"WebPage","@id":"https:\/\/www.sempertea.eu\/fr\/pack-assortiment-de-3-infusions-biologiques-en-tube-en-verre\/","url":"https:\/\/www.sempertea.eu\/fr\/pack-assortiment-de-3-infusions-biologiques-en-tube-en-verre\/","name":"Assortiment de th\u00e9 CADEAU | 3 saveurs BIO en tube \u00e0 essai | BO\u00ceTE \u00c0 TH\u00c9","isPartOf":{"@id":"https:\/\/www.sempertea.eu\/#website"},"primaryImageOfPage":{"@id":"https:\/\/www.sempertea.eu\/fr\/pack-assortiment-de-3-infusions-biologiques-en-tube-en-verre\/#primaryimage"},"image":{"@id":"https:\/\/www.sempertea.eu\/fr\/pack-assortiment-de-3-infusions-biologiques-en-tube-en-verre\/#primaryimage"},"thumbnailUrl":"https:\/\/www.sempertea.eu\/wp-content\/uploads\/2021\/08\/surtido-de-tes-infusiones-en-tubos-de-cristal-semper-tea.jpg","datePublished":"2021-08-07T16:22:38+00:00","dateModified":"2024-11-12T18:22:53+00:00","description":"Les th\u00e9s ECO dans un tube en verre. Une fa\u00e7on originale de d\u00e9guster 3 vari\u00e9t\u00e9s de th\u00e9 assorties. Suffisamment pour pr\u00e9parer 5 \u00e0 7 tasses de chaque th\u00e9.","breadcrumb":{"@id":"https:\/\/www.sempertea.eu\/fr\/pack-assortiment-de-3-infusions-biologiques-en-tube-en-verre\/#breadcrumb"},"inLanguage":"fr-FR","potentialAction":[{"@type":"ReadAction","target":["https:\/\/www.sempertea.eu\/fr\/pack-assortiment-de-3-infusions-biologiques-en-tube-en-verre\/"]}]},{"@type":"ImageObject","inLanguage":"fr-FR","@id":"https:\/\/www.sempertea.eu\/fr\/pack-assortiment-de-3-infusions-biologiques-en-tube-en-verre\/#primaryimage","url":"https:\/\/www.sempertea.eu\/wp-content\/uploads\/2021\/08\/surtido-de-tes-infusiones-en-tubos-de-cristal-semper-tea.jpg","contentUrl":"https:\/\/www.sempertea.eu\/wp-content\/uploads\/2021\/08\/surtido-de-tes-infusiones-en-tubos-de-cristal-semper-tea.jpg","width":1000,"height":1000,"caption":"estuche seleccion infusiones en tubos de cristal semper tea"},{"@type":"BreadcrumbList","@id":"https:\/\/www.sempertea.eu\/fr\/pack-assortiment-de-3-infusions-biologiques-en-tube-en-verre\/#breadcrumb","itemListElement":[{"@type":"ListItem","position":1,"name":"Portada","item":"https:\/\/www.sempertea.eu\/"},{"@type":"ListItem","position":2,"name":"Tienda","item":"https:\/\/www.sempertea.eu\/tienda\/"},{"@type":"ListItem","position":3,"name":"PACK assortiment de 3 infusions biologiques | En tube en verre"}]},{"@type":"WebSite","@id":"https:\/\/www.sempertea.eu\/#website","url":"https:\/\/www.sempertea.eu\/","name":"Semper Tea | Mayorista y fabricante de T\u00e9s e Infusiones para hoteles, restaurantes y bares","description":"T\u00e9s e infusiones para hosteler\u00eda, hoteler\u00eda y comercio","potentialAction":[{"@type":"SearchAction","target":{"@type":"EntryPoint","urlTemplate":"https:\/\/www.sempertea.eu\/?s={search_term_string}"},"query-input":{"@type":"PropertyValueSpecification","valueRequired":true,"valueName":"search_term_string"}}],"inLanguage":"fr-FR"}]}},"_links":{"self":[{"href":"https:\/\/www.sempertea.eu\/fr\/wp-json\/wp\/v2\/product\/12298","targetHints":{"allow":["GET"]}}],"collection":[{"href":"https:\/\/www.sempertea.eu\/fr\/wp-json\/wp\/v2\/product"}],"about":[{"href":"https:\/\/www.sempertea.eu\/fr\/wp-json\/wp\/v2\/types\/product"}],"replies":[{"embeddable":true,"href":"https:\/\/www.sempertea.eu\/fr\/wp-json\/wp\/v2\/comments?post=12298"}],"wp:featuredmedia":[{"embeddable":true,"href":"https:\/\/www.sempertea.eu\/fr\/wp-json\/wp\/v2\/media\/12299"}],"wp:attachment":[{"href":"https:\/\/www.sempertea.eu\/fr\/wp-json\/wp\/v2\/media?parent=12298"}],"wp:term":[{"taxonomy":"product_brand","embeddable":true,"href":"https:\/\/www.sempertea.eu\/fr\/wp-json\/wp\/v2\/product_brand?post=12298"},{"taxonomy":"product_cat","embeddable":true,"href":"https:\/\/www.sempertea.eu\/fr\/wp-json\/wp\/v2\/product_cat?post=12298"},{"taxonomy":"product_tag","embeddable":true,"href":"https:\/\/www.sempertea.eu\/fr\/wp-json\/wp\/v2\/product_tag?post=12298"}],"curies":[{"name":"wp","href":"https:\/\/api.w.org\/{rel}","templated":true}]}}