{"id":12287,"date":"2021-08-03T17:54:46","date_gmt":"2024-11-12T17:12:25","guid":{"rendered":"https:\/\/www.sempertea.eu\/earl-grey-cream-organic-tea-i-tube-a-essai\/"},"modified":"2024-11-12T18:12:25","modified_gmt":"2024-11-12T17:12:25","slug":"earl-grey-cream-organic-tea-i-tube-a-essai","status":"publish","type":"product","link":"https:\/\/www.sempertea.eu\/fr\/earl-grey-cream-organic-tea-i-tube-a-essai\/","title":{"rendered":"EARL GREY CREAM organic tea I Tube \u00e0 essai"},"content":{"rendered":"<h2>Un petit cadeau \u00e9l\u00e9gant et original pour les amateurs de th\u00e9<\/h2>\n<p>Cette \u00e9l\u00e9gante id\u00e9e de cadeau est un petit cadeau styl\u00e9 que les amateurs de th\u00e9 adoreront. Que ce soit pour des amis, de la famille, des coll\u00e8gues ou des personnes sp\u00e9ciales, tout le monde appr\u00e9ciera le charme de ce cadeau. <\/p>\n<h3>Le cadeau sp\u00e9cial pour chaque occasion<\/h3>\n<p>Les d\u00e9licieux services \u00e0 th\u00e9 en \u00e9prouvette offrent une d\u00e9licieuse exp\u00e9rience de d\u00e9gustation de th\u00e9, parfaite pour se d\u00e9tendre seul ou pour partager avec ses proches autour d&rsquo;un th\u00e9 l&rsquo;apr\u00e8s-midi ou lors d&rsquo;une r\u00e9union chaleureuse. Les saveurs captivantes des feuilles de th\u00e9 noir cr\u00e9ent un m\u00e9lange d\u00e9licieux qui peut \u00eatre d\u00e9gust\u00e9 chaud ou glac\u00e9, ce qui en fait une boisson polyvalente et rafra\u00eechissante pour toutes les occasions. <\/p>\n<h4><strong>Polyvalent et d\u00e9licieux<\/strong><\/h4>\n<p>Les petits cadeaux \u00e9l\u00e9gants sont parfaits pour diverses occasions, telles que les anniversaires, les f\u00eates et les moments sp\u00e9ciaux. Ils font \u00e9galement d&rsquo;excellents cadeaux de f\u00eate ou de remerciement pour les invit\u00e9s lors de mariages ou d&rsquo;\u00e9v\u00e9nements d&rsquo;entreprise. <\/p>\n<h5><strong>Rehaussez les occasions sp\u00e9ciales avec ces magnifiques th\u00e9s en \u00e9prouvette.<\/strong><\/h5>\n<p>Ce cadeau est \u00e9galement id\u00e9al pour soi-m\u00eame : un moment de plaisir qui promet d\u00e9tente et tranquillit\u00e9. La pr\u00e9sentation \u00e9l\u00e9gante ajoute une touche de sophistication au cadeau, ce qui en fait une v\u00e9ritable expression de go\u00fbt et d&rsquo;\u00e9l\u00e9gance. D\u00e9couvrez l&rsquo;art d&rsquo;offrir avec ces cadeaux de bon go\u00fbt qui laisseront une impression durable et r\u00e9jouiront le c\u0153ur de vos destinataires. <\/p>\n","protected":false},"excerpt":{"rendered":"<p><strong>Intense et d\u00e9licieux avec des notes d&rsquo;agrumes de bergamote.<br \/>\n<\/strong><\/p>\n<p>Cette s\u00e9lection de th\u00e9 noir offre un merveilleux \u00e9quilibre d&rsquo;un Earl Grey classique. En qualit\u00e9 biologique, pr\u00e9sent\u00e9 dans une \u00e9prouvette gradu\u00e9e en verre de haute qualit\u00e9 avec bouchon en li\u00e8ge. Capacit\u00e9 de 6 \u00e0 8 doses de th\u00e9. Un cadeau original pour vos invit\u00e9s ou vos clients.   <\/p>\n","protected":false},"featured_media":12288,"comment_status":"open","ping_status":"closed","template":"","meta":[],"product_brand":[],"product_cat":[309,270,298,314,283,284,312,310,311],"product_tag":[],"class_list":{"0":"post-12287","1":"product","2":"type-product","3":"status-publish","4":"has-post-thumbnail","6":"product_cat-collections","7":"product_cat-acheter-du-the-en-vrac-emballe","8":"product_cat-les-varietes-de-the","9":"product_cat-acheter-des-cadeaux-pour-amateurs-de-the","10":"product_cat-thes-et-infusions-biologiques-de-qualite","11":"product_cat-the-noir-acheter-en-ligne-proprietes","12":"product_cat-tous-fr-2","13":"product_cat-tous","14":"product_cat-tous-fr","16":"first","17":"instock","18":"shipping-taxable","19":"purchasable","20":"product-type-simple"},"yoast_head":"<!-- This site is optimized with the Yoast SEO Premium plugin v27.3 (Yoast SEO v27.3) - https:\/\/yoast.com\/product\/yoast-seo-premium-wordpress\/ -->\n<title>Th\u00e9 Original et cadeau \u00e9l\u00e9gant \u00e0 la maison | Un tube en verre classique pour le th\u00e9<\/title>\n<meta name=\"description\" content=\"Un cadeau \u00e0 domicile original et \u00e9l\u00e9gant : un classique, comme l&#039;Earl Grey. Un th\u00e9 tr\u00e8s populaire et pour le rendre diff\u00e9rent, nous avons ajout\u00e9 une touche de vanille \u00e0 la bergamote.\" \/>\n<meta name=\"robots\" content=\"index, follow, max-snippet:-1, max-image-preview:large, max-video-preview:-1\" \/>\n<link rel=\"canonical\" href=\"https:\/\/www.sempertea.eu\/fr\/earl-grey-cream-organic-tea-i-tube-a-essai\/\" \/>\n<meta property=\"og:locale\" content=\"fr_FR\" \/>\n<meta property=\"og:type\" content=\"article\" \/>\n<meta property=\"og:title\" content=\"EARL GREY CREAM organic tea I Tube \u00e0 essai\" \/>\n<meta property=\"og:description\" content=\"Un cadeau \u00e0 domicile original et \u00e9l\u00e9gant : un classique, comme l&#039;Earl Grey. Un th\u00e9 tr\u00e8s populaire et pour le rendre diff\u00e9rent, nous avons ajout\u00e9 une touche de vanille \u00e0 la bergamote.\" \/>\n<meta property=\"og:url\" content=\"https:\/\/www.sempertea.eu\/fr\/earl-grey-cream-organic-tea-i-tube-a-essai\/\" \/>\n<meta property=\"og:site_name\" content=\"Semper Tea | Mayorista y fabricante de T\u00e9s e Infusiones para hoteles, restaurantes y bares\" \/>\n<meta property=\"og:image\" content=\"https:\/\/www.sempertea.eu\/wp-content\/uploads\/2021\/08\/el-mejor-earl-grey-ecologico-semper-tea.jpg\" \/>\n<meta name=\"twitter:card\" content=\"summary_large_image\" \/>\n<meta name=\"twitter:image\" content=\"https:\/\/www.sempertea.eu\/wp-content\/uploads\/2021\/08\/el-mejor-earl-grey-ecologico-semper-tea.jpg\" \/>\n<meta name=\"twitter:label1\" content=\"Dur\u00e9e de lecture estim\u00e9e\" \/>\n\t<meta name=\"twitter:data1\" content=\"1 minute\" \/>\n<script type=\"application\/ld+json\" class=\"yoast-schema-graph\">{\"@context\":\"https:\\\/\\\/schema.org\",\"@graph\":[{\"@type\":\"WebPage\",\"@id\":\"https:\\\/\\\/www.sempertea.eu\\\/fr\\\/earl-grey-cream-organic-tea-i-tube-a-essai\\\/\",\"url\":\"https:\\\/\\\/www.sempertea.eu\\\/fr\\\/earl-grey-cream-organic-tea-i-tube-a-essai\\\/\",\"name\":\"Th\u00e9 Original et cadeau \u00e9l\u00e9gant \u00e0 la maison | Un tube en verre classique pour le th\u00e9\",\"isPartOf\":{\"@id\":\"https:\\\/\\\/www.sempertea.eu\\\/#website\"},\"primaryImageOfPage\":{\"@id\":\"https:\\\/\\\/www.sempertea.eu\\\/fr\\\/earl-grey-cream-organic-tea-i-tube-a-essai\\\/#primaryimage\"},\"image\":{\"@id\":\"https:\\\/\\\/www.sempertea.eu\\\/fr\\\/earl-grey-cream-organic-tea-i-tube-a-essai\\\/#primaryimage\"},\"thumbnailUrl\":\"https:\\\/\\\/www.sempertea.eu\\\/wp-content\\\/uploads\\\/2021\\\/08\\\/te-earl-grey-tubo-de-cristal-organico-semper-tea.jpg\",\"datePublished\":\"2024-11-12T17:12:25+00:00\",\"description\":\"Un cadeau \u00e0 domicile original et \u00e9l\u00e9gant : un classique, comme l'Earl Grey. Un th\u00e9 tr\u00e8s populaire et pour le rendre diff\u00e9rent, nous avons ajout\u00e9 une touche de vanille \u00e0 la bergamote.\",\"breadcrumb\":{\"@id\":\"https:\\\/\\\/www.sempertea.eu\\\/fr\\\/earl-grey-cream-organic-tea-i-tube-a-essai\\\/#breadcrumb\"},\"inLanguage\":\"fr-FR\",\"potentialAction\":[{\"@type\":\"ReadAction\",\"target\":[\"https:\\\/\\\/www.sempertea.eu\\\/fr\\\/earl-grey-cream-organic-tea-i-tube-a-essai\\\/\"]}]},{\"@type\":\"ImageObject\",\"inLanguage\":\"fr-FR\",\"@id\":\"https:\\\/\\\/www.sempertea.eu\\\/fr\\\/earl-grey-cream-organic-tea-i-tube-a-essai\\\/#primaryimage\",\"url\":\"https:\\\/\\\/www.sempertea.eu\\\/wp-content\\\/uploads\\\/2021\\\/08\\\/te-earl-grey-tubo-de-cristal-organico-semper-tea.jpg\",\"contentUrl\":\"https:\\\/\\\/www.sempertea.eu\\\/wp-content\\\/uploads\\\/2021\\\/08\\\/te-earl-grey-tubo-de-cristal-organico-semper-tea.jpg\",\"width\":1000,\"height\":1000,\"caption\":\"T\u00e9 Regalo | Earl Grey Crema | T\u00e9 negro aromatizado en tubo de cristal\"},{\"@type\":\"BreadcrumbList\",\"@id\":\"https:\\\/\\\/www.sempertea.eu\\\/fr\\\/earl-grey-cream-organic-tea-i-tube-a-essai\\\/#breadcrumb\",\"itemListElement\":[{\"@type\":\"ListItem\",\"position\":1,\"name\":\"Portada\",\"item\":\"https:\\\/\\\/www.sempertea.eu\\\/\"},{\"@type\":\"ListItem\",\"position\":2,\"name\":\"Tienda\",\"item\":\"https:\\\/\\\/www.sempertea.eu\\\/tienda\\\/\"},{\"@type\":\"ListItem\",\"position\":3,\"name\":\"EARL GREY CREAM organic tea I Tube \u00e0 essai\"}]},{\"@type\":\"WebSite\",\"@id\":\"https:\\\/\\\/www.sempertea.eu\\\/#website\",\"url\":\"https:\\\/\\\/www.sempertea.eu\\\/\",\"name\":\"Semper Tea | Mayorista y fabricante de T\u00e9s e Infusiones para hoteles, restaurantes y bares\",\"description\":\"T\u00e9s e infusiones para hosteler\u00eda, hoteler\u00eda y comercio\",\"potentialAction\":[{\"@type\":\"SearchAction\",\"target\":{\"@type\":\"EntryPoint\",\"urlTemplate\":\"https:\\\/\\\/www.sempertea.eu\\\/?s={search_term_string}\"},\"query-input\":{\"@type\":\"PropertyValueSpecification\",\"valueRequired\":true,\"valueName\":\"search_term_string\"}}],\"inLanguage\":\"fr-FR\"}]}<\/script>\n<!-- \/ Yoast SEO Premium plugin. -->","yoast_head_json":{"title":"Th\u00e9 Original et cadeau \u00e9l\u00e9gant \u00e0 la maison | Un tube en verre classique pour le th\u00e9","description":"Un cadeau \u00e0 domicile original et \u00e9l\u00e9gant : un classique, comme l'Earl Grey. Un th\u00e9 tr\u00e8s populaire et pour le rendre diff\u00e9rent, nous avons ajout\u00e9 une touche de vanille \u00e0 la bergamote.","robots":{"index":"index","follow":"follow","max-snippet":"max-snippet:-1","max-image-preview":"max-image-preview:large","max-video-preview":"max-video-preview:-1"},"canonical":"https:\/\/www.sempertea.eu\/fr\/earl-grey-cream-organic-tea-i-tube-a-essai\/","og_locale":"fr_FR","og_type":"article","og_title":"EARL GREY CREAM organic tea I Tube \u00e0 essai","og_description":"Un cadeau \u00e0 domicile original et \u00e9l\u00e9gant : un classique, comme l'Earl Grey. Un th\u00e9 tr\u00e8s populaire et pour le rendre diff\u00e9rent, nous avons ajout\u00e9 une touche de vanille \u00e0 la bergamote.","og_url":"https:\/\/www.sempertea.eu\/fr\/earl-grey-cream-organic-tea-i-tube-a-essai\/","og_site_name":"Semper Tea | Mayorista y fabricante de T\u00e9s e Infusiones para hoteles, restaurantes y bares","og_image":[{"url":"https:\/\/www.sempertea.eu\/wp-content\/uploads\/2021\/08\/el-mejor-earl-grey-ecologico-semper-tea.jpg","type":"","width":"","height":""}],"twitter_card":"summary_large_image","twitter_image":"https:\/\/www.sempertea.eu\/wp-content\/uploads\/2021\/08\/el-mejor-earl-grey-ecologico-semper-tea.jpg","twitter_misc":{"Dur\u00e9e de lecture estim\u00e9e":"1 minute"},"schema":{"@context":"https:\/\/schema.org","@graph":[{"@type":"WebPage","@id":"https:\/\/www.sempertea.eu\/fr\/earl-grey-cream-organic-tea-i-tube-a-essai\/","url":"https:\/\/www.sempertea.eu\/fr\/earl-grey-cream-organic-tea-i-tube-a-essai\/","name":"Th\u00e9 Original et cadeau \u00e9l\u00e9gant \u00e0 la maison | Un tube en verre classique pour le th\u00e9","isPartOf":{"@id":"https:\/\/www.sempertea.eu\/#website"},"primaryImageOfPage":{"@id":"https:\/\/www.sempertea.eu\/fr\/earl-grey-cream-organic-tea-i-tube-a-essai\/#primaryimage"},"image":{"@id":"https:\/\/www.sempertea.eu\/fr\/earl-grey-cream-organic-tea-i-tube-a-essai\/#primaryimage"},"thumbnailUrl":"https:\/\/www.sempertea.eu\/wp-content\/uploads\/2021\/08\/te-earl-grey-tubo-de-cristal-organico-semper-tea.jpg","datePublished":"2024-11-12T17:12:25+00:00","description":"Un cadeau \u00e0 domicile original et \u00e9l\u00e9gant : un classique, comme l'Earl Grey. Un th\u00e9 tr\u00e8s populaire et pour le rendre diff\u00e9rent, nous avons ajout\u00e9 une touche de vanille \u00e0 la bergamote.","breadcrumb":{"@id":"https:\/\/www.sempertea.eu\/fr\/earl-grey-cream-organic-tea-i-tube-a-essai\/#breadcrumb"},"inLanguage":"fr-FR","potentialAction":[{"@type":"ReadAction","target":["https:\/\/www.sempertea.eu\/fr\/earl-grey-cream-organic-tea-i-tube-a-essai\/"]}]},{"@type":"ImageObject","inLanguage":"fr-FR","@id":"https:\/\/www.sempertea.eu\/fr\/earl-grey-cream-organic-tea-i-tube-a-essai\/#primaryimage","url":"https:\/\/www.sempertea.eu\/wp-content\/uploads\/2021\/08\/te-earl-grey-tubo-de-cristal-organico-semper-tea.jpg","contentUrl":"https:\/\/www.sempertea.eu\/wp-content\/uploads\/2021\/08\/te-earl-grey-tubo-de-cristal-organico-semper-tea.jpg","width":1000,"height":1000,"caption":"T\u00e9 Regalo | Earl Grey Crema | T\u00e9 negro aromatizado en tubo de cristal"},{"@type":"BreadcrumbList","@id":"https:\/\/www.sempertea.eu\/fr\/earl-grey-cream-organic-tea-i-tube-a-essai\/#breadcrumb","itemListElement":[{"@type":"ListItem","position":1,"name":"Portada","item":"https:\/\/www.sempertea.eu\/"},{"@type":"ListItem","position":2,"name":"Tienda","item":"https:\/\/www.sempertea.eu\/tienda\/"},{"@type":"ListItem","position":3,"name":"EARL GREY CREAM organic tea I Tube \u00e0 essai"}]},{"@type":"WebSite","@id":"https:\/\/www.sempertea.eu\/#website","url":"https:\/\/www.sempertea.eu\/","name":"Semper Tea | Mayorista y fabricante de T\u00e9s e Infusiones para hoteles, restaurantes y bares","description":"T\u00e9s e infusiones para hosteler\u00eda, hoteler\u00eda y comercio","potentialAction":[{"@type":"SearchAction","target":{"@type":"EntryPoint","urlTemplate":"https:\/\/www.sempertea.eu\/?s={search_term_string}"},"query-input":{"@type":"PropertyValueSpecification","valueRequired":true,"valueName":"search_term_string"}}],"inLanguage":"fr-FR"}]}},"_links":{"self":[{"href":"https:\/\/www.sempertea.eu\/fr\/wp-json\/wp\/v2\/product\/12287","targetHints":{"allow":["GET"]}}],"collection":[{"href":"https:\/\/www.sempertea.eu\/fr\/wp-json\/wp\/v2\/product"}],"about":[{"href":"https:\/\/www.sempertea.eu\/fr\/wp-json\/wp\/v2\/types\/product"}],"replies":[{"embeddable":true,"href":"https:\/\/www.sempertea.eu\/fr\/wp-json\/wp\/v2\/comments?post=12287"}],"wp:featuredmedia":[{"embeddable":true,"href":"https:\/\/www.sempertea.eu\/fr\/wp-json\/wp\/v2\/media\/12288"}],"wp:attachment":[{"href":"https:\/\/www.sempertea.eu\/fr\/wp-json\/wp\/v2\/media?parent=12287"}],"wp:term":[{"taxonomy":"product_brand","embeddable":true,"href":"https:\/\/www.sempertea.eu\/fr\/wp-json\/wp\/v2\/product_brand?post=12287"},{"taxonomy":"product_cat","embeddable":true,"href":"https:\/\/www.sempertea.eu\/fr\/wp-json\/wp\/v2\/product_cat?post=12287"},{"taxonomy":"product_tag","embeddable":true,"href":"https:\/\/www.sempertea.eu\/fr\/wp-json\/wp\/v2\/product_tag?post=12287"}],"curies":[{"name":"wp","href":"https:\/\/api.w.org\/{rel}","templated":true}]}}