{"id":12282,"date":"2021-08-05T18:21:52","date_gmt":"2024-11-12T12:19:16","guid":{"rendered":"https:\/\/www.sempertea.eu\/camomile-camomille-fleur-entiere-i-tube-a-essai\/"},"modified":"2024-11-12T13:19:16","modified_gmt":"2024-11-12T12:19:16","slug":"camomile-camomille-fleur-entiere-i-tube-a-essai","status":"publish","type":"product","link":"https:\/\/www.sempertea.eu\/fr\/camomile-camomille-fleur-entiere-i-tube-a-essai\/","title":{"rendered":"CAMOMILE camomille fleur enti\u00e8re I Tube \u00e0 essai"},"content":{"rendered":"<h2>D\u00e9licieux th\u00e9 biologique en tube de verre &#8211; cadeau id\u00e9al pour les amateurs de th\u00e9<\/h2>\n<p><strong>D\u00e9couvrez le monde enchanteur des th\u00e9s et tisanes biologiques pr\u00e9sent\u00e9s dans d&rsquo;\u00e9l\u00e9gants tubes en verre,<\/strong> parfaits comme cadeaux attentionn\u00e9s pour les amateurs de th\u00e9 ou toute personne \u00e0 la recherche de d\u00e9licieuses surprises. Ces th\u00e9s biologiques finement s\u00e9lectionn\u00e9s sont pr\u00e9sent\u00e9s dans des emballages durables qui refl\u00e8tent notre engagement en mati\u00e8re <strong>d&rsquo;\u00e9coconscience et de style.<\/strong> <\/p>\n<h3>Tisane de camomille en tube de verre : un d\u00e9lice frais et relaxant<\/h3>\n<p><strong>Savourez le plaisir apaisant de la camomille de Semper Tea<\/strong>, s\u00e9lectionn\u00e9e par des experts et soigneusement emball\u00e9e dans un tube en verre pratique pour garantir une fra\u00eecheur durable. L&rsquo;ar\u00f4me doux et les bienfaits naturels de cette <strong>tisane biologique<\/strong> sont con\u00e7us pour offrir une exp\u00e9rience apaisante et r\u00e9confortante. Que vous recherchiez un moment de d\u00e9tente ou une d\u00e9licieuse surprise pour un amateur de th\u00e9, notre th\u00e9 \u00e0 la camomille en tube de verre est le choix id\u00e9al. Savourez cette boisson apaisante en<strong> sachant que chaque gorg\u00e9e contient l&rsquo;essence des fleurs les plus fines de la nature, harmonisant bien-\u00eatre et saveur dans chaque tasse.<\/strong>   <\/p>\n<h4><strong>Tisane de camomille pour les enfants : maximiser les bienfaits m\u00e9dicinaux<\/strong><\/h4>\n<p>La<strong> camomille<\/strong>, v\u00e9n\u00e9r\u00e9e pour<strong> ses propri\u00e9t\u00e9s m\u00e9dicinales<\/strong>, doit \u00eatre prise en compte lors de sa pr\u00e9paration pour les enfants afin d&rsquo;en optimiser l&rsquo;efficacit\u00e9. Pour une consommation en douceur, il faut \u00e9viter de rendre l&rsquo;infusion trop concentr\u00e9e ou de la laisser infuser plus longtemps que recommand\u00e9. Cela facilite la <strong>digestion et a un effet calmant<\/strong>, ce qui la rend plus adapt\u00e9e aux enfants. Bien que la camomille pr\u00e9sente de nombreux avantages pour la sant\u00e9, n&rsquo;oubliez pas que l&rsquo;eau doit toujours rester la boisson principale de la famille, en particulier pour les enfants. Pour une option plus saine, il est pr\u00e9f\u00e9rable de consommer de la <a href=\"https:\/\/www.sempertea.eu\/las-mejores-infusiones-orgnicas-a-granel-manzanilla\/\"><strong>camomille non sucr\u00e9e<\/strong><\/a>, qui offre une <strong>alternative rafra\u00eechissante et naturelle aux boissons sucr\u00e9es<\/strong>. Profitez des bienfaits de la camomille.<\/p>\n<p>&nbsp;<\/p>\n","protected":false},"excerpt":{"rendered":"<p><strong>Fleurs enti\u00e8res avec une touche sucr\u00e9e<\/strong><\/p>\n<p>Aussi relaxant qu&rsquo;un bain chaud. Une tasse de th\u00e9 \u00e0 la camomille est id\u00e9ale lorsque vous avez besoin de souffler. Une boisson qui vous aide \u00e0 vous d\u00e9tendre et \u00e0 profiter de l&rsquo;instant pr\u00e9sent gr\u00e2ce \u00e0 son go\u00fbt doux, plein de plaisir et sans caf\u00e9ine. Capacit\u00e9 de 6 \u00e0 8 doses de th\u00e9. Un beau cadeau original pour des invit\u00e9s ou des clients.    <\/p>\n","protected":false},"featured_media":12283,"comment_status":"open","ping_status":"closed","template":"","meta":[],"product_brand":[],"product_cat":[309,270,298,289,314,283,312,310,311],"product_tag":[],"class_list":{"0":"post-12282","1":"product","2":"type-product","3":"status-publish","4":"has-post-thumbnail","6":"product_cat-collections","7":"product_cat-acheter-du-the-en-vrac-emballe","8":"product_cat-les-varietes-de-the","9":"product_cat-the-aux-herbes-bio-au-acheter","10":"product_cat-acheter-des-cadeaux-pour-amateurs-de-the","11":"product_cat-thes-et-infusions-biologiques-de-qualite","12":"product_cat-tous-fr-2","13":"product_cat-tous","14":"product_cat-tous-fr","16":"first","17":"instock","18":"shipping-taxable","19":"purchasable","20":"product-type-simple"},"yoast_head":"<!-- This site is optimized with the Yoast SEO Premium plugin v27.3 (Yoast SEO v27.4) - https:\/\/yoast.com\/product\/yoast-seo-premium-wordpress\/ -->\n<title>Tisane de camomille naturelle en tube de verre : Semper Tea CAMOMILA<\/title>\n<meta name=\"description\" content=\"Savourez la tisane naturelle relaxante Semper Tea CAMOMILA dans un tube en verre pratique. D\u00e9tendez-vous avec le meilleur de la nature. Le th\u00e9 \u00e0 la maison.\" \/>\n<meta name=\"robots\" content=\"index, follow, max-snippet:-1, max-image-preview:large, max-video-preview:-1\" \/>\n<link rel=\"canonical\" href=\"https:\/\/www.sempertea.eu\/fr\/camomile-camomille-fleur-entiere-i-tube-a-essai\/\" \/>\n<meta property=\"og:locale\" content=\"fr_FR\" \/>\n<meta property=\"og:type\" content=\"article\" \/>\n<meta property=\"og:title\" content=\"CAMOMILE camomille fleur enti\u00e8re I Tube \u00e0 essai\" \/>\n<meta property=\"og:description\" content=\"Savourez la tisane naturelle relaxante Semper Tea CAMOMILA dans un tube en verre pratique. D\u00e9tendez-vous avec le meilleur de la nature. Le th\u00e9 \u00e0 la maison.\" \/>\n<meta property=\"og:url\" content=\"https:\/\/www.sempertea.eu\/fr\/camomile-camomille-fleur-entiere-i-tube-a-essai\/\" \/>\n<meta property=\"og:site_name\" content=\"Semper Tea | Mayorista y fabricante de T\u00e9s e Infusiones para hoteles, restaurantes y bares\" \/>\n<meta property=\"og:image\" content=\"https:\/\/www.sempertea.eu\/wp-content\/uploads\/2021\/08\/la-mejor-manzanilla-ecologica-semper-tea.jpg\" \/>\n<meta name=\"twitter:card\" content=\"summary_large_image\" \/>\n<meta name=\"twitter:image\" content=\"https:\/\/www.sempertea.eu\/wp-content\/uploads\/2021\/08\/la-mejor-manzanilla-ecologica-semper-tea.jpg\" \/>\n<meta name=\"twitter:label1\" content=\"Dur\u00e9e de lecture estim\u00e9e\" \/>\n\t<meta name=\"twitter:data1\" content=\"2 minutes\" \/>\n<script type=\"application\/ld+json\" class=\"yoast-schema-graph\">{\"@context\":\"https:\\\/\\\/schema.org\",\"@graph\":[{\"@type\":\"WebPage\",\"@id\":\"https:\\\/\\\/www.sempertea.eu\\\/fr\\\/camomile-camomille-fleur-entiere-i-tube-a-essai\\\/\",\"url\":\"https:\\\/\\\/www.sempertea.eu\\\/fr\\\/camomile-camomille-fleur-entiere-i-tube-a-essai\\\/\",\"name\":\"Tisane de camomille naturelle en tube de verre : Semper Tea CAMOMILA\",\"isPartOf\":{\"@id\":\"https:\\\/\\\/www.sempertea.eu\\\/#website\"},\"primaryImageOfPage\":{\"@id\":\"https:\\\/\\\/www.sempertea.eu\\\/fr\\\/camomile-camomille-fleur-entiere-i-tube-a-essai\\\/#primaryimage\"},\"image\":{\"@id\":\"https:\\\/\\\/www.sempertea.eu\\\/fr\\\/camomile-camomille-fleur-entiere-i-tube-a-essai\\\/#primaryimage\"},\"thumbnailUrl\":\"https:\\\/\\\/www.sempertea.eu\\\/wp-content\\\/uploads\\\/2021\\\/08\\\/tisana-manzanilla-organica-en-probeta-semper-tea.jpg\",\"datePublished\":\"2024-11-12T12:19:16+00:00\",\"description\":\"Savourez la tisane naturelle relaxante Semper Tea CAMOMILA dans un tube en verre pratique. D\u00e9tendez-vous avec le meilleur de la nature. Le th\u00e9 \u00e0 la maison.\",\"breadcrumb\":{\"@id\":\"https:\\\/\\\/www.sempertea.eu\\\/fr\\\/camomile-camomille-fleur-entiere-i-tube-a-essai\\\/#breadcrumb\"},\"inLanguage\":\"fr-FR\",\"potentialAction\":[{\"@type\":\"ReadAction\",\"target\":[\"https:\\\/\\\/www.sempertea.eu\\\/fr\\\/camomile-camomille-fleur-entiere-i-tube-a-essai\\\/\"]}]},{\"@type\":\"ImageObject\",\"inLanguage\":\"fr-FR\",\"@id\":\"https:\\\/\\\/www.sempertea.eu\\\/fr\\\/camomile-camomille-fleur-entiere-i-tube-a-essai\\\/#primaryimage\",\"url\":\"https:\\\/\\\/www.sempertea.eu\\\/wp-content\\\/uploads\\\/2021\\\/08\\\/tisana-manzanilla-organica-en-probeta-semper-tea.jpg\",\"contentUrl\":\"https:\\\/\\\/www.sempertea.eu\\\/wp-content\\\/uploads\\\/2021\\\/08\\\/tisana-manzanilla-organica-en-probeta-semper-tea.jpg\",\"width\":1000,\"height\":1000,\"caption\":\"tisana de manzanilla organico en probeta semper tea\"},{\"@type\":\"BreadcrumbList\",\"@id\":\"https:\\\/\\\/www.sempertea.eu\\\/fr\\\/camomile-camomille-fleur-entiere-i-tube-a-essai\\\/#breadcrumb\",\"itemListElement\":[{\"@type\":\"ListItem\",\"position\":1,\"name\":\"Portada\",\"item\":\"https:\\\/\\\/www.sempertea.eu\\\/\"},{\"@type\":\"ListItem\",\"position\":2,\"name\":\"Tienda\",\"item\":\"https:\\\/\\\/www.sempertea.eu\\\/tienda\\\/\"},{\"@type\":\"ListItem\",\"position\":3,\"name\":\"CAMOMILE camomille fleur enti\u00e8re I Tube \u00e0 essai\"}]},{\"@type\":\"WebSite\",\"@id\":\"https:\\\/\\\/www.sempertea.eu\\\/#website\",\"url\":\"https:\\\/\\\/www.sempertea.eu\\\/\",\"name\":\"Semper Tea | Mayorista y fabricante de T\u00e9s e Infusiones para hoteles, restaurantes y bares\",\"description\":\"T\u00e9s e infusiones para hosteler\u00eda, hoteler\u00eda y comercio\",\"potentialAction\":[{\"@type\":\"SearchAction\",\"target\":{\"@type\":\"EntryPoint\",\"urlTemplate\":\"https:\\\/\\\/www.sempertea.eu\\\/?s={search_term_string}\"},\"query-input\":{\"@type\":\"PropertyValueSpecification\",\"valueRequired\":true,\"valueName\":\"search_term_string\"}}],\"inLanguage\":\"fr-FR\"}]}<\/script>\n<!-- \/ Yoast SEO Premium plugin. -->","yoast_head_json":{"title":"Tisane de camomille naturelle en tube de verre : Semper Tea CAMOMILA","description":"Savourez la tisane naturelle relaxante Semper Tea CAMOMILA dans un tube en verre pratique. D\u00e9tendez-vous avec le meilleur de la nature. Le th\u00e9 \u00e0 la maison.","robots":{"index":"index","follow":"follow","max-snippet":"max-snippet:-1","max-image-preview":"max-image-preview:large","max-video-preview":"max-video-preview:-1"},"canonical":"https:\/\/www.sempertea.eu\/fr\/camomile-camomille-fleur-entiere-i-tube-a-essai\/","og_locale":"fr_FR","og_type":"article","og_title":"CAMOMILE camomille fleur enti\u00e8re I Tube \u00e0 essai","og_description":"Savourez la tisane naturelle relaxante Semper Tea CAMOMILA dans un tube en verre pratique. D\u00e9tendez-vous avec le meilleur de la nature. Le th\u00e9 \u00e0 la maison.","og_url":"https:\/\/www.sempertea.eu\/fr\/camomile-camomille-fleur-entiere-i-tube-a-essai\/","og_site_name":"Semper Tea | Mayorista y fabricante de T\u00e9s e Infusiones para hoteles, restaurantes y bares","og_image":[{"url":"https:\/\/www.sempertea.eu\/wp-content\/uploads\/2021\/08\/la-mejor-manzanilla-ecologica-semper-tea.jpg","type":"","width":"","height":""}],"twitter_card":"summary_large_image","twitter_image":"https:\/\/www.sempertea.eu\/wp-content\/uploads\/2021\/08\/la-mejor-manzanilla-ecologica-semper-tea.jpg","twitter_misc":{"Dur\u00e9e de lecture estim\u00e9e":"2 minutes"},"schema":{"@context":"https:\/\/schema.org","@graph":[{"@type":"WebPage","@id":"https:\/\/www.sempertea.eu\/fr\/camomile-camomille-fleur-entiere-i-tube-a-essai\/","url":"https:\/\/www.sempertea.eu\/fr\/camomile-camomille-fleur-entiere-i-tube-a-essai\/","name":"Tisane de camomille naturelle en tube de verre : Semper Tea CAMOMILA","isPartOf":{"@id":"https:\/\/www.sempertea.eu\/#website"},"primaryImageOfPage":{"@id":"https:\/\/www.sempertea.eu\/fr\/camomile-camomille-fleur-entiere-i-tube-a-essai\/#primaryimage"},"image":{"@id":"https:\/\/www.sempertea.eu\/fr\/camomile-camomille-fleur-entiere-i-tube-a-essai\/#primaryimage"},"thumbnailUrl":"https:\/\/www.sempertea.eu\/wp-content\/uploads\/2021\/08\/tisana-manzanilla-organica-en-probeta-semper-tea.jpg","datePublished":"2024-11-12T12:19:16+00:00","description":"Savourez la tisane naturelle relaxante Semper Tea CAMOMILA dans un tube en verre pratique. D\u00e9tendez-vous avec le meilleur de la nature. Le th\u00e9 \u00e0 la maison.","breadcrumb":{"@id":"https:\/\/www.sempertea.eu\/fr\/camomile-camomille-fleur-entiere-i-tube-a-essai\/#breadcrumb"},"inLanguage":"fr-FR","potentialAction":[{"@type":"ReadAction","target":["https:\/\/www.sempertea.eu\/fr\/camomile-camomille-fleur-entiere-i-tube-a-essai\/"]}]},{"@type":"ImageObject","inLanguage":"fr-FR","@id":"https:\/\/www.sempertea.eu\/fr\/camomile-camomille-fleur-entiere-i-tube-a-essai\/#primaryimage","url":"https:\/\/www.sempertea.eu\/wp-content\/uploads\/2021\/08\/tisana-manzanilla-organica-en-probeta-semper-tea.jpg","contentUrl":"https:\/\/www.sempertea.eu\/wp-content\/uploads\/2021\/08\/tisana-manzanilla-organica-en-probeta-semper-tea.jpg","width":1000,"height":1000,"caption":"tisana de manzanilla organico en probeta semper tea"},{"@type":"BreadcrumbList","@id":"https:\/\/www.sempertea.eu\/fr\/camomile-camomille-fleur-entiere-i-tube-a-essai\/#breadcrumb","itemListElement":[{"@type":"ListItem","position":1,"name":"Portada","item":"https:\/\/www.sempertea.eu\/"},{"@type":"ListItem","position":2,"name":"Tienda","item":"https:\/\/www.sempertea.eu\/tienda\/"},{"@type":"ListItem","position":3,"name":"CAMOMILE camomille fleur enti\u00e8re I Tube \u00e0 essai"}]},{"@type":"WebSite","@id":"https:\/\/www.sempertea.eu\/#website","url":"https:\/\/www.sempertea.eu\/","name":"Semper Tea | Mayorista y fabricante de T\u00e9s e Infusiones para hoteles, restaurantes y bares","description":"T\u00e9s e infusiones para hosteler\u00eda, hoteler\u00eda y comercio","potentialAction":[{"@type":"SearchAction","target":{"@type":"EntryPoint","urlTemplate":"https:\/\/www.sempertea.eu\/?s={search_term_string}"},"query-input":{"@type":"PropertyValueSpecification","valueRequired":true,"valueName":"search_term_string"}}],"inLanguage":"fr-FR"}]}},"_links":{"self":[{"href":"https:\/\/www.sempertea.eu\/fr\/wp-json\/wp\/v2\/product\/12282","targetHints":{"allow":["GET"]}}],"collection":[{"href":"https:\/\/www.sempertea.eu\/fr\/wp-json\/wp\/v2\/product"}],"about":[{"href":"https:\/\/www.sempertea.eu\/fr\/wp-json\/wp\/v2\/types\/product"}],"replies":[{"embeddable":true,"href":"https:\/\/www.sempertea.eu\/fr\/wp-json\/wp\/v2\/comments?post=12282"}],"wp:featuredmedia":[{"embeddable":true,"href":"https:\/\/www.sempertea.eu\/fr\/wp-json\/wp\/v2\/media\/12283"}],"wp:attachment":[{"href":"https:\/\/www.sempertea.eu\/fr\/wp-json\/wp\/v2\/media?parent=12282"}],"wp:term":[{"taxonomy":"product_brand","embeddable":true,"href":"https:\/\/www.sempertea.eu\/fr\/wp-json\/wp\/v2\/product_brand?post=12282"},{"taxonomy":"product_cat","embeddable":true,"href":"https:\/\/www.sempertea.eu\/fr\/wp-json\/wp\/v2\/product_cat?post=12282"},{"taxonomy":"product_tag","embeddable":true,"href":"https:\/\/www.sempertea.eu\/fr\/wp-json\/wp\/v2\/product_tag?post=12282"}],"curies":[{"name":"wp","href":"https:\/\/api.w.org\/{rel}","templated":true}]}}