{"id":12280,"date":"2021-08-05T10:06:31","date_gmt":"2024-11-12T12:06:23","guid":{"rendered":"https:\/\/www.sempertea.eu\/camomile-fleur-entiere-camomille-i-vrac-en-pot\/"},"modified":"2025-07-09T18:10:46","modified_gmt":"2025-07-09T16:10:46","slug":"les-meilleures-tisanes-fleurs-de-camomille-bio-en-vrac","status":"publish","type":"product","link":"https:\/\/www.sempertea.eu\/fr\/les-meilleures-tisanes-fleurs-de-camomille-bio-en-vrac\/","title":{"rendered":"CAMOMILLE DOUCE Fleurs de camomille bio en vrac | Infusion apaisante naturelle"},"content":{"rendered":"<div class=\"et_pb_module et_pb_post_title et_pb_post_title_0 et_pb_bg_layout_light et_pb_text_align_left\">\n<div class=\"et_pb_title_container\">\n<h2>Tisane bio de camomille \u2013 Fleurs enti\u00e8res naturelles pour votre bien-\u00eatre<\/h2>\n<p>Profitez des bienfaits apaisants de la camomille, connue comme \u00ab\u00a0l\u2019or liquide\u00a0\u00bb des infusions. <strong>Id\u00e9ale en hiver ou en p\u00e9riode de stress<\/strong>, cette tisane bio vous accompagne au quotidien pour apaiser le corps et l\u2019esprit.<\/p>\n<h3>Pourquoi choisir notre camomille ?<\/h3>\n<p>Notre infusion est compos\u00e9e exclusivement de fleurs enti\u00e8res de camomille biologique, sans ar\u00f4mes ajout\u00e9s, ni additifs. Un produit 100 % naturel, parfait pour une routine bien-\u00eatre.<\/p>\n<h4>Les bienfaits de la camomille :<\/h4>\n<ul>\n<li>Contribue \u00e0 soulager les g\u00eanes hivernales<\/li>\n<li>Favorise la digestion et la relaxation<\/li>\n<li>Id\u00e9ale en fin de journ\u00e9e, sans caf\u00e9ine<\/li>\n<\/ul>\n<p>Faites confiance \u00e0 Semper Tea, <strong>expert en tisanes bio<\/strong>, pour vous offrir une infusion douce, authentique et pleine de vertus.<\/p>\n<\/div>\n<\/div>\n","protected":false},"excerpt":{"rendered":"<p><strong>Relaxant &amp; naturel \u2013 Sans caf\u00e9ine<\/strong><\/p>\n<p>Ces fleurs enti\u00e8res de camomille issues de l\u2019agriculture biologique offrent un ar\u00f4me d\u00e9licat et l\u00e9g\u00e8rement sucr\u00e9. Une infusion douce, id\u00e9ale pour favoriser la d\u00e9tente \u00e0 tout moment de la journ\u00e9e. Sans caf\u00e9ine, parfaite pour accompagner vos instants de calme et de bien-\u00eatre.<\/p>\n","protected":false},"featured_media":16917,"comment_status":"open","ping_status":"closed","template":"","meta":[],"product_brand":[],"product_cat":[309,270,298,289,307,283,311,312,310],"product_tag":[],"class_list":{"0":"post-12280","1":"product","2":"type-product","3":"status-publish","4":"has-post-thumbnail","6":"product_cat-collections","7":"product_cat-acheter-du-the-en-vrac-emballe","8":"product_cat-les-varietes-de-the","9":"product_cat-the-aux-herbes-bio-au-acheter","10":"product_cat-the-en-vrac-et-bocal-selection-bio-qualite-superieure-fabricant","11":"product_cat-thes-et-infusions-biologiques-de-qualite","12":"product_cat-tous-fr","13":"product_cat-tous-fr-2","14":"product_cat-tous","16":"first","17":"instock","18":"shipping-taxable","19":"purchasable","20":"product-type-simple"},"yoast_head":"<!-- This site is optimized with the Yoast SEO Premium plugin v27.3 (Yoast SEO v27.4) - https:\/\/yoast.com\/product\/yoast-seo-premium-wordpress\/ -->\n<title>Les meilleures tisanes | Fleurs de camomille bio en vrac<\/title>\n<meta name=\"description\" content=\"Infusions naturelles sans th\u00e9ine, CAMOMILLE. Camomille naturelle. 100% fleurs enti\u00e8res, BIO, sans pesticides. Meilleure qualit\u00e9 \/ prix en vrac.\" \/>\n<meta name=\"robots\" content=\"index, follow, max-snippet:-1, max-image-preview:large, max-video-preview:-1\" \/>\n<link rel=\"canonical\" href=\"https:\/\/www.sempertea.eu\/fr\/les-meilleures-tisanes-fleurs-de-camomille-bio-en-vrac\/\" \/>\n<meta property=\"og:locale\" content=\"fr_FR\" \/>\n<meta property=\"og:type\" content=\"article\" \/>\n<meta property=\"og:title\" content=\"CAMOMILLE DOUCE Fleurs de camomille bio en vrac | Infusion apaisante naturelle\" \/>\n<meta property=\"og:description\" content=\"Infusions naturelles sans th\u00e9ine, CAMOMILLE. Camomille naturelle. 100% fleurs enti\u00e8res, BIO, sans pesticides. Meilleure qualit\u00e9 \/ prix en vrac.\" \/>\n<meta property=\"og:url\" content=\"https:\/\/www.sempertea.eu\/fr\/les-meilleures-tisanes-fleurs-de-camomille-bio-en-vrac\/\" \/>\n<meta property=\"og:site_name\" content=\"Semper Tea | Mayorista y fabricante de T\u00e9s e Infusiones para hoteles, restaurantes y bares\" \/>\n<meta property=\"article:modified_time\" content=\"2025-07-09T16:10:46+00:00\" \/>\n<meta property=\"og:image\" content=\"https:\/\/www.sempertea.eu\/wp-content\/uploads\/2021\/08\/la-mejor-manzanilla-a-granel-semper-tea.jpg\" \/>\n<meta name=\"twitter:card\" content=\"summary_large_image\" \/>\n<meta name=\"twitter:image\" content=\"https:\/\/www.sempertea.eu\/wp-content\/uploads\/2021\/08\/gama-de-te-con-entrega-urgente-manzanilla-organica-semper-tea.jpg\" \/>\n<meta name=\"twitter:label1\" content=\"Dur\u00e9e de lecture estim\u00e9e\" \/>\n\t<meta name=\"twitter:data1\" content=\"1 minute\" \/>\n<script type=\"application\/ld+json\" class=\"yoast-schema-graph\">{\"@context\":\"https:\\\/\\\/schema.org\",\"@graph\":[{\"@type\":\"WebPage\",\"@id\":\"https:\\\/\\\/www.sempertea.eu\\\/fr\\\/les-meilleures-tisanes-fleurs-de-camomille-bio-en-vrac\\\/\",\"url\":\"https:\\\/\\\/www.sempertea.eu\\\/fr\\\/les-meilleures-tisanes-fleurs-de-camomille-bio-en-vrac\\\/\",\"name\":\"Les meilleures tisanes | Fleurs de camomille bio en vrac\",\"isPartOf\":{\"@id\":\"https:\\\/\\\/www.sempertea.eu\\\/#website\"},\"primaryImageOfPage\":{\"@id\":\"https:\\\/\\\/www.sempertea.eu\\\/fr\\\/les-meilleures-tisanes-fleurs-de-camomille-bio-en-vrac\\\/#primaryimage\"},\"image\":{\"@id\":\"https:\\\/\\\/www.sempertea.eu\\\/fr\\\/les-meilleures-tisanes-fleurs-de-camomille-bio-en-vrac\\\/#primaryimage\"},\"thumbnailUrl\":\"https:\\\/\\\/www.sempertea.eu\\\/wp-content\\\/uploads\\\/2025\\\/07\\\/manzanilla-pura-ecologica-flor-hoja-infusion-detalle-natural-sempertea.jpg\",\"datePublished\":\"2024-11-12T12:06:23+00:00\",\"dateModified\":\"2025-07-09T16:10:46+00:00\",\"description\":\"Infusions naturelles sans th\u00e9ine, CAMOMILLE. Camomille naturelle. 100% fleurs enti\u00e8res, BIO, sans pesticides. Meilleure qualit\u00e9 \\\/ prix en vrac.\",\"breadcrumb\":{\"@id\":\"https:\\\/\\\/www.sempertea.eu\\\/fr\\\/les-meilleures-tisanes-fleurs-de-camomille-bio-en-vrac\\\/#breadcrumb\"},\"inLanguage\":\"fr-FR\",\"potentialAction\":[{\"@type\":\"ReadAction\",\"target\":[\"https:\\\/\\\/www.sempertea.eu\\\/fr\\\/les-meilleures-tisanes-fleurs-de-camomille-bio-en-vrac\\\/\"]}]},{\"@type\":\"ImageObject\",\"inLanguage\":\"fr-FR\",\"@id\":\"https:\\\/\\\/www.sempertea.eu\\\/fr\\\/les-meilleures-tisanes-fleurs-de-camomille-bio-en-vrac\\\/#primaryimage\",\"url\":\"https:\\\/\\\/www.sempertea.eu\\\/wp-content\\\/uploads\\\/2025\\\/07\\\/manzanilla-pura-ecologica-flor-hoja-infusion-detalle-natural-sempertea.jpg\",\"contentUrl\":\"https:\\\/\\\/www.sempertea.eu\\\/wp-content\\\/uploads\\\/2025\\\/07\\\/manzanilla-pura-ecologica-flor-hoja-infusion-detalle-natural-sempertea.jpg\",\"width\":1000,\"height\":1000,\"caption\":\"Manzanilla ecol\u00f3gica pura \u2013 Flor entera en tarro de cristal para infusi\u00f3n o detalle natural\"},{\"@type\":\"BreadcrumbList\",\"@id\":\"https:\\\/\\\/www.sempertea.eu\\\/fr\\\/les-meilleures-tisanes-fleurs-de-camomille-bio-en-vrac\\\/#breadcrumb\",\"itemListElement\":[{\"@type\":\"ListItem\",\"position\":1,\"name\":\"Portada\",\"item\":\"https:\\\/\\\/www.sempertea.eu\\\/\"},{\"@type\":\"ListItem\",\"position\":2,\"name\":\"Tienda\",\"item\":\"https:\\\/\\\/www.sempertea.eu\\\/tienda\\\/\"},{\"@type\":\"ListItem\",\"position\":3,\"name\":\"CAMOMILLE DOUCE Fleurs de camomille bio en vrac | Infusion apaisante naturelle\"}]},{\"@type\":\"WebSite\",\"@id\":\"https:\\\/\\\/www.sempertea.eu\\\/#website\",\"url\":\"https:\\\/\\\/www.sempertea.eu\\\/\",\"name\":\"Semper Tea | Mayorista y fabricante de T\u00e9s e Infusiones para hoteles, restaurantes y bares\",\"description\":\"T\u00e9s e infusiones para hosteler\u00eda, hoteler\u00eda y comercio\",\"potentialAction\":[{\"@type\":\"SearchAction\",\"target\":{\"@type\":\"EntryPoint\",\"urlTemplate\":\"https:\\\/\\\/www.sempertea.eu\\\/?s={search_term_string}\"},\"query-input\":{\"@type\":\"PropertyValueSpecification\",\"valueRequired\":true,\"valueName\":\"search_term_string\"}}],\"inLanguage\":\"fr-FR\"}]}<\/script>\n<!-- \/ Yoast SEO Premium plugin. -->","yoast_head_json":{"title":"Les meilleures tisanes | Fleurs de camomille bio en vrac","description":"Infusions naturelles sans th\u00e9ine, CAMOMILLE. Camomille naturelle. 100% fleurs enti\u00e8res, BIO, sans pesticides. Meilleure qualit\u00e9 \/ prix en vrac.","robots":{"index":"index","follow":"follow","max-snippet":"max-snippet:-1","max-image-preview":"max-image-preview:large","max-video-preview":"max-video-preview:-1"},"canonical":"https:\/\/www.sempertea.eu\/fr\/les-meilleures-tisanes-fleurs-de-camomille-bio-en-vrac\/","og_locale":"fr_FR","og_type":"article","og_title":"CAMOMILLE DOUCE Fleurs de camomille bio en vrac | Infusion apaisante naturelle","og_description":"Infusions naturelles sans th\u00e9ine, CAMOMILLE. Camomille naturelle. 100% fleurs enti\u00e8res, BIO, sans pesticides. Meilleure qualit\u00e9 \/ prix en vrac.","og_url":"https:\/\/www.sempertea.eu\/fr\/les-meilleures-tisanes-fleurs-de-camomille-bio-en-vrac\/","og_site_name":"Semper Tea | Mayorista y fabricante de T\u00e9s e Infusiones para hoteles, restaurantes y bares","article_modified_time":"2025-07-09T16:10:46+00:00","og_image":[{"url":"https:\/\/www.sempertea.eu\/wp-content\/uploads\/2021\/08\/la-mejor-manzanilla-a-granel-semper-tea.jpg","type":"","width":"","height":""}],"twitter_card":"summary_large_image","twitter_image":"https:\/\/www.sempertea.eu\/wp-content\/uploads\/2021\/08\/gama-de-te-con-entrega-urgente-manzanilla-organica-semper-tea.jpg","twitter_misc":{"Dur\u00e9e de lecture estim\u00e9e":"1 minute"},"schema":{"@context":"https:\/\/schema.org","@graph":[{"@type":"WebPage","@id":"https:\/\/www.sempertea.eu\/fr\/les-meilleures-tisanes-fleurs-de-camomille-bio-en-vrac\/","url":"https:\/\/www.sempertea.eu\/fr\/les-meilleures-tisanes-fleurs-de-camomille-bio-en-vrac\/","name":"Les meilleures tisanes | Fleurs de camomille bio en vrac","isPartOf":{"@id":"https:\/\/www.sempertea.eu\/#website"},"primaryImageOfPage":{"@id":"https:\/\/www.sempertea.eu\/fr\/les-meilleures-tisanes-fleurs-de-camomille-bio-en-vrac\/#primaryimage"},"image":{"@id":"https:\/\/www.sempertea.eu\/fr\/les-meilleures-tisanes-fleurs-de-camomille-bio-en-vrac\/#primaryimage"},"thumbnailUrl":"https:\/\/www.sempertea.eu\/wp-content\/uploads\/2025\/07\/manzanilla-pura-ecologica-flor-hoja-infusion-detalle-natural-sempertea.jpg","datePublished":"2024-11-12T12:06:23+00:00","dateModified":"2025-07-09T16:10:46+00:00","description":"Infusions naturelles sans th\u00e9ine, CAMOMILLE. Camomille naturelle. 100% fleurs enti\u00e8res, BIO, sans pesticides. Meilleure qualit\u00e9 \/ prix en vrac.","breadcrumb":{"@id":"https:\/\/www.sempertea.eu\/fr\/les-meilleures-tisanes-fleurs-de-camomille-bio-en-vrac\/#breadcrumb"},"inLanguage":"fr-FR","potentialAction":[{"@type":"ReadAction","target":["https:\/\/www.sempertea.eu\/fr\/les-meilleures-tisanes-fleurs-de-camomille-bio-en-vrac\/"]}]},{"@type":"ImageObject","inLanguage":"fr-FR","@id":"https:\/\/www.sempertea.eu\/fr\/les-meilleures-tisanes-fleurs-de-camomille-bio-en-vrac\/#primaryimage","url":"https:\/\/www.sempertea.eu\/wp-content\/uploads\/2025\/07\/manzanilla-pura-ecologica-flor-hoja-infusion-detalle-natural-sempertea.jpg","contentUrl":"https:\/\/www.sempertea.eu\/wp-content\/uploads\/2025\/07\/manzanilla-pura-ecologica-flor-hoja-infusion-detalle-natural-sempertea.jpg","width":1000,"height":1000,"caption":"Manzanilla ecol\u00f3gica pura \u2013 Flor entera en tarro de cristal para infusi\u00f3n o detalle natural"},{"@type":"BreadcrumbList","@id":"https:\/\/www.sempertea.eu\/fr\/les-meilleures-tisanes-fleurs-de-camomille-bio-en-vrac\/#breadcrumb","itemListElement":[{"@type":"ListItem","position":1,"name":"Portada","item":"https:\/\/www.sempertea.eu\/"},{"@type":"ListItem","position":2,"name":"Tienda","item":"https:\/\/www.sempertea.eu\/tienda\/"},{"@type":"ListItem","position":3,"name":"CAMOMILLE DOUCE Fleurs de camomille bio en vrac | Infusion apaisante naturelle"}]},{"@type":"WebSite","@id":"https:\/\/www.sempertea.eu\/#website","url":"https:\/\/www.sempertea.eu\/","name":"Semper Tea | Mayorista y fabricante de T\u00e9s e Infusiones para hoteles, restaurantes y bares","description":"T\u00e9s e infusiones para hosteler\u00eda, hoteler\u00eda y comercio","potentialAction":[{"@type":"SearchAction","target":{"@type":"EntryPoint","urlTemplate":"https:\/\/www.sempertea.eu\/?s={search_term_string}"},"query-input":{"@type":"PropertyValueSpecification","valueRequired":true,"valueName":"search_term_string"}}],"inLanguage":"fr-FR"}]}},"_links":{"self":[{"href":"https:\/\/www.sempertea.eu\/fr\/wp-json\/wp\/v2\/product\/12280","targetHints":{"allow":["GET"]}}],"collection":[{"href":"https:\/\/www.sempertea.eu\/fr\/wp-json\/wp\/v2\/product"}],"about":[{"href":"https:\/\/www.sempertea.eu\/fr\/wp-json\/wp\/v2\/types\/product"}],"replies":[{"embeddable":true,"href":"https:\/\/www.sempertea.eu\/fr\/wp-json\/wp\/v2\/comments?post=12280"}],"wp:featuredmedia":[{"embeddable":true,"href":"https:\/\/www.sempertea.eu\/fr\/wp-json\/wp\/v2\/media\/16917"}],"wp:attachment":[{"href":"https:\/\/www.sempertea.eu\/fr\/wp-json\/wp\/v2\/media?parent=12280"}],"wp:term":[{"taxonomy":"product_brand","embeddable":true,"href":"https:\/\/www.sempertea.eu\/fr\/wp-json\/wp\/v2\/product_brand?post=12280"},{"taxonomy":"product_cat","embeddable":true,"href":"https:\/\/www.sempertea.eu\/fr\/wp-json\/wp\/v2\/product_cat?post=12280"},{"taxonomy":"product_tag","embeddable":true,"href":"https:\/\/www.sempertea.eu\/fr\/wp-json\/wp\/v2\/product_tag?post=12280"}],"curies":[{"name":"wp","href":"https:\/\/api.w.org\/{rel}","templated":true}]}}