{"id":12209,"date":"2021-08-07T18:54:58","date_gmt":"2024-10-23T18:10:01","guid":{"rendered":"https:\/\/www.sempertea.eu\/tea-starter-pack-for-horeca-the-en-boite-de-sachets-de-the\/"},"modified":"2024-10-23T19:10:01","modified_gmt":"2024-10-23T18:10:01","slug":"tea-starter-pack-for-horeca-the-en-boite-de-sachets-de-the","status":"publish","type":"product","link":"https:\/\/www.sempertea.eu\/fr\/tea-starter-pack-for-horeca-the-en-boite-de-sachets-de-the\/","title":{"rendered":"Tea Starter Pack for Horeca : Th\u00e9 en bo\u00eete de sachets de th\u00e9"},"content":{"rendered":"<div class=\"tab-panels\">\n<div id=\"tab-description\" class=\"woocommerce-Tabs-panel woocommerce-Tabs-panel--description panel entry-content active\" role=\"tabpanel\" aria-labelledby=\"tab-title-description\">\n<div class=\"tab-panels\">\n<div id=\"tab-description\" class=\"woocommerce-Tabs-panel woocommerce-Tabs-panel--description panel entry-content active\" role=\"tabpanel\" aria-labelledby=\"tab-title-description\">\n<div class=\"tab-panels\">\n<div id=\"tab-description\" class=\"woocommerce-Tabs-panel woocommerce-Tabs-panel--description panel entry-content active\" role=\"tabpanel\" aria-labelledby=\"tab-title-description\">\n<h2>Kit de d\u00e9marrage avec bo\u00eete de pr\u00e9sentation contenant 8 vari\u00e9t\u00e9s de th\u00e9 en sachets Semper Tea<\/h2>\n<p>Ligne de th\u00e9 \u00e0 la perle.<\/p>\n<ul>\n<li>Bien con\u00e7u, rapide et facile.<\/li>\n<li>Un d\u00e9but intelligent avec le th\u00e9 Semper Tea.<\/li>\n<\/ul>\n<p>Avec notre kit de d\u00e9marrage Pearl Collection comprenant 8 vari\u00e9t\u00e9s de th\u00e9 en sachets, vous pouvez commencer \u00e0 pr\u00e9senter Semper Tea dans votre restaurant, caf\u00e9, h\u00f4tel, appartement d&rsquo;h\u00f4tel, self-service, buffet, bureau, maison&#8230;..<\/p>\n<p>Ce kit de d\u00e9marrage comprend:<\/p>\n<ul>\n<li>Une bo\u00eete de pr\u00e9sentation pour huit vari\u00e9t\u00e9s de th\u00e9 en sachets, mesurant 308 x 193 x 85 mm.<\/li>\n<li>Huit paquets de recharge avec 25 sachets par vari\u00e9t\u00e9 de th\u00e9.<\/li>\n<li>Dix cartes de th\u00e9 en espagnol, anglais et allemand.<\/li>\n<\/ul>\n<h3>Concept du th\u00e9 Pearl<\/h3>\n<p>Le concept de th\u00e9 Pearl Collection de Semper Tea a \u00e9t\u00e9 d\u00e9velopp\u00e9 pour r\u00e9pondre aux exigences particuli\u00e8res du secteur de l&rsquo;h\u00f4tellerie et de la restauration. Avec une saveur compl\u00e8te, \u00e0 la fois en termes d&rsquo;ar\u00f4me et de design, cette gamme de th\u00e9s se pr\u00e9sente comme la bonne alternative au meilleur prix. La collection Pearl propose un total de 8 types de th\u00e9 diff\u00e9rents, pr\u00e9sent\u00e9s dans un sachet classique, emball\u00e9 individuellement et ferm\u00e9 herm\u00e9tiquement. C&rsquo;est la meilleure fa\u00e7on de pr\u00e9server l&rsquo;ar\u00f4me particulier de chaque th\u00e9. La fermeture de l&rsquo;enveloppe individuelle garantit une apparence hygi\u00e9nique \u00e0 votre invit\u00e9.<\/p>\n<h3>D\u00e9couvrez notre collection de perles<\/h3>\n<p>\u25cf English Breakfast \u25cf Earl Grey \u25cf Green \u25cf Pu-erh \u25cf Rooibos \u25cf Ginger Lemon \u25cf Mint \u25cf Camomile \u25cf Bo\u00eete pr\u00e9sentoir pour enveloppes. \u25cf Cartes de table pour le th\u00e9 en diff\u00e9rentes langues. \u25cf Distributeur pour l&rsquo;arri\u00e8re du bar ou la zone de service. Semper Tea a re\u00e7u le certificat biologique de l&rsquo;Union europ\u00e9enne. La sant\u00e9 du sol et la pr\u00e9servation de l&rsquo;environnement naturel sont d&rsquo;une importance cruciale dans la culture de nos th\u00e9s. Cela se traduit, par exemple, par l&rsquo;interdiction d&rsquo;utiliser des engrais et des produits phytosanitaires. Nos th\u00e9s certifi\u00e9s biologiques sont cultiv\u00e9s dans des plantations contr\u00f4l\u00e9es et biologiques dans le monde entier. Pour nos consommateurs, cela signifie un go\u00fbt frais et surtout authentique, dans le respect de la nature et de son cycle de vie.<\/p>\n<h4><strong>Conceptos de t\u00e9 para su empresa<\/strong><\/h4>\n<p>Semper Tea propose un concept de th\u00e9 moderne, \u00e9l\u00e9gant et cr\u00e9atif pour votre entreprise. Il combine le moderne et le traditionnel et surprend avec des saveurs de th\u00e9 biologique soigneusement s\u00e9lectionn\u00e9es. La qualit\u00e9 des produits Semper Tea se distingue et attire l&rsquo;attention \u00e0 tout moment gr\u00e2ce \u00e0 son design attrayant. Un produit unique o\u00f9 les ar\u00f4mes qui se d\u00e9veloppent dans la tasse et le plaisir visuel sont en mesure de cr\u00e9er une exp\u00e9rience authentique pour les sens. <\/p>\n<\/div>\n<\/div>\n<\/div>\n<\/div>\n<\/div>\n<\/div>\n","protected":false},"excerpt":{"rendered":"<div class=\"product-short-description\">\n<p>Ce kit de d\u00e9marrage comprend:<\/p>\n<ul>\n<li>Une bo\u00eete pr\u00e9sentoir pour huit vari\u00e9t\u00e9s<br \/>\nde th\u00e9 de th\u00e9 en sachets, mesurant 308 x 193 x 85 mm.<\/li>\n<li>Huit recharges de 25 sachets par vari\u00e9t\u00e9 de th\u00e9<br \/>\npour chaque vari\u00e9t\u00e9 de th\u00e9.<\/li>\n<li>Dix cartes de th\u00e9 en espagnol, anglais et allemand.<\/li>\n<\/ul>\n<\/div>\n","protected":false},"featured_media":12210,"comment_status":"open","ping_status":"closed","template":"","meta":[],"product_brand":[],"product_cat":[309,269,306,283,310,311,312],"product_tag":[],"class_list":{"0":"post-12209","1":"product","2":"type-product","3":"status-publish","4":"has-post-thumbnail","6":"product_cat-collections","7":"product_cat-sachet-de-the-ecologique","8":"product_cat-sachet-de-the-et-infusion-selection-bio","9":"product_cat-thes-et-infusions-biologiques-de-qualite","10":"product_cat-tous","11":"product_cat-tous-fr","12":"product_cat-tous-fr-2","14":"first","15":"instock","16":"shipping-taxable","17":"purchasable","18":"product-type-simple"},"yoast_head":"<!-- This site is optimized with the Yoast SEO Premium plugin v27.3 (Yoast SEO v27.3) - https:\/\/yoast.com\/product\/yoast-seo-premium-wordpress\/ -->\n<title>Kit de d\u00e9marrage avec bo\u00eete \u00e0 sachets de th\u00e9 pour l&#039;h\u00f4tellerie et la restauration HORECA<\/title>\n<meta name=\"description\" content=\"Kit de d\u00e9marrage avec une bo\u00eete de sachets de th\u00e9 pour l&#039;h\u00f4tellerie et la restauration. D\u00e9couvrez la s\u00e9lection Semper Tea pour ravir vos clients.\" \/>\n<meta name=\"robots\" content=\"index, follow, max-snippet:-1, max-image-preview:large, max-video-preview:-1\" \/>\n<link rel=\"canonical\" href=\"https:\/\/www.sempertea.eu\/fr\/tea-starter-pack-for-horeca-the-en-boite-de-sachets-de-the\/\" \/>\n<meta property=\"og:locale\" content=\"fr_FR\" \/>\n<meta property=\"og:type\" content=\"article\" \/>\n<meta property=\"og:title\" content=\"Tea Starter Pack for Horeca : Th\u00e9 en bo\u00eete de sachets de th\u00e9\" \/>\n<meta property=\"og:description\" content=\"Kit de d\u00e9marrage avec une bo\u00eete de sachets de th\u00e9 pour l&#039;h\u00f4tellerie et la restauration. D\u00e9couvrez la s\u00e9lection Semper Tea pour ravir vos clients.\" \/>\n<meta property=\"og:url\" content=\"https:\/\/www.sempertea.eu\/fr\/tea-starter-pack-for-horeca-the-en-boite-de-sachets-de-the\/\" \/>\n<meta property=\"og:site_name\" content=\"Semper Tea | Mayorista y fabricante de T\u00e9s e Infusiones para hoteles, restaurantes y bares\" \/>\n<meta property=\"og:image\" content=\"https:\/\/www.sempertea.eu\/wp-content\/uploads\/2021\/08\/cajas-para-guardar-te-bolsa-semper-tea.jpg\" \/>\n<meta name=\"twitter:card\" content=\"summary_large_image\" \/>\n<meta name=\"twitter:label1\" content=\"Dur\u00e9e de lecture estim\u00e9e\" \/>\n\t<meta name=\"twitter:data1\" content=\"2 minutes\" \/>\n<script type=\"application\/ld+json\" class=\"yoast-schema-graph\">{\"@context\":\"https:\\\/\\\/schema.org\",\"@graph\":[{\"@type\":\"WebPage\",\"@id\":\"https:\\\/\\\/www.sempertea.eu\\\/fr\\\/tea-starter-pack-for-horeca-the-en-boite-de-sachets-de-the\\\/\",\"url\":\"https:\\\/\\\/www.sempertea.eu\\\/fr\\\/tea-starter-pack-for-horeca-the-en-boite-de-sachets-de-the\\\/\",\"name\":\"Kit de d\u00e9marrage avec bo\u00eete \u00e0 sachets de th\u00e9 pour l'h\u00f4tellerie et la restauration HORECA\",\"isPartOf\":{\"@id\":\"https:\\\/\\\/www.sempertea.eu\\\/#website\"},\"primaryImageOfPage\":{\"@id\":\"https:\\\/\\\/www.sempertea.eu\\\/fr\\\/tea-starter-pack-for-horeca-the-en-boite-de-sachets-de-the\\\/#primaryimage\"},\"image\":{\"@id\":\"https:\\\/\\\/www.sempertea.eu\\\/fr\\\/tea-starter-pack-for-horeca-the-en-boite-de-sachets-de-the\\\/#primaryimage\"},\"thumbnailUrl\":\"https:\\\/\\\/www.sempertea.eu\\\/wp-content\\\/uploads\\\/2021\\\/08\\\/kit-inicio-caja-de-te-en-bolsitas-para-hosteleria-semper-tea.jpg\",\"datePublished\":\"2024-10-23T18:10:01+00:00\",\"description\":\"Kit de d\u00e9marrage avec une bo\u00eete de sachets de th\u00e9 pour l'h\u00f4tellerie et la restauration. D\u00e9couvrez la s\u00e9lection Semper Tea pour ravir vos clients.\",\"breadcrumb\":{\"@id\":\"https:\\\/\\\/www.sempertea.eu\\\/fr\\\/tea-starter-pack-for-horeca-the-en-boite-de-sachets-de-the\\\/#breadcrumb\"},\"inLanguage\":\"fr-FR\",\"potentialAction\":[{\"@type\":\"ReadAction\",\"target\":[\"https:\\\/\\\/www.sempertea.eu\\\/fr\\\/tea-starter-pack-for-horeca-the-en-boite-de-sachets-de-the\\\/\"]}]},{\"@type\":\"ImageObject\",\"inLanguage\":\"fr-FR\",\"@id\":\"https:\\\/\\\/www.sempertea.eu\\\/fr\\\/tea-starter-pack-for-horeca-the-en-boite-de-sachets-de-the\\\/#primaryimage\",\"url\":\"https:\\\/\\\/www.sempertea.eu\\\/wp-content\\\/uploads\\\/2021\\\/08\\\/kit-inicio-caja-de-te-en-bolsitas-para-hosteleria-semper-tea.jpg\",\"contentUrl\":\"https:\\\/\\\/www.sempertea.eu\\\/wp-content\\\/uploads\\\/2021\\\/08\\\/kit-inicio-caja-de-te-en-bolsitas-para-hosteleria-semper-tea.jpg\",\"width\":900,\"height\":900,\"caption\":\"Kit inicio con caja de t\u00e9 en bolsitas para Hosteleria Hoteleria HORECA\"},{\"@type\":\"BreadcrumbList\",\"@id\":\"https:\\\/\\\/www.sempertea.eu\\\/fr\\\/tea-starter-pack-for-horeca-the-en-boite-de-sachets-de-the\\\/#breadcrumb\",\"itemListElement\":[{\"@type\":\"ListItem\",\"position\":1,\"name\":\"Portada\",\"item\":\"https:\\\/\\\/www.sempertea.eu\\\/\"},{\"@type\":\"ListItem\",\"position\":2,\"name\":\"Tienda\",\"item\":\"https:\\\/\\\/www.sempertea.eu\\\/tienda\\\/\"},{\"@type\":\"ListItem\",\"position\":3,\"name\":\"Tea Starter Pack for Horeca : Th\u00e9 en bo\u00eete de sachets de th\u00e9\"}]},{\"@type\":\"WebSite\",\"@id\":\"https:\\\/\\\/www.sempertea.eu\\\/#website\",\"url\":\"https:\\\/\\\/www.sempertea.eu\\\/\",\"name\":\"Semper Tea | Mayorista y fabricante de T\u00e9s e Infusiones para hoteles, restaurantes y bares\",\"description\":\"T\u00e9s e infusiones para hosteler\u00eda, hoteler\u00eda y comercio\",\"potentialAction\":[{\"@type\":\"SearchAction\",\"target\":{\"@type\":\"EntryPoint\",\"urlTemplate\":\"https:\\\/\\\/www.sempertea.eu\\\/?s={search_term_string}\"},\"query-input\":{\"@type\":\"PropertyValueSpecification\",\"valueRequired\":true,\"valueName\":\"search_term_string\"}}],\"inLanguage\":\"fr-FR\"}]}<\/script>\n<!-- \/ Yoast SEO Premium plugin. -->","yoast_head_json":{"title":"Kit de d\u00e9marrage avec bo\u00eete \u00e0 sachets de th\u00e9 pour l'h\u00f4tellerie et la restauration HORECA","description":"Kit de d\u00e9marrage avec une bo\u00eete de sachets de th\u00e9 pour l'h\u00f4tellerie et la restauration. D\u00e9couvrez la s\u00e9lection Semper Tea pour ravir vos clients.","robots":{"index":"index","follow":"follow","max-snippet":"max-snippet:-1","max-image-preview":"max-image-preview:large","max-video-preview":"max-video-preview:-1"},"canonical":"https:\/\/www.sempertea.eu\/fr\/tea-starter-pack-for-horeca-the-en-boite-de-sachets-de-the\/","og_locale":"fr_FR","og_type":"article","og_title":"Tea Starter Pack for Horeca : Th\u00e9 en bo\u00eete de sachets de th\u00e9","og_description":"Kit de d\u00e9marrage avec une bo\u00eete de sachets de th\u00e9 pour l'h\u00f4tellerie et la restauration. D\u00e9couvrez la s\u00e9lection Semper Tea pour ravir vos clients.","og_url":"https:\/\/www.sempertea.eu\/fr\/tea-starter-pack-for-horeca-the-en-boite-de-sachets-de-the\/","og_site_name":"Semper Tea | Mayorista y fabricante de T\u00e9s e Infusiones para hoteles, restaurantes y bares","og_image":[{"url":"https:\/\/www.sempertea.eu\/wp-content\/uploads\/2021\/08\/cajas-para-guardar-te-bolsa-semper-tea.jpg","type":"","width":"","height":""}],"twitter_card":"summary_large_image","twitter_misc":{"Dur\u00e9e de lecture estim\u00e9e":"2 minutes"},"schema":{"@context":"https:\/\/schema.org","@graph":[{"@type":"WebPage","@id":"https:\/\/www.sempertea.eu\/fr\/tea-starter-pack-for-horeca-the-en-boite-de-sachets-de-the\/","url":"https:\/\/www.sempertea.eu\/fr\/tea-starter-pack-for-horeca-the-en-boite-de-sachets-de-the\/","name":"Kit de d\u00e9marrage avec bo\u00eete \u00e0 sachets de th\u00e9 pour l'h\u00f4tellerie et la restauration HORECA","isPartOf":{"@id":"https:\/\/www.sempertea.eu\/#website"},"primaryImageOfPage":{"@id":"https:\/\/www.sempertea.eu\/fr\/tea-starter-pack-for-horeca-the-en-boite-de-sachets-de-the\/#primaryimage"},"image":{"@id":"https:\/\/www.sempertea.eu\/fr\/tea-starter-pack-for-horeca-the-en-boite-de-sachets-de-the\/#primaryimage"},"thumbnailUrl":"https:\/\/www.sempertea.eu\/wp-content\/uploads\/2021\/08\/kit-inicio-caja-de-te-en-bolsitas-para-hosteleria-semper-tea.jpg","datePublished":"2024-10-23T18:10:01+00:00","description":"Kit de d\u00e9marrage avec une bo\u00eete de sachets de th\u00e9 pour l'h\u00f4tellerie et la restauration. D\u00e9couvrez la s\u00e9lection Semper Tea pour ravir vos clients.","breadcrumb":{"@id":"https:\/\/www.sempertea.eu\/fr\/tea-starter-pack-for-horeca-the-en-boite-de-sachets-de-the\/#breadcrumb"},"inLanguage":"fr-FR","potentialAction":[{"@type":"ReadAction","target":["https:\/\/www.sempertea.eu\/fr\/tea-starter-pack-for-horeca-the-en-boite-de-sachets-de-the\/"]}]},{"@type":"ImageObject","inLanguage":"fr-FR","@id":"https:\/\/www.sempertea.eu\/fr\/tea-starter-pack-for-horeca-the-en-boite-de-sachets-de-the\/#primaryimage","url":"https:\/\/www.sempertea.eu\/wp-content\/uploads\/2021\/08\/kit-inicio-caja-de-te-en-bolsitas-para-hosteleria-semper-tea.jpg","contentUrl":"https:\/\/www.sempertea.eu\/wp-content\/uploads\/2021\/08\/kit-inicio-caja-de-te-en-bolsitas-para-hosteleria-semper-tea.jpg","width":900,"height":900,"caption":"Kit inicio con caja de t\u00e9 en bolsitas para Hosteleria Hoteleria HORECA"},{"@type":"BreadcrumbList","@id":"https:\/\/www.sempertea.eu\/fr\/tea-starter-pack-for-horeca-the-en-boite-de-sachets-de-the\/#breadcrumb","itemListElement":[{"@type":"ListItem","position":1,"name":"Portada","item":"https:\/\/www.sempertea.eu\/"},{"@type":"ListItem","position":2,"name":"Tienda","item":"https:\/\/www.sempertea.eu\/tienda\/"},{"@type":"ListItem","position":3,"name":"Tea Starter Pack for Horeca : Th\u00e9 en bo\u00eete de sachets de th\u00e9"}]},{"@type":"WebSite","@id":"https:\/\/www.sempertea.eu\/#website","url":"https:\/\/www.sempertea.eu\/","name":"Semper Tea | Mayorista y fabricante de T\u00e9s e Infusiones para hoteles, restaurantes y bares","description":"T\u00e9s e infusiones para hosteler\u00eda, hoteler\u00eda y comercio","potentialAction":[{"@type":"SearchAction","target":{"@type":"EntryPoint","urlTemplate":"https:\/\/www.sempertea.eu\/?s={search_term_string}"},"query-input":{"@type":"PropertyValueSpecification","valueRequired":true,"valueName":"search_term_string"}}],"inLanguage":"fr-FR"}]}},"_links":{"self":[{"href":"https:\/\/www.sempertea.eu\/fr\/wp-json\/wp\/v2\/product\/12209","targetHints":{"allow":["GET"]}}],"collection":[{"href":"https:\/\/www.sempertea.eu\/fr\/wp-json\/wp\/v2\/product"}],"about":[{"href":"https:\/\/www.sempertea.eu\/fr\/wp-json\/wp\/v2\/types\/product"}],"replies":[{"embeddable":true,"href":"https:\/\/www.sempertea.eu\/fr\/wp-json\/wp\/v2\/comments?post=12209"}],"wp:featuredmedia":[{"embeddable":true,"href":"https:\/\/www.sempertea.eu\/fr\/wp-json\/wp\/v2\/media\/12210"}],"wp:attachment":[{"href":"https:\/\/www.sempertea.eu\/fr\/wp-json\/wp\/v2\/media?parent=12209"}],"wp:term":[{"taxonomy":"product_brand","embeddable":true,"href":"https:\/\/www.sempertea.eu\/fr\/wp-json\/wp\/v2\/product_brand?post=12209"},{"taxonomy":"product_cat","embeddable":true,"href":"https:\/\/www.sempertea.eu\/fr\/wp-json\/wp\/v2\/product_cat?post=12209"},{"taxonomy":"product_tag","embeddable":true,"href":"https:\/\/www.sempertea.eu\/fr\/wp-json\/wp\/v2\/product_tag?post=12209"}],"curies":[{"name":"wp","href":"https:\/\/api.w.org\/{rel}","templated":true}]}}